{"id":16611,"date":"2025-01-21T05:37:46","date_gmt":"2025-01-21T05:37:46","guid":{"rendered":"https:\/\/www.hydraulic-cylinders.net\/product\/arm-cylinder-for-ihi-small-excavator-ihi55nsl\/"},"modified":"2025-01-21T05:37:48","modified_gmt":"2025-01-21T05:37:48","slug":"arm-cylinder-for-ihi-small-excavator-ihi55nsl","status":"publish","type":"product","link":"https:\/\/www.hydraulic-cylinders.net\/es\/producto\/arm-cylinder-for-ihi-small-excavator-ihi55nsl\/","title":{"rendered":"Cilindro de brazo para excavadora peque\u00f1a IHI IHI55NSL"},"content":{"rendered":"<h1> Cilindro de brazo para excavadora peque\u00f1a IHI IHI55NSL <\/h1>\n<h2> Introducci\u00f3n <\/h2>\n<p> El cilindro de brazo es un cilindro hidr\u00e1ulico especialmente dise\u00f1ado que proporciona movimiento lineal y potencia a los brazos de diversas m\u00e1quinas, como excavadoras, gr\u00faas y brazos mec\u00e1nicos. El cilindro de brazo desempe\u00f1a un papel crucial en los sistemas hidr\u00e1ulicos, permitiendo el movimiento y control eficaz de herramientas o accesorios adicionales. Estos cilindros no solo logran un movimiento suave, sino que tambi\u00e9n soportan cargas pesadas, garantizando un funcionamiento eficiente y la fiabilidad de la maquinaria en diversas condiciones de trabajo. <\/p>\n<p><img decoding=\"async\" src=\"https:\/\/www.hydraulic-cylinders.net\/wp-content\/uploads\/2025\/01\/songte-company-2.webp\" alt=\"Cilindro del brazo\"><\/p>\n<h3> Definici\u00f3n <\/h3>\n<p> El cilindro de brazo es un tipo de cilindro hidr\u00e1ulico que se utiliza para proporcionar movimiento lineal y potencia a los brazos de la m\u00e1quina. Es un componente esencial de un sistema hidr\u00e1ulico y desempe\u00f1a un papel crucial en el funcionamiento eficiente de diversas m\u00e1quinas. <\/p>\n<h3> Caracter\u00edsticas <\/h3>\n<ul>\n<li> Transmisi\u00f3n de alta eficiencia: El cilindro del brazo proporciona un potente movimiento y fuerza lineal, lo que garantiza que el brazo mec\u00e1nico tenga una eficiencia de alto rendimiento en diversas operaciones. <\/li>\n<li> Control preciso: con la ayuda del sistema hidr\u00e1ulico, el cilindro del brazo puede lograr un control de movimiento preciso, lo que hace que la operaci\u00f3n de herramientas adicionales sea m\u00e1s flexible y precisa. <\/li>\n<li> Gran durabilidad: Los cilindros de los brazos suelen estar fabricados con materiales de alta resistencia y tienen buena resistencia al desgaste y a la corrosi\u00f3n, lo que los hace adecuados para un uso prolongado en entornos hostiles. <\/li>\n<li> Adaptabilidad multifuncional: estos cilindros se pueden utilizar ampliamente en diversos equipos mec\u00e1nicos, como excavadoras, gr\u00faas y brazos mec\u00e1nicos, para adaptarse a diferentes requisitos de trabajo. <\/li>\n<li> F\u00e1cil mantenimiento: El dise\u00f1o considera un f\u00e1cil mantenimiento y reemplazo, lo que hace que las inspecciones y el mantenimiento regulares sean m\u00e1s convenientes y reducen el tiempo de inactividad del equipo. <\/li>\n<\/ul>\n<p> Podemos producir este producto y proporcionar un reemplazo perfecto para estos cilindros hidr\u00e1ulicos. <\/p>\n<p><img decoding=\"async\" src=\"https:\/\/www.hydraulic-cylinders.net\/wp-content\/uploads\/2025\/01\/songte-oil-pipes-and-spare-parts.webp\" alt=\"Cilindro hidr\u00e1ulico\"><\/p>\n<h2> Aplicaci\u00f3n <\/h2>\n<p> Los cilindros de brazo se utilizan en diversas industrias, entre ellas: <\/p>\n<ul>\n<li> Ingenier\u00eda de construcci\u00f3n: En excavadoras y gr\u00faas, los cilindros de brazo se utilizan para controlar el movimiento del cuchar\u00f3n o la gr\u00faa para movimientos de tierra, manipulaci\u00f3n de materiales e instalaci\u00f3n estructural. <\/li>\n<li> Fabricaci\u00f3n: En las l\u00edneas de producci\u00f3n automatizadas, los cilindros de brazo se utilizan para el movimiento de brazos mec\u00e1nicos para procesos de ensamblaje, soldadura y manipulaci\u00f3n para mejorar la eficiencia y la precisi\u00f3n de la producci\u00f3n. <\/li>\n<li> Maquinaria agr\u00edcola: En maquinaria agr\u00edcola como cosechadoras y sembradoras, los cilindros del brazo controlan el movimiento del brazo operativo para tareas de siembra, fertilizaci\u00f3n y cosecha. <\/li>\n<li> Miner\u00eda: En los equipos de miner\u00eda, los cilindros de brazo se utilizan para controlar el movimiento del brazo para la extracci\u00f3n y manipulaci\u00f3n del mineral. <\/li>\n<li> Log\u00edstica y Transporte: En carretillas elevadoras y robots de manipulaci\u00f3n se utilizan cilindros de brazo para controlar la elevaci\u00f3n y el movimiento de las horquillas, realizando la manipulaci\u00f3n y apilado de materiales. <\/li>\n<\/ul>\n<h3> Ingenier\u00eda de la construcci\u00f3n <\/h3>\n<p> En ingenier\u00eda de construcci\u00f3n, los cilindros de brazo se utilizan ampliamente en excavadoras y gr\u00faas. El cilindro de brazo controla el movimiento del cuchar\u00f3n o la gr\u00faa, lo cual es esencial para movimientos de tierra, manipulaci\u00f3n de materiales e instalaci\u00f3n estructural. <\/p>\n<h3> Fabricaci\u00f3n <\/h3>\n<p> En la fabricaci\u00f3n, los cilindros de brazo se utilizan en l\u00edneas de producci\u00f3n automatizadas. Controlan el movimiento de los brazos mec\u00e1nicos durante los procesos de ensamblaje, soldadura y manipulaci\u00f3n, mejorando as\u00ed la eficiencia y la precisi\u00f3n de la producci\u00f3n. <\/p>\n<h3> Maquinaria agr\u00edcola <\/h3>\n<p> En maquinaria agr\u00edcola, como cosechadoras y sembradoras, los cilindros del brazo controlan el movimiento del brazo operativo para tareas de siembra, fertilizaci\u00f3n y cosecha. <\/p>\n<h3> Miner\u00eda <\/h3>\n<p> En los equipos de miner\u00eda, los cilindros de brazo se utilizan para controlar el movimiento del brazo para la extracci\u00f3n y manipulaci\u00f3n del mineral. <\/p>\n<h3> Log\u00edstica y Transporte <\/h3>\n<p> En carretillas elevadoras y robots de manipulaci\u00f3n, se utilizan cilindros de brazo para controlar la elevaci\u00f3n y el movimiento de las horquillas, realizando la manipulaci\u00f3n y el apilado de materiales. <\/p>\n<p><img decoding=\"async\" src=\"https:\/\/www.hydraulic-cylinders.net\/wp-content\/uploads\/2025\/01\/songte-chushion-collar.webp\" alt=\"Cilindro hidr\u00e1ulico\"><\/p>\n<h2> Consideraciones de dise\u00f1o y criterios de selecci\u00f3n <\/h2>\n<h3> Capacidad de carga <\/h3>\n<p> Los cilindros del brazo deben tener una gran capacidad de carga para soportar el peso de los accesorios y materiales. <\/p>\n<h3> Caza de focas <\/h3>\n<p> El cilindro del brazo debe tener un buen sellado para evitar fugas de aceite hidr\u00e1ulico y garantizar el funcionamiento suave del cilindro. <\/p>\n<h3> Durabilidad <\/h3>\n<p> Los cilindros de brazo est\u00e1n sujetos a severas condiciones de operaci\u00f3n, por lo que deben estar fabricados con materiales de alta resistencia y tener buena resistencia al desgaste y a la corrosi\u00f3n. <\/p>\n<h3> Seguridad <\/h3>\n<p> Los cilindros de brazo deben dise\u00f1arse teniendo en cuenta la seguridad y cumplir con todos los est\u00e1ndares de seguridad pertinentes. <\/p>\n<h3> Mantenimiento <\/h3>\n<p> Los cilindros del brazo deben estar dise\u00f1ados para facilitar el mantenimiento y el reemplazo, reduciendo el tiempo de inactividad del equipo y garantizando un funcionamiento eficiente. <\/p>\n<p><img decoding=\"async\" src=\"https:\/\/www.hydraulic-cylinders.net\/wp-content\/uploads\/2025\/01\/songte-cylinder-head-with-all-kinds-excavator-models.webp\" alt=\"Cilindro hidr\u00e1ulico\"><\/p>\n<h2> Sellado y lubricaci\u00f3n <\/h2>\n<p> Los cilindros de brazo utilizan diversos sellos, como sellos de pist\u00f3n y de v\u00e1stago, fabricados con materiales resistentes al desgaste como poliuretano y caucho de nitrilo. El cuerpo del cilindro y la superficie del extremo de la rosca se someten a un procesamiento fino para mejorar la resistencia al desgaste. <\/p>\n<p> Los cilindros del brazo requieren lubricaci\u00f3n regular con aceite hidr\u00e1ulico para garantizar un funcionamiento suave y prolongar la vida \u00fatil. <\/p>\n<h2> Medidas de mantenimiento y prevenci\u00f3n <\/h2>\n<ul>\n<li> Inspecci\u00f3n y mantenimiento peri\u00f3dicos del cilindro del brazo para garantizar su funcionamiento eficiente. <\/li>\n<li> Almacenamiento adecuado del cilindro del brazo cuando no est\u00e9 en uso para evitar da\u00f1os o contaminaci\u00f3n. <\/li>\n<li> Manipulaci\u00f3n y elevaci\u00f3n adecuadas del cilindro del brazo para evitar da\u00f1os o lesiones. <\/li>\n<li> Eliminaci\u00f3n adecuada de cilindros de brazo viejos o da\u00f1ados para evitar la contaminaci\u00f3n ambiental. <\/li>\n<li> Utilice equipo de protecci\u00f3n personal adecuado al manipular el cilindro del brazo. <\/li>\n<\/ul>\n<p><img decoding=\"async\" src=\"https:\/\/www.hydraulic-cylinders.net\/wp-content\/uploads\/2025\/01\/songte-bushings-with-all-kinds-of-excavator-models.webp\" alt=\"Cilindro hidr\u00e1ulico\"><\/p>\n<h2> Gu\u00eda de instalaci\u00f3n <\/h2>\n<ol>\n<li> Aseg\u00farese de que el cilindro del brazo sea compatible con la m\u00e1quina y los accesorios. <\/li>\n<li> Siga las instrucciones del fabricante para la instalaci\u00f3n, asegur\u00e1ndose de que todos los componentes necesarios est\u00e9n presentes y correctamente ensamblados. <\/li>\n<li> Utilice herramientas y equipos adecuados para apretar todos los pernos y accesorios al torque especificado. <\/li>\n<li> Conecte las l\u00edneas hidr\u00e1ulicas al cilindro del brazo y aseg\u00farese de que no tengan fugas y est\u00e9n correctamente aseguradas. <\/li>\n<li> Pruebe el cilindro del brazo para verificar su correcto funcionamiento antes de usarlo en el campo. <\/li>\n<\/ol>\n<h2> Consideraciones de seguridad y factores ambientales <\/h2>\n<p> La seguridad es fundamental cuando se trabaja con cilindros de brazo, y los trabajadores deben seguir todas las normas y regulaciones de seguridad pertinentes. <\/p>\n<p> Tambi\u00e9n se deben tener en cuenta los factores ambientales al utilizar cilindros de brazo, y se deben seguir los procedimientos adecuados de eliminaci\u00f3n y reciclaje. <\/p>\n<h2> Soluci\u00f3n de problemas y problemas comunes <\/h2>\n<p> Los problemas comunes con los cilindros del brazo incluyen fugas de aceite hidr\u00e1ulico, da\u00f1os en el pist\u00f3n o la varilla y fallas en el movimiento o control del accesorio. <\/p>\n<p> Los consejos para la resoluci\u00f3n de problemas incluyen verificar si hay fugas, inspeccionar el sello y el pist\u00f3n o la varilla para detectar da\u00f1os y asegurarse de que las l\u00edneas hidr\u00e1ulicas est\u00e9n libres de obstrucciones. <\/p>\n<p> Un mantenimiento y una inspecci\u00f3n adecuados pueden prevenir muchos problemas comunes con los cilindros del brazo. <\/p>\n<p><img decoding=\"async\" src=\"https:\/\/www.hydraulic-cylinders.net\/wp-content\/uploads\/2025\/01\/songte-company-4.webp\" alt=\"Cilindro hidr\u00e1ulico\"><\/p>\n<h2> Sobre nosotros <\/h2>\n<p> Somos un fabricante profesional de cilindros hidr\u00e1ulicos de repuesto, que ofrece una amplia gama de productos y se convierte en uno de los principales fabricantes y distribuidores mayoristas de cilindros hidr\u00e1ulicos en los mercados nacionales y extranjeros. <\/p>\n<p> Nos adherimos siempre al principio de la excelencia en la calidad, bas\u00e1ndonos en la estrategia de gesti\u00f3n de la producci\u00f3n industrial de nuestros talleres de fabricaci\u00f3n de alta calidad para mejorar continuamente nuestro nivel tecnol\u00f3gico y la eficiencia de producci\u00f3n. Mediante la introducci\u00f3n de equipos de fabricaci\u00f3n digital de alta gama y sistemas de prueba profesionales, optimizamos nuestra plataforma de fabricaci\u00f3n y mejoramos el proceso de control de calidad de nuestros productos, lo que nos permite poseer una s\u00f3lida capacidad de innovaci\u00f3n. <\/p>\n<p> Nuestro objetivo es satisfacer las necesidades diversificadas de los clientes con alta eficiencia, precisi\u00f3n y principios de alta calidad. <\/p>\n<h3> Profesionalismo <\/h3>\n<p> Nuestra empresa cuenta con un equipo profesional de investigaci\u00f3n y desarrollo, un equipo t\u00e9cnico y un equipo de producci\u00f3n para garantizar que nuestros productos cumplan con los requisitos de los clientes. <\/p>\n<h3> Certificaci\u00f3n Internacional <\/h3>\n<p> Nuestra empresa ha pasado la certificaci\u00f3n del sistema de gesti\u00f3n de calidad ISO 9001:2015 y la certificaci\u00f3n CE, lo que garantiza que nuestros productos cumplen con los est\u00e1ndares de calidad internacionales. <\/p>\n<h3> Servicio de personalizaci\u00f3n <\/h3>\n<p> Nuestra empresa ofrece servicios personalizados seg\u00fan los requisitos de los clientes, brindando soluciones a medida y satisfaciendo las necesidades \u00fanicas de los clientes. <\/p>\n<h3> Equipos de producci\u00f3n <\/h3>\n<p> Nuestra empresa cuenta con equipos de producci\u00f3n avanzados, que incluyen m\u00e1quinas herramienta CNC, centros de mecanizado y m\u00e1quinas de soldadura autom\u00e1ticas, para garantizar la precisi\u00f3n y la calidad de nuestros productos. <\/p>\n<h3> Servicio posventa <\/h3>\n<p> Nuestra empresa brinda servicio posventa, que incluye soporte t\u00e9cnico, mantenimiento y reparaci\u00f3n, para garantizar la satisfacci\u00f3n de los clientes con nuestros productos. <\/p>\n<p><img decoding=\"async\" src=\"https:\/\/www.hydraulic-cylinders.net\/wp-content\/uploads\/2025\/01\/songte-company-3.webp\" alt=\"Cilindro hidr\u00e1ulico\"><\/p>\n<p> Autor: lyl <\/p>","protected":false},"excerpt":{"rendered":"<p>Arm Cylinder For IHI Small Excavator IHI55NSL Introduction Arm cylinder is a specially designed hydraulic cylinder that provides linear motion and power to the arms of various machines, such as excavators, cranes, and mechanical arms. The arm cylinder plays a crucial role in hydraulic systems, enabling additional tools or attachments to move and be controlled [&hellip;]<\/p>","protected":false},"featured_media":14772,"comment_status":"open","ping_status":"closed","template":"","meta":{"_et_pb_use_builder":"","_et_pb_old_content":"","_et_gb_content_width":""},"product_brand":[],"product_cat":[1497],"product_tag":[1498,1496],"class_list":{"0":"post-16611","1":"product","2":"type-product","3":"status-publish","4":"has-post-thumbnail","6":"product_cat-arm-cylinders","7":"product_tag-arm-cylinders","8":"product_tag-hydraulic-cylinders","10":"first","11":"instock","12":"shipping-taxable","13":"product-type-simple"},"amp_enabled":true,"_links":{"self":[{"href":"https:\/\/www.hydraulic-cylinders.net\/es\/wp-json\/wp\/v2\/product\/16611","targetHints":{"allow":["GET"]}}],"collection":[{"href":"https:\/\/www.hydraulic-cylinders.net\/es\/wp-json\/wp\/v2\/product"}],"about":[{"href":"https:\/\/www.hydraulic-cylinders.net\/es\/wp-json\/wp\/v2\/types\/product"}],"replies":[{"embeddable":true,"href":"https:\/\/www.hydraulic-cylinders.net\/es\/wp-json\/wp\/v2\/comments?post=16611"}],"wp:featuredmedia":[{"embeddable":true,"href":"https:\/\/www.hydraulic-cylinders.net\/es\/wp-json\/wp\/v2\/media\/14772"}],"wp:attachment":[{"href":"https:\/\/www.hydraulic-cylinders.net\/es\/wp-json\/wp\/v2\/media?parent=16611"}],"wp:term":[{"taxonomy":"product_brand","embeddable":true,"href":"https:\/\/www.hydraulic-cylinders.net\/es\/wp-json\/wp\/v2\/product_brand?post=16611"},{"taxonomy":"product_cat","embeddable":true,"href":"https:\/\/www.hydraulic-cylinders.net\/es\/wp-json\/wp\/v2\/product_cat?post=16611"},{"taxonomy":"product_tag","embeddable":true,"href":"https:\/\/www.hydraulic-cylinders.net\/es\/wp-json\/wp\/v2\/product_tag?post=16611"}],"curies":[{"name":"wp","href":"https:\/\/api.w.org\/{rel}","templated":true}]}}