{"id":16621,"date":"2025-01-21T05:38:26","date_gmt":"2025-01-21T05:38:26","guid":{"rendered":"https:\/\/www.hydraulic-cylinders.net\/product\/arm-cylinder-for-bobcat-small-excavator-e35i\/"},"modified":"2025-01-21T05:38:32","modified_gmt":"2025-01-21T05:38:32","slug":"arm-cylinder-for-bobcat-small-excavator-e35i","status":"publish","type":"product","link":"https:\/\/www.hydraulic-cylinders.net\/es\/producto\/arm-cylinder-for-bobcat-small-excavator-e35i\/","title":{"rendered":"Cilindro de brazo para miniexcavadora Bobcat E35i"},"content":{"rendered":"<h1>Cilindro de brazo para miniexcavadora Bobcat E35i<\/h1>\n<h2>Introducci\u00f3n<\/h2>\n<h3>Definir el cilindro del brazo<\/h3>\n<p>El cilindro del brazo es un cilindro hidr\u00e1ulico especializado que se utiliza principalmente para proporcionar movimiento lineal y potencia a los brazos de diversos tipos de maquinaria, como excavadoras, gr\u00faas y brazos rob\u00f3ticos. El cilindro del brazo desempe\u00f1a un papel crucial en los sistemas hidr\u00e1ulicos, permitiendo que herramientas o implementos adicionales se muevan y se controlen eficazmente. Estos cilindros no solo permiten movimientos suaves, sino que tambi\u00e9n soportan cargas pesadas, lo que garantiza el funcionamiento eficiente y la fiabilidad de la maquinaria en diversas condiciones operativas.<\/p>\n<p><img decoding=\"async\" src=\"https:\/\/www.hydraulic-cylinders.net\/wp-content\/uploads\/2025\/01\/songte-company-2.webp\" alt=\"Imagen del cilindro del brazo\"><\/p>\n<h3>Caracter\u00edsticas del cilindro del brazo<\/h3>\n<ul>\n<li><strong>Transmisi\u00f3n de alta eficiencia:<\/strong> El cilindro del brazo proporciona un potente movimiento lineal y fuerza, lo que garantiza un rendimiento de alta eficiencia del brazo rob\u00f3tico durante diversas operaciones.<\/li>\n<li><strong>Control de precisi\u00f3n:<\/strong> El sistema hidr\u00e1ulico permite que el cilindro del brazo logre un control de movimiento preciso, lo que hace que el funcionamiento de herramientas adicionales sea m\u00e1s flexible y preciso.<\/li>\n<li><strong>Fuerte durabilidad:<\/strong> Los cilindros de los brazos suelen estar fabricados con materiales de alta resistencia, con buena resistencia al desgaste y a la corrosi\u00f3n, lo que los hace adecuados para su uso a largo plazo en entornos hostiles.<\/li>\n<li><strong>Adaptabilidad multifuncional:<\/strong> Estos cilindros pueden utilizarse ampliamente en diversos equipos mec\u00e1nicos, como excavadoras, gr\u00faas y brazos rob\u00f3ticos, adapt\u00e1ndose a diferentes requisitos de trabajo.<\/li>\n<li><strong>F\u00e1cil mantenimiento:<\/strong> El dise\u00f1o del cilindro del brazo tiene en cuenta la facilidad de mantenimiento y sustituci\u00f3n, lo que hace que las inspecciones y el mantenimiento regulares sean m\u00e1s convenientes y reduce el tiempo de inactividad del equipo.<\/li>\n<\/ul>\n<p>Nuestros productos son el sustituto perfecto para estos cilindros hidr\u00e1ulicos. Consulte nuestra amplia gama de productos y repuestos en <a href=\"https:\/\/www.hydraulic-cylinders.net\/wp-content\/uploads\/2025\/01\/songte-oil-pipes-and-spare-parts.webp\">https:\/\/www.hydraulic-cylinders.net\/<\/a><\/p>\n<h3>Aplicaciones del cilindro de brazo<\/h3>\n<p>El cilindro del brazo tiene diversas aplicaciones en diferentes industrias:<\/p>\n<ul>\n<li><strong>Ingenier\u00eda de la construcci\u00f3n:<\/strong> En excavadoras y gr\u00faas, el cilindro del brazo se utiliza para controlar el movimiento de cucharones o plumas y realizar trabajos de movimiento de tierras, manipulaci\u00f3n de materiales e instalaci\u00f3n estructural.<\/li>\n<li><strong>Fabricaci\u00f3n:<\/strong> En las l\u00edneas de producci\u00f3n automatizadas, el cilindro del brazo se utiliza para mover los brazos rob\u00f3ticos y realizar procesos de ensamblaje, soldadura y manipulaci\u00f3n, aumentando la eficiencia y la precisi\u00f3n de la producci\u00f3n.<\/li>\n<li><strong>Maquinaria agr\u00edcola:<\/strong> En la maquinaria agr\u00edcola, como cosechadoras y sembradoras, el cilindro del brazo controla el movimiento del brazo operativo, ejecutando tareas como la siembra, la fertilizaci\u00f3n y la cosecha.<\/li>\n<li><strong>Miner\u00eda:<\/strong> En los equipos de miner\u00eda, el cilindro del brazo se utiliza para controlar el movimiento del brazo del equipo, realizando la excavaci\u00f3n y manipulaci\u00f3n del mineral.<\/li>\n<li><strong>Log\u00edstica y transporte:<\/strong> En las carretillas elevadoras y los robots de manipulaci\u00f3n, el cilindro del brazo se utiliza para controlar la elevaci\u00f3n y el movimiento de las horquillas de carga, realizando as\u00ed la manipulaci\u00f3n y el apilamiento de materiales.<\/li>\n<\/ul>\n<h2>Consideraciones de dise\u00f1o y criterios de selecci\u00f3n<\/h2>\n<h3>Capacidad de carga<\/h3>\n<p>El cilindro del brazo debe soportar eficazmente el peso de herramientas o accesorios adicionales. Por lo tanto, la capacidad de carga es un factor de dise\u00f1o fundamental para los fabricantes de cilindros de brazo.<\/p>\n<h3>Caza de focas<\/h3>\n<p>El sistema hidr\u00e1ulico depende del correcto sellado del cilindro del brazo para evitar fugas de fluido hidr\u00e1ulico. Por ello, los fabricantes utilizan componentes de sellado de alta calidad, como juntas de pist\u00f3n y juntas de v\u00e1stago, fabricadas con materiales resistentes al desgaste como poliuretano y caucho de nitrilo, para garantizar un sellado eficaz.<\/p>\n<h3>Durabilidad<\/h3>\n<p>El cilindro del brazo debe soportar condiciones de funcionamiento extremas, incluyendo corrosi\u00f3n y abrasi\u00f3n, sin que se vea afectado su rendimiento. Por ello, los fabricantes utilizan materiales de alta resistencia como acero aleado y acero endurecido para garantizar una gran durabilidad.<\/p>\n<h3>Seguridad<\/h3>\n<p>Los cilindros de los brazos deben dise\u00f1arse priorizando la seguridad. Los fabricantes se aseguran de que cumplan con las normas de seguridad del sector e incorporen caracter\u00edsticas como v\u00e1lvulas de alivio de presi\u00f3n y sensores de posici\u00f3n para garantizar un funcionamiento seguro.<\/p>\n<h3>Mantenimiento<\/h3>\n<p>Los fabricantes dise\u00f1an los cilindros de los brazos para facilitar su mantenimiento y reparaci\u00f3n. Los componentes del cilindro, como el v\u00e1stago, el pist\u00f3n y las juntas, deben ser f\u00e1cilmente reemplazables. Asimismo, proporcionan instrucciones detalladas de mantenimiento y reparaci\u00f3n para sus productos.<\/p>\n<p><img decoding=\"async\" src=\"https:\/\/www.hydraulic-cylinders.net\/wp-content\/uploads\/2025\/01\/songte-cylinder-head-with-all-kinds-excavator-models.webp\" alt=\"Imagen de dise\u00f1o del cilindro del brazo\"><\/p>\n<h2>Sellado y lubricaci\u00f3n<\/h2>\n<p>Los fabricantes utilizan diversos componentes de sellado para garantizar la estanqueidad de los cilindros del brazo. Estos componentes incluyen juntas de pist\u00f3n, juntas de v\u00e1stago y rascadores. La cabeza del cilindro, el v\u00e1stago y las superficies de las juntas reciben un acabado fino para mejorar su resistencia al desgaste. Adem\u00e1s, la lubricaci\u00f3n peri\u00f3dica con aceite hidr\u00e1ulico es fundamental para asegurar el correcto funcionamiento del cilindro del brazo.<\/p>\n<h2>Mantenimiento preventivo y soluci\u00f3n de problemas<\/h2>\n<p>El mantenimiento preventivo y la resoluci\u00f3n de problemas de los cilindros de los brazos son esenciales para garantizar un rendimiento \u00f3ptimo. El mantenimiento regular incluye la comprobaci\u00f3n de fugas, desgaste y da\u00f1os en el cilindro y sus componentes. La resoluci\u00f3n de problemas consiste en identificar y solucionar incidencias como fugas, potencia insuficiente y da\u00f1os en el cilindro. Los fabricantes proporcionan consejos y soluciones para ayudar a los clientes a diagnosticar y resolver problemas de forma eficaz.<\/p>\n<p><img decoding=\"async\" src=\"https:\/\/www.hydraulic-cylinders.net\/wp-content\/uploads\/2025\/01\/songte-chushion-collar.webp\" alt=\"Imagen de mantenimiento del cilindro del brazo\"><\/p>\n<h2>Gu\u00eda de instalaci\u00f3n<\/h2>\n<p>La correcta instalaci\u00f3n de los cilindros del brazo es fundamental para garantizar un rendimiento \u00f3ptimo. La instalaci\u00f3n implica retirar el cilindro antiguo, instalar el nuevo, conectar las mangueras hidr\u00e1ulicas y comprobar su funcionamiento. Los fabricantes proporcionan instrucciones de instalaci\u00f3n detalladas para garantizar una correcta instalaci\u00f3n.<\/p>\n<p><img decoding=\"async\" src=\"https:\/\/www.hydraulic-cylinders.net\/wp-content\/uploads\/2025\/01\/songte-bushings-with-all-kinds-of-excavator-models.webp\" alt=\"Imagen de instalaci\u00f3n del cilindro del brazo\"><\/p>\n<h2>Consideraciones de seguridad y medio ambiente<\/h2>\n<p>La seguridad es un factor crucial en el dise\u00f1o y uso de cilindros de brazo. Los usuarios deben asegurarse de que el cilindro se utilice para el prop\u00f3sito previsto y en un entorno seguro. Factores ambientales como la temperatura y la humedad tambi\u00e9n pueden afectar el rendimiento de los cilindros de brazo. Los fabricantes dise\u00f1an sus productos para que resistan diversos factores ambientales y proporcionan directrices para un uso seguro y eficiente.<\/p>\n<h2>Acerca de nuestra empresa<\/h2>\n<p>Somos fabricantes profesionales de cilindros hidr\u00e1ulicos de repuesto y ofrecemos una amplia gama de productos que nos han posicionado como uno de los principales fabricantes y distribuidores mayoristas de cilindros hidr\u00e1ulicos en los mercados nacionales e internacionales. Nos regimos por el principio de la excelencia en la calidad, y gracias a la estrategia de gesti\u00f3n de producci\u00f3n industrial de nuestro taller de fabricaci\u00f3n de precisi\u00f3n, mejoramos continuamente nuestra tecnolog\u00eda y eficiencia productiva. Contamos con una s\u00f3lida capacidad de innovaci\u00f3n y hemos incorporado equipos de fabricaci\u00f3n digital de \u00faltima generaci\u00f3n y sistemas de prueba profesionales para optimizar nuestra plataforma de producci\u00f3n y mejorar los procesos de control de calidad de nuestros productos. Nuestro objetivo es satisfacer las diversas necesidades de nuestros clientes con alta eficiencia, precisi\u00f3n y calidad.<\/p>\n<p>Ofrecemos servicios profesionales, certificaciones internacionales, servicios personalizados, equipos de producci\u00f3n avanzados y un excelente servicio posventa. Visite nuestro sitio web en <a href=\"https:\/\/www.hydraulic-cylinders.net\/es\/\">https:\/\/www.hydraulic-cylinders.net\/<\/a><\/p>\n<p><img decoding=\"async\" src=\"https:\/\/www.hydraulic-cylinders.net\/wp-content\/uploads\/2025\/01\/songte-company-4.webp\" alt=\"Imagen de la empresa 1\"><\/p>\n<p><img decoding=\"async\" src=\"https:\/\/www.hydraulic-cylinders.net\/wp-content\/uploads\/2025\/01\/songte-company-3.webp\" alt=\"Imagen de la empresa 2\"><\/p>\n<p>Autor: lyl<\/p>","protected":false},"excerpt":{"rendered":"<p>Arm Cylinder For Bobcat Small Excavator E35i Introduction Defining Arm Cylinder The arm cylinder is a specialized hydraulic cylinder used primarily to provide linear motion and power to the arms of various types of machinery such as excavators, cranes, and robotic arms. The arm cylinder plays a crucial role in hydraulic systems, enabling additional tools [&hellip;]<\/p>","protected":false},"featured_media":14772,"comment_status":"open","ping_status":"closed","template":"","meta":{"_et_pb_use_builder":"","_et_pb_old_content":"","_et_gb_content_width":""},"product_brand":[],"product_cat":[1497],"product_tag":[1498,1496],"class_list":{"0":"post-16621","1":"product","2":"type-product","3":"status-publish","4":"has-post-thumbnail","6":"product_cat-arm-cylinders","7":"product_tag-arm-cylinders","8":"product_tag-hydraulic-cylinders","10":"first","11":"instock","12":"shipping-taxable","13":"product-type-simple"},"amp_enabled":true,"_links":{"self":[{"href":"https:\/\/www.hydraulic-cylinders.net\/es\/wp-json\/wp\/v2\/product\/16621","targetHints":{"allow":["GET"]}}],"collection":[{"href":"https:\/\/www.hydraulic-cylinders.net\/es\/wp-json\/wp\/v2\/product"}],"about":[{"href":"https:\/\/www.hydraulic-cylinders.net\/es\/wp-json\/wp\/v2\/types\/product"}],"replies":[{"embeddable":true,"href":"https:\/\/www.hydraulic-cylinders.net\/es\/wp-json\/wp\/v2\/comments?post=16621"}],"wp:featuredmedia":[{"embeddable":true,"href":"https:\/\/www.hydraulic-cylinders.net\/es\/wp-json\/wp\/v2\/media\/14772"}],"wp:attachment":[{"href":"https:\/\/www.hydraulic-cylinders.net\/es\/wp-json\/wp\/v2\/media?parent=16621"}],"wp:term":[{"taxonomy":"product_brand","embeddable":true,"href":"https:\/\/www.hydraulic-cylinders.net\/es\/wp-json\/wp\/v2\/product_brand?post=16621"},{"taxonomy":"product_cat","embeddable":true,"href":"https:\/\/www.hydraulic-cylinders.net\/es\/wp-json\/wp\/v2\/product_cat?post=16621"},{"taxonomy":"product_tag","embeddable":true,"href":"https:\/\/www.hydraulic-cylinders.net\/es\/wp-json\/wp\/v2\/product_tag?post=16621"}],"curies":[{"name":"wp","href":"https:\/\/api.w.org\/{rel}","templated":true}]}}