{"id":16651,"date":"2025-01-21T05:44:18","date_gmt":"2025-01-21T05:44:18","guid":{"rendered":"https:\/\/www.hydraulic-cylinders.net\/product\/arm-cylinder-for-case-middle-excavator-cx210b\/"},"modified":"2025-01-21T05:44:20","modified_gmt":"2025-01-21T05:44:20","slug":"arm-cylinder-for-case-middle-excavator-cx210b","status":"publish","type":"product","link":"https:\/\/www.hydraulic-cylinders.net\/es\/producto\/arm-cylinder-for-case-middle-excavator-cx210b\/","title":{"rendered":"Cilindro de brazo para excavadora intermedia Case CX210B"},"content":{"rendered":"<h2>Cilindro de brazo para excavadora intermedia Case CX210B<\/h2>\n<h3>Introducci\u00f3n<\/h3>\n<p>El cilindro de brazo es un cilindro hidr\u00e1ulico especialmente dise\u00f1ado que proporciona movimiento lineal y potencia a los brazos de diversas m\u00e1quinas, como excavadoras, gr\u00faas y brazos mec\u00e1nicos. El cilindro de brazo desempe\u00f1a un papel crucial en los sistemas hidr\u00e1ulicos, permitiendo el movimiento y control eficientes de las herramientas o accesorios acoplados. Estos cilindros no solo proporcionan un movimiento suave, sino que tambi\u00e9n soportan cargas pesadas, garantizando un funcionamiento eficiente y la fiabilidad de la maquinaria en diversas condiciones de trabajo.<\/p>\n<p><img decoding=\"async\" src=\"https:\/\/www.hydraulic-cylinders.net\/wp-content\/uploads\/2025\/01\/songte-company-2.webp\" alt=\"Cilindro del brazo\"><\/p>\n<h3>Caracter\u00edsticas<\/h3>\n<ul>\n<li>Transmisi\u00f3n de alta eficiencia: El cilindro del brazo proporciona un potente movimiento y fuerza lineal, lo que garantiza una alta eficiencia y rendimiento del brazo mec\u00e1nico en diversas operaciones.<\/li>\n<li>Control preciso: a trav\u00e9s del sistema hidr\u00e1ulico, el cilindro del brazo puede lograr un control de movimiento preciso, lo que hace que la operaci\u00f3n de las herramientas adjuntas sea m\u00e1s flexible y precisa.<\/li>\n<li>Gran durabilidad: los cilindros de brazo generalmente est\u00e1n hechos de materiales de alta resistencia, tienen buena resistencia al desgaste y a la corrosi\u00f3n y son adecuados para uso a largo plazo en entornos hostiles.<\/li>\n<li>Adaptabilidad multifuncional: estos cilindros se pueden usar ampliamente en diversos equipos mec\u00e1nicos, como excavadoras, gr\u00faas y brazos mec\u00e1nicos, y pueden adaptarse a diferentes requisitos de trabajo.<\/li>\n<li>F\u00e1cil mantenimiento: El dise\u00f1o considera un f\u00e1cil mantenimiento y reemplazo, lo que hace que la inspecci\u00f3n y el mantenimiento regulares sean m\u00e1s convenientes y reducen el tiempo de inactividad del equipo.<\/li>\n<\/ul>\n<p>Podemos producir este producto y nuestro producto puede ser un reemplazo perfecto para estos cilindros hidr\u00e1ulicos.<\/p>\n<p><img decoding=\"async\" src=\"https:\/\/www.hydraulic-cylinders.net\/wp-content\/uploads\/2025\/01\/songte-oil-pipes-and-spare-parts.webp\" alt=\"Tuber\u00edas de aceite y repuestos\"><\/p>\n<h3>Aplicaciones<\/h3>\n<p>El cilindro de brazo se utiliza ampliamente en diversos campos como:<\/p>\n<ul>\n<li>Construcci\u00f3n de edificios: En excavadoras y gr\u00faas, el cilindro del brazo se utiliza para controlar el movimiento del cuchar\u00f3n o la pluma para movimiento de tierras, manipulaci\u00f3n de materiales e instalaci\u00f3n estructural.<\/li>\n<li>Fabricaci\u00f3n: En las l\u00edneas de producci\u00f3n automatizadas, el cilindro de brazo se utiliza para el movimiento de brazos mec\u00e1nicos para procesos de ensamblaje, soldadura y manipulaci\u00f3n, mejorando la eficiencia y precisi\u00f3n de la producci\u00f3n.<\/li>\n<li>Maquinaria agr\u00edcola: En maquinaria agr\u00edcola como cosechadoras y sembradoras, el cilindro del brazo controla el movimiento del brazo operativo para tareas como sembrar, fertilizar y cosechar.<\/li>\n<li>Miner\u00eda: En los equipos de miner\u00eda, el cilindro del brazo se utiliza para controlar el movimiento del brazo del equipo de miner\u00eda para la extracci\u00f3n y el transporte de mineral.<\/li>\n<li>Log\u00edstica y transporte: En carretillas elevadoras y robots de manipulaci\u00f3n, el cilindro del brazo se utiliza para controlar la elevaci\u00f3n y el movimiento de la horquilla de carga, realizando la manipulaci\u00f3n y apilado de materiales.<\/li>\n<\/ul>\n<h3>Consideraciones de dise\u00f1o y criterios de selecci\u00f3n<\/h3>\n<p>Al dise\u00f1ar y seleccionar cilindros de brazo, se deben considerar los siguientes factores:<\/p>\n<h4>capacidad de carga<\/h4>\n<p>El cilindro del brazo debe poder soportar la carga m\u00e1xima del brazo mec\u00e1nico y la herramienta o accesorio acoplado.<\/p>\n<h4>Caza de focas<\/h4>\n<p>El uso de varios sellos, como sellos de pist\u00f3n y sellos de varilla, hechos de materiales resistentes al desgaste como poliuretano y caucho de nitrilo, puede prevenir fugas de manera efectiva y garantizar el rendimiento de sellado del cilindro.<\/p>\n<h4>Durabilidad<\/h4>\n<p>El cuerpo del cilindro del brazo generalmente est\u00e1 hecho de materiales de alta resistencia, y las superficies de los extremos del cilindro y de la rosca est\u00e1n finamente tratadas para mejorar la resistencia al desgaste y la resistencia a la corrosi\u00f3n, lo que garantiza un uso a largo plazo en entornos hostiles.<\/p>\n<h4>Seguridad<\/h4>\n<p>El cilindro del brazo debe cumplir con los requisitos de seguridad, como evitar la sobrecarga y garantizar un funcionamiento estable.<\/p>\n<h4>Mantenibilidad<\/h4>\n<p>El dise\u00f1o debe considerar un f\u00e1cil mantenimiento y reemplazo, incluido un f\u00e1cil acceso al cilindro para inspecci\u00f3n y mantenimiento y un f\u00e1cil reemplazo de sellos y otros componentes.<\/p>\n<p><img decoding=\"async\" src=\"https:\/\/www.hydraulic-cylinders.net\/wp-content\/uploads\/2025\/01\/songte-cylinder-head-with-all-kinds-excavator-models.webp\" alt=\"Culata\"><\/p>\n<h3>Sellado y lubricaci\u00f3n<\/h3>\n<p>Diversos sellos, como los de pist\u00f3n y v\u00e1stago, fabricados con materiales resistentes al desgaste como poliuretano y caucho de nitrilo, previenen eficazmente las fugas y garantizan el sellado del cilindro. El cuerpo del cilindro y las superficies de los extremos de las roscas reciben un tratamiento fino para mejorar la resistencia al desgaste y a la corrosi\u00f3n. Es necesario a\u00f1adir regularmente una cantidad adecuada de aceite hidr\u00e1ulico para la lubricaci\u00f3n.<\/p>\n<h3>Mantenimiento y reparaci\u00f3n<\/h3>\n<p>La inspecci\u00f3n regular y el mantenimiento preventivo pueden prolongar la vida \u00fatil de los cilindros del brazo. Se deben tomar las siguientes medidas:<\/p>\n<ul>\n<li>Revise peri\u00f3dicamente si hay fugas y desgaste y reemplace los sellos da\u00f1ados u otros componentes a tiempo.<\/li>\n<li>Limpie peri\u00f3dicamente el cuerpo del cilindro y las superficies de los extremos de la rosca para evitar la contaminaci\u00f3n.<\/li>\n<li>A\u00f1ada peri\u00f3dicamente la cantidad adecuada de aceite hidr\u00e1ulico para la lubricaci\u00f3n.<\/li>\n<li>Revise peri\u00f3dicamente la v\u00e1lvula de seguridad y otros componentes de seguridad para garantizar un funcionamiento confiable.<\/li>\n<li>Compruebe peri\u00f3dicamente la conexi\u00f3n entre el cilindro y la m\u00e1quina para asegurarse de que sea firme y estable.<\/li>\n<\/ul>\n<p><img decoding=\"async\" src=\"https:\/\/www.hydraulic-cylinders.net\/wp-content\/uploads\/2025\/01\/songte-chushion-collar.webp\" alt=\"Collar\u00edn acolchado\"><\/p>\n<h3>Gu\u00eda de instalaci\u00f3n<\/h3>\n<ol>\n<li>Aseg\u00farese de que el cilindro y la m\u00e1quina est\u00e9n limpios y libres de residuos.<\/li>\n<li>Instale el collar\u00edn amortiguador en el extremo del cilindro.<\/li>\n<li>Conecte el cilindro a la m\u00e1quina, asegur\u00e1ndose de que la conexi\u00f3n sea firme y estable.<\/li>\n<li>Llene el cilindro con aceite hidr\u00e1ulico.<\/li>\n<li>Pruebe el cilindro para asegurarse de que funciona sin problemas y sin fugas.<\/li>\n<\/ol>\n<h3>Consideraciones de seguridad y medio ambiente<\/h3>\n<p>Al utilizar cilindros de brazo, se deben tomar medidas de seguridad para evitar accidentes, como sobrecargas o funcionamiento inestable. Estos cilindros deben desecharse de forma respetuosa con el medio ambiente para evitar la contaminaci\u00f3n.<\/p>\n<h3>Soluci\u00f3n de problemas y problemas comunes<\/h3>\n<p>Los problemas comunes con los cilindros de brazo incluyen fugas, da\u00f1os en los sellos u otros componentes, y fallas en las v\u00e1lvulas de seguridad u otros componentes de seguridad. Para diagnosticar y resolver estos problemas eficazmente, se deben seguir los siguientes consejos:<\/p>\n<ul>\n<li>Verifique si hay fugas e inspeccione los sellos y otros componentes para detectar da\u00f1os.<\/li>\n<li>Verifique que la v\u00e1lvula de seguridad y otros componentes de seguridad funcionen correctamente.<\/li>\n<li>Compruebe la conexi\u00f3n entre el cilindro y la m\u00e1quina para asegurarse de que sea firme y estable.<\/li>\n<li>Consulte el manual del fabricante para obtener instrucciones de soluci\u00f3n de problemas y reparaci\u00f3n.<\/li>\n<\/ul>\n<p>Para evitar posibles problemas, se deben realizar inspecciones peri\u00f3dicas y mantenimiento preventivo.<\/p>\n<p><img decoding=\"async\" src=\"https:\/\/www.hydraulic-cylinders.net\/wp-content\/uploads\/2025\/01\/songte-bushings-with-all-kinds-of-excavator-models.webp\" alt=\"Bujes\"><\/p>\n<h3>Sobre nosotros<\/h3>\n<p>Somos un fabricante profesional de cilindros hidr\u00e1ulicos de repuesto, con una amplia gama de productos, y nos hemos convertido en uno de los principales fabricantes y distribuidores mayoristas de cilindros hidr\u00e1ulicos en el mercado nacional e internacional. Nos adherimos siempre al principio de la excelencia, apoy\u00e1ndonos en la estrategia de gesti\u00f3n de la producci\u00f3n industrializada de nuestros sofisticados talleres de fabricaci\u00f3n para mejorar continuamente nuestro nivel t\u00e9cnico y la eficiencia de la producci\u00f3n. Mediante la introducci\u00f3n de equipos de fabricaci\u00f3n digital de alta gama y sistemas de detecci\u00f3n profesionales, optimizamos continuamente nuestra plataforma de fabricaci\u00f3n, mejoramos el proceso de control de calidad de nuestros productos y contamos con una s\u00f3lida capacidad de innovaci\u00f3n. Nuestro objetivo es satisfacer las diversas necesidades de nuestros clientes con los principios de eficiencia, precisi\u00f3n y alta calidad.<\/p>\n<h4>Profesionalismo<\/h4>\n<p>Contamos con un equipo de ingenieros y t\u00e9cnicos experimentados que pueden brindar servicios profesionales, que incluyen dise\u00f1o y fabricaci\u00f3n personalizados, control de calidad y soporte t\u00e9cnico.<\/p>\n<h4>Certificaci\u00f3n internacional<\/h4>\n<p>Nuestros productos han obtenido certificaciones internacionales como ISO9001 y CE, garantizando su calidad y seguridad.<\/p>\n<h4>Servicio de personalizaci\u00f3n<\/h4>\n<p>Podemos proporcionar servicios personalizados seg\u00fan los requisitos espec\u00edficos de los clientes, incluida la selecci\u00f3n de materiales, el rendimiento del sellado y otros par\u00e1metros t\u00e9cnicos.<\/p>\n<h4>Equipos de producci\u00f3n<\/h4>\n<p>Contamos con equipos de producci\u00f3n y equipos de prueba avanzados, incluidos centros de mecanizado CNC, m\u00e1quinas de soldadura autom\u00e1ticas y estaciones de prueba hidr\u00e1ulicas, lo que garantiza la precisi\u00f3n y confiabilidad de nuestros productos.<\/p>\n<h4>Servicio posventa<\/h4>\n<p>Brindamos un excelente servicio posventa, que incluye soporte t\u00e9cnico, mantenimiento y reparaci\u00f3n de productos, para garantizar la satisfacci\u00f3n del cliente.<\/p>\n<p><img decoding=\"async\" src=\"https:\/\/www.hydraulic-cylinders.net\/wp-content\/uploads\/2025\/01\/songte-company-4.webp\" alt=\"Compa\u00f1\u00eda\"><\/p>\n<p><img decoding=\"async\" src=\"https:\/\/www.hydraulic-cylinders.net\/wp-content\/uploads\/2025\/01\/songte-company-3.webp\" alt=\"Compa\u00f1\u00eda\"><\/p>\n<p>Autor: lyl.<\/p>","protected":false},"excerpt":{"rendered":"<p>Arm Cylinder For Case Middle Excavator CX210B Introduction The arm cylinder is a specially designed hydraulic cylinder used to provide linear motion and power to the arms of various machines, such as excavators, cranes, and mechanical arms. The arm cylinder plays a crucial role in hydraulic systems, allowing for efficient movement and control of attached [&hellip;]<\/p>","protected":false},"featured_media":14774,"comment_status":"open","ping_status":"closed","template":"","meta":{"_et_pb_use_builder":"","_et_pb_old_content":"","_et_gb_content_width":""},"product_brand":[],"product_cat":[1497],"product_tag":[1498,1496],"class_list":{"0":"post-16651","1":"product","2":"type-product","3":"status-publish","4":"has-post-thumbnail","6":"product_cat-arm-cylinders","7":"product_tag-arm-cylinders","8":"product_tag-hydraulic-cylinders","10":"first","11":"instock","12":"shipping-taxable","13":"product-type-simple"},"amp_enabled":true,"_links":{"self":[{"href":"https:\/\/www.hydraulic-cylinders.net\/es\/wp-json\/wp\/v2\/product\/16651","targetHints":{"allow":["GET"]}}],"collection":[{"href":"https:\/\/www.hydraulic-cylinders.net\/es\/wp-json\/wp\/v2\/product"}],"about":[{"href":"https:\/\/www.hydraulic-cylinders.net\/es\/wp-json\/wp\/v2\/types\/product"}],"replies":[{"embeddable":true,"href":"https:\/\/www.hydraulic-cylinders.net\/es\/wp-json\/wp\/v2\/comments?post=16651"}],"wp:featuredmedia":[{"embeddable":true,"href":"https:\/\/www.hydraulic-cylinders.net\/es\/wp-json\/wp\/v2\/media\/14774"}],"wp:attachment":[{"href":"https:\/\/www.hydraulic-cylinders.net\/es\/wp-json\/wp\/v2\/media?parent=16651"}],"wp:term":[{"taxonomy":"product_brand","embeddable":true,"href":"https:\/\/www.hydraulic-cylinders.net\/es\/wp-json\/wp\/v2\/product_brand?post=16651"},{"taxonomy":"product_cat","embeddable":true,"href":"https:\/\/www.hydraulic-cylinders.net\/es\/wp-json\/wp\/v2\/product_cat?post=16651"},{"taxonomy":"product_tag","embeddable":true,"href":"https:\/\/www.hydraulic-cylinders.net\/es\/wp-json\/wp\/v2\/product_tag?post=16651"}],"curies":[{"name":"wp","href":"https:\/\/api.w.org\/{rel}","templated":true}]}}