{"id":16661,"date":"2025-01-21T05:44:58","date_gmt":"2025-01-21T05:44:58","guid":{"rendered":"https:\/\/www.hydraulic-cylinders.net\/product\/arm-cylinder-for-case-wheel-excavator-wx168\/"},"modified":"2025-01-21T05:45:13","modified_gmt":"2025-01-21T05:45:13","slug":"arm-cylinder-for-case-wheel-excavator-wx168","status":"publish","type":"product","link":"https:\/\/www.hydraulic-cylinders.net\/es\/producto\/arm-cylinder-for-case-wheel-excavator-wx168\/","title":{"rendered":"Cilindro de brazo para excavadora de ruedas Case WX168"},"content":{"rendered":"<h1>Cilindro de brazo para excavadora de ruedas Case WX168<\/h1>\n<h2>Introducci\u00f3n<\/h2>\n<p>Un cilindro de brazo es un cilindro hidr\u00e1ulico especialmente dise\u00f1ado que se utiliza principalmente para proporcionar movimiento lineal y potencia a los brazos de diversos tipos de maquinaria, como excavadoras, gr\u00faas y manipuladores. El cilindro de brazo desempe\u00f1a un papel crucial en el sistema hidr\u00e1ulico, permitiendo que herramientas o accesorios adicionales se muevan y controlen eficazmente. Estos cilindros no solo proporcionan un movimiento suave, sino que tambi\u00e9n soportan cargas pesadas, garantizando un funcionamiento eficiente y la fiabilidad de la maquinaria en diversas condiciones de operaci\u00f3n.<\/p>\n<p><img decoding=\"async\" src=\"https:\/\/www.hydraulic-cylinders.net\/wp-content\/uploads\/2025\/01\/songte-company-2.webp\" alt=\"Cilindro de brazo para excavadora de ruedas Case WX168\"><\/p>\n<h2>Caracter\u00edsticas<\/h2>\n<ul>\n<li>Transmisi\u00f3n de potencia de alta eficiencia: el cilindro del brazo proporciona un fuerte movimiento lineal y fuerza, lo que garantiza un alto rendimiento del brazo de la maquinaria en diversas operaciones.<\/li>\n<li>Control preciso: a trav\u00e9s del sistema hidr\u00e1ulico, el cilindro del brazo puede lograr un control de movimiento preciso, lo que hace que la operaci\u00f3n de las herramientas adicionales sea m\u00e1s flexible y precisa.<\/li>\n<li>Gran durabilidad: los cilindros de brazo generalmente est\u00e1n hechos de materiales de alta resistencia y tienen buena resistencia al desgaste y a la corrosi\u00f3n, lo que los hace adecuados para uso a largo plazo en entornos hostiles.<\/li>\n<li>Adaptabilidad funcional m\u00faltiple: Estos cilindros se pueden utilizar ampliamente en diversos equipos mec\u00e1nicos como excavadoras, gr\u00faas y manipuladores, adapt\u00e1ndose a diferentes requisitos de trabajo.<\/li>\n<li>F\u00e1cil mantenimiento: Se tuvo en cuenta que el mantenimiento y el reemplazo sean f\u00e1ciles, lo que hace que los controles y el mantenimiento regulares sean m\u00e1s convenientes y reduce el tiempo de inactividad del equipo.<\/li>\n<\/ul>\n<p>Podemos fabricar este producto y nuestro producto puede reemplazar perfectamente estos cilindros hidr\u00e1ulicos.<\/p>\n<p><img decoding=\"async\" src=\"https:\/\/www.hydraulic-cylinders.net\/wp-content\/uploads\/2025\/01\/songte-oil-pipes-and-spare-parts.webp\" alt=\"Cilindro de brazo para excavadora de ruedas Case WX168\"><\/p>\n<h2>Aplicaciones<\/h2>\n<p>El cilindro de brazo tiene una amplia gama de aplicaciones en diversas industrias:<\/p>\n<ul>\n<li>Ingenier\u00eda de construcci\u00f3n: En excavadoras y gr\u00faas, el cilindro del brazo se utiliza para controlar el movimiento de palas o plumas para movimientos de tierra, manipulaci\u00f3n de materiales e instalaci\u00f3n estructural.<\/li>\n<li>Fabricaci\u00f3n: En las l\u00edneas de producci\u00f3n automatizadas, el cilindro del brazo se utiliza para el movimiento de manipuladores, procesos de ensamblaje, soldadura y manipulaci\u00f3n para mejorar la eficiencia y la precisi\u00f3n de la producci\u00f3n.<\/li>\n<li>Maquinaria agr\u00edcola: En maquinaria agr\u00edcola como cosechadoras y sembradoras, el cilindro del brazo controla el movimiento de los brazos operativos para tareas como la siembra, la fertilizaci\u00f3n y la cosecha.<\/li>\n<li>Miner\u00eda: En los equipos de miner\u00eda, el cilindro del brazo se utiliza para controlar el movimiento del brazo del equipo de miner\u00eda para la extracci\u00f3n y manipulaci\u00f3n de minerales.<\/li>\n<li>Log\u00edstica y transporte: En las carretillas elevadoras y los robots de manipulaci\u00f3n, el cilindro del brazo se utiliza para controlar la elevaci\u00f3n y el movimiento de las horquillas, realizando as\u00ed la manipulaci\u00f3n y el apilamiento de materiales.<\/li>\n<\/ul>\n<h2>Consideraciones de dise\u00f1o y est\u00e1ndares de selecci\u00f3n<\/h2>\n<ul>\n<li>Capacidad de carga: La capacidad de carga del cilindro del brazo debe poder soportar la carga m\u00e1xima que la maquinaria pueda experimentar durante su funcionamiento.<\/li>\n<li>Sellado: Se utilizan diversos componentes de sellado, como anillos de sellado de pist\u00f3n y de v\u00e1stago, fabricados con materiales resistentes al desgaste como poliuretano y caucho de nitrilo. El cuerpo del cilindro y las superficies roscadas de los extremos est\u00e1n finamente procesadas para mejorar la resistencia al desgaste. <\/li>\n<li>Durabilidad: El material de alta resistencia del cilindro del brazo y su buena resistencia al desgaste y a la corrosi\u00f3n garantizan su durabilidad en condiciones ambientales adversas.<\/li>\n<li>Seguridad: Se deben instalar dispositivos de seguridad, como v\u00e1lvulas de seguridad, en el sistema hidr\u00e1ulico para evitar sobrecargas y garantizar un funcionamiento seguro.<\/li>\n<li>Mantenibilidad: El dise\u00f1o del cilindro del brazo debe considerarse para facilitar el mantenimiento y el reemplazo, asegurando que los controles y el mantenimiento regulares sean convenientes y reduciendo el tiempo de inactividad del equipo.<\/li>\n<\/ul>\n<p><img decoding=\"async\" src=\"https:\/\/www.hydraulic-cylinders.net\/wp-content\/uploads\/2025\/01\/songte-cylinder-head-with-all-kinds-excavator-models.webp\" alt=\"Cilindro de brazo para excavadora de ruedas Case WX168\"><\/p>\n<h2>Sellado y lubricaci\u00f3n<\/h2>\n<p>El cilindro del brazo utiliza diversos componentes de sellado, como anillos de sellado de pist\u00f3n y de v\u00e1stago, fabricados con materiales resistentes al desgaste como poliuretano y caucho de nitrilo. El cuerpo del cilindro y las superficies roscadas de los extremos est\u00e1n finamente procesadas para mejorar la resistencia al desgaste. El cilindro tambi\u00e9n debe lubricarse regularmente con una cantidad adecuada de aceite hidr\u00e1ulico para garantizar un funcionamiento suave.<\/p>\n<p><img decoding=\"async\" src=\"https:\/\/www.hydraulic-cylinders.net\/wp-content\/uploads\/2025\/01\/songte-chushion-collar.webp\" alt=\"Cilindro de brazo para excavadora de ruedas Case WX168\"><\/p>\n<h2>Inspecci\u00f3n regular y mantenimiento preventivo<\/h2>\n<ul>\n<li>Inspecci\u00f3n peri\u00f3dica del cilindro del brazo para verificar si hay fugas y da\u00f1os en los sellos o el cuerpo.<\/li>\n<li>Reemplazo de componentes desgastados o da\u00f1ados, como anillos de sello de pist\u00f3n o anillos de sello de varilla.<\/li>\n<li>Comprobaci\u00f3n y sustituci\u00f3n del aceite hidr\u00e1ulico para mantener el nivel adecuado de lubricaci\u00f3n.<\/li>\n<li>Asegurarse de que las v\u00e1lvulas de seguridad del sistema hidr\u00e1ulico est\u00e9n en buenas condiciones y funcionando seg\u00fan lo previsto.<\/li>\n<\/ul>\n<h2>Gu\u00eda de instalaci\u00f3n<\/h2>\n<p>Consulte las instrucciones del fabricante para instalar el cilindro del brazo. Aseg\u00farese de que el sistema hidr\u00e1ulico est\u00e9 apagado antes de la instalaci\u00f3n y de que todos los componentes est\u00e9n apretados al par recomendado. Despu\u00e9s de la instalaci\u00f3n, compruebe el funcionamiento del cilindro para garantizar su correcto funcionamiento.<\/p>\n<p><img decoding=\"async\" src=\"https:\/\/www.hydraulic-cylinders.net\/wp-content\/uploads\/2025\/01\/songte-bushings-with-all-kinds-of-excavator-models.webp\" alt=\"Cilindro de brazo para excavadora de ruedas Case WX168\"><\/p>\n<h2>Consideraciones de seguridad y factores ambientales<\/h2>\n<p>Las medidas de seguridad son cruciales al operar maquinaria con sistemas hidr\u00e1ulicos, incluido el cilindro del brazo. Se deben instalar dispositivos de seguridad, como v\u00e1lvulas de seguridad, en el sistema hidr\u00e1ulico para evitar sobrecargas y garantizar un funcionamiento seguro. En cuanto a los factores ambientales, el cilindro del brazo debe desecharse o reciclarse adecuadamente para evitar da\u00f1os ambientales.<\/p>\n<h2>Soluci\u00f3n de problemas y problemas comunes<\/h2>\n<p>Los problemas comunes con el cilindro del brazo incluyen fugas de aceite y una disminuci\u00f3n del rendimiento causada por sellos desgastados u otros componentes da\u00f1ados. Si surgen estos problemas, consulte las instrucciones del fabricante para diagnosticarlos y solucionarlos.<\/p>\n<h2>Conclusi\u00f3n<\/h2>\n<p>Somos un fabricante profesional de cilindros hidr\u00e1ulicos de repuesto, y nuestros productos han reemplazado una amplia gama de cilindros hidr\u00e1ulicos. Nuestra amplia variedad de productos nos ha convertido en uno de los principales fabricantes y distribuidores mayoristas de cilindros hidr\u00e1ulicos en el mercado nacional e internacional. Nos adherimos constantemente al principio de excelencia en calidad, mejorando continuamente nuestra tecnolog\u00eda y eficiencia de producci\u00f3n. Mediante la introducci\u00f3n de equipos de fabricaci\u00f3n digital de alta gama y sistemas de prueba profesionales, optimizamos nuestra plataforma de fabricaci\u00f3n y mejoramos nuestro proceso de control de calidad de productos, lo que nos convierte en una empresa altamente innovadora. Nuestro objetivo es satisfacer las diversas necesidades de nuestros clientes con productos de alta eficiencia, precisi\u00f3n y calidad.<\/p>\n<p><img decoding=\"async\" src=\"https:\/\/www.hydraulic-cylinders.net\/wp-content\/uploads\/2025\/01\/songte-company-4.webp\" alt=\"Cilindro de brazo para excavadora de ruedas Case WX168\"><br \/>\n<img decoding=\"async\" src=\"https:\/\/www.hydraulic-cylinders.net\/wp-content\/uploads\/2025\/01\/songte-company-3.webp\" alt=\"Cilindro de brazo para excavadora de ruedas Case WX168\"><\/p>\n<p>Autor: lyl.<\/p>","protected":false},"excerpt":{"rendered":"<p>Arm Cylinder For Case Wheel Excavator WX168 Introduction An arm cylinder is a specially designed hydraulic cylinder that is primarily used to provide linear motion and power to the arms of various types of machinery such as excavators, cranes, and manipulators. The arm cylinder plays a crucial role in the hydraulic system, enabling additional tools [&hellip;]<\/p>","protected":false},"featured_media":14774,"comment_status":"open","ping_status":"closed","template":"","meta":{"_et_pb_use_builder":"","_et_pb_old_content":"","_et_gb_content_width":""},"product_brand":[],"product_cat":[1497],"product_tag":[1498,1496],"class_list":{"0":"post-16661","1":"product","2":"type-product","3":"status-publish","4":"has-post-thumbnail","6":"product_cat-arm-cylinders","7":"product_tag-arm-cylinders","8":"product_tag-hydraulic-cylinders","10":"first","11":"instock","12":"shipping-taxable","13":"product-type-simple"},"amp_enabled":true,"_links":{"self":[{"href":"https:\/\/www.hydraulic-cylinders.net\/es\/wp-json\/wp\/v2\/product\/16661","targetHints":{"allow":["GET"]}}],"collection":[{"href":"https:\/\/www.hydraulic-cylinders.net\/es\/wp-json\/wp\/v2\/product"}],"about":[{"href":"https:\/\/www.hydraulic-cylinders.net\/es\/wp-json\/wp\/v2\/types\/product"}],"replies":[{"embeddable":true,"href":"https:\/\/www.hydraulic-cylinders.net\/es\/wp-json\/wp\/v2\/comments?post=16661"}],"wp:featuredmedia":[{"embeddable":true,"href":"https:\/\/www.hydraulic-cylinders.net\/es\/wp-json\/wp\/v2\/media\/14774"}],"wp:attachment":[{"href":"https:\/\/www.hydraulic-cylinders.net\/es\/wp-json\/wp\/v2\/media?parent=16661"}],"wp:term":[{"taxonomy":"product_brand","embeddable":true,"href":"https:\/\/www.hydraulic-cylinders.net\/es\/wp-json\/wp\/v2\/product_brand?post=16661"},{"taxonomy":"product_cat","embeddable":true,"href":"https:\/\/www.hydraulic-cylinders.net\/es\/wp-json\/wp\/v2\/product_cat?post=16661"},{"taxonomy":"product_tag","embeddable":true,"href":"https:\/\/www.hydraulic-cylinders.net\/es\/wp-json\/wp\/v2\/product_tag?post=16661"}],"curies":[{"name":"wp","href":"https:\/\/api.w.org\/{rel}","templated":true}]}}