{"id":16738,"date":"2025-01-21T05:50:48","date_gmt":"2025-01-21T05:50:48","guid":{"rendered":"https:\/\/www.hydraulic-cylinders.net\/product\/arm-cylinder-for-kym-ky60a\/"},"modified":"2025-01-21T05:50:49","modified_gmt":"2025-01-21T05:50:49","slug":"arm-cylinder-for-kym-ky60a","status":"publish","type":"product","link":"https:\/\/www.hydraulic-cylinders.net\/es\/producto\/arm-cylinder-for-kym-ky60a\/","title":{"rendered":"Cilindro de brazo para KYM KY60A"},"content":{"rendered":"<h2>Cilindro de brazo para KYM KY60A<\/h2>\n<h3>Introducci\u00f3n<\/h3>\n<p>Un cilindro de brazo es un cilindro hidr\u00e1ulico especialmente dise\u00f1ado para proporcionar movimiento lineal y potencia a los brazos de diversas m\u00e1quinas, como excavadoras, gr\u00faas y brazos mec\u00e1nicos. Desempe\u00f1a un papel crucial en los sistemas hidr\u00e1ulicos, permitiendo el movimiento y control efectivos de herramientas o implementos adicionales. Estos cilindros no solo proporcionan un movimiento suave, sino que tambi\u00e9n soportan cargas pesadas, lo que garantiza el funcionamiento eficiente y la fiabilidad de la maquinaria en diversas condiciones operativas.<\/p>\n<p><img decoding=\"async\" src=\"https:\/\/www.hydraulic-cylinders.net\/wp-content\/uploads\/2025\/01\/songte-company-2.webp\" alt=\"Cilindro de brazo para KYM KY60A\" \/><\/p>\n<h3>Caracter\u00edsticas<\/h3>\n<ul>\n<li>Transmisi\u00f3n de alta eficiencia: Los cilindros del brazo proporcionan un potente movimiento lineal y fuerza, lo que garantiza un alto rendimiento de los brazos mec\u00e1nicos en diversas operaciones.<\/li>\n<li>Control de precisi\u00f3n: Mediante el sistema hidr\u00e1ulico, los cilindros del brazo pueden lograr un control de movimiento preciso, lo que hace que el funcionamiento de herramientas adicionales sea m\u00e1s flexible y preciso.<\/li>\n<li>Gran durabilidad: Los cilindros de los brazos suelen estar fabricados con materiales de alta resistencia y tienen buena resistencia al desgaste y a la corrosi\u00f3n, lo que los hace adecuados para un uso prolongado en entornos hostiles.<\/li>\n<li>Adaptabilidad multifuncional: Estos cilindros pueden utilizarse ampliamente en diversos tipos de maquinaria, como excavadoras, gr\u00faas y brazos mec\u00e1nicos, para satisfacer diferentes necesidades operativas.<\/li>\n<li>Mantenimiento sencillo: El dise\u00f1o tiene en cuenta la facilidad de mantenimiento y sustituci\u00f3n, lo que hace que la inspecci\u00f3n y el mantenimiento regulares sean m\u00e1s convenientes y reduce el tiempo de inactividad del equipo.<\/li>\n<\/ul>\n<p>Podemos fabricar este producto y puede sustituir perfectamente a estos cilindros hidr\u00e1ulicos.<\/p>\n<p><img decoding=\"async\" src=\"https:\/\/www.hydraulic-cylinders.net\/wp-content\/uploads\/2025\/01\/songte-oil-pipes-and-spare-parts.webp\" alt=\"Cilindro de brazo para KYM KY60A\" \/><\/p>\n<h3>Aplicaciones<\/h3>\n<p>Los cilindros de brazo tienen una amplia gama de aplicaciones en diversas industrias, entre ellas:<\/p>\n<ul>\n<li>Construcci\u00f3n: En excavadoras y gr\u00faas, los cilindros de los brazos se utilizan para controlar el movimiento de los cucharones o plumas para el movimiento de tierras, el manejo de materiales y la instalaci\u00f3n de estructuras.<\/li>\n<li>Fabricaci\u00f3n: En las l\u00edneas de producci\u00f3n automatizadas, los cilindros de brazo se utilizan para el movimiento de brazos mec\u00e1nicos durante el ensamblaje, la soldadura y el manejo de materiales, mejorando la eficiencia y la precisi\u00f3n de la producci\u00f3n.<\/li>\n<li>Maquinaria agr\u00edcola: En maquinaria agr\u00edcola como cosechadoras y sembradoras, los cilindros de los brazos controlan el movimiento de los brazos operativos para tareas como la siembra, la fertilizaci\u00f3n y la cosecha.<\/li>\n<li>Miner\u00eda: En los equipos de miner\u00eda, los cilindros de los brazos se utilizan para controlar el movimiento de los brazos de los equipos de miner\u00eda, para la extracci\u00f3n y el transporte de minerales.<\/li>\n<li>Log\u00edstica y transporte: En las carretillas elevadoras y los robots de manipulaci\u00f3n, se utilizan cilindros en los brazos para controlar la elevaci\u00f3n y el movimiento de las horquillas, facilitando la manipulaci\u00f3n y el apilamiento de materiales.<\/li>\n<\/ul>\n<h3>Consideraciones de dise\u00f1o y criterios de selecci\u00f3n<\/h3>\n<p>Desde el punto de vista del dise\u00f1o, los cilindros de los brazos deben considerar su capacidad de carga, estanqueidad, durabilidad, seguridad y facilidad de mantenimiento. Los puntos clave son los siguientes:<\/p>\n<ul>\n<li>Capacidad de carga: Los cilindros del brazo deben ser capaces de soportar la carga m\u00e1xima de la maquinaria manteniendo su fiabilidad y precisi\u00f3n.<\/li>\n<li>Sellado: Los cilindros del brazo requieren varios tipos de sellos, como sellos de pist\u00f3n, sellos de v\u00e1stago, etc., que deben estar fabricados con materiales resistentes al desgaste, como poliuretano y caucho de nitrilo, para garantizar la durabilidad de los sellos.<\/li>\n<li>Durabilidad: Los cilindros de los brazos a menudo est\u00e1n sometidos a condiciones adversas y deben estar fabricados con materiales de alta resistencia, como acero aleado, para garantizar su durabilidad y longevidad.<\/li>\n<li>Seguridad: Los cilindros de los brazos deben dise\u00f1arse para prevenir accidentes y garantizar la seguridad del personal y la maquinaria. Deben cumplir con las normas y reglamentos de seguridad pertinentes.<\/li>\n<li>Mantenibilidad: Los cilindros de los brazos deben dise\u00f1arse para facilitar el mantenimiento y la reparaci\u00f3n, por ejemplo, con f\u00e1cil acceso a las juntas y otros componentes.<\/li>\n<\/ul>\n<p><img decoding=\"async\" src=\"https:\/\/www.hydraulic-cylinders.net\/wp-content\/uploads\/2025\/01\/songte-cylinder-head-with-all-kinds-excavator-models.webp\" alt=\"Cilindro de brazo para KYM KY60A\" \/><\/p>\n<h3>Sellado y lubricaci\u00f3n<\/h3>\n<p>En los cilindros de los brazos se deben utilizar diversos tipos de juntas, como las de pist\u00f3n y v\u00e1stago. Estas juntas deben estar fabricadas con materiales resistentes al desgaste, como poliuretano y caucho de nitrilo. La cabeza del cilindro y la superficie del extremo roscado del cuerpo del cilindro deben tener un acabado de precisi\u00f3n para mejorar su resistencia al desgaste. Asimismo, es necesario a\u00f1adir peri\u00f3dicamente aceite hidr\u00e1ulico adecuado para su lubricaci\u00f3n.<\/p>\n<h3>Inspecci\u00f3n peri\u00f3dica y medidas de mantenimiento preventivo<\/h3>\n<p>La inspecci\u00f3n peri\u00f3dica y el mantenimiento preventivo son esenciales para garantizar el correcto funcionamiento de los cilindros del brazo. Deben adoptarse las siguientes medidas:<\/p>\n<ul>\n<li>Revise peri\u00f3dicamente las juntas para detectar desgaste y reempl\u00e1celas si es necesario.<\/li>\n<li>Compruebe si el cuerpo del cilindro y el pist\u00f3n presentan da\u00f1os o desgaste, y sustit\u00fayalos si es necesario.<\/li>\n<li>Compruebe si la superficie del extremo de la rosca presenta desgaste o ara\u00f1azos, y rep\u00e1rela o sustit\u00fayala si es necesario.<\/li>\n<li>A\u00f1ada regularmente el aceite hidr\u00e1ulico adecuado para la lubricaci\u00f3n.<\/li>\n<li>Inspecci\u00f3n y mantenimiento peri\u00f3dicos del sistema hidr\u00e1ulico.<\/li>\n<\/ul>\n<p><img decoding=\"async\" src=\"https:\/\/www.hydraulic-cylinders.net\/wp-content\/uploads\/2025\/01\/songte-chushion-collar.webp\" alt=\"Cilindro de brazo para KYM KY60A\" \/><\/p>\n<h3>Gu\u00eda de instalaci\u00f3n del producto<\/h3>\n<p>Siga estas instrucciones para la correcta instalaci\u00f3n de los cilindros del brazo:<\/p>\n<ul>\n<li>Aseg\u00farese de que la superficie de montaje est\u00e9 limpia y libre de residuos y contaminantes.<\/li>\n<li>Alinee el cilindro con la superficie de montaje e instale los pernos o tornillos de montaje.<\/li>\n<li>Conecte las mangueras hidr\u00e1ulicas al cilindro seg\u00fan el diagrama del circuito hidr\u00e1ulico.<\/li>\n<li>Llene el sistema hidr\u00e1ulico con el aceite hidr\u00e1ulico adecuado.<\/li>\n<li>Compruebe que el cilindro funciona correctamente.<\/li>\n<\/ul>\n<h3>Consideraciones de seguridad y factores ambientales<\/h3>\n<p>Las medidas de seguridad son cruciales al trabajar con maquinaria que incorpora cilindros de brazo. Es necesario contar con la capacitaci\u00f3n y formaci\u00f3n adecuadas sobre el funcionamiento y el mantenimiento de la maquinaria para garantizar la seguridad del personal y de los equipos. Tambi\u00e9n deben tenerse en cuenta factores ambientales como la temperatura, la humedad, el polvo y los residuos, y adoptarse las medidas pertinentes para asegurar el correcto funcionamiento de los cilindros de brazo.<\/p>\n<h3>Soluci\u00f3n de problemas y problemas comunes<\/h3>\n<p>Los problemas comunes en los cilindros de los brazos hidr\u00e1ulicos incluyen fugas, disminuci\u00f3n del rendimiento y da\u00f1os en las juntas. Para solucionar estos problemas, se pueden revisar las juntas, los niveles de fluido hidr\u00e1ulico y el flujo del sistema hidr\u00e1ulico. En la mayor\u00eda de los casos, el problema se resuelve reemplazando las juntas o reparando el sistema hidr\u00e1ulico. Las medidas preventivas, como el mantenimiento regular, reducen la probabilidad de problemas y aumentan la vida \u00fatil de los cilindros.<\/p>\n<p><img decoding=\"async\" src=\"https:\/\/www.hydraulic-cylinders.net\/wp-content\/uploads\/2025\/01\/songte-bushings-with-all-kinds-of-excavator-models.webp\" alt=\"Cilindro de brazo para KYM KY60A\" \/><\/p>\n<h3>Sobre nosotros<\/h3>\n<p>Somos fabricantes profesionales de cilindros hidr\u00e1ulicos de repuesto con una amplia gama de productos, y nos hemos consolidado como uno de los principales fabricantes y distribuidores mayoristas de cilindros hidr\u00e1ulicos en los mercados nacionales e internacionales. Nos regimos por el principio de la excelencia en la calidad y, gracias a nuestras estrategias de gesti\u00f3n de producci\u00f3n industrial en talleres de alta precisi\u00f3n, mejoramos continuamente nuestro nivel tecnol\u00f3gico y la eficiencia de nuestra producci\u00f3n. Mediante la incorporaci\u00f3n de equipos de fabricaci\u00f3n digital de \u00faltima generaci\u00f3n y sistemas de prueba profesionales, optimizamos nuestra plataforma de fabricaci\u00f3n, mejoramos nuestros procesos de control de calidad y contamos con una gran capacidad de innovaci\u00f3n. Nuestro objetivo es satisfacer las diversas necesidades de nuestros clientes con alta eficiencia, precisi\u00f3n y calidad.<\/p>\n<p>Nos enorgullecemos de nuestra profesionalidad, certificaciones internacionales, servicios personalizados, equipos de producci\u00f3n y servicios postventa.<\/p>\n<p><img decoding=\"async\" src=\"https:\/\/www.hydraulic-cylinders.net\/wp-content\/uploads\/2025\/01\/songte-company-4.webp\" alt=\"Cilindro de brazo para KYM KY60A\" \/><br \/>\n<img decoding=\"async\" src=\"https:\/\/www.hydraulic-cylinders.net\/wp-content\/uploads\/2025\/01\/songte-company-3.webp\" alt=\"Cilindro de brazo para KYM KY60A\" \/><\/p>\n<p>Autor: lyl.<\/p>","protected":false},"excerpt":{"rendered":"<p>Arm Cylinder For KYM KY60A Introduction An arm cylinder is a specially designed hydraulic cylinder used to provide linear motion and power to the arms of various machinery including excavators, cranes, and mechanical arms. It plays a crucial role in hydraulic systems, enabling the effective movement and control of additional tools or attachments. These cylinders [&hellip;]<\/p>","protected":false},"featured_media":14783,"comment_status":"open","ping_status":"closed","template":"","meta":{"_et_pb_use_builder":"","_et_pb_old_content":"","_et_gb_content_width":""},"product_brand":[],"product_cat":[1497],"product_tag":[1498,1496],"class_list":{"0":"post-16738","1":"product","2":"type-product","3":"status-publish","4":"has-post-thumbnail","6":"product_cat-arm-cylinders","7":"product_tag-arm-cylinders","8":"product_tag-hydraulic-cylinders","10":"first","11":"instock","12":"shipping-taxable","13":"product-type-simple"},"amp_enabled":true,"_links":{"self":[{"href":"https:\/\/www.hydraulic-cylinders.net\/es\/wp-json\/wp\/v2\/product\/16738","targetHints":{"allow":["GET"]}}],"collection":[{"href":"https:\/\/www.hydraulic-cylinders.net\/es\/wp-json\/wp\/v2\/product"}],"about":[{"href":"https:\/\/www.hydraulic-cylinders.net\/es\/wp-json\/wp\/v2\/types\/product"}],"replies":[{"embeddable":true,"href":"https:\/\/www.hydraulic-cylinders.net\/es\/wp-json\/wp\/v2\/comments?post=16738"}],"wp:featuredmedia":[{"embeddable":true,"href":"https:\/\/www.hydraulic-cylinders.net\/es\/wp-json\/wp\/v2\/media\/14783"}],"wp:attachment":[{"href":"https:\/\/www.hydraulic-cylinders.net\/es\/wp-json\/wp\/v2\/media?parent=16738"}],"wp:term":[{"taxonomy":"product_brand","embeddable":true,"href":"https:\/\/www.hydraulic-cylinders.net\/es\/wp-json\/wp\/v2\/product_brand?post=16738"},{"taxonomy":"product_cat","embeddable":true,"href":"https:\/\/www.hydraulic-cylinders.net\/es\/wp-json\/wp\/v2\/product_cat?post=16738"},{"taxonomy":"product_tag","embeddable":true,"href":"https:\/\/www.hydraulic-cylinders.net\/es\/wp-json\/wp\/v2\/product_tag?post=16738"}],"curies":[{"name":"wp","href":"https:\/\/api.w.org\/{rel}","templated":true}]}}