{"id":16820,"date":"2025-01-21T05:56:48","date_gmt":"2025-01-21T05:56:48","guid":{"rendered":"https:\/\/www.hydraulic-cylinders.net\/product\/arm-cylinder-for-volwa-middle-excavator-dls230-8h\/"},"modified":"2025-01-21T05:56:49","modified_gmt":"2025-01-21T05:56:49","slug":"arm-cylinder-for-volwa-middle-excavator-dls230-8h","status":"publish","type":"product","link":"https:\/\/www.hydraulic-cylinders.net\/es\/producto\/arm-cylinder-for-volwa-middle-excavator-dls230-8h\/","title":{"rendered":"Cilindro de brazo para excavadora mediana Volwa DLS230-8H"},"content":{"rendered":"<h1>Cilindro de brazo para excavadora mediana Volwa DLS230-8H<\/h1>\n<h2>Introducci\u00f3n<\/h2>\n<p>Un cilindro de brazo es un cilindro hidr\u00e1ulico especialmente dise\u00f1ado para proporcionar movimiento lineal y potencia a los brazos de diversas m\u00e1quinas, como excavadoras, gr\u00faas y brazos mec\u00e1nicos. El cilindro de brazo desempe\u00f1a un papel fundamental en los sistemas hidr\u00e1ulicos, permitiendo que los implementos o accesorios se muevan y controlen eficazmente. Estos cilindros no solo proporcionan un movimiento suave, sino que tambi\u00e9n soportan cargas pesadas, lo que garantiza el funcionamiento eficiente y la fiabilidad de la maquinaria en diversas condiciones operativas.<\/p>\n<p><img decoding=\"async\" src=\"https:\/\/www.hydraulic-cylinders.net\/wp-content\/uploads\/2025\/01\/songte-company-2.webp\"><\/p>\n<h3>Definici\u00f3n y explicaci\u00f3n<\/h3>\n<p>Un cilindro de brazo es un tipo de cilindro hidr\u00e1ulico responsable del movimiento lineal y la potencia de los brazos de una m\u00e1quina. Generalmente est\u00e1 fabricado con materiales de alta resistencia, lo que le confiere una excelente durabilidad y resistencia al desgaste y la corrosi\u00f3n. Es capaz de proporcionar un potente movimiento lineal y fuerza, garantizando un funcionamiento eficiente de la maquinaria. El control preciso del movimiento mediante el sistema hidr\u00e1ulico proporciona flexibilidad y precisi\u00f3n en el manejo de implementos. Los cilindros de brazo se utilizan ampliamente en diversos equipos, como excavadoras, gr\u00faas y brazos mec\u00e1nicos, y se adaptan a diferentes requisitos de trabajo. Adem\u00e1s, su dise\u00f1o facilita el mantenimiento, lo que simplifica la inspecci\u00f3n y el mantenimiento, reduciendo el tiempo de inactividad del equipo.<\/p>\n<h2>Caracter\u00edsticas<\/h2>\n<p>El cilindro del brazo para la excavadora mediana Volwa DLS230-8H tiene las siguientes caracter\u00edsticas:<\/p>\n<ol>\n<li><strong>Accionamiento de alta eficiencia:<\/strong> El cilindro del brazo proporciona un potente movimiento lineal y fuerza, garantizando un funcionamiento eficiente de la maquinaria.<\/li>\n<li><strong>Control preciso:<\/strong> El sistema hidr\u00e1ulico del cilindro del brazo permite un control preciso del movimiento, lo que se traduce en un funcionamiento m\u00e1s flexible y preciso de los implementos.<\/li>\n<li><strong>Durabilidad:<\/strong> Los cilindros de los brazos suelen estar fabricados con materiales de alta resistencia, lo que los hace duraderos y resistentes al desgaste y la corrosi\u00f3n, haci\u00e9ndolos adecuados para su uso a largo plazo en entornos hostiles.<\/li>\n<li><strong>Adaptabilidad multifuncional:<\/strong> Estos cilindros pueden utilizarse ampliamente en diversos equipos de maquinaria, como excavadoras, gr\u00faas y brazos mec\u00e1nicos, para adaptarse a diferentes requisitos de trabajo.<\/li>\n<li><strong>F\u00e1cil mantenimiento:<\/strong> Los cilindros de los brazos est\u00e1n dise\u00f1ados teniendo en cuenta la facilidad de mantenimiento y sustituci\u00f3n, lo que hace que las inspecciones y el mantenimiento regulares sean m\u00e1s convenientes, lo que reduce el tiempo de inactividad del equipo.<\/li>\n<\/ol>\n<p>Podemos fabricar y sustituir estos cilindros hidr\u00e1ulicos con nuestros productos. Nuestros productos son un sustituto perfecto para estos cilindros hidr\u00e1ulicos. <\/p>\n<p><img decoding=\"async\" src=\"https:\/\/www.hydraulic-cylinders.net\/wp-content\/uploads\/2025\/01\/songte-oil-pipes-and-spare-parts.webp\"><\/p>\n<h2>Aplicaciones<\/h2>\n<p>El cilindro del brazo para la excavadora mediana Volwa DLS230-8H tiene diversas aplicaciones en diferentes industrias, tales como:<\/p>\n<ul>\n<li><strong>Ingenier\u00eda de la construcci\u00f3n:<\/strong> En excavadoras y gr\u00faas, los cilindros de los brazos controlan el movimiento de las palas o plumas para trabajos de movimiento de tierras, manipulaci\u00f3n de materiales e instalaci\u00f3n de estructuras.<\/li>\n<li><strong>Fabricaci\u00f3n:<\/strong> En las l\u00edneas de producci\u00f3n automatizadas, los cilindros de los brazos controlan el movimiento de los brazos mec\u00e1nicos para realizar procesos de ensamblaje, soldadura y manipulaci\u00f3n, mejorando la eficiencia y la precisi\u00f3n de la producci\u00f3n.<\/li>\n<li><strong>Maquinaria agr\u00edcola:<\/strong> En la maquinaria agr\u00edcola, como cosechadoras y sembradoras, los cilindros de los brazos controlan el movimiento de los brazos operativos para ejecutar tareas como la siembra, la fertilizaci\u00f3n y la cosecha.<\/li>\n<li><strong>Miner\u00eda:<\/strong> En los equipos de miner\u00eda, los cilindros de los brazos controlan el movimiento de los brazos para extraer y transportar minerales.<\/li>\n<li><strong>Log\u00edstica y Transporte:<\/strong> En las carretillas elevadoras y los robots de manipulaci\u00f3n, los cilindros de los brazos controlan la elevaci\u00f3n y el movimiento de las horquillas para manipular y apilar materiales.<\/li>\n<\/ul>\n<p>El cilindro del brazo para la excavadora mediana Volwa DLS230-8H es vers\u00e1til, adaptable a diferentes equipos y mejora la eficiencia operativa.<\/p>\n<h2>Consideraciones de dise\u00f1o y criterios de selecci\u00f3n<\/h2>\n<p>Al dise\u00f1ar y seleccionar cilindros de brazo, se deben considerar varios factores, entre ellos:<\/p>\n<ul>\n<li><strong>Capacidad de carga:<\/strong> Los cilindros de los brazos deben ser capaces de soportar cargas pesadas, garantizando as\u00ed un funcionamiento eficiente de la m\u00e1quina en diferentes condiciones de trabajo.<\/li>\n<li><strong>Rendimiento de sellado:<\/strong> El cilindro hidr\u00e1ulico debe tener un excelente rendimiento de sellado para evitar fugas de fluido, lo que puede provocar una reducci\u00f3n del rendimiento, un mayor consumo de energ\u00eda y un desgaste prematuro.<\/li>\n<li><strong>Durabilidad:<\/strong> Los cilindros de los brazos deben estar fabricados con materiales de alta resistencia y tener una excelente resistencia al desgaste y a la corrosi\u00f3n, lo que los hace adecuados para su uso a largo plazo en entornos hostiles.<\/li>\n<li><strong>Seguridad:<\/strong> Los cilindros de los brazos deben cumplir con las normas de seguridad para prevenir accidentes y garantizar un funcionamiento seguro y fiable de la maquinaria.<\/li>\n<li><strong>Mantenimiento:<\/strong> Los cilindros de los brazos deben dise\u00f1arse para facilitar su mantenimiento y sustituci\u00f3n, lo que hace que las inspecciones y el mantenimiento regulares sean m\u00e1s convenientes y reduce el tiempo de inactividad del equipo.<\/li>\n<\/ul>\n<p><img decoding=\"async\" src=\"https:\/\/www.hydraulic-cylinders.net\/wp-content\/uploads\/2025\/01\/songte-cylinder-head-with-all-kinds-excavator-models.webp\"><\/p>\n<h2>Sellado y lubricaci\u00f3n<\/h2>\n<p>Los cilindros de brazo utilizan diversos sellos, como sellos de pist\u00f3n y sellos de v\u00e1stago, fabricados con materiales resistentes al desgaste como poliuretano y caucho de nitrilo. Las superficies de la cabeza del cilindro y del extremo del v\u00e1stago se someten a un mecanizado de precisi\u00f3n para mejorar su resistencia al desgaste. La lubricaci\u00f3n es necesaria para el correcto funcionamiento del cilindro, y se debe a\u00f1adir aceite hidr\u00e1ulico regularmente en la cantidad adecuada.<\/p>\n<h2>Medidas de inspecci\u00f3n y mantenimiento preventivo<\/h2>\n<p>Las inspecciones peri\u00f3dicas y el mantenimiento preventivo ayudan a identificar y resolver problemas potenciales a tiempo y a reducir el tiempo de inactividad de los equipos. Se pueden tomar las siguientes medidas:<\/p>\n<ul>\n<li>Inspeccione regularmente el cilindro del brazo para detectar fugas, da\u00f1os y desgaste, y reemplace las piezas desgastadas o da\u00f1adas de inmediato.<\/li>\n<li>Compruebe el nivel de aceite hidr\u00e1ulico y a\u00f1ada aceite si es necesario.<\/li>\n<li>Examine las l\u00edneas hidr\u00e1ulicas para detectar da\u00f1os y fugas, y reempl\u00e1celas si es necesario.<\/li>\n<li>Compruebe peri\u00f3dicamente que los pernos de montaje del cilindro est\u00e9n bien apretados.<\/li>\n<li>Inspeccione el v\u00e1stago del cilindro para detectar desgaste, da\u00f1os o deformaciones, y rep\u00e1relo o reempl\u00e1celo seg\u00fan sea necesario.<\/li>\n<\/ul>\n<p><img decoding=\"async\" src=\"https:\/\/www.hydraulic-cylinders.net\/wp-content\/uploads\/2025\/01\/songte-chushion-collar.webp\"><\/p>\n<h2>Gu\u00eda de instalaci\u00f3n del producto<\/h2>\n<p>El cilindro del brazo para la excavadora mediana Volwa DLS230-8H es f\u00e1cil de instalar. Siga estos pasos:<\/p>\n<ol>\n<li>Coloque el cilindro en su posici\u00f3n de montaje y alin\u00e9elo con los orificios de montaje.<\/li>\n<li>Asegure el cilindro con pernos y tuercas.<\/li>\n<li>Conecte las l\u00edneas y conexiones hidr\u00e1ulicas a los puertos del cilindro.<\/li>\n<li>Llene el sistema con aceite hidr\u00e1ulico y compruebe que no haya fugas.<\/li>\n<\/ol>\n<p>Para obtener instrucciones de instalaci\u00f3n m\u00e1s detalladas, consulte el manual del fabricante.<\/p>\n<p><img decoding=\"async\" src=\"https:\/\/www.hydraulic-cylinders.net\/wp-content\/uploads\/2025\/01\/songte-bushings-with-all-kinds-of-excavator-models.webp\"><\/p>\n<h2>Consideraciones de seguridad y factores ambientales<\/h2>\n<p>Al utilizar cilindros hidr\u00e1ulicos, la seguridad debe ser primordial. Siga las normas y directrices de seguridad para evitar accidentes y garantizar el funcionamiento seguro y fiable de la maquinaria. Adem\u00e1s, tenga en cuenta factores ambientales, como la correcta eliminaci\u00f3n del aceite hidr\u00e1ulico usado y otros residuos, para reducir el impacto ambiental.<\/p>\n<h2>Diagn\u00f3stico de fallas y problemas comunes<\/h2>\n<p>Los cilindros de los brazos pueden sufrir diversos problemas, como fugas, da\u00f1os y desgaste. Algunos problemas comunes son:<\/p>\n<ul>\n<li>Fuerza o potencia insuficiente<\/li>\n<li>movimiento lento o err\u00e1tico<\/li>\n<li>Aumento del ruido o las vibraciones<\/li>\n<li>Fuga<\/li>\n<\/ul>\n<p>Si surge alguno de estos problemas, siga las instrucciones del manual del fabricante y realice las reparaciones o sustituciones necesarias para evitar da\u00f1os mayores.<\/p>\n<h2>Soluci\u00f3n de problemas y medidas de prevenci\u00f3n<\/h2>\n<p>La resoluci\u00f3n de problemas y las medidas preventivas eficaces pueden ayudar a diagnosticar y solucionar problemas de forma temprana y reducir el tiempo de inactividad de los equipos. Tenga en cuenta lo siguiente:<\/p>\n<ul>\n<li>Inspecciones y mantenimiento regulares<\/li>\n<li>Instalaci\u00f3n adecuada<\/li>\n<li>Utilizando componentes de alta calidad<\/li>\n<li>Siguiendo las normas y directrices de seguridad<\/li>\n<\/ul>\n<p>Al adoptar estas medidas, podr\u00e1 reducir la frecuencia de los problemas y el consiguiente tiempo de inactividad de los equipos, adem\u00e1s de prolongar la vida \u00fatil del cilindro del brazo.<\/p>\n<p><img decoding=\"async\" src=\"https:\/\/www.hydraulic-cylinders.net\/wp-content\/uploads\/2025\/01\/songte-company-4.webp\"><\/p>\n<h2>Sobre nosotros<\/h2>\n<p>Somos fabricantes profesionales de cilindros hidr\u00e1ulicos de repuesto y ofrecemos una amplia gama de productos. Somos uno de los principales fabricantes y distribuidores mayoristas de cilindros hidr\u00e1ulicos a nivel nacional e internacional. Nos regimos por el principio de la excelencia en la calidad, aplicando estrategias de gesti\u00f3n de producci\u00f3n industrializadas en talleres de fabricaci\u00f3n de \u00faltima generaci\u00f3n, mejorando continuamente nuestro nivel t\u00e9cnico y la eficiencia de nuestra producci\u00f3n. Mediante la incorporaci\u00f3n de equipos de fabricaci\u00f3n digitalizados de alta gama y sistemas de prueba profesionales, optimizamos la plataforma de fabricaci\u00f3n, mejoramos el proceso de control de calidad del producto y contamos con una gran capacidad de innovaci\u00f3n. Nuestro objetivo es satisfacer las diversas necesidades de nuestros clientes con eficiencia, precisi\u00f3n y alta calidad.<\/p>\n<h3>Profesionalismo<\/h3>\n<p>Somos un equipo de profesionales altamente cualificados con amplia experiencia en la fabricaci\u00f3n, investigaci\u00f3n y desarrollo de cilindros hidr\u00e1ulicos. Nos comprometemos a brindar a nuestros clientes los mejores productos y servicios de manera oportuna y eficiente.<\/p>\n<h3>Certificaci\u00f3n Internacional<\/h3>\n<p>Nuestros productos han superado certificaciones internacionales como ISO, CE y SGS, lo que demuestra nuestro compromiso con la calidad y la seguridad.<\/p>\n<h3>Servicios de personalizaci\u00f3n<\/h3>\n<p>Ofrecemos cilindros hidr\u00e1ulicos personalizados seg\u00fan los requisitos espec\u00edficos del cliente, garantizando que satisfagan sus necesidades y preferencias \u00fanicas.<\/p>\n<h3>Equipos de producci\u00f3n<\/h3>\n<p>Utilizamos equipos de fabricaci\u00f3n digitalizados de alta gama para garantizar la alta calidad y precisi\u00f3n de nuestros productos, lo que tambi\u00e9n mejora la eficiencia de la producci\u00f3n.<\/p>\n<h3>Servicio postventa<\/h3>\n<p>Ofrecemos un excelente servicio postventa, que incluye soporte para la instalaci\u00f3n, mantenimiento y servicios de reemplazo, para garantizar la satisfacci\u00f3n del cliente. <\/p>\n<p><img decoding=\"async\" src=\"https:\/\/www.hydraulic-cylinders.net\/wp-content\/uploads\/2025\/01\/songte-company-3.webp\"><\/p>\n<p>Nos comprometemos a brindar cilindros hidr\u00e1ulicos de alta calidad y un excelente servicio a nuestros clientes. Nuestros productos se adaptan a diferentes equipos y satisfacen diversas necesidades industriales. <\/p>\n<p>Autor: lyl<\/p>","protected":false},"excerpt":{"rendered":"<p>Arm Cylinder For Volwa Middle Excavator DLS230-8H Introduction An arm cylinder is a specially designed hydraulic cylinder used to provide linear motion and power to the arms of various machinery, such as excavators, cranes, and mechanical arms. The arm cylinder plays a key role in hydraulic systems, enabling attachments or accessories to move and be [&hellip;]<\/p>","protected":false},"featured_media":14777,"comment_status":"open","ping_status":"closed","template":"","meta":{"_et_pb_use_builder":"","_et_pb_old_content":"","_et_gb_content_width":""},"product_brand":[],"product_cat":[1497],"product_tag":[1498,1496],"class_list":{"0":"post-16820","1":"product","2":"type-product","3":"status-publish","4":"has-post-thumbnail","6":"product_cat-arm-cylinders","7":"product_tag-arm-cylinders","8":"product_tag-hydraulic-cylinders","10":"first","11":"instock","12":"shipping-taxable","13":"product-type-simple"},"amp_enabled":true,"_links":{"self":[{"href":"https:\/\/www.hydraulic-cylinders.net\/es\/wp-json\/wp\/v2\/product\/16820","targetHints":{"allow":["GET"]}}],"collection":[{"href":"https:\/\/www.hydraulic-cylinders.net\/es\/wp-json\/wp\/v2\/product"}],"about":[{"href":"https:\/\/www.hydraulic-cylinders.net\/es\/wp-json\/wp\/v2\/types\/product"}],"replies":[{"embeddable":true,"href":"https:\/\/www.hydraulic-cylinders.net\/es\/wp-json\/wp\/v2\/comments?post=16820"}],"wp:featuredmedia":[{"embeddable":true,"href":"https:\/\/www.hydraulic-cylinders.net\/es\/wp-json\/wp\/v2\/media\/14777"}],"wp:attachment":[{"href":"https:\/\/www.hydraulic-cylinders.net\/es\/wp-json\/wp\/v2\/media?parent=16820"}],"wp:term":[{"taxonomy":"product_brand","embeddable":true,"href":"https:\/\/www.hydraulic-cylinders.net\/es\/wp-json\/wp\/v2\/product_brand?post=16820"},{"taxonomy":"product_cat","embeddable":true,"href":"https:\/\/www.hydraulic-cylinders.net\/es\/wp-json\/wp\/v2\/product_cat?post=16820"},{"taxonomy":"product_tag","embeddable":true,"href":"https:\/\/www.hydraulic-cylinders.net\/es\/wp-json\/wp\/v2\/product_tag?post=16820"}],"curies":[{"name":"wp","href":"https:\/\/api.w.org\/{rel}","templated":true}]}}