{"id":16827,"date":"2025-01-21T05:57:18","date_gmt":"2025-01-21T05:57:18","guid":{"rendered":"https:\/\/www.hydraulic-cylinders.net\/product\/arm-cylinder-for-volwa-cane-unloader-dls880-9a\/"},"modified":"2025-01-21T05:57:23","modified_gmt":"2025-01-21T05:57:23","slug":"arm-cylinder-for-volwa-cane-unloader-dls880-9a","status":"publish","type":"product","link":"https:\/\/www.hydraulic-cylinders.net\/es\/producto\/arm-cylinder-for-volwa-cane-unloader-dls880-9a\/","title":{"rendered":"Cilindro de brazo para descargador de ca\u00f1a Volwa DLS880-9A"},"content":{"rendered":"<h1>Cilindro de brazo para descargador de ca\u00f1a Volwa DLS880-9A<\/h1>\n<h2>Introducci\u00f3n<\/h2>\n<h3>Definir el cilindro del brazo<\/h3>\n<p>Un cilindro de brazo es un cilindro hidr\u00e1ulico especialmente dise\u00f1ado que proporciona movimiento lineal y potencia a los brazos de diversos tipos de maquinaria, como excavadoras, gr\u00faas y brazos mec\u00e1nicos. Los cilindros de brazo desempe\u00f1an un papel fundamental en los sistemas hidr\u00e1ulicos, permitiendo que los accesorios se muevan y se controlen eficazmente. Estos cilindros no solo logran un movimiento suave, sino que tambi\u00e9n soportan cargas pesadas, garantizando un funcionamiento eficiente y la fiabilidad de la maquinaria en diversas condiciones de operaci\u00f3n.<\/p>\n<p><img decoding=\"async\" src=\"https:\/\/www.hydraulic-cylinders.net\/wp-content\/uploads\/2025\/01\/songte-company-2.webp\" alt=\"Imagen del cilindro del brazo\"><\/p>\n<h3>Caracter\u00edsticas del cilindro del brazo<\/h3>\n<ul>\n<li><b>Transmisi\u00f3n de alta eficiencia:<\/b> Los cilindros de brazo proporcionan un potente movimiento y fuerza lineal, lo que garantiza un rendimiento de alta eficiencia de los brazos mec\u00e1nicos en diversas operaciones.<\/li>\n<li><b>Control preciso:<\/b> Los cilindros del brazo pueden lograr un control de movimiento preciso a trav\u00e9s de sistemas hidr\u00e1ulicos, lo que hace que la operaci\u00f3n de los accesorios sea m\u00e1s flexible y precisa.<\/li>\n<li><b>Fuerte durabilidad:<\/b> Los cilindros de los brazos suelen estar fabricados con materiales de alta resistencia, con buena resistencia al desgaste y a la corrosi\u00f3n, adecuados para su uso a largo plazo en entornos hostiles.<\/li>\n<li><b>Adaptabilidad multifuncional:<\/b> Estos cilindros son ampliamente utilizados en diversos equipos mec\u00e1nicos, como excavadoras, gr\u00faas y brazos mec\u00e1nicos, adapt\u00e1ndose a diferentes requisitos de trabajo.<\/li>\n<li><b>F\u00e1cil mantenimiento:<\/b> Dise\u00f1ado para un f\u00e1cil mantenimiento y reemplazo, las inspecciones y el mantenimiento regulares se vuelven m\u00e1s convenientes, reduciendo el tiempo de inactividad del equipo.<\/li>\n<\/ul>\n<p>Podemos producir este producto, que puede reemplazar perfectamente estos cilindros hidr\u00e1ulicos.<\/p>\n<p><img decoding=\"async\" src=\"https:\/\/www.hydraulic-cylinders.net\/wp-content\/uploads\/2025\/01\/songte-oil-pipes-and-spare-parts.webp\" alt=\"Imagen de piezas del cilindro hidr\u00e1ulico\"><\/p>\n<h2>Aplicaciones del cilindro de brazo<\/h2>\n<p>El cilindro de brazo se utiliza ampliamente en diversas industrias, entre ellas:<\/p>\n<ul>\n<li><b>Ingenier\u00eda de construcci\u00f3n:<\/b> En excavadoras y gr\u00faas, los cilindros de brazo se utilizan para controlar el movimiento de cucharones o brazos de pluma, realizar movimientos de tierra, manipulaci\u00f3n de materiales e instalaci\u00f3n estructural.<\/li>\n<li><b>Fabricaci\u00f3n:<\/b> En las l\u00edneas de producci\u00f3n automatizadas, los cilindros de brazo se utilizan para el movimiento de brazos mec\u00e1nicos, realizando procesos de ensamblaje, soldadura y manipulaci\u00f3n, mejorando la eficiencia y la precisi\u00f3n de la producci\u00f3n.<\/li>\n<li><b>Maquinaria agr\u00edcola:<\/b> En maquinaria agr\u00edcola, como cosechadoras y sembradoras, los cilindros de brazo controlan el movimiento de los brazos operativos, realizando tareas de siembra, fertilizaci\u00f3n y cosecha.<\/li>\n<li><b>Miner\u00eda:<\/b> En los equipos de miner\u00eda, los cilindros de brazo se utilizan para controlar el movimiento del brazo del equipo de miner\u00eda, realizando la extracci\u00f3n y el transporte de mineral.<\/li>\n<li><b>Log\u00edstica y transporte:<\/b> En carretillas elevadoras y robots de manipulaci\u00f3n, se utilizan cilindros de brazo para controlar la elevaci\u00f3n y el movimiento de las horquillas, realizando as\u00ed la manipulaci\u00f3n y el apilado de materiales.<\/li>\n<\/ul>\n<h2>Consideraciones de dise\u00f1o y criterios de selecci\u00f3n<\/h2>\n<h3>Capacidad de carga<\/h3>\n<p>La capacidad de carga del cilindro del brazo es un factor crucial en el dise\u00f1o. Debemos asegurarnos de que el cilindro pueda soportar la carga aplicada sin fallas ni pandeo.<\/p>\n<h3>Caza de focas<\/h3>\n<p>El cilindro del brazo requiere un sellado de alta calidad para evitar fugas. Utilizamos diversos componentes de sellado, como sellos de pist\u00f3n y de v\u00e1stago, fabricados con materiales resistentes al desgaste como poliuretano y caucho de nitrilo, para garantizar una larga vida \u00fatil del cilindro.<\/p>\n<h3>Durabilidad<\/h3>\n<p>El cilindro del brazo debe ser duradero y resistente al desgaste, la corrosi\u00f3n y otras formas de da\u00f1o que puedan ocurrir en entornos hostiles.<\/p>\n<h3>Seguridad<\/h3>\n<p>El cilindro del brazo debe dise\u00f1arse pensando en la seguridad. Se deben incorporar mecanismos de seguridad, como v\u00e1lvulas de alivio de presi\u00f3n, para evitar sobrecargas.<\/p>\n<h3>Mantenibilidad<\/h3>\n<p>El cilindro del brazo debe estar dise\u00f1ado para facilitar su mantenimiento y reparaci\u00f3n, con piezas de repuesto f\u00e1cilmente disponibles y un programa de mantenimiento claro.<\/p>\n<p><img decoding=\"async\" src=\"https:\/\/www.hydraulic-cylinders.net\/wp-content\/uploads\/2025\/01\/songte-cylinder-head-with-all-kinds-excavator-models.webp\" alt=\"Imagen de la cabeza del cilindro hidr\u00e1ulico\"><\/p>\n<h2>Sellado y lubricaci\u00f3n<\/h2>\n<p>Se utilizan diversos componentes de sellado, como sellos de pist\u00f3n y de v\u00e1stago, para prevenir fugas. Estos componentes est\u00e1n fabricados con materiales resistentes al desgaste, como poliuretano y caucho de nitrilo. Las superficies de la culata, el pist\u00f3n y el v\u00e1stago se procesan con precisi\u00f3n para mejorar la resistencia al desgaste. La lubricaci\u00f3n regular con aceite hidr\u00e1ulico es necesaria para garantizar el buen funcionamiento del cilindro.<\/p>\n<h2>Medidas de mantenimiento y prevenci\u00f3n<\/h2>\n<ul>\n<li>Se debe realizar una inspecci\u00f3n y un mantenimiento regulares del cilindro del brazo para identificar posibles problemas antes de que se agraven.<\/li>\n<li>El reemplazo de piezas desgastadas o da\u00f1adas debe realizarse r\u00e1pidamente para evitar da\u00f1os mayores.<\/li>\n<li>Uso de aceite hidr\u00e1ulico y elementos filtrantes adecuados para garantizar una lubricaci\u00f3n adecuada y evitar la contaminaci\u00f3n.<\/li>\n<\/ul>\n<p><img decoding=\"async\" src=\"https:\/\/www.hydraulic-cylinders.net\/wp-content\/uploads\/2025\/01\/songte-chushion-collar.webp\" alt=\"Imagen del collar del cilindro hidr\u00e1ulico\"><\/p>\n<h2>Instrucciones de instalaci\u00f3n<\/h2>\n<p>Siga estos pasos para instalar el cilindro del brazo:<\/p>\n<ol>\n<li>Aseg\u00farese de que las superficies de montaje est\u00e9n limpias y libres de residuos.<\/li>\n<li>Aplique una capa fina de aceite hidr\u00e1ulico al v\u00e1stago del cilindro.<\/li>\n<li>Monte el cilindro en la orientaci\u00f3n correcta y aseg\u00farelo en su lugar.<\/li>\n<li>Conecte las mangueras y accesorios hidr\u00e1ulicos al cilindro.<\/li>\n<li>Compruebe si hay fugas y apriete correctamente todos los accesorios.<\/li>\n<\/ol>\n<p><img decoding=\"async\" src=\"https:\/\/www.hydraulic-cylinders.net\/wp-content\/uploads\/2025\/01\/songte-bushings-with-all-kinds-of-excavator-models.webp\" alt=\"Imagen de bujes de cilindros hidr\u00e1ulicos\"><\/p>\n<h2>Consideraciones de seguridad y factores ambientales<\/h2>\n<p>Al trabajar con equipos hidr\u00e1ulicos, la seguridad debe ser una prioridad absoluta. Se debe seguir la capacitaci\u00f3n, el equipo de protecci\u00f3n y los protocolos de seguridad adecuados.<\/p>\n<h2>Soluci\u00f3n de problemas y problemas comunes<\/h2>\n<p>Los problemas comunes con los cilindros de brazo incluyen fugas, funcionamiento lento y falta de retenci\u00f3n de presi\u00f3n. Estos problemas pueden deberse a sellos desgastados, fluido hidr\u00e1ulico contaminado o componentes da\u00f1ados. La soluci\u00f3n del problema implica identificar la causa y tomar las medidas correctivas adecuadas.<\/p>\n<h2>Conclusi\u00f3n<\/h2>\n<p>Somos un fabricante profesional de cilindros hidr\u00e1ulicos con una amplia gama de productos y somos reconocidos como uno de los principales fabricantes y distribuidores mayoristas de cilindros hidr\u00e1ulicos en el mercado nacional e internacional. Nos adherimos siempre al principio de excelencia en calidad, bas\u00e1ndonos en la estrategia de gesti\u00f3n de producci\u00f3n industrializada de nuestro taller de fabricaci\u00f3n de precisi\u00f3n, mejorando continuamente nuestro nivel t\u00e9cnico y eficiencia de producci\u00f3n. Nuestro objetivo es satisfacer las diversas necesidades de nuestros clientes con los principios de alta eficiencia, precisi\u00f3n y alta calidad.<\/p>\n<p><img decoding=\"async\" src=\"https:\/\/www.hydraulic-cylinders.net\/wp-content\/uploads\/2025\/01\/songte-company-4.webp\" alt=\"Imagen de la empresa de cilindros hidr\u00e1ulicos\"><br \/>\n<img decoding=\"async\" src=\"https:\/\/www.hydraulic-cylinders.net\/wp-content\/uploads\/2025\/01\/songte-company-3.webp\" alt=\"Imagen de la empresa de cilindros hidr\u00e1ulicos\"><\/p>\n<h2>Descripci\u00f3n general de la empresa<\/h2>\n<ul>\n<li><b>Profesionalismo:<\/b> Nuestro equipo est\u00e1 formado por profesionales altamente experimentados y calificados que est\u00e1n comprometidos a proporcionar cilindros hidr\u00e1ulicos de alta calidad.<\/li>\n<li><b>Certificaciones internacionales:<\/b> Nuestros productos han obtenido diversas certificaciones internacionales, como ISO9001, CE y TUV, garantizando su calidad y confiabilidad.<\/li>\n<li><b>Personalizaci\u00f3n:<\/b> Proporcionamos cilindros hidr\u00e1ulicos personalizados seg\u00fan los requisitos del cliente, garantizando que se satisfagan sus necesidades espec\u00edficas.<\/li>\n<li><b>Equipo de producci\u00f3n:<\/b> Nuestro equipo de producci\u00f3n incluye equipos de fabricaci\u00f3n digital de alta gama y sistemas de pruebas profesionales, lo que nos permite producir productos de alta calidad de manera eficiente.<\/li>\n<li><b>Servicio postventa:<\/b> Brindamos soporte posventa las 24 horas, los 7 d\u00edas de la semana para garantizar que nuestros clientes puedan obtener soluciones oportunas y efectivas a cualquier problema que encuentren.<\/li>\n<\/ul>\n<p>Autor: lyl<\/p>","protected":false},"excerpt":{"rendered":"<p>Arm Cylinder For Volwa Cane Unloader DLS880-9A Introduction Defining Arm Cylinder An arm cylinder is a specially designed hydraulic cylinder used to provide linear motion and power for arms of various types of machinery, such as excavators, cranes, and mechanical arms. Arm cylinders play a critical role in hydraulic systems, enabling attachments or accessories to [&hellip;]<\/p>","protected":false},"featured_media":14786,"comment_status":"open","ping_status":"closed","template":"","meta":{"_et_pb_use_builder":"","_et_pb_old_content":"","_et_gb_content_width":""},"product_brand":[],"product_cat":[1497],"product_tag":[1498,1496],"class_list":{"0":"post-16827","1":"product","2":"type-product","3":"status-publish","4":"has-post-thumbnail","6":"product_cat-arm-cylinders","7":"product_tag-arm-cylinders","8":"product_tag-hydraulic-cylinders","10":"first","11":"instock","12":"shipping-taxable","13":"product-type-simple"},"amp_enabled":true,"_links":{"self":[{"href":"https:\/\/www.hydraulic-cylinders.net\/es\/wp-json\/wp\/v2\/product\/16827","targetHints":{"allow":["GET"]}}],"collection":[{"href":"https:\/\/www.hydraulic-cylinders.net\/es\/wp-json\/wp\/v2\/product"}],"about":[{"href":"https:\/\/www.hydraulic-cylinders.net\/es\/wp-json\/wp\/v2\/types\/product"}],"replies":[{"embeddable":true,"href":"https:\/\/www.hydraulic-cylinders.net\/es\/wp-json\/wp\/v2\/comments?post=16827"}],"wp:featuredmedia":[{"embeddable":true,"href":"https:\/\/www.hydraulic-cylinders.net\/es\/wp-json\/wp\/v2\/media\/14786"}],"wp:attachment":[{"href":"https:\/\/www.hydraulic-cylinders.net\/es\/wp-json\/wp\/v2\/media?parent=16827"}],"wp:term":[{"taxonomy":"product_brand","embeddable":true,"href":"https:\/\/www.hydraulic-cylinders.net\/es\/wp-json\/wp\/v2\/product_brand?post=16827"},{"taxonomy":"product_cat","embeddable":true,"href":"https:\/\/www.hydraulic-cylinders.net\/es\/wp-json\/wp\/v2\/product_cat?post=16827"},{"taxonomy":"product_tag","embeddable":true,"href":"https:\/\/www.hydraulic-cylinders.net\/es\/wp-json\/wp\/v2\/product_tag?post=16827"}],"curies":[{"name":"wp","href":"https:\/\/api.w.org\/{rel}","templated":true}]}}