{"id":16848,"date":"2025-01-21T06:07:46","date_gmt":"2025-01-21T06:07:46","guid":{"rendered":"https:\/\/www.hydraulic-cylinders.net\/product\/arm-cylinder-for-atlas-2006lc\/"},"modified":"2025-01-21T06:07:53","modified_gmt":"2025-01-21T06:07:53","slug":"arm-cylinder-for-atlas-2006lc","status":"publish","type":"product","link":"https:\/\/www.hydraulic-cylinders.net\/es\/producto\/arm-cylinder-for-atlas-2006lc\/","title":{"rendered":"Cilindro de brazo para Atlas 2006LC"},"content":{"rendered":"<h2>Cilindro de brazo para Atlas 2006LC<\/h2>\n<h3>Introducci\u00f3n<\/h3>\n<p>El cilindro hidr\u00e1ulico de brazo es un cilindro especialmente dise\u00f1ado para proporcionar movimiento lineal y potencia a los brazos de diversos tipos de maquinaria, como excavadoras, gr\u00faas y brazos mec\u00e1nicos. Este cilindro desempe\u00f1a un papel crucial en los sistemas hidr\u00e1ulicos, permitiendo el movimiento y control efectivo de herramientas o implementos adicionales. Adem\u00e1s de proporcionar un movimiento suave, estos cilindros soportan cargas pesadas, garantizando el funcionamiento eficiente y la fiabilidad de la maquinaria en diversas condiciones de trabajo.<\/p>\n<p><img decoding=\"async\" src=\"https:\/\/www.hydraulic-cylinders.net\/wp-content\/uploads\/2025\/01\/songte-company-2.webp\"><\/p>\n<h3>Caracter\u00edsticas<\/h3>\n<ul>\n<li><strong>Transmisi\u00f3n de potencia eficiente:<\/strong> El cilindro del brazo proporciona un potente movimiento lineal y fuerza, lo que garantiza un alto rendimiento del brazo mec\u00e1nico en diversas operaciones.<\/li>\n<li><strong>Control preciso:<\/strong> A trav\u00e9s del sistema hidr\u00e1ulico, el cilindro del brazo puede lograr un control de movimiento preciso, haciendo que la operaci\u00f3n de herramientas adicionales sea m\u00e1s flexible y precisa.<\/li>\n<li><strong>Fuerte durabilidad:<\/strong> Los cilindros de los brazos suelen estar fabricados con materiales de alta resistencia, con buena resistencia al desgaste y a la corrosi\u00f3n, adecuados para su uso a largo plazo en entornos hostiles.<\/li>\n<li><strong>Adaptabilidad multifuncional:<\/strong> Estos cilindros pueden aplicarse ampliamente a diversos equipos mec\u00e1nicos, como excavadoras, gr\u00faas y brazos mec\u00e1nicos, para satisfacer diferentes necesidades de trabajo.<\/li>\n<li><strong>F\u00e1cil mantenimiento:<\/strong> Dise\u00f1ado para facilitar el mantenimiento y la sustituci\u00f3n, lo que hace que las inspecciones y el mantenimiento regulares sean m\u00e1s convenientes y reduce el tiempo de inactividad del equipo.<\/li>\n<\/ul>\n<p>Podemos fabricar este producto y nuestro producto puede reemplazar perfectamente estos cilindros hidr\u00e1ulicos.<\/p>\n<p><img decoding=\"async\" src=\"https:\/\/www.hydraulic-cylinders.net\/wp-content\/uploads\/2025\/01\/songte-oil-pipes-and-spare-parts.webp\"><\/p>\n<h3>Aplicaciones<\/h3>\n<p>El cilindro de brazo se utiliza ampliamente en diversas industrias, entre ellas:<\/p>\n<ul>\n<li><strong>Construcci\u00f3n:<\/strong> En excavadoras y gr\u00faas, el cilindro del brazo se utiliza para controlar el movimiento de cucharones o plumas para el movimiento de tierras, la manipulaci\u00f3n de materiales y la instalaci\u00f3n de estructuras.<\/li>\n<li><strong>Fabricaci\u00f3n:<\/strong> En las l\u00edneas de producci\u00f3n automatizadas, el cilindro del brazo se utiliza para el movimiento de los brazos mec\u00e1nicos en los procesos de ensamblaje, soldadura y manipulaci\u00f3n, mejorando la eficiencia y la precisi\u00f3n de la producci\u00f3n.<\/li>\n<li><strong>Maquinaria agr\u00edcola:<\/strong> En maquinaria agr\u00edcola como cosechadoras y sembradoras, el cilindro del brazo controla el movimiento del brazo operativo para tareas como la siembra, la fertilizaci\u00f3n y la cosecha.<\/li>\n<li><strong>Miner\u00eda:<\/strong> En los equipos de miner\u00eda, el cilindro del brazo se utiliza para controlar el movimiento del brazo para la extracci\u00f3n y el manejo de materiales.<\/li>\n<li><strong>Log\u00edstica y Transporte:<\/strong> En las carretillas elevadoras y los robots de manipulaci\u00f3n, el cilindro del brazo se utiliza para controlar el movimiento de las horquillas para la manipulaci\u00f3n y el apilamiento de materiales.<\/li>\n<\/ul>\n<h3>Consideraciones de dise\u00f1o y criterios de selecci\u00f3n<\/h3>\n<p>Al dise\u00f1ar y seleccionar cilindros de brazo, se deben considerar varios factores:<\/p>\n<ul>\n<li><strong>Capacidad de carga:<\/strong> El cilindro del brazo debe ser capaz de soportar el peso y la fuerza de la herramienta o accesorio acoplado.<\/li>\n<li><strong>Caza de focas:<\/strong> Para evitar fugas de fluidos, deben utilizarse diversos componentes de sellado, como juntas de pist\u00f3n y juntas de v\u00e1stago.<\/li>\n<li><strong>Durabilidad:<\/strong> Deben utilizarse materiales de alta resistencia y tratamientos superficiales para garantizar la resistencia al desgaste y la corrosi\u00f3n, especialmente en entornos hostiles.<\/li>\n<li><strong>Seguridad:<\/strong> El dise\u00f1o debe tener en cuenta la seguridad del operador y del entorno, evitando, por ejemplo, movimientos bruscos o impactos.<\/li>\n<li><strong>Mantenibilidad:<\/strong> El dise\u00f1o debe ser f\u00e1cil de desmontar y reparar, y se debe realizar un mantenimiento regular para garantizar un rendimiento \u00f3ptimo.<\/li>\n<\/ul>\n<p><img decoding=\"async\" src=\"https:\/\/www.hydraulic-cylinders.net\/wp-content\/uploads\/2025\/01\/songte-cylinder-head-with-all-kinds-excavator-models.webp\"><\/p>\n<h3>Sellado y lubricaci\u00f3n<\/h3>\n<p>Los cilindros de brazo utilizan diversos sellos, como sellos de pist\u00f3n y sellos de v\u00e1stago, fabricados con materiales resistentes al desgaste como poliuretano y caucho de nitrilo. El cuerpo del cilindro y la superficie del extremo de la rosca se procesan con precisi\u00f3n para mejorar su resistencia al desgaste. Es necesaria una lubricaci\u00f3n regular con aceite hidr\u00e1ulico para reducir la fricci\u00f3n y el desgaste, garantizando as\u00ed el correcto funcionamiento del cilindro.<\/p>\n<h3>Mantenimiento y prevenci\u00f3n<\/h3>\n<p>La inspecci\u00f3n peri\u00f3dica y el mantenimiento preventivo son esenciales para garantizar el correcto funcionamiento de los cilindros del brazo. Deben adoptarse las siguientes medidas:<\/p>\n<ul>\n<li><strong>Comprueba los precintos:<\/strong> Revise los sellos peri\u00f3dicamente para asegurarse de que no haya fugas.<\/li>\n<li><strong>Compruebe el cuerpo del cilindro:<\/strong> Inspeccione el cuerpo del cilindro para detectar cualquier signo de da\u00f1o o desgaste.<\/li>\n<li><strong>Compruebe el montaje:<\/strong> Compruebe que los pernos y tuercas de montaje est\u00e9n apretados correctamente.<\/li>\n<li><strong>Controle el aceite hidr\u00e1ulico:<\/strong> Controle el nivel y la calidad del aceite hidr\u00e1ulico y c\u00e1mbielo regularmente.<\/li>\n<\/ul>\n<p>Para minimizar los posibles problemas, es importante tomar medidas preventivas, como evitar la sobrecarga, evitar movimientos o impactos bruscos y asegurar un montaje adecuado.<\/p>\n<p><img decoding=\"async\" src=\"https:\/\/www.hydraulic-cylinders.net\/wp-content\/uploads\/2025\/01\/songte-chushion-collar.webp\"><\/p>\n<h3>Gu\u00eda de instalaci\u00f3n del producto<\/h3>\n<p>Para la instalaci\u00f3n del cilindro del brazo se deben seguir los siguientes pasos:<\/p>\n<ol>\n<li>Retire el cilindro viejo y limpie la superficie de montaje.<\/li>\n<li>Instale el nuevo cilindro y apriete los pernos y tuercas de montaje al par especificado.<\/li>\n<li>Conecte las mangueras y racores hidr\u00e1ulicos.<\/li>\n<li>Llene el sistema hidr\u00e1ulico con aceite hidr\u00e1ulico.<\/li>\n<\/ol>\n<p>Antes de poner en marcha la maquinaria, compruebe que el cilindro funciona correctamente y que no hay fugas.<\/p>\n<p><img decoding=\"async\" src=\"https:\/\/www.hydraulic-cylinders.net\/wp-content\/uploads\/2025\/01\/songte-bushings-with-all-kinds-of-excavator-models.webp\"><\/p>\n<h3>Consideraciones de seguridad y medio ambiente<\/h3>\n<p>Al utilizar cilindros hidr\u00e1ulicos, deben adoptarse medidas de seguridad para garantizar la seguridad del operario y del entorno. Los operarios deben recibir la formaci\u00f3n adecuada sobre el manejo seguro de la maquinaria. Asimismo, es importante cumplir la normativa medioambiental relativa a la eliminaci\u00f3n del aceite hidr\u00e1ulico y otros residuos.<\/p>\n<h3>Soluci\u00f3n de problemas y problemas comunes<\/h3>\n<p>Entre los problemas comunes que pueden ocurrir con los cilindros de los brazos se incluyen fugas en los sellos, da\u00f1os en el cilindro y problemas de montaje. Si surge alg\u00fan problema, se deben tener en cuenta los siguientes consejos y soluciones:<\/p>\n<ul>\n<li><strong>Juntas con fugas:<\/strong> Reemplace las juntas y aseg\u00farese de que la instalaci\u00f3n sea correcta.<\/li>\n<li><strong>Da\u00f1os en el cilindro:<\/strong> Reparar o sustituir el cilindro seg\u00fan sea necesario.<\/li>\n<li><strong>Problemas de montaje:<\/strong> Compruebe los pernos y tuercas de montaje y aseg\u00farese de que est\u00e9n apretados correctamente.<\/li>\n<\/ul>\n<p>Para prevenir posibles problemas, es importante tomar medidas preventivas, como evitar la sobrecarga y los movimientos bruscos, y asegurar un montaje y mantenimiento adecuados.<\/p>\n<p><img decoding=\"async\" src=\"https:\/\/www.hydraulic-cylinders.net\/wp-content\/uploads\/2025\/01\/songte-company-4.webp\"><br \/>\n<img decoding=\"async\" src=\"https:\/\/www.hydraulic-cylinders.net\/wp-content\/uploads\/2025\/01\/songte-company-3.webp\"><\/p>\n<h3>Sobre nosotros<\/h3>\n<p>Somos fabricantes profesionales de cilindros hidr\u00e1ulicos de repuesto con una amplia gama de productos, y nos hemos consolidado como uno de los principales fabricantes y distribuidores mayoristas de cilindros hidr\u00e1ulicos en los mercados nacionales e internacionales. Nos regimos por el principio de la excelencia en la calidad, nos apoyamos en una estrategia de gesti\u00f3n de producci\u00f3n industrial en un taller de fabricaci\u00f3n de vanguardia y mejoramos continuamente nuestro nivel t\u00e9cnico y eficiencia productiva. Mediante la incorporaci\u00f3n de equipos de fabricaci\u00f3n digital avanzados y sistemas de prueba profesionales, optimizamos constantemente nuestra plataforma de fabricaci\u00f3n, mejoramos el proceso de control de calidad de nuestros productos y contamos con una s\u00f3lida capacidad de innovaci\u00f3n. Nuestro objetivo es satisfacer las diversas necesidades de nuestros clientes con eficiencia, precisi\u00f3n y alta calidad.<\/p>\n<p>Nuestra empresa es conocida por su profesionalismo, certificaci\u00f3n internacional, servicios personalizados, equipos de producci\u00f3n de alta calidad y excelente servicio postventa.<\/p>\n<p>Autor: lyl.<\/p>","protected":false},"excerpt":{"rendered":"<p>Arm Cylinder For Atlas 2006LC Introduction The arm cylinder is a specially designed hydraulic cylinder used to provide linear motion and power to the arms of various types of machinery, such as excavators, cranes, and mechanical arms. The arm cylinder plays a crucial role in hydraulic systems, allowing additional tools or attachments to move and [&hellip;]<\/p>","protected":false},"featured_media":14786,"comment_status":"open","ping_status":"closed","template":"","meta":{"_et_pb_use_builder":"","_et_pb_old_content":"","_et_gb_content_width":""},"product_brand":[],"product_cat":[1497],"product_tag":[1498,1496],"class_list":{"0":"post-16848","1":"product","2":"type-product","3":"status-publish","4":"has-post-thumbnail","6":"product_cat-arm-cylinders","7":"product_tag-arm-cylinders","8":"product_tag-hydraulic-cylinders","10":"first","11":"instock","12":"shipping-taxable","13":"product-type-simple"},"amp_enabled":true,"_links":{"self":[{"href":"https:\/\/www.hydraulic-cylinders.net\/es\/wp-json\/wp\/v2\/product\/16848","targetHints":{"allow":["GET"]}}],"collection":[{"href":"https:\/\/www.hydraulic-cylinders.net\/es\/wp-json\/wp\/v2\/product"}],"about":[{"href":"https:\/\/www.hydraulic-cylinders.net\/es\/wp-json\/wp\/v2\/types\/product"}],"replies":[{"embeddable":true,"href":"https:\/\/www.hydraulic-cylinders.net\/es\/wp-json\/wp\/v2\/comments?post=16848"}],"wp:featuredmedia":[{"embeddable":true,"href":"https:\/\/www.hydraulic-cylinders.net\/es\/wp-json\/wp\/v2\/media\/14786"}],"wp:attachment":[{"href":"https:\/\/www.hydraulic-cylinders.net\/es\/wp-json\/wp\/v2\/media?parent=16848"}],"wp:term":[{"taxonomy":"product_brand","embeddable":true,"href":"https:\/\/www.hydraulic-cylinders.net\/es\/wp-json\/wp\/v2\/product_brand?post=16848"},{"taxonomy":"product_cat","embeddable":true,"href":"https:\/\/www.hydraulic-cylinders.net\/es\/wp-json\/wp\/v2\/product_cat?post=16848"},{"taxonomy":"product_tag","embeddable":true,"href":"https:\/\/www.hydraulic-cylinders.net\/es\/wp-json\/wp\/v2\/product_tag?post=16848"}],"curies":[{"name":"wp","href":"https:\/\/api.w.org\/{rel}","templated":true}]}}