{"id":16849,"date":"2025-01-21T06:07:55","date_gmt":"2025-01-21T06:07:55","guid":{"rendered":"https:\/\/www.hydraulic-cylinders.net\/product\/arm-cylinder-for-atlas-2306lc\/"},"modified":"2025-01-21T06:07:57","modified_gmt":"2025-01-21T06:07:57","slug":"arm-cylinder-for-atlas-2306lc","status":"publish","type":"product","link":"https:\/\/www.hydraulic-cylinders.net\/es\/producto\/arm-cylinder-for-atlas-2306lc\/","title":{"rendered":"Cilindro de brazo para Atlas 2306LC"},"content":{"rendered":"<h2>Cilindro de brazo para Atlas 2306LC<\/h2>\n<h3>Introducci\u00f3n<\/h3>\n<p>El cilindro del brazo es un cilindro hidr\u00e1ulico de dise\u00f1o especial que se utiliza principalmente para proporcionar movimiento lineal y potencia a diversos brazos mec\u00e1nicos, como excavadoras, gr\u00faas y brazos rob\u00f3ticos. Este cilindro desempe\u00f1a un papel fundamental en el sistema hidr\u00e1ulico, permitiendo el movimiento y control efectivos de herramientas o implementos adicionales. Adem\u00e1s de proporcionar un movimiento suave, estos cilindros soportan cargas pesadas, lo que garantiza el funcionamiento eficiente y la fiabilidad de la maquinaria en diversas condiciones operativas.<\/p>\n<p><img decoding=\"async\" src=\"https:\/\/www.hydraulic-cylinders.net\/wp-content\/uploads\/2025\/01\/songte-company-2.webp\" \/><\/p>\n<h3>Caracter\u00edsticas<\/h3>\n<ul>\n<li><b>Transmisi\u00f3n de potencia eficiente:<\/b> El cilindro del brazo proporciona un potente movimiento lineal y fuerza, lo que garantiza una alta eficiencia del brazo mec\u00e1nico en diversas operaciones.<\/li>\n<li><b>Control preciso:<\/b> A trav\u00e9s del sistema hidr\u00e1ulico, el cilindro del brazo puede lograr un control de movimiento preciso, haciendo que la operaci\u00f3n de herramientas adicionales sea m\u00e1s flexible y precisa.<\/li>\n<li><b>Fuerte durabilidad:<\/b> El cilindro del brazo suele estar fabricado con materiales de alta resistencia y posee una buena resistencia al desgaste y a la corrosi\u00f3n, lo que lo hace adecuado para su uso a largo plazo en entornos hostiles.<\/li>\n<li><b>Adaptabilidad multifuncional:<\/b> Estos cilindros pueden utilizarse ampliamente en una variedad de equipos mec\u00e1nicos, como excavadoras, gr\u00faas y brazos rob\u00f3ticos, para adaptarse a diferentes requisitos de trabajo.<\/li>\n<li><b>F\u00e1cil mantenimiento:<\/b> Se considera que el dise\u00f1o es f\u00e1cil de mantener y reemplazar, lo que hace que la inspecci\u00f3n y el mantenimiento regulares sean m\u00e1s convenientes y reduce el tiempo de inactividad del equipo.<\/li>\n<\/ul>\n<p><img decoding=\"async\" src=\"https:\/\/www.hydraulic-cylinders.net\/wp-content\/uploads\/2025\/01\/songte-oil-pipes-and-spare-parts.webp\" \/><\/p>\n<h3>Aplicaciones<\/h3>\n<p>El cilindro de brazo se utiliza ampliamente en diversas industrias, entre ellas:<\/p>\n<ul>\n<li><b>Construcci\u00f3n:<\/b> En excavadoras y gr\u00faas, el cilindro del brazo se utiliza para controlar el movimiento del cuchar\u00f3n o la pluma para trabajos de movimiento de tierras, manipulaci\u00f3n de materiales e instalaci\u00f3n de estructuras.<\/li>\n<li><b>Fabricaci\u00f3n:<\/b> En las l\u00edneas de producci\u00f3n automatizadas, el cilindro del brazo se utiliza para el movimiento de los brazos rob\u00f3ticos en los procesos de ensamblaje, soldadura y manipulaci\u00f3n, mejorando la eficiencia y la precisi\u00f3n de la producci\u00f3n.<\/li>\n<li><b>Maquinaria agr\u00edcola:<\/b> En maquinaria agr\u00edcola como cosechadoras y sembradoras, el cilindro del brazo controla el movimiento del brazo operativo para realizar tareas como la siembra, la fertilizaci\u00f3n y la cosecha.<\/li>\n<li><b>Miner\u00eda:<\/b> En los equipos de miner\u00eda, el cilindro del brazo se utiliza para controlar el movimiento del brazo de la maquinaria para la extracci\u00f3n y el transporte de minerales.<\/li>\n<li><b>Log\u00edstica y Transporte:<\/b> En las carretillas elevadoras y los robots de manipulaci\u00f3n, el cilindro del brazo se utiliza para controlar la elevaci\u00f3n y el movimiento de la horquilla de carga, realizando as\u00ed la manipulaci\u00f3n y el apilamiento de materiales.<\/li>\n<\/ul>\n<h3>Consideraciones de dise\u00f1o y criterios de selecci\u00f3n<\/h3>\n<p>En cuanto al dise\u00f1o, algunos de los factores cr\u00edticos para el cilindro del brazo incluyen:<\/p>\n<ul>\n<li><b>Capacidad de carga:<\/b> El cilindro del brazo debe ser capaz de soportar la capacidad de carga m\u00e1xima de la maquinaria.<\/li>\n<li><b>Caza de focas:<\/b> El cilindro debe dise\u00f1arse con un sellado adecuado para evitar fugas de fluido hidr\u00e1ulico.<\/li>\n<li><b>Durabilidad:<\/b> El cilindro deber\u00e1 estar fabricado con materiales resistentes al desgaste y a la corrosi\u00f3n para garantizar su uso a largo plazo.<\/li>\n<li><b>Seguridad:<\/b> Deben incorporarse las caracter\u00edsticas de seguridad adecuadas en el dise\u00f1o para garantizar que el cilindro funcione de forma segura.<\/li>\n<li><b>Mantenibilidad:<\/b> El cilindro debe dise\u00f1arse para facilitar el mantenimiento y la sustituci\u00f3n de piezas a fin de minimizar el tiempo de inactividad.<\/li>\n<\/ul>\n<p><img decoding=\"async\" src=\"https:\/\/www.hydraulic-cylinders.net\/wp-content\/uploads\/2025\/01\/songte-cylinder-head-with-all-kinds-excavator-models.webp\" \/><\/p>\n<h3>Sellado y lubricaci\u00f3n<\/h3>\n<p>El cilindro del brazo debe emplear diversos componentes de sellado, como juntas de pist\u00f3n y de v\u00e1stago, fabricados con materiales resistentes al desgaste, como poliuretano y caucho de nitrilo. El cuerpo del cilindro y las superficies de los extremos de la rosca deben someterse a un mecanizado de precisi\u00f3n para mejorar su resistencia al desgaste. Se debe a\u00f1adir aceite hidr\u00e1ulico adecuado al cilindro de forma regular para su lubricaci\u00f3n.<\/p>\n<h3>Medidas de mantenimiento y prevenci\u00f3n<\/h3>\n<ul>\n<li><b>Inspecciones peri\u00f3dicas:<\/b> Deben realizarse inspecciones peri\u00f3dicas para comprobar si hay da\u00f1os, corrosi\u00f3n o fugas en el cilindro.<\/li>\n<li><b>Mantenimiento preventivo:<\/b> Se debe realizar un mantenimiento peri\u00f3dico para reemplazar las piezas desgastadas y prevenir posibles problemas.<\/li>\n<li><b>Almacenamiento adecuado:<\/b> El cilindro debe almacenarse en condiciones adecuadas, como un ambiente seco y limpio, para evitar da\u00f1os o corrosi\u00f3n.<\/li>\n<\/ul>\n<h3>Gu\u00eda de instalaci\u00f3n<\/h3>\n<p>Los siguientes son los pasos para instalar el cilindro del brazo:<\/p>\n<ol>\n<li>Aseg\u00farese de que la superficie de montaje est\u00e9 limpia y libre de residuos.<\/li>\n<li>Alinee el cilindro con la superficie de montaje y f\u00edjelo en su lugar.<\/li>\n<li>Conecte las l\u00edneas hidr\u00e1ulicas al cilindro.<\/li>\n<li>A\u00f1adir fluido hidr\u00e1ulico al sistema.<\/li>\n<li>Realice una prueba de presi\u00f3n en el sistema antes de su funcionamiento.<\/li>\n<\/ol>\n<p><img decoding=\"async\" src=\"https:\/\/www.hydraulic-cylinders.net\/wp-content\/uploads\/2025\/01\/songte-bushings-with-all-kinds-of-excavator-models.webp\" \/><\/p>\n<h3>Consideraciones de seguridad y factores ambientales<\/h3>\n<p>Al utilizar el cilindro del brazo, deben seguirse las medidas de seguridad adecuadas para prevenir accidentes, como el uso de equipo de protecci\u00f3n y el cumplimiento de los procedimientos operativos correctos. Asimismo, deben tenerse en cuenta factores ambientales, como la temperatura y la humedad, para garantizar que el cilindro funcione de manera eficiente y segura.<\/p>\n<h3>Soluci\u00f3n de problemas y problemas comunes<\/h3>\n<p>Algunos problemas comunes del cilindro del brazo incluyen fugas, potencia insuficiente y movimiento lento. Para solucionar estos problemas, se debe realizar una inspecci\u00f3n y pruebas adecuadas para identificar la causa ra\u00edz. Algunas medidas preventivas incluyen el mantenimiento regular, el uso del fluido hidr\u00e1ulico adecuado y un almacenamiento correcto.<\/p>\n<p><img decoding=\"async\" src=\"https:\/\/www.hydraulic-cylinders.net\/wp-content\/uploads\/2025\/01\/songte-chushion-collar.webp\" \/><\/p>\n<h3>Sobre nosotros<\/h3>\n<p>Somos fabricantes profesionales de cilindros hidr\u00e1ulicos de repuesto, con una amplia gama de productos y una posici\u00f3n de liderazgo en la fabricaci\u00f3n y distribuci\u00f3n mayorista de cilindros hidr\u00e1ulicos en los mercados nacionales e internacionales. Nos regimos por el principio de la excelencia en la calidad y, gracias a una estrategia de gesti\u00f3n de producci\u00f3n industrializada en nuestros talleres de fabricaci\u00f3n de precisi\u00f3n, mejoramos constantemente nuestro nivel t\u00e9cnico y la eficiencia de nuestra producci\u00f3n. Mediante la incorporaci\u00f3n de equipos de fabricaci\u00f3n digital avanzados y sistemas de prueba profesionales, optimizamos continuamente nuestra plataforma de fabricaci\u00f3n, mejoramos nuestros procesos de control de calidad y contamos con una gran capacidad de innovaci\u00f3n. Nuestro objetivo es satisfacer las diversas necesidades de nuestros clientes con alta eficiencia, precisi\u00f3n y calidad.<\/p>\n<p><img decoding=\"async\" src=\"https:\/\/www.hydraulic-cylinders.net\/wp-content\/uploads\/2025\/01\/songte-company-4.webp\" \/><\/p>\n<h3>Nuestras especialidades<\/h3>\n<ul>\n<li><b>Profesionalismo:<\/b> Contamos con un equipo de profesionales con amplia experiencia en la fabricaci\u00f3n y el dise\u00f1o de cilindros hidr\u00e1ulicos.<\/li>\n<li><b>Certificaci\u00f3n Internacional:<\/b> Hemos obtenido diversas certificaciones internacionales, como ISO9001, CE y SGS.<\/li>\n<li><b>Personalizaci\u00f3n:<\/b> Ofrecemos soluciones personalizadas de cilindros hidr\u00e1ulicos para satisfacer las necesidades espec\u00edficas de nuestros clientes.<\/li>\n<li><b>Equipo de producci\u00f3n:<\/b> Contamos con equipos de fabricaci\u00f3n digital avanzados y sistemas de prueba profesionales.<\/li>\n<li><b>Servicio postventa:<\/b> Ofrecemos un servicio postventa oportuno y eficiente para garantizar la satisfacci\u00f3n del cliente.<\/li>\n<\/ul>\n<p><img decoding=\"async\" src=\"https:\/\/www.hydraulic-cylinders.net\/wp-content\/uploads\/2025\/01\/songte-company-3.webp\" \/><\/p>\n<p>Autor: lyl.<\/p>","protected":false},"excerpt":{"rendered":"<p>Arm Cylinder For Atlas 2306LC Introduction The arm cylinder is a specially designed hydraulic cylinder that is mainly used to provide linear motion and power for various mechanical arms, such as excavators, cranes and robotic arms. The arm cylinder plays a key role in the hydraulic system, allowing additional tools or attachments to move and [&hellip;]<\/p>","protected":false},"featured_media":14783,"comment_status":"open","ping_status":"closed","template":"","meta":{"_et_pb_use_builder":"","_et_pb_old_content":"","_et_gb_content_width":""},"product_brand":[],"product_cat":[1497],"product_tag":[1498,1496],"class_list":{"0":"post-16849","1":"product","2":"type-product","3":"status-publish","4":"has-post-thumbnail","6":"product_cat-arm-cylinders","7":"product_tag-arm-cylinders","8":"product_tag-hydraulic-cylinders","10":"first","11":"instock","12":"shipping-taxable","13":"product-type-simple"},"amp_enabled":true,"_links":{"self":[{"href":"https:\/\/www.hydraulic-cylinders.net\/es\/wp-json\/wp\/v2\/product\/16849","targetHints":{"allow":["GET"]}}],"collection":[{"href":"https:\/\/www.hydraulic-cylinders.net\/es\/wp-json\/wp\/v2\/product"}],"about":[{"href":"https:\/\/www.hydraulic-cylinders.net\/es\/wp-json\/wp\/v2\/types\/product"}],"replies":[{"embeddable":true,"href":"https:\/\/www.hydraulic-cylinders.net\/es\/wp-json\/wp\/v2\/comments?post=16849"}],"wp:featuredmedia":[{"embeddable":true,"href":"https:\/\/www.hydraulic-cylinders.net\/es\/wp-json\/wp\/v2\/media\/14783"}],"wp:attachment":[{"href":"https:\/\/www.hydraulic-cylinders.net\/es\/wp-json\/wp\/v2\/media?parent=16849"}],"wp:term":[{"taxonomy":"product_brand","embeddable":true,"href":"https:\/\/www.hydraulic-cylinders.net\/es\/wp-json\/wp\/v2\/product_brand?post=16849"},{"taxonomy":"product_cat","embeddable":true,"href":"https:\/\/www.hydraulic-cylinders.net\/es\/wp-json\/wp\/v2\/product_cat?post=16849"},{"taxonomy":"product_tag","embeddable":true,"href":"https:\/\/www.hydraulic-cylinders.net\/es\/wp-json\/wp\/v2\/product_tag?post=16849"}],"curies":[{"name":"wp","href":"https:\/\/api.w.org\/{rel}","templated":true}]}}