{"id":16858,"date":"2025-01-21T06:08:30","date_gmt":"2025-01-21T06:08:30","guid":{"rendered":"https:\/\/www.hydraulic-cylinders.net\/product\/arm-cylinder-for-bonny-ce1000-7\/"},"modified":"2025-01-21T06:08:32","modified_gmt":"2025-01-21T06:08:32","slug":"arm-cylinder-for-bonny-ce1000-7","status":"publish","type":"product","link":"https:\/\/www.hydraulic-cylinders.net\/es\/producto\/arm-cylinder-for-bonny-ce1000-7\/","title":{"rendered":"Cilindro de brazo para Bonny CE1000-7"},"content":{"rendered":"<h1>Cilindro de brazo para Bonny CE1000-7<\/h1>\n<h2>Descripci\u00f3n general del producto<\/h2>\n<p>El cilindro de brazo es un cilindro hidr\u00e1ulico especializado, dise\u00f1ado para proporcionar movimiento lineal y potencia a los brazos de diversas m\u00e1quinas, como excavadoras, gr\u00faas y brazos mec\u00e1nicos. Desempe\u00f1a un papel crucial en los sistemas hidr\u00e1ulicos, permitiendo el movimiento y control efectivos de implementos y accesorios. Estos cilindros no solo proporcionan un movimiento suave, sino que tambi\u00e9n soportan cargas pesadas, garantizando un funcionamiento eficiente y la fiabilidad de la maquinaria en diversas condiciones de operaci\u00f3n.<\/p>\n<p><img decoding=\"async\" src=\"https:\/\/www.hydraulic-cylinders.net\/wp-content\/uploads\/2025\/01\/songte-company-2.webp\" alt=\"Imagen del cilindro del brazo\" \/><\/p>\n<h2>Caracter\u00edsticas del producto<\/h2>\n<ul>\n<li>\n<h3>Transmisi\u00f3n de alta eficiencia<\/h3>\n<p>El cilindro del brazo proporciona un fuerte movimiento lineal y fuerza, lo que garantiza un rendimiento de alta eficiencia en diversas operaciones del brazo mec\u00e1nico.<\/p>\n<\/li>\n<li>\n<h3>Control de precisi\u00f3n<\/h3>\n<p>A trav\u00e9s del sistema hidr\u00e1ulico, el cilindro del brazo puede lograr un control de movimiento preciso, haciendo que el funcionamiento del accesorio sea m\u00e1s flexible y preciso.<\/p>\n<\/li>\n<li>\n<h3>Gran durabilidad<\/h3>\n<p>El cilindro del brazo generalmente est\u00e1 hecho de materiales de alta resistencia, que tienen buena resistencia al desgaste y a la corrosi\u00f3n, adecuados para uso a largo plazo en entornos hostiles.<\/p>\n<\/li>\n<li>\n<h3>Adaptabilidad multifuncional<\/h3>\n<p>Estos cilindros se pueden utilizar ampliamente en diversos equipos mec\u00e1nicos como excavadoras, gr\u00faas y brazos mec\u00e1nicos, adapt\u00e1ndose a diferentes necesidades de trabajo.<\/p>\n<\/li>\n<li>\n<h3>F\u00e1cil mantenimiento<\/h3>\n<p>Se tienen en cuenta consideraciones de dise\u00f1o para facilitar el mantenimiento y el reemplazo, lo que hace que la inspecci\u00f3n y el mantenimiento regulares sean m\u00e1s convenientes y reducen el tiempo de inactividad del equipo.<\/p>\n<\/li>\n<\/ul>\n<p>Podemos fabricar este producto y puede sustituir perfectamente a estos cilindros hidr\u00e1ulicos.<\/p>\n<p><img decoding=\"async\" src=\"https:\/\/www.hydraulic-cylinders.net\/wp-content\/uploads\/2025\/01\/songte-oil-pipes-and-spare-parts.webp\" alt=\"Imagen de piezas del cilindro hidr\u00e1ulico\" \/><\/p>\n<h2>Aplicaciones<\/h2>\n<p>El cilindro de brazo se utiliza ampliamente en diversas industrias, como:<\/p>\n<ul>\n<li>\n<h3>Ingenier\u00eda de la construcci\u00f3n<\/h3>\n<p>Se utiliza en excavadoras y gr\u00faas para controlar el movimiento de la pala o la pluma, realizar movimientos de tierra, manipulaci\u00f3n de materiales e instalaci\u00f3n de estructuras.<\/p>\n<\/li>\n<li>\n<h3>Industria manufacturera<\/h3>\n<p>Se utiliza en l\u00edneas de producci\u00f3n automatizadas para controlar el movimiento de brazos mec\u00e1nicos, realizando procesos de ensamblaje, soldadura y manipulaci\u00f3n, mejorando la eficiencia y precisi\u00f3n de la producci\u00f3n.<\/p>\n<\/li>\n<li>\n<h3>Maquinaria agr\u00edcola<\/h3>\n<p>Se utiliza en maquinaria agr\u00edcola como cosechadoras y sembradoras para controlar el movimiento del brazo operativo, realizando tareas como siembra, fertilizaci\u00f3n y cosecha.<\/p>\n<\/li>\n<li>\n<h3>Miner\u00eda<\/h3>\n<p>Se utiliza en equipos de miner\u00eda para controlar el movimiento del brazo del equipo de miner\u00eda, realizando la extracci\u00f3n y el transporte de mineral.<\/p>\n<\/li>\n<li>\n<h3>Log\u00edstica y Transporte<\/h3>\n<p>Se utiliza en carretillas elevadoras y robots de manipulaci\u00f3n para controlar la elevaci\u00f3n y el movimiento de las horquillas, consiguiendo el manejo y apilado de materiales.<\/p>\n<\/li>\n<\/ul>\n<h2>Consideraciones de dise\u00f1o y criterios de selecci\u00f3n<\/h2>\n<p>Las consideraciones de dise\u00f1o para los cilindros de brazo incluyen capacidad de carga, sellado, durabilidad, seguridad y facilidad de mantenimiento.<\/p>\n<ul>\n<li>\n<h3>Capacidad de llevar<\/h3>\n<p>La capacidad de carga del cilindro del brazo debe ser capaz de soportar la carga m\u00e1xima del brazo mec\u00e1nico durante el funcionamiento.<\/p>\n<\/li>\n<li>\n<h3>Caza de focas<\/h3>\n<p>El cilindro del brazo utiliza varios elementos de sellado, como sellos de pist\u00f3n, sellos de varilla, etc., que est\u00e1n hechos de materiales resistentes al desgaste como poliuretano y caucho de nitrilo, y el cuerpo del cilindro y las superficies de los extremos roscados est\u00e1n finamente procesados \u200b\u200bpara mejorar la resistencia al desgaste.<\/p>\n<\/li>\n<li>\n<h3>Durabilidad<\/h3>\n<p>El cilindro del brazo debe fabricarse con materiales de alta resistencia para mejorar la resistencia al desgaste, la resistencia a la corrosi\u00f3n y garantizar el uso a largo plazo en entornos hostiles.<\/p>\n<\/li>\n<li>\n<h3>Seguridad<\/h3>\n<p>El cilindro del brazo debe estar equipado con v\u00e1lvulas de seguridad y otros dispositivos de protecci\u00f3n para evitar la sobrecarga y garantizar un funcionamiento seguro.<\/p>\n<\/li>\n<li>\n<h3>Mantenibilidad<\/h3>\n<p>El dise\u00f1o del cilindro del brazo debe ser f\u00e1cil de mantener y reemplazar, lo que hace que la inspecci\u00f3n y el mantenimiento regulares sean m\u00e1s convenientes y reducen el tiempo de inactividad del equipo.<\/p>\n<\/li>\n<\/ul>\n<p><img decoding=\"async\" src=\"https:\/\/www.hydraulic-cylinders.net\/wp-content\/uploads\/2025\/01\/songte-cylinder-head-with-all-kinds-excavator-models.webp\" alt=\"Imagen de la culata\" \/><\/p>\n<h2>Sellado y lubricaci\u00f3n<\/h2>\n<p>El cilindro del brazo utiliza diversos elementos de sellado, como sellos de pist\u00f3n y de v\u00e1stago, fabricados con materiales resistentes al desgaste como poliuretano y caucho de nitrilo. El cuerpo del cilindro y las superficies roscadas de los extremos est\u00e1n finamente procesadas para mejorar la resistencia al desgaste. Es necesario a\u00f1adir regularmente aceite hidr\u00e1ulico adecuado para su lubricaci\u00f3n.<\/p>\n<h2>Inspecci\u00f3n peri\u00f3dica y medidas de mantenimiento preventivo<\/h2>\n<ul>\n<li>\n<p>Verifique peri\u00f3dicamente el rendimiento de sellado del cilindro del brazo y el estado de desgaste del v\u00e1stago del pist\u00f3n y el revestimiento del cilindro.<\/p>\n<\/li>\n<li>\n<p>Limpie peri\u00f3dicamente el cilindro del brazo y elimine impurezas y dep\u00f3sitos como polvo y manchas de aceite.<\/p>\n<\/li>\n<li>\n<p>Verifique la presi\u00f3n de trabajo del sistema hidr\u00e1ulico y aj\u00fastela al rango apropiado.<\/p>\n<\/li>\n<li>\n<p>Reemplace cualquier pieza desgastada o da\u00f1ada de manera oportuna.<\/p>\n<\/li>\n<\/ul>\n<h2>Gu\u00eda de instalaci\u00f3n<\/h2>\n<p>Antes de la instalaci\u00f3n, es necesario limpiar el sistema hidr\u00e1ulico y comprobar la correcta conexi\u00f3n del cilindro, el sello y el v\u00e1stago del pist\u00f3n. Durante la instalaci\u00f3n, preste atenci\u00f3n a la direcci\u00f3n y la posici\u00f3n del cilindro. Arranque el sistema hidr\u00e1ulico y compruebe el rendimiento del cilindro y si presenta fugas.<\/p>\n<p><img decoding=\"async\" src=\"https:\/\/www.hydraulic-cylinders.net\/wp-content\/uploads\/2025\/01\/songte-bushings-with-all-kinds-of-excavator-models.webp\" alt=\"Imagen de bujes\" \/><\/p>\n<h2>Consideraciones de seguridad y factores ambientales<\/h2>\n<p>Al utilizar el cilindro del brazo, es necesario seguir estrictamente los procedimientos operativos y las instrucciones de seguridad para evitar accidentes. Aseg\u00farese de que el sistema hidr\u00e1ulico tenga suficiente presi\u00f3n y caudal, y que el aceite hidr\u00e1ulico est\u00e9 limpio y libre de impurezas. Preste atenci\u00f3n a factores ambientales como la temperatura y la humedad, y evite su uso en entornos extremos.<\/p>\n<h2>Soluci\u00f3n de problemas y problemas comunes<\/h2>\n<ul>\n<li>\n<p>Ruido anormal: verifique si el cilindro est\u00e1 da\u00f1ado, si el aceite hidr\u00e1ulico est\u00e1 limpio y si la presi\u00f3n es normal.<\/p>\n<\/li>\n<li>\n<p>Movimiento lento: verifique si el aceite hidr\u00e1ulico es demasiado viscoso o sucio y si la presi\u00f3n es normal.<\/p>\n<\/li>\n<li>\n<p>Fugas: verificar el rendimiento de sellado del cilindro y si el aceite hidr\u00e1ulico est\u00e1 limpio.<\/p>\n<\/li>\n<li>\n<p>Fuerza de salida insuficiente: verifique si el sistema hidr\u00e1ulico tiene suficiente presi\u00f3n y flujo.<\/p>\n<\/li>\n<\/ul>\n<p>Para solucionar problemas, es necesario seguir las instrucciones del fabricante y utilizar las herramientas y m\u00e9todos adecuados. Como medida preventiva, es necesario revisar y realizar el mantenimiento peri\u00f3dico del cilindro del brazo y del sistema hidr\u00e1ulico, y reemplazar cualquier pieza desgastada o da\u00f1ada de forma oportuna.<\/p>\n<p><img decoding=\"async\" src=\"https:\/\/www.hydraulic-cylinders.net\/wp-content\/uploads\/2025\/01\/songte-chushion-collar.webp\" alt=\"Imagen de cuello de coj\u00edn\" \/><\/p>\n<h2>Sobre nosotros<\/h2>\n<p>Somos un fabricante profesional de cilindros hidr\u00e1ulicos de repuesto con una amplia gama de productos. Nos hemos convertido en uno de los principales fabricantes y distribuidores mayoristas de cilindros hidr\u00e1ulicos en el mercado nacional e internacional. Nos adherimos siempre al principio de la excelencia en la calidad, bas\u00e1ndonos en la estrategia de gesti\u00f3n de la producci\u00f3n industrializada de nuestro taller de fabricaci\u00f3n de alta calidad, mejorando continuamente nuestro nivel tecnol\u00f3gico y la eficiencia de producci\u00f3n. Mediante la introducci\u00f3n de equipos de fabricaci\u00f3n digital de alta gama y sistemas de prueba profesionales, optimizamos la plataforma de fabricaci\u00f3n, mejoramos el proceso de control de calidad del producto y contamos con una s\u00f3lida capacidad de innovaci\u00f3n. Nuestro objetivo es satisfacer las diversas necesidades de nuestros clientes con alta eficiencia, precisi\u00f3n y principios de alta calidad.<\/p>\n<p><img decoding=\"async\" src=\"https:\/\/www.hydraulic-cylinders.net\/wp-content\/uploads\/2025\/01\/songte-company-4.webp\" alt=\"Imagen de la empresa\" \/><\/p>\n<h2>Nuestras especialidades<\/h2>\n<ul>\n<li>\n<p>Profesionalismo: Contamos con un equipo de profesionales con amplia experiencia en la producci\u00f3n y mantenimiento de cilindros hidr\u00e1ulicos, brindando a los clientes servicios profesionales y eficientes.<\/p>\n<\/li>\n<li>\n<p>Certificaci\u00f3n internacional: Nuestros productos han pasado la certificaci\u00f3n del sistema de gesti\u00f3n de calidad internacional ISO9001 y la certificaci\u00f3n CE, lo que garantiza la calidad y seguridad del producto.<\/p>\n<\/li>\n<li>\n<p>Servicios de personalizaci\u00f3n: Brindamos servicios personalizados seg\u00fan las necesidades del cliente, incluido el tama\u00f1o del cilindro, la longitud del v\u00e1stago del pist\u00f3n y otras especificaciones.<\/p>\n<\/li>\n<li>\n<p>Equipo de producci\u00f3n: Contamos con equipos de producci\u00f3n avanzados como tornos CNC, fresadoras de precisi\u00f3n y rectificadoras de alta precisi\u00f3n.<\/p>\n<\/li>\n<li>\n<p>Servicio posventa: Brindamos servicios posventa integrales, como orientaci\u00f3n sobre instalaci\u00f3n, mantenimiento y reparaci\u00f3n para garantizar la satisfacci\u00f3n del cliente.<\/p>\n<\/li>\n<\/ul>\n<p><img decoding=\"async\" src=\"https:\/\/www.hydraulic-cylinders.net\/wp-content\/uploads\/2025\/01\/songte-company-3.webp\" alt=\"Imagen de la empresa\" \/><\/p>\n<p>Autor: lyl.<\/p>","protected":false},"excerpt":{"rendered":"<p>Arm Cylinder For Bonny CE1000-7 Product Overview The arm cylinder is a specialized hydraulic cylinder designed to provide linear motion and power to arms of various machinery such as excavators, cranes, and mechanical arms. It plays a crucial role in hydraulic systems, enabling the effective movement and control of attachments and accessories. These cylinders not [&hellip;]<\/p>","protected":false},"featured_media":14786,"comment_status":"open","ping_status":"closed","template":"","meta":{"_et_pb_use_builder":"","_et_pb_old_content":"","_et_gb_content_width":""},"product_brand":[],"product_cat":[1497],"product_tag":[1498,1496],"class_list":{"0":"post-16858","1":"product","2":"type-product","3":"status-publish","4":"has-post-thumbnail","6":"product_cat-arm-cylinders","7":"product_tag-arm-cylinders","8":"product_tag-hydraulic-cylinders","10":"first","11":"instock","12":"shipping-taxable","13":"product-type-simple"},"amp_enabled":true,"_links":{"self":[{"href":"https:\/\/www.hydraulic-cylinders.net\/es\/wp-json\/wp\/v2\/product\/16858","targetHints":{"allow":["GET"]}}],"collection":[{"href":"https:\/\/www.hydraulic-cylinders.net\/es\/wp-json\/wp\/v2\/product"}],"about":[{"href":"https:\/\/www.hydraulic-cylinders.net\/es\/wp-json\/wp\/v2\/types\/product"}],"replies":[{"embeddable":true,"href":"https:\/\/www.hydraulic-cylinders.net\/es\/wp-json\/wp\/v2\/comments?post=16858"}],"wp:featuredmedia":[{"embeddable":true,"href":"https:\/\/www.hydraulic-cylinders.net\/es\/wp-json\/wp\/v2\/media\/14786"}],"wp:attachment":[{"href":"https:\/\/www.hydraulic-cylinders.net\/es\/wp-json\/wp\/v2\/media?parent=16858"}],"wp:term":[{"taxonomy":"product_brand","embeddable":true,"href":"https:\/\/www.hydraulic-cylinders.net\/es\/wp-json\/wp\/v2\/product_brand?post=16858"},{"taxonomy":"product_cat","embeddable":true,"href":"https:\/\/www.hydraulic-cylinders.net\/es\/wp-json\/wp\/v2\/product_cat?post=16858"},{"taxonomy":"product_tag","embeddable":true,"href":"https:\/\/www.hydraulic-cylinders.net\/es\/wp-json\/wp\/v2\/product_tag?post=16858"}],"curies":[{"name":"wp","href":"https:\/\/api.w.org\/{rel}","templated":true}]}}