{"id":16884,"date":"2025-01-21T06:10:24","date_gmt":"2025-01-21T06:10:24","guid":{"rendered":"https:\/\/www.hydraulic-cylinders.net\/product\/arm-cylinder-for-baoding-wy90d-9\/"},"modified":"2025-01-21T06:10:26","modified_gmt":"2025-01-21T06:10:26","slug":"arm-cylinder-for-baoding-wy90d-9","status":"publish","type":"product","link":"https:\/\/www.hydraulic-cylinders.net\/es\/producto\/arm-cylinder-for-baoding-wy90d-9\/","title":{"rendered":"Cilindro de brazo para Baoding WY90D-9"},"content":{"rendered":"<h1>Cilindro de brazo para Baoding WY90D-9<\/h1>\n<h2>Definici\u00f3n y explicaci\u00f3n del producto<\/h2>\n<p>Un cilindro de brazo es un cilindro hidr\u00e1ulico especialmente dise\u00f1ado que proporciona movimiento lineal y potencia a diversos brazos mec\u00e1nicos, como excavadoras, gr\u00faas y brazos rob\u00f3ticos. El cilindro de brazo desempe\u00f1a un papel fundamental en los sistemas hidr\u00e1ulicos, permitiendo que los implementos se muevan y controlen eficazmente. Estos cilindros no solo proporcionan un movimiento suave, sino que tambi\u00e9n soportan cargas pesadas, garantizando un funcionamiento eficiente y la fiabilidad de la maquinaria en diversas condiciones de trabajo.<\/p>\n<p><img decoding=\"async\" src=\"https:\/\/www.hydraulic-cylinders.net\/wp-content\/uploads\/2025\/01\/songte-company-2.webp\"><\/p>\n<h2>Caracter\u00edsticas del producto<\/h2>\n<ul>\n<li>\n<h3>Transmisi\u00f3n de energ\u00eda eficiente<\/h3>\n<p>Los cilindros de brazo proporcionan un fuerte movimiento lineal y fuerza, lo que garantiza un rendimiento de alta eficiencia de los brazos de la maquinaria en diversas operaciones.<\/li>\n<li>\n<h3>Control de precisi\u00f3n<\/h3>\n<p>A trav\u00e9s del sistema hidr\u00e1ulico, el cilindro del brazo puede lograr un control de movimiento preciso, haciendo que la operaci\u00f3n de las herramientas adjuntas sea m\u00e1s flexible y precisa.<\/li>\n<li>\n<h3>Gran durabilidad<\/h3>\n<p>Los cilindros de brazo generalmente est\u00e1n hechos de materiales de alta resistencia, con buena resistencia al desgaste y a la corrosi\u00f3n, adecuados para uso a largo plazo en entornos hostiles.<\/li>\n<li>\n<h3>Adaptabilidad multifuncional<\/h3>\n<p>Estos cilindros se pueden utilizar ampliamente en diversos equipos mec\u00e1nicos, como excavadoras, gr\u00faas y brazos rob\u00f3ticos, para satisfacer diferentes requisitos de trabajo.<\/li>\n<li>\n<h3>F\u00e1cil mantenimiento<\/h3>\n<p>El dise\u00f1o considera un f\u00e1cil mantenimiento y reemplazo, haciendo que la inspecci\u00f3n y el mantenimiento regulares sean m\u00e1s convenientes, reduciendo el tiempo de inactividad del equipo.<\/li>\n<\/ul>\n<p>Fabricamos este producto y ofrecemos un sustituto perfecto para estos cilindros hidr\u00e1ulicos.<\/p>\n<p><img decoding=\"async\" src=\"https:\/\/www.hydraulic-cylinders.net\/wp-content\/uploads\/2025\/01\/songte-oil-pipes-and-spare-parts.webp\"><\/p>\n<h2>Aplicaciones del producto<\/h2>\n<p>Los cilindros de brazo se utilizan ampliamente en diversas industrias:<\/p>\n<ul>\n<li>\n<h3>Ingenier\u00eda de la construcci\u00f3n<\/h3>\n<p>Los cilindros de brazo se utilizan para controlar el movimiento del cuchar\u00f3n o la pluma en excavadoras y gr\u00faas para realizar movimiento de tierras, manipulaci\u00f3n de materiales e instalaci\u00f3n estructural.<\/li>\n<li>\n<h3>Industria manufacturera<\/h3>\n<p>Los cilindros de brazo se utilizan en el movimiento de brazos rob\u00f3ticos en l\u00edneas de producci\u00f3n automatizadas para realizar procesos de ensamblaje, soldadura y manipulaci\u00f3n, mejorando la eficiencia y la precisi\u00f3n de la producci\u00f3n.<\/li>\n<li>\n<h3>Maquinaria agr\u00edcola<\/h3>\n<p>Los cilindros de brazo controlan los movimientos de los brazos operativos en maquinaria agr\u00edcola como cosechadoras y sembradoras, realizando tareas como siembra, fertilizaci\u00f3n y cosecha.<\/li>\n<li>\n<h3>Industria minera<\/h3>\n<p>Los cilindros de brazo se utilizan para controlar los movimientos del brazo de los equipos de miner\u00eda para la extracci\u00f3n y el transporte de minerales.<\/li>\n<li>\n<h3>Log\u00edstica y Transporte<\/h3>\n<p>Los cilindros de brazo se utilizan para controlar la elevaci\u00f3n y el movimiento de las horquillas en carretillas elevadoras y robots de manipulaci\u00f3n para transportar y apilar materiales.<\/li>\n<\/ul>\n<h2>Consideraciones de dise\u00f1o de producto y criterios de selecci\u00f3n<\/h2>\n<p>Al dise\u00f1ar cilindros de brazo, se deben considerar varios factores cr\u00edticos:<\/p>\n<ul>\n<li>\n<h3>Capacidad de carga<\/h3>\n<p>El cilindro del brazo debe tener la capacidad de soportar cargas pesadas sin sufrir da\u00f1os.<\/li>\n<li>\n<h3>Caza de focas<\/h3>\n<p>Se utilizan varios elementos de sellado, como sellos de pist\u00f3n y sellos de v\u00e1stago, para proporcionar un cilindro herm\u00e9tico y a prueba de fugas.<\/li>\n<li>\n<h3>Durabilidad<\/h3>\n<p>El cuerpo del cilindro, el pist\u00f3n y la varilla est\u00e1n fabricados con materiales de alta resistencia para garantizar la durabilidad y la resistencia a la corrosi\u00f3n.<\/li>\n<li>\n<h3>Seguridad<\/h3>\n<p>El dise\u00f1o debe considerar factores de seguridad, como protecci\u00f3n contra sobrecarga y parada de emergencia, para garantizar la seguridad del personal y el equipo.<\/li>\n<li>\n<h3>Mantenibilidad<\/h3>\n<p>El dise\u00f1o debe considerar la facilidad de mantenimiento y reemplazo de componentes para minimizar el tiempo de inactividad y reducir los costos de mantenimiento.<\/li>\n<\/ul>\n<p><img decoding=\"async\" src=\"https:\/\/www.hydraulic-cylinders.net\/wp-content\/uploads\/2025\/01\/songte-cylinder-head-with-all-kinds-excavator-models.webp\"><\/p>\n<h2>Sellado y lubricaci\u00f3n de productos<\/h2>\n<p>Se utilizan diversos elementos de sellado, como sellos de pist\u00f3n y de v\u00e1stago, para garantizar la hermeticidad y la estanqueidad del cilindro. Las piezas de sellado est\u00e1n fabricadas con materiales resistentes al desgaste, como poliuretano y caucho de nitrilo, para garantizar un uso prolongado en entornos hostiles. El cuerpo del cilindro y la superficie del extremo de la rosca est\u00e1n finamente procesados \u200b\u200bpara mejorar la resistencia al desgaste. Es necesario rellenar regularmente la cantidad adecuada de aceite hidr\u00e1ulico para la lubricaci\u00f3n.<\/p>\n<p><img decoding=\"async\" src=\"https:\/\/www.hydraulic-cylinders.net\/wp-content\/uploads\/2025\/01\/songte-chushion-collar.webp\"><\/p>\n<h2>Mantenimiento y soluci\u00f3n de problemas del producto<\/h2>\n<p>La inspecci\u00f3n regular y el mantenimiento preventivo son necesarios para garantizar el funcionamiento eficiente y fiable de los cilindros del brazo. A continuaci\u00f3n, se presentan algunos consejos comunes de mantenimiento y soluci\u00f3n de problemas:<\/p>\n<ul>\n<li>\n<h3>Inspecci\u00f3n regular<\/h3>\n<p>Revise el cilindro para detectar posibles da\u00f1os, fugas o grietas y reemplace a tiempo las piezas desgastadas.<\/li>\n<li>\n<h3>Mantenimiento preventivo<\/h3>\n<p>Realice mantenimiento preventivo para garantizar que el cilindro est\u00e9 en buenas condiciones de funcionamiento.<\/li>\n<li>\n<h3>Soluci\u00f3n de problemas<\/h3>\n<p>Si hay alg\u00fan problema con el cilindro, como una fuga o un ruido anormal, realice un diagn\u00f3stico y reparaci\u00f3n sistem\u00e1ticos.<\/li>\n<li>\n<h3>Medidas preventivas<\/h3>\n<p>Tome medidas preventivas, como el mantenimiento regular y el reemplazo de piezas desgastadas, para minimizar posibles problemas y prolongar la vida \u00fatil del cilindro.<\/li>\n<\/ul>\n<h2>Gu\u00eda de instalaci\u00f3n del producto<\/h2>\n<p>Instrucciones para la instalaci\u00f3n del cilindro de brazo para Baoding WY90D-9:<\/p>\n<ol>\n<li>Prepare el lugar de instalaci\u00f3n y aseg\u00farese de que la superficie de instalaci\u00f3n est\u00e9 limpia y libre de residuos.<\/li>\n<li>Instale el cilindro de acuerdo con las instrucciones de instalaci\u00f3n y la direcci\u00f3n de instalaci\u00f3n correcta.<\/li>\n<li>Conecte la tuber\u00eda hidr\u00e1ulica y apriete las uniones.<\/li>\n<li>Realice una prueba de presi\u00f3n para asegurarse de que el cilindro funciona correctamente y no hay fugas.<\/li>\n<li>Despu\u00e9s de la instalaci\u00f3n, realice un mantenimiento e inspecci\u00f3n regulares del cilindro.<\/li>\n<\/ol>\n<p><img decoding=\"async\" src=\"https:\/\/www.hydraulic-cylinders.net\/wp-content\/uploads\/2025\/01\/songte-bushings-with-all-kinds-of-excavator-models.webp\"><\/p>\n<h2>Consideraciones sobre la seguridad del producto y factores ambientales<\/h2>\n<p>La seguridad es un factor crucial en el uso de cilindros de brazo. Los operadores deben seguir las normas de seguridad y tomar las medidas adecuadas para garantizar su seguridad y la de quienes los rodean. Adem\u00e1s, factores ambientales, como la temperatura y la humedad, pueden afectar el rendimiento y la vida \u00fatil del cilindro. Por lo tanto, es fundamental considerar estos factores al seleccionar y utilizar cilindros de brazo.<\/p>\n<h2>Sobre nosotros<\/h2>\n<p>Somos un fabricante profesional de cilindros hidr\u00e1ulicos de repuesto con una amplia gama de productos y nos hemos convertido en uno de los principales fabricantes y distribuidores mayoristas de cilindros hidr\u00e1ulicos en los mercados nacional e internacional. Nos adherimos siempre al principio de la excelencia en la calidad, nos basamos en estrategias de gesti\u00f3n de la producci\u00f3n industrializada en talleres de alta calidad y mejoramos continuamente nuestro nivel t\u00e9cnico y eficiencia de producci\u00f3n. Mediante la introducci\u00f3n de equipos de fabricaci\u00f3n digital de alta gama y sistemas de prueba profesionales, optimizamos continuamente la plataforma de fabricaci\u00f3n, mejoramos los procesos de control de calidad de los productos y contamos con una s\u00f3lida capacidad de innovaci\u00f3n. Nuestro objetivo es satisfacer las diversas necesidades de nuestros clientes con alta eficiencia, precisi\u00f3n y principios de alta calidad.<\/p>\n<p>Ofrecemos servicios personalizados y contamos con diversas certificaciones internacionales como ISO9001, CE y SGS. Contamos con equipos de producci\u00f3n avanzados y un eficiente servicio posventa para garantizar la satisfacci\u00f3n del cliente.<\/p>\n<p><img decoding=\"async\" src=\"https:\/\/www.hydraulic-cylinders.net\/wp-content\/uploads\/2025\/01\/songte-company-4.webp\"><br \/>\n<img decoding=\"async\" src=\"https:\/\/www.hydraulic-cylinders.net\/wp-content\/uploads\/2025\/01\/songte-company-3.webp\"><\/p>\n<p>Autor: lyl<\/p>","protected":false},"excerpt":{"rendered":"<p>Arm Cylinder for Baoding WY90D-9 Product Definition and Explanation An arm cylinder is a specially designed hydraulic cylinder used to provide linear motion and power to various mechanical arms, such as excavators, cranes, and robotic arms. The arm cylinder plays a critical role in hydraulic systems, enabling attachments to move and control effectively. These cylinders [&hellip;]<\/p>","protected":false},"featured_media":14770,"comment_status":"open","ping_status":"closed","template":"","meta":{"_et_pb_use_builder":"","_et_pb_old_content":"","_et_gb_content_width":""},"product_brand":[],"product_cat":[1497],"product_tag":[1498,1496],"class_list":{"0":"post-16884","1":"product","2":"type-product","3":"status-publish","4":"has-post-thumbnail","6":"product_cat-arm-cylinders","7":"product_tag-arm-cylinders","8":"product_tag-hydraulic-cylinders","10":"first","11":"instock","12":"shipping-taxable","13":"product-type-simple"},"amp_enabled":true,"_links":{"self":[{"href":"https:\/\/www.hydraulic-cylinders.net\/es\/wp-json\/wp\/v2\/product\/16884","targetHints":{"allow":["GET"]}}],"collection":[{"href":"https:\/\/www.hydraulic-cylinders.net\/es\/wp-json\/wp\/v2\/product"}],"about":[{"href":"https:\/\/www.hydraulic-cylinders.net\/es\/wp-json\/wp\/v2\/types\/product"}],"replies":[{"embeddable":true,"href":"https:\/\/www.hydraulic-cylinders.net\/es\/wp-json\/wp\/v2\/comments?post=16884"}],"wp:featuredmedia":[{"embeddable":true,"href":"https:\/\/www.hydraulic-cylinders.net\/es\/wp-json\/wp\/v2\/media\/14770"}],"wp:attachment":[{"href":"https:\/\/www.hydraulic-cylinders.net\/es\/wp-json\/wp\/v2\/media?parent=16884"}],"wp:term":[{"taxonomy":"product_brand","embeddable":true,"href":"https:\/\/www.hydraulic-cylinders.net\/es\/wp-json\/wp\/v2\/product_brand?post=16884"},{"taxonomy":"product_cat","embeddable":true,"href":"https:\/\/www.hydraulic-cylinders.net\/es\/wp-json\/wp\/v2\/product_cat?post=16884"},{"taxonomy":"product_tag","embeddable":true,"href":"https:\/\/www.hydraulic-cylinders.net\/es\/wp-json\/wp\/v2\/product_tag?post=16884"}],"curies":[{"name":"wp","href":"https:\/\/api.w.org\/{rel}","templated":true}]}}