{"id":16888,"date":"2025-01-21T06:10:42","date_gmt":"2025-01-21T06:10:42","guid":{"rendered":"https:\/\/www.hydraulic-cylinders.net\/product\/arm-cylinder-for-baoding-sc240sd-8\/"},"modified":"2025-01-21T06:10:44","modified_gmt":"2025-01-21T06:10:44","slug":"arm-cylinder-for-baoding-sc240sd-8","status":"publish","type":"product","link":"https:\/\/www.hydraulic-cylinders.net\/es\/producto\/arm-cylinder-for-baoding-sc240sd-8\/","title":{"rendered":"Cilindro de brazo para Baoding SC240SD.8"},"content":{"rendered":"<h1>Cilindro de brazo para Baoding SC240SD.8<\/h1>\n<h2>Introducci\u00f3n<\/h2>\n<p>El cilindro de brazo es un cilindro hidr\u00e1ulico especialmente dise\u00f1ado que se utiliza principalmente para proporcionar movimiento lineal y potencia a los brazos de diversos tipos de maquinaria, como excavadoras, gr\u00faas y brazos mec\u00e1nicos. El cilindro de brazo desempe\u00f1a un papel crucial en los sistemas hidr\u00e1ulicos, permitiendo que los accesorios se muevan y controlen eficazmente. Estos cilindros no solo proporcionan un movimiento suave, sino que tambi\u00e9n soportan cargas pesadas, garantizando un funcionamiento eficiente y la fiabilidad de la maquinaria en diversas condiciones de trabajo.<\/p>\n<p><img decoding=\"async\" src=\"https:\/\/www.hydraulic-cylinders.net\/wp-content\/uploads\/2025\/01\/songte-company-2.webp\"><\/p>\n<h2>Caracter\u00edsticas<\/h2>\n<ul>\n<li>Transmisi\u00f3n de potencia eficiente: el cilindro del brazo puede proporcionar un fuerte movimiento y fuerza lineal, lo que garantiza un rendimiento de alta eficiencia del brazo mec\u00e1nico en diversas operaciones.<\/li>\n<li>Control preciso: a trav\u00e9s de sistemas hidr\u00e1ulicos, el cilindro del brazo puede lograr un control de movimiento preciso, haciendo que la operaci\u00f3n de los accesorios sea m\u00e1s flexible y precisa.<\/li>\n<li>Gran durabilidad: el cilindro del brazo generalmente est\u00e1 hecho de materiales de alta resistencia y tiene buena resistencia al desgaste y a la corrosi\u00f3n, adecuado para uso a largo plazo en entornos hostiles.<\/li>\n<li>Adaptabilidad multifuncional: Estos cilindros pueden utilizarse ampliamente en diversos equipos mec\u00e1nicos, como excavadoras, gr\u00faas y brazos mec\u00e1nicos, adapt\u00e1ndose a diferentes requisitos de trabajo.<\/li>\n<li>Mantenimiento sencillo: El dise\u00f1o tiene en cuenta la facilidad de mantenimiento y sustituci\u00f3n, lo que hace que la inspecci\u00f3n y el mantenimiento regulares sean m\u00e1s convenientes y reduce el tiempo de inactividad del equipo.<\/li>\n<\/ul>\n<p>Podemos producir este producto y nuestros productos pueden reemplazar perfectamente estos cilindros hidr\u00e1ulicos.<\/p>\n<p><img decoding=\"async\" src=\"https:\/\/www.hydraulic-cylinders.net\/wp-content\/uploads\/2025\/01\/songte-oil-pipes-and-spare-parts.webp\"><\/p>\n<h2>Aplicaciones<\/h2>\n<p>El cilindro de brazo se utiliza ampliamente en diversas industrias como:<\/p>\n<ul>\n<li>Construcci\u00f3n: En excavadoras y gr\u00faas, el cilindro del brazo se utiliza para controlar el movimiento del cuchar\u00f3n o la pluma, para movimiento de tierras, manipulaci\u00f3n de materiales e instalaci\u00f3n de estructuras.<\/li>\n<li>Fabricaci\u00f3n: En l\u00edneas de producci\u00f3n automatizadas, el cilindro de brazo se utiliza para el movimiento de brazos mec\u00e1nicos, para procesos de ensamblaje, soldadura y manipulaci\u00f3n, mejorando la eficiencia y precisi\u00f3n de la producci\u00f3n.<\/li>\n<li>Maquinaria agr\u00edcola: En maquinaria agr\u00edcola como cosechadoras y sembradoras, el cilindro del brazo controla el movimiento del brazo operativo, realizando tareas como sembrar, fertilizar y cosechar.<\/li>\n<li>Miner\u00eda: En los equipos de miner\u00eda, el cilindro del brazo se utiliza para controlar el movimiento del brazo del equipo de miner\u00eda, para extraer y transportar mineral.<\/li>\n<li>Log\u00edstica y transporte: En carretillas elevadoras y robots de manipulaci\u00f3n, el cilindro del brazo se utiliza para controlar la elevaci\u00f3n y el movimiento de la horquilla, logrando el manejo y apilado de materiales.<\/li>\n<\/ul>\n<h2>Consideraciones de dise\u00f1o y criterios de selecci\u00f3n<\/h2>\n<p>Desde una perspectiva de dise\u00f1o, el cilindro del brazo debe considerar lo siguiente:<\/p>\n<h3>Capacidad de carga<\/h3>\n<p>El cilindro del brazo debe ser capaz de soportar la carga y proporcionar la fuerza necesaria para la operaci\u00f3n. Al seleccionarlo, se deben considerar el di\u00e1metro y la longitud de carrera del cilindro.<\/p>\n<h3>Caza de focas<\/h3>\n<p>El cilindro del brazo debe tener un buen sellado para evitar fugas. Para garantizarlo, se utilizan diversos componentes, como sellos de pist\u00f3n y de v\u00e1stago. Estos componentes est\u00e1n fabricados con materiales resistentes al desgaste, como poliuretano y caucho de nitrilo.<\/p>\n<h3>Durabilidad<\/h3>\n<p>El cilindro del brazo debe ser duradero y tener buena resistencia al desgaste y la corrosi\u00f3n. Se pueden utilizar materiales de alta resistencia, tratamientos superficiales y recubrimientos para mejorar su durabilidad.<\/p>\n<h3>Seguridad<\/h3>\n<p>El cilindro del brazo debe ser seguro y confiable, con caracter\u00edsticas como protecci\u00f3n contra sobrecarga y funciones de parada de emergencia.<\/p>\n<h3>Mantenibilidad<\/h3>\n<p>El cilindro del brazo debe ser f\u00e1cil de mantener y reparar. Su dise\u00f1o debe ser f\u00e1cil de desmontar y montar, y la sustituci\u00f3n de componentes debe ser sencilla.<\/p>\n<p><img decoding=\"async\" src=\"https:\/\/www.hydraulic-cylinders.net\/wp-content\/uploads\/2025\/01\/songte-cylinder-head-with-all-kinds-excavator-models.webp\"><\/p>\n<h2>Sellado y lubricaci\u00f3n<\/h2>\n<p>El cilindro del brazo utiliza diversos componentes de sellado, como sellos de pist\u00f3n y de v\u00e1stago, para garantizar su buen funcionamiento. Estos componentes est\u00e1n fabricados con materiales resistentes al desgaste, como poliuretano y caucho de nitrilo. El cuerpo del cilindro y la superficie del extremo de la rosca est\u00e1n finamente procesados \u200b\u200bpara mejorar la resistencia al desgaste. Es necesaria una lubricaci\u00f3n regular con aceite hidr\u00e1ulico para garantizar el buen funcionamiento del cilindro.<\/p>\n<h2>Inspecci\u00f3n regular y mantenimiento preventivo<\/h2>\n<p>Para garantizar la fiabilidad y seguridad a largo plazo del cilindro del brazo, es fundamental realizar inspecciones peri\u00f3dicas y mantenimiento preventivo. Se deben tomar las siguientes medidas:<\/p>\n<ul>\n<li>Inspeccione peri\u00f3dicamente el cuerpo del cilindro, el v\u00e1stago del pist\u00f3n y los componentes de sellado para detectar desgaste y da\u00f1os.<\/li>\n<li>Reemplace peri\u00f3dicamente los componentes de sellado para garantizar el rendimiento del sellado.<\/li>\n<li>Revise y reemplace peri\u00f3dicamente el aceite hidr\u00e1ulico.<\/li>\n<li>Revise y apriete peri\u00f3dicamente los sujetadores.<\/li>\n<li>Inspeccione y reemplace peri\u00f3dicamente el elemento filtrante.<\/li>\n<\/ul>\n<p><img decoding=\"async\" src=\"https:\/\/www.hydraulic-cylinders.net\/wp-content\/uploads\/2025\/01\/songte-chushion-collar.webp\"><\/p>\n<h2>Gu\u00eda de instalaci\u00f3n<\/h2>\n<p>La instalaci\u00f3n del cilindro del brazo debe realizarse siguiendo las instrucciones:<\/p>\n<ol>\n<li>Aseg\u00farese de que la superficie de instalaci\u00f3n sea plana y limpia.<\/li>\n<li>Instale el cilindro de acuerdo con la direcci\u00f3n de la flecha en el cuerpo del cilindro.<\/li>\n<li>Preste atenci\u00f3n a la posici\u00f3n de instalaci\u00f3n del cilindro y evite que el v\u00e1stago del pist\u00f3n sea golpeado por objetos externos.<\/li>\n<li>Aseg\u00farese de que los sujetadores est\u00e9n apretados al torque especificado.<\/li>\n<li>Verifique el funcionamiento del cilindro despu\u00e9s de la instalaci\u00f3n para asegurarse de que funcione de manera suave y correcta.<\/li>\n<\/ol>\n<p><img decoding=\"async\" src=\"https:\/\/www.hydraulic-cylinders.net\/wp-content\/uploads\/2025\/01\/songte-bushings-with-all-kinds-of-excavator-models.webp\"><\/p>\n<h2>Consideraciones de seguridad y factores ambientales<\/h2>\n<p>Al utilizar el cilindro del brazo, se deben tomar medidas de seguridad para evitar accidentes. Se deben tener en cuenta las siguientes medidas de seguridad:<\/p>\n<ul>\n<li>Aseg\u00farese de que el cilindro est\u00e9 instalado y utilizado de acuerdo con las instrucciones.<\/li>\n<li>Preste atenci\u00f3n a la capacidad de carga del cilindro y no exceda el l\u00edmite especificado.<\/li>\n<li>Revise peri\u00f3dicamente el cilindro para detectar desgaste y da\u00f1os y reemplace los componentes a tiempo.<\/li>\n<li>Utilice equipo de protecci\u00f3n para prevenir accidentes causados \u200b\u200bpor derrames de petr\u00f3leo.<\/li>\n<\/ul>\n<h2>Soluci\u00f3n de problemas y problemas comunes<\/h2>\n<p>Los problemas comunes con el cilindro del brazo incluyen fugas de aceite, potencia insuficiente y ruidos anormales. Los siguientes consejos y soluciones pueden ayudar a diagnosticar y resolver problemas:<\/p>\n<ul>\n<li>Si hay fugas de aceite en el cuerpo del cilindro, revise los componentes de sellado y reempl\u00e1celos si es necesario.<\/li>\n<li>Si la potencia es insuficiente, verifique la capacidad de carga y ajuste el sistema hidr\u00e1ulico en consecuencia.<\/li>\n<li>Si hay un ruido anormal, revise los sujetadores y los componentes de sellado y apri\u00e9telos si es necesario.<\/li>\n<\/ul>\n<p>Las medidas preventivas, como la inspecci\u00f3n regular, el mantenimiento y el reemplazo de componentes, pueden reducir posibles problemas y garantizar la confiabilidad a largo plazo del cilindro del brazo.<\/p>\n<p><img decoding=\"async\" src=\"https:\/\/www.hydraulic-cylinders.net\/wp-content\/uploads\/2025\/01\/songte-company-4.webp\"><br \/>\n<img decoding=\"async\" src=\"https:\/\/www.hydraulic-cylinders.net\/wp-content\/uploads\/2025\/01\/songte-company-3.webp\"><\/p>\n<h2>Sobre nosotros<\/h2>\n<p>Somos un fabricante profesional de cilindros hidr\u00e1ulicos de repuesto con una amplia gama de productos. Nos hemos convertido en uno de los principales fabricantes y distribuidores mayoristas de cilindros hidr\u00e1ulicos en el mercado nacional e internacional. Nos adherimos siempre al principio de la excelencia en la calidad, bas\u00e1ndonos en estrategias de gesti\u00f3n de la producci\u00f3n industrial en talleres de fabricaci\u00f3n de precisi\u00f3n para mejorar continuamente el nivel t\u00e9cnico y la eficiencia de la producci\u00f3n. Mediante la introducci\u00f3n de equipos de fabricaci\u00f3n digital de alta gama y sistemas de prueba profesionales, optimizamos continuamente la plataforma de fabricaci\u00f3n, mejoramos el proceso de control de calidad del producto y contamos con una s\u00f3lida capacidad de innovaci\u00f3n. Nuestro objetivo es satisfacer las diversas necesidades de nuestros clientes con principios de eficiencia, precisi\u00f3n y alta calidad.<\/p>\n<h3>Profesionalismo<\/h3>\n<p>Somos un equipo de profesionales con amplia experiencia, comprometidos con ofrecer productos y servicios de la mejor calidad a nuestros clientes. Conocemos a fondo los cilindros hidr\u00e1ulicos y ofrecemos asesoramiento y soluciones profesionales para satisfacer las necesidades de cada cliente.<\/p>\n<h3>Certificaci\u00f3n Internacional<\/h3>\n<p>Nuestros productos han pasado varias certificaciones internacionales como ISO9001, CE y SGS, y controlamos estrictamente la calidad de los productos de acuerdo con los est\u00e1ndares internacionales.<\/p>\n<h3>Servicios de personalizaci\u00f3n<\/h3>\n<p>Podemos proporcionar servicios de personalizaci\u00f3n seg\u00fan las necesidades espec\u00edficas de los clientes, como tama\u00f1os, formas y materiales especiales.<\/p>\n<h3>Equipos de producci\u00f3n<\/h3>\n<p>Contamos con equipos de producci\u00f3n avanzados como centros de mecanizado CNC, rectificadoras de precisi\u00f3n y m\u00e1quinas de soldadura autom\u00e1ticas para garantizar la alta precisi\u00f3n y automatizaci\u00f3n de la producci\u00f3n.<\/p>\n<h3>Servicio postventa<\/h3>\n<p>Brindamos un servicio posventa integral, que incluye soporte t\u00e9cnico, mantenimiento y servicios de reparaci\u00f3n, para garantizar que los clientes puedan utilizar nuestros productos con confianza.<\/p>\n<p>Autor: lyl<\/p>","protected":false},"excerpt":{"rendered":"<p>Arm Cylinder For Baoding SC240SD.8 Introduction The arm cylinder is a specially designed hydraulic cylinder that is primarily used to provide linear motion and power to the arms of various types of machinery such as excavators, cranes, and mechanical arms. The arm cylinder plays a crucial role in hydraulic systems, enabling attachments or accessories to [&hellip;]<\/p>","protected":false},"featured_media":14786,"comment_status":"open","ping_status":"closed","template":"","meta":{"_et_pb_use_builder":"","_et_pb_old_content":"","_et_gb_content_width":""},"product_brand":[],"product_cat":[1497],"product_tag":[1498,1496],"class_list":{"0":"post-16888","1":"product","2":"type-product","3":"status-publish","4":"has-post-thumbnail","6":"product_cat-arm-cylinders","7":"product_tag-arm-cylinders","8":"product_tag-hydraulic-cylinders","10":"first","11":"instock","12":"shipping-taxable","13":"product-type-simple"},"amp_enabled":true,"_links":{"self":[{"href":"https:\/\/www.hydraulic-cylinders.net\/es\/wp-json\/wp\/v2\/product\/16888","targetHints":{"allow":["GET"]}}],"collection":[{"href":"https:\/\/www.hydraulic-cylinders.net\/es\/wp-json\/wp\/v2\/product"}],"about":[{"href":"https:\/\/www.hydraulic-cylinders.net\/es\/wp-json\/wp\/v2\/types\/product"}],"replies":[{"embeddable":true,"href":"https:\/\/www.hydraulic-cylinders.net\/es\/wp-json\/wp\/v2\/comments?post=16888"}],"wp:featuredmedia":[{"embeddable":true,"href":"https:\/\/www.hydraulic-cylinders.net\/es\/wp-json\/wp\/v2\/media\/14786"}],"wp:attachment":[{"href":"https:\/\/www.hydraulic-cylinders.net\/es\/wp-json\/wp\/v2\/media?parent=16888"}],"wp:term":[{"taxonomy":"product_brand","embeddable":true,"href":"https:\/\/www.hydraulic-cylinders.net\/es\/wp-json\/wp\/v2\/product_brand?post=16888"},{"taxonomy":"product_cat","embeddable":true,"href":"https:\/\/www.hydraulic-cylinders.net\/es\/wp-json\/wp\/v2\/product_cat?post=16888"},{"taxonomy":"product_tag","embeddable":true,"href":"https:\/\/www.hydraulic-cylinders.net\/es\/wp-json\/wp\/v2\/product_tag?post=16888"}],"curies":[{"name":"wp","href":"https:\/\/api.w.org\/{rel}","templated":true}]}}