{"id":16920,"date":"2025-01-21T06:12:56","date_gmt":"2025-01-21T06:12:56","guid":{"rendered":"https:\/\/www.hydraulic-cylinders.net\/product\/arm-cylinder-for-hengte-wheel-excavator-htl85-8\/"},"modified":"2025-01-21T06:12:57","modified_gmt":"2025-01-21T06:12:57","slug":"arm-cylinder-for-hengte-wheel-excavator-htl85-8","status":"publish","type":"product","link":"https:\/\/www.hydraulic-cylinders.net\/es\/producto\/arm-cylinder-for-hengte-wheel-excavator-htl85-8\/","title":{"rendered":"Cilindro de brazo para excavadora de ruedas Hengte HTL85-8"},"content":{"rendered":"<h1>Cilindro de brazo para excavadora de ruedas Hengte HTL85-8<\/h1>\n<h2>Introducci\u00f3n<\/h2>\n<p>El cilindro de brazo es un cilindro hidr\u00e1ulico especializado, dise\u00f1ado para proporcionar movimiento lineal y potencia a diversos brazos de maquinaria, como excavadoras, gr\u00faas y brazos mec\u00e1nicos. El cilindro de brazo desempe\u00f1a un papel fundamental en los sistemas hidr\u00e1ulicos, permitiendo el movimiento y control efectivos de herramientas o accesorios adicionales. Estos cilindros no solo permiten un movimiento suave, sino que tambi\u00e9n soportan cargas pesadas, garantizando un funcionamiento eficiente y la fiabilidad de la maquinaria en diversas condiciones de operaci\u00f3n.<\/p>\n<p><img decoding=\"async\" src=\"https:\/\/www.hydraulic-cylinders.net\/wp-content\/uploads\/2025\/01\/songte-company-2.webp\" alt=\"Cilindro del brazo\"><\/p>\n<h2>Caracter\u00edsticas<\/h2>\n<ul>\n<li>\n<h3>Transmisi\u00f3n de alta eficiencia<\/h3>\n<p>El cilindro del brazo puede proporcionar un potente movimiento y fuerza lineal, lo que garantiza un rendimiento de alta eficiencia del brazo mec\u00e1nico en diversas operaciones.<\/p>\n<\/li>\n<li>\n<h3>Control de precisi\u00f3n<\/h3>\n<p>El cilindro del brazo puede lograr un control de movimiento preciso a trav\u00e9s del sistema hidr\u00e1ulico, lo que hace que la operaci\u00f3n de herramientas adicionales sea m\u00e1s flexible y precisa.<\/p>\n<\/li>\n<li>\n<h3>Durabilidad<\/h3>\n<p>El cilindro del brazo generalmente est\u00e1 hecho de materiales de alta resistencia con buena resistencia al desgaste y a la corrosi\u00f3n, adecuados para uso a largo plazo en entornos hostiles.<\/p>\n<\/li>\n<li>\n<h3>Adaptabilidad multifuncional<\/h3>\n<p>Estos cilindros se pueden utilizar ampliamente en diversos equipos mec\u00e1nicos, como excavadoras, gr\u00faas y brazos mec\u00e1nicos, para satisfacer diferentes requisitos de trabajo.<\/p>\n<\/li>\n<li>\n<h3>F\u00e1cil mantenimiento<\/h3>\n<p>Dise\u00f1ado para un f\u00e1cil mantenimiento y reemplazo, la inspecci\u00f3n y el mantenimiento regulares se han vuelto m\u00e1s convenientes, lo que reduce el tiempo de inactividad del equipo.<\/p>\n<\/li>\n<\/ul>\n<p><img decoding=\"async\" src=\"https:\/\/www.hydraulic-cylinders.net\/wp-content\/uploads\/2025\/01\/songte-oil-pipes-and-spare-parts.webp\" alt=\"Cilindros hidr\u00e1ulicos\"><\/p>\n<h2>Aplicaciones<\/h2>\n<p>El cilindro de brazo tiene amplias aplicaciones en diversas industrias, entre ellas:<\/p>\n<ul>\n<li>\n<h3>Ingenier\u00eda de la construcci\u00f3n<\/h3>\n<p>Se utiliza en excavadoras y gr\u00faas para controlar el movimiento del cuchar\u00f3n o la pluma para movimiento de tierras, manipulaci\u00f3n de materiales e instalaci\u00f3n estructural.<\/p>\n<\/li>\n<li>\n<h3>Industria manufacturera<\/h3>\n<p>Se utiliza en l\u00edneas de producci\u00f3n automatizadas para el movimiento de brazos mec\u00e1nicos en procesos de ensamblaje, soldadura y manipulaci\u00f3n para mejorar la eficiencia y la precisi\u00f3n de la producci\u00f3n.<\/p>\n<\/li>\n<li>\n<h3>Maquinaria agr\u00edcola<\/h3>\n<p>Se utiliza en maquinaria agr\u00edcola, como cosechadoras y sembradoras, para controlar el movimiento del brazo operativo para tareas como sembrar, fertilizar y cosechar.<\/p>\n<\/li>\n<li>\n<h3>Miner\u00eda<\/h3>\n<p>Se utiliza en equipos de miner\u00eda para controlar el movimiento del brazo del equipo de miner\u00eda para la extracci\u00f3n y manipulaci\u00f3n de mineral.<\/p>\n<\/li>\n<li>\n<h3>Log\u00edstica y Transporte<\/h3>\n<p>Se utiliza en carretillas elevadoras y robots de manipulaci\u00f3n para controlar la elevaci\u00f3n y el movimiento de las horquillas, realizando la manipulaci\u00f3n y apilado de materiales.<\/p>\n<\/li>\n<\/ul>\n<h2>Consideraciones de dise\u00f1o y criterios de selecci\u00f3n<\/h2>\n<p>Desde las consideraciones de dise\u00f1o, el cilindro del brazo debe tener:<\/p>\n<ul>\n<li>\n<h3>Capacidad de carga<\/h3>\n<p>El cilindro del brazo debe tener suficiente capacidad de carga para soportar las fuerzas generadas por el brazo de la maquinaria durante el funcionamiento.<\/p>\n<\/li>\n<li>\n<h3>Rendimiento de sellado<\/h3>\n<p>El cilindro del brazo requiere varios componentes de sellado, como anillos de sello de pist\u00f3n y anillos de sello de v\u00e1stago, hechos de materiales resistentes al desgaste como poliuretano y caucho de nitrilo.<\/p>\n<\/li>\n<li>\n<h3>Durabilidad<\/h3>\n<p>El cuerpo del cilindro y la superficie del extremo de la rosca deben someterse a un procesamiento fino para mejorar la resistencia al desgaste y a la corrosi\u00f3n.<\/p>\n<\/li>\n<li>\n<h3>Seguridad<\/h3>\n<p>El cilindro del brazo debe estar dise\u00f1ado con caracter\u00edsticas de seguridad como v\u00e1lvulas de parada de emergencia para evitar accidentes durante el funcionamiento.<\/p>\n<\/li>\n<li>\n<h3>Mantenibilidad<\/h3>\n<p>El cilindro del brazo debe estar dise\u00f1ado con piezas de f\u00e1cil mantenimiento y reemplazo para reducir el tiempo de mantenimiento.<\/p>\n<\/li>\n<\/ul>\n<p><img decoding=\"async\" src=\"https:\/\/www.hydraulic-cylinders.net\/wp-content\/uploads\/2025\/01\/songte-cylinder-head-with-all-kinds-excavator-models.webp\" alt=\"Culata\"><\/p>\n<h2>Sellado y lubricaci\u00f3n<\/h2>\n<p>El cilindro del brazo utiliza diversos componentes de sellado, como anillos de sellado de pist\u00f3n y de v\u00e1stago, fabricados con materiales resistentes al desgaste como poliuretano y caucho de nitrilo. El cuerpo del cilindro y la superficie del extremo roscado se someten a un procesamiento de precisi\u00f3n para mejorar la resistencia al desgaste y a la corrosi\u00f3n. El cilindro del brazo requiere un llenado regular con la cantidad adecuada de aceite hidr\u00e1ulico para su lubricaci\u00f3n.<\/p>\n<h2>Inspecci\u00f3n peri\u00f3dica y medidas de mantenimiento preventivo<\/h2>\n<p>La inspecci\u00f3n peri\u00f3dica y el mantenimiento preventivo son fundamentales para garantizar el funcionamiento seguro y fiable del cilindro del brazo. Se deben tomar las siguientes medidas:<\/p>\n<ul>\n<li>\n<h3>Compruebe peri\u00f3dicamente el nivel de aceite hidr\u00e1ulico<\/h3>\n<p>Aseg\u00farese de que se llene la cantidad adecuada de aceite hidr\u00e1ulico.<\/p>\n<\/li>\n<li>\n<h3>Limpie el cilindro peri\u00f3dicamente<\/h3>\n<p>Retire el polvo y la suciedad del cuerpo del cilindro y del v\u00e1stago del pist\u00f3n para evitar da\u00f1ar los componentes de sellado.<\/p>\n<\/li>\n<li>\n<h3>Reemplace los componentes de sellado peri\u00f3dicamente<\/h3>\n<p>Reemplace los componentes de sellado, como los anillos de sello del pist\u00f3n y los anillos de sello de la varilla, para garantizar el rendimiento del sellado.<\/p>\n<\/li>\n<li>\n<h3>Revise peri\u00f3dicamente las v\u00e1lvulas de seguridad<\/h3>\n<p>Revise peri\u00f3dicamente las v\u00e1lvulas de seguridad y las v\u00e1lvulas de parada de emergencia para garantizar un funcionamiento seguro.<\/p>\n<\/li>\n<\/ul>\n<p><img decoding=\"async\" src=\"https:\/\/www.hydraulic-cylinders.net\/wp-content\/uploads\/2025\/01\/songte-chushion-collar.webp\" alt=\"Collar\u00edn acolchado\"><\/p>\n<h2>Gu\u00eda de instalaci\u00f3n del producto<\/h2>\n<p>La instalaci\u00f3n del cilindro del brazo debe seguir las instrucciones del manual de instalaci\u00f3n. El proceso de instalaci\u00f3n debe realizarse paso a paso y la posici\u00f3n de instalaci\u00f3n debe ser la adecuada. Se debe evitar rayar el cuerpo del cilindro y el v\u00e1stago del pist\u00f3n durante la instalaci\u00f3n.<\/p>\n<h2>Consideraciones de seguridad y factores ambientales<\/h2>\n<p>Al utilizar el cilindro del brazo, se deben implementar medidas de seguridad para evitar lesiones causadas por su funcionamiento mec\u00e1nico. El cilindro del brazo debe utilizarse en un entorno adecuado para evitar da\u00f1os causados \u200b\u200bpor entornos hostiles.<\/p>\n<h2>Soluci\u00f3n de problemas y problemas comunes<\/h2>\n<p>Los problemas comunes que se encuentran al usar el cilindro del brazo incluyen fugas de aceite, fuerza insuficiente y ruidos anormales. Las causas de estos problemas pueden ser diversas. El mantenimiento y la inspecci\u00f3n regulares pueden reducir la probabilidad de problemas. Si ocurren, los siguientes consejos pueden ayudar a diagnosticarlos y solucionarlos:<\/p>\n<ul>\n<li>\n<h3>Fuga de aceite<\/h3>\n<p>Compruebe los componentes de sellado y reempl\u00e1celos si es necesario.<\/p>\n<\/li>\n<li>\n<h3>Fuerza insuficiente<\/h3>\n<p>Compruebe si el aceite hidr\u00e1ulico es suficiente y sustit\u00fayalo si es necesario.<\/p>\n<\/li>\n<li>\n<h3>Ruido anormal<\/h3>\n<p>Verifique si el cuerpo del cilindro o el v\u00e1stago del pist\u00f3n est\u00e1n rayados o da\u00f1ados y reempl\u00e1celos si es necesario.<\/p>\n<\/li>\n<\/ul>\n<p><img decoding=\"async\" src=\"https:\/\/www.hydraulic-cylinders.net\/wp-content\/uploads\/2025\/01\/songte-bushings-with-all-kinds-of-excavator-models.webp\" alt=\"Bujes\"><\/p>\n<h2>Sobre nosotros<\/h2>\n<p>Somos un fabricante profesional de cilindros hidr\u00e1ulicos de repuesto con una amplia gama de productos y nos hemos convertido en uno de los principales fabricantes y distribuidores mayoristas de cilindros hidr\u00e1ulicos en el mercado nacional e internacional. Nos adherimos siempre al principio de la excelencia en la calidad, bas\u00e1ndonos en la estrategia de gesti\u00f3n de la producci\u00f3n industrializada de nuestro taller de alta calidad, mejorando constantemente la tecnolog\u00eda y la eficiencia de la producci\u00f3n. Mediante la introducci\u00f3n de equipos de fabricaci\u00f3n digital avanzados y sistemas de prueba profesionales, optimizamos continuamente la plataforma de fabricaci\u00f3n, mejoramos los procesos de control de calidad de los productos y contamos con una s\u00f3lida capacidad de innovaci\u00f3n. Nuestro objetivo es satisfacer las diversas necesidades de nuestros clientes con principios de eficiencia, precisi\u00f3n y alta calidad.<\/p>\n<h2>Perfil de la empresa<\/h2>\n<ul>\n<li>\n<h3>Profesionalismo<\/h3>\n<p>Nuestro equipo est\u00e1 formado por ingenieros y t\u00e9cnicos experimentados con amplios conocimientos y habilidades profesionales.<\/p>\n<\/li>\n<li>\n<h3>Certificaci\u00f3n Internacional<\/h3>\n<p>Nuestros productos est\u00e1n certificados por sistemas internacionales de gesti\u00f3n de calidad como ISO y CE.<\/p>\n<\/li>\n<li>\n<h3>Servicios de personalizaci\u00f3n<\/h3>\n<p>Ofrecemos servicios de personalizaci\u00f3n para satisfacer las necesidades espec\u00edficas de los clientes.<\/p>\n<\/li>\n<li>\n<h3>Equipos de producci\u00f3n<\/h3>\n<p>Contamos con equipos de fabricaci\u00f3n digital avanzados y sistemas de pruebas profesionales para garantizar la calidad del producto.<\/p>\n<\/li>\n<li>\n<h3>Servicio postventa<\/h3>\n<p>Brindamos un servicio posventa integral y soporte t\u00e9cnico para garantizar la satisfacci\u00f3n del cliente.<\/p>\n<\/li>\n<\/ul>\n<p><img decoding=\"async\" src=\"https:\/\/www.hydraulic-cylinders.net\/wp-content\/uploads\/2025\/01\/songte-company-4.webp\" alt=\"Perfil de la empresa\"><br \/>\n<img decoding=\"async\" src=\"https:\/\/www.hydraulic-cylinders.net\/wp-content\/uploads\/2025\/01\/songte-company-3.webp\" alt=\"Perfil de la empresa\"><\/p>\n<p>Autor: lyl<\/p>","protected":false},"excerpt":{"rendered":"<p>Arm Cylinder For Hengte Wheel Excavator HTL85-8 Introduction The arm cylinder is a specialized hydraulic cylinder designed to provide linear motion and power for various machinery arms, such as excavators, cranes, and mechanical arms. The arm cylinder plays a critical role in hydraulic systems, allowing for the effective movement and control of additional tools or [&hellip;]<\/p>","protected":false},"featured_media":14779,"comment_status":"open","ping_status":"closed","template":"","meta":{"_et_pb_use_builder":"","_et_pb_old_content":"","_et_gb_content_width":""},"product_brand":[],"product_cat":[1497],"product_tag":[1498,1496],"class_list":{"0":"post-16920","1":"product","2":"type-product","3":"status-publish","4":"has-post-thumbnail","6":"product_cat-arm-cylinders","7":"product_tag-arm-cylinders","8":"product_tag-hydraulic-cylinders","10":"first","11":"instock","12":"shipping-taxable","13":"product-type-simple"},"amp_enabled":true,"_links":{"self":[{"href":"https:\/\/www.hydraulic-cylinders.net\/es\/wp-json\/wp\/v2\/product\/16920","targetHints":{"allow":["GET"]}}],"collection":[{"href":"https:\/\/www.hydraulic-cylinders.net\/es\/wp-json\/wp\/v2\/product"}],"about":[{"href":"https:\/\/www.hydraulic-cylinders.net\/es\/wp-json\/wp\/v2\/types\/product"}],"replies":[{"embeddable":true,"href":"https:\/\/www.hydraulic-cylinders.net\/es\/wp-json\/wp\/v2\/comments?post=16920"}],"wp:featuredmedia":[{"embeddable":true,"href":"https:\/\/www.hydraulic-cylinders.net\/es\/wp-json\/wp\/v2\/media\/14779"}],"wp:attachment":[{"href":"https:\/\/www.hydraulic-cylinders.net\/es\/wp-json\/wp\/v2\/media?parent=16920"}],"wp:term":[{"taxonomy":"product_brand","embeddable":true,"href":"https:\/\/www.hydraulic-cylinders.net\/es\/wp-json\/wp\/v2\/product_brand?post=16920"},{"taxonomy":"product_cat","embeddable":true,"href":"https:\/\/www.hydraulic-cylinders.net\/es\/wp-json\/wp\/v2\/product_cat?post=16920"},{"taxonomy":"product_tag","embeddable":true,"href":"https:\/\/www.hydraulic-cylinders.net\/es\/wp-json\/wp\/v2\/product_tag?post=16920"}],"curies":[{"name":"wp","href":"https:\/\/api.w.org\/{rel}","templated":true}]}}