{"id":16921,"date":"2025-01-21T06:12:59","date_gmt":"2025-01-21T06:12:59","guid":{"rendered":"https:\/\/www.hydraulic-cylinders.net\/product\/arm-cylinder-for-hengte-wheel-excavator-htl90\/"},"modified":"2025-01-21T06:13:06","modified_gmt":"2025-01-21T06:13:06","slug":"arm-cylinder-for-hengte-wheel-excavator-htl90","status":"publish","type":"product","link":"https:\/\/www.hydraulic-cylinders.net\/es\/producto\/arm-cylinder-for-hengte-wheel-excavator-htl90\/","title":{"rendered":"Cilindro de brazo para excavadora de ruedas Hengte HTL90"},"content":{"rendered":"<h2>Introducci\u00f3n<\/h2>\n<h3>Cilindro de brazo para excavadora de ruedas Hengte HTL90<\/h3>\n<p>El cilindro de brazo es un cilindro hidr\u00e1ulico de dise\u00f1o especial que se utiliza principalmente para proporcionar movimiento lineal y potencia a los brazos de diversos tipos de maquinaria, como excavadoras, gr\u00faas y brazos mec\u00e1nicos. Este cilindro desempe\u00f1a un papel crucial en el sistema hidr\u00e1ulico, permitiendo el movimiento y control efectivo de herramientas o implementos adicionales. Adem\u00e1s de proporcionar un movimiento suave, estos cilindros soportan cargas pesadas, lo que garantiza el funcionamiento eficiente y la fiabilidad de la maquinaria en diversas condiciones de trabajo.<\/p>\n<p><img decoding=\"async\" src=\"https:\/\/www.hydraulic-cylinders.net\/wp-content\/uploads\/2025\/01\/songte-company-2.webp\" alt=\"Cilindro del brazo\"><\/p>\n<h2>Caracter\u00edsticas<\/h2>\n<h3>Transmisi\u00f3n de energ\u00eda eficiente<\/h3>\n<p>El cilindro del brazo proporciona un potente movimiento lineal y fuerza, lo que garantiza una alta eficiencia en diversas operaciones del brazo mec\u00e1nico.<\/p>\n<h3>Control preciso<\/h3>\n<p>Mediante el sistema hidr\u00e1ulico, el cilindro del brazo puede lograr un control de movimiento preciso, lo que hace que el funcionamiento de herramientas adicionales sea m\u00e1s flexible y preciso.<\/p>\n<h3>Gran durabilidad<\/h3>\n<p>Los cilindros de los brazos suelen estar fabricados con materiales de alta resistencia, que poseen buena resistencia al desgaste y a la corrosi\u00f3n, lo que los hace adecuados para su uso a largo plazo en entornos hostiles.<\/p>\n<h3>Adaptabilidad multifuncional<\/h3>\n<p>Estos cilindros pueden utilizarse ampliamente en diversos equipos mec\u00e1nicos, como excavadoras, gr\u00faas y brazos mec\u00e1nicos, adapt\u00e1ndose a diferentes necesidades de trabajo.<\/p>\n<h3>F\u00e1cil mantenimiento<\/h3>\n<p>El dise\u00f1o tiene en cuenta la facilidad de mantenimiento y sustituci\u00f3n, lo que hace que la inspecci\u00f3n y el mantenimiento regulares sean m\u00e1s convenientes y reduce el tiempo de inactividad del equipo.<\/p>\n<p><img decoding=\"async\" src=\"https:\/\/www.hydraulic-cylinders.net\/wp-content\/uploads\/2025\/01\/songte-oil-pipes-and-spare-parts.webp\" alt=\"Cilindro del brazo\"><\/p>\n<h2>Aplicaciones<\/h2>\n<p>Los cilindros de brazo se utilizan en diversas industrias y maquinarias, entre ellas:<\/p>\n<h3>Ingenier\u00eda de la construcci\u00f3n<\/h3>\n<p>En excavadoras y gr\u00faas, los cilindros del brazo se utilizan para controlar el movimiento del cuchar\u00f3n o la pluma para trabajos de movimiento de tierras, manipulaci\u00f3n de materiales e instalaci\u00f3n de estructuras.<\/p>\n<h3>Fabricaci\u00f3n<\/h3>\n<p>En las l\u00edneas de producci\u00f3n automatizadas, los cilindros de brazo se utilizan para mover el brazo mec\u00e1nico en los procesos de ensamblaje, soldadura y manipulaci\u00f3n, mejorando la eficiencia y la precisi\u00f3n de la producci\u00f3n.<\/p>\n<h3>Maquinaria agr\u00edcola<\/h3>\n<p>En la maquinaria agr\u00edcola, como cosechadoras y sembradoras, los cilindros del brazo controlan el movimiento del brazo operativo para realizar tareas como la siembra, la fertilizaci\u00f3n y la cosecha.<\/p>\n<h3>Miner\u00eda<\/h3>\n<p>En los equipos de miner\u00eda, los cilindros de brazo se utilizan para controlar el movimiento del brazo de los equipos de miner\u00eda para la extracci\u00f3n y el transporte de minerales.<\/p>\n<h3>Log\u00edstica y Transporte<\/h3>\n<p>En las carretillas elevadoras y los robots de manipulaci\u00f3n, los cilindros de los brazos se utilizan para controlar la elevaci\u00f3n y el movimiento de la horquilla, realizando as\u00ed la manipulaci\u00f3n y el apilamiento de materiales.<\/p>\n<p><img decoding=\"async\" src=\"https:\/\/www.hydraulic-cylinders.net\/wp-content\/uploads\/2025\/01\/songte-chushion-collar.webp\" alt=\"Cilindro del brazo\"><\/p>\n<h2>Consideraciones de dise\u00f1o y est\u00e1ndares de selecci\u00f3n<\/h2>\n<p>Los cilindros de los brazos deben soportar una carga determinada, tener un buen sellado, ser duraderos, seguros y de f\u00e1cil mantenimiento. Los puntos clave son los siguientes:<\/p>\n<h3>Capacidad de carga<\/h3>\n<p>Los cilindros del brazo deben seleccionarse seg\u00fan el peso de la carga a levantar, la forma y el tama\u00f1o de la carga y el entorno de trabajo.<\/p>\n<h3>Caza de focas<\/h3>\n<p>Deben utilizarse diversos componentes de sellado, como juntas de pist\u00f3n y juntas de v\u00e1stago. La selecci\u00f3n de los componentes de sellado debe tener en cuenta la presi\u00f3n de trabajo, la temperatura de trabajo y la compatibilidad con el aceite hidr\u00e1ulico.<\/p>\n<h3>Durabilidad<\/h3>\n<p>El cuerpo del cilindro, el v\u00e1stago del pist\u00f3n y la tapa del extremo deben estar fabricados con materiales de alta resistencia. La superficie debe tener un acabado fino para mejorar la resistencia al desgaste y a la corrosi\u00f3n.<\/p>\n<h3>Seguridad<\/h3>\n<p>El dise\u00f1o debe considerar factores de seguridad como la protecci\u00f3n contra sobrecargas y los dispositivos de parada de emergencia para garantizar la seguridad del personal y los equipos.<\/p>\n<h3>Mantenimiento<\/h3>\n<p>El dise\u00f1o debe tener en cuenta la facilidad de mantenimiento, como el f\u00e1cil desmontaje y reemplazo de los componentes de sellado, y el f\u00e1cil acceso a los filtros de aceite y otros componentes.<\/p>\n<p><img decoding=\"async\" src=\"https:\/\/www.hydraulic-cylinders.net\/wp-content\/uploads\/2025\/01\/songte-cylinder-head-with-all-kinds-excavator-models.webp\" alt=\"Cilindro del brazo\"><\/p>\n<h2>Sellado y lubricaci\u00f3n<\/h2>\n<p>Se deben utilizar diversos componentes de sellado, como juntas de pist\u00f3n y de v\u00e1stago. La selecci\u00f3n de estos componentes debe considerar la presi\u00f3n y la temperatura de trabajo, as\u00ed como la compatibilidad con el aceite hidr\u00e1ulico. El cuerpo del cilindro y la superficie del extremo de la rosca deben tener un acabado de precisi\u00f3n para mejorar su resistencia al desgaste. A\u00f1ada regularmente la cantidad adecuada de aceite hidr\u00e1ulico para la lubricaci\u00f3n.<\/p>\n<h2>Mantenimiento y reparaci\u00f3n<\/h2>\n<p>Deben realizarse inspecciones peri\u00f3dicas y adoptarse medidas de mantenimiento preventivo para minimizar los posibles problemas. Estas medidas incluyen:<\/p>\n<h3>Inspecci\u00f3n<\/h3>\n<p>Compruebe peri\u00f3dicamente el nivel de aceite hidr\u00e1ulico, la calidad del aceite, el rendimiento del sellado y el desgaste del v\u00e1stago del pist\u00f3n.<\/p>\n<h3>Limpieza<\/h3>\n<p>Limpie regularmente el cuerpo del cilindro y el v\u00e1stago del pist\u00f3n para evitar que entren polvo e impurezas en el cilindro.<\/p>\n<h3>Reparar<\/h3>\n<p>Sustituya a tiempo los componentes de sellado, repare o reemplace el cuerpo del cilindro o el v\u00e1stago del pist\u00f3n da\u00f1ados y cambie el aceite hidr\u00e1ulico regularmente.<\/p>\n<p><img decoding=\"async\" src=\"https:\/\/www.hydraulic-cylinders.net\/wp-content\/uploads\/2025\/01\/songte-bushings-with-all-kinds-of-excavator-models.webp\" alt=\"Cilindro del brazo\"><\/p>\n<h2>Gu\u00eda de instalaci\u00f3n<\/h2>\n<p>Antes de la instalaci\u00f3n, revise el cilindro y los accesorios para detectar da\u00f1os y verificar su compatibilidad. Instale el cilindro siguiendo las instrucciones de instalaci\u00f3n y los requisitos del sistema hidr\u00e1ulico. Tras la instalaci\u00f3n, realice una prueba de presi\u00f3n para comprobar el sellado y la estabilidad del cilindro.<\/p>\n<h2>Consideraciones de seguridad y factores ambientales<\/h2>\n<p>Deben implementarse medidas de seguridad, como protecci\u00f3n contra sobrecargas y parada de emergencia, para garantizar la seguridad del personal y los equipos. Asimismo, deben considerarse factores ambientales como la temperatura y la humedad para asegurar el funcionamiento estable del cilindro.<\/p>\n<h2>Diagn\u00f3stico de fallas y problemas comunes<\/h2>\n<p>Los problemas comunes de los cilindros de los brazos incluyen fugas, fuerza insuficiente y ruido anormal. Las causas y soluciones son las siguientes:<\/p>\n<h3>Fuga<\/h3>\n<p>Las juntas est\u00e1n da\u00f1adas o la instalaci\u00f3n es incorrecta. Reemplace las juntas o reinst\u00e1lelas correctamente.<\/p>\n<h3>Fuerza insuficiente<\/h3>\n<p>El sistema hidr\u00e1ulico presenta una falla o el cilindro est\u00e1 desgastado. Revise y repare el sistema hidr\u00e1ulico o reemplace el cilindro.<\/p>\n<h3>Ruido anormal<\/h3>\n<p>El cilindro no est\u00e1 bien lubricado o est\u00e1 da\u00f1ado. A\u00f1ada aceite lubricante o sustituya las piezas da\u00f1adas.<\/p>\n<p><img decoding=\"async\" src=\"https:\/\/www.hydraulic-cylinders.net\/wp-content\/uploads\/2025\/01\/songte-company-4.webp\" alt=\"Cilindro del brazo\"><br \/>\n<img decoding=\"async\" src=\"https:\/\/www.hydraulic-cylinders.net\/wp-content\/uploads\/2025\/01\/songte-company-3.webp\" alt=\"Cilindro del brazo\"><\/p>\n<h2>Sobre nosotros<\/h2>\n<p>Somos fabricantes profesionales de cilindros hidr\u00e1ulicos de repuesto, ofreciendo una amplia gama de productos y servicios. Nos hemos consolidado como uno de los principales fabricantes y distribuidores mayoristas de cilindros hidr\u00e1ulicos en los mercados nacionales e internacionales. Nos regimos por el principio de la excelencia en la calidad y, gracias a la estrategia de gesti\u00f3n de producci\u00f3n industrializada de nuestro taller de fabricaci\u00f3n de precisi\u00f3n, mejoramos continuamente nuestro nivel t\u00e9cnico y la eficiencia de nuestra producci\u00f3n. Mediante la incorporaci\u00f3n de equipos de fabricaci\u00f3n digital avanzados y sistemas de prueba profesionales, optimizamos constantemente nuestra plataforma de fabricaci\u00f3n, mejoramos los procesos de control de calidad de los productos y contamos con una gran capacidad de innovaci\u00f3n. Nuestro objetivo es satisfacer las diversas necesidades de nuestros clientes con alta eficiencia, precisi\u00f3n y calidad.<\/p>\n<p>Ofrecemos a nuestros clientes servicios profesionales, certificaci\u00f3n internacional, servicios personalizados, equipos de producci\u00f3n y servicio postventa.<\/p>\n<p><img decoding=\"async\" src=\"https:\/\/www.hydraulic-cylinders.net\/wp-content\/uploads\/2025\/01\/songte-company-4.webp\" alt=\"Cilindro del brazo\"><br \/>\n<img decoding=\"async\" src=\"https:\/\/www.hydraulic-cylinders.net\/wp-content\/uploads\/2025\/01\/songte-company-3.webp\" alt=\"Cilindro del brazo\"><\/p>\n<p>Autor: lyl<\/p>","protected":false},"excerpt":{"rendered":"<p>Introduction Arm Cylinder for Hengte Wheel Excavator HTL90 Arm cylinder is a specially designed hydraulic cylinder that is primarily used to provide linear motion and power to the arms of various kinds of machinery, such as excavators, cranes, and mechanical arms. The arm cylinder plays a crucial role in the hydraulic system, allowing additional tools [&hellip;]<\/p>","protected":false},"featured_media":14777,"comment_status":"open","ping_status":"closed","template":"","meta":{"_et_pb_use_builder":"","_et_pb_old_content":"","_et_gb_content_width":""},"product_brand":[],"product_cat":[1497],"product_tag":[1498,1496],"class_list":{"0":"post-16921","1":"product","2":"type-product","3":"status-publish","4":"has-post-thumbnail","6":"product_cat-arm-cylinders","7":"product_tag-arm-cylinders","8":"product_tag-hydraulic-cylinders","10":"first","11":"instock","12":"shipping-taxable","13":"product-type-simple"},"amp_enabled":true,"_links":{"self":[{"href":"https:\/\/www.hydraulic-cylinders.net\/es\/wp-json\/wp\/v2\/product\/16921","targetHints":{"allow":["GET"]}}],"collection":[{"href":"https:\/\/www.hydraulic-cylinders.net\/es\/wp-json\/wp\/v2\/product"}],"about":[{"href":"https:\/\/www.hydraulic-cylinders.net\/es\/wp-json\/wp\/v2\/types\/product"}],"replies":[{"embeddable":true,"href":"https:\/\/www.hydraulic-cylinders.net\/es\/wp-json\/wp\/v2\/comments?post=16921"}],"wp:featuredmedia":[{"embeddable":true,"href":"https:\/\/www.hydraulic-cylinders.net\/es\/wp-json\/wp\/v2\/media\/14777"}],"wp:attachment":[{"href":"https:\/\/www.hydraulic-cylinders.net\/es\/wp-json\/wp\/v2\/media?parent=16921"}],"wp:term":[{"taxonomy":"product_brand","embeddable":true,"href":"https:\/\/www.hydraulic-cylinders.net\/es\/wp-json\/wp\/v2\/product_brand?post=16921"},{"taxonomy":"product_cat","embeddable":true,"href":"https:\/\/www.hydraulic-cylinders.net\/es\/wp-json\/wp\/v2\/product_cat?post=16921"},{"taxonomy":"product_tag","embeddable":true,"href":"https:\/\/www.hydraulic-cylinders.net\/es\/wp-json\/wp\/v2\/product_tag?post=16921"}],"curies":[{"name":"wp","href":"https:\/\/api.w.org\/{rel}","templated":true}]}}