{"id":16939,"date":"2025-01-21T06:14:18","date_gmt":"2025-01-21T06:14:18","guid":{"rendered":"https:\/\/www.hydraulic-cylinders.net\/product\/arm-cylinder-for-kato-small-excavator-hd250\/"},"modified":"2025-01-21T06:14:20","modified_gmt":"2025-01-21T06:14:20","slug":"arm-cylinder-for-kato-small-excavator-hd250","status":"publish","type":"product","link":"https:\/\/www.hydraulic-cylinders.net\/es\/producto\/arm-cylinder-for-kato-small-excavator-hd250\/","title":{"rendered":"Cilindro de brazo para excavadora peque\u00f1a Kato HD250"},"content":{"rendered":"<h1>Cilindro de brazo para excavadora peque\u00f1a Kato HD250<\/h1>\n<h2>Introducci\u00f3n<\/h2>\n<p>El cilindro de brazo es un cilindro hidr\u00e1ulico especializado dise\u00f1ado principalmente para proporcionar movimiento lineal y potencia a los brazos de diversos tipos de maquinaria, como excavadoras, gr\u00faas y brazos rob\u00f3ticos. Este cilindro desempe\u00f1a un papel crucial en los sistemas hidr\u00e1ulicos, permitiendo el movimiento y control efectivos de herramientas o implementos adicionales. Estos cilindros no solo proporcionan un movimiento suave, sino que tambi\u00e9n soportan cargas pesadas, garantizando el funcionamiento eficiente y la fiabilidad de la maquinaria en diversas condiciones de trabajo.<\/p>\n<p><img decoding=\"async\" src=\"https:\/\/www.hydraulic-cylinders.net\/wp-content\/uploads\/2025\/01\/songte-company-2.webp\" alt=\"Cilindro de brazo para excavadora peque\u00f1a Kato HD250\" \/><\/p>\n<h2>Caracter\u00edsticas<\/h2>\n<ul>\n<li>Transmisi\u00f3n de alta eficiencia: El cilindro del brazo proporciona un potente movimiento lineal y fuerza, lo que garantiza un alto rendimiento del brazo mec\u00e1nico en diversas operaciones.<\/li>\n<li>Control preciso: Mediante el sistema hidr\u00e1ulico, el cilindro del brazo puede lograr un control de movimiento preciso, lo que hace que el funcionamiento de herramientas adicionales sea m\u00e1s flexible y preciso.<\/li>\n<li>Gran durabilidad: Los cilindros de los brazos suelen estar fabricados con materiales de alta resistencia, con buena resistencia al desgaste y a la corrosi\u00f3n, adecuados para un uso prolongado en entornos hostiles.<\/li>\n<li>Adaptabilidad multifuncional: Estos cilindros pueden utilizarse ampliamente en diversos equipos de maquinaria, como excavadoras, gr\u00faas y brazos rob\u00f3ticos, para adaptarse a diferentes requisitos de trabajo.<\/li>\n<li>Mantenimiento sencillo: El dise\u00f1o contempla un mantenimiento y una sustituci\u00f3n sencillos, lo que facilita la inspecci\u00f3n y el mantenimiento regulares y reduce el tiempo de inactividad del equipo.<\/li>\n<\/ul>\n<p><img decoding=\"async\" src=\"https:\/\/www.hydraulic-cylinders.net\/wp-content\/uploads\/2025\/01\/songte-oil-pipes-and-spare-parts.webp\" alt=\"Cilindro de brazo para excavadora peque\u00f1a Kato HD250\" \/><\/p>\n<h2>Aplicaciones<\/h2>\n<p>Los cilindros de brazo tienen diversas aplicaciones en diferentes industrias:<\/p>\n<ul>\n<li>Construcci\u00f3n: En excavadoras y gr\u00faas, los cilindros de los brazos se utilizan para controlar el movimiento de los cucharones o plumas para el movimiento de tierras, el manejo de materiales y la instalaci\u00f3n de estructuras.<\/li>\n<li>Fabricaci\u00f3n: En las l\u00edneas de producci\u00f3n automatizadas, los cilindros de brazo se utilizan para el movimiento de los brazos rob\u00f3ticos para el ensamblaje, la soldadura y el manejo de materiales, mejorando la eficiencia y la precisi\u00f3n de la producci\u00f3n.<\/li>\n<li>Maquinaria agr\u00edcola: En maquinaria agr\u00edcola como cosechadoras y sembradoras, los cilindros de los brazos controlan el movimiento de los brazos operativos para tareas como la siembra, la fertilizaci\u00f3n y la cosecha.<\/li>\n<li>Miner\u00eda: En los equipos de miner\u00eda, los cilindros de brazo se utilizan para controlar el movimiento del brazo de los equipos de miner\u00eda para la extracci\u00f3n y el transporte de minerales.<\/li>\n<li>Log\u00edstica y transporte: En las carretillas elevadoras y los robots de manipulaci\u00f3n, se utilizan cilindros en los brazos para controlar la elevaci\u00f3n y el movimiento de las horquillas, realizando as\u00ed la manipulaci\u00f3n y el apilamiento de materiales.<\/li>\n<\/ul>\n<h2>Consideraciones de dise\u00f1o y criterios de selecci\u00f3n<\/h2>\n<p>El dise\u00f1o y los criterios de selecci\u00f3n del cilindro del brazo son cruciales para su rendimiento y fiabilidad. A continuaci\u00f3n se detallan algunas de las consideraciones clave:<\/p>\n<ul>\n<li>Capacidad de carga: El cilindro del brazo debe dise\u00f1arse para soportar la carga m\u00e1xima a la que se enfrentar\u00e1 en la aplicaci\u00f3n espec\u00edfica.<\/li>\n<li>Sellado: Deben seleccionarse diversos elementos de sellado, como juntas de pist\u00f3n y juntas de v\u00e1stago, para garantizar un rendimiento de sellado adecuado.<\/li>\n<li>Durabilidad: El cuerpo del cilindro y las tapas de los extremos deben estar fabricados con material de alta resistencia para garantizar la durabilidad y la resistencia al desgaste y la corrosi\u00f3n.<\/li>\n<li>Seguridad: El cilindro del brazo debe estar dise\u00f1ado para prevenir accidentes y garantizar un funcionamiento seguro.<\/li>\n<li>Mantenibilidad: El dise\u00f1o debe facilitar el mantenimiento y la reparaci\u00f3n, reduciendo el tiempo de inactividad y los costes de mantenimiento.<\/li>\n<\/ul>\n<p><img decoding=\"async\" src=\"https:\/\/www.hydraulic-cylinders.net\/wp-content\/uploads\/2025\/01\/songte-cylinder-head-with-all-kinds-excavator-models.webp\" alt=\"Cilindro de brazo para excavadora peque\u00f1a Kato HD250\" \/><\/p>\n<h2>Sellado y lubricaci\u00f3n<\/h2>\n<p>El correcto sellado y lubricaci\u00f3n del cilindro del brazo son cruciales para su durabilidad y rendimiento. A continuaci\u00f3n se detallan las consideraciones clave:<\/p>\n<ul>\n<li>Se deben seleccionar diversos elementos de sellado, como juntas de pist\u00f3n y juntas de v\u00e1stago, para garantizar un rendimiento de sellado adecuado.<\/li>\n<li>Los elementos de sellado deben estar fabricados con materiales resistentes al desgaste, como poliuretano y caucho de nitrilo.<\/li>\n<li>El cuerpo del cilindro y las superficies roscadas de los extremos deben procesarse con precisi\u00f3n para mejorar la resistencia al desgaste.<\/li>\n<li>El cilindro del brazo debe llenarse con aceite hidr\u00e1ulico adecuado para lubricaci\u00f3n y refrigeraci\u00f3n, y el nivel de aceite debe revisarse y rellenarse peri\u00f3dicamente.<\/li>\n<\/ul>\n<h2>Mantenimiento preventivo y soluci\u00f3n de problemas<\/h2>\n<p>La inspecci\u00f3n peri\u00f3dica y el mantenimiento preventivo son cruciales para la durabilidad y el rendimiento del cilindro del brazo. Aqu\u00ed tiene algunos consejos:<\/p>\n<ul>\n<li>Inspeccione peri\u00f3dicamente el cuerpo del cilindro, el v\u00e1stago del pist\u00f3n y los elementos de sellado para detectar desgaste y da\u00f1os.<\/li>\n<li>Compruebe peri\u00f3dicamente el nivel y la calidad del aceite hidr\u00e1ulico y rell\u00e9nelo o sustit\u00fayalo seg\u00fan sea necesario.<\/li>\n<li>Siga el programa de mantenimiento recomendado por el fabricante.<\/li>\n<li>Capacitar al personal en los procedimientos adecuados de instalaci\u00f3n, operaci\u00f3n y mantenimiento.<\/li>\n<\/ul>\n<p>En caso de fallos, diagnostique y solucione los problemas utilizando los siguientes m\u00e9todos:<\/p>\n<ul>\n<li>Compruebe si hay fugas y elementos de sellado da\u00f1ados.<\/li>\n<li>Compruebe si hay lubricaci\u00f3n insuficiente y si los niveles de aceite hidr\u00e1ulico son correctos.<\/li>\n<li>Compruebe si hay da\u00f1os en los cuerpos de los cilindros y en los v\u00e1stagos de los pistones.<\/li>\n<\/ul>\n<p>Aqu\u00ed tienes algunos problemas comunes y sus soluciones:<\/p>\n<ul>\n<li>Problema: El cilindro del brazo tiene una fuga de aceite.<\/li>\n<li>Soluci\u00f3n: Comprobar y sustituir los elementos de sellado da\u00f1ados.<\/li>\n<li>Problema: El cilindro del brazo no se mueve con suavidad.<\/li>\n<li>Soluci\u00f3n: Comprobar y rellenar el aceite hidr\u00e1ulico, comprobar si hay da\u00f1os en los cuerpos de los cilindros y en los v\u00e1stagos de los pistones.<\/li>\n<li>Problema: El cilindro del brazo emite ruidos inusuales durante su funcionamiento.<\/li>\n<li>Soluci\u00f3n: Comprobar y sustituir los elementos de sellado da\u00f1ados, comprobar si hay da\u00f1os en los cuerpos de los cilindros y en los v\u00e1stagos de los pistones.<\/li>\n<\/ul>\n<p><img decoding=\"async\" src=\"https:\/\/www.hydraulic-cylinders.net\/wp-content\/uploads\/2025\/01\/songte-chushion-collar.webp\" alt=\"Cilindro de brazo para excavadora peque\u00f1a Kato HD250\" \/><\/p>\n<h2>Sobre nosotros<\/h2>\n<p>Somos fabricantes profesionales de cilindros hidr\u00e1ulicos de repuesto, con una amplia gama de productos y una posici\u00f3n de liderazgo en la fabricaci\u00f3n y distribuci\u00f3n mayorista de cilindros hidr\u00e1ulicos en los mercados nacionales e internacionales. Nos regimos por el principio de la excelencia, y gracias a una estrategia de gesti\u00f3n de producci\u00f3n industrializada en talleres de fabricaci\u00f3n de \u00faltima generaci\u00f3n, mejoramos continuamente nuestro nivel t\u00e9cnico y la eficiencia de nuestra producci\u00f3n. Mediante la incorporaci\u00f3n de equipos de fabricaci\u00f3n digital de vanguardia y sistemas de prueba profesionales, optimizamos constantemente nuestra plataforma de fabricaci\u00f3n y mejoramos nuestro proceso de control de calidad, con una gran capacidad de innovaci\u00f3n. Nuestro objetivo es satisfacer las diversas necesidades de nuestros clientes con eficiencia, precisi\u00f3n y alta calidad.<\/p>\n<h3>Nuestras ventajas<\/h3>\n<ul>\n<li>Profesionalismo: Con a\u00f1os de experiencia y conocimientos especializados, nos hemos convertido en un fabricante y proveedor l\u00edder de cilindros hidr\u00e1ulicos de repuesto.<\/li>\n<li>Certificaci\u00f3n internacional: Nuestros productos han superado certificaciones internacionales de calidad y seguridad como ISO9001 y CE.<\/li>\n<li>Servicios de personalizaci\u00f3n: Ofrecemos servicios personalizados seg\u00fan las necesidades y requisitos espec\u00edficos de cada cliente.<\/li>\n<li>Equipos de producci\u00f3n avanzados: Utilizamos equipos de fabricaci\u00f3n digital avanzados para garantizar la calidad y la eficiencia de nuestros productos.<\/li>\n<li>Servicio postventa: Ofrecemos garant\u00eda y servicio postventa para asegurar la satisfacci\u00f3n del cliente y el rendimiento del producto.<\/li>\n<\/ul>\n<p><img decoding=\"async\" src=\"https:\/\/www.hydraulic-cylinders.net\/wp-content\/uploads\/2025\/01\/songte-company-4.webp\" alt=\"Cilindro de brazo para excavadora peque\u00f1a Kato HD250\" \/><br \/>\n<img decoding=\"async\" src=\"https:\/\/www.hydraulic-cylinders.net\/wp-content\/uploads\/2025\/01\/songte-company-3.webp\" alt=\"Cilindro de brazo para excavadora peque\u00f1a Kato HD250\" \/><\/p>\n<p>Autor: lyl<\/p>","protected":false},"excerpt":{"rendered":"<p>Arm Cylinder For Kato Small Excavator HD250 Introduction Arm cylinder is a specialized hydraulic cylinder designed primarily for providing linear motion and power to the arms of various types of machinery, such as excavators, cranes, and robotic arms. The arm cylinder plays a crucial role in hydraulic systems, enabling the effective movement and control of [&hellip;]<\/p>","protected":false},"featured_media":14783,"comment_status":"open","ping_status":"closed","template":"","meta":{"_et_pb_use_builder":"","_et_pb_old_content":"","_et_gb_content_width":""},"product_brand":[],"product_cat":[1497],"product_tag":[1498,1496],"class_list":{"0":"post-16939","1":"product","2":"type-product","3":"status-publish","4":"has-post-thumbnail","6":"product_cat-arm-cylinders","7":"product_tag-arm-cylinders","8":"product_tag-hydraulic-cylinders","10":"first","11":"instock","12":"shipping-taxable","13":"product-type-simple"},"amp_enabled":true,"_links":{"self":[{"href":"https:\/\/www.hydraulic-cylinders.net\/es\/wp-json\/wp\/v2\/product\/16939","targetHints":{"allow":["GET"]}}],"collection":[{"href":"https:\/\/www.hydraulic-cylinders.net\/es\/wp-json\/wp\/v2\/product"}],"about":[{"href":"https:\/\/www.hydraulic-cylinders.net\/es\/wp-json\/wp\/v2\/types\/product"}],"replies":[{"embeddable":true,"href":"https:\/\/www.hydraulic-cylinders.net\/es\/wp-json\/wp\/v2\/comments?post=16939"}],"wp:featuredmedia":[{"embeddable":true,"href":"https:\/\/www.hydraulic-cylinders.net\/es\/wp-json\/wp\/v2\/media\/14783"}],"wp:attachment":[{"href":"https:\/\/www.hydraulic-cylinders.net\/es\/wp-json\/wp\/v2\/media?parent=16939"}],"wp:term":[{"taxonomy":"product_brand","embeddable":true,"href":"https:\/\/www.hydraulic-cylinders.net\/es\/wp-json\/wp\/v2\/product_brand?post=16939"},{"taxonomy":"product_cat","embeddable":true,"href":"https:\/\/www.hydraulic-cylinders.net\/es\/wp-json\/wp\/v2\/product_cat?post=16939"},{"taxonomy":"product_tag","embeddable":true,"href":"https:\/\/www.hydraulic-cylinders.net\/es\/wp-json\/wp\/v2\/product_tag?post=16939"}],"curies":[{"name":"wp","href":"https:\/\/api.w.org\/{rel}","templated":true}]}}