{"id":16941,"date":"2025-01-21T06:14:25","date_gmt":"2025-01-21T06:14:25","guid":{"rendered":"https:\/\/www.hydraulic-cylinders.net\/product\/arm-cylinder-for-kato-small-excavator-hd550-1-7\/"},"modified":"2025-01-21T06:14:27","modified_gmt":"2025-01-21T06:14:27","slug":"arm-cylinder-for-kato-small-excavator-hd550-1-7","status":"publish","type":"product","link":"https:\/\/www.hydraulic-cylinders.net\/es\/producto\/arm-cylinder-for-kato-small-excavator-hd550-1-7\/","title":{"rendered":"Cilindro de brazo para excavadora peque\u00f1a Kato HD550-1-7"},"content":{"rendered":"<h1>Cilindro de brazo para excavadora peque\u00f1a Kato HD550-1-7<\/h1>\n<h2>Introducci\u00f3n<\/h2>\n<p>El cilindro de brazo es un tipo de cilindro hidr\u00e1ulico especializado que proporciona movimiento lineal y potencia a los brazos de diversas m\u00e1quinas, como excavadoras, gr\u00faas y brazos rob\u00f3ticos. El cilindro de brazo desempe\u00f1a un papel crucial en el sistema hidr\u00e1ulico, permitiendo el movimiento y control efectivos de implementos o accesorios. Estos cilindros no solo logran un movimiento suave, sino que tambi\u00e9n soportan cargas pesadas, garantizando un funcionamiento eficiente y la fiabilidad de la maquinaria en diversas condiciones de trabajo.<\/p>\n<p><img decoding=\"async\" src=\"https:\/\/www.hydraulic-cylinders.net\/wp-content\/uploads\/2025\/01\/songte-company-2.webp\"><\/p>\n<h2>Caracter\u00edsticas<\/h2>\n<h3>Transmisi\u00f3n de alta eficiencia<\/h3>\n<p>El cilindro del brazo proporciona un potente movimiento lineal y fuerza, lo que garantiza un alto rendimiento y eficiencia del brazo mec\u00e1nico en diversas operaciones.<\/p>\n<h3>Control preciso<\/h3>\n<p>El cilindro del brazo puede lograr un control de movimiento preciso a trav\u00e9s del sistema hidr\u00e1ulico, lo que hace que la operaci\u00f3n de los accesorios sea m\u00e1s flexible y precisa.<\/p>\n<h3>Gran durabilidad<\/h3>\n<p>El cilindro del brazo suele estar fabricado con materiales de alta resistencia y posee una buena resistencia al desgaste y a la corrosi\u00f3n, lo que lo hace adecuado para su uso a largo plazo en entornos hostiles.<\/p>\n<h3>Adaptabilidad multifuncional<\/h3>\n<p>Estos cilindros se pueden utilizar ampliamente en diversos equipos mec\u00e1nicos, como excavadoras, gr\u00faas y brazos rob\u00f3ticos, para satisfacer diferentes requisitos de trabajo.<\/p>\n<h3>F\u00e1cil mantenimiento<\/h3>\n<p>Dise\u00f1ado para un f\u00e1cil mantenimiento y reemplazo, el cilindro hace que la inspecci\u00f3n y el mantenimiento regulares sean m\u00e1s convenientes, reduciendo el tiempo de inactividad del equipo.<\/p>\n<p><img decoding=\"async\" src=\"https:\/\/www.hydraulic-cylinders.net\/wp-content\/uploads\/2025\/01\/songte-oil-pipes-and-spare-parts.webp\"><\/p>\n<h2>Aplicaciones<\/h2>\n<p>El cilindro de brazo se utiliza ampliamente en diversas industrias, entre ellas:<\/p>\n<h3>Ingenier\u00eda de la construcci\u00f3n<\/h3>\n<p>En excavadoras y gr\u00faas, el cilindro del brazo se utiliza para controlar el movimiento del cuchar\u00f3n o la pluma para movimiento de tierras, manipulaci\u00f3n de materiales e instalaci\u00f3n estructural.<\/p>\n<h3>Fabricaci\u00f3n<\/h3>\n<p>En las l\u00edneas de producci\u00f3n automatizadas, el cilindro del brazo se utiliza para controlar el movimiento de los brazos rob\u00f3ticos para los procesos de ensamblaje, soldadura y manipulaci\u00f3n, mejorando la eficiencia y la precisi\u00f3n de la producci\u00f3n.<\/p>\n<h3>Maquinaria agr\u00edcola<\/h3>\n<p>En maquinaria agr\u00edcola, como cosechadoras y sembradoras, el cilindro del brazo controla el movimiento del brazo operativo para tareas como sembrar, fertilizar y cosechar.<\/p>\n<h3>Miner\u00eda<\/h3>\n<p>En equipos de miner\u00eda, el cilindro del brazo se utiliza para controlar el movimiento del brazo del equipo de miner\u00eda para la miner\u00eda y el manejo de materiales.<\/p>\n<h3>Log\u00edstica y Transporte<\/h3>\n<p>En carretillas elevadoras y robots de manipulaci\u00f3n, el cilindro del brazo se utiliza para controlar la elevaci\u00f3n y el movimiento de la horquilla, realizando la manipulaci\u00f3n y el apilado de materiales.<\/p>\n<p><img decoding=\"async\" src=\"https:\/\/www.hydraulic-cylinders.net\/wp-content\/uploads\/2025\/01\/songte-chushion-collar.webp\"><\/p>\n<h2>Consideraciones de dise\u00f1o y est\u00e1ndares de selecci\u00f3n<\/h2>\n<p>El dise\u00f1o del cilindro del brazo considera su capacidad de carga, sellado, durabilidad, seguridad y facilidad de mantenimiento.<\/p>\n<h3>Capacidad de carga<\/h3>\n<p>El cilindro del brazo est\u00e1 dise\u00f1ado para soportar la carga de varios equipos mec\u00e1nicos, garantizando el funcionamiento estable y eficiente de la maquinaria.<\/p>\n<h3>Caza de focas<\/h3>\n<p>El cilindro del brazo utiliza diversos dispositivos de sellado, como sellos de pist\u00f3n y de v\u00e1stago, fabricados con materiales resistentes al desgaste como poliuretano y caucho de nitrilo. El cuerpo del cilindro y las superficies de los extremos de las roscas se procesan con precisi\u00f3n para mejorar la resistencia al desgaste. Requiere lubricaci\u00f3n con aceite hidr\u00e1ulico regularmente.<\/p>\n<h3>Durabilidad<\/h3>\n<p>El cilindro del brazo est\u00e1 fabricado con materiales de alta resistencia, como acero de aleaci\u00f3n, para garantizar su durabilidad y resistencia a la corrosi\u00f3n en entornos hostiles.<\/p>\n<h3>Seguridad<\/h3>\n<p>Durante la producci\u00f3n, se realizan rigurosos controles de calidad y pruebas para garantizar la seguridad del cilindro del brazo durante su uso. Adem\u00e1s, la maquinaria cuenta con medidas de seguridad como protecci\u00f3n contra sobrecargas y botones de parada de emergencia.<\/p>\n<h3>Mantenibilidad<\/h3>\n<p>El cilindro del brazo est\u00e1 dise\u00f1ado para ser f\u00e1cil de mantener y reemplazar, lo que reduce el tiempo de inactividad y los costos de mantenimiento.<\/p>\n<p><img decoding=\"async\" src=\"https:\/\/www.hydraulic-cylinders.net\/wp-content\/uploads\/2025\/01\/songte-cylinder-head-with-all-kinds-excavator-models.webp\"><\/p>\n<h2>Instrucciones de instalaci\u00f3n<\/h2>\n<p>Antes de la instalaci\u00f3n, consulte las siguientes pautas:<\/p>\n<ul>\n<li>Aseg\u00farese de utilizar herramientas y equipos adecuados.<\/li>\n<li>Limpie el lugar de instalaci\u00f3n y aseg\u00farese de que est\u00e9 nivelado y estable.<\/li>\n<li>Compruebe todas las piezas para detectar da\u00f1os o deformaciones.<\/li>\n<li>Instale el cilindro del brazo seg\u00fan las instrucciones y aseg\u00farese de que todas las conexiones est\u00e9n seguras y correctamente apretadas.<\/li>\n<li>Rellene el aceite hidr\u00e1ulico y compruebe si hay fugas.<\/li>\n<li>Pruebe el cilindro del brazo para verificar su correcto funcionamiento antes de usarlo.<\/li>\n<\/ul>\n<p><img decoding=\"async\" src=\"https:\/\/www.hydraulic-cylinders.net\/wp-content\/uploads\/2025\/01\/songte-bushings-with-all-kinds-of-excavator-models.webp\"><\/p>\n<h2>Consideraciones de seguridad y factores ambientales<\/h2>\n<p>Al utilizar el cilindro del brazo, es importante seguir las medidas de seguridad, como usar equipo de protecci\u00f3n, comprobar si hay fugas y evitar la sobrecarga. Adem\u00e1s, es importante considerar factores ambientales, como la temperatura y la humedad, que pueden afectar el rendimiento del cilindro.<\/p>\n<h2>Soluci\u00f3n de problemas y problemas comunes<\/h2>\n<p>Los problemas comunes con el cilindro del brazo incluyen fugas, ruidos anormales y potencia insuficiente. Si se presentan estos problemas, realice la siguiente soluci\u00f3n:<\/p>\n<ul>\n<li>Verifique si hay fugas de aceite hidr\u00e1ulico y reemplace los sellos desgastados.<\/li>\n<li>Verifique si hay da\u00f1os en el v\u00e1stago del pist\u00f3n o en el cuerpo del cilindro y reempl\u00e1celos si es necesario.<\/li>\n<li>Verifique si hay da\u00f1os en la bomba o v\u00e1lvula hidr\u00e1ulica y reempl\u00e1celas si es necesario.<\/li>\n<\/ul>\n<p>Para evitar problemas, es importante realizar mantenimiento e inspecciones regulares, como verificar el nivel de aceite hidr\u00e1ulico y lubricar el cilindro.<\/p>\n<p><img decoding=\"async\" src=\"https:\/\/www.hydraulic-cylinders.net\/wp-content\/uploads\/2025\/01\/songte-company-4.webp\"><br \/>\n<img decoding=\"async\" src=\"https:\/\/www.hydraulic-cylinders.net\/wp-content\/uploads\/2025\/01\/songte-company-3.webp\"><\/p>\n<h2>Sobre nosotros<\/h2>\n<p>Somos un fabricante profesional de cilindros hidr\u00e1ulicos de repuesto que ofrece una amplia gama de productos y servicios. Nos hemos convertido en uno de los principales fabricantes y distribuidores mayoristas de cilindros hidr\u00e1ulicos en el mercado nacional e internacional. Nos adherimos al principio de excelente calidad, bas\u00e1ndonos en la estrategia de gesti\u00f3n de producci\u00f3n industrializada de nuestro taller de fabricaci\u00f3n de alta calidad, y mejoramos constantemente nuestra tecnolog\u00eda y eficiencia de producci\u00f3n. Mediante la introducci\u00f3n de equipos de fabricaci\u00f3n digital de alta gama y sistemas de prueba profesionales, optimizamos la plataforma de fabricaci\u00f3n, mejoramos el proceso de control de calidad de los productos y contamos con una s\u00f3lida capacidad de innovaci\u00f3n. Nuestro objetivo es satisfacer las diversas necesidades de nuestros clientes con los principios de eficiencia, precisi\u00f3n y alta calidad.<\/p>\n<p>Ofrecemos servicios profesionales, certificaci\u00f3n internacional, servicios personalizados, equipos de producci\u00f3n avanzados y servicio postventa, entre otras cosas.<\/p>\n<h3>Profesionalismo<\/h3>\n<p>Nuestro equipo est\u00e1 formado por profesionales experimentados y calificados que brindan servicios eficientes y de alta calidad para satisfacer las necesidades de los clientes.<\/p>\n<h3>Certificaci\u00f3n Internacional<\/h3>\n<p>Hemos obtenido la certificaci\u00f3n ISO 9001:2015, la certificaci\u00f3n CE y otras certificaciones internacionales, lo que garantiza la calidad y confiabilidad de nuestros productos.<\/p>\n<h3>Servicios personalizados<\/h3>\n<p>Ofrecemos servicios personalizados para satisfacer los requisitos \u00fanicos de los clientes, como dise\u00f1o y desarrollo de productos y servicios OEM.<\/p>\n<h3>Equipos de producci\u00f3n avanzados<\/h3>\n<p>Hemos introducido equipos de fabricaci\u00f3n digital avanzados y sistemas de prueba para mejorar la eficiencia de la producci\u00f3n y la calidad del producto.<\/p>\n<h3>Servicio postventa<\/h3>\n<p>Brindamos servicios integrales de posventa, como soporte t\u00e9cnico, mantenimiento y reparaci\u00f3n, para garantizar la satisfacci\u00f3n del cliente.<\/p>\n<p>Autor: lyl<\/p>","protected":false},"excerpt":{"rendered":"<p>Arm Cylinder For Kato Small Excavator HD550-1-7 Introduction Arm cylinder is a type of specialized hydraulic cylinder that provides linear motion and power to the arms of various machinery, such as excavators, cranes, and robotic arms. The arm cylinder plays a crucial role in the hydraulic system, allowing for effective movement and control of attachments [&hellip;]<\/p>","protected":false},"featured_media":14777,"comment_status":"open","ping_status":"closed","template":"","meta":{"_et_pb_use_builder":"","_et_pb_old_content":"","_et_gb_content_width":""},"product_brand":[],"product_cat":[1497],"product_tag":[1498,1496],"class_list":{"0":"post-16941","1":"product","2":"type-product","3":"status-publish","4":"has-post-thumbnail","6":"product_cat-arm-cylinders","7":"product_tag-arm-cylinders","8":"product_tag-hydraulic-cylinders","10":"first","11":"instock","12":"shipping-taxable","13":"product-type-simple"},"amp_enabled":true,"_links":{"self":[{"href":"https:\/\/www.hydraulic-cylinders.net\/es\/wp-json\/wp\/v2\/product\/16941","targetHints":{"allow":["GET"]}}],"collection":[{"href":"https:\/\/www.hydraulic-cylinders.net\/es\/wp-json\/wp\/v2\/product"}],"about":[{"href":"https:\/\/www.hydraulic-cylinders.net\/es\/wp-json\/wp\/v2\/types\/product"}],"replies":[{"embeddable":true,"href":"https:\/\/www.hydraulic-cylinders.net\/es\/wp-json\/wp\/v2\/comments?post=16941"}],"wp:featuredmedia":[{"embeddable":true,"href":"https:\/\/www.hydraulic-cylinders.net\/es\/wp-json\/wp\/v2\/media\/14777"}],"wp:attachment":[{"href":"https:\/\/www.hydraulic-cylinders.net\/es\/wp-json\/wp\/v2\/media?parent=16941"}],"wp:term":[{"taxonomy":"product_brand","embeddable":true,"href":"https:\/\/www.hydraulic-cylinders.net\/es\/wp-json\/wp\/v2\/product_brand?post=16941"},{"taxonomy":"product_cat","embeddable":true,"href":"https:\/\/www.hydraulic-cylinders.net\/es\/wp-json\/wp\/v2\/product_cat?post=16941"},{"taxonomy":"product_tag","embeddable":true,"href":"https:\/\/www.hydraulic-cylinders.net\/es\/wp-json\/wp\/v2\/product_tag?post=16941"}],"curies":[{"name":"wp","href":"https:\/\/api.w.org\/{rel}","templated":true}]}}