{"id":16942,"date":"2025-01-21T06:14:29","date_gmt":"2025-01-21T06:14:29","guid":{"rendered":"https:\/\/www.hydraulic-cylinders.net\/product\/arm-cylinder-for-kato-small-excavator-hd820-3\/"},"modified":"2025-01-21T06:14:31","modified_gmt":"2025-01-21T06:14:31","slug":"arm-cylinder-for-kato-small-excavator-hd820-3","status":"publish","type":"product","link":"https:\/\/www.hydraulic-cylinders.net\/es\/producto\/arm-cylinder-for-kato-small-excavator-hd820-3\/","title":{"rendered":"Cilindro de brazo para excavadora peque\u00f1a Kato HD820-3"},"content":{"rendered":"<h2>Cilindro de brazo para excavadora peque\u00f1a Kato HD820-3<\/h2>\n<h3>Introducci\u00f3n<\/h3>\n<p>El cilindro del brazo es un cilindro hidr\u00e1ulico especialmente dise\u00f1ado que se utiliza principalmente para proporcionar movimiento lineal y potencia a los brazos de diversos tipos de maquinaria, como excavadoras, gr\u00faas y brazos rob\u00f3ticos. El cilindro del brazo desempe\u00f1a un papel crucial en el sistema hidr\u00e1ulico, permitiendo el movimiento y control efectivos de herramientas o accesorios adicionales. Estos cilindros no solo logran un movimiento suave, sino que tambi\u00e9n soportan cargas pesadas, garantizando un funcionamiento eficiente y la fiabilidad de la maquinaria en diversas condiciones de operaci\u00f3n.<\/p>\n<p><img decoding=\"async\" src=\"https:\/\/www.hydraulic-cylinders.net\/wp-content\/uploads\/2025\/01\/songte-company-2.webp\" alt=\"Imagen del cilindro del brazo\"><\/p>\n<h3>Caracter\u00edsticas<\/h3>\n<ul>\n<li>Transmisi\u00f3n de potencia eficiente: el cilindro del brazo proporciona un fuerte movimiento y fuerza lineal, lo que garantiza una alta eficiencia en diversas operaciones del brazo mec\u00e1nico.<\/li>\n<li>Control preciso: a trav\u00e9s del sistema hidr\u00e1ulico, el cilindro del brazo puede lograr un control de movimiento preciso, lo que hace que la operaci\u00f3n de herramientas adicionales sea m\u00e1s flexible y precisa.<\/li>\n<li>Gran durabilidad: los cilindros de brazo generalmente est\u00e1n hechos de materiales de alta resistencia, tienen buena resistencia al desgaste y a la corrosi\u00f3n, y son adecuados para uso a largo plazo en entornos hostiles.<\/li>\n<li>Adaptabilidad multifuncional: estos cilindros se pueden utilizar ampliamente en diversos equipos mec\u00e1nicos, como excavadoras, gr\u00faas y brazos rob\u00f3ticos, para adaptarse a diferentes necesidades de trabajo.<\/li>\n<li>Mantenimiento sencillo: El dise\u00f1o tiene en cuenta la facilidad de mantenimiento y sustituci\u00f3n, lo que hace que las inspecciones y el mantenimiento regulares sean m\u00e1s convenientes y reduce el tiempo de inactividad del equipo.<\/li>\n<\/ul>\n<p>Podemos fabricar este producto y nuestro producto puede reemplazar perfectamente estos cilindros hidr\u00e1ulicos.<\/p>\n<p><img decoding=\"async\" src=\"https:\/\/www.hydraulic-cylinders.net\/wp-content\/uploads\/2025\/01\/songte-oil-pipes-and-spare-parts.webp\" alt=\"Imagen de repuestos para cilindros hidr\u00e1ulicos\"><\/p>\n<h3>Aplicaciones<\/h3>\n<p>El cilindro de brazo se utiliza ampliamente en diversas industrias y campos, como:<\/p>\n<ul>\n<li>Ingenier\u00eda de construcci\u00f3n: En excavadoras y gr\u00faas, el cilindro del brazo se utiliza para controlar el movimiento de cucharones o plumas para movimiento de tierras, manipulaci\u00f3n de materiales e instalaci\u00f3n estructural.<\/li>\n<li>Fabricaci\u00f3n: En las l\u00edneas de producci\u00f3n automatizadas, el cilindro del brazo se utiliza para el movimiento de brazos rob\u00f3ticos, el ensamblaje, la soldadura y la manipulaci\u00f3n para mejorar la eficiencia y la precisi\u00f3n de la producci\u00f3n.<\/li>\n<li>Maquinaria agr\u00edcola: En maquinaria agr\u00edcola como cosechadoras y sembradoras, el cilindro del brazo controla el movimiento del brazo operativo para realizar tareas como sembrar, fertilizar y cosechar.<\/li>\n<li>Miner\u00eda: En los equipos de miner\u00eda, el cilindro del brazo se utiliza para controlar el brazo del equipo de miner\u00eda para la extracci\u00f3n y el transporte de minerales.<\/li>\n<li>Log\u00edstica y Transporte: En carretillas elevadoras y robots de manipulaci\u00f3n, el cilindro del brazo se utiliza para controlar la elevaci\u00f3n y el movimiento de las horquillas para realizar la manipulaci\u00f3n y apilado de materiales.<\/li>\n<\/ul>\n<h3>Consideraciones de dise\u00f1o y criterios de selecci\u00f3n<\/h3>\n<p>In terms of design considerations, the arm cylinder&#8217;s load bearing capacity, sealing, durability, safety, and maintainability are the key factors to be considered.<\/p>\n<ul>\n<li>Capacidad de carga: El cilindro del brazo debe estar dise\u00f1ado para soportar la carga m\u00e1xima que encontrar\u00e1 durante el funcionamiento.<\/li>\n<li>Sellado: Se deben seleccionar varios componentes de sellado, como sellos de pist\u00f3n y sellos de varilla, para garantizar un rendimiento de sellado confiable y evitar fugas de aceite.<\/li>\n<li>Durabilidad: El cilindro del brazo debe estar fabricado con materiales de alta resistencia para garantizar una buena resistencia al desgaste y a la corrosi\u00f3n y un uso a largo plazo en entornos hostiles.<\/li>\n<li>Seguridad: El cilindro del brazo debe estar dise\u00f1ado para evitar accidentes causados \u200b\u200bpor sobrecarga, impacto u otras condiciones anormales.<\/li>\n<li>Mantenibilidad: El cilindro del brazo debe estar dise\u00f1ado para facilitar el mantenimiento y el reemplazo de componentes da\u00f1ados, reduciendo el tiempo de inactividad del equipo.<\/li>\n<\/ul>\n<p><img decoding=\"async\" src=\"https:\/\/www.hydraulic-cylinders.net\/wp-content\/uploads\/2025\/01\/songte-cylinder-head-with-all-kinds-excavator-models.webp\" alt=\"Imagen de la culata\"><\/p>\n<h3>Sellado y lubricaci\u00f3n<\/h3>\n<p>El cilindro del brazo utiliza diversos componentes de sellado, como sellos de pist\u00f3n y de v\u00e1stago, para garantizar un sellado fiable y evitar fugas de aceite. Estos componentes est\u00e1n fabricados con materiales resistentes al desgaste, como poliuretano y caucho de nitrilo. El cuerpo del cilindro y la superficie del extremo de la rosca est\u00e1n finamente procesados \u200b\u200bpara mejorar la resistencia al desgaste. Para la lubricaci\u00f3n, es necesario a\u00f1adir regularmente el aceite hidr\u00e1ulico adecuado.<\/p>\n<h3>Mantenimiento y soluci\u00f3n de problemas<\/h3>\n<p>La inspecci\u00f3n regular y el mantenimiento preventivo son importantes para garantizar el funcionamiento seguro y fiable del cilindro del brazo. En caso de problemas, es necesario realizar la resoluci\u00f3n de problemas y las reparaciones oportunas para minimizar el tiempo de inactividad. Algunos problemas comunes y sus soluciones incluyen:<\/p>\n<ul>\n<li>Fuga de aceite: reemplace los componentes de sellado da\u00f1ados o apriete las conexiones sueltas para evitar fugas de aceite.<\/li>\n<li>Mal rendimiento: Verifique el nivel y la calidad del aceite hidr\u00e1ulico, limpie o reemplace el elemento del filtro y ajuste la presi\u00f3n para garantizar un funcionamiento normal.<\/li>\n<li>Da\u00f1o o deformaci\u00f3n: reemplace los componentes da\u00f1ados o deformados a tiempo para evitar da\u00f1os a otros componentes y garantizar un funcionamiento seguro.<\/li>\n<\/ul>\n<p><img decoding=\"async\" src=\"https:\/\/www.hydraulic-cylinders.net\/wp-content\/uploads\/2025\/01\/songte-chushion-collar.webp\" alt=\"Imagen de cuello de coj\u00edn\"><\/p>\n<h3>Gu\u00eda de instalaci\u00f3n<\/h3>\n<p>The installation of the arm cylinder should follow the manufacturer&#8217;s instructions and be carried out by trained professionals. The installation process includes checking the installation position and angle, tightening the connection bolts, and connecting the hydraulic hoses and fittings. After installation, check for leaks and perform a pressure test to ensure proper operation.<\/p>\n<h3>Sobre nosotros<\/h3>\n<p>We are a professional manufacturer of hydraulic cylinders with a wide range of products and have become one of the leading hydraulic cylinder manufacturers and wholesale distributors in domestic and international markets. We always adhere to the principle of excellent quality, rely on the industrialized production management strategy of the sophisticated manufacturing workshop, continuously improve our technical level and production efficiency. Through the introduction of high-end digital manufacturing equipment and professional testing systems, we continuously optimize the manufacturing platform, improve the product quality control process, and have strong innovation ability. Our goal is to meet customers&#8217; diversified needs with high efficiency, accuracy, and high quality.<\/p>\n<h3>Nuestras especialidades<\/h3>\n<ul>\n<li>Profesionalismo: Nuestro equipo est\u00e1 formado por ingenieros, t\u00e9cnicos y representantes de ventas experimentados que brindan servicios profesionales e integrales.<\/li>\n<li>Certificaciones internacionales: Nuestros productos han pasado varias certificaciones internacionales como ISO9001, CE y RoHS.<\/li>\n<li>Customization Services: We provide customized hydraulic cylinder solutions to meet customers&#8217; specific needs and requirements.<\/li>\n<li>Equipo de producci\u00f3n: Contamos con equipos de producci\u00f3n avanzados, como centros de mecanizado CNC, m\u00e1quinas de soldadura autom\u00e1ticas y equipos de prueba para garantizar una alta eficiencia y precisi\u00f3n.<\/li>\n<li>Servicio posventa: Brindamos un servicio posventa oportuno y eficaz, que incluye soporte t\u00e9cnico, mantenimiento y reparaci\u00f3n.<\/li>\n<\/ul>\n<p><img decoding=\"async\" src=\"https:\/\/www.hydraulic-cylinders.net\/wp-content\/uploads\/2025\/01\/songte-company-4.webp\" alt=\"Imagen de la empresa 1\"><br \/>\n<img decoding=\"async\" src=\"https:\/\/www.hydraulic-cylinders.net\/wp-content\/uploads\/2025\/01\/songte-company-3.webp\" alt=\"Imagen de la empresa 2\"><\/p>\n<p>Autor: lyl.<\/p>","protected":false},"excerpt":{"rendered":"<p>Arm Cylinder For Kato Small Excavator HD820-3 Introduction The arm cylinder is a specially designed hydraulic cylinder that is primarily used to provide linear motion and power for the arms of various types of machinery, such as excavators, cranes, and robotic arms. The arm cylinder plays a crucial role in the hydraulic system, allowing for [&hellip;]<\/p>","protected":false},"featured_media":14774,"comment_status":"open","ping_status":"closed","template":"","meta":{"_et_pb_use_builder":"","_et_pb_old_content":"","_et_gb_content_width":""},"product_brand":[],"product_cat":[1497],"product_tag":[1498,1496],"class_list":{"0":"post-16942","1":"product","2":"type-product","3":"status-publish","4":"has-post-thumbnail","6":"product_cat-arm-cylinders","7":"product_tag-arm-cylinders","8":"product_tag-hydraulic-cylinders","10":"first","11":"instock","12":"shipping-taxable","13":"product-type-simple"},"amp_enabled":true,"_links":{"self":[{"href":"https:\/\/www.hydraulic-cylinders.net\/es\/wp-json\/wp\/v2\/product\/16942","targetHints":{"allow":["GET"]}}],"collection":[{"href":"https:\/\/www.hydraulic-cylinders.net\/es\/wp-json\/wp\/v2\/product"}],"about":[{"href":"https:\/\/www.hydraulic-cylinders.net\/es\/wp-json\/wp\/v2\/types\/product"}],"replies":[{"embeddable":true,"href":"https:\/\/www.hydraulic-cylinders.net\/es\/wp-json\/wp\/v2\/comments?post=16942"}],"wp:featuredmedia":[{"embeddable":true,"href":"https:\/\/www.hydraulic-cylinders.net\/es\/wp-json\/wp\/v2\/media\/14774"}],"wp:attachment":[{"href":"https:\/\/www.hydraulic-cylinders.net\/es\/wp-json\/wp\/v2\/media?parent=16942"}],"wp:term":[{"taxonomy":"product_brand","embeddable":true,"href":"https:\/\/www.hydraulic-cylinders.net\/es\/wp-json\/wp\/v2\/product_brand?post=16942"},{"taxonomy":"product_cat","embeddable":true,"href":"https:\/\/www.hydraulic-cylinders.net\/es\/wp-json\/wp\/v2\/product_cat?post=16942"},{"taxonomy":"product_tag","embeddable":true,"href":"https:\/\/www.hydraulic-cylinders.net\/es\/wp-json\/wp\/v2\/product_tag?post=16942"}],"curies":[{"name":"wp","href":"https:\/\/api.w.org\/{rel}","templated":true}]}}