{"id":16982,"date":"2025-01-21T08:46:17","date_gmt":"2025-01-21T08:46:17","guid":{"rendered":"https:\/\/www.hydraulic-cylinders.net\/?post_type=product&#038;p=16982"},"modified":"2025-04-11T03:15:39","modified_gmt":"2025-04-11T03:15:39","slug":"hcyy11112002-forklift-steering-cylinder","status":"publish","type":"product","link":"https:\/\/www.hydraulic-cylinders.net\/es\/producto\/hcyy11112002-forklift-steering-cylinder\/","title":{"rendered":"Cilindro de direcci\u00f3n para montacargas HCYY11112002"},"content":{"rendered":"<h1 style=\"text-align: center;\"><strong>Cilindro de direcci\u00f3n para montacargas HCYY11112002\u00a0<\/strong><\/h1>\n<h1 style=\"text-align: center;\"><strong><img loading=\"lazy\" decoding=\"async\" class=\"alignnone size-full wp-image-16984\" src=\"https:\/\/www.hydraulic-cylinders.net\/wp-content\/uploads\/2025\/01\/hcyy11112002-forklift-lifting-cylinder-2.webp\" alt=\"\" width=\"1496\" height=\"517\" srcset=\"https:\/\/www.hydraulic-cylinders.net\/wp-content\/uploads\/2025\/01\/hcyy11112002-forklift-lifting-cylinder-2.webp 1496w, https:\/\/www.hydraulic-cylinders.net\/wp-content\/uploads\/2025\/01\/hcyy11112002-forklift-lifting-cylinder-2-1280x442.webp 1280w, https:\/\/www.hydraulic-cylinders.net\/wp-content\/uploads\/2025\/01\/hcyy11112002-forklift-lifting-cylinder-2-980x339.webp 980w, https:\/\/www.hydraulic-cylinders.net\/wp-content\/uploads\/2025\/01\/hcyy11112002-forklift-lifting-cylinder-2-480x166.webp 480w\" sizes=\"(min-width: 0px) and (max-width: 480px) 480px, (min-width: 481px) and (max-width: 980px) 980px, (min-width: 981px) and (max-width: 1280px) 1280px, (min-width: 1281px) 1496px, 100vw\" \/> <\/strong><\/h1>\n<p>El cilindro de direcci\u00f3n para montacargas HCYY11112002 es un componente esencial que mejora significativamente la maniobrabilidad y el control de los montacargas en diversos entornos operativos. Dise\u00f1ado para ofrecer eficiencia y confiabilidad, este cilindro de direcci\u00f3n permite a los operadores maniobrar en espacios reducidos y manejar cargas pesadas sin esfuerzo.<\/p>\n<p>Como componente esencial de cualquier operaci\u00f3n con montacargas, el HCYY11112002 ofrece una construcci\u00f3n robusta, una capacidad de respuesta excepcional y un mantenimiento sencillo, lo que lo convierte en la opci\u00f3n ideal para empresas que buscan optimizar sus capacidades de manipulaci\u00f3n de materiales. Siguiendo las pr\u00e1cticas adecuadas de uso y mantenimiento, se garantiza el funcionamiento suave y eficiente del cilindro de direcci\u00f3n, lo que se traduce en operaciones m\u00e1s seguras y efectivas.<\/p>\n<p>Invertir en componentes de alta calidad como el HCYY11112002 no solo aumenta la productividad, sino que tambi\u00e9n mejora la seguridad general de sus empleados. \u00a1Experimente la diferencia que una direcci\u00f3n fiable puede marcar y transforme su eficiencia operativa hoy mismo!<\/p>\n<h2><strong>Par\u00e1metro del cilindro de direcci\u00f3n de la carretilla elevadora HCYY11112002:<\/strong><\/h2>\n<h1 style=\"text-align: center;\"><strong><img loading=\"lazy\" decoding=\"async\" class=\"alignnone size-full wp-image-16983\" src=\"https:\/\/www.hydraulic-cylinders.net\/wp-content\/uploads\/2025\/01\/hcyy11112002-forklift-lifting-cylinder-1.webp\" alt=\"\" width=\"1514\" height=\"142\" srcset=\"https:\/\/www.hydraulic-cylinders.net\/wp-content\/uploads\/2025\/01\/hcyy11112002-forklift-lifting-cylinder-1.webp 1514w, https:\/\/www.hydraulic-cylinders.net\/wp-content\/uploads\/2025\/01\/hcyy11112002-forklift-lifting-cylinder-1-1280x120.webp 1280w, https:\/\/www.hydraulic-cylinders.net\/wp-content\/uploads\/2025\/01\/hcyy11112002-forklift-lifting-cylinder-1-980x92.webp 980w, https:\/\/www.hydraulic-cylinders.net\/wp-content\/uploads\/2025\/01\/hcyy11112002-forklift-lifting-cylinder-1-480x45.webp 480w\" sizes=\"(min-width: 0px) and (max-width: 480px) 480px, (min-width: 481px) and (max-width: 980px) 980px, (min-width: 981px) and (max-width: 1280px) 1280px, (min-width: 1281px) 1514px, 100vw\" \/><\/strong><\/h1>\n<h1 style=\"text-align: center;\"><strong><img loading=\"lazy\" decoding=\"async\" class=\"alignnone size-full wp-image-16985\" src=\"https:\/\/www.hydraulic-cylinders.net\/wp-content\/uploads\/2025\/01\/hcyy11112002-forklift-lifting-cylinder-3.webp\" alt=\"\" width=\"1479\" height=\"707\" srcset=\"https:\/\/www.hydraulic-cylinders.net\/wp-content\/uploads\/2025\/01\/hcyy11112002-forklift-lifting-cylinder-3.webp 1479w, https:\/\/www.hydraulic-cylinders.net\/wp-content\/uploads\/2025\/01\/hcyy11112002-forklift-lifting-cylinder-3-1280x612.webp 1280w, https:\/\/www.hydraulic-cylinders.net\/wp-content\/uploads\/2025\/01\/hcyy11112002-forklift-lifting-cylinder-3-980x468.webp 980w, https:\/\/www.hydraulic-cylinders.net\/wp-content\/uploads\/2025\/01\/hcyy11112002-forklift-lifting-cylinder-3-480x229.webp 480w\" sizes=\"(min-width: 0px) and (max-width: 480px) 480px, (min-width: 481px) and (max-width: 980px) 980px, (min-width: 981px) and (max-width: 1280px) 1280px, (min-width: 1281px) 1479px, 100vw\" \/> <img loading=\"lazy\" decoding=\"async\" class=\"alignnone size-full wp-image-16986\" src=\"https:\/\/www.hydraulic-cylinders.net\/wp-content\/uploads\/2025\/01\/hcyy11112002-forklift-lifting-cylinder-4.webp\" alt=\"\" width=\"1477\" height=\"710\" srcset=\"https:\/\/www.hydraulic-cylinders.net\/wp-content\/uploads\/2025\/01\/hcyy11112002-forklift-lifting-cylinder-4.webp 1477w, https:\/\/www.hydraulic-cylinders.net\/wp-content\/uploads\/2025\/01\/hcyy11112002-forklift-lifting-cylinder-4-1280x615.webp 1280w, https:\/\/www.hydraulic-cylinders.net\/wp-content\/uploads\/2025\/01\/hcyy11112002-forklift-lifting-cylinder-4-980x471.webp 980w, https:\/\/www.hydraulic-cylinders.net\/wp-content\/uploads\/2025\/01\/hcyy11112002-forklift-lifting-cylinder-4-480x231.webp 480w\" sizes=\"(min-width: 0px) and (max-width: 480px) 480px, (min-width: 481px) and (max-width: 980px) 980px, (min-width: 981px) and (max-width: 1280px) 1280px, (min-width: 1281px) 1477px, 100vw\" \/> <img loading=\"lazy\" decoding=\"async\" class=\"alignnone size-full wp-image-16987\" src=\"https:\/\/www.hydraulic-cylinders.net\/wp-content\/uploads\/2025\/01\/hcyy11112002-forklift-lifting-cylinder-5.webp\" alt=\"\" width=\"1495\" height=\"730\" srcset=\"https:\/\/www.hydraulic-cylinders.net\/wp-content\/uploads\/2025\/01\/hcyy11112002-forklift-lifting-cylinder-5.webp 1495w, https:\/\/www.hydraulic-cylinders.net\/wp-content\/uploads\/2025\/01\/hcyy11112002-forklift-lifting-cylinder-5-1280x625.webp 1280w, https:\/\/www.hydraulic-cylinders.net\/wp-content\/uploads\/2025\/01\/hcyy11112002-forklift-lifting-cylinder-5-980x479.webp 980w, https:\/\/www.hydraulic-cylinders.net\/wp-content\/uploads\/2025\/01\/hcyy11112002-forklift-lifting-cylinder-5-480x234.webp 480w\" sizes=\"(min-width: 0px) and (max-width: 480px) 480px, (min-width: 481px) and (max-width: 980px) 980px, (min-width: 981px) and (max-width: 1280px) 1280px, (min-width: 1281px) 1495px, 100vw\" \/><\/strong><\/h1>\n<h1 style=\"text-align: center;\"><\/h1>\n<h2>\u00a0<strong>Serie de cilindros para montacargas:\u00a0<\/strong><\/h2>\n<h2><img loading=\"lazy\" decoding=\"async\" class=\"alignnone size-full wp-image-16971\" src=\"https:\/\/www.hydraulic-cylinders.net\/wp-content\/uploads\/2025\/01\/fork-lift-cylinder.webp\" alt=\"\" width=\"2004\" height=\"2529\" srcset=\"https:\/\/www.hydraulic-cylinders.net\/wp-content\/uploads\/2025\/01\/fork-lift-cylinder.webp 2004w, https:\/\/www.hydraulic-cylinders.net\/wp-content\/uploads\/2025\/01\/fork-lift-cylinder-1280x1615.webp 1280w, https:\/\/www.hydraulic-cylinders.net\/wp-content\/uploads\/2025\/01\/fork-lift-cylinder-980x1237.webp 980w, https:\/\/www.hydraulic-cylinders.net\/wp-content\/uploads\/2025\/01\/fork-lift-cylinder-480x606.webp 480w\" sizes=\"(min-width: 0px) and (max-width: 480px) 480px, (min-width: 481px) and (max-width: 980px) 980px, (min-width: 981px) and (max-width: 1280px) 1280px, (min-width: 1281px) 2004px, 100vw\" \/><\/h2>\n<h2><strong>Caracter\u00edsticas principales del cilindro de direcci\u00f3n para montacargas HCYY11112002:<\/strong><\/h2>\n<ul>\n<li><strong>Construcci\u00f3n duradera<\/strong>Fabricado con materiales de primera calidad, el HCYY11112002 est\u00e1 dise\u00f1ado para soportar las exigencias de operaciones intensivas y condiciones de trabajo adversas. Su robusto dise\u00f1o garantiza una durabilidad y fiabilidad excepcionales, minimizando la necesidad de reemplazos frecuentes.<\/li>\n<li><strong>Alta capacidad de respuesta<\/strong>Experimente un control sin precedentes con este cilindro de direcci\u00f3n, que ofrece respuestas de direcci\u00f3n r\u00e1pidas y precisas. Los operadores pueden maniobrar sin esfuerzo en curvas cerradas y dise\u00f1os complejos, lo que se traduce en giros m\u00e1s suaves y una mejor manipulaci\u00f3n de las cargas. Esta capacidad de respuesta no solo mejora la eficiencia, sino que tambi\u00e9n aumenta la seguridad general.<\/li>\n<li><strong>Resistencia a la corrosi\u00f3n<\/strong>El modelo HCYY11112002 cuenta con superficies tratadas especialmente que resisten la oxidaci\u00f3n y el deterioro. Esta propiedad anticorrosiva prolonga la vida \u00fatil del cilindro y mantiene un rendimiento \u00f3ptimo, incluso en entornos expuestos a la humedad o a productos qu\u00edmicos agresivos.<\/li>\n<li><strong>F\u00e1cil instalaci\u00f3n<\/strong>Dise\u00f1ado para la comodidad del usuario, el HCYY11112002 permite una instalaci\u00f3n sencilla. Su proceso de configuraci\u00f3n intuitivo minimiza el tiempo de inactividad, facilitando reemplazos y reparaciones r\u00e1pidas. Esta caracter\u00edstica se traduce en menos interrupciones en sus operaciones y m\u00e1s tiempo para la productividad.<\/li>\n<li><strong>Amplia compatibilidad<\/strong>La versatilidad es una caracter\u00edstica distintiva del HCYY11112002. Dise\u00f1ado para adaptarse a diversos modelos de montacargas, este cilindro de direcci\u00f3n se integra a la perfecci\u00f3n con diferentes sistemas, convirti\u00e9ndolo en la opci\u00f3n ideal para empresas de diversos sectores. Tanto si opera un solo tipo de montacargas como una flota, este componente satisface sus variadas necesidades con facilidad.<\/li>\n<li><strong>Caracter\u00edsticas de seguridad mejoradas<\/strong>Gracias a sus avanzados mecanismos de seguridad, el HCYY11112002 garantiza un funcionamiento estable en diversas condiciones. Esta capa adicional de seguridad protege tanto a los operarios como a las cargas, mejorando as\u00ed el entorno laboral en general.<\/li>\n<li><strong>Requisitos de mantenimiento bajos<\/strong>Dise\u00f1ado para ofrecer durabilidad y eficiencia, el HCYY11112002 requiere un mantenimiento m\u00ednimo. Las revisiones peri\u00f3dicas y la lubricaci\u00f3n ocasional garantizan un rendimiento \u00f3ptimo, permitiendo que su equipo se centre en sus tareas sin preocuparse por el mantenimiento frecuente.<\/li>\n<\/ul>\n<p>Al elegir el cilindro de direcci\u00f3n para montacargas HCYY11112002, invierte en un producto que mejora la eficiencia operativa y contribuye a un entorno de trabajo m\u00e1s seguro y productivo. \u00a1Experimente la diferencia que estas caracter\u00edsticas avanzadas pueden marcar en sus operaciones de manipulaci\u00f3n de materiales!<\/p>\n<h2><strong>\u00bfCu\u00e1les son las se\u00f1ales de que el cilindro de direcci\u00f3n de una carretilla elevadora necesita ser reemplazado?<\/strong><\/h2>\n<p>Un cilindro de direcci\u00f3n en buen estado es fundamental para el funcionamiento seguro de su montacargas. Estas son algunas se\u00f1ales que indican que podr\u00eda ser necesario reemplazarlo:<\/p>\n<ol>\n<li><strong>Fugas de fluido hidr\u00e1ulico<\/strong><br \/>\nSi observa charcos de l\u00edquido hidr\u00e1ulico debajo de su montacargas, es una se\u00f1al de alerta. Las fugas indican que las juntas del cilindro de direcci\u00f3n pueden estar desgastadas o da\u00f1adas, lo que compromete la integridad del sistema.<\/li>\n<li><strong>Dificultades de direcci\u00f3n<\/strong><br \/>\nSi al girar el volante le cuesta girar o nota una fuerte resistencia, puede que tenga problemas subyacentes. Un sistema de direcci\u00f3n que responda bien es fundamental para la eficiencia y la seguridad, as\u00ed que no ignore estos s\u00edntomas.<\/li>\n<li><strong>Ruidos inusuales<\/strong><br \/>\nPreste atenci\u00f3n a cualquier ruido de roce, chirrido o golpeteo durante el funcionamiento. Estos ruidos pueden indicar desgaste mec\u00e1nico o desalineaci\u00f3n dentro del cilindro de direcci\u00f3n, lo que podr\u00eda provocar problemas m\u00e1s graves si no se solucionan.<\/li>\n<li><strong>Sellos y bujes desgastados<\/strong><br \/>\nInspeccione peri\u00f3dicamente los sellos y bujes para detectar signos de desgaste. Las grietas o el deshilachado pueden provocar fugas y una disminuci\u00f3n del rendimiento, por lo que su sustituci\u00f3n oportuna es fundamental.<\/li>\n<li><strong>Movimiento inconsistente<\/strong><br \/>\nSi la direcci\u00f3n de su montacargas se siente inestable o con tirones, podr\u00eda indicar problemas hidr\u00e1ulicos en el cilindro. Una direcci\u00f3n suave es fundamental para maniobrar con precisi\u00f3n, sobre todo en espacios reducidos.<\/li>\n<li><strong>Juego excesivo<\/strong><br \/>\nUn aumento notable en la holgura o juego del volante puede indicar una falla en el cilindro de la direcci\u00f3n. Esto puede afectar el control del veh\u00edculo y aumentar el riesgo de accidentes.<\/li>\n<li><strong>Luces de advertencia<\/strong><br \/>\nMuchas carretillas elevadoras modernas cuentan con sistemas de diagn\u00f3stico que alertan sobre posibles problemas. Si ve una luz de advertencia relacionada con la direcci\u00f3n, t\u00f3melo en serio e investigue de inmediato.<\/li>\n<\/ol>\n<p>Actuar con anticipaci\u00f3n ante estas se\u00f1ales puede ahorrarle reparaciones costosas y condiciones de operaci\u00f3n inseguras. El mantenimiento regular y los reemplazos oportunos garantizan que su montacargas siga siendo confiable y eficiente. Si observa alguno de estos s\u00edntomas, consulte con un profesional para que eval\u00fae la situaci\u00f3n y considere reemplazar el cilindro de direcci\u00f3n para un rendimiento \u00f3ptimo. \u00a1Su seguridad y productividad dependen de ello!<\/p>\n<h2><strong>\u00c1rea de producci\u00f3n de cilindros para montacargas:<\/strong><\/h2>\n<h2><img loading=\"lazy\" decoding=\"async\" class=\"alignnone size-full wp-image-16972\" src=\"https:\/\/www.hydraulic-cylinders.net\/wp-content\/uploads\/2025\/01\/hydraulic-cylinder-factory-1-scaled.webp\" alt=\"\" width=\"2016\" height=\"2560\" srcset=\"https:\/\/www.hydraulic-cylinders.net\/wp-content\/uploads\/2025\/01\/hydraulic-cylinder-factory-1-scaled.webp 2016w, https:\/\/www.hydraulic-cylinders.net\/wp-content\/uploads\/2025\/01\/hydraulic-cylinder-factory-1-1280x1625.webp 1280w, https:\/\/www.hydraulic-cylinders.net\/wp-content\/uploads\/2025\/01\/hydraulic-cylinder-factory-1-980x1244.webp 980w, https:\/\/www.hydraulic-cylinders.net\/wp-content\/uploads\/2025\/01\/hydraulic-cylinder-factory-1-480x610.webp 480w\" sizes=\"(min-width: 0px) and (max-width: 480px) 480px, (min-width: 481px) and (max-width: 980px) 980px, (min-width: 981px) and (max-width: 1280px) 1280px, (min-width: 1281px) 2016px, 100vw\" \/><\/h2>\n<p>Contamos con una plataforma independiente de I+D de primera clase para el ensamblaje. El taller de producci\u00f3n de cilindros para carretillas elevadoras cuenta con cuatro l\u00edneas de ensamblaje de cilindros de elevaci\u00f3n semiautom\u00e1ticas y una l\u00ednea de ensamblaje de cilindros de inclinaci\u00f3n totalmente autom\u00e1tica, con una capacidad de producci\u00f3n anual dise\u00f1ada de un mill\u00f3n de piezas. El taller de cilindros especiales cuenta con sistemas semiautom\u00e1ticos de limpieza y ensamblaje de diversas especificaciones, con una capacidad de producci\u00f3n anual dise\u00f1ada de 200.000 piezas. Est\u00e1 equipado con equipos de mecanizado CNC de marcas reconocidas, centros de mecanizado, equipos especiales para el procesamiento de cilindros de alta precisi\u00f3n, m\u00e1quinas de soldadura robotizadas, m\u00e1quinas de limpieza autom\u00e1ticas, m\u00e1quinas de ensamblaje autom\u00e1tico de cilindros y l\u00edneas de producci\u00f3n de pintura autom\u00e1ticas. Contamos con m\u00e1s de 300 equipos clave en funcionamiento. La asignaci\u00f3n optimizada y el uso eficiente de los recursos de los equipos garantizan la precisi\u00f3n de los productos y cumplen con los altos est\u00e1ndares de calidad.<\/p>\n<p>El taller de mecanizado est\u00e1 equipado con centros de torneado de carriles gu\u00eda inclinados hechos a medida, centros de mecanizado, bru\u00f1idoras de alta velocidad, robots de soldadura y otros equipos relevantes, que pueden manejar el trabajo de mecanizado de tubos cil\u00edndricos con un di\u00e1metro interior m\u00e1ximo de 400 mm y una longitud m\u00e1xima de 6 metros.<\/p>\n<h2><img loading=\"lazy\" decoding=\"async\" class=\"alignnone size-full wp-image-16973\" src=\"https:\/\/www.hydraulic-cylinders.net\/wp-content\/uploads\/2025\/01\/hydraulic-cylinder-factory-2-scaled.webp\" alt=\"\" width=\"2011\" height=\"2560\" srcset=\"https:\/\/www.hydraulic-cylinders.net\/wp-content\/uploads\/2025\/01\/hydraulic-cylinder-factory-2-scaled.webp 2011w, https:\/\/www.hydraulic-cylinders.net\/wp-content\/uploads\/2025\/01\/hydraulic-cylinder-factory-2-1280x1629.webp 1280w, https:\/\/www.hydraulic-cylinders.net\/wp-content\/uploads\/2025\/01\/hydraulic-cylinder-factory-2-980x1248.webp 980w, https:\/\/www.hydraulic-cylinders.net\/wp-content\/uploads\/2025\/01\/hydraulic-cylinder-factory-2-480x611.webp 480w\" sizes=\"(min-width: 0px) and (max-width: 480px) 480px, (min-width: 481px) and (max-width: 980px) 980px, (min-width: 981px) and (max-width: 1280px) 1280px, (min-width: 1281px) 2011px, 100vw\" \/><\/h2>\n<p>Contamos con una l\u00ednea de recubrimiento de pintura a base de agua totalmente autom\u00e1tica para cilindros peque\u00f1os y medianos, que incorpora robots de carga y descarga autom\u00e1ticos y pulverizaci\u00f3n autom\u00e1tica, con una capacidad de producci\u00f3n dise\u00f1ada para 4000 cajas por turno. Contamos con otra l\u00ednea de pintura semiautom\u00e1tica para cilindros de gran tama\u00f1o, accionada por cadena de transmisi\u00f3n, con una capacidad dise\u00f1ada para 60 cajas por turno.<\/p>\n<p>Para mejorar a\u00fan m\u00e1s el rendimiento del producto y establecer la posici\u00f3n de liderazgo de nuestros cilindros hidr\u00e1ulicos en la industria, nuestra empresa y zjimee establecieron conjuntamente un laboratorio de rendimiento integral de cilindros hidr\u00e1ulicos, v\u00e1lvulas hidr\u00e1ulicas y bombas hidr\u00e1ulicas; el laboratorio es una prueba asistido por computadora que utiliza tecnolog\u00eda electrohidr\u00e1ulica, las condiciones de prueba son preestablecidas por una computadora que mejora la precisi\u00f3n de la prueba y la versatilidad del sistema y los datos experimentales.<\/p>\n<p>La recolecci\u00f3n autom\u00e1tica de datos se realiza mediante sensores. Los datos de salida, como la fuga interna y la eficiencia de carga del cilindro o la v\u00e1lvula, se procesan directamente por computadora y se convierten a unidades est\u00e1ndar (ml\/min). Para garantizar la seguridad del sistema hidr\u00e1ulico, se monitorean par\u00e1metros clave como la temperatura del aceite, el nivel de l\u00edquido y el dispositivo de filtrado. El banco de pruebas del cilindro hidr\u00e1ulico permite evaluar el rendimiento de la carga.<br \/>\nMide la eficiencia y las fugas internas. Adem\u00e1s, est\u00e1 equipado con un instrumento de medici\u00f3n de rejilla que cumple con los requisitos de todas las pruebas de cilindros hidr\u00e1ulicos seg\u00fan la norma nacional.<\/p>","protected":false},"excerpt":{"rendered":"<p>HCYY11112002 Forklift Steering Cylinder\u00a0 The HCYY11112002 Forklift Steering Cylinder stands as a vital component that significantly boosts the maneuverability and control of forklifts across diverse operational environments. Crafted for both efficiency and reliability, this steering cylinder empowers operators to navigate tight spaces and manage heavy loads effortlessly. As an essential part of any forklift operation, [&hellip;]<\/p>","protected":false},"featured_media":16988,"comment_status":"open","ping_status":"closed","template":"","meta":{"_et_pb_use_builder":"","_et_pb_old_content":"","_et_gb_content_width":""},"product_brand":[],"product_cat":[1550,1484,1376],"product_tag":[],"class_list":{"0":"post-16982","1":"product","2":"type-product","3":"status-publish","4":"has-post-thumbnail","6":"product_cat-double-acting-hydraulic-cylinder","7":"product_cat-forklift-hydraulic-cylinders","8":"product_cat-hydraulic-cylinder","10":"first","11":"instock","12":"shipping-taxable","13":"product-type-simple"},"amp_enabled":true,"_links":{"self":[{"href":"https:\/\/www.hydraulic-cylinders.net\/es\/wp-json\/wp\/v2\/product\/16982","targetHints":{"allow":["GET"]}}],"collection":[{"href":"https:\/\/www.hydraulic-cylinders.net\/es\/wp-json\/wp\/v2\/product"}],"about":[{"href":"https:\/\/www.hydraulic-cylinders.net\/es\/wp-json\/wp\/v2\/types\/product"}],"replies":[{"embeddable":true,"href":"https:\/\/www.hydraulic-cylinders.net\/es\/wp-json\/wp\/v2\/comments?post=16982"}],"wp:featuredmedia":[{"embeddable":true,"href":"https:\/\/www.hydraulic-cylinders.net\/es\/wp-json\/wp\/v2\/media\/16988"}],"wp:attachment":[{"href":"https:\/\/www.hydraulic-cylinders.net\/es\/wp-json\/wp\/v2\/media?parent=16982"}],"wp:term":[{"taxonomy":"product_brand","embeddable":true,"href":"https:\/\/www.hydraulic-cylinders.net\/es\/wp-json\/wp\/v2\/product_brand?post=16982"},{"taxonomy":"product_cat","embeddable":true,"href":"https:\/\/www.hydraulic-cylinders.net\/es\/wp-json\/wp\/v2\/product_cat?post=16982"},{"taxonomy":"product_tag","embeddable":true,"href":"https:\/\/www.hydraulic-cylinders.net\/es\/wp-json\/wp\/v2\/product_tag?post=16982"}],"curies":[{"name":"wp","href":"https:\/\/api.w.org\/{rel}","templated":true}]}}