{"id":17047,"date":"2025-02-05T02:02:28","date_gmt":"2025-02-05T02:02:28","guid":{"rendered":"https:\/\/www.hydraulic-cylinders.net\/?post_type=product&#038;p=17047"},"modified":"2025-04-02T08:28:41","modified_gmt":"2025-04-02T08:28:41","slug":"lift-cylinder-for-crawler-crane","status":"publish","type":"product","link":"https:\/\/www.hydraulic-cylinders.net\/es\/producto\/lift-cylinder-for-crawler-crane\/","title":{"rendered":"Cilindro de elevaci\u00f3n para gr\u00faa sobre orugas"},"content":{"rendered":"<h1 style=\"text-align: center;\"><strong>Cilindro de elevaci\u00f3n para gr\u00faa sobre orugas<\/strong><\/h1>\n<h1 style=\"text-align: center;\"><img loading=\"lazy\" decoding=\"async\" class=\"alignnone size-full wp-image-17048\" src=\"https:\/\/www.hydraulic-cylinders.net\/wp-content\/uploads\/2025\/02\/hcyy11112018-lift-cylinder-2.webp\" alt=\"\" width=\"1524\" height=\"539\" srcset=\"https:\/\/www.hydraulic-cylinders.net\/wp-content\/uploads\/2025\/02\/hcyy11112018-lift-cylinder-2.webp 1524w, https:\/\/www.hydraulic-cylinders.net\/wp-content\/uploads\/2025\/02\/hcyy11112018-lift-cylinder-2-1280x453.webp 1280w, https:\/\/www.hydraulic-cylinders.net\/wp-content\/uploads\/2025\/02\/hcyy11112018-lift-cylinder-2-980x347.webp 980w, https:\/\/www.hydraulic-cylinders.net\/wp-content\/uploads\/2025\/02\/hcyy11112018-lift-cylinder-2-480x170.webp 480w\" sizes=\"(min-width: 0px) and (max-width: 480px) 480px, (min-width: 481px) and (max-width: 980px) 980px, (min-width: 981px) and (max-width: 1280px) 1280px, (min-width: 1281px) 1524px, 100vw\" \/><\/h1>\n<p>Nuestros cilindros de elevaci\u00f3n para gr\u00faas sobre orugas est\u00e1n dise\u00f1ados para ofrecer un rendimiento de elevaci\u00f3n potente y fiable en aplicaciones de alta exigencia. Dise\u00f1ados espec\u00edficamente para gr\u00faas sobre orugas, estos cilindros hidr\u00e1ulicos proporcionan la fuerza necesaria para elevar los brazos de la gr\u00faa con precisi\u00f3n, soportando cargas de hasta 590 toneladas en entornos exigentes como obras de construcci\u00f3n, construcci\u00f3n de puentes y miner\u00eda. Fabricados con acero aleado de alta resistencia e incorporando sistemas de sellado avanzados, nuestros cilindros de elevaci\u00f3n garantizan durabilidad y un funcionamiento sin fugas, incluso bajo cargas din\u00e1micas extremas y en condiciones adversas.<\/p>\n<p>Con una presi\u00f3n nominal de hasta 35 MPa y recubrimientos anticorrosivos opcionales, est\u00e1n dise\u00f1ados para ofrecer una fiabilidad a largo plazo en terrenos accidentados. Tanto si necesita izar vigas de acero como posicionar equipos pesados, nuestros cilindros de elevaci\u00f3n para gr\u00faas sobre orugas garantizan seguridad, eficiencia y un rendimiento inigualable para sus necesidades de elevaci\u00f3n.<\/p>\n<h2><strong>Par\u00e1metros del cilindro de elevaci\u00f3n para gr\u00faa sobre orugas:<\/strong><\/h2>\n<h1 style=\"text-align: center;\"><img loading=\"lazy\" decoding=\"async\" class=\"alignnone size-full wp-image-17049\" src=\"https:\/\/www.hydraulic-cylinders.net\/wp-content\/uploads\/2025\/02\/hcyy11112018-lift-cylinder-1.webp\" alt=\"\" width=\"1515\" height=\"147\" srcset=\"https:\/\/www.hydraulic-cylinders.net\/wp-content\/uploads\/2025\/02\/hcyy11112018-lift-cylinder-1.webp 1515w, https:\/\/www.hydraulic-cylinders.net\/wp-content\/uploads\/2025\/02\/hcyy11112018-lift-cylinder-1-1280x124.webp 1280w, https:\/\/www.hydraulic-cylinders.net\/wp-content\/uploads\/2025\/02\/hcyy11112018-lift-cylinder-1-980x95.webp 980w, https:\/\/www.hydraulic-cylinders.net\/wp-content\/uploads\/2025\/02\/hcyy11112018-lift-cylinder-1-480x47.webp 480w\" sizes=\"(min-width: 0px) and (max-width: 480px) 480px, (min-width: 481px) and (max-width: 980px) 980px, (min-width: 981px) and (max-width: 1280px) 1280px, (min-width: 1281px) 1515px, 100vw\" \/> <img loading=\"lazy\" decoding=\"async\" class=\"alignnone size-full wp-image-17051\" src=\"https:\/\/www.hydraulic-cylinders.net\/wp-content\/uploads\/2025\/02\/hcyy11112018-lift-cylinder-3.webp\" alt=\"\" width=\"1477\" height=\"707\" srcset=\"https:\/\/www.hydraulic-cylinders.net\/wp-content\/uploads\/2025\/02\/hcyy11112018-lift-cylinder-3.webp 1477w, https:\/\/www.hydraulic-cylinders.net\/wp-content\/uploads\/2025\/02\/hcyy11112018-lift-cylinder-3-1280x613.webp 1280w, https:\/\/www.hydraulic-cylinders.net\/wp-content\/uploads\/2025\/02\/hcyy11112018-lift-cylinder-3-980x469.webp 980w, https:\/\/www.hydraulic-cylinders.net\/wp-content\/uploads\/2025\/02\/hcyy11112018-lift-cylinder-3-480x230.webp 480w\" sizes=\"(min-width: 0px) and (max-width: 480px) 480px, (min-width: 481px) and (max-width: 980px) 980px, (min-width: 981px) and (max-width: 1280px) 1280px, (min-width: 1281px) 1477px, 100vw\" \/> <img loading=\"lazy\" decoding=\"async\" class=\"alignnone size-full wp-image-17052\" src=\"https:\/\/www.hydraulic-cylinders.net\/wp-content\/uploads\/2025\/02\/hcyy11112018-lift-cylinder-4.webp\" alt=\"\" width=\"1475\" height=\"711\" srcset=\"https:\/\/www.hydraulic-cylinders.net\/wp-content\/uploads\/2025\/02\/hcyy11112018-lift-cylinder-4.webp 1475w, https:\/\/www.hydraulic-cylinders.net\/wp-content\/uploads\/2025\/02\/hcyy11112018-lift-cylinder-4-1280x617.webp 1280w, https:\/\/www.hydraulic-cylinders.net\/wp-content\/uploads\/2025\/02\/hcyy11112018-lift-cylinder-4-980x472.webp 980w, https:\/\/www.hydraulic-cylinders.net\/wp-content\/uploads\/2025\/02\/hcyy11112018-lift-cylinder-4-480x231.webp 480w\" sizes=\"(min-width: 0px) and (max-width: 480px) 480px, (min-width: 481px) and (max-width: 980px) 980px, (min-width: 981px) and (max-width: 1280px) 1280px, (min-width: 1281px) 1475px, 100vw\" \/> <img loading=\"lazy\" decoding=\"async\" class=\"alignnone size-full wp-image-17053\" src=\"https:\/\/www.hydraulic-cylinders.net\/wp-content\/uploads\/2025\/02\/hcyy11112018-lift-cylinder-5.webp\" alt=\"\" width=\"1451\" height=\"696\" srcset=\"https:\/\/www.hydraulic-cylinders.net\/wp-content\/uploads\/2025\/02\/hcyy11112018-lift-cylinder-5.webp 1451w, https:\/\/www.hydraulic-cylinders.net\/wp-content\/uploads\/2025\/02\/hcyy11112018-lift-cylinder-5-1280x614.webp 1280w, https:\/\/www.hydraulic-cylinders.net\/wp-content\/uploads\/2025\/02\/hcyy11112018-lift-cylinder-5-980x470.webp 980w, https:\/\/www.hydraulic-cylinders.net\/wp-content\/uploads\/2025\/02\/hcyy11112018-lift-cylinder-5-480x230.webp 480w\" sizes=\"(min-width: 0px) and (max-width: 480px) 480px, (min-width: 481px) and (max-width: 980px) 980px, (min-width: 981px) and (max-width: 1280px) 1280px, (min-width: 1281px) 1451px, 100vw\" \/><\/h1>\n<h2><strong>Serie de cilindros de gr\u00faa sobre orugas:<\/strong><\/h2>\n<h2><img loading=\"lazy\" decoding=\"async\" class=\"alignnone size-full wp-image-17054 aligncenter\" src=\"https:\/\/www.hydraulic-cylinders.net\/wp-content\/uploads\/2025\/02\/cylinder-series-of-crawler-crane-1.webp\" alt=\"\" width=\"709\" height=\"791\" srcset=\"https:\/\/www.hydraulic-cylinders.net\/wp-content\/uploads\/2025\/02\/cylinder-series-of-crawler-crane-1.webp 709w, https:\/\/www.hydraulic-cylinders.net\/wp-content\/uploads\/2025\/02\/cylinder-series-of-crawler-crane-1-480x536.webp 480w\" sizes=\"(min-width: 0px) and (max-width: 480px) 480px, (min-width: 481px) 709px, 100vw\" \/><\/h2>\n<h2><strong>Caracter\u00edsticas principales del cilindro de elevaci\u00f3n para gr\u00faa sobre orugas:<\/strong><\/h2>\n<h4><strong>Alta durabilidad<\/strong><\/h4>\n<p>El cilindro de elevaci\u00f3n est\u00e1 fabricado con materiales de primera calidad, seleccionados espec\u00edficamente por su resistencia y durabilidad. Su robusto dise\u00f1o le permite soportar condiciones de trabajo exigentes y cargas pesadas, convirti\u00e9ndolo en la opci\u00f3n ideal para entornos de construcci\u00f3n adversos. Los usuarios pueden confiar en su larga vida \u00fatil, lo que reduce la necesidad de reemplazos frecuentes y garantiza un funcionamiento ininterrumpido, incluso en las situaciones m\u00e1s dif\u00edciles.<\/p>\n<h4><strong>Ingenier\u00eda de precisi\u00f3n<\/strong><\/h4>\n<p>Dise\u00f1ado con meticulosa atenci\u00f3n al detalle, este cilindro presenta tolerancias de fabricaci\u00f3n precisas. Este nivel de precisi\u00f3n permite un funcionamiento suave y mejora la exactitud de la elevaci\u00f3n, lo que permite a los operarios manejar cargas con confianza. Ya sea para elevar materiales delicados o maquinaria pesada, este cilindro garantiza que cada movimiento sea controlado y fiable, minimizando el riesgo de accidentes y mejorando la eficiencia general.<\/p>\n<h4><strong>Resistencia a la corrosi\u00f3n<\/strong><\/h4>\n<p>Para combatir los efectos de la humedad y las inclemencias del tiempo, el cilindro de elevaci\u00f3n recibe un tratamiento superficial especializado. Esta capa protectora lo protege contra el \u00f3xido y la corrosi\u00f3n, prolongando significativamente su vida \u00fatil. Al mantener un rendimiento \u00f3ptimo a lo largo del tiempo, esta caracter\u00edstica no solo mejora la fiabilidad del cilindro, sino que tambi\u00e9n contribuye a reducir los costes de mantenimiento y a aumentar la eficiencia operativa.<\/p>\n<h4><strong>Dise\u00f1o compacto<\/strong><\/h4>\n<p>El dise\u00f1o compacto del cilindro de elevaci\u00f3n lo distingue, permitiendo una f\u00e1cil instalaci\u00f3n y una perfecta integraci\u00f3n en diversos modelos de gr\u00faas sobre orugas. Sus dimensiones reducidas permiten a los operadores maximizar la eficiencia de su maquinaria sin sacrificar potencia. Esta versatilidad lo convierte en una excelente opci\u00f3n para proyectos con espacio limitado, garantizando que la capacidad de elevaci\u00f3n de cargas pesadas nunca se vea comprometida.<\/p>\n<h4><strong>Capacidad de alta presi\u00f3n<\/strong><\/h4>\n<p>Dise\u00f1ado para soportar altas presiones hidr\u00e1ulicas, el cilindro de elevaci\u00f3n destaca por su eficiencia en las operaciones de elevaci\u00f3n. Esta capacidad garantiza que el cilindro pueda manejar cargas considerables de forma segura y eficaz, brindando tranquilidad a los operarios. Al priorizar la seguridad y maximizar el rendimiento, este cilindro es compatible con una amplia gama de aplicaciones, desde la construcci\u00f3n hasta las tareas de elevaci\u00f3n industrial, convirti\u00e9ndose en una opci\u00f3n fiable para cualquier operaci\u00f3n de alta exigencia.<\/p>\n<h2><strong>\u00bfQu\u00e9 hace que el cilindro de elevaci\u00f3n sea adecuado para elevaciones de cargas pesadas?<\/strong><\/h2>\n<p>Aqu\u00ed tienes una explicaci\u00f3n m\u00e1s detallada de por qu\u00e9 el cilindro de elevaci\u00f3n es adecuado para trabajos pesados:<\/p>\n<ol>\n<li><strong>Durabilidad excepcional<\/strong>:<br \/>\nEl cilindro de elevaci\u00f3n est\u00e1 fabricado con materiales de alta calidad, seleccionados espec\u00edficamente por su resistencia y durabilidad. Esta robustez le permite soportar condiciones extremas, como fuertes vibraciones, impactos y las duras condiciones ambientales t\u00edpicas de la construcci\u00f3n y la industria. Su durabilidad minimiza el desgaste, lo que reduce las aver\u00edas y los tiempos de inactividad, algo fundamental para mantener la productividad en las obras.<\/li>\n<li><strong>Alta capacidad de presi\u00f3n<\/strong>:<br \/>\nEste cilindro de elevaci\u00f3n est\u00e1 dise\u00f1ado para soportar altas presiones hidr\u00e1ulicas, cruciales para levantar pesos considerables de forma segura y eficiente. Su dise\u00f1o incorpora principios de ingenier\u00eda avanzados que le permiten funcionar bajo condiciones extremas sin comprometer su integridad estructural. Esta capacidad de alta presi\u00f3n garantiza que el cilindro pueda levantar maquinaria y materiales pesados \u200b\u200bde forma fiable, lo que lo hace id\u00f3neo para diversas aplicaciones, desde la construcci\u00f3n hasta la industria pesada.<\/li>\n<li><strong>Ingenier\u00eda de precisi\u00f3n<\/strong>:<br \/>\nLas caracter\u00edsticas cuentan con tolerancias de fabricaci\u00f3n de \u00faltima generaci\u00f3n que garantizan una alineaci\u00f3n y un funcionamiento precisos. Este nivel de precisi\u00f3n es vital para tareas que requieren una manipulaci\u00f3n delicada o un posicionamiento exacto, ya que minimiza el riesgo de accidentes y mejora la precisi\u00f3n general de la elevaci\u00f3n. Los operarios pueden confiar en que el cilindro funcionar\u00e1 de forma constante, lo que se traduce en una mayor seguridad para el personal y el equipo durante las operaciones de elevaci\u00f3n.<\/li>\n<li><strong>Resistencia superior a la corrosi\u00f3n<\/strong>:<br \/>\nPara combatir los efectos de la humedad, los productos qu\u00edmicos y otros elementos corrosivos, el cilindro se somete a un tratamiento superficial especializado. Esta capa protectora reduce significativamente el riesgo de oxidaci\u00f3n y corrosi\u00f3n, que de otro modo podr\u00edan provocar fallos mec\u00e1nicos. Al mejorar la resistencia del cilindro a los factores ambientales, esta caracter\u00edstica garantiza la fiabilidad y el rendimiento a largo plazo, lo que en \u00faltima instancia reduce los costes de mantenimiento y prolonga la vida \u00fatil del equipo.<\/li>\n<li><strong>Dise\u00f1o compacto<\/strong>:<br \/>\nEl dise\u00f1o compacto del cilindro de elevaci\u00f3n permite una f\u00e1cil instalaci\u00f3n e integraci\u00f3n en diversos modelos de gr\u00faas sobre orugas. Esta caracter\u00edstica, que ahorra espacio, resulta especialmente beneficiosa en entornos con espacio limitado, donde es fundamental maximizar las capacidades operativas de la gr\u00faa. Su dise\u00f1o optimizado no compromete la potencia de elevaci\u00f3n, lo que garantiza que los operadores puedan manejar cargas pesadas con eficiencia, sin el volumen que caracteriza a los cilindros tradicionales.<\/li>\n<\/ol>\n<p>Estas caracter\u00edsticas mejoradas, en conjunto, convierten al cilindro de elevaci\u00f3n en una de las mejores opciones para aplicaciones de elevaci\u00f3n de cargas pesadas, garantizando fiabilidad, eficiencia y seguridad en el trabajo.<\/p>\n<h2><strong>\u00c1rea de producci\u00f3n de cilindros para montacargas:<\/strong><\/h2>\n<h2><img loading=\"lazy\" decoding=\"async\" class=\"alignnone size-full wp-image-16972\" src=\"https:\/\/www.hydraulic-cylinders.net\/wp-content\/uploads\/2025\/01\/hydraulic-cylinder-factory-1-scaled.webp\" alt=\"\" width=\"2016\" height=\"2560\" srcset=\"https:\/\/www.hydraulic-cylinders.net\/wp-content\/uploads\/2025\/01\/hydraulic-cylinder-factory-1-scaled.webp 2016w, https:\/\/www.hydraulic-cylinders.net\/wp-content\/uploads\/2025\/01\/hydraulic-cylinder-factory-1-1280x1625.webp 1280w, https:\/\/www.hydraulic-cylinders.net\/wp-content\/uploads\/2025\/01\/hydraulic-cylinder-factory-1-980x1244.webp 980w, https:\/\/www.hydraulic-cylinders.net\/wp-content\/uploads\/2025\/01\/hydraulic-cylinder-factory-1-480x610.webp 480w\" sizes=\"(min-width: 0px) and (max-width: 480px) 480px, (min-width: 481px) and (max-width: 980px) 980px, (min-width: 981px) and (max-width: 1280px) 1280px, (min-width: 1281px) 2016px, 100vw\" \/><\/h2>\n<p>Contamos con una plataforma de I+D independiente de vanguardia dedicada al ensamblaje, lo que garantiza la m\u00e1xima innovaci\u00f3n y calidad en nuestros procesos de fabricaci\u00f3n. Nuestro taller de producci\u00f3n de cilindros para carretillas elevadoras cuenta con cuatro l\u00edneas de ensamblaje de cilindros de elevaci\u00f3n semiautom\u00e1ticas y una l\u00ednea de ensamblaje de cilindros de inclinaci\u00f3n totalmente autom\u00e1tica, dise\u00f1adas para producir hasta un mill\u00f3n de unidades al a\u00f1o.<\/p>\n<p>Adem\u00e1s, nuestro taller especializado en cilindros est\u00e1 equipado con sistemas semiautom\u00e1ticos de limpieza y ensamblaje adaptados a diversas especificaciones, con una capacidad de producci\u00f3n anual de 200,000 piezas. Utilizamos equipos CNC de renombre, centros de mecanizado y herramientas especializadas para el procesamiento de cilindros de alta precisi\u00f3n. Nuestras instalaciones tambi\u00e9n incluyen m\u00e1quinas de soldadura robotizadas avanzadas, sistemas de limpieza autom\u00e1ticos y l\u00edneas de ensamblaje y pintura de cilindros totalmente automatizadas. Con m\u00e1s de 300 equipos clave en funcionamiento, optimizamos la asignaci\u00f3n de recursos y garantizamos un uso eficiente, cumpliendo con estrictos est\u00e1ndares de precisi\u00f3n y calidad.<\/p>\n<p>Nuestro taller de mecanizado cuenta con centros de torneado con gu\u00edas de inclinaci\u00f3n personalizadas, centros de mecanizado, bru\u00f1idoras de alta velocidad, robots de soldadura y otros equipos esenciales. Esta configuraci\u00f3n nos permite mecanizar tubos cil\u00edndricos con un di\u00e1metro interior m\u00e1ximo de 400 mm y longitudes de hasta 6 metros, lo que ampl\u00eda a\u00fan m\u00e1s nuestra capacidad de producci\u00f3n.<\/p>\n<h2><img loading=\"lazy\" decoding=\"async\" class=\"alignnone size-full wp-image-16973\" src=\"https:\/\/www.hydraulic-cylinders.net\/wp-content\/uploads\/2025\/01\/hydraulic-cylinder-factory-2-scaled.webp\" alt=\"\" width=\"2011\" height=\"2560\" srcset=\"https:\/\/www.hydraulic-cylinders.net\/wp-content\/uploads\/2025\/01\/hydraulic-cylinder-factory-2-scaled.webp 2011w, https:\/\/www.hydraulic-cylinders.net\/wp-content\/uploads\/2025\/01\/hydraulic-cylinder-factory-2-1280x1629.webp 1280w, https:\/\/www.hydraulic-cylinders.net\/wp-content\/uploads\/2025\/01\/hydraulic-cylinder-factory-2-980x1248.webp 980w, https:\/\/www.hydraulic-cylinders.net\/wp-content\/uploads\/2025\/01\/hydraulic-cylinder-factory-2-480x611.webp 480w\" sizes=\"(min-width: 0px) and (max-width: 480px) 480px, (min-width: 481px) and (max-width: 980px) 980px, (min-width: 981px) and (max-width: 1280px) 1280px, (min-width: 1281px) 2011px, 100vw\" \/><\/h2>\n<p>Operamos una l\u00ednea de recubrimiento de pintura a base de agua totalmente autom\u00e1tica, dise\u00f1ada espec\u00edficamente para cilindros peque\u00f1os y medianos, con robots automatizados de carga, descarga y pulverizaci\u00f3n. Este sistema de vanguardia tiene una capacidad de producci\u00f3n de 4000 unidades por turno. Adem\u00e1s, contamos con una l\u00ednea de pintura semiautom\u00e1tica para cilindros de gran tama\u00f1o, accionada por cadena, con una capacidad de dise\u00f1o de 60 cajas por turno.<\/p>\n<p>Para optimizar el rendimiento de nuestros productos y consolidar nuestro liderazgo en la industria de cilindros hidr\u00e1ulicos, nos hemos asociado con ZJIMEE para establecer un laboratorio integral de rendimiento dedicado a cilindros, v\u00e1lvulas y bombas hidr\u00e1ulicas. Este laboratorio avanzado utiliza pruebas asistidas por computadora con tecnolog\u00eda electrohidr\u00e1ulica, lo que permite condiciones de prueba predefinidas que mejoran la precisi\u00f3n y la versatilidad del sistema. El proceso automatizado de recopilaci\u00f3n de datos utiliza sensores para recopilar datos de salida, como fugas internas y eficiencia de carga, que posteriormente son procesados \u200b\u200bpor computadora y convertidos a unidades est\u00e1ndar (ml\/min\u00b9TP\u00b3T).<\/p>\n<p>Adem\u00e1s, para garantizar la seguridad de nuestros sistemas hidr\u00e1ulicos, implementamos un monitoreo del estado de par\u00e1metros clave de rendimiento, como la temperatura del aceite, el nivel de l\u00edquido y el estado del filtro. Nuestro banco de pruebas de cilindros hidr\u00e1ulicos puede evaluar la eficiencia de carga y las fugas internas mediante lecturas precisas. Tambi\u00e9n est\u00e1 equipado con un instrumento de medici\u00f3n de rejilla que cumple con las normas nacionales, lo que garantiza el cumplimiento de todos los requisitos de prueba para cilindros hidr\u00e1ulicos.<\/p>\n<p>&nbsp;<\/p>","protected":false},"excerpt":{"rendered":"<p>Lift Cylinder For Crawler Crane Our Lift Cylinders for Crawler Cranes are designed to deliver powerful and reliable lifting performance for heavy-duty applications. Engineered specifically for crawler cranes, these hydraulic cylinders provide the force needed to elevate crane arms (booms) with precision, supporting loads up to 590 tons in demanding environments such as construction sites, [&hellip;]<\/p>","protected":false},"featured_media":17055,"comment_status":"open","ping_status":"closed","template":"","meta":{"_et_pb_use_builder":"","_et_pb_old_content":"","_et_gb_content_width":""},"product_brand":[],"product_cat":[1376,1514],"product_tag":[],"class_list":{"0":"post-17047","1":"product","2":"type-product","3":"status-publish","4":"has-post-thumbnail","6":"product_cat-hydraulic-cylinder","7":"product_cat-mobile-crane-hydraulic-cylinders","9":"first","10":"instock","11":"shipping-taxable","12":"product-type-simple"},"amp_enabled":true,"_links":{"self":[{"href":"https:\/\/www.hydraulic-cylinders.net\/es\/wp-json\/wp\/v2\/product\/17047","targetHints":{"allow":["GET"]}}],"collection":[{"href":"https:\/\/www.hydraulic-cylinders.net\/es\/wp-json\/wp\/v2\/product"}],"about":[{"href":"https:\/\/www.hydraulic-cylinders.net\/es\/wp-json\/wp\/v2\/types\/product"}],"replies":[{"embeddable":true,"href":"https:\/\/www.hydraulic-cylinders.net\/es\/wp-json\/wp\/v2\/comments?post=17047"}],"wp:featuredmedia":[{"embeddable":true,"href":"https:\/\/www.hydraulic-cylinders.net\/es\/wp-json\/wp\/v2\/media\/17055"}],"wp:attachment":[{"href":"https:\/\/www.hydraulic-cylinders.net\/es\/wp-json\/wp\/v2\/media?parent=17047"}],"wp:term":[{"taxonomy":"product_brand","embeddable":true,"href":"https:\/\/www.hydraulic-cylinders.net\/es\/wp-json\/wp\/v2\/product_brand?post=17047"},{"taxonomy":"product_cat","embeddable":true,"href":"https:\/\/www.hydraulic-cylinders.net\/es\/wp-json\/wp\/v2\/product_cat?post=17047"},{"taxonomy":"product_tag","embeddable":true,"href":"https:\/\/www.hydraulic-cylinders.net\/es\/wp-json\/wp\/v2\/product_tag?post=17047"}],"curies":[{"name":"wp","href":"https:\/\/api.w.org\/{rel}","templated":true}]}}