{"id":17147,"date":"2025-02-07T06:47:22","date_gmt":"2025-02-07T06:47:22","guid":{"rendered":"https:\/\/www.hydraulic-cylinders.net\/?post_type=product&#038;p=17147"},"modified":"2025-04-15T05:52:21","modified_gmt":"2025-04-15T05:52:21","slug":"wind-power-series-cylinders","status":"publish","type":"product","link":"https:\/\/www.hydraulic-cylinders.net\/es\/producto\/wind-power-series-cylinders\/","title":{"rendered":"Cilindros de la serie de energ\u00eda e\u00f3lica"},"content":{"rendered":"<h1 style=\"text-align: center;\"><strong>Cilindros de la serie de energ\u00eda e\u00f3lica<\/strong><\/h1>\n<h1 style=\"text-align: center;\">\u00a0<img loading=\"lazy\" decoding=\"async\" class=\"alignnone size-full wp-image-17149\" src=\"https:\/\/www.hydraulic-cylinders.net\/wp-content\/uploads\/2025\/02\/wind_power_series_cylinders-1-removebg-preview.webp\" alt=\"\" width=\"644\" height=\"644\" srcset=\"https:\/\/www.hydraulic-cylinders.net\/wp-content\/uploads\/2025\/02\/wind_power_series_cylinders-1-removebg-preview.webp 644w, https:\/\/www.hydraulic-cylinders.net\/wp-content\/uploads\/2025\/02\/wind_power_series_cylinders-1-removebg-preview-480x480.webp 480w\" sizes=\"(min-width: 0px) and (max-width: 480px) 480px, (min-width: 481px) 644px, 100vw\" \/><\/h1>\n<p>El <strong>Cilindros de la serie de energ\u00eda e\u00f3lica<\/strong> Dise\u00f1ados espec\u00edficamente para el sector de la energ\u00eda e\u00f3lica, estos cilindros ofrecen un rendimiento fiable y eficiente en diversas aplicaciones. Desempe\u00f1an un papel fundamental en el control de los mecanismos que aprovechan la energ\u00eda e\u00f3lica, mejorando significativamente la eficiencia y la eficacia de los aerogeneradores. Fabricados con precisi\u00f3n y construidos para soportar las exigencias del sector, cumplen con los requisitos de este campo en r\u00e1pido crecimiento.<\/p>\n<p>Los cilindros de la serie Wind Power, que combinan durabilidad, eficiencia y facilidad de uso, destacan como una opci\u00f3n fiable para aplicaciones de energ\u00eda e\u00f3lica. Su alta capacidad de carga y su resistencia a la corrosi\u00f3n los hacen ideales para los entornos exigentes de las turbinas e\u00f3licas. Siguiendo las pr\u00e1cticas de uso y mantenimiento recomendadas, los operadores pueden garantizar que estos cilindros mantengan un rendimiento \u00f3ptimo durante a\u00f1os. Invertir en estos cilindros no solo mejora la fiabilidad de los sistemas de energ\u00eda e\u00f3lica, sino que tambi\u00e9n contribuye a un futuro sostenible.<\/p>\n<h2><strong>Par\u00e1metros de los cilindros de la serie de energ\u00eda e\u00f3lica:<\/strong><\/h2>\n<h2><img loading=\"lazy\" decoding=\"async\" class=\"alignnone size-full wp-image-17148\" style=\"color: #666666; font-size: 14px;\" src=\"https:\/\/www.hydraulic-cylinders.net\/wp-content\/uploads\/2025\/02\/wind-power-series-cylinders-2.webp\" alt=\"\" width=\"1394\" height=\"731\" srcset=\"https:\/\/www.hydraulic-cylinders.net\/wp-content\/uploads\/2025\/02\/wind-power-series-cylinders-2.webp 1394w, https:\/\/www.hydraulic-cylinders.net\/wp-content\/uploads\/2025\/02\/wind-power-series-cylinders-2-1280x671.webp 1280w, https:\/\/www.hydraulic-cylinders.net\/wp-content\/uploads\/2025\/02\/wind-power-series-cylinders-2-980x514.webp 980w, https:\/\/www.hydraulic-cylinders.net\/wp-content\/uploads\/2025\/02\/wind-power-series-cylinders-2-480x252.webp 480w\" sizes=\"(min-width: 0px) and (max-width: 480px) 480px, (min-width: 481px) and (max-width: 980px) 980px, (min-width: 981px) and (max-width: 1280px) 1280px, (min-width: 1281px) 1394px, 100vw\" \/><\/h2>\n<p>\u00b7Modo de cilindro: HCYY11112028<br \/>\nPresi\u00f3n de trabajo: 16 MPa<br \/>\n\u2022 Presi\u00f3n m\u00e1xima soportada: 25 MPa<br \/>\nDi\u00e1metro del tubo del cilindro: 100 mm<br \/>\n\u00b7Di\u00e1metro del v\u00e1stago del pist\u00f3n: 50 mm<br \/>\nDi\u00e1metro del pasador: 150 mm<br \/>\n\u2022Viaje: 80 mm<br \/>\nLongitud del cilindro: 855 mm<br \/>\nPeso: 140 kg<\/p>\n<h2><strong>Caracter\u00edsticas principales de los cilindros de la serie de energ\u00eda e\u00f3lica:<\/strong><\/h2>\n<h4><strong>Alta capacidad de carga<\/strong><\/h4>\n<p>Los cilindros de la serie Wind Power destacan por su capacidad para soportar cargas sustanciales, lo cual es crucial para las exigentes aplicaciones de la energ\u00eda e\u00f3lica. Su dise\u00f1o robusto garantiza un funcionamiento fiable incluso en condiciones adversas, como vientos fuertes o condiciones meteorol\u00f3gicas extremas. Esta capacidad no solo mejora la eficiencia de las turbinas e\u00f3licas, sino que tambi\u00e9n brinda confianza a los operadores, quienes saben que sus equipos pueden soportar un peso considerable sin comprometer la seguridad ni el rendimiento.<\/p>\n<h4><strong>Construcci\u00f3n duradera<\/strong><\/h4>\n<p>Fabricados con materiales de primera calidad, estos cilindros est\u00e1n dise\u00f1ados para resistir el desgaste con el paso del tiempo. Su construcci\u00f3n duradera reduce significativamente la necesidad de reemplazos frecuentes, lo que los convierte en una opci\u00f3n rentable para operaciones a largo plazo. Ya sea expuestos a condiciones ambientales adversas o al uso diario intensivo, los cilindros mantienen su integridad, garantizando que los sistemas de energ\u00eda e\u00f3lica funcionen de manera fluida y eficiente.<\/p>\n<h4><strong>Resistencia a la corrosi\u00f3n<\/strong><\/h4>\n<p>Equipados con un recubrimiento especializado, los cilindros ofrecen una gran resistencia a la corrosi\u00f3n y a los da\u00f1os ambientales. Esta resistencia a la corrosi\u00f3n es especialmente importante para aplicaciones en exteriores, donde la exposici\u00f3n a la humedad, la sal y otros elementos agresivos puede provocar su deterioro. Al proteger los cilindros de la corrosi\u00f3n, esta caracter\u00edstica no solo prolonga su vida \u00fatil, sino que tambi\u00e9n minimiza las necesidades de mantenimiento, lo que permite a los operadores centrarse en maximizar la producci\u00f3n de energ\u00eda.<\/p>\n<h4><strong>Ingenier\u00eda de precisi\u00f3n<\/strong><\/h4>\n<p>Fabricados seg\u00fan especificaciones exactas, los cilindros de la serie Wind Power garantizan una compatibilidad perfecta con diversos modelos de aerogeneradores. Su ingenier\u00eda de precisi\u00f3n permite una instalaci\u00f3n e integraci\u00f3n sencillas en los sistemas existentes, reduciendo el riesgo de problemas operativos. Con estos cilindros, los operadores pueden tener la tranquilidad de saber que utilizan componentes dise\u00f1ados para funcionar de forma \u00f3ptima en sus configuraciones de turbinas espec\u00edficas.<\/p>\n<h4><strong>F\u00e1cil instalaci\u00f3n<\/strong><\/h4>\n<p>Dise\u00f1ados pensando en la comodidad del usuario, los cilindros facilitan una instalaci\u00f3n r\u00e1pida y sencilla. Su dise\u00f1o intuitivo minimiza el tiempo de inactividad durante la configuraci\u00f3n, lo que permite a los operadores poner en marcha sus sistemas con rapidez. Esta facilidad de instalaci\u00f3n no solo mejora la eficiencia operativa, sino que tambi\u00e9n permite una respuesta m\u00e1s \u00e1gil a las necesidades de mantenimiento, garantizando que los sistemas de energ\u00eda e\u00f3lica se mantengan productivos en todo momento.<\/p>\n<p>Al enfatizar estas caracter\u00edsticas, los cilindros de la serie HCYY11112028 Wind Power ofrecen un rendimiento excepcional que satisface las demandas cambiantes del sector de la energ\u00eda e\u00f3lica.<\/p>\n<h2><strong>\u00bfC\u00f3mo mejora la resistencia a la corrosi\u00f3n de los cilindros de la serie de energ\u00eda e\u00f3lica su rendimiento en entornos exteriores?<\/strong><\/h2>\n<p>\u00a1Por supuesto! Aqu\u00ed les presentamos un an\u00e1lisis m\u00e1s interesante y detallado de c\u00f3mo la resistencia a la corrosi\u00f3n de los cilindros de la serie Wind Power mejora su rendimiento en entornos exteriores:<\/p>\n<h4><strong>1. Longevidad<\/strong><\/h4>\n<p>El recubrimiento anticorrosivo especializado de los cilindros act\u00faa como una formidable barrera contra la oxidaci\u00f3n y el deterioro. Esta capa protectora resulta especialmente valiosa en entornos con alta humedad, presencia de salitre y fluctuaciones de temperatura. Al prolongar significativamente la vida \u00fatil de los cilindros, los operarios pueden tener la tranquilidad de saber que su inversi\u00f3n resistir\u00e1 el paso del tiempo, lo que permite un funcionamiento prolongado e ininterrumpido en el campo.<\/p>\n<h4><strong>2. Mantenimiento reducido<\/strong><\/h4>\n<p>Una de las principales ventajas de la resistencia a la corrosi\u00f3n es la considerable reducci\u00f3n de las necesidades de mantenimiento. Al ser los cilindros menos propensos a la oxidaci\u00f3n y el desgaste, los operadores pueden destinar menos recursos \u2014tanto tiempo como dinero\u2014 al mantenimiento. Esta eficiencia permite que los equipos de mantenimiento se centren en otros aspectos cr\u00edticos del funcionamiento de la turbina e\u00f3lica, lo que mejora la productividad general. Como resultado, el sistema de energ\u00eda e\u00f3lica funciona con mayor fluidez, maximizando la producci\u00f3n de energ\u00eda sin la constante preocupaci\u00f3n por el fallo de los componentes.<\/p>\n<h4><strong>3. Rendimiento constante<\/strong><\/h4>\n<p>La corrosi\u00f3n puede debilitar los materiales con el tiempo, provocando irregularidades en el funcionamiento que pueden interrumpir la producci\u00f3n de energ\u00eda. Los cilindros, reforzados contra la corrosi\u00f3n, mantienen su integridad estructural y sus est\u00e1ndares de rendimiento, incluso en las condiciones exteriores m\u00e1s adversas. Esta fiabilidad garantiza que las turbinas funcionen de manera eficiente, lo que se traduce en una generaci\u00f3n de energ\u00eda \u00f3ptima. Los operadores pueden esperar un rendimiento constante, esencial para satisfacer la demanda energ\u00e9tica y alcanzar los objetivos de sostenibilidad.<\/p>\n<h4><strong>4. Seguridad<\/strong><\/h4>\n<p>La seguridad es primordial en cualquier entorno industrial, y el riesgo de fallos por corrosi\u00f3n es una preocupaci\u00f3n que no se puede pasar por alto. Los cilindros ayudan a mitigar estos riesgos al mantener su resistencia y funcionalidad en entornos adversos. Al prevenir fallos relacionados con la corrosi\u00f3n, estos cilindros contribuyen a un entorno operativo m\u00e1s seguro tanto para el personal como para los equipos. Este \u00e9nfasis en la seguridad fomenta una cultura de fiabilidad y confianza en el sector de la energ\u00eda e\u00f3lica.<\/p>\n<h4><strong>5. Rentabilidad<\/strong><\/h4>\n<p>Invertir en cilindros resistentes a la corrosi\u00f3n no solo se trata de un rendimiento inmediato, sino tambi\u00e9n de una inversi\u00f3n financiera prudente a largo plazo. La durabilidad y las menores necesidades de mantenimiento de estos cilindros generan importantes ahorros a lo largo del tiempo. Los operadores pueden evitar los gastos asociados a las sustituciones y reparaciones frecuentes, lo que permite una mejor asignaci\u00f3n de los recursos presupuestarios. Esta rentabilidad convierte a estos cilindros en una opci\u00f3n atractiva para las empresas que buscan optimizar sus presupuestos operativos y, al mismo tiempo, garantizar una producci\u00f3n de energ\u00eda fiable.<\/p>\n<p>En resumen, la resistencia a la corrosi\u00f3n de los cilindros de la serie Wind Power es m\u00e1s que una simple caracter\u00edstica: es un atributo clave que prolonga su vida \u00fatil, reduce el mantenimiento, garantiza un rendimiento constante, promueve la seguridad y ofrece una buena relaci\u00f3n costo-beneficio. Estas ventajas, en conjunto, contribuyen a un enfoque m\u00e1s eficiente y sostenible para el aprovechamiento de la energ\u00eda e\u00f3lica, lo que convierte a estos cilindros en una opci\u00f3n indispensable para el sector.<\/p>\n<h2><strong>\u00c1rea de producci\u00f3n de cilindros para montacargas:<\/strong><\/h2>\n<h2><img loading=\"lazy\" decoding=\"async\" class=\"alignnone size-full wp-image-16972\" src=\"https:\/\/www.hydraulic-cylinders.net\/wp-content\/uploads\/2025\/01\/hydraulic-cylinder-factory-1-scaled.webp\" alt=\"\" width=\"2016\" height=\"2560\" srcset=\"https:\/\/www.hydraulic-cylinders.net\/wp-content\/uploads\/2025\/01\/hydraulic-cylinder-factory-1-scaled.webp 2016w, https:\/\/www.hydraulic-cylinders.net\/wp-content\/uploads\/2025\/01\/hydraulic-cylinder-factory-1-1280x1625.webp 1280w, https:\/\/www.hydraulic-cylinders.net\/wp-content\/uploads\/2025\/01\/hydraulic-cylinder-factory-1-980x1244.webp 980w, https:\/\/www.hydraulic-cylinders.net\/wp-content\/uploads\/2025\/01\/hydraulic-cylinder-factory-1-480x610.webp 480w\" sizes=\"(min-width: 0px) and (max-width: 480px) 480px, (min-width: 481px) and (max-width: 980px) 980px, (min-width: 981px) and (max-width: 1280px) 1280px, (min-width: 1281px) 2016px, 100vw\" \/><\/h2>\n<p>Contamos con una plataforma de I+D independiente de vanguardia dedicada al ensamblaje, lo que garantiza la m\u00e1xima innovaci\u00f3n y calidad en nuestros procesos de fabricaci\u00f3n. Nuestro taller de producci\u00f3n de cilindros para carretillas elevadoras cuenta con cuatro l\u00edneas de ensamblaje de cilindros de elevaci\u00f3n semiautom\u00e1ticas y una l\u00ednea de ensamblaje de cilindros de inclinaci\u00f3n totalmente autom\u00e1tica, dise\u00f1adas para producir hasta un mill\u00f3n de unidades al a\u00f1o.<\/p>\n<p>Adem\u00e1s, nuestro taller especializado en cilindros est\u00e1 equipado con sistemas semiautom\u00e1ticos de limpieza y ensamblaje adaptados a diversas especificaciones, con una capacidad de producci\u00f3n anual de 200,000 piezas. Utilizamos equipos CNC de renombre, centros de mecanizado y herramientas especializadas para el procesamiento de cilindros de alta precisi\u00f3n. Nuestras instalaciones tambi\u00e9n incluyen m\u00e1quinas de soldadura robotizadas avanzadas, sistemas de limpieza autom\u00e1ticos y l\u00edneas de ensamblaje y pintura de cilindros totalmente automatizadas. Con m\u00e1s de 300 equipos clave en funcionamiento, optimizamos la asignaci\u00f3n de recursos y garantizamos un uso eficiente, cumpliendo con estrictos est\u00e1ndares de precisi\u00f3n y calidad.<\/p>\n<p>Nuestro taller de mecanizado cuenta con centros de torneado con gu\u00edas de inclinaci\u00f3n personalizadas, centros de mecanizado, bru\u00f1idoras de alta velocidad, robots de soldadura y otros equipos esenciales. Esta configuraci\u00f3n nos permite mecanizar tubos cil\u00edndricos con un di\u00e1metro interior m\u00e1ximo de 400 mm y longitudes de hasta 6 metros, lo que ampl\u00eda a\u00fan m\u00e1s nuestra capacidad de producci\u00f3n.<\/p>\n<h2><img loading=\"lazy\" decoding=\"async\" class=\"alignnone size-full wp-image-16973\" src=\"https:\/\/www.hydraulic-cylinders.net\/wp-content\/uploads\/2025\/01\/hydraulic-cylinder-factory-2-scaled.webp\" alt=\"\" width=\"2011\" height=\"2560\" srcset=\"https:\/\/www.hydraulic-cylinders.net\/wp-content\/uploads\/2025\/01\/hydraulic-cylinder-factory-2-scaled.webp 2011w, https:\/\/www.hydraulic-cylinders.net\/wp-content\/uploads\/2025\/01\/hydraulic-cylinder-factory-2-1280x1629.webp 1280w, https:\/\/www.hydraulic-cylinders.net\/wp-content\/uploads\/2025\/01\/hydraulic-cylinder-factory-2-980x1248.webp 980w, https:\/\/www.hydraulic-cylinders.net\/wp-content\/uploads\/2025\/01\/hydraulic-cylinder-factory-2-480x611.webp 480w\" sizes=\"(min-width: 0px) and (max-width: 480px) 480px, (min-width: 481px) and (max-width: 980px) 980px, (min-width: 981px) and (max-width: 1280px) 1280px, (min-width: 1281px) 2011px, 100vw\" \/><\/h2>\n<p>Operamos una l\u00ednea de recubrimiento de pintura a base de agua totalmente autom\u00e1tica, dise\u00f1ada espec\u00edficamente para cilindros peque\u00f1os y medianos, con robots automatizados de carga, descarga y pulverizaci\u00f3n. Este sistema de vanguardia tiene una capacidad de producci\u00f3n de 4000 unidades por turno. Adem\u00e1s, contamos con una l\u00ednea de pintura semiautom\u00e1tica para cilindros de gran tama\u00f1o, accionada por cadena, con una capacidad de dise\u00f1o de 60 cajas por turno.<\/p>\n<p>Para optimizar el rendimiento de nuestros productos y consolidar nuestro liderazgo en la industria de cilindros hidr\u00e1ulicos, nos hemos asociado con ZJIMEE para establecer un laboratorio integral de rendimiento dedicado a cilindros, v\u00e1lvulas y bombas hidr\u00e1ulicas. Este laboratorio avanzado utiliza pruebas asistidas por computadora con tecnolog\u00eda electrohidr\u00e1ulica, lo que permite condiciones de prueba predefinidas que mejoran la precisi\u00f3n y la versatilidad del sistema. El proceso automatizado de recopilaci\u00f3n de datos utiliza sensores para recopilar datos de salida, como fugas internas y eficiencia de carga, que posteriormente son procesados \u200b\u200bpor computadora y convertidos a unidades est\u00e1ndar (ml\/min\u00b9TP\u00b3T).<\/p>\n<p>Adem\u00e1s, para garantizar la seguridad de nuestros sistemas hidr\u00e1ulicos, implementamos un monitoreo del estado de par\u00e1metros clave de rendimiento, como la temperatura del aceite, el nivel de l\u00edquido y el estado del filtro. Nuestro banco de pruebas de cilindros hidr\u00e1ulicos puede evaluar la eficiencia de carga y las fugas internas mediante lecturas precisas. Tambi\u00e9n est\u00e1 equipado con un instrumento de medici\u00f3n de rejilla que cumple con las normas nacionales, lo que garantiza el cumplimiento de todos los requisitos de prueba para cilindros hidr\u00e1ulicos.<\/p>\n<p>&nbsp;<\/p>","protected":false},"excerpt":{"rendered":"<p>Wind Power Series Cylinders \u00a0 The Wind Power Series Cylinders are specifically engineered for the wind energy sector, delivering reliable and efficient performance across various applications. These cylinders play a vital role in controlling the mechanisms that harness wind energy, significantly enhancing the efficiency and effectiveness of wind turbines. Crafted with precision and built to [&hellip;]<\/p>","protected":false},"featured_media":17150,"comment_status":"open","ping_status":"closed","template":"","meta":{"_et_pb_use_builder":"","_et_pb_old_content":"","_et_gb_content_width":""},"product_brand":[],"product_cat":[1552,1513,1376],"product_tag":[],"class_list":{"0":"post-17147","1":"product","2":"type-product","3":"status-publish","4":"has-post-thumbnail","6":"product_cat-stainless-steel-hydraulic-cylinder","7":"product_cat-wind-turbine-hydraulic-cylinders","8":"product_cat-hydraulic-cylinder","10":"first","11":"instock","12":"shipping-taxable","13":"product-type-simple"},"amp_enabled":true,"_links":{"self":[{"href":"https:\/\/www.hydraulic-cylinders.net\/es\/wp-json\/wp\/v2\/product\/17147","targetHints":{"allow":["GET"]}}],"collection":[{"href":"https:\/\/www.hydraulic-cylinders.net\/es\/wp-json\/wp\/v2\/product"}],"about":[{"href":"https:\/\/www.hydraulic-cylinders.net\/es\/wp-json\/wp\/v2\/types\/product"}],"replies":[{"embeddable":true,"href":"https:\/\/www.hydraulic-cylinders.net\/es\/wp-json\/wp\/v2\/comments?post=17147"}],"wp:featuredmedia":[{"embeddable":true,"href":"https:\/\/www.hydraulic-cylinders.net\/es\/wp-json\/wp\/v2\/media\/17150"}],"wp:attachment":[{"href":"https:\/\/www.hydraulic-cylinders.net\/es\/wp-json\/wp\/v2\/media?parent=17147"}],"wp:term":[{"taxonomy":"product_brand","embeddable":true,"href":"https:\/\/www.hydraulic-cylinders.net\/es\/wp-json\/wp\/v2\/product_brand?post=17147"},{"taxonomy":"product_cat","embeddable":true,"href":"https:\/\/www.hydraulic-cylinders.net\/es\/wp-json\/wp\/v2\/product_cat?post=17147"},{"taxonomy":"product_tag","embeddable":true,"href":"https:\/\/www.hydraulic-cylinders.net\/es\/wp-json\/wp\/v2\/product_tag?post=17147"}],"curies":[{"name":"wp","href":"https:\/\/api.w.org\/{rel}","templated":true}]}}