{"id":1721,"date":"2023-10-12T01:06:01","date_gmt":"2023-10-12T01:06:01","guid":{"rendered":"https:\/\/hydraulic-cylinders.net\/?post_type=product&#038;p=1721"},"modified":"2025-04-11T05:06:33","modified_gmt":"2025-04-11T05:06:33","slug":"electric-furnace-mast-cylinder","status":"publish","type":"product","link":"https:\/\/www.hydraulic-cylinders.net\/es\/producto\/electric-furnace-mast-cylinder\/","title":{"rendered":"Cilindro de m\u00e1stil de horno el\u00e9ctrico"},"content":{"rendered":"<h1 style=\"text-align: center;\"><strong>Cilindro de m\u00e1stil de horno el\u00e9ctrico<\/strong><\/h1>\n<p><img loading=\"lazy\" decoding=\"async\" class=\"aligncenter wp-image-1722\" src=\"https:\/\/hydraulic-cylinders.net\/wp-content\/uploads\/2023\/10\/mast-cylinder-1-2-300x300.webp\" alt=\"\" width=\"400\" height=\"400\" \/><\/p>\n<p>El cilindro de m\u00e1stil para horno el\u00e9ctrico es un producto de vanguardia dise\u00f1ado para mejorar el rendimiento y la eficiencia de los hornos industriales. Gracias a sus caracter\u00edsticas avanzadas y su robusta construcci\u00f3n, este cilindro ofrece un control preciso y un funcionamiento fiable para subir y bajar los m\u00e1stiles de los hornos.<\/p>\n<p>El cilindro de m\u00e1stil de horno el\u00e9ctrico es una soluci\u00f3n fiable y eficiente para subir y bajar m\u00e1stiles de hornos en entornos industriales. Su robusta construcci\u00f3n, alta capacidad de elevaci\u00f3n, control preciso y accionamiento el\u00e9ctrico ofrecen un mejor manejo de materiales, un flujo de trabajo optimizado y una mayor productividad. Puede garantizar un rendimiento \u00f3ptimo y una larga vida \u00fatil siguiendo los m\u00e9todos de uso y las pr\u00e1cticas de mantenimiento recomendadas. Incorpore el cilindro de m\u00e1stil de horno el\u00e9ctrico a las operaciones de su horno industrial para disfrutar de las ventajas de un control preciso y ajustes eficientes del m\u00e1stil.<\/p>\n<p>Caracter\u00edsticas principales del cilindro del m\u00e1stil del horno el\u00e9ctrico:<\/p>\n<ol>\n<li>Construcci\u00f3n robusta:<\/li>\n<\/ol>\n<ul>\n<li>El cilindro del m\u00e1stil del horno el\u00e9ctrico est\u00e1 construido con materiales de alta calidad, lo que garantiza durabilidad y longevidad incluso en entornos industriales hostiles.<\/li>\n<li>Su robusta construcci\u00f3n le permite soportar cargas pesadas y mantener un rendimiento \u00f3ptimo a lo largo del tiempo.<\/li>\n<\/ul>\n<ol start=\"2\">\n<li>Alta capacidad de elevaci\u00f3n:<\/li>\n<\/ol>\n<ul>\n<li>Este cilindro cuenta con una gran capacidad de elevaci\u00f3n, lo que lo hace adecuado para subir y bajar m\u00e1stiles de hornos sin esfuerzo.<\/li>\n<li>Su impresionante potencia de elevaci\u00f3n permite un manejo eficiente de los materiales y mejora la eficiencia general del flujo de trabajo.<\/li>\n<\/ul>\n<ol start=\"3\">\n<li>Control preciso:<\/li>\n<\/ol>\n<ul>\n<li>El cilindro del m\u00e1stil del horno el\u00e9ctrico ofrece un control de posicionamiento preciso, lo que permite un ajuste preciso de la altura del m\u00e1stil del horno.<\/li>\n<li>Su avanzado sistema de control asegura movimientos suaves y controlados, minimizando errores y optimizando la eficiencia operativa.<\/li>\n<\/ul>\n<ol start=\"4\">\n<li>Actuaci\u00f3n el\u00e9ctrica:<\/li>\n<\/ol>\n<ul>\n<li>Este cilindro, que funciona con energ\u00eda el\u00e9ctrica, elimina la necesidad de elevaci\u00f3n manual o de sistemas hidr\u00e1ulicos complejos.<\/li>\n<li>El accionamiento el\u00e9ctrico proporciona comodidad, velocidad y control preciso, agilizando las operaciones del horno y reduciendo el tiempo de inactividad.<\/li>\n<\/ul>\n<h2><strong>Par\u00e1metros del cilindro del m\u00e1stil del horno el\u00e9ctrico:<\/strong><\/h2>\n<table border=\"1\" cellspacing=\"0\" cellpadding=\"0\">\n<tbody>\n<tr>\n<td>Nombre del producto<\/td>\n<td>Cilindro de m\u00e1stil de horno el\u00e9ctrico<\/td>\n<\/tr>\n<tr>\n<td>Di\u00e1metro del orificio:<\/td>\n<td>300 mm<\/td>\n<\/tr>\n<tr>\n<td>Di\u00e1metro de la varilla:<\/td>\n<td>230 mm<\/td>\n<\/tr>\n<tr>\n<td>Presi\u00f3n:<\/td>\n<td>14 MPa<\/td>\n<\/tr>\n<tr>\n<td>Fuerza de empuje:<\/td>\n<td>M\u00e1ximo 581 kN<\/td>\n<\/tr>\n<tr>\n<td>Aplicaciones del cilindro del m\u00e1stil del horno el\u00e9ctrico:<\/td>\n<td>Horno el\u00e9ctrico<\/td>\n<\/tr>\n<\/tbody>\n<\/table>\n<div><\/div>\n<div class=\"txtboxR\">\n<div class=\"txtboxL\">\n<div class=\"txtboxL\">\n<div class=\"txtboxL\">\n<div class=\"txtboxL\">\n<div class=\"txtboxL\">\n<div class=\"txtboxL\">Fuerza de empuje:<\/div>\n<div class=\"txtboxR\">M\u00e1ximo 581 KN (di\u00e1metro del orificio: 300 mm\/di\u00e1metro de la varilla: 230\/presi\u00f3n 14 MPa)<\/div>\n<\/div>\n<\/div>\n<\/div>\n<\/div>\n<\/div>\n<\/div>\n<h2><strong>Horno el\u00e9ctrico <\/strong><strong> F\u00e1brica de cilindros:<\/strong><\/h2>\n<p><img loading=\"lazy\" decoding=\"async\" class=\"alignnone wp-image-1697 size-full\" src=\"https:\/\/hydraulic-cylinders.net\/wp-content\/uploads\/2023\/10\/filter-press-cylinder-1.webp\" alt=\"\" width=\"1418\" height=\"946\" srcset=\"https:\/\/hydraulic-cylinders.net\/wp-content\/uploads\/2023\/10\/filter-press-cylinder-1.webp 1418w, https:\/\/hydraulic-cylinders.net\/wp-content\/uploads\/2023\/10\/filter-press-cylinder-1-1280x854.webp 1280w, https:\/\/hydraulic-cylinders.net\/wp-content\/uploads\/2023\/10\/filter-press-cylinder-1-980x654.webp 980w, https:\/\/hydraulic-cylinders.net\/wp-content\/uploads\/2023\/10\/filter-press-cylinder-1-480x320.webp 480w\" sizes=\"(min-width: 0px) and (max-width: 480px) 480px, (min-width: 481px) and (max-width: 980px) 980px, (min-width: 981px) and (max-width: 1280px) 1280px, (min-width: 1281px) 1418px, 100vw\" \/><\/p>\n<h2><strong>M\u00e9todo de uso del cilindro de m\u00e1stil del horno el\u00e9ctrico<\/strong><strong>:<\/strong><\/h2>\n<ol>\n<li><strong>Instalaci\u00f3n:<\/strong><\/li>\n<\/ol>\n<ul>\n<li>Monte el cilindro del m\u00e1stil del horno el\u00e9ctrico de forma segura en la estructura del horno, siguiendo las pautas del fabricante.<\/li>\n<li>Aseg\u00farese de que la alineaci\u00f3n y la fijaci\u00f3n sean adecuadas para mantener la estabilidad y la seguridad durante la operaci\u00f3n.<\/li>\n<\/ul>\n<ol start=\"2\">\n<li><strong>Conexi\u00f3n el\u00e9ctrica:<\/strong><\/li>\n<\/ol>\n<ul>\n<li>Conecte el cilindro del m\u00e1stil del horno el\u00e9ctrico a la fuente de alimentaci\u00f3n, respetando los c\u00f3digos el\u00e9ctricos y las normas de seguridad.<\/li>\n<li>Aseg\u00farese de que todas las conexiones el\u00e9ctricas est\u00e9n seguras y aisladas para evitar peligros o fallos de funcionamiento.<\/li>\n<\/ul>\n<ol start=\"3\">\n<li><strong>Elevaci\u00f3n y descenso:<\/strong><\/li>\n<\/ol>\n<ul>\n<li>Active el cilindro del m\u00e1stil del horno el\u00e9ctrico utilizando el panel de control o el interruptor designado para las operaciones del m\u00e1stil.<\/li>\n<li>El cilindro elevar\u00e1 o bajar\u00e1 de forma suave y precisa el m\u00e1stil del horno seg\u00fan sus necesidades.<\/li>\n<li>Supervise de cerca el proceso de elevaci\u00f3n y descenso para lograr con precisi\u00f3n la altura o posici\u00f3n deseada.<\/li>\n<\/ul>\n<ol start=\"4\">\n<li><strong>Integraci\u00f3n con sistemas de control:<\/strong><\/li>\n<\/ol>\n<ul>\n<li>Integre perfectamente el cilindro del m\u00e1stil del horno el\u00e9ctrico en los sistemas de control del horno existentes para un funcionamiento sincronizado.<\/li>\n<li>Consulte a un t\u00e9cnico calificado o consulte las pautas del fabricante para una integraci\u00f3n y compatibilidad adecuadas.<\/li>\n<\/ul>\n<h2><strong>\u00bfC\u00f3mo purgar un cilindro hidr\u00e1ulico de doble efecto?<\/strong><\/h2>\n<p>Purgar un cilindro hidr\u00e1ulico de doble efecto es un procedimiento de mantenimiento importante para eliminar el aire del sistema y garantizar un funcionamiento fluido y eficiente. Estos son los pasos para purgar un cilindro hidr\u00e1ulico de doble efecto:<\/p>\n<ol>\n<li><strong>Preparaci\u00f3n:<\/strong>\n<ul>\n<li>Aseg\u00farese de que el sistema hidr\u00e1ulico est\u00e9 apagado y que la presi\u00f3n est\u00e9 liberada.<\/li>\n<li>Utilice el equipo de protecci\u00f3n personal adecuado, como guantes y gafas de seguridad, para protegerse de posibles derrames de l\u00edquido hidr\u00e1ulico.<\/li>\n<\/ul>\n<\/li>\n<li><strong>Localizar puntos de sangrado:<\/strong>\n<ul>\n<li>Identifique los puntos de purga del cilindro hidr\u00e1ulico. Estos suelen estar ubicados cerca del extremo del v\u00e1stago y del tap\u00f3n del cilindro.<\/li>\n<li>Algunos cilindros hidr\u00e1ulicos tienen puertos de purga dedicados, mientras que otros pueden requerir aflojar accesorios espec\u00edficos para purgar el aire.<\/li>\n<\/ul>\n<\/li>\n<li><strong>Posicione el cilindro:<\/strong>\n<ul>\n<li>Mueva el cilindro hidr\u00e1ulico a su posici\u00f3n completamente retra\u00edda retrayendo la varilla completamente dentro del cilindro.<\/li>\n<li>Esto garantiza que las burbujas de aire sean forzadas hacia los puntos de purga, lo que hace que sea m\u00e1s f\u00e1cil eliminarlas.<\/li>\n<\/ul>\n<\/li>\n<li><strong>Afloje los accesorios de purga:<\/strong>\n<ul>\n<li>Afloje los accesorios o puertos de purga tanto en el extremo de la varilla como en el extremo de la tapa del cilindro.<\/li>\n<li>Comience aflojando primero el accesorio en el extremo de la varilla y luego el accesorio en el extremo de la tapa.<\/li>\n<\/ul>\n<\/li>\n<li><strong>Aplicar presi\u00f3n hidr\u00e1ulica:<\/strong>\n<ul>\n<li>Encienda la unidad de potencia hidr\u00e1ulica o active la bomba hidr\u00e1ulica para presurizar el sistema.<\/li>\n<li>Aumente gradualmente la presi\u00f3n hidr\u00e1ulica hasta un nivel suficiente para expulsar el aire atrapado del cilindro.<\/li>\n<\/ul>\n<\/li>\n<li><strong>Sangrar el aire:<\/strong>\n<ul>\n<li>A medida que aumenta la presi\u00f3n hidr\u00e1ulica, se escapan burbujas de aire por los accesorios o puertos de purga.<\/li>\n<li>Deje que el fluido hidr\u00e1ulico fluya libremente hasta que se purgue todo el aire.<\/li>\n<li>Es esencial garantizar un flujo constante de fluido hidr\u00e1ulico sin burbujas de aire.<\/li>\n<\/ul>\n<\/li>\n<li><strong>Apretar los accesorios de purga:<\/strong>\n<ul>\n<li>Una vez que se haya purgado completamente el aire del sistema, ajuste firmemente los accesorios o puertos de purga.<\/li>\n<li>Aseg\u00farese de que est\u00e9n apretados seg\u00fan las especificaciones de torsi\u00f3n recomendadas por el fabricante para evitar fugas.<\/li>\n<\/ul>\n<\/li>\n<li><strong>Pruebe el cilindro:<\/strong>\n<ul>\n<li>Apague la unidad de potencia hidr\u00e1ulica o desactive la bomba hidr\u00e1ulica.<\/li>\n<li>Haga circular el cilindro hidr\u00e1ulico a trav\u00e9s de todo su rango de movimiento para garantizar un funcionamiento suave y sin problemas relacionados con el aire.<\/li>\n<li>Atenci\u00f3n a ruidos o vibraciones anormales que puedan indicar problemas adicionales en los sistemas a\u00e9reos o hidr\u00e1ulicos.<\/li>\n<\/ul>\n<\/li>\n<li><strong>Compruebe si hay fugas:<\/strong>\n<ul>\n<li>Inspeccione los accesorios de purga, las conexiones hidr\u00e1ulicas y otros componentes para detectar cualquier signo de fugas.<\/li>\n<li>Si nota alguna fuga, rep\u00e1rela r\u00e1pidamente apretando los accesorios o reemplazando los componentes da\u00f1ados.<\/li>\n<\/ul>\n<\/li>\n<\/ol>\n<h2><strong>Capacidad de la f\u00e1brica:<\/strong><\/h2>\n<h3>(1) Montaje<\/h3>\n<p>Contamos con una plataforma de ensamblaje independiente de primera clase para investigaci\u00f3n y desarrollo. El taller de producci\u00f3n de cilindros hidr\u00e1ulicos cuenta con cuatro l\u00edneas de ensamblaje de cilindros de elevaci\u00f3n semiautom\u00e1ticos y una l\u00ednea de ensamblaje de cilindros de inclinaci\u00f3n autom\u00e1ticos, con una capacidad de producci\u00f3n anual dise\u00f1ada de 1 mill\u00f3n de piezas. El taller de cilindros especiales est\u00e1 equipado con un sistema de ensamblaje de limpieza semiautom\u00e1tico de diversas especificaciones, con una capacidad de producci\u00f3n anual dise\u00f1ada de 200,000 unidades, y est\u00e1 equipado con reconocidos equipos de mecanizado CNC, un centro de mecanizado, equipos especiales de procesamiento de cilindros de alta precisi\u00f3n, una m\u00e1quina de soldadura robotizada, una m\u00e1quina de limpieza autom\u00e1tica, una m\u00e1quina de ensamblaje de cilindros autom\u00e1ticos y una l\u00ednea de producci\u00f3n de pintura autom\u00e1tica. Contamos con m\u00e1s de 300 equipos cr\u00edticos. La asignaci\u00f3n \u00f3ptima y el uso eficiente de los recursos de equipo garantizan la precisi\u00f3n y la alta calidad de los productos.<\/p>\n<p><img loading=\"lazy\" decoding=\"async\" class=\"alignnone wp-image-626\" src=\"https:\/\/hydraulic-cylinders.net\/wp-content\/uploads\/2023\/08\/hydraulic-cylinder-product-1-300x158.webp\" alt=\"\" width=\"495\" height=\"260\" srcset=\"https:\/\/hydraulic-cylinders.net\/wp-content\/uploads\/2023\/08\/hydraulic-cylinder-product-1-300x158.webp 495w, https:\/\/hydraulic-cylinders.net\/wp-content\/uploads\/2023\/08\/hydraulic-cylinder-product-1-480x252.webp 480w\" sizes=\"(min-width: 0px) and (max-width: 480px) 480px, (min-width: 481px) 495px, 100vw\" \/> <img loading=\"lazy\" decoding=\"async\" class=\"alignnone wp-image-627\" src=\"https:\/\/hydraulic-cylinders.net\/wp-content\/uploads\/2023\/08\/hydraulic-cylinder-product-2-300x189.webp\" alt=\"\" width=\"413\" height=\"260\" \/><\/p>\n<h3>(2) Mecanizado<\/h3>\n<p>El taller de mecanizado est\u00e1 equipado con un centro de torneado de carril inclinado personalizado, un centro de mecanizado, una m\u00e1quina de bru\u00f1ido de alta velocidad, un robot de soldadura y otros equipos relacionados, que pueden procesar tubos cil\u00edndricos con un di\u00e1metro interior m\u00e1ximo de 400 mm y una longitud m\u00e1xima de 6 metros.<\/p>\n<p><img loading=\"lazy\" decoding=\"async\" class=\"alignnone wp-image-628 size-large\" src=\"https:\/\/hydraulic-cylinders.net\/wp-content\/uploads\/2023\/08\/hydraulic-cylinder-product-3-1024x391.webp\" alt=\"\" width=\"1024\" height=\"391\" srcset=\"https:\/\/hydraulic-cylinders.net\/wp-content\/uploads\/2023\/08\/hydraulic-cylinder-product-3-980x374.webp 980w, https:\/\/hydraulic-cylinders.net\/wp-content\/uploads\/2023\/08\/hydraulic-cylinder-product-3-480x183.webp 480w\" sizes=\"(min-width: 0px) and (max-width: 480px) 480px, (min-width: 481px) and (max-width: 980px) 980px, (min-width: 981px) 1024px, 100vw\" \/><\/p>\n<h3>(3) Soldadura<\/h3>\n<p><img loading=\"lazy\" decoding=\"async\" class=\"alignnone wp-image-629 size-large\" src=\"https:\/\/hydraulic-cylinders.net\/wp-content\/uploads\/2023\/08\/hydraulic-cylinder-product-4-1024x510.webp\" alt=\"\" width=\"1024\" height=\"510\" srcset=\"https:\/\/hydraulic-cylinders.net\/wp-content\/uploads\/2023\/08\/hydraulic-cylinder-product-4-980x488.webp 980w, https:\/\/hydraulic-cylinders.net\/wp-content\/uploads\/2023\/08\/hydraulic-cylinder-product-4-480x239.webp 480w\" sizes=\"(min-width: 0px) and (max-width: 480px) 480px, (min-width: 481px) and (max-width: 980px) 980px, (min-width: 981px) 1024px, 100vw\" \/><\/p>\n<h3>(4) Pintura y revestimiento<\/h3>\n<p>Con peque\u00f1as y medianas l\u00edneas de cilindros autom\u00e1ticos de recubrimiento de pintura a base de agua, para lograr la carga y descarga autom\u00e1tica de robots y pulverizaci\u00f3n autom\u00e1tica, la capacidad de dise\u00f1o de 4000 piezas por turno;<br \/>\nTambi\u00e9n disponemos de una l\u00ednea semiautom\u00e1tica de producci\u00f3n de pintura para grandes cilindros accionada por cadena, con una capacidad de dise\u00f1o de 60 cajas por turno.<\/p>\n<p><img loading=\"lazy\" decoding=\"async\" class=\"alignnone wp-image-630\" src=\"https:\/\/hydraulic-cylinders.net\/wp-content\/uploads\/2023\/08\/hydraulic-cylinder-product-5-300x213.webp\" alt=\"\" width=\"366\" height=\"260\" \/> <img loading=\"lazy\" decoding=\"async\" class=\"alignnone wp-image-631\" src=\"https:\/\/hydraulic-cylinders.net\/wp-content\/uploads\/2023\/08\/hydraulic-cylinder-product-6-300x225.webp\" alt=\"\" width=\"347\" height=\"260\" \/><\/p>\n<h3>(5) Pruebas<\/h3>\n<p>Disponemos de instalaciones de inspecci\u00f3n y bancos de pruebas de primera clase para garantizar que el rendimiento del cilindro cumple los requisitos.<\/p>\n<p><img loading=\"lazy\" decoding=\"async\" class=\"alignnone wp-image-632\" src=\"https:\/\/hydraulic-cylinders.net\/wp-content\/uploads\/2023\/08\/hydraulic-cylinder-product-8-300x200.webp\" alt=\"\" width=\"389\" height=\"260\" \/><\/p>\n<p>&nbsp;<\/p>\n<p>&nbsp;<\/p>\n<p>Somos uno de los mejores fabricantes de cilindros hidr\u00e1ulicos. Ofrecemos cilindros hidr\u00e1ulicos integrales. Tambi\u00e9n proporcionamos... <a href=\"https:\/\/hzpt.com\/agricultural-pto-gearbox\/\" target=\"_blank\" rel=\"noopener\">cajas de cambios agr\u00edcolas<\/a>Hemos exportado nuestros productos a clientes de todo el mundo y nos hemos ganado una excelente reputaci\u00f3n gracias a nuestra excelente calidad y servicio posventa. Invitamos a clientes nacionales e internacionales a contactarnos para negociar negocios, intercambiar informaci\u00f3n y... <a href=\"https:\/\/www.hydraulic-cylinders.net\/es\/contact-us\/\">colabore con nosotros<\/a>!<\/p>","protected":false},"excerpt":{"rendered":"<p>Electric Furnace Mast Cylinder The electric furnace mast cylinder is a cutting-edge product designed to enhance the performance and efficiency of industrial furnaces. With its advanced features and robust construction, this cylinder offers precise control and reliable operation for raising and lowering furnace masts. The electric furnace mast cylinder is a reliable and efficient solution [&hellip;]<\/p>","protected":false},"featured_media":1723,"comment_status":"open","ping_status":"closed","template":"","meta":{"_et_pb_use_builder":"","_et_pb_old_content":"","_et_gb_content_width":""},"product_brand":[],"product_cat":[1550,1524,1376],"product_tag":[1380],"class_list":{"0":"post-1721","1":"product","2":"type-product","3":"status-publish","4":"has-post-thumbnail","6":"product_cat-double-acting-hydraulic-cylinder","7":"product_cat-steel-mill-hydraulic-cylinders","8":"product_cat-hydraulic-cylinder","9":"product_tag-hydraulic-cylinder","11":"first","12":"instock","13":"shipping-taxable","14":"product-type-simple"},"amp_enabled":true,"_links":{"self":[{"href":"https:\/\/www.hydraulic-cylinders.net\/es\/wp-json\/wp\/v2\/product\/1721","targetHints":{"allow":["GET"]}}],"collection":[{"href":"https:\/\/www.hydraulic-cylinders.net\/es\/wp-json\/wp\/v2\/product"}],"about":[{"href":"https:\/\/www.hydraulic-cylinders.net\/es\/wp-json\/wp\/v2\/types\/product"}],"replies":[{"embeddable":true,"href":"https:\/\/www.hydraulic-cylinders.net\/es\/wp-json\/wp\/v2\/comments?post=1721"}],"wp:featuredmedia":[{"embeddable":true,"href":"https:\/\/www.hydraulic-cylinders.net\/es\/wp-json\/wp\/v2\/media\/1723"}],"wp:attachment":[{"href":"https:\/\/www.hydraulic-cylinders.net\/es\/wp-json\/wp\/v2\/media?parent=1721"}],"wp:term":[{"taxonomy":"product_brand","embeddable":true,"href":"https:\/\/www.hydraulic-cylinders.net\/es\/wp-json\/wp\/v2\/product_brand?post=1721"},{"taxonomy":"product_cat","embeddable":true,"href":"https:\/\/www.hydraulic-cylinders.net\/es\/wp-json\/wp\/v2\/product_cat?post=1721"},{"taxonomy":"product_tag","embeddable":true,"href":"https:\/\/www.hydraulic-cylinders.net\/es\/wp-json\/wp\/v2\/product_tag?post=1721"}],"curies":[{"name":"wp","href":"https:\/\/api.w.org\/{rel}","templated":true}]}}