{"id":1728,"date":"2023-10-12T03:34:42","date_gmt":"2023-10-12T03:34:42","guid":{"rendered":"https:\/\/hydraulic-cylinders.net\/?post_type=product&#038;p=1728"},"modified":"2025-04-11T02:53:43","modified_gmt":"2025-04-11T02:53:43","slug":"cement-equipment-vertical-mill-cylinder","status":"publish","type":"product","link":"https:\/\/www.hydraulic-cylinders.net\/es\/producto\/cement-equipment-vertical-mill-cylinder\/","title":{"rendered":"Cilindro de molino vertical para equipos de cemento"},"content":{"rendered":"<h1 style=\"text-align: center;\"><strong>Cilindro de molino vertical para equipos de cemento<\/strong><\/h1>\n<p><img loading=\"lazy\" decoding=\"async\" class=\"aligncenter wp-image-1729\" src=\"https:\/\/hydraulic-cylinders.net\/wp-content\/uploads\/2023\/10\/vertical-mill-cylinder-1-300x300.webp\" alt=\"\" width=\"400\" height=\"400\" \/><\/p>\n<p>El cilindro del molino vertical para equipos de cemento es un componente crucial en el proceso de fabricaci\u00f3n de cemento, dise\u00f1ado para mejorar la eficiencia y la productividad en las plantas cementeras. Este cilindro desempe\u00f1a un papel vital en los molinos verticales de rodillos, ampliamente utilizados para moler materias primas y cl\u00ednker en la industria cementera.<\/p>\n<p>El cilindro del molino vertical para equipos de cemento es un componente esencial en la producci\u00f3n de cemento, mejorando la eficiencia y la productividad en las plantas. Este cilindro garantiza un funcionamiento confiable y eficiente gracias a su robusta construcci\u00f3n, resistencia a altas presiones, mecanizado preciso y tecnolog\u00eda de sellado avanzada. Siguiendo los m\u00e9todos de uso y las pr\u00e1cticas de mantenimiento recomendadas, puede maximizar el rendimiento y la vida \u00fatil del cilindro del molino vertical para equipos de cemento, mejorando as\u00ed la productividad y la rentabilidad de sus operaciones de fabricaci\u00f3n de cemento.<\/p>\n<p>Caracter\u00edsticas principales del cilindro del molino vertical del equipo de cemento:<\/p>\n<ol>\n<li>Construcci\u00f3n robusta:<\/li>\n<\/ol>\n<ul>\n<li>Construido con materiales de alta calidad para mayor durabilidad en entornos exigentes de plantas de cemento.<\/li>\n<li>Soporta cargas pesadas y mantiene un rendimiento \u00f3ptimo durante el proceso de molienda.<\/li>\n<\/ul>\n<ol start=\"2\">\n<li>Resistencia a alta presi\u00f3n:<\/li>\n<\/ol>\n<ul>\n<li>Dise\u00f1ado espec\u00edficamente para soportar aplicaciones de alta presi\u00f3n que se encuentran com\u00fanmente en molinos de rodillos verticales.<\/li>\n<li>Maneja fuerzas intensas generadas durante la molienda de materias primas y cl\u00ednker.<\/li>\n<\/ul>\n<ol start=\"3\">\n<li>Mecanizado preciso:<\/li>\n<\/ol>\n<ul>\n<li>Se somete a procesos de mecanizado precisos para obtener dimensiones exactas y tolerancias estrictas.<\/li>\n<li>Permite un movimiento suave y preciso, lo que contribuye al rendimiento y la producci\u00f3n general.<\/li>\n<\/ul>\n<ol start=\"4\">\n<li>Tecnolog\u00eda de sellado avanzada:<\/li>\n<\/ol>\n<ul>\n<li>Equipado con tecnolog\u00eda de sellado avanzada para evitar fugas de fluido hidr\u00e1ulico.<\/li>\n<li>Un sellado confiable minimiza el tiempo de inactividad, reduce los costos de mantenimiento y mejora la eficiencia.<\/li>\n<\/ul>\n<h2><strong>Par\u00e1metros del cilindro del molino vertical del equipo de cemento:<\/strong><\/h2>\n<table border=\"1\" cellspacing=\"0\" cellpadding=\"0\">\n<tbody>\n<tr>\n<td>Nombre del producto<\/td>\n<td>Cilindro de molino vertical para equipos de cemento<\/td>\n<\/tr>\n<tr>\n<td>Caracter\u00edsticas:<\/td>\n<td>Aseg\u00farese de la posici\u00f3n central del cabezal de la abrazadera.<\/td>\n<\/tr>\n<tr>\n<td>Di\u00e1metro del orificio:<\/td>\n<td>200 mm \uff5e 700 mm<\/td>\n<\/tr>\n<tr>\n<td>Di\u00e1metro de la varilla:<\/td>\n<td>130 mm \uff5e 500 mm<br \/>\nCarrera: \u2264500 mm<\/td>\n<\/tr>\n<tr>\n<td>Fuerza de empuje:<\/td>\n<td>M\u00e1ximo 5387KN<br \/>\n(Di\u00e1metro del cilindro 700 mm\/presi\u00f3n 14 MPa)<\/td>\n<\/tr>\n<tr>\n<td>Aplicaciones del cilindro de molino vertical para equipos de cemento:<\/td>\n<td>Equipos para cemento<\/td>\n<\/tr>\n<\/tbody>\n<\/table>\n<div><\/div>\n<div>\n<div class=\"txtboxL\">Caracter\u00edsticas:<\/div>\n<div class=\"txtboxR\">Proporcionar tensi\u00f3n\/controlar el espacio entre los rodillos de molienda<\/div>\n<div class=\"txtboxL\">Especificaci\u00f3n:<\/div>\n<div class=\"txtboxR\">Di\u00e1metro del orificio: 260 mm \uff5e 540 mm<br \/>\nDi\u00e1metro de la varilla: 130 mm \uff5e 265 mm<br \/>\nCarrera: \u22644000 mm<\/div>\n<div class=\"txtboxL\">Fuerza de empuje:<\/div>\n<div class=\"txtboxR\">M\u00e1ximo 2646KN<br \/>\n(Di\u00e1metro del cilindro 540 mm\/presi\u00f3n 21 MPa)<\/div>\n<\/div>\n<h2><strong>Horno el\u00e9ctrico <\/strong><strong> F\u00e1brica de cilindros:<\/strong><\/h2>\n<p><img loading=\"lazy\" decoding=\"async\" class=\"alignnone wp-image-1697 size-full\" src=\"https:\/\/hydraulic-cylinders.net\/wp-content\/uploads\/2023\/10\/filter-press-cylinder-1.webp\" alt=\"\" width=\"1418\" height=\"946\" srcset=\"https:\/\/hydraulic-cylinders.net\/wp-content\/uploads\/2023\/10\/filter-press-cylinder-1.webp 1418w, https:\/\/hydraulic-cylinders.net\/wp-content\/uploads\/2023\/10\/filter-press-cylinder-1-1280x854.webp 1280w, https:\/\/hydraulic-cylinders.net\/wp-content\/uploads\/2023\/10\/filter-press-cylinder-1-980x654.webp 980w, https:\/\/hydraulic-cylinders.net\/wp-content\/uploads\/2023\/10\/filter-press-cylinder-1-480x320.webp 480w\" sizes=\"(min-width: 0px) and (max-width: 480px) 480px, (min-width: 481px) and (max-width: 980px) 980px, (min-width: 981px) and (max-width: 1280px) 1280px, (min-width: 1281px) 1418px, 100vw\" \/><\/p>\n<h2><strong>M\u00e9todo de uso del equipo de cemento de cilindro de molino vertical<\/strong><strong>:<\/strong><\/h2>\n<ol>\n<li><strong>Instalaci\u00f3n:<\/strong><\/li>\n<\/ol>\n<ul>\n<li>Follow the manufacturer&#8217;s guidelines for secure installation onto the vertical roller mill.<\/li>\n<li>Aseg\u00farese de que la alineaci\u00f3n y la fijaci\u00f3n sean adecuadas para un funcionamiento estable y seguro.<\/li>\n<\/ul>\n<ol start=\"2\">\n<li><strong>Conexi\u00f3n hidr\u00e1ulica:<\/strong><\/li>\n<\/ol>\n<ul>\n<li>Conecte el cilindro al sistema hidr\u00e1ulico utilizando accesorios y mangueras adecuados.<\/li>\n<li>Verificar conexiones seguras sin fugas.<\/li>\n<\/ul>\n<ol start=\"3\">\n<li><strong>Calibraci\u00f3n del sistema:<\/strong><\/li>\n<\/ol>\n<ul>\n<li>Calibre el sistema hidr\u00e1ulico para optimizar el rendimiento del cilindro.<\/li>\n<li>Adjust pressure settings and flow rates according to the manufacturer&#8217;s recommendations.<\/li>\n<\/ul>\n<ol start=\"4\">\n<li><strong>Operaci\u00f3n y control:<\/strong><\/li>\n<\/ol>\n<ul>\n<li>Activar el sistema hidr\u00e1ulico para iniciar el funcionamiento del molino de rodillos verticales.<\/li>\n<li>El cilindro se acopla con los rodillos de molienda, ejerciendo la fuerza necesaria para moler y pulverizar.<\/li>\n<li>Monitor and adjust the cylinder&#8217;s position, pressure, and speed through the control panel or interface.<\/li>\n<\/ul>\n<h2><strong>\u00bfC\u00f3mo reconstruir cilindros hidr\u00e1ulicos?<\/strong><\/h2>\n<p>Reconstruir cilindros hidr\u00e1ulicos puede ayudar a restaurar su funcionalidad y prolongar su vida \u00fatil. A continuaci\u00f3n, se presenta una gu\u00eda general sobre c\u00f3mo reconstruir cilindros hidr\u00e1ulicos:<\/p>\n<ol>\n<li><strong>Re\u00fana herramientas y materiales:<\/strong>\n<ul>\n<li>Guantes y gafas de seguridad<\/li>\n<li>Llaves y vasos<\/li>\n<li>Palanca o herramienta para quitar sellos<\/li>\n<li>Mazo o martillo de goma<\/li>\n<li>Kit de reparaci\u00f3n de cilindros (incluye sellos, juntas t\u00f3ricas y otros componentes necesarios)<\/li>\n<li>Fluido hidr\u00e1ulico<\/li>\n<li>trapos o toallas limpias<\/li>\n<\/ul>\n<\/li>\n<li><strong>Precauciones de seguridad:<\/strong>\n<ul>\n<li>Antes de comenzar el proceso de reconstrucci\u00f3n, aseg\u00farese de que el sistema hidr\u00e1ulico est\u00e9 despresurizado y que el cilindro est\u00e9 completamente retra\u00eddo.<\/li>\n<li>Utilice guantes y gafas de seguridad para protegerse de cualquier peligro potencial.<\/li>\n<\/ul>\n<\/li>\n<li><strong>Retire el cilindro:<\/strong>\n<ul>\n<li>Desconecte las l\u00edneas hidr\u00e1ulicas del cilindro utilizando llaves o dados.<\/li>\n<li>Utilice una palanca o una herramienta para quitar sellos para retirar con cuidado el pist\u00f3n o el casquillo del cuerpo del cilindro.<\/li>\n<li>Inspeccione los componentes del cilindro para detectar cualquier signo de da\u00f1o o desgaste.<\/li>\n<\/ul>\n<\/li>\n<li><strong>Desmontar el cilindro:<\/strong>\n<ul>\n<li>Desmonte con cuidado el cilindro quitando los anillos de retenci\u00f3n o los pernos que mantienen unidos los distintos componentes.<\/li>\n<li>Tome nota del orden y la disposici\u00f3n de los componentes para un reensamblaje preciso.<\/li>\n<\/ul>\n<\/li>\n<li><strong>Limpiar e inspeccionar:<\/strong>\n<ul>\n<li>Limpie completamente todos los componentes del cilindro utilizando un solvente adecuado para eliminar suciedad, residuos y l\u00edquido hidr\u00e1ulico viejo.<\/li>\n<li>Inspeccione los componentes para detectar cualquier signo de da\u00f1o, desgaste o picaduras. Reemplace las piezas da\u00f1adas o desgastadas.<\/li>\n<\/ul>\n<\/li>\n<li><strong>Reemplazar sellos y juntas t\u00f3ricas:<\/strong>\n<ul>\n<li>Consulte el kit de reparaci\u00f3n del cilindro e identifique los sellos y juntas t\u00f3ricas adecuados para reemplazar.<\/li>\n<li>Install the new seals and O-rings according to the manufacturer&#8217;s instructions and using the proper lubrication.<\/li>\n<\/ul>\n<\/li>\n<li><strong>Vuelva a montar el cilindro:<\/strong>\n<ul>\n<li>Comience a volver a ensamblar el cilindro colocando con cuidado el pist\u00f3n o el casquillo nuevamente en el cuerpo del cilindro.<\/li>\n<li>Vuelva a colocar los anillos de retenci\u00f3n o los pernos para asegurar los componentes juntos.<\/li>\n<li>Siga el orden y la disposici\u00f3n correctos de los componentes como se indica durante el desmontaje.<\/li>\n<\/ul>\n<\/li>\n<li><strong>Probar y reinstalar:<\/strong>\n<ul>\n<li>Una vez vuelto a montar el cilindro, pruebe su movimiento manualmente para garantizar un funcionamiento suave.<\/li>\n<li>Vuelva a conectar las l\u00edneas hidr\u00e1ulicas y aseg\u00farese de que est\u00e9n correctamente apretadas.<\/li>\n<li>Vuelva a llenar el sistema hidr\u00e1ulico con el fluido hidr\u00e1ulico recomendado.<\/li>\n<\/ul>\n<\/li>\n<li><strong>Comprobaci\u00f3n de fugas y funcionalidad:<\/strong>\n<ul>\n<li>Ponga en marcha el sistema hidr\u00e1ulico y observe atentamente el cilindro para detectar posibles signos de fugas.<\/li>\n<li>Monitor the cylinder&#8217;s functionality and ensure it operates smoothly without any issues.<\/li>\n<\/ul>\n<\/li>\n<\/ol>\n<h2><strong>Capacidad de la f\u00e1brica:<\/strong><\/h2>\n<h3>(1) Montaje<\/h3>\n<p>Contamos con una plataforma de ensamblaje independiente de primera clase para investigaci\u00f3n y desarrollo. El taller de producci\u00f3n de cilindros hidr\u00e1ulicos cuenta con cuatro l\u00edneas de ensamblaje de cilindros de elevaci\u00f3n semiautom\u00e1ticos y una l\u00ednea de ensamblaje de cilindros de inclinaci\u00f3n autom\u00e1ticos, con una capacidad de producci\u00f3n anual dise\u00f1ada de 1 mill\u00f3n de piezas. El taller de cilindros especiales est\u00e1 equipado con un sistema de ensamblaje de limpieza semiautom\u00e1tico de diversas especificaciones, con una capacidad de producci\u00f3n anual dise\u00f1ada de 200,000 unidades, y est\u00e1 equipado con reconocidos equipos de mecanizado CNC, un centro de mecanizado, equipos especiales de procesamiento de cilindros de alta precisi\u00f3n, una m\u00e1quina de soldadura robotizada, una m\u00e1quina de limpieza autom\u00e1tica, una m\u00e1quina de ensamblaje de cilindros autom\u00e1ticos y una l\u00ednea de producci\u00f3n de pintura autom\u00e1tica. Contamos con m\u00e1s de 300 equipos cr\u00edticos. La asignaci\u00f3n \u00f3ptima y el uso eficiente de los recursos de equipo garantizan la precisi\u00f3n y la alta calidad de los productos.<\/p>\n<p><img loading=\"lazy\" decoding=\"async\" class=\"alignnone wp-image-626\" src=\"https:\/\/hydraulic-cylinders.net\/wp-content\/uploads\/2023\/08\/hydraulic-cylinder-product-1-300x158.webp\" alt=\"\" width=\"495\" height=\"260\" srcset=\"https:\/\/hydraulic-cylinders.net\/wp-content\/uploads\/2023\/08\/hydraulic-cylinder-product-1-300x158.webp 495w, https:\/\/hydraulic-cylinders.net\/wp-content\/uploads\/2023\/08\/hydraulic-cylinder-product-1-480x252.webp 480w\" sizes=\"(min-width: 0px) and (max-width: 480px) 480px, (min-width: 481px) 495px, 100vw\" \/> <img loading=\"lazy\" decoding=\"async\" class=\"alignnone wp-image-627\" src=\"https:\/\/hydraulic-cylinders.net\/wp-content\/uploads\/2023\/08\/hydraulic-cylinder-product-2-300x189.webp\" alt=\"\" width=\"413\" height=\"260\" \/><\/p>\n<h3>(2) Mecanizado<\/h3>\n<p>El taller de mecanizado est\u00e1 equipado con un centro de torneado de carril inclinado personalizado, un centro de mecanizado, una m\u00e1quina de bru\u00f1ido de alta velocidad, un robot de soldadura y otros equipos relacionados, que pueden procesar tubos cil\u00edndricos con un di\u00e1metro interior m\u00e1ximo de 400 mm y una longitud m\u00e1xima de 6 metros.<\/p>\n<p><img loading=\"lazy\" decoding=\"async\" class=\"alignnone wp-image-628 size-large\" src=\"https:\/\/hydraulic-cylinders.net\/wp-content\/uploads\/2023\/08\/hydraulic-cylinder-product-3-1024x391.webp\" alt=\"\" width=\"1024\" height=\"391\" srcset=\"https:\/\/hydraulic-cylinders.net\/wp-content\/uploads\/2023\/08\/hydraulic-cylinder-product-3-980x374.webp 980w, https:\/\/hydraulic-cylinders.net\/wp-content\/uploads\/2023\/08\/hydraulic-cylinder-product-3-480x183.webp 480w\" sizes=\"(min-width: 0px) and (max-width: 480px) 480px, (min-width: 481px) and (max-width: 980px) 980px, (min-width: 981px) 1024px, 100vw\" \/><\/p>\n<h3>(3) Soldadura<\/h3>\n<p><img loading=\"lazy\" decoding=\"async\" class=\"alignnone wp-image-629 size-large\" src=\"https:\/\/hydraulic-cylinders.net\/wp-content\/uploads\/2023\/08\/hydraulic-cylinder-product-4-1024x510.webp\" alt=\"\" width=\"1024\" height=\"510\" srcset=\"https:\/\/hydraulic-cylinders.net\/wp-content\/uploads\/2023\/08\/hydraulic-cylinder-product-4-980x488.webp 980w, https:\/\/hydraulic-cylinders.net\/wp-content\/uploads\/2023\/08\/hydraulic-cylinder-product-4-480x239.webp 480w\" sizes=\"(min-width: 0px) and (max-width: 480px) 480px, (min-width: 481px) and (max-width: 980px) 980px, (min-width: 981px) 1024px, 100vw\" \/><\/p>\n<h3>(4) Pintura y revestimiento<\/h3>\n<p>Con peque\u00f1as y medianas l\u00edneas de cilindros autom\u00e1ticos de recubrimiento de pintura a base de agua, para lograr la carga y descarga autom\u00e1tica de robots y pulverizaci\u00f3n autom\u00e1tica, la capacidad de dise\u00f1o de 4000 piezas por turno;<br \/>\nTambi\u00e9n disponemos de una l\u00ednea semiautom\u00e1tica de producci\u00f3n de pintura para grandes cilindros accionada por cadena, con una capacidad de dise\u00f1o de 60 cajas por turno.<\/p>\n<p><img loading=\"lazy\" decoding=\"async\" class=\"alignnone wp-image-630\" src=\"https:\/\/hydraulic-cylinders.net\/wp-content\/uploads\/2023\/08\/hydraulic-cylinder-product-5-300x213.webp\" alt=\"\" width=\"366\" height=\"260\" \/> <img loading=\"lazy\" decoding=\"async\" class=\"alignnone wp-image-631\" src=\"https:\/\/hydraulic-cylinders.net\/wp-content\/uploads\/2023\/08\/hydraulic-cylinder-product-6-300x225.webp\" alt=\"\" width=\"347\" height=\"260\" \/><\/p>\n<h3>(5) Pruebas<\/h3>\n<p>Disponemos de instalaciones de inspecci\u00f3n y bancos de pruebas de primera clase para garantizar que el rendimiento del cilindro cumple los requisitos.<\/p>\n<p><img loading=\"lazy\" decoding=\"async\" class=\"alignnone wp-image-632\" src=\"https:\/\/hydraulic-cylinders.net\/wp-content\/uploads\/2023\/08\/hydraulic-cylinder-product-8-300x200.webp\" alt=\"\" width=\"389\" height=\"260\" \/><\/p>\n<p>&nbsp;<\/p>\n<p>&nbsp;<\/p>\n<p>Somos uno de los mejores fabricantes de cilindros hidr\u00e1ulicos. Ofrecemos cilindros hidr\u00e1ulicos integrales. Tambi\u00e9n proporcionamos... <a href=\"https:\/\/hzpt.com\/agricultural-pto-gearbox\/\" target=\"_blank\" rel=\"noopener\">cajas de cambios agr\u00edcolas<\/a>Hemos exportado nuestros productos a clientes de todo el mundo y nos hemos ganado una excelente reputaci\u00f3n gracias a nuestra excelente calidad y servicio posventa. Invitamos a clientes nacionales e internacionales a contactarnos para negociar negocios, intercambiar informaci\u00f3n y... <a href=\"https:\/\/www.hydraulic-cylinders.net\/es\/contact-us\/\">colabore con nosotros<\/a>!<\/p>","protected":false},"excerpt":{"rendered":"<p>Cement Equipment Vertical Mill Cylinder The cement equipment vertical mill cylinder is a crucial component in the cement manufacturing process, designed to improve efficiency and productivity in cement plants. This cylinder plays a vital role in vertical roller mills, which are widely used for grinding raw materials and clinker in the cement industry. The cement [&hellip;]<\/p>","protected":false},"featured_media":1730,"comment_status":"open","ping_status":"closed","template":"","meta":{"_et_pb_use_builder":"","_et_pb_old_content":"","_et_gb_content_width":""},"product_brand":[],"product_cat":[1520,1549],"product_tag":[1380],"class_list":{"0":"post-1728","1":"product","2":"type-product","3":"status-publish","4":"has-post-thumbnail","6":"product_cat-concrete-equipment-hydraulic-cylinders","7":"product_cat-single-acting-hydraulic-cylinder","8":"product_tag-hydraulic-cylinder","10":"first","11":"instock","12":"shipping-taxable","13":"product-type-simple"},"amp_enabled":true,"_links":{"self":[{"href":"https:\/\/www.hydraulic-cylinders.net\/es\/wp-json\/wp\/v2\/product\/1728","targetHints":{"allow":["GET"]}}],"collection":[{"href":"https:\/\/www.hydraulic-cylinders.net\/es\/wp-json\/wp\/v2\/product"}],"about":[{"href":"https:\/\/www.hydraulic-cylinders.net\/es\/wp-json\/wp\/v2\/types\/product"}],"replies":[{"embeddable":true,"href":"https:\/\/www.hydraulic-cylinders.net\/es\/wp-json\/wp\/v2\/comments?post=1728"}],"wp:featuredmedia":[{"embeddable":true,"href":"https:\/\/www.hydraulic-cylinders.net\/es\/wp-json\/wp\/v2\/media\/1730"}],"wp:attachment":[{"href":"https:\/\/www.hydraulic-cylinders.net\/es\/wp-json\/wp\/v2\/media?parent=1728"}],"wp:term":[{"taxonomy":"product_brand","embeddable":true,"href":"https:\/\/www.hydraulic-cylinders.net\/es\/wp-json\/wp\/v2\/product_brand?post=1728"},{"taxonomy":"product_cat","embeddable":true,"href":"https:\/\/www.hydraulic-cylinders.net\/es\/wp-json\/wp\/v2\/product_cat?post=1728"},{"taxonomy":"product_tag","embeddable":true,"href":"https:\/\/www.hydraulic-cylinders.net\/es\/wp-json\/wp\/v2\/product_tag?post=1728"}],"curies":[{"name":"wp","href":"https:\/\/api.w.org\/{rel}","templated":true}]}}