{"id":1731,"date":"2023-10-12T03:54:29","date_gmt":"2023-10-12T03:54:29","guid":{"rendered":"https:\/\/hydraulic-cylinders.net\/?post_type=product&#038;p=1731"},"modified":"2025-04-11T03:44:54","modified_gmt":"2025-04-11T03:44:54","slug":"cement-equipment-roll-over-cylinder","status":"publish","type":"product","link":"https:\/\/www.hydraulic-cylinders.net\/es\/producto\/cement-equipment-roll-over-cylinder\/","title":{"rendered":"Equipo de cemento Cilindro de volteo"},"content":{"rendered":"<h1 style=\"text-align: center;\"><strong>Equipo de cemento Cilindro de volteo<\/strong><\/h1>\n<p><img loading=\"lazy\" decoding=\"async\" class=\"aligncenter wp-image-1732\" src=\"https:\/\/hydraulic-cylinders.net\/wp-content\/uploads\/2023\/10\/roll-over-cylinder-1-300x300.webp\" alt=\"\" width=\"400\" height=\"400\" \/><\/p>\n<p>El cilindro de volteo para maquinaria de cemento es un componente esencial en las plantas cementeras, dise\u00f1ado para mejorar la seguridad y la eficiencia durante las diversas operaciones de manipulaci\u00f3n de materiales. Este cilindro especializado desempe\u00f1a un papel fundamental en equipos como hormigoneras y camiones hormigonera, permitiendo el control de la inclinaci\u00f3n y la rotaci\u00f3n del tambor.<\/p>\n<p>El cilindro antivuelco para maquinaria de cemento es fundamental en las plantas cementeras, ya que mejora la seguridad y la eficiencia durante la manipulaci\u00f3n de materiales. Gracias a su robusta construcci\u00f3n, control preciso, caracter\u00edsticas de seguridad y dise\u00f1o compacto, este cilindro permite la inclinaci\u00f3n y rotaci\u00f3n controladas de hormigoneras o camiones hormigoneros. Siguiendo los m\u00e9todos de uso y las pr\u00e1cticas de mantenimiento recomendadas, podr\u00e1 maximizar el rendimiento y la vida \u00fatil del cilindro antivuelco, lo que en \u00faltima instancia mejorar\u00e1 la seguridad, la productividad y la rentabilidad de sus operaciones de fabricaci\u00f3n de cemento.<\/p>\n<p>Caracter\u00edsticas clave del cilindro antivuelco para equipos de cemento:<\/p>\n<ol>\n<li>Construcci\u00f3n robusta:<\/li>\n<\/ol>\n<ul>\n<li>El cilindro de volteo para equipos de cemento est\u00e1 construido con materiales de alta calidad para garantizar durabilidad y fiabilidad en los exigentes entornos de las plantas de cemento.<\/li>\n<li>Puede soportar cargas pesadas y los rigores de las frecuentes inclinaciones y rotaciones sin comprometer su rendimiento.<\/li>\n<\/ul>\n<ol start=\"2\">\n<li>Control preciso:<\/li>\n<\/ol>\n<ul>\n<li>Este cilindro est\u00e1 dise\u00f1ado para proporcionar un control preciso sobre la inclinaci\u00f3n y rotaci\u00f3n de las hormigoneras o camiones hormigoneros.<\/li>\n<li>Permite a los operarios mantener la estabilidad y la precisi\u00f3n durante la descarga del material, contribuyendo a unas operaciones eficientes.<\/li>\n<\/ul>\n<ol start=\"3\">\n<li>Caracter\u00edsticas de seguridad:<\/li>\n<\/ol>\n<ul>\n<li>El cilindro antivuelco de los equipos de cemento incorpora elementos de seguridad como mecanismos de bloqueo integrados o v\u00e1lvulas de seguridad para evitar vuelcos o rotaciones accidentales.<\/li>\n<li>Estas caracter\u00edsticas proporcionan una capa adicional de protecci\u00f3n para los operadores, los equipos y el personal circundante.<\/li>\n<\/ul>\n<ol start=\"4\">\n<li>Dise\u00f1o compacto:<\/li>\n<\/ol>\n<ul>\n<li>El dise\u00f1o compacto del cilindro garantiza una integraci\u00f3n perfecta en los equipos de cemento existentes, minimizando la necesidad de modificaciones adicionales.<\/li>\n<li>Optimiza el aprovechamiento del espacio y permite un funcionamiento eficiente en espacios reducidos.<\/li>\n<\/ul>\n<h2><strong>Par\u00e1metro del cilindro de volteo del equipo de cemento:<\/strong><\/h2>\n<table border=\"1\" cellspacing=\"0\" cellpadding=\"0\">\n<tbody>\n<tr>\n<td>Nombre del producto<\/td>\n<td>Equipo de cemento Cilindro de volteo<\/td>\n<\/tr>\n<tr>\n<td>Caracter\u00edsticas:<\/td>\n<td>Elevaci\u00f3n y descenso del rodillo motriz<\/td>\n<\/tr>\n<tr>\n<td>Di\u00e1metro del orificio:<\/td>\n<td>180 mm \uff5e320 mm<\/td>\n<\/tr>\n<tr>\n<td>Di\u00e1metro de la varilla:<\/td>\n<td>110 mm \uff5e170 mm<br \/>\nCarrera: \u22646000 mm<\/td>\n<\/tr>\n<tr>\n<td>Fuerza de empuje:<\/td>\n<td>M\u00e1x. 1688 kN<br \/>\n(Di\u00e1metro del cilindro 320 mm \/ presi\u00f3n 21 MPa)<\/td>\n<\/tr>\n<tr>\n<td>Aplicaciones de cilindros de volteo para equipos de cemento:<\/td>\n<td>Equipos para cemento<\/td>\n<\/tr>\n<\/tbody>\n<\/table>\n<div><\/div>\n<div>\n<div class=\"txtboxL\">\n<div class=\"txtboxL\">Caracter\u00edsticas:<\/div>\n<div class=\"txtboxR\">Elevaci\u00f3n y descenso del rodillo motriz<\/div>\n<div class=\"txtboxL\">Especificaci\u00f3n:<\/div>\n<div class=\"txtboxR\">Di\u00e1metro del orificio: 180 mm \uff5e320 mm<br \/>\nDi\u00e1metro de la varilla: 110 mm \uff5e 170 mm<br \/>\nCarrera: \u22646000 mm<\/div>\n<div class=\"txtboxL\">Fuerza de empuje:<\/div>\n<div class=\"txtboxR\">M\u00e1x. 1688 kN<br \/>\n(Di\u00e1metro del cilindro 320 mm \/ presi\u00f3n 21 MPa)<\/div>\n<\/div>\n<\/div>\n<h2><strong>Equipos para cemento <\/strong><strong>F\u00e1brica de cilindros:<\/strong><\/h2>\n<p><img loading=\"lazy\" decoding=\"async\" class=\"alignnone wp-image-1734 size-full\" src=\"https:\/\/hydraulic-cylinders.net\/wp-content\/uploads\/2023\/10\/cement-equipment-cylinder-1.webp\" alt=\"\" width=\"1418\" height=\"946\" srcset=\"https:\/\/hydraulic-cylinders.net\/wp-content\/uploads\/2023\/10\/cement-equipment-cylinder-1.webp 1418w, https:\/\/hydraulic-cylinders.net\/wp-content\/uploads\/2023\/10\/cement-equipment-cylinder-1-1280x854.webp 1280w, https:\/\/hydraulic-cylinders.net\/wp-content\/uploads\/2023\/10\/cement-equipment-cylinder-1-980x654.webp 980w, https:\/\/hydraulic-cylinders.net\/wp-content\/uploads\/2023\/10\/cement-equipment-cylinder-1-480x320.webp 480w\" sizes=\"(min-width: 0px) and (max-width: 480px) 480px, (min-width: 481px) and (max-width: 980px) 980px, (min-width: 981px) and (max-width: 1280px) 1280px, (min-width: 1281px) 1418px, 100vw\" \/><\/p>\n<h2><strong>M\u00e9todo de uso del cilindro de volteo del equipo de cemento<\/strong><strong>:<\/strong><\/h2>\n<ol>\n<li><strong>Instalaci\u00f3n:<\/strong><\/li>\n<\/ol>\n<ul>\n<li>Siga las instrucciones del fabricante para instalar de forma segura el cilindro basculante del equipo de cemento en la hormigonera o el cami\u00f3n hormigonera.<\/li>\n<li>Aseg\u00farese de una correcta alineaci\u00f3n y fijaci\u00f3n para un funcionamiento seguro y fiable.<\/li>\n<\/ul>\n<ol start=\"2\">\n<li><strong>Conexi\u00f3n hidr\u00e1ulica:<\/strong><\/li>\n<\/ol>\n<ul>\n<li>Conecte el cilindro al sistema hidr\u00e1ulico del equipo utilizando los racores y mangueras adecuados.<\/li>\n<li>Verifique que todas las conexiones hidr\u00e1ulicas est\u00e9n seguras y sin fugas.<\/li>\n<\/ul>\n<ol start=\"3\">\n<li><strong>Operaci\u00f3n y control:<\/strong><\/li>\n<\/ol>\n<ul>\n<li>Accione el sistema hidr\u00e1ulico para activar el cilindro de vuelco del equipo de cemento.<\/li>\n<li>Utilice el panel de control o la interfaz para operar el cilindro, controlando la inclinaci\u00f3n y la rotaci\u00f3n del tambor.<\/li>\n<li>Siga las instrucciones del fabricante y las pr\u00e1cticas recomendadas para un funcionamiento seguro y eficiente.<\/li>\n<\/ul>\n<h2><strong>\u00bfC\u00f3mo desmontar el latiguillo del embrague hidr\u00e1ulico del cilindro maestro?<\/strong><\/h2>\n<p>Desconectar el latiguillo hidr\u00e1ulico del embrague del cilindro maestro requiere un procedimiento cuidadoso para evitar da\u00f1ar los componentes o provocar fugas. A continuaci\u00f3n, se presenta una gu\u00eda paso a paso sobre c\u00f3mo desconectar un latiguillo hidr\u00e1ulico del embrague del cilindro maestro:<\/p>\n<ol>\n<li><strong>Re\u00fane las herramientas necesarias:<\/strong>\n<ul>\n<li>Guantes y gafas de seguridad<\/li>\n<li>Llaves o llaves de tubo (del tama\u00f1o adecuado para los accesorios)<\/li>\n<li>Recoja cualquier l\u00edquido derramado en una sart\u00e9n o recipiente.<\/li>\n<li>trapos o toallas limpias<\/li>\n<\/ul>\n<\/li>\n<li><strong>Garantizar las precauciones de seguridad:<\/strong>\n<ul>\n<li>Ponte guantes y gafas de seguridad para protegerte de cualquier peligro potencial.<\/li>\n<li>Aseg\u00farese de que el motor est\u00e9 apagado y el veh\u00edculo en posici\u00f3n de estacionamiento o neutral, con el freno de estacionamiento activado.<\/li>\n<\/ul>\n<\/li>\n<li><strong>Localice el cilindro maestro:<\/strong>\n<ul>\n<li>El cilindro maestro del embrague hidr\u00e1ulico normalmente se encuentra cerca del cortafuegos, en el lado del conductor del compartimento del motor.<\/li>\n<li>Identifique el latiguillo del embrague que conecta con el cilindro maestro. Tendr\u00e1 racores en ambos extremos.<\/li>\n<\/ul>\n<\/li>\n<li><strong>Prep\u00e1rese para posibles fugas de fluidos:<\/strong>\n<ul>\n<li>Coloque una bandeja o recipiente debajo del cilindro maestro y la l\u00ednea del embrague para recoger cualquier fluido que pueda gotear durante el proceso de desmontaje.<\/li>\n<li>Ten a mano trapos o toallas limpias para limpiar cualquier derrame.<\/li>\n<\/ul>\n<\/li>\n<li><strong>Afloje los accesorios:<\/strong>\n<ul>\n<li>Utilice la llave inglesa o la llave de tubo adecuada para aflojar las conexiones en ambos extremos del tubo del embrague.<\/li>\n<li>Gire la llave en sentido contrario a las agujas del reloj para aflojar, pero tenga cuidado de no apretar demasiado ni forzar las conexiones, ya que pueden ser delicadas.<\/li>\n<\/ul>\n<\/li>\n<li><strong>Elimina la l\u00ednea:<\/strong>\n<ul>\n<li>Una vez aflojados los accesorios, desenrosque cuidadosamente a mano hasta que se separen completamente del cilindro maestro.<\/li>\n<li>Prep\u00e1rese para que gotee algo de l\u00edquido residual de la tuber\u00eda y los accesorios al retirarlos.<\/li>\n<\/ul>\n<\/li>\n<li><strong>Inspeccione la tuber\u00eda y los accesorios:<\/strong>\n<ul>\n<li>Examine el latiguillo y las conexiones del embrague para detectar cualquier signo de da\u00f1o, desgaste o fuga.<\/li>\n<li>Si se detecta alg\u00fan problema, se recomienda sustituir la tuber\u00eda o los accesorios antes de la reinstalaci\u00f3n.<\/li>\n<\/ul>\n<\/li>\n<li><strong>Selle el cilindro maestro:<\/strong>\n<ul>\n<li>Para evitar que entre aire o residuos en el cilindro maestro, cubra el orificio abierto con un trapo limpio o una tapa.<\/li>\n<\/ul>\n<\/li>\n<li><strong>Deseche el l\u00edquido correctamente:<\/strong>\n<ul>\n<li>Deseche el l\u00edquido recogido siguiendo las normativas locales o ll\u00e9velo a un centro de reciclaje apropiado.<\/li>\n<\/ul>\n<\/li>\n<\/ol>\n<h2><strong>Capacidad de la f\u00e1brica:<\/strong><\/h2>\n<h3>(1) Montaje<\/h3>\n<p>Contamos con una plataforma de ensamblaje independiente de primera clase para investigaci\u00f3n y desarrollo. El taller de producci\u00f3n de cilindros hidr\u00e1ulicos cuenta con cuatro l\u00edneas de ensamblaje de cilindros de elevaci\u00f3n semiautom\u00e1ticos y una l\u00ednea de ensamblaje de cilindros de inclinaci\u00f3n autom\u00e1ticos, con una capacidad de producci\u00f3n anual dise\u00f1ada de 1 mill\u00f3n de piezas. El taller de cilindros especiales est\u00e1 equipado con un sistema de ensamblaje de limpieza semiautom\u00e1tico de diversas especificaciones, con una capacidad de producci\u00f3n anual dise\u00f1ada de 200,000 unidades, y est\u00e1 equipado con reconocidos equipos de mecanizado CNC, un centro de mecanizado, equipos especiales de procesamiento de cilindros de alta precisi\u00f3n, una m\u00e1quina de soldadura robotizada, una m\u00e1quina de limpieza autom\u00e1tica, una m\u00e1quina de ensamblaje de cilindros autom\u00e1ticos y una l\u00ednea de producci\u00f3n de pintura autom\u00e1tica. Contamos con m\u00e1s de 300 equipos cr\u00edticos. La asignaci\u00f3n \u00f3ptima y el uso eficiente de los recursos de equipo garantizan la precisi\u00f3n y la alta calidad de los productos.<\/p>\n<p><img loading=\"lazy\" decoding=\"async\" class=\"alignnone wp-image-626\" src=\"https:\/\/hydraulic-cylinders.net\/wp-content\/uploads\/2023\/08\/hydraulic-cylinder-product-1-300x158.webp\" alt=\"\" width=\"495\" height=\"260\" srcset=\"https:\/\/hydraulic-cylinders.net\/wp-content\/uploads\/2023\/08\/hydraulic-cylinder-product-1-300x158.webp 495w, https:\/\/hydraulic-cylinders.net\/wp-content\/uploads\/2023\/08\/hydraulic-cylinder-product-1-480x252.webp 480w\" sizes=\"(min-width: 0px) and (max-width: 480px) 480px, (min-width: 481px) 495px, 100vw\" \/> <img loading=\"lazy\" decoding=\"async\" class=\"alignnone wp-image-627\" src=\"https:\/\/hydraulic-cylinders.net\/wp-content\/uploads\/2023\/08\/hydraulic-cylinder-product-2-300x189.webp\" alt=\"\" width=\"413\" height=\"260\" \/><\/p>\n<h3>(2) Mecanizado<\/h3>\n<p>El taller de mecanizado est\u00e1 equipado con un centro de torneado de carril inclinado personalizado, un centro de mecanizado, una m\u00e1quina de bru\u00f1ido de alta velocidad, un robot de soldadura y otros equipos relacionados, que pueden procesar tubos cil\u00edndricos con un di\u00e1metro interior m\u00e1ximo de 400 mm y una longitud m\u00e1xima de 6 metros.<\/p>\n<p><img loading=\"lazy\" decoding=\"async\" class=\"alignnone wp-image-628 size-large\" src=\"https:\/\/hydraulic-cylinders.net\/wp-content\/uploads\/2023\/08\/hydraulic-cylinder-product-3-1024x391.webp\" alt=\"\" width=\"1024\" height=\"391\" srcset=\"https:\/\/hydraulic-cylinders.net\/wp-content\/uploads\/2023\/08\/hydraulic-cylinder-product-3-980x374.webp 980w, https:\/\/hydraulic-cylinders.net\/wp-content\/uploads\/2023\/08\/hydraulic-cylinder-product-3-480x183.webp 480w\" sizes=\"(min-width: 0px) and (max-width: 480px) 480px, (min-width: 481px) and (max-width: 980px) 980px, (min-width: 981px) 1024px, 100vw\" \/><\/p>\n<h3>(3) Soldadura<\/h3>\n<p><img loading=\"lazy\" decoding=\"async\" class=\"alignnone wp-image-629 size-large\" src=\"https:\/\/hydraulic-cylinders.net\/wp-content\/uploads\/2023\/08\/hydraulic-cylinder-product-4-1024x510.webp\" alt=\"\" width=\"1024\" height=\"510\" srcset=\"https:\/\/hydraulic-cylinders.net\/wp-content\/uploads\/2023\/08\/hydraulic-cylinder-product-4-980x488.webp 980w, https:\/\/hydraulic-cylinders.net\/wp-content\/uploads\/2023\/08\/hydraulic-cylinder-product-4-480x239.webp 480w\" sizes=\"(min-width: 0px) and (max-width: 480px) 480px, (min-width: 481px) and (max-width: 980px) 980px, (min-width: 981px) 1024px, 100vw\" \/><\/p>\n<h3>(4) Pintura y revestimiento<\/h3>\n<p>Con peque\u00f1as y medianas l\u00edneas de cilindros autom\u00e1ticos de recubrimiento de pintura a base de agua, para lograr la carga y descarga autom\u00e1tica de robots y pulverizaci\u00f3n autom\u00e1tica, la capacidad de dise\u00f1o de 4000 piezas por turno;<br \/>\nTambi\u00e9n disponemos de una l\u00ednea semiautom\u00e1tica de producci\u00f3n de pintura para grandes cilindros accionada por cadena, con una capacidad de dise\u00f1o de 60 cajas por turno.<\/p>\n<p><img loading=\"lazy\" decoding=\"async\" class=\"alignnone wp-image-630\" src=\"https:\/\/hydraulic-cylinders.net\/wp-content\/uploads\/2023\/08\/hydraulic-cylinder-product-5-300x213.webp\" alt=\"\" width=\"366\" height=\"260\" \/> <img loading=\"lazy\" decoding=\"async\" class=\"alignnone wp-image-631\" src=\"https:\/\/hydraulic-cylinders.net\/wp-content\/uploads\/2023\/08\/hydraulic-cylinder-product-6-300x225.webp\" alt=\"\" width=\"347\" height=\"260\" \/><\/p>\n<h3>(5) Pruebas<\/h3>\n<p>Disponemos de instalaciones de inspecci\u00f3n y bancos de pruebas de primera clase para garantizar que el rendimiento del cilindro cumple los requisitos.<\/p>\n<p><img loading=\"lazy\" decoding=\"async\" class=\"alignnone wp-image-632\" src=\"https:\/\/hydraulic-cylinders.net\/wp-content\/uploads\/2023\/08\/hydraulic-cylinder-product-8-300x200.webp\" alt=\"\" width=\"389\" height=\"260\" \/><\/p>\n<p>&nbsp;<\/p>\n<p>&nbsp;<\/p>\n<p>Somos uno de los mejores fabricantes de cilindros hidr\u00e1ulicos. Ofrecemos cilindros hidr\u00e1ulicos integrales. Tambi\u00e9n proporcionamos... <a href=\"https:\/\/hzpt.com\/agricultural-pto-gearbox\/\" target=\"_blank\" rel=\"noopener\">cajas de cambios agr\u00edcolas<\/a>Hemos exportado nuestros productos a clientes de todo el mundo y nos hemos ganado una excelente reputaci\u00f3n gracias a nuestra excelente calidad y servicio posventa. Invitamos a clientes nacionales e internacionales a contactarnos para negociar negocios, intercambiar informaci\u00f3n y... <a href=\"https:\/\/www.hydraulic-cylinders.net\/es\/contact-us\/\">colabore con nosotros<\/a>!<\/p>","protected":false},"excerpt":{"rendered":"<p>Cement Equipment Roll Over Cylinder The cement equipment roll over cylinder is an essential component in cement plants, designed to enhance safety and efficiency during various material handling operations. This specialized cylinder plays a critical role in equipment such as cement mixers and concrete trucks, allowing for controlled tipping and rotation of the drum. The [&hellip;]<\/p>","protected":false},"featured_media":1733,"comment_status":"open","ping_status":"closed","template":"","meta":{"_et_pb_use_builder":"","_et_pb_old_content":"","_et_gb_content_width":""},"product_brand":[],"product_cat":[1520,1550],"product_tag":[1380],"class_list":{"0":"post-1731","1":"product","2":"type-product","3":"status-publish","4":"has-post-thumbnail","6":"product_cat-concrete-equipment-hydraulic-cylinders","7":"product_cat-double-acting-hydraulic-cylinder","8":"product_tag-hydraulic-cylinder","10":"first","11":"instock","12":"shipping-taxable","13":"product-type-simple"},"amp_enabled":true,"_links":{"self":[{"href":"https:\/\/www.hydraulic-cylinders.net\/es\/wp-json\/wp\/v2\/product\/1731","targetHints":{"allow":["GET"]}}],"collection":[{"href":"https:\/\/www.hydraulic-cylinders.net\/es\/wp-json\/wp\/v2\/product"}],"about":[{"href":"https:\/\/www.hydraulic-cylinders.net\/es\/wp-json\/wp\/v2\/types\/product"}],"replies":[{"embeddable":true,"href":"https:\/\/www.hydraulic-cylinders.net\/es\/wp-json\/wp\/v2\/comments?post=1731"}],"wp:featuredmedia":[{"embeddable":true,"href":"https:\/\/www.hydraulic-cylinders.net\/es\/wp-json\/wp\/v2\/media\/1733"}],"wp:attachment":[{"href":"https:\/\/www.hydraulic-cylinders.net\/es\/wp-json\/wp\/v2\/media?parent=1731"}],"wp:term":[{"taxonomy":"product_brand","embeddable":true,"href":"https:\/\/www.hydraulic-cylinders.net\/es\/wp-json\/wp\/v2\/product_brand?post=1731"},{"taxonomy":"product_cat","embeddable":true,"href":"https:\/\/www.hydraulic-cylinders.net\/es\/wp-json\/wp\/v2\/product_cat?post=1731"},{"taxonomy":"product_tag","embeddable":true,"href":"https:\/\/www.hydraulic-cylinders.net\/es\/wp-json\/wp\/v2\/product_tag?post=1731"}],"curies":[{"name":"wp","href":"https:\/\/api.w.org\/{rel}","templated":true}]}}