{"id":1752,"date":"2023-10-13T02:41:02","date_gmt":"2023-10-13T02:41:02","guid":{"rendered":"https:\/\/hydraulic-cylinders.net\/?post_type=product&#038;p=1752"},"modified":"2025-04-15T05:55:30","modified_gmt":"2025-04-15T05:55:30","slug":"cutter-suction-dredger-traveling-cylinders","status":"publish","type":"product","link":"https:\/\/www.hydraulic-cylinders.net\/es\/producto\/cutter-suction-dredger-traveling-cylinders\/","title":{"rendered":"Draga de succi\u00f3n con cortadora, cilindros m\u00f3viles"},"content":{"rendered":"<h1 style=\"text-align: center;\"><strong>Draga de succi\u00f3n con cortadora, cilindros m\u00f3viles<\/strong><\/h1>\n<p><img loading=\"lazy\" decoding=\"async\" class=\"aligncenter wp-image-1753\" src=\"https:\/\/hydraulic-cylinders.net\/wp-content\/uploads\/2023\/10\/cutter-suction-dredger-the-traveling-cylinders-1-300x300.webp\" alt=\"\" width=\"400\" height=\"400\" \/><\/p>\n<p>Los cilindros de desplazamiento de las dragas de succi\u00f3n con cortador son componentes esenciales de las operaciones de dragado modernas. Dise\u00f1ados para mejorar la eficiencia y la productividad, estos cilindros desempe\u00f1an un papel vital en el proceso de dragado con succi\u00f3n con cortador.<\/p>\n<p>Los cilindros de desplazamiento de la draga de succi\u00f3n con cortador son componentes indispensables para operaciones de dragado eficientes y productivas. Gracias a su robusta construcci\u00f3n, preciso movimiento de desplazamiento, potente propulsi\u00f3n y flexibles posibilidades de ajuste, estos cilindros permiten un movimiento suave y preciso de la draga, optimizando as\u00ed el rendimiento del dragado. Siguiendo las recomendaciones de uso y mantenimiento, los operadores pueden maximizar el rendimiento y la vida \u00fatil de los cilindros de desplazamiento, mejorando as\u00ed la eficiencia y la eficacia del proceso de dragado con succi\u00f3n con cortador.<\/p>\n<p>Caracter\u00edsticas principales de los cilindros m\u00f3viles de la draga de succi\u00f3n con cortador:<\/p>\n<ol>\n<li>Construcci\u00f3n robusta:<\/li>\n<\/ol>\n<ul>\n<li>Los cilindros viajeros est\u00e1n construidos con materiales de alta calidad, lo que garantiza durabilidad y longevidad incluso en condiciones de dragado dif\u00edciles.<br \/>\nEst\u00e1n dise\u00f1ados para soportar altas presiones, materiales abrasivos y movimiento constante, manteniendo un rendimiento constante durante las operaciones de dragado.<\/li>\n<\/ul>\n<ol start=\"2\">\n<li>Movimiento de desplazamiento preciso:<\/li>\n<\/ol>\n<ul>\n<li>Estos cilindros proporcionan un control preciso sobre el movimiento de desplazamiento de la draga de corte-succi\u00f3n, garantizando un posicionamiento preciso y un movimiento suave durante las actividades de dragado.<\/li>\n<li>Permiten la personalizaci\u00f3n de la velocidad de desplazamiento, permitiendo una navegaci\u00f3n eficiente a trav\u00e9s de diferentes terrenos y un posicionamiento preciso para un dragado efectivo.<\/li>\n<\/ul>\n<ol start=\"3\">\n<li>Propulsi\u00f3n potente:<\/li>\n<\/ol>\n<ul>\n<li>Los cilindros m\u00f3viles proporcionan una potente propulsi\u00f3n a la draga de corte y succi\u00f3n, lo que le permite moverse de manera suave y eficiente a trav\u00e9s del \u00e1rea de dragado.<\/li>\n<li>Ofrecen excelente empuje y tracci\u00f3n, lo que garantiza que la draga pueda superar la resistencia de los sedimentos y mantener un progreso constante.<\/li>\n<\/ul>\n<ol start=\"4\">\n<li>Ajuste flexible:<\/li>\n<\/ol>\n<ul>\n<li>Estos cilindros permiten un ajuste flexible de los par\u00e1metros de desplazamiento de la draga de succi\u00f3n y corte, como la velocidad, la direcci\u00f3n y la profundidad.<\/li>\n<li>Los operadores pueden adaptar el movimiento de la draga para satisfacer los requisitos de dragado espec\u00edficos y optimizar la eficiencia de la operaci\u00f3n general.<\/li>\n<\/ul>\n<h2><strong>Par\u00e1metros de los cilindros m\u00f3viles de la draga de succi\u00f3n con cortadora:<\/strong><\/h2>\n<table border=\"1\" cellspacing=\"0\" cellpadding=\"0\">\n<tbody>\n<tr>\n<td>Nombre del producto<\/td>\n<td>Cilindro de desplazamiento de la draga de succi\u00f3n con cortador<\/td>\n<\/tr>\n<tr>\n<td>Caracter\u00edsticas:<\/td>\n<td>Es el principal elemento ejecutivo del mecanismo de desplazamiento de la draga de corte-succi\u00f3n.<\/td>\n<\/tr>\n<tr>\n<td>Di\u00e1metro del orificio:<\/td>\n<td>Hasta 480 mm<\/td>\n<\/tr>\n<tr>\n<td>Di\u00e1metro de la varilla:<\/td>\n<td>Hasta 360 mm<br \/>\nCarrera hasta 9400 mm<\/td>\n<\/tr>\n<tr>\n<td>Presi\u00f3n:<\/td>\n<td>hasta 32 MPa<\/td>\n<\/tr>\n<tr>\n<td>Fuerza de empuje:<\/td>\n<td>M\u00e1ximo 2900KN<\/td>\n<\/tr>\n<tr>\n<td>Aplicaciones:<\/td>\n<td>Draga de succi\u00f3n con cortador<\/td>\n<\/tr>\n<\/tbody>\n<\/table>\n<div><\/div>\n<div>\n<div class=\"txtboxL\">\n<div class=\"txtboxL\">\n<div class=\"txtboxL\">\n<div class=\"txtboxL\">\n<div class=\"txtboxL\">\n<div class=\"txtboxL\">\n<div class=\"txtboxL\">\n<div class=\"txtboxL\">Caracter\u00edsticas:<\/div>\n<div class=\"txtboxR\">Es el principal elemento ejecutivo del mecanismo de desplazamiento de la draga de corte-succi\u00f3n.<\/div>\n<div class=\"txtboxL\">Especificaci\u00f3n:<\/div>\n<div class=\"txtboxR\">Di\u00e1metro del orificio: hasta 480 mm<br \/>\nDi\u00e1metro de la varilla: hasta 360 mm<br \/>\nCarrera hasta 9400 mm<\/div>\n<div class=\"txtboxL\">Presi\u00f3n:<\/div>\n<div class=\"txtboxR\">hasta 32 MPa<\/div>\n<div class=\"txtboxL\">Fuerza de empuje:<\/div>\n<div class=\"txtboxR\">M\u00e1ximo 2900KN<\/div>\n<\/div>\n<\/div>\n<\/div>\n<\/div>\n<\/div>\n<\/div>\n<\/div>\n<\/div>\n<h2><strong>Aplicaci\u00f3n de cilindros de succi\u00f3n y corte de tanques de draga:<\/strong><\/h2>\n<p><img loading=\"lazy\" decoding=\"async\" class=\"alignnone wp-image-1757 size-full\" src=\"https:\/\/hydraulic-cylinders.net\/wp-content\/uploads\/2023\/10\/dredger-tank-cylinder-1.webp\" alt=\"\" width=\"600\" height=\"400\" srcset=\"https:\/\/hydraulic-cylinders.net\/wp-content\/uploads\/2023\/10\/dredger-tank-cylinder-1.webp 600w, https:\/\/hydraulic-cylinders.net\/wp-content\/uploads\/2023\/10\/dredger-tank-cylinder-1-480x320.webp 480w\" sizes=\"(min-width: 0px) and (max-width: 480px) 480px, (min-width: 481px) 600px, 100vw\" \/><\/p>\n<h2><strong>M\u00e9todo de uso de los cilindros m\u00f3viles de la draga de succi\u00f3n con cortador<\/strong><strong>:<\/strong><\/h2>\n<ol>\n<li><strong>Instalaci\u00f3n:<\/strong><\/li>\n<\/ol>\n<ul>\n<li>Siga las instrucciones del fabricante para instalar los cilindros m\u00f3viles de forma segura en la draga de corte y succi\u00f3n.<\/li>\n<li>Aseg\u00farese de que la alineaci\u00f3n y la conexi\u00f3n al sistema de propulsi\u00f3n de la draga sean adecuadas, lo que permitir\u00e1 un movimiento de desplazamiento suave y confiable.<\/li>\n<\/ul>\n<ol start=\"2\">\n<li><strong>Control y navegaci\u00f3n:<\/strong><\/li>\n<\/ol>\n<ul>\n<li>Utilice el panel de control o la interfaz de la draga para controlar los par\u00e1metros de desplazamiento, como la velocidad, la direcci\u00f3n y la profundidad.<\/li>\n<li>Monitoree la posici\u00f3n de la draga y ajuste la velocidad de desplazamiento en consecuencia para garantizar un progreso eficiente y un posicionamiento preciso para las actividades de dragado.<\/li>\n<\/ul>\n<ol start=\"3\">\n<li><strong>Operaciones de dragado:<\/strong><\/li>\n<\/ol>\n<ul>\n<li>Inicie el proceso de dragado activando la draga de corte-succi\u00f3n y acoplando los cilindros de desplazamiento para la propulsi\u00f3n.<\/li>\n<li>Navegue la draga a trav\u00e9s del \u00e1rea de dragado, asegurando un progreso constante y un posicionamiento preciso para una excavaci\u00f3n efectiva y la extracci\u00f3n de material.<\/li>\n<li>Ajuste los par\u00e1metros de desplazamiento de la draga para optimizar el rendimiento del dragado y adaptarse a las condiciones cambiantes.<\/li>\n<\/ul>\n<h2><strong>\u00bfC\u00f3mo quitar el cilindro hidr\u00e1ulico del cargador frontal?<\/strong><\/h2>\n<p>Los pasos espec\u00edficos para retirar un cilindro hidr\u00e1ulico de una cargadora frontal pueden variar seg\u00fan la marca y el modelo de la cargadora. Sin embargo, puedo ofrecerle un procedimiento general que le servir\u00e1 como punto de partida. Aqu\u00ed tiene una gu\u00eda paso a paso:<\/p>\n<ol>\n<li><strong>Seguridad ante todo:<\/strong> Aseg\u00farese de que el cargador est\u00e9 apagado, el motor est\u00e9 en buen estado y el cargador est\u00e9 apoyado de forma segura sobre soportes de gato o bloques.<\/li>\n<li><strong>Localice el cilindro hidr\u00e1ulico:<\/strong> Identifique el cilindro hidr\u00e1ulico que desea retirar. Normalmente estar\u00e1 conectado al sistema hidr\u00e1ulico del cargador y su posici\u00f3n controlar\u00e1 el movimiento de una funci\u00f3n espec\u00edfica, como el cuchar\u00f3n o los brazos de elevaci\u00f3n.<\/li>\n<li><strong>Alivio de la presi\u00f3n hidr\u00e1ulica:<\/strong> Para evitar movimientos inesperados y garantizar su seguridad, libere la presi\u00f3n hidr\u00e1ulica del sistema. Esto generalmente implica localizar la v\u00e1lvula de control hidr\u00e1ulico de la cargadora y accionar los controles para liberar la presi\u00f3n. Consulte el manual de la cargadora para obtener instrucciones espec\u00edficas sobre c\u00f3mo realizar este paso.<\/li>\n<li><strong>Desconecte las mangueras hidr\u00e1ulicas:<\/strong> Desconecte con cuidado las mangueras hidr\u00e1ulicas conectadas al cilindro. Seg\u00fan el dise\u00f1o, esto puede implicar aflojar y retirar las conexiones hidr\u00e1ulicas o usar herramientas especializadas como llaves inglesas o juegos de llaves de vaso.<\/li>\n<li><strong>Retire los pasadores de retenci\u00f3n:<\/strong> Busque los pasadores o pernos de retenci\u00f3n que fijan el cilindro al chasis del cargador u otros componentes. Retire estos pasadores o pernos para liberar el cilindro.<\/li>\n<li><strong>Apoye el cilindro:<\/strong> Los cilindros hidr\u00e1ulicos pueden ser pesados, por lo que es importante contar con un plan para sujetarlos durante su extracci\u00f3n. Esto puede lograrse utilizando un dispositivo de elevaci\u00f3n, como un polipasto o un gato, para soportar el peso del cilindro mientras se retira.<\/li>\n<li><strong>Retire el cilindro:<\/strong> Con los pasadores o pernos de retenci\u00f3n retirados y el cilindro correctamente sujeto, desl\u00edcelo o manip\u00falelo con cuidado para extraerlo de sus soportes o conexiones. Tenga cuidado con cualquier resto de fluido hidr\u00e1ulico en el cilindro o las mangueras.<\/li>\n<li><strong>Inspeccionar y reemplazar:<\/strong> Una vez retirado el cilindro, inspecci\u00f3nelo para detectar cualquier signo de da\u00f1o o desgaste. Reemplace los sellos, juntas t\u00f3ricas u otros componentes antes de reinstalar el cilindro.<\/li>\n<\/ol>\n<h2><strong>Capacidad de la f\u00e1brica:<\/strong><\/h2>\n<h3>(1) Montaje<\/h3>\n<p>Contamos con una plataforma de ensamblaje independiente de primera clase para investigaci\u00f3n y desarrollo. El taller de producci\u00f3n de cilindros hidr\u00e1ulicos cuenta con cuatro l\u00edneas de ensamblaje de cilindros de elevaci\u00f3n semiautom\u00e1ticos y una l\u00ednea de ensamblaje de cilindros de inclinaci\u00f3n autom\u00e1ticos, con una capacidad de producci\u00f3n anual dise\u00f1ada de 1 mill\u00f3n de piezas. El taller de cilindros especiales est\u00e1 equipado con un sistema de ensamblaje de limpieza semiautom\u00e1tico de diversas especificaciones, con una capacidad de producci\u00f3n anual dise\u00f1ada de 200,000 unidades, y est\u00e1 equipado con reconocidos equipos de mecanizado CNC, un centro de mecanizado, equipos especiales de procesamiento de cilindros de alta precisi\u00f3n, una m\u00e1quina de soldadura robotizada, una m\u00e1quina de limpieza autom\u00e1tica, una m\u00e1quina de ensamblaje de cilindros autom\u00e1ticos y una l\u00ednea de producci\u00f3n de pintura autom\u00e1tica. Contamos con m\u00e1s de 300 equipos cr\u00edticos. La asignaci\u00f3n \u00f3ptima y el uso eficiente de los recursos de equipo garantizan la precisi\u00f3n y la alta calidad de los productos.<\/p>\n<p><img loading=\"lazy\" decoding=\"async\" class=\"alignnone wp-image-626\" src=\"https:\/\/hydraulic-cylinders.net\/wp-content\/uploads\/2023\/08\/hydraulic-cylinder-product-1-300x158.webp\" alt=\"\" width=\"495\" height=\"260\" srcset=\"https:\/\/hydraulic-cylinders.net\/wp-content\/uploads\/2023\/08\/hydraulic-cylinder-product-1-300x158.webp 495w, https:\/\/hydraulic-cylinders.net\/wp-content\/uploads\/2023\/08\/hydraulic-cylinder-product-1-480x252.webp 480w\" sizes=\"(min-width: 0px) and (max-width: 480px) 480px, (min-width: 481px) 495px, 100vw\" \/> <img loading=\"lazy\" decoding=\"async\" class=\"alignnone wp-image-627\" src=\"https:\/\/hydraulic-cylinders.net\/wp-content\/uploads\/2023\/08\/hydraulic-cylinder-product-2-300x189.webp\" alt=\"\" width=\"413\" height=\"260\" \/><\/p>\n<h3>(2) Mecanizado<\/h3>\n<p>El taller de mecanizado est\u00e1 equipado con un centro de torneado de carril inclinado personalizado, un centro de mecanizado, una m\u00e1quina de bru\u00f1ido de alta velocidad, un robot de soldadura y otros equipos relacionados, que pueden procesar tubos cil\u00edndricos con un di\u00e1metro interior m\u00e1ximo de 400 mm y una longitud m\u00e1xima de 6 metros.<\/p>\n<p><img loading=\"lazy\" decoding=\"async\" class=\"alignnone wp-image-628 size-large\" src=\"https:\/\/hydraulic-cylinders.net\/wp-content\/uploads\/2023\/08\/hydraulic-cylinder-product-3-1024x391.webp\" alt=\"\" width=\"1024\" height=\"391\" srcset=\"https:\/\/hydraulic-cylinders.net\/wp-content\/uploads\/2023\/08\/hydraulic-cylinder-product-3-980x374.webp 980w, https:\/\/hydraulic-cylinders.net\/wp-content\/uploads\/2023\/08\/hydraulic-cylinder-product-3-480x183.webp 480w\" sizes=\"(min-width: 0px) and (max-width: 480px) 480px, (min-width: 481px) and (max-width: 980px) 980px, (min-width: 981px) 1024px, 100vw\" \/><\/p>\n<h3>(3) Soldadura<\/h3>\n<p><img loading=\"lazy\" decoding=\"async\" class=\"alignnone wp-image-629 size-large\" src=\"https:\/\/hydraulic-cylinders.net\/wp-content\/uploads\/2023\/08\/hydraulic-cylinder-product-4-1024x510.webp\" alt=\"\" width=\"1024\" height=\"510\" srcset=\"https:\/\/hydraulic-cylinders.net\/wp-content\/uploads\/2023\/08\/hydraulic-cylinder-product-4-980x488.webp 980w, https:\/\/hydraulic-cylinders.net\/wp-content\/uploads\/2023\/08\/hydraulic-cylinder-product-4-480x239.webp 480w\" sizes=\"(min-width: 0px) and (max-width: 480px) 480px, (min-width: 481px) and (max-width: 980px) 980px, (min-width: 981px) 1024px, 100vw\" \/><\/p>\n<h3>(4) Pintura y revestimiento<\/h3>\n<p>Con peque\u00f1as y medianas l\u00edneas de cilindros autom\u00e1ticos de recubrimiento de pintura a base de agua, para lograr la carga y descarga autom\u00e1tica de robots y pulverizaci\u00f3n autom\u00e1tica, la capacidad de dise\u00f1o de 4000 piezas por turno;<br \/>\nTambi\u00e9n disponemos de una l\u00ednea semiautom\u00e1tica de producci\u00f3n de pintura para grandes cilindros accionada por cadena, con una capacidad de dise\u00f1o de 60 cajas por turno.<\/p>\n<p><img loading=\"lazy\" decoding=\"async\" class=\"alignnone wp-image-630\" src=\"https:\/\/hydraulic-cylinders.net\/wp-content\/uploads\/2023\/08\/hydraulic-cylinder-product-5-300x213.webp\" alt=\"\" width=\"366\" height=\"260\" \/> <img loading=\"lazy\" decoding=\"async\" class=\"alignnone wp-image-631\" src=\"https:\/\/hydraulic-cylinders.net\/wp-content\/uploads\/2023\/08\/hydraulic-cylinder-product-6-300x225.webp\" alt=\"\" width=\"347\" height=\"260\" \/><\/p>\n<h3>(5) Pruebas<\/h3>\n<p>Disponemos de instalaciones de inspecci\u00f3n y bancos de pruebas de primera clase para garantizar que el rendimiento del cilindro cumple los requisitos.<\/p>\n<p><img loading=\"lazy\" decoding=\"async\" class=\"alignnone wp-image-632\" src=\"https:\/\/hydraulic-cylinders.net\/wp-content\/uploads\/2023\/08\/hydraulic-cylinder-product-8-300x200.webp\" alt=\"\" width=\"389\" height=\"260\" \/><\/p>\n<p>&nbsp;<\/p>\n<p>&nbsp;<\/p>\n<p>Somos uno de los mejores fabricantes de cilindros hidr\u00e1ulicos. Ofrecemos cilindros hidr\u00e1ulicos integrales. Tambi\u00e9n proporcionamos... <a href=\"https:\/\/hzpt.com\/agricultural-pto-gearbox\/\" target=\"_blank\" rel=\"noopener\">cajas de cambios agr\u00edcolas<\/a>Hemos exportado nuestros productos a clientes de todo el mundo y nos hemos ganado una excelente reputaci\u00f3n gracias a nuestra excelente calidad y servicio posventa. Invitamos a clientes nacionales e internacionales a contactarnos para negociar negocios, intercambiar informaci\u00f3n y... <a href=\"https:\/\/www.hydraulic-cylinders.net\/es\/contact-us\/\">colabore con nosotros<\/a>!<\/p>","protected":false},"excerpt":{"rendered":"<p>Cutter Suction Dredger Traveling Cylinders The cutter suction dredger traveling cylinders are essential components of modern dredging operations. Designed to enhance efficiency and productivity, these cylinders play a vital role in the cutter-suction dredging process. The cutter suction dredger traveling cylinders are indispensable components for efficient and productive dredging operations. With their robust construction, precise [&hellip;]<\/p>","protected":false},"featured_media":1755,"comment_status":"open","ping_status":"closed","template":"","meta":{"_et_pb_use_builder":"","_et_pb_old_content":"","_et_gb_content_width":""},"product_brand":[],"product_cat":[1550,1535,1552,1376],"product_tag":[1380],"class_list":{"0":"post-1752","1":"product","2":"type-product","3":"status-publish","4":"has-post-thumbnail","6":"product_cat-double-acting-hydraulic-cylinder","7":"product_cat-dredger-hydraulic-cylinders","8":"product_cat-stainless-steel-hydraulic-cylinder","9":"product_cat-hydraulic-cylinder","10":"product_tag-hydraulic-cylinder","12":"first","13":"instock","14":"shipping-taxable","15":"product-type-simple"},"amp_enabled":true,"_links":{"self":[{"href":"https:\/\/www.hydraulic-cylinders.net\/es\/wp-json\/wp\/v2\/product\/1752","targetHints":{"allow":["GET"]}}],"collection":[{"href":"https:\/\/www.hydraulic-cylinders.net\/es\/wp-json\/wp\/v2\/product"}],"about":[{"href":"https:\/\/www.hydraulic-cylinders.net\/es\/wp-json\/wp\/v2\/types\/product"}],"replies":[{"embeddable":true,"href":"https:\/\/www.hydraulic-cylinders.net\/es\/wp-json\/wp\/v2\/comments?post=1752"}],"wp:featuredmedia":[{"embeddable":true,"href":"https:\/\/www.hydraulic-cylinders.net\/es\/wp-json\/wp\/v2\/media\/1755"}],"wp:attachment":[{"href":"https:\/\/www.hydraulic-cylinders.net\/es\/wp-json\/wp\/v2\/media?parent=1752"}],"wp:term":[{"taxonomy":"product_brand","embeddable":true,"href":"https:\/\/www.hydraulic-cylinders.net\/es\/wp-json\/wp\/v2\/product_brand?post=1752"},{"taxonomy":"product_cat","embeddable":true,"href":"https:\/\/www.hydraulic-cylinders.net\/es\/wp-json\/wp\/v2\/product_cat?post=1752"},{"taxonomy":"product_tag","embeddable":true,"href":"https:\/\/www.hydraulic-cylinders.net\/es\/wp-json\/wp\/v2\/product_tag?post=1752"}],"curies":[{"name":"wp","href":"https:\/\/api.w.org\/{rel}","templated":true}]}}