{"id":1758,"date":"2023-10-13T03:29:58","date_gmt":"2023-10-13T03:29:58","guid":{"rendered":"https:\/\/hydraulic-cylinders.net\/?post_type=product&#038;p=1758"},"modified":"2025-04-15T05:55:27","modified_gmt":"2025-04-15T05:55:27","slug":"cutter-suction-dredger-piling-cylinder","status":"publish","type":"product","link":"https:\/\/www.hydraulic-cylinders.net\/es\/producto\/cutter-suction-dredger-piling-cylinder\/","title":{"rendered":"Cilindro de pilotaje de draga de succi\u00f3n con cortador"},"content":{"rendered":"<h1 style=\"text-align: center;\"><strong>Cilindro de pilotaje de draga de succi\u00f3n con cortador<\/strong><\/h1>\n<p><img loading=\"lazy\" decoding=\"async\" class=\"aligncenter wp-image-1759\" src=\"https:\/\/hydraulic-cylinders.net\/wp-content\/uploads\/2023\/10\/cutter-suction-dredger-piling-cylinder-1-300x300.webp\" alt=\"\" width=\"400\" height=\"400\" \/><\/p>\n<p>El cilindro de pilotaje para draga de succi\u00f3n con cortador es un dispositivo hidr\u00e1ulico potente y vers\u00e1til, dise\u00f1ado espec\u00edficamente para proyectos de construcci\u00f3n marina. Gracias a su robusta construcci\u00f3n y alto rendimiento, este cilindro de pilotaje es un componente clave en las operaciones de dragado modernas.<\/p>\n<p>El cilindro de pilotaje para dragas de succi\u00f3n y corte es un dispositivo hidr\u00e1ulico confiable y vers\u00e1til que optimiza significativamente los proyectos de construcci\u00f3n naval. Gracias a su robusta construcci\u00f3n, carrera ajustable y potente sistema hidr\u00e1ulico, permite operaciones de pilotaje precisas y eficientes. Mediante el uso correcto y el mantenimiento regular, se puede maximizar la vida \u00fatil y el rendimiento de este componente esencial para las dragas de succi\u00f3n y corte. Invierta en el cilindro de pilotaje para dragas de succi\u00f3n y corte y experimente una mayor productividad y precisi\u00f3n en sus proyectos de construcci\u00f3n naval.<\/p>\n<p>Caracter\u00edsticas principales del cilindro de pilotaje de draga de succi\u00f3n con cortador:<\/p>\n<ol>\n<li>Construcci\u00f3n robusta: El cilindro de pilotaje de la draga de succi\u00f3n con cortador est\u00e1 dise\u00f1ado para soportar las exigentes condiciones del entorno marino. Fabricado con materiales de alta calidad, presenta una excelente resistencia a la corrosi\u00f3n, la abrasi\u00f3n y los impactos, lo que garantiza una larga durabilidad.<\/li>\n<li>Potencia hidr\u00e1ulica: Equipado con un sistema hidr\u00e1ulico de alto rendimiento, este cilindro de pilotaje ofrece una potencia y precisi\u00f3n impresionantes. Transfiere eficientemente la energ\u00eda hidr\u00e1ulica para impulsar la operaci\u00f3n de pilotaje, lo que se traduce en una mayor productividad y precisi\u00f3n.<\/li>\n<li>Longitud de carrera ajustable: El cilindro de pilotaje ofrece la flexibilidad de ajustar la longitud de carrera seg\u00fan los requisitos espec\u00edficos del proyecto. Esta adaptabilidad permite un control preciso de la profundidad de pilotaje, adapt\u00e1ndose a las diversas necesidades de la construcci\u00f3n marina.<\/li>\n<\/ol>\n<h2><strong>Par\u00e1metros del cilindro de pilotaje de la draga de succi\u00f3n con cortador:<\/strong><\/h2>\n<table border=\"1\" cellspacing=\"0\" cellpadding=\"0\">\n<tbody>\n<tr>\n<td>Nombre del producto<\/td>\n<td>Cilindro de desplazamiento de la draga de succi\u00f3n con cortador<\/td>\n<\/tr>\n<tr>\n<td>Caracter\u00edsticas:<\/td>\n<td>Es el principal elemento ejecutivo del mecanismo de desplazamiento de la draga de corte-succi\u00f3n.<\/td>\n<\/tr>\n<tr>\n<td>Di\u00e1metro del orificio:<\/td>\n<td>Hasta 480 mm<\/td>\n<\/tr>\n<tr>\n<td>Di\u00e1metro de la varilla:<\/td>\n<td>Hasta 360 mm<br \/>\nCarrera hasta 9400 mm<\/td>\n<\/tr>\n<tr>\n<td>Presi\u00f3n:<\/td>\n<td>hasta 32 MPa<\/td>\n<\/tr>\n<tr>\n<td>Fuerza de empuje:<\/td>\n<td>M\u00e1ximo 2900KN<\/td>\n<\/tr>\n<tr>\n<td>Aplicaciones:<\/td>\n<td>Draga de succi\u00f3n con cortador<\/td>\n<\/tr>\n<\/tbody>\n<\/table>\n<div><\/div>\n<div>\n<div class=\"txtboxL\">\n<div class=\"txtboxL\">\n<div class=\"txtboxL\">\n<div class=\"txtboxL\">\n<div class=\"txtboxL\">\n<div class=\"txtboxL\">\n<div class=\"txtboxL\">\n<div class=\"txtboxL\">Caracter\u00edsticas:<\/div>\n<div class=\"txtboxR\">Es el principal elemento ejecutivo del mecanismo de desplazamiento de la draga de corte-succi\u00f3n.<\/div>\n<div class=\"txtboxL\">Especificaci\u00f3n:<\/div>\n<div class=\"txtboxR\">Di\u00e1metro del orificio: hasta 480 mm<br \/>\nDi\u00e1metro de la varilla: hasta 360 mm<br \/>\nCarrera hasta 9400 mm<\/div>\n<div class=\"txtboxL\">Presi\u00f3n:<\/div>\n<div class=\"txtboxR\">hasta 32 MPa<\/div>\n<div class=\"txtboxL\">Fuerza de empuje:<\/div>\n<div class=\"txtboxR\">M\u00e1ximo 2900KN<\/div>\n<\/div>\n<\/div>\n<\/div>\n<\/div>\n<\/div>\n<\/div>\n<\/div>\n<\/div>\n<h2><strong>Aplicaci\u00f3n de cilindros de succi\u00f3n y corte de tanques de draga:<\/strong><\/h2>\n<p><img loading=\"lazy\" decoding=\"async\" class=\"alignnone wp-image-1757 size-full\" src=\"https:\/\/hydraulic-cylinders.net\/wp-content\/uploads\/2023\/10\/dredger-tank-cylinder-1.webp\" alt=\"\" width=\"600\" height=\"400\" srcset=\"https:\/\/hydraulic-cylinders.net\/wp-content\/uploads\/2023\/10\/dredger-tank-cylinder-1.webp 600w, https:\/\/hydraulic-cylinders.net\/wp-content\/uploads\/2023\/10\/dredger-tank-cylinder-1-480x320.webp 480w\" sizes=\"(min-width: 0px) and (max-width: 480px) 480px, (min-width: 481px) 600px, 100vw\" \/><\/p>\n<h2><strong>M\u00e9todo de uso del cilindro de pilotaje de la draga de succi\u00f3n con cortador<\/strong><strong>:<\/strong><\/h2>\n<ul>\n<li><strong>Preparaci\u00f3n:<\/strong> Antes de comenzar la operaci\u00f3n de pilotaje, aseg\u00farese de seguir todos los protocolos de seguridad. Inspeccione el cilindro de pilotaje, sus conexiones y el sistema hidr\u00e1ulico para detectar cualquier signo de da\u00f1o o fuga. Confirme que la fuente de alimentaci\u00f3n hidr\u00e1ulica est\u00e9 conectada correctamente y funcione correctamente.<\/li>\n<li><strong>Posicionamiento:<\/strong> Coloque el cilindro de pilotaje de la draga de succi\u00f3n con cortador en la ubicaci\u00f3n deseada. Alin\u00e9elo con el \u00e1rea objetivo, asegurando la estabilidad y el soporte adecuados.<\/li>\n<li><strong>Conexi\u00f3n:<\/strong> Conecte el cilindro de pilotaje a la fuente de energ\u00eda hidr\u00e1ulica mediante accesorios y mangueras compatibles. Confirme que las conexiones est\u00e9n firmes y sin fugas.<\/li>\n<li><strong>Ajuste de la longitud de la carrera:<\/strong> Ajuste la longitud de carrera deseada en el cilindro de apilado, considerando la profundidad requerida para la operaci\u00f3n. Ajuste la longitud de carrera utilizando los controles o mecanismos proporcionados, siguiendo las instrucciones del fabricante.<\/li>\n<li><strong>Operaci\u00f3n de pilotaje:<\/strong> Active la fuente de energ\u00eda hidr\u00e1ulica para iniciar la operaci\u00f3n de hincado. El cilindro de hincado de la draga de succi\u00f3n con cortador impulsar\u00e1 los pilotes hacia el lecho marino o fluvial. Supervise el proceso de cerca para garantizar que se alcance la profundidad y precisi\u00f3n deseadas.<\/li>\n<\/ul>\n<h2><strong>\u00bfC\u00f3mo reempacar un cilindro hidr\u00e1ulico?<\/strong><\/h2>\n<p>Reempacar un cilindro hidr\u00e1ulico implica reemplazar los sellos y otros componentes para restaurar su funcionalidad y evitar fugas. A continuaci\u00f3n, se presenta una gu\u00eda general sobre c\u00f3mo reempacar un cilindro hidr\u00e1ulico:<\/p>\n<ol>\n<li><strong>Precauciones de seguridad:<\/strong>\n<ul>\n<li>Aseg\u00farese de que el sistema hidr\u00e1ulico est\u00e9 despresurizado y que el cilindro est\u00e9 completamente extendido.<\/li>\n<li>Siga los procedimientos adecuados de bloqueo y etiquetado para evitar la activaci\u00f3n accidental del sistema.<\/li>\n<\/ul>\n<\/li>\n<li><strong>Extracci\u00f3n del cilindro:<\/strong>\n<ul>\n<li>Desconecte todas las mangueras o accesorios hidr\u00e1ulicos conectados al cilindro.<\/li>\n<li>Retire todos los pasadores o pernos de retenci\u00f3n que fijan el cilindro al equipo.<\/li>\n<li>Deslice o maniobre con cuidado el cilindro para sacarlo de sus soportes de montaje o conexiones.<\/li>\n<\/ul>\n<\/li>\n<li><strong>Desmontaje:<\/strong>\n<ul>\n<li>Coloque el cilindro sobre una superficie de trabajo limpia.<\/li>\n<li>Retire la(s) tapa(s) del extremo del cilindro utilizando herramientas adecuadas, como llaves inglesas o juegos de vasos.<\/li>\n<li>Tenga en cuenta el orden y la orientaci\u00f3n de los componentes a medida que los desmonta.<\/li>\n<li>Retire el pist\u00f3n, la varilla y los sellos del cuerpo del cilindro.<\/li>\n<\/ul>\n<\/li>\n<li><strong>Reemplazo del sello:<\/strong>\n<ul>\n<li>Inspeccione los sellos viejos para detectar da\u00f1os o desgaste y reempl\u00e1celos por otros nuevos del mismo tama\u00f1o y tipo.<\/li>\n<li>Lubrique los sellos nuevos con aceite hidr\u00e1ulico antes de instalarlos.<\/li>\n<li>Inserte con cuidado los nuevos sellos en sus ranuras, asegur\u00e1ndose de que est\u00e9n correctamente asentados.<\/li>\n<\/ul>\n<\/li>\n<li><strong>Inspecci\u00f3n y limpieza de componentes:<\/strong>\n<ul>\n<li>Inspeccione el pist\u00f3n, la varilla y otros componentes para detectar cualquier signo de da\u00f1o o desgaste.<\/li>\n<li>Limpie todas las piezas a fondo utilizando un disolvente de limpieza adecuado para eliminar la suciedad, los residuos y los residuos de l\u00edquido hidr\u00e1ulico.<\/li>\n<li>Aseg\u00farese de que todas las superficies est\u00e9n secas antes de volver a montar.<\/li>\n<\/ul>\n<\/li>\n<li><strong>Reensamblaje:<\/strong>\n<ul>\n<li>Instale el pist\u00f3n, la varilla y los sellos nuevamente en el cuerpo del cilindro, siguiendo el orden y la orientaci\u00f3n correctos.<\/li>\n<li>Aplique una capa fina de aceite hidr\u00e1ulico a los sellos y otras superficies de contacto.<\/li>\n<li>Vuelva a colocar con cuidado las tapas de los extremos y apri\u00e9telas firmemente seg\u00fan las especificaciones del fabricante.<\/li>\n<li>Aseg\u00farese de que todas las conexiones roscadas est\u00e9n correctamente alineadas y apretadas.<\/li>\n<\/ul>\n<\/li>\n<li><strong>Reinstalaci\u00f3n del cilindro:<\/strong>\n<ul>\n<li>Deslice o maniobre el cilindro reensamblado nuevamente dentro de sus soportes de montaje o conexiones.<\/li>\n<li>Vuelva a colocar los pasadores o pernos de retenci\u00f3n para asegurar el cilindro en su lugar.<\/li>\n<li>Vuelva a conectar las mangueras o conexiones hidr\u00e1ulicas al cilindro, asegur\u00e1ndose de que est\u00e9n correctamente alineadas y ajustadas.<\/li>\n<\/ul>\n<\/li>\n<li><strong>Pruebas e inspecci\u00f3n:<\/strong>\n<ul>\n<li>Vuelva a presurizar el sistema hidr\u00e1ulico y verifique que no haya fugas ni funcionamiento anormal.<\/li>\n<li>Extienda y retraiga completamente el cilindro para garantizar un movimiento suave y un funcionamiento adecuado.<\/li>\n<li>Inspeccione el cilindro y sus conexiones para detectar fugas u otros problemas.<\/li>\n<\/ul>\n<\/li>\n<\/ol>\n<h2><strong>Capacidad de la f\u00e1brica:<\/strong><\/h2>\n<h3>(1) Montaje<\/h3>\n<p>Contamos con una plataforma de ensamblaje independiente de primera clase para investigaci\u00f3n y desarrollo. El taller de producci\u00f3n de cilindros hidr\u00e1ulicos cuenta con cuatro l\u00edneas de ensamblaje de cilindros de elevaci\u00f3n semiautom\u00e1ticos y una l\u00ednea de ensamblaje de cilindros de inclinaci\u00f3n autom\u00e1ticos, con una capacidad de producci\u00f3n anual dise\u00f1ada de 1 mill\u00f3n de piezas. El taller de cilindros especiales est\u00e1 equipado con un sistema de ensamblaje de limpieza semiautom\u00e1tico de diversas especificaciones, con una capacidad de producci\u00f3n anual dise\u00f1ada de 200,000 unidades, y est\u00e1 equipado con reconocidos equipos de mecanizado CNC, un centro de mecanizado, equipos especiales de procesamiento de cilindros de alta precisi\u00f3n, una m\u00e1quina de soldadura robotizada, una m\u00e1quina de limpieza autom\u00e1tica, una m\u00e1quina de ensamblaje de cilindros autom\u00e1ticos y una l\u00ednea de producci\u00f3n de pintura autom\u00e1tica. Contamos con m\u00e1s de 300 equipos cr\u00edticos. La asignaci\u00f3n \u00f3ptima y el uso eficiente de los recursos de equipo garantizan la precisi\u00f3n y la alta calidad de los productos.<\/p>\n<p><img loading=\"lazy\" decoding=\"async\" class=\"alignnone wp-image-626\" src=\"https:\/\/hydraulic-cylinders.net\/wp-content\/uploads\/2023\/08\/hydraulic-cylinder-product-1-300x158.webp\" alt=\"\" width=\"495\" height=\"260\" srcset=\"https:\/\/hydraulic-cylinders.net\/wp-content\/uploads\/2023\/08\/hydraulic-cylinder-product-1-300x158.webp 495w, https:\/\/hydraulic-cylinders.net\/wp-content\/uploads\/2023\/08\/hydraulic-cylinder-product-1-480x252.webp 480w\" sizes=\"(min-width: 0px) and (max-width: 480px) 480px, (min-width: 481px) 495px, 100vw\" \/> <img loading=\"lazy\" decoding=\"async\" class=\"alignnone wp-image-627\" src=\"https:\/\/hydraulic-cylinders.net\/wp-content\/uploads\/2023\/08\/hydraulic-cylinder-product-2-300x189.webp\" alt=\"\" width=\"413\" height=\"260\" \/><\/p>\n<h3>(2) Mecanizado<\/h3>\n<p>El taller de mecanizado est\u00e1 equipado con un centro de torneado de carril inclinado personalizado, un centro de mecanizado, una m\u00e1quina de bru\u00f1ido de alta velocidad, un robot de soldadura y otros equipos relacionados, que pueden procesar tubos cil\u00edndricos con un di\u00e1metro interior m\u00e1ximo de 400 mm y una longitud m\u00e1xima de 6 metros.<\/p>\n<p><img loading=\"lazy\" decoding=\"async\" class=\"alignnone wp-image-628 size-large\" src=\"https:\/\/hydraulic-cylinders.net\/wp-content\/uploads\/2023\/08\/hydraulic-cylinder-product-3-1024x391.webp\" alt=\"\" width=\"1024\" height=\"391\" srcset=\"https:\/\/hydraulic-cylinders.net\/wp-content\/uploads\/2023\/08\/hydraulic-cylinder-product-3-980x374.webp 980w, https:\/\/hydraulic-cylinders.net\/wp-content\/uploads\/2023\/08\/hydraulic-cylinder-product-3-480x183.webp 480w\" sizes=\"(min-width: 0px) and (max-width: 480px) 480px, (min-width: 481px) and (max-width: 980px) 980px, (min-width: 981px) 1024px, 100vw\" \/><\/p>\n<h3>(3) Soldadura<\/h3>\n<p><img loading=\"lazy\" decoding=\"async\" class=\"alignnone wp-image-629 size-large\" src=\"https:\/\/hydraulic-cylinders.net\/wp-content\/uploads\/2023\/08\/hydraulic-cylinder-product-4-1024x510.webp\" alt=\"\" width=\"1024\" height=\"510\" srcset=\"https:\/\/hydraulic-cylinders.net\/wp-content\/uploads\/2023\/08\/hydraulic-cylinder-product-4-980x488.webp 980w, https:\/\/hydraulic-cylinders.net\/wp-content\/uploads\/2023\/08\/hydraulic-cylinder-product-4-480x239.webp 480w\" sizes=\"(min-width: 0px) and (max-width: 480px) 480px, (min-width: 481px) and (max-width: 980px) 980px, (min-width: 981px) 1024px, 100vw\" \/><\/p>\n<h3>(4) Pintura y revestimiento<\/h3>\n<p>Con peque\u00f1as y medianas l\u00edneas de cilindros autom\u00e1ticos de recubrimiento de pintura a base de agua, para lograr la carga y descarga autom\u00e1tica de robots y pulverizaci\u00f3n autom\u00e1tica, la capacidad de dise\u00f1o de 4000 piezas por turno;<br \/>\nTambi\u00e9n disponemos de una l\u00ednea semiautom\u00e1tica de producci\u00f3n de pintura para grandes cilindros accionada por cadena, con una capacidad de dise\u00f1o de 60 cajas por turno.<\/p>\n<p><img loading=\"lazy\" decoding=\"async\" class=\"alignnone wp-image-630\" src=\"https:\/\/hydraulic-cylinders.net\/wp-content\/uploads\/2023\/08\/hydraulic-cylinder-product-5-300x213.webp\" alt=\"\" width=\"366\" height=\"260\" \/> <img loading=\"lazy\" decoding=\"async\" class=\"alignnone wp-image-631\" src=\"https:\/\/hydraulic-cylinders.net\/wp-content\/uploads\/2023\/08\/hydraulic-cylinder-product-6-300x225.webp\" alt=\"\" width=\"347\" height=\"260\" \/><\/p>\n<h3>(5) Pruebas<\/h3>\n<p>Disponemos de instalaciones de inspecci\u00f3n y bancos de pruebas de primera clase para garantizar que el rendimiento del cilindro cumple los requisitos.<\/p>\n<p><img loading=\"lazy\" decoding=\"async\" class=\"alignnone wp-image-632\" src=\"https:\/\/hydraulic-cylinders.net\/wp-content\/uploads\/2023\/08\/hydraulic-cylinder-product-8-300x200.webp\" alt=\"\" width=\"389\" height=\"260\" \/><\/p>\n<p>&nbsp;<\/p>\n<p>&nbsp;<\/p>\n<p>Somos uno de los mejores fabricantes de cilindros hidr\u00e1ulicos. Ofrecemos cilindros hidr\u00e1ulicos integrales. Tambi\u00e9n proporcionamos... <a href=\"https:\/\/hzpt.com\/agricultural-pto-gearbox\/\" target=\"_blank\" rel=\"noopener\">cajas de cambios agr\u00edcolas<\/a>Hemos exportado nuestros productos a clientes de todo el mundo y nos hemos ganado una excelente reputaci\u00f3n gracias a nuestra excelente calidad y servicio posventa. Invitamos a clientes nacionales e internacionales a contactarnos para negociar negocios, intercambiar informaci\u00f3n y... <a href=\"https:\/\/www.hydraulic-cylinders.net\/es\/contact-us\/\">colabore con nosotros<\/a>!<\/p>","protected":false},"excerpt":{"rendered":"<p>Cutter Suction Dredger Piling Cylinder The cutter suction dredger piling cylinder is a powerful and versatile hydraulic device designed specifically for marine construction projects. With its robust construction and high-performance capabilities, this piling cylinder is a key component in modern dredging operations. The cutter suction dredger piling cylinder is a reliable and versatile hydraulic device [&hellip;]<\/p>","protected":false},"featured_media":1760,"comment_status":"open","ping_status":"closed","template":"","meta":{"_et_pb_use_builder":"","_et_pb_old_content":"","_et_gb_content_width":""},"product_brand":[],"product_cat":[1535,1549,1552,1376],"product_tag":[1380],"class_list":{"0":"post-1758","1":"product","2":"type-product","3":"status-publish","4":"has-post-thumbnail","6":"product_cat-dredger-hydraulic-cylinders","7":"product_cat-single-acting-hydraulic-cylinder","8":"product_cat-stainless-steel-hydraulic-cylinder","9":"product_cat-hydraulic-cylinder","10":"product_tag-hydraulic-cylinder","12":"first","13":"instock","14":"shipping-taxable","15":"product-type-simple"},"amp_enabled":true,"_links":{"self":[{"href":"https:\/\/www.hydraulic-cylinders.net\/es\/wp-json\/wp\/v2\/product\/1758","targetHints":{"allow":["GET"]}}],"collection":[{"href":"https:\/\/www.hydraulic-cylinders.net\/es\/wp-json\/wp\/v2\/product"}],"about":[{"href":"https:\/\/www.hydraulic-cylinders.net\/es\/wp-json\/wp\/v2\/types\/product"}],"replies":[{"embeddable":true,"href":"https:\/\/www.hydraulic-cylinders.net\/es\/wp-json\/wp\/v2\/comments?post=1758"}],"wp:featuredmedia":[{"embeddable":true,"href":"https:\/\/www.hydraulic-cylinders.net\/es\/wp-json\/wp\/v2\/media\/1760"}],"wp:attachment":[{"href":"https:\/\/www.hydraulic-cylinders.net\/es\/wp-json\/wp\/v2\/media?parent=1758"}],"wp:term":[{"taxonomy":"product_brand","embeddable":true,"href":"https:\/\/www.hydraulic-cylinders.net\/es\/wp-json\/wp\/v2\/product_brand?post=1758"},{"taxonomy":"product_cat","embeddable":true,"href":"https:\/\/www.hydraulic-cylinders.net\/es\/wp-json\/wp\/v2\/product_cat?post=1758"},{"taxonomy":"product_tag","embeddable":true,"href":"https:\/\/www.hydraulic-cylinders.net\/es\/wp-json\/wp\/v2\/product_tag?post=1758"}],"curies":[{"name":"wp","href":"https:\/\/api.w.org\/{rel}","templated":true}]}}