{"id":17606,"date":"2025-03-18T06:59:19","date_gmt":"2025-03-18T06:59:19","guid":{"rendered":"https:\/\/www.hydraulic-cylinders.net\/?post_type=product&#038;p=17606"},"modified":"2025-04-11T01:44:46","modified_gmt":"2025-04-11T01:44:46","slug":"lift-hydraulic-cylinders-for-forward-moving-forklift","status":"publish","type":"product","link":"https:\/\/www.hydraulic-cylinders.net\/es\/producto\/lift-hydraulic-cylinders-for-forward-moving-forklift\/","title":{"rendered":"Cilindros hidr\u00e1ulicos de elevaci\u00f3n para montacargas de avance"},"content":{"rendered":"<h1 style=\"text-align: center;\"><strong>Cilindros hidr\u00e1ulicos de elevaci\u00f3n para montacargas de avance<\/strong><\/h1>\n<p>Los cilindros hidr\u00e1ulicos de elevaci\u00f3n son componentes esenciales de las carretillas elevadoras de avance, ya que proporcionan la potencia de elevaci\u00f3n necesaria para manipular cargas pesadas con eficiencia. Estos cilindros convierten la presi\u00f3n hidr\u00e1ulica en fuerza mec\u00e1nica, lo que permite a las carretillas elevadoras elevar y descender cargas con precisi\u00f3n. Su dise\u00f1o robusto y su rendimiento fiable los hacen indispensables en diversas aplicaciones industriales, mejorando la productividad y la seguridad.<\/p>\n<p>Los cilindros hidr\u00e1ulicos de elevaci\u00f3n son vitales para el funcionamiento eficiente de las carretillas elevadoras de avance. Su alta capacidad de carga, construcci\u00f3n duradera y funcionamiento suave los hacen indispensables en diversas aplicaciones industriales. Al comprender sus caracter\u00edsticas, m\u00e9todos de uso adecuados y requisitos de mantenimiento, los operadores pueden maximizar el rendimiento y la seguridad de sus equipos, mejorando as\u00ed la productividad en las tareas de manipulaci\u00f3n de materiales. Invertir en cilindros hidr\u00e1ulicos de elevaci\u00f3n de alta calidad garantiza operaciones fiables y eficientes, cruciales para el \u00e9xito de cualquier negocio.<\/p>\n<h1 style=\"text-align: center;\"><img loading=\"lazy\" decoding=\"async\" class=\"alignnone wp-image-17609\" src=\"https:\/\/www.hydraulic-cylinders.net\/wp-content\/uploads\/2025\/03\/Lift-hydraulic-cylinders-for-Forward-moving-forklift--scaled.webp\" alt=\"\" width=\"500\" height=\"500\" \/><\/h1>\n<p style=\"text-align: center;\"><strong>Cilindros hidr\u00e1ulicos de elevaci\u00f3n de transpaletas<\/strong><\/p>\n<h2><strong>Cilindros hidr\u00e1ulicos de elevaci\u00f3n para montacargas de avance <\/strong><strong>Especificaciones t\u00e9cnicas<\/strong><strong>:<\/strong><\/h2>\n<p><strong>Funci\u00f3n:<\/strong> Para lograr la acci\u00f3n de elevaci\u00f3n y descenso del p\u00f3rtico<br \/>\n<strong>Di\u00e1metro del cilindro:<\/strong> 45 mm-75 mm<br \/>\n<strong>Di\u00e1metro de la varilla:<\/strong> 45 mm-65 mm<br \/>\n<strong>Viajar:<\/strong> 500 mm-3980 mm<br \/>\n<strong>Presi\u00f3n m\u00e1xima:<\/strong> 21 MPa<br \/>\n<strong>Empuje m\u00e1ximo:<\/strong> 93 kN<\/p>\n<h2><strong>Serie de cilindros para montacargas de avance:\u00a0<\/strong><\/h2>\n<h2><img loading=\"lazy\" decoding=\"async\" class=\"alignnone size-full wp-image-17611\" src=\"https:\/\/www.hydraulic-cylinders.net\/wp-content\/uploads\/2025\/03\/Forward-moving-forklift-hydraulic-cylinders-construction.webp\" alt=\"Construcci\u00f3n de cilindros hidr\u00e1ulicos para montacargas de avance\" width=\"1100\" height=\"615\" srcset=\"https:\/\/www.hydraulic-cylinders.net\/wp-content\/uploads\/2025\/03\/Forward-moving-forklift-hydraulic-cylinders-construction.webp 1100w, https:\/\/www.hydraulic-cylinders.net\/wp-content\/uploads\/2025\/03\/Forward-moving-forklift-hydraulic-cylinders-construction-980x548.webp 980w, https:\/\/www.hydraulic-cylinders.net\/wp-content\/uploads\/2025\/03\/Forward-moving-forklift-hydraulic-cylinders-construction-480x268.webp 480w\" sizes=\"(min-width: 0px) and (max-width: 480px) 480px, (min-width: 481px) and (max-width: 980px) 980px, (min-width: 981px) 1100px, 100vw\" \/><\/h2>\n<h2><strong>Caracter\u00edsticas principales de los cilindros hidr\u00e1ulicos de elevaci\u00f3n para carretillas elevadoras de avance<\/strong><strong>:<\/strong><\/h2>\n<ul>\n<li><strong>Alta capacidad de carga:<\/strong> Los cilindros hidr\u00e1ulicos de elevaci\u00f3n est\u00e1n dise\u00f1ados espec\u00edficamente para manipular pesos considerables, proporcionando la resistencia necesaria para elevar cargas pesadas de forma segura. Esta capacidad es crucial para prevenir accidentes, ya que garantiza que la carretilla elevadora funcione dentro de sus l\u00edmites de carga. Al facilitar la manipulaci\u00f3n eficiente de materiales, estos cilindros mejoran la productividad y reducen el tiempo necesario para las tareas de elevaci\u00f3n, permitiendo a los operadores concentrarse en otras actividades esenciales.<\/li>\n<li><strong>Construcci\u00f3n duradera:<\/strong> Fabricados con materiales de alta resistencia, los cilindros hidr\u00e1ulicos de elevaci\u00f3n resisten el desgaste incluso en los entornos m\u00e1s exigentes. Su dise\u00f1o robusto no solo garantiza un rendimiento duradero, sino que tambi\u00e9n minimiza significativamente el riesgo de fallos mec\u00e1nicos. Esta durabilidad se traduce en menores costes de mantenimiento y menor tiempo de inactividad, lo que convierte a estos cilindros en una opci\u00f3n rentable para empresas que buscan equipos fiables que resistan las exigencias del uso diario.<\/li>\n<li><strong>Funcionamiento suave:<\/strong> El sistema hidr\u00e1ulico de estos cilindros proporciona una elevaci\u00f3n y descenso uniformes y suaves, vital para mantener la estabilidad de la carga. Al minimizar las sacudidas y vibraciones durante la operaci\u00f3n, los cilindros hidr\u00e1ulicos de elevaci\u00f3n mejoran la seguridad tanto del operador como del personal circundante. Este funcionamiento suave tambi\u00e9n contribuye a un mejor control al manipular materiales sensibles o fr\u00e1giles, garantizando su seguridad durante todo el proceso de elevaci\u00f3n.<\/li>\n<li><strong>Dise\u00f1o compacto:<\/strong> Los cilindros hidr\u00e1ulicos de elevaci\u00f3n est\u00e1n disponibles en una variedad de tama\u00f1os para adaptarse a diferentes modelos de montacargas, lo que permite una integraci\u00f3n perfecta en equipos existentes. Este dise\u00f1o compacto no compromete la maniobrabilidad del veh\u00edculo, lo que permite a los operadores desplazarse f\u00e1cilmente en espacios reducidos. La adaptabilidad de estos cilindros garantiza su uso en diversas aplicaciones sin necesidad de realizar modificaciones significativas en el montacargas.<\/li>\n<li><strong>Aplicaciones vers\u00e1tiles:<\/strong> Estos cilindros hidr\u00e1ulicos son adecuados para una amplia gama de industrias, como la log\u00edstica, la fabricaci\u00f3n y la construcci\u00f3n. Su versatilidad los adapta a diversas necesidades operativas, desde el apilado y la recuperaci\u00f3n en almacenes hasta la elevaci\u00f3n de cargas pesadas en obras de construcci\u00f3n. Esta amplia aplicabilidad permite a las empresas aprovechar los cilindros hidr\u00e1ulicos de elevaci\u00f3n en m\u00faltiples entornos, optimizando sus procesos de manipulaci\u00f3n de materiales y mejorando la eficiencia general.<\/li>\n<\/ul>\n<h2><strong>Casos de uso de cilindros hidr\u00e1ulicos de elevaci\u00f3n para carretillas elevadoras de avance<\/strong><strong>:<\/strong><\/h2>\n<p>Los cilindros hidr\u00e1ulicos de elevaci\u00f3n desempe\u00f1an un papel crucial en la mejora de la funcionalidad y la eficiencia de las carretillas elevadoras de avance. A continuaci\u00f3n, se presentan algunos casos de uso clave que resaltan su importancia en diversas industrias:<\/p>\n<h3>1. <strong>Operaciones de almac\u00e9n<\/strong><\/h3>\n<p>En almacenes, los cilindros hidr\u00e1ulicos de elevaci\u00f3n permiten que las carretillas elevadoras apilen y extraigan pal\u00e9s a diferentes alturas. Esta capacidad optimiza el espacio de almacenamiento vertical y permite un acceso r\u00e1pido al inventario, agilizando las operaciones y mejorando la eficiencia general.<\/p>\n<h3>2. <strong>Carga y descarga<\/strong><\/h3>\n<p>Los cilindros hidr\u00e1ulicos de elevaci\u00f3n facilitan la carga y descarga de mercanc\u00edas de camiones y contenedores. Al permitir que las carretillas elevadoras eleven y bajen cargas con suavidad, minimizan el riesgo de da\u00f1os a los productos y reducen el tiempo dedicado a estas tareas, mejorando as\u00ed la productividad general.<\/p>\n<h3>3. <strong>Preparaci\u00f3n de pedidos<\/strong><\/h3>\n<p>En entornos donde la preparaci\u00f3n de pedidos es esencial, los cilindros hidr\u00e1ulicos permiten que las carretillas elevadoras se posicionen con precisi\u00f3n a la altura necesaria para acceder a art\u00edculos espec\u00edficos. Esta funcionalidad mejora la precisi\u00f3n en el procesamiento de pedidos y aumenta la eficiencia operativa general.<\/p>\n<h3>4. <strong>Cross-Docking<\/strong><\/h3>\n<p>En las operaciones de cross-docking, donde los productos se transfieren directamente del transporte de entrada al de salida, los cilindros hidr\u00e1ulicos de elevaci\u00f3n ayudan a mover los pal\u00e9s con rapidez y eficiencia. Esto reduce el tiempo de manipulaci\u00f3n y garantiza un flujo fluido de mercanc\u00edas a trav\u00e9s de la cadena de suministro.<\/p>\n<h3>5. <strong>Instalaciones de fabricaci\u00f3n<\/strong><\/h3>\n<p>En entornos de fabricaci\u00f3n, los cilindros hidr\u00e1ulicos de elevaci\u00f3n facilitan el transporte de materias primas y productos terminados entre las diferentes etapas de producci\u00f3n. Su capacidad para elevar art\u00edculos pesados \u200b\u200bde forma segura mejora el flujo de trabajo y la productividad en las l\u00edneas de montaje.<\/p>\n<p>\u00bfBusca cilindros para montacargas de alta resistencia? Consulte nuestros <a href=\"https:\/\/www.hydraulic-cylinders.net\/es\/forklift-hydraulic-cylinder\/\">Cilindros hidr\u00e1ulicos de servicio pesado<\/a>.<\/p>\n<h2><strong>\u00c1rea de producci\u00f3n de cilindros para montacargas:<\/strong><\/h2>\n<h2><img loading=\"lazy\" decoding=\"async\" class=\"alignnone size-full wp-image-16972\" src=\"https:\/\/www.hydraulic-cylinders.net\/wp-content\/uploads\/2025\/01\/hydraulic-cylinder-factory-1-scaled.webp\" sizes=\"(min-width: 0px) and (max-width: 480px) 480px, (min-width: 481px) and (max-width: 980px) 980px, (min-width: 981px) and (max-width: 1280px) 1280px, (min-width: 1281px) 2016px, 100vw\" srcset=\"https:\/\/www.hydraulic-cylinders.net\/wp-content\/uploads\/2025\/01\/hydraulic-cylinder-factory-1-scaled.webp 2016w, https:\/\/www.hydraulic-cylinders.net\/wp-content\/uploads\/2025\/01\/hydraulic-cylinder-factory-1-1280x1625.webp 1280w, https:\/\/www.hydraulic-cylinders.net\/wp-content\/uploads\/2025\/01\/hydraulic-cylinder-factory-1-980x1244.webp 980w, https:\/\/www.hydraulic-cylinders.net\/wp-content\/uploads\/2025\/01\/hydraulic-cylinder-factory-1-480x610.webp 480w\" alt=\"\" width=\"2016\" height=\"2560\" \/><\/h2>\n<p>Contamos con una plataforma independiente de I+D de primera clase para el ensamblaje. El taller de producci\u00f3n de cilindros para carretillas elevadoras cuenta con cuatro l\u00edneas de ensamblaje de cilindros de elevaci\u00f3n semiautom\u00e1ticas y una l\u00ednea de ensamblaje de cilindros de inclinaci\u00f3n totalmente autom\u00e1tica, con una capacidad de producci\u00f3n anual dise\u00f1ada de un mill\u00f3n de piezas. El taller de cilindros especiales cuenta con sistemas semiautom\u00e1ticos de limpieza y ensamblaje de diversas especificaciones, con una capacidad de producci\u00f3n anual dise\u00f1ada de 200.000 piezas. Est\u00e1 equipado con equipos de mecanizado CNC de marcas reconocidas, centros de mecanizado, equipos especiales para el procesamiento de cilindros de alta precisi\u00f3n, m\u00e1quinas de soldadura robotizadas, m\u00e1quinas de limpieza autom\u00e1ticas, m\u00e1quinas de ensamblaje autom\u00e1tico de cilindros y l\u00edneas de producci\u00f3n de pintura autom\u00e1ticas. Contamos con m\u00e1s de 300 equipos clave en funcionamiento. La asignaci\u00f3n optimizada y el uso eficiente de los recursos de los equipos garantizan la precisi\u00f3n de los productos y cumplen con los altos est\u00e1ndares de calidad.<\/p>\n<p>El taller de mecanizado est\u00e1 equipado con centros de torneado de carriles gu\u00eda inclinados hechos a medida, centros de mecanizado, bru\u00f1idoras de alta velocidad, robots de soldadura y otros equipos relevantes, que pueden manejar el trabajo de mecanizado de tubos cil\u00edndricos con un di\u00e1metro interior m\u00e1ximo de 400 mm y una longitud m\u00e1xima de 6 metros.<\/p>\n<h2><img loading=\"lazy\" decoding=\"async\" class=\"alignnone size-full wp-image-16973\" src=\"https:\/\/www.hydraulic-cylinders.net\/wp-content\/uploads\/2025\/01\/hydraulic-cylinder-factory-2-scaled.webp\" sizes=\"(min-width: 0px) and (max-width: 480px) 480px, (min-width: 481px) and (max-width: 980px) 980px, (min-width: 981px) and (max-width: 1280px) 1280px, (min-width: 1281px) 2011px, 100vw\" srcset=\"https:\/\/www.hydraulic-cylinders.net\/wp-content\/uploads\/2025\/01\/hydraulic-cylinder-factory-2-scaled.webp 2011w, https:\/\/www.hydraulic-cylinders.net\/wp-content\/uploads\/2025\/01\/hydraulic-cylinder-factory-2-1280x1629.webp 1280w, https:\/\/www.hydraulic-cylinders.net\/wp-content\/uploads\/2025\/01\/hydraulic-cylinder-factory-2-980x1248.webp 980w, https:\/\/www.hydraulic-cylinders.net\/wp-content\/uploads\/2025\/01\/hydraulic-cylinder-factory-2-480x611.webp 480w\" alt=\"\" width=\"2011\" height=\"2560\" \/><\/h2>\n<p>Contamos con una l\u00ednea de recubrimiento de pintura a base de agua totalmente autom\u00e1tica para cilindros peque\u00f1os y medianos, que incorpora robots de carga y descarga autom\u00e1ticos y pulverizaci\u00f3n autom\u00e1tica, con una capacidad de producci\u00f3n dise\u00f1ada para 4000 cajas por turno. Contamos con otra l\u00ednea de pintura semiautom\u00e1tica para cilindros de gran tama\u00f1o, accionada por cadena de transmisi\u00f3n, con una capacidad dise\u00f1ada para 60 cajas por turno.<\/p>\n<p>Para mejorar a\u00fan m\u00e1s el rendimiento del producto y establecer la posici\u00f3n de liderazgo de nuestros cilindros hidr\u00e1ulicos en la industria, nuestra empresa y zjimee establecieron conjuntamente un laboratorio de rendimiento integral de cilindros hidr\u00e1ulicos, v\u00e1lvulas hidr\u00e1ulicas y bombas hidr\u00e1ulicas; el laboratorio es una prueba asistido por computadora que utiliza tecnolog\u00eda electrohidr\u00e1ulica, las condiciones de prueba son preestablecidas por una computadora que mejora la precisi\u00f3n de la prueba y la versatilidad del sistema y los datos experimentales.<\/p>\n<p>La recolecci\u00f3n autom\u00e1tica se realiza mediante sensores, y los datos de salida, como la fuga interna y la eficiencia de carga del cilindro o la v\u00e1lvula, son procesados \u200b\u200bdirectamente por la computadora y convertidos a unidades est\u00e1ndar (ml\/min \u2264 ...<br \/>\nEficiencia y fugas internas mediante lecturas. Adem\u00e1s, est\u00e1 equipado con un instrumento de medici\u00f3n de rejilla que cumple con los requisitos de todos los elementos de prueba de cilindros hidr\u00e1ulicos seg\u00fan la norma nacional.<\/p>","protected":false},"excerpt":{"rendered":"<p>Lift Hydraulic Cylinders For Forward Moving Forklift Lift hydraulic cylinders are essential components of forward moving forklifts, providing the necessary lifting power to handle heavy loads efficiently. These cylinders convert hydraulic pressure into mechanical force, enabling forklifts to raise and lower loads with precision. Their robust design and reliable performance make them indispensable in various [&hellip;]<\/p>","protected":false},"featured_media":17610,"comment_status":"open","ping_status":"closed","template":"","meta":{"_et_pb_use_builder":"","_et_pb_old_content":"","_et_gb_content_width":""},"product_brand":[],"product_cat":[1484,1549],"product_tag":[],"class_list":{"0":"post-17606","1":"product","2":"type-product","3":"status-publish","4":"has-post-thumbnail","6":"product_cat-forklift-hydraulic-cylinders","7":"product_cat-single-acting-hydraulic-cylinder","9":"first","10":"instock","11":"shipping-taxable","12":"product-type-simple"},"amp_enabled":true,"_links":{"self":[{"href":"https:\/\/www.hydraulic-cylinders.net\/es\/wp-json\/wp\/v2\/product\/17606","targetHints":{"allow":["GET"]}}],"collection":[{"href":"https:\/\/www.hydraulic-cylinders.net\/es\/wp-json\/wp\/v2\/product"}],"about":[{"href":"https:\/\/www.hydraulic-cylinders.net\/es\/wp-json\/wp\/v2\/types\/product"}],"replies":[{"embeddable":true,"href":"https:\/\/www.hydraulic-cylinders.net\/es\/wp-json\/wp\/v2\/comments?post=17606"}],"wp:featuredmedia":[{"embeddable":true,"href":"https:\/\/www.hydraulic-cylinders.net\/es\/wp-json\/wp\/v2\/media\/17610"}],"wp:attachment":[{"href":"https:\/\/www.hydraulic-cylinders.net\/es\/wp-json\/wp\/v2\/media?parent=17606"}],"wp:term":[{"taxonomy":"product_brand","embeddable":true,"href":"https:\/\/www.hydraulic-cylinders.net\/es\/wp-json\/wp\/v2\/product_brand?post=17606"},{"taxonomy":"product_cat","embeddable":true,"href":"https:\/\/www.hydraulic-cylinders.net\/es\/wp-json\/wp\/v2\/product_cat?post=17606"},{"taxonomy":"product_tag","embeddable":true,"href":"https:\/\/www.hydraulic-cylinders.net\/es\/wp-json\/wp\/v2\/product_tag?post=17606"}],"curies":[{"name":"wp","href":"https:\/\/api.w.org\/{rel}","templated":true}]}}