{"id":1761,"date":"2023-10-13T05:50:50","date_gmt":"2023-10-13T05:50:50","guid":{"rendered":"https:\/\/hydraulic-cylinders.net\/?post_type=product&#038;p=1761"},"modified":"2025-04-15T05:55:24","modified_gmt":"2025-04-15T05:55:24","slug":"cutter-suction-dredger-inverted-pile-cylinder","status":"publish","type":"product","link":"https:\/\/www.hydraulic-cylinders.net\/es\/producto\/cutter-suction-dredger-inverted-pile-cylinder\/","title":{"rendered":"Draga de succi\u00f3n con cortadora, cilindro de pilotes invertidos"},"content":{"rendered":"<h1 style=\"text-align: center;\"><strong>Draga de succi\u00f3n con cortadora, cilindro de pilotes invertidos<\/strong><\/h1>\n<p><img loading=\"lazy\" decoding=\"async\" class=\"aligncenter wp-image-1763\" src=\"https:\/\/hydraulic-cylinders.net\/wp-content\/uploads\/2023\/10\/cutter-suction-dredger-inverted-pile-cylinder-1-300x300.webp\" alt=\"\" width=\"400\" height=\"400\" \/><\/p>\n<p>El cilindro de pilote invertido para draga de succi\u00f3n con cortador es un dispositivo hidr\u00e1ulico revolucionario que transforma los proyectos de construcci\u00f3n naval. Con su dise\u00f1o innovador y rendimiento excepcional, este cilindro es crucial para las operaciones de dragado modernas.<\/p>\n<p>El cilindro de pilote invertido para draga de succi\u00f3n y corte ha revolucionado la construcci\u00f3n naval al ofrecer un rendimiento excepcional en operaciones de pilotaje. Su dise\u00f1o invertido, su capacidad de alta presi\u00f3n y su resistencia a la corrosi\u00f3n lo convierten en un dispositivo hidr\u00e1ulico confiable y duradero. Mediante m\u00e9todos de uso adecuados y un mantenimiento regular, los profesionales de la construcci\u00f3n naval pueden maximizar la eficiencia y precisi\u00f3n de sus proyectos. Aproveche la potencia del cilindro de pilote invertido para draga de succi\u00f3n y corte y experimente la diferencia que puede marcar en sus proyectos de construcci\u00f3n naval.<\/p>\n<p>Caracter\u00edsticas principales del cilindro de pilote invertido de la draga de succi\u00f3n con cortador:<\/p>\n<ul>\n<li>Dise\u00f1o invertido: El cilindro de pilotaje invertido de la draga de succi\u00f3n con cortador presenta una configuraci\u00f3n invertida \u00fanica, con el v\u00e1stago del pist\u00f3n extendi\u00e9ndose hacia abajo desde el cilindro. Este dise\u00f1o permite operaciones de pilotaje eficientes y precisas en entornos marinos.<\/li>\n<li>Capacidad de alta presi\u00f3n: Este cilindro est\u00e1 dise\u00f1ado para soportar condiciones de alta presi\u00f3n, lo que garantiza un rendimiento fiable y robusto incluso en proyectos de construcci\u00f3n marina exigentes. Proporciona la potencia y la fuerza necesarias para hincar pilotes en el lecho marino con una precisi\u00f3n excepcional.<\/li>\n<li>Resistencia a la corrosi\u00f3n: Fabricado con materiales de alta calidad, el cilindro de pilote invertido ofrece una excelente resistencia a la corrosi\u00f3n, la oxidaci\u00f3n y la abrasi\u00f3n. Esta caracter\u00edstica aumenta su durabilidad, lo que lo hace ideal para un uso prolongado en condiciones marinas adversas.<\/li>\n<\/ul>\n<h2><strong>Par\u00e1metros del cilindro de pilote invertido de la draga de succi\u00f3n con cortador:<\/strong><\/h2>\n<table border=\"1\" cellspacing=\"0\" cellpadding=\"0\">\n<tbody>\n<tr>\n<td>Nombre del producto<\/td>\n<td>Draga de succi\u00f3n con cortadora, cilindro de pilotes invertidos<\/td>\n<\/tr>\n<tr>\n<td>Caracter\u00edsticas:<\/td>\n<td>Proporciona fuerza de empuje y tracci\u00f3n para retraer y desplegar el pilote de acero.<\/td>\n<\/tr>\n<tr>\n<td>Di\u00e1metro del orificio:<\/td>\n<td>Hasta 620 mm<\/td>\n<\/tr>\n<tr>\n<td>Di\u00e1metro de la varilla:<\/td>\n<td>Hasta 360 mm<br \/>\nCarrera hasta 5200 mm<\/td>\n<\/tr>\n<tr>\n<td>Presi\u00f3n:<\/td>\n<td>hasta 32 MPa<\/td>\n<\/tr>\n<tr>\n<td>Fuerza de empuje:<\/td>\n<td>M\u00e1ximo 7500KN<\/td>\n<\/tr>\n<tr>\n<td>Fuerza de tracci\u00f3n:<\/td>\n<td>M\u00e1ximo 5000KN<\/td>\n<\/tr>\n<tr>\n<td>Aplicaciones:<\/td>\n<td>Draga de succi\u00f3n con cortador<\/td>\n<\/tr>\n<\/tbody>\n<\/table>\n<div><\/div>\n<div>\n<div class=\"txtboxL\">Caracter\u00edsticas:<\/div>\n<div class=\"txtboxR\">Proporciona fuerza de empuje y tracci\u00f3n para retraer y desplegar el pilote de acero.<\/div>\n<div class=\"txtboxL\">Especificaci\u00f3n:<\/div>\n<div class=\"txtboxR\">Di\u00e1metro del orificio: hasta 620 mm<br \/>\nDi\u00e1metro de la varilla: hasta 360 mm<br \/>\nCarrera hasta 5200 mm<\/div>\n<div class=\"txtboxL\">Presi\u00f3n:<\/div>\n<div class=\"txtboxR\">hasta 32 MPa<\/div>\n<div class=\"txtboxL\">Fuerza de empuje:<\/div>\n<div class=\"txtboxR\">M\u00e1ximo 7500KN<\/div>\n<div class=\"txtboxL\">Fuerza de tracci\u00f3n:<\/div>\n<div class=\"txtboxR\">M\u00e1ximo 5000KN<\/div>\n<\/div>\n<h2><strong>Aplicaci\u00f3n de cilindros de succi\u00f3n y corte de tanques de draga:<\/strong><\/h2>\n<p><img loading=\"lazy\" decoding=\"async\" class=\"alignnone wp-image-1757 size-full\" src=\"https:\/\/hydraulic-cylinders.net\/wp-content\/uploads\/2023\/10\/dredger-tank-cylinder-1.webp\" alt=\"\" width=\"600\" height=\"400\" srcset=\"https:\/\/hydraulic-cylinders.net\/wp-content\/uploads\/2023\/10\/dredger-tank-cylinder-1.webp 600w, https:\/\/hydraulic-cylinders.net\/wp-content\/uploads\/2023\/10\/dredger-tank-cylinder-1-480x320.webp 480w\" sizes=\"(min-width: 0px) and (max-width: 480px) 480px, (min-width: 481px) 600px, 100vw\" \/><\/p>\n<h2><strong>M\u00e9todo de uso de la draga de succi\u00f3n con cortador de cilindro de pilote invertido<\/strong><strong>:<\/strong><\/h2>\n<ul>\n<li><strong>Preparaci\u00f3n:<\/strong> Antes de utilizar el cilindro de pilote invertido de la draga de succi\u00f3n con cortador, aseg\u00farese de que se hayan tomado todas las precauciones de seguridad. Realice una inspecci\u00f3n visual para verificar que el cilindro y sus componentes est\u00e9n en buen estado, sin da\u00f1os ni fugas.<\/li>\n<li><strong>Posicionamiento:<\/strong> Coloque el cilindro en la ubicaci\u00f3n deseada para el apilamiento. Aseg\u00farese de que est\u00e9 firmemente fijado a la draga u otro equipo, proporcionando estabilidad y soporte durante la operaci\u00f3n.<\/li>\n<li><strong>Conexi\u00f3n:<\/strong> Conecte las mangueras o accesorios hidr\u00e1ulicos a los puertos correspondientes del cilindro y a la fuente de alimentaci\u00f3n hidr\u00e1ulica. Confirme que las conexiones est\u00e9n firmes, sin fugas y correctamente alineadas.<\/li>\n<li><strong>Ajuste de la longitud de la carrera:<\/strong> Ajuste la longitud de carrera del cilindro seg\u00fan la profundidad de apilado requerida. Esto suele hacerse mediante los controles o mecanismos incluidos. Siga las instrucciones del fabricante para asegurar un ajuste preciso.<\/li>\n<li><strong>Operaci\u00f3n de pilotaje:<\/strong> Active la fuente de energ\u00eda hidr\u00e1ulica para iniciar la operaci\u00f3n de hincado de pilotes. El cilindro de pilotes invertidos de la draga de succi\u00f3n con cortador ejercer\u00e1 una fuerza controlada para hincar los pilotes en el lecho marino. Supervise el proceso de cerca para garantizar que se alcance la profundidad y precisi\u00f3n deseadas.<\/li>\n<\/ul>\n<h2><strong>\u00bfC\u00f3mo reemplazar los sellos en un cilindro hidr\u00e1ulico?<\/strong><\/h2>\n<p>Reemplazar los sellos de un cilindro hidr\u00e1ulico es una tarea de mantenimiento com\u00fan que ayuda a restaurar su rendimiento y prevenir fugas. Aqu\u00ed tiene una gu\u00eda paso a paso sobre c\u00f3mo reemplazar los sellos de un cilindro hidr\u00e1ulico:<\/p>\n<ol>\n<li><strong>Precauciones de seguridad:<\/strong>\n<ul>\n<li>Aseg\u00farese de que el sistema hidr\u00e1ulico est\u00e9 despresurizado y que el cilindro est\u00e9 completamente extendido.<\/li>\n<li>Siga los procedimientos adecuados de bloqueo y etiquetado para evitar la activaci\u00f3n accidental del sistema.<\/li>\n<\/ul>\n<\/li>\n<li><strong>Extracci\u00f3n del cilindro:<\/strong>\n<ul>\n<li>Desconecte todas las mangueras o accesorios hidr\u00e1ulicos conectados al cilindro.<\/li>\n<li>Retire todos los pasadores o pernos de retenci\u00f3n que fijan el cilindro al equipo.<\/li>\n<li>Deslice o maniobre con cuidado el cilindro para sacarlo de sus soportes de montaje o conexiones.<\/li>\n<\/ul>\n<\/li>\n<li><strong>Identificaci\u00f3n del sello:<\/strong>\n<ul>\n<li>Identifique los tipos y tama\u00f1os de los sellos que deben reemplazarse. Esta informaci\u00f3n se puede encontrar en la documentaci\u00f3n del cilindro o midiendo los sellos viejos.<\/li>\n<\/ul>\n<\/li>\n<li><strong>Desmontaje:<\/strong>\n<ul>\n<li>Coloque el cilindro sobre una superficie de trabajo limpia.<\/li>\n<li>Retire la(s) tapa(s) del extremo del cilindro utilizando herramientas adecuadas, como llaves inglesas o juegos de vasos.<\/li>\n<li>Retire con cuidado el pist\u00f3n, la varilla y los sellos viejos del cuerpo del cilindro.<\/li>\n<li>Tenga en cuenta el orden y la orientaci\u00f3n de los componentes a medida que los desmonta.<\/li>\n<\/ul>\n<\/li>\n<li><strong>Eliminaci\u00f3n del sello:<\/strong>\n<ul>\n<li>Retire con cuidado los sellos viejos de sus respectivas ranuras utilizando herramientas de extracci\u00f3n de sellos o p\u00faas.<\/li>\n<li>Tenga cuidado de no da\u00f1ar el orificio del cilindro ni otras superficies durante este proceso.<\/li>\n<\/ul>\n<\/li>\n<li><strong>Limpieza e inspecci\u00f3n:<\/strong>\n<ul>\n<li>Limpie el cilindro, el pist\u00f3n, la biela y otros componentes utilizando un disolvente de limpieza adecuado para eliminar suciedad, residuos y residuos de l\u00edquido hidr\u00e1ulico.<\/li>\n<li>Inspeccione todas las piezas para detectar signos de da\u00f1o o desgaste, como rayaduras, picaduras o grietas.<\/li>\n<li>Reemplace cualquier componente da\u00f1ado o desgastado seg\u00fan sea necesario.<\/li>\n<\/ul>\n<\/li>\n<li><strong>Instalaci\u00f3n del nuevo sello:<\/strong>\n<ul>\n<li>Lubrique los sellos nuevos con aceite hidr\u00e1ulico antes de instalarlos.<\/li>\n<li>Inserte con cuidado los nuevos sellos en sus respectivas ranuras, asegur\u00e1ndose de que est\u00e9n correctamente asentados.<\/li>\n<li>Utilice herramientas de instalaci\u00f3n de sellos o m\u00e9todos improvisados \u200b\u200badecuados para presionar los sellos de manera uniforme en su lugar.<\/li>\n<li>Tenga cuidado de no da\u00f1ar los sellos durante el proceso de instalaci\u00f3n.<\/li>\n<\/ul>\n<\/li>\n<li><strong>Reensamblaje:<\/strong>\n<ul>\n<li>Instale el pist\u00f3n, la varilla y los sellos nuevamente en el cuerpo del cilindro, siguiendo el orden y la orientaci\u00f3n correctos.<\/li>\n<li>Aplique una capa fina de aceite hidr\u00e1ulico a los sellos y otras superficies de contacto.<\/li>\n<li>Vuelva a colocar con cuidado las tapas de los extremos y apri\u00e9telas firmemente seg\u00fan las especificaciones del fabricante.<\/li>\n<li>Aseg\u00farese de que todas las conexiones roscadas est\u00e9n correctamente alineadas y apretadas.<\/li>\n<\/ul>\n<\/li>\n<li><strong>Reinstalaci\u00f3n del cilindro:<\/strong>\n<ul>\n<li>Deslice o maniobre el cilindro reensamblado nuevamente dentro de sus soportes de montaje o conexiones.<\/li>\n<li>Vuelva a colocar los pasadores o pernos de retenci\u00f3n para asegurar el cilindro en su lugar.<\/li>\n<li>Vuelva a conectar las mangueras o conexiones hidr\u00e1ulicas al cilindro, asegur\u00e1ndose de que est\u00e9n correctamente alineadas y ajustadas.<\/li>\n<\/ul>\n<\/li>\n<li><strong>Pruebas e inspecci\u00f3n:<\/strong>\n<ul>\n<li>Vuelva a presurizar el sistema hidr\u00e1ulico y verifique que no haya fugas ni funcionamiento anormal.<\/li>\n<li>Extienda y retraiga completamente el cilindro para garantizar un movimiento suave y un funcionamiento adecuado.<\/li>\n<li>Inspeccione el cilindro y sus conexiones para detectar cualquier signo de fuga u otros problemas.<\/li>\n<\/ul>\n<\/li>\n<\/ol>\n<h2><strong>Capacidad de la f\u00e1brica:<\/strong><\/h2>\n<h3>(1) Montaje<\/h3>\n<p>Contamos con una plataforma de ensamblaje independiente de primera clase para investigaci\u00f3n y desarrollo. El taller de producci\u00f3n de cilindros hidr\u00e1ulicos cuenta con cuatro l\u00edneas de ensamblaje de cilindros de elevaci\u00f3n semiautom\u00e1ticos y una l\u00ednea de ensamblaje de cilindros de inclinaci\u00f3n autom\u00e1ticos, con una capacidad de producci\u00f3n anual dise\u00f1ada de 1 mill\u00f3n de piezas. El taller de cilindros especiales est\u00e1 equipado con un sistema de ensamblaje de limpieza semiautom\u00e1tico de diversas especificaciones, con una capacidad de producci\u00f3n anual dise\u00f1ada de 200,000 unidades, y est\u00e1 equipado con reconocidos equipos de mecanizado CNC, un centro de mecanizado, equipos especiales de procesamiento de cilindros de alta precisi\u00f3n, una m\u00e1quina de soldadura robotizada, una m\u00e1quina de limpieza autom\u00e1tica, una m\u00e1quina de ensamblaje de cilindros autom\u00e1ticos y una l\u00ednea de producci\u00f3n de pintura autom\u00e1tica. Contamos con m\u00e1s de 300 equipos cr\u00edticos. La asignaci\u00f3n \u00f3ptima y el uso eficiente de los recursos de equipo garantizan la precisi\u00f3n y la alta calidad de los productos.<\/p>\n<p><img loading=\"lazy\" decoding=\"async\" class=\"alignnone wp-image-626\" src=\"https:\/\/hydraulic-cylinders.net\/wp-content\/uploads\/2023\/08\/hydraulic-cylinder-product-1-300x158.webp\" alt=\"\" width=\"495\" height=\"260\" srcset=\"https:\/\/hydraulic-cylinders.net\/wp-content\/uploads\/2023\/08\/hydraulic-cylinder-product-1-300x158.webp 495w, https:\/\/hydraulic-cylinders.net\/wp-content\/uploads\/2023\/08\/hydraulic-cylinder-product-1-480x252.webp 480w\" sizes=\"(min-width: 0px) and (max-width: 480px) 480px, (min-width: 481px) 495px, 100vw\" \/> <img loading=\"lazy\" decoding=\"async\" class=\"alignnone wp-image-627\" src=\"https:\/\/hydraulic-cylinders.net\/wp-content\/uploads\/2023\/08\/hydraulic-cylinder-product-2-300x189.webp\" alt=\"\" width=\"413\" height=\"260\" \/><\/p>\n<h3>(2) Mecanizado<\/h3>\n<p>El taller de mecanizado est\u00e1 equipado con un centro de torneado de carril inclinado personalizado, un centro de mecanizado, una m\u00e1quina de bru\u00f1ido de alta velocidad, un robot de soldadura y otros equipos relacionados, que pueden procesar tubos cil\u00edndricos con un di\u00e1metro interior m\u00e1ximo de 400 mm y una longitud m\u00e1xima de 6 metros.<\/p>\n<p><img loading=\"lazy\" decoding=\"async\" class=\"alignnone wp-image-628 size-large\" src=\"https:\/\/hydraulic-cylinders.net\/wp-content\/uploads\/2023\/08\/hydraulic-cylinder-product-3-1024x391.webp\" alt=\"\" width=\"1024\" height=\"391\" srcset=\"https:\/\/hydraulic-cylinders.net\/wp-content\/uploads\/2023\/08\/hydraulic-cylinder-product-3-980x374.webp 980w, https:\/\/hydraulic-cylinders.net\/wp-content\/uploads\/2023\/08\/hydraulic-cylinder-product-3-480x183.webp 480w\" sizes=\"(min-width: 0px) and (max-width: 480px) 480px, (min-width: 481px) and (max-width: 980px) 980px, (min-width: 981px) 1024px, 100vw\" \/><\/p>\n<h3>(3) Soldadura<\/h3>\n<p><img loading=\"lazy\" decoding=\"async\" class=\"alignnone wp-image-629 size-large\" src=\"https:\/\/hydraulic-cylinders.net\/wp-content\/uploads\/2023\/08\/hydraulic-cylinder-product-4-1024x510.webp\" alt=\"\" width=\"1024\" height=\"510\" srcset=\"https:\/\/hydraulic-cylinders.net\/wp-content\/uploads\/2023\/08\/hydraulic-cylinder-product-4-980x488.webp 980w, https:\/\/hydraulic-cylinders.net\/wp-content\/uploads\/2023\/08\/hydraulic-cylinder-product-4-480x239.webp 480w\" sizes=\"(min-width: 0px) and (max-width: 480px) 480px, (min-width: 481px) and (max-width: 980px) 980px, (min-width: 981px) 1024px, 100vw\" \/><\/p>\n<h3>(4) Pintura y revestimiento<\/h3>\n<p>Con peque\u00f1as y medianas l\u00edneas de cilindros autom\u00e1ticos de recubrimiento de pintura a base de agua, para lograr la carga y descarga autom\u00e1tica de robots y pulverizaci\u00f3n autom\u00e1tica, la capacidad de dise\u00f1o de 4000 piezas por turno;<br \/>\nTambi\u00e9n disponemos de una l\u00ednea semiautom\u00e1tica de producci\u00f3n de pintura para grandes cilindros accionada por cadena, con una capacidad de dise\u00f1o de 60 cajas por turno.<\/p>\n<p><img loading=\"lazy\" decoding=\"async\" class=\"alignnone wp-image-630\" src=\"https:\/\/hydraulic-cylinders.net\/wp-content\/uploads\/2023\/08\/hydraulic-cylinder-product-5-300x213.webp\" alt=\"\" width=\"366\" height=\"260\" \/> <img loading=\"lazy\" decoding=\"async\" class=\"alignnone wp-image-631\" src=\"https:\/\/hydraulic-cylinders.net\/wp-content\/uploads\/2023\/08\/hydraulic-cylinder-product-6-300x225.webp\" alt=\"\" width=\"347\" height=\"260\" \/><\/p>\n<h3>(5) Pruebas<\/h3>\n<p>Disponemos de instalaciones de inspecci\u00f3n y bancos de pruebas de primera clase para garantizar que el rendimiento del cilindro cumple los requisitos.<\/p>\n<p><img loading=\"lazy\" decoding=\"async\" class=\"alignnone wp-image-632\" src=\"https:\/\/hydraulic-cylinders.net\/wp-content\/uploads\/2023\/08\/hydraulic-cylinder-product-8-300x200.webp\" alt=\"\" width=\"389\" height=\"260\" \/><\/p>\n<p>&nbsp;<\/p>\n<p>&nbsp;<\/p>\n<p>Somos uno de los mejores fabricantes de cilindros hidr\u00e1ulicos. Ofrecemos cilindros hidr\u00e1ulicos integrales. Tambi\u00e9n proporcionamos... <a href=\"https:\/\/hzpt.com\/agricultural-pto-gearbox\/\" target=\"_blank\" rel=\"noopener\">cajas de cambios agr\u00edcolas<\/a>Hemos exportado nuestros productos a clientes de todo el mundo y nos hemos ganado una excelente reputaci\u00f3n gracias a nuestra excelente calidad y servicio posventa. Invitamos a clientes nacionales e internacionales a contactarnos para negociar negocios, intercambiar informaci\u00f3n y... <a href=\"https:\/\/www.hydraulic-cylinders.net\/es\/contact-us\/\">colabore con nosotros<\/a>!<\/p>","protected":false},"excerpt":{"rendered":"<p>Cutter Suction Dredger Inverted Pile Cylinder The cutter suction dredger inverted pile cylinder is a groundbreaking hydraulic device transforming marine construction projects. With its innovative design and exceptional performance, this cylinder is crucial to modern dredging operations. The cutter suction dredger inverted pile cylinder has revolutionized marine construction by offering exceptional performance in piling operations. [&hellip;]<\/p>","protected":false},"featured_media":1764,"comment_status":"open","ping_status":"closed","template":"","meta":{"_et_pb_use_builder":"","_et_pb_old_content":"","_et_gb_content_width":""},"product_brand":[],"product_cat":[1535,1549,1552,1376],"product_tag":[1380],"class_list":{"0":"post-1761","1":"product","2":"type-product","3":"status-publish","4":"has-post-thumbnail","6":"product_cat-dredger-hydraulic-cylinders","7":"product_cat-single-acting-hydraulic-cylinder","8":"product_cat-stainless-steel-hydraulic-cylinder","9":"product_cat-hydraulic-cylinder","10":"product_tag-hydraulic-cylinder","12":"first","13":"instock","14":"shipping-taxable","15":"product-type-simple"},"amp_enabled":true,"_links":{"self":[{"href":"https:\/\/www.hydraulic-cylinders.net\/es\/wp-json\/wp\/v2\/product\/1761","targetHints":{"allow":["GET"]}}],"collection":[{"href":"https:\/\/www.hydraulic-cylinders.net\/es\/wp-json\/wp\/v2\/product"}],"about":[{"href":"https:\/\/www.hydraulic-cylinders.net\/es\/wp-json\/wp\/v2\/types\/product"}],"replies":[{"embeddable":true,"href":"https:\/\/www.hydraulic-cylinders.net\/es\/wp-json\/wp\/v2\/comments?post=1761"}],"wp:featuredmedia":[{"embeddable":true,"href":"https:\/\/www.hydraulic-cylinders.net\/es\/wp-json\/wp\/v2\/media\/1764"}],"wp:attachment":[{"href":"https:\/\/www.hydraulic-cylinders.net\/es\/wp-json\/wp\/v2\/media?parent=1761"}],"wp:term":[{"taxonomy":"product_brand","embeddable":true,"href":"https:\/\/www.hydraulic-cylinders.net\/es\/wp-json\/wp\/v2\/product_brand?post=1761"},{"taxonomy":"product_cat","embeddable":true,"href":"https:\/\/www.hydraulic-cylinders.net\/es\/wp-json\/wp\/v2\/product_cat?post=1761"},{"taxonomy":"product_tag","embeddable":true,"href":"https:\/\/www.hydraulic-cylinders.net\/es\/wp-json\/wp\/v2\/product_tag?post=1761"}],"curies":[{"name":"wp","href":"https:\/\/api.w.org\/{rel}","templated":true}]}}