{"id":1762,"date":"2023-10-13T06:07:06","date_gmt":"2023-10-13T06:07:06","guid":{"rendered":"https:\/\/hydraulic-cylinders.net\/?post_type=product&#038;p=1762"},"modified":"2025-04-15T05:55:04","modified_gmt":"2025-04-15T05:55:04","slug":"trailing-suction-dredger-heave-compensation-cylinder","status":"publish","type":"product","link":"https:\/\/www.hydraulic-cylinders.net\/es\/producto\/trailing-suction-dredger-heave-compensation-cylinder\/","title":{"rendered":"Cilindro de compensaci\u00f3n de oscilaci\u00f3n de draga de succi\u00f3n de arrastre"},"content":{"rendered":"<h1 style=\"text-align: center;\"><strong> Cilindro de compensaci\u00f3n de oscilaci\u00f3n de draga de succi\u00f3n de arrastre<\/strong><\/h1>\n<p><img loading=\"lazy\" decoding=\"async\" class=\"aligncenter wp-image-1766\" src=\"https:\/\/hydraulic-cylinders.net\/wp-content\/uploads\/2023\/10\/trailing-suction-dredger-heave-compensation-cylinder-1-300x300.webp\" alt=\"\" width=\"400\" height=\"400\" \/><\/p>\n<p>El cilindro de compensaci\u00f3n de oleaje para dragas de succi\u00f3n de arrastre es un dispositivo hidr\u00e1ulico de vanguardia que ha revolucionado la eficiencia y eficacia de las operaciones de dragado. Dise\u00f1ado para proporcionar una compensaci\u00f3n precisa del oleaje, este cilindro garantiza un rendimiento de dragado \u00f3ptimo incluso en entornos marinos dif\u00edciles.<\/p>\n<p>El cilindro de compensaci\u00f3n de oleaje para dragas de succi\u00f3n de arrastre es una innovaci\u00f3n en el campo del dragado marino. Su gran capacidad de compensaci\u00f3n, su robusta construcci\u00f3n y su control de alta precisi\u00f3n contribuyen a una mayor eficiencia y precisi\u00f3n en las operaciones de dragado. Mediante m\u00e9todos de uso adecuados y un mantenimiento proactivo, los profesionales marinos pueden maximizar el rendimiento y la vida \u00fatil de este excepcional dispositivo hidr\u00e1ulico. Aproveche la potencia del cilindro de compensaci\u00f3n de oleaje para dragas de succi\u00f3n de arrastre y experimente la diferencia que puede marcar en sus proyectos de dragado.<\/p>\n<p>Caracter\u00edsticas principales del cilindro de compensaci\u00f3n de elevaci\u00f3n de la draga de succi\u00f3n de arrastre:<\/p>\n<ul>\n<li>Capacidad de compensaci\u00f3n de oleaje: El cilindro de compensaci\u00f3n de oleaje de la draga de succi\u00f3n de arrastre est\u00e1 dise\u00f1ado espec\u00edficamente para contrarrestar los efectos del oleaje del buque durante las operaciones de dragado. Compensa eficazmente los movimientos verticales, permitiendo un posicionamiento uniforme y preciso de la tuber\u00eda de succi\u00f3n.<\/li>\n<li>Construcci\u00f3n robusta: Dise\u00f1ado para la durabilidad, este cilindro est\u00e1 fabricado con materiales de alta calidad que ofrecen una resistencia excepcional a la corrosi\u00f3n y a la fuerza. Soporta las duras condiciones marinas, lo que garantiza un rendimiento y una fiabilidad duraderos.<\/li>\n<li>Control de alta precisi\u00f3n: El avanzado sistema hidr\u00e1ulico del cilindro permite un control preciso del proceso de compensaci\u00f3n de oleaje. Permite ajustes precisos, asegurando que la tuber\u00eda de succi\u00f3n mantenga la profundidad y posici\u00f3n deseadas para un dragado eficiente.<\/li>\n<\/ul>\n<h2><strong>Par\u00e1metros del cilindro de compensaci\u00f3n de elevaci\u00f3n de la draga de succi\u00f3n de arrastre:<\/strong><\/h2>\n<table border=\"1\" cellspacing=\"0\" cellpadding=\"0\">\n<tbody>\n<tr>\n<td>Nombre del producto<\/td>\n<td>Cilindro de compensaci\u00f3n de oscilaci\u00f3n de draga de succi\u00f3n de arrastre<\/td>\n<\/tr>\n<tr>\n<td>Caracter\u00edsticas:<\/td>\n<td>Compensar el desplazamiento relativo del cabezal de arrastre y el casco al trabajar<\/td>\n<\/tr>\n<tr>\n<td>Di\u00e1metro del orificio:<\/td>\n<td>Hasta 400 mm<\/td>\n<\/tr>\n<tr>\n<td>Di\u00e1metro de la varilla:<\/td>\n<td>Hasta 360 mm<br \/>\nCarrera hasta 4000 mm<\/td>\n<\/tr>\n<tr>\n<td>Presi\u00f3n:<\/td>\n<td>hasta 32 MPa<\/td>\n<\/tr>\n<tr>\n<td>Fuerza de empuje:<\/td>\n<td>M\u00e1ximo 1600 KN<\/td>\n<\/tr>\n<tr>\n<td>Aplicaciones:<\/td>\n<td>Draga de succi\u00f3n de arrastre<\/td>\n<\/tr>\n<\/tbody>\n<\/table>\n<div><\/div>\n<div>\n<div class=\"txtboxL\">Caracter\u00edsticas:<\/div>\n<div class=\"txtboxR\">Proporciona fuerza de empuje y tracci\u00f3n para retraer y desplegar el pilote de acero.<\/div>\n<div class=\"txtboxL\">Especificaci\u00f3n:<\/div>\n<div class=\"txtboxR\">Di\u00e1metro del orificio: hasta 620 mm<br \/>\nDi\u00e1metro de la varilla: hasta 360 mm<br \/>\nCarrera hasta 5200 mm<\/div>\n<div class=\"txtboxL\">Presi\u00f3n:<\/div>\n<div class=\"txtboxR\">hasta 32 MPa<\/div>\n<div class=\"txtboxL\">Fuerza de empuje:<\/div>\n<div class=\"txtboxR\">M\u00e1ximo 7500KN<\/div>\n<div class=\"txtboxL\">Fuerza de tracci\u00f3n:<\/div>\n<div class=\"txtboxR\">M\u00e1ximo 5000KN<\/div>\n<\/div>\n<h2><strong>Aplicaci\u00f3n de cilindros de succi\u00f3n y corte de tanques de draga:<\/strong><\/h2>\n<p><img loading=\"lazy\" decoding=\"async\" class=\"alignnone wp-image-1757 size-full\" src=\"https:\/\/hydraulic-cylinders.net\/wp-content\/uploads\/2023\/10\/dredger-tank-cylinder-1.webp\" alt=\"\" width=\"600\" height=\"400\" srcset=\"https:\/\/hydraulic-cylinders.net\/wp-content\/uploads\/2023\/10\/dredger-tank-cylinder-1.webp 600w, https:\/\/hydraulic-cylinders.net\/wp-content\/uploads\/2023\/10\/dredger-tank-cylinder-1-480x320.webp 480w\" sizes=\"(min-width: 0px) and (max-width: 480px) 480px, (min-width: 481px) 600px, 100vw\" \/><\/p>\n<h2><strong>M\u00e9todo de uso del cilindro de compensaci\u00f3n de oleaje de la draga de succi\u00f3n de arrastre<\/strong><strong>:<\/strong><\/h2>\n<ol>\n<li><strong>Preparaci\u00f3n: <\/strong>Realice una inspecci\u00f3n exhaustiva antes de utilizar el cilindro de compensaci\u00f3n de oleaje de la draga de succi\u00f3n de arrastre para garantizar el correcto funcionamiento de todos los componentes. Compruebe si hay indicios de da\u00f1os, fugas o sellos desgastados.<\/li>\n<li><strong>Instalaci\u00f3n:<\/strong> Monte el cilindro firmemente en la draga o equipo relacionado, garantizando su estabilidad durante la operaci\u00f3n. Siga las instrucciones del fabricante para una instalaci\u00f3n correcta, incluida la alineaci\u00f3n de las conexiones hidr\u00e1ulicas.<\/li>\n<li><strong>Integraci\u00f3n de sistemas hidr\u00e1ulicos:<\/strong> Conecte el cilindro a la fuente de alimentaci\u00f3n hidr\u00e1ulica mediante mangueras o accesorios compatibles. Verifique que las conexiones est\u00e9n firmes, sin fugas y correctamente alineadas.<\/li>\n<li><strong>Calibraci\u00f3n:<\/strong> Calibre el sistema de compensaci\u00f3n de oleaje seg\u00fan los requisitos espec\u00edficos del dragado. Esto puede implicar ajustar par\u00e1metros como la longitud de carrera, la velocidad o la presi\u00f3n. Consulte las instrucciones del fabricante para obtener m\u00e9todos de calibraci\u00f3n precisos.<\/li>\n<li><strong>Control operacional: <\/strong>Active la fuente de energ\u00eda hidr\u00e1ulica para iniciar el proceso de compensaci\u00f3n de oleaje. El cilindro de compensaci\u00f3n de oleaje de la draga de succi\u00f3n de arrastre responder\u00e1 autom\u00e1ticamente al oleaje del buque, manteniendo la posici\u00f3n deseada de la tuber\u00eda de succi\u00f3n para un dragado eficiente. Supervise la operaci\u00f3n de cerca para obtener resultados \u00f3ptimos.<\/li>\n<\/ol>\n<h2><strong>\u00bfC\u00f3mo funciona un cilindro hidr\u00e1ulico de doble efecto?<\/strong><\/h2>\n<p>Un cilindro hidr\u00e1ulico de doble efecto es un tipo de actuador hidr\u00e1ulico que opera en ambas direcciones, proporcionando fuerza y \u200b\u200bmovimiento tanto en la carrera de extensi\u00f3n como en la de retracci\u00f3n. Consta de un cuerpo cil\u00edndrico, un pist\u00f3n, v\u00e1stagos, sellos y puertos para el fluido hidr\u00e1ulico.<\/p>\n<p>A continuaci\u00f3n se muestra un desglose paso a paso de c\u00f3mo funciona un cilindro hidr\u00e1ulico de doble efecto:<\/p>\n<ol>\n<li><strong>Ingesta de l\u00edquidos:<\/strong> El cilindro hidr\u00e1ulico est\u00e1 conectado a una unidad de potencia hidr\u00e1ulica o bomba que suministra fluido hidr\u00e1ulico presurizado. Este fluido suele ser a base de aceite.<\/li>\n<li><strong>Carrera de extensi\u00f3n:<\/strong> Cuando se suministra fluido hidr\u00e1ulico al puerto del extremo del v\u00e1stago del cilindro, este entra en el cuerpo del cilindro, detr\u00e1s del pist\u00f3n. La presi\u00f3n del fluido empuja el pist\u00f3n y el v\u00e1stago conectado hacia afuera, extendiendo el cilindro.<\/li>\n<li><strong>Carrera de retracci\u00f3n:<\/strong> Para retraer el cilindro, se suministra fluido hidr\u00e1ulico al puerto del extremo de la tapa. El fluido entra en el cuerpo del cilindro por delante del pist\u00f3n, ejerciendo presi\u00f3n y empujando el pist\u00f3n y el v\u00e1stago de nuevo hacia el cilindro.<\/li>\n<li><strong>Mecanismo de sellado:<\/strong> El cilindro hidr\u00e1ulico est\u00e1 equipado con sellos, como sellos de pist\u00f3n y de v\u00e1stago, que evitan fugas de fluido hidr\u00e1ulico. Estos sellos garantizan la retenci\u00f3n del fluido dentro del cilindro, manteniendo la presi\u00f3n y evitando p\u00e9rdidas de fuerza.<\/li>\n<li><strong>V\u00e1lvulas de control:<\/strong> Las v\u00e1lvulas de control se utilizan para controlar la direcci\u00f3n y el flujo del fluido hidr\u00e1ulico. Estas v\u00e1lvulas dirigen el fluido al puerto correspondiente del cilindro, permitiendo su extensi\u00f3n o retracci\u00f3n seg\u00fan el movimiento deseado.<\/li>\n<li><strong>Dise\u00f1o de pist\u00f3n y varilla:<\/strong> El pist\u00f3n y el v\u00e1stago suelen estar sellados entre s\u00ed para garantizar que el fluido presurizado solo act\u00fae en un lado del pist\u00f3n a la vez. Este dise\u00f1o permite carreras de extensi\u00f3n y retracci\u00f3n independientes, lo que proporciona un movimiento bidireccional.<\/li>\n<li><strong>Cargar aplicaci\u00f3n:<\/strong> El v\u00e1stago del cilindro hidr\u00e1ulico est\u00e1 unido a la carga o al mecanismo que requiere fuerza o movimiento. A medida que el fluido hidr\u00e1ulico extiende o retrae el pist\u00f3n, la potencia generada se transfiere a trav\u00e9s del v\u00e1stago a la carga, lo que le permite moverse o ejercer fuerza.<\/li>\n<li><strong>Alivio de presi\u00f3n:<\/strong> Para controlar la velocidad y la fuerza del cilindro hidr\u00e1ulico, se pueden utilizar v\u00e1lvulas de alivio de presi\u00f3n o v\u00e1lvulas de control de flujo en el sistema hidr\u00e1ulico. Estas v\u00e1lvulas regulan la presi\u00f3n y el flujo del fluido hidr\u00e1ulico, evitando la acumulaci\u00f3n excesiva de presi\u00f3n y garantizando un funcionamiento seguro.<\/li>\n<\/ol>\n<h2><strong>Capacidad de la f\u00e1brica:<\/strong><\/h2>\n<h3>(1) Montaje<\/h3>\n<p>Contamos con una plataforma de ensamblaje independiente de primera clase para investigaci\u00f3n y desarrollo. El taller de producci\u00f3n de cilindros hidr\u00e1ulicos cuenta con cuatro l\u00edneas de ensamblaje de cilindros de elevaci\u00f3n semiautom\u00e1ticos y una l\u00ednea de ensamblaje de cilindros de inclinaci\u00f3n autom\u00e1ticos, con una capacidad de producci\u00f3n anual dise\u00f1ada de 1 mill\u00f3n de piezas. El taller de cilindros especiales est\u00e1 equipado con un sistema de ensamblaje de limpieza semiautom\u00e1tico de diversas especificaciones, con una capacidad de producci\u00f3n anual dise\u00f1ada de 200,000 unidades, y est\u00e1 equipado con reconocidos equipos de mecanizado CNC, un centro de mecanizado, equipos especiales de procesamiento de cilindros de alta precisi\u00f3n, una m\u00e1quina de soldadura robotizada, una m\u00e1quina de limpieza autom\u00e1tica, una m\u00e1quina de ensamblaje de cilindros autom\u00e1ticos y una l\u00ednea de producci\u00f3n de pintura autom\u00e1tica. Contamos con m\u00e1s de 300 equipos cr\u00edticos. La asignaci\u00f3n \u00f3ptima y el uso eficiente de los recursos de equipo garantizan la precisi\u00f3n y la alta calidad de los productos.<\/p>\n<p><img loading=\"lazy\" decoding=\"async\" class=\"alignnone wp-image-626\" src=\"https:\/\/hydraulic-cylinders.net\/wp-content\/uploads\/2023\/08\/hydraulic-cylinder-product-1-300x158.webp\" alt=\"\" width=\"495\" height=\"260\" srcset=\"https:\/\/hydraulic-cylinders.net\/wp-content\/uploads\/2023\/08\/hydraulic-cylinder-product-1-300x158.webp 495w, https:\/\/hydraulic-cylinders.net\/wp-content\/uploads\/2023\/08\/hydraulic-cylinder-product-1-480x252.webp 480w\" sizes=\"(min-width: 0px) and (max-width: 480px) 480px, (min-width: 481px) 495px, 100vw\" \/> <img loading=\"lazy\" decoding=\"async\" class=\"alignnone wp-image-627\" src=\"https:\/\/hydraulic-cylinders.net\/wp-content\/uploads\/2023\/08\/hydraulic-cylinder-product-2-300x189.webp\" alt=\"\" width=\"413\" height=\"260\" \/><\/p>\n<h3>(2) Mecanizado<\/h3>\n<p>El taller de mecanizado est\u00e1 equipado con un centro de torneado de carril inclinado personalizado, un centro de mecanizado, una m\u00e1quina de bru\u00f1ido de alta velocidad, un robot de soldadura y otros equipos relacionados, que pueden procesar tubos cil\u00edndricos con un di\u00e1metro interior m\u00e1ximo de 400 mm y una longitud m\u00e1xima de 6 metros.<\/p>\n<p><img loading=\"lazy\" decoding=\"async\" class=\"alignnone wp-image-628 size-large\" src=\"https:\/\/hydraulic-cylinders.net\/wp-content\/uploads\/2023\/08\/hydraulic-cylinder-product-3-1024x391.webp\" alt=\"\" width=\"1024\" height=\"391\" srcset=\"https:\/\/hydraulic-cylinders.net\/wp-content\/uploads\/2023\/08\/hydraulic-cylinder-product-3-980x374.webp 980w, https:\/\/hydraulic-cylinders.net\/wp-content\/uploads\/2023\/08\/hydraulic-cylinder-product-3-480x183.webp 480w\" sizes=\"(min-width: 0px) and (max-width: 480px) 480px, (min-width: 481px) and (max-width: 980px) 980px, (min-width: 981px) 1024px, 100vw\" \/><\/p>\n<h3>(3) Soldadura<\/h3>\n<p><img loading=\"lazy\" decoding=\"async\" class=\"alignnone wp-image-629 size-large\" src=\"https:\/\/hydraulic-cylinders.net\/wp-content\/uploads\/2023\/08\/hydraulic-cylinder-product-4-1024x510.webp\" alt=\"\" width=\"1024\" height=\"510\" srcset=\"https:\/\/hydraulic-cylinders.net\/wp-content\/uploads\/2023\/08\/hydraulic-cylinder-product-4-980x488.webp 980w, https:\/\/hydraulic-cylinders.net\/wp-content\/uploads\/2023\/08\/hydraulic-cylinder-product-4-480x239.webp 480w\" sizes=\"(min-width: 0px) and (max-width: 480px) 480px, (min-width: 481px) and (max-width: 980px) 980px, (min-width: 981px) 1024px, 100vw\" \/><\/p>\n<h3>(4) Pintura y revestimiento<\/h3>\n<p>Con peque\u00f1as y medianas l\u00edneas de cilindros autom\u00e1ticos de recubrimiento de pintura a base de agua, para lograr la carga y descarga autom\u00e1tica de robots y pulverizaci\u00f3n autom\u00e1tica, la capacidad de dise\u00f1o de 4000 piezas por turno;<br \/>\nTambi\u00e9n disponemos de una l\u00ednea semiautom\u00e1tica de producci\u00f3n de pintura para grandes cilindros accionada por cadena, con una capacidad de dise\u00f1o de 60 cajas por turno.<\/p>\n<p><img loading=\"lazy\" decoding=\"async\" class=\"alignnone wp-image-630\" src=\"https:\/\/hydraulic-cylinders.net\/wp-content\/uploads\/2023\/08\/hydraulic-cylinder-product-5-300x213.webp\" alt=\"\" width=\"366\" height=\"260\" \/> <img loading=\"lazy\" decoding=\"async\" class=\"alignnone wp-image-631\" src=\"https:\/\/hydraulic-cylinders.net\/wp-content\/uploads\/2023\/08\/hydraulic-cylinder-product-6-300x225.webp\" alt=\"\" width=\"347\" height=\"260\" \/><\/p>\n<h3>(5) Pruebas<\/h3>\n<p>Disponemos de instalaciones de inspecci\u00f3n y bancos de pruebas de primera clase para garantizar que el rendimiento del cilindro cumple los requisitos.<\/p>\n<p><img loading=\"lazy\" decoding=\"async\" class=\"alignnone wp-image-632\" src=\"https:\/\/hydraulic-cylinders.net\/wp-content\/uploads\/2023\/08\/hydraulic-cylinder-product-8-300x200.webp\" alt=\"\" width=\"389\" height=\"260\" \/><\/p>\n<p>&nbsp;<\/p>\n<p>&nbsp;<\/p>\n<p>Somos uno de los mejores fabricantes de cilindros hidr\u00e1ulicos. Ofrecemos cilindros hidr\u00e1ulicos integrales. Tambi\u00e9n proporcionamos... <a href=\"https:\/\/hzpt.com\/agricultural-pto-gearbox\/\" target=\"_blank\" rel=\"noopener\">cajas de cambios agr\u00edcolas<\/a>Hemos exportado nuestros productos a clientes de todo el mundo y nos hemos ganado una excelente reputaci\u00f3n gracias a nuestra excelente calidad y servicio posventa. Invitamos a clientes nacionales e internacionales a contactarnos para negociar negocios, intercambiar informaci\u00f3n y... <a href=\"https:\/\/www.hydraulic-cylinders.net\/es\/contact-us\/\">colabore con nosotros<\/a>!<\/p>","protected":false},"excerpt":{"rendered":"<p>Trailing Suction Dredger Heave Compensation Cylinder The trailing suction dredger heave compensation cylinder is a cutting-edge hydraulic device that has revolutionized the efficiency and effectiveness of dredging operations. Designed to provide precise heave compensation, this cylinder ensures optimal dredging performance even in challenging marine environments. The trailing suction dredger heave compensation cylinder is a game-changer [&hellip;]<\/p>","protected":false},"featured_media":1767,"comment_status":"open","ping_status":"closed","template":"","meta":{"_et_pb_use_builder":"","_et_pb_old_content":"","_et_gb_content_width":""},"product_brand":[],"product_cat":[1550,1535,1552,1376],"product_tag":[1380],"class_list":{"0":"post-1762","1":"product","2":"type-product","3":"status-publish","4":"has-post-thumbnail","6":"product_cat-double-acting-hydraulic-cylinder","7":"product_cat-dredger-hydraulic-cylinders","8":"product_cat-stainless-steel-hydraulic-cylinder","9":"product_cat-hydraulic-cylinder","10":"product_tag-hydraulic-cylinder","12":"first","13":"instock","14":"shipping-taxable","15":"product-type-simple"},"amp_enabled":true,"_links":{"self":[{"href":"https:\/\/www.hydraulic-cylinders.net\/es\/wp-json\/wp\/v2\/product\/1762","targetHints":{"allow":["GET"]}}],"collection":[{"href":"https:\/\/www.hydraulic-cylinders.net\/es\/wp-json\/wp\/v2\/product"}],"about":[{"href":"https:\/\/www.hydraulic-cylinders.net\/es\/wp-json\/wp\/v2\/types\/product"}],"replies":[{"embeddable":true,"href":"https:\/\/www.hydraulic-cylinders.net\/es\/wp-json\/wp\/v2\/comments?post=1762"}],"wp:featuredmedia":[{"embeddable":true,"href":"https:\/\/www.hydraulic-cylinders.net\/es\/wp-json\/wp\/v2\/media\/1767"}],"wp:attachment":[{"href":"https:\/\/www.hydraulic-cylinders.net\/es\/wp-json\/wp\/v2\/media?parent=1762"}],"wp:term":[{"taxonomy":"product_brand","embeddable":true,"href":"https:\/\/www.hydraulic-cylinders.net\/es\/wp-json\/wp\/v2\/product_brand?post=1762"},{"taxonomy":"product_cat","embeddable":true,"href":"https:\/\/www.hydraulic-cylinders.net\/es\/wp-json\/wp\/v2\/product_cat?post=1762"},{"taxonomy":"product_tag","embeddable":true,"href":"https:\/\/www.hydraulic-cylinders.net\/es\/wp-json\/wp\/v2\/product_tag?post=1762"}],"curies":[{"name":"wp","href":"https:\/\/api.w.org\/{rel}","templated":true}]}}