{"id":1768,"date":"2023-10-13T06:16:16","date_gmt":"2023-10-13T06:16:16","guid":{"rendered":"https:\/\/hydraulic-cylinders.net\/?post_type=product&#038;p=1768"},"modified":"2025-04-15T05:55:00","modified_gmt":"2025-04-15T05:55:00","slug":"trailing-suction-dredger-hanger-cylinder","status":"publish","type":"product","link":"https:\/\/www.hydraulic-cylinders.net\/es\/producto\/trailing-suction-dredger-hanger-cylinder\/","title":{"rendered":"Cilindro de soporte de draga de succi\u00f3n de arrastre"},"content":{"rendered":"<h1 style=\"text-align: center;\"><strong>Cilindro de soporte de draga de succi\u00f3n de arrastre<\/strong><\/h1>\n<p><img loading=\"lazy\" decoding=\"async\" class=\"aligncenter wp-image-1771\" src=\"https:\/\/hydraulic-cylinders.net\/wp-content\/uploads\/2023\/10\/trailing-suction-dredger-hanger-cylinder-1-2-300x300.webp\" alt=\"\" width=\"400\" height=\"400\" \/><\/p>\n<p>El cilindro del colgador de la draga de succi\u00f3n es un componente hidr\u00e1ulico crucial que optimiza significativamente la eficiencia y la eficacia de las operaciones de dragado. Dise\u00f1ado para brindar un soporte y un control confiables, este cilindro garantiza el posicionamiento preciso y la estabilidad del sistema del colgador de succi\u00f3n.<\/p>\n<p>El cilindro de suspensi\u00f3n de la draga de succi\u00f3n es fundamental para optimizar la eficiencia y la productividad de las operaciones de dragado. Gracias a su robusta construcci\u00f3n, posicionamiento preciso y capacidad de carga, este cilindro hidr\u00e1ulico proporciona el soporte y el control necesarios para el sistema de suspensi\u00f3n de la draga de succi\u00f3n. Siguiendo los m\u00e9todos de uso adecuados y cumpliendo con las pr\u00e1cticas de mantenimiento regulares, los profesionales del dragado pueden maximizar el rendimiento y la vida \u00fatil de este producto excepcional. Aproveche el potencial del cilindro de suspensi\u00f3n de la draga de succi\u00f3n y experimente la diferencia que puede marcar en sus labores de dragado.<\/p>\n<p>Caracter\u00edsticas clave del cilindro de suspensi\u00f3n de la draga de succi\u00f3n de arrastre:<\/p>\n<ol>\n<li>Construcci\u00f3n robusta: El cilindro de suspensi\u00f3n de la draga de succi\u00f3n de arrastre est\u00e1 fabricado con materiales de alta calidad que ofrecen una resistencia y durabilidad excepcionales. Est\u00e1 dise\u00f1ado para soportar el duro entorno marino, lo que garantiza un rendimiento fiable y una larga vida \u00fatil.<\/li>\n<li>Posicionamiento preciso: Este cilindro permite un posicionamiento preciso del sistema de suspensi\u00f3n de succi\u00f3n, lo que facilita operaciones de dragado exactas. Su control hidr\u00e1ulico de alta precisi\u00f3n garantiza la estabilidad y el control durante el proceso de dragado.<\/li>\n<li>Capacidad de carga: El cilindro de suspensi\u00f3n est\u00e1 dise\u00f1ado para soportar las cargas significativas asociadas al sistema de suspensi\u00f3n de succi\u00f3n. Proporciona la fuerza y \u200b\u200bel soporte necesarios para elevar y maniobrar el cabezal de succi\u00f3n, lo que mejora la eficiencia del dragado.<\/li>\n<\/ol>\n<h2><strong>Par\u00e1metro del cilindro del colgador de la draga de succi\u00f3n de arrastre:<\/strong><\/h2>\n<table border=\"1\" cellspacing=\"0\" cellpadding=\"0\">\n<tbody>\n<tr>\n<td>Nombre del producto<\/td>\n<td>Cilindro de soporte de draga de succi\u00f3n de arrastre<\/td>\n<\/tr>\n<tr>\n<td>Caracter\u00edsticas:<\/td>\n<td>Proporcionar fuerza de tracci\u00f3n para la retracci\u00f3n y el despliegue del colgador.<\/td>\n<\/tr>\n<tr>\n<td>Di\u00e1metro del orificio:<\/td>\n<td>450 mm<\/td>\n<\/tr>\n<tr>\n<td>Di\u00e1metro de la varilla:<\/td>\n<td>220 mm<br \/>\nCarrera: 3630 mm<\/td>\n<\/tr>\n<tr>\n<td>Presi\u00f3n:<\/td>\n<td>hasta 32 MPa<\/td>\n<\/tr>\n<tr>\n<td>Fuerza de tracci\u00f3n:<\/td>\n<td>M\u00e1ximo 3000 kN<\/td>\n<\/tr>\n<tr>\n<td>Aplicaciones:<\/td>\n<td>Draga de succi\u00f3n de arrastre<\/td>\n<\/tr>\n<\/tbody>\n<\/table>\n<div><\/div>\n<div>\n<div class=\"txtboxL\">\n<div class=\"txtboxL\">\n<div class=\"txtboxL\">Caracter\u00edsticas:<\/div>\n<div class=\"txtboxR\">Proporcionar fuerza de tracci\u00f3n para la retracci\u00f3n y el despliegue del colgador.<\/div>\n<div class=\"txtboxL\">Especificaci\u00f3n:<\/div>\n<div class=\"txtboxR\">Di\u00e1metro del orificio: 450 mm<br \/>\nDi\u00e1metro de la varilla: 220 mm<br \/>\nCarrera: 3630 mm<\/div>\n<div class=\"txtboxL\">Presi\u00f3n:<\/div>\n<div class=\"txtboxR\">hasta 32 MPa<\/div>\n<div class=\"txtboxL\">Fuerza de tracci\u00f3n:<\/div>\n<div class=\"txtboxR\">M\u00e1ximo 3000 kN<\/div>\n<\/div>\n<\/div>\n<\/div>\n<h2><strong>Aplicaci\u00f3n de cilindros de succi\u00f3n y corte de tanques de draga:<\/strong><\/h2>\n<p><img loading=\"lazy\" decoding=\"async\" class=\"alignnone wp-image-1757 size-full\" src=\"https:\/\/hydraulic-cylinders.net\/wp-content\/uploads\/2023\/10\/dredger-tank-cylinder-1.webp\" alt=\"\" width=\"600\" height=\"400\" srcset=\"https:\/\/hydraulic-cylinders.net\/wp-content\/uploads\/2023\/10\/dredger-tank-cylinder-1.webp 600w, https:\/\/hydraulic-cylinders.net\/wp-content\/uploads\/2023\/10\/dredger-tank-cylinder-1-480x320.webp 480w\" sizes=\"(min-width: 0px) and (max-width: 480px) 480px, (min-width: 481px) 600px, 100vw\" \/><\/p>\n<h2><strong>M\u00e9todo de uso del cilindro de suspensi\u00f3n de la draga de succi\u00f3n de arrastre<\/strong><strong>:<\/strong><\/h2>\n<ol>\n<li><strong>Instalaci\u00f3n:<\/strong>\u00a0 Fije firmemente el cilindro de suspensi\u00f3n de succi\u00f3n a la estructura o equipo de la draga. Aseg\u00farese de que est\u00e9 correctamente alineado y sujeto para garantizar la estabilidad durante el funcionamiento.<\/li>\n<li><strong>Conexiones hidr\u00e1ulicas:<\/strong> Conecte el cilindro a la fuente de alimentaci\u00f3n hidr\u00e1ulica utilizando mangueras o racores compatibles. Verifique que las conexiones est\u00e9n bien ajustadas y sin fugas.<\/li>\n<li><strong>Ajuste de posicionamiento:<\/strong> Ajuste la posici\u00f3n del cilindro de suspensi\u00f3n para lograr la altura y el \u00e1ngulo deseados para el sistema de suspensi\u00f3n de succi\u00f3n trasera. Utilice los mecanismos de control hidr\u00e1ulico provistos para ajustar con precisi\u00f3n el posicionamiento.<\/li>\n<li><strong>Soporte de carga:<\/strong> Active la fuente de energ\u00eda hidr\u00e1ulica para aplicar la fuerza necesaria para elevar y controlar el cabezal de succi\u00f3n. El cilindro de suspensi\u00f3n proporciona un soporte robusto que garantiza la estabilidad y el control durante las operaciones de dragado.<\/li>\n<\/ol>\n<h2><strong>\u00bfC\u00f3mo funciona un cilindro hidr\u00e1ulico?<\/strong><\/h2>\n<p>Un cilindro hidr\u00e1ulico es un actuador mec\u00e1nico que convierte la presi\u00f3n hidr\u00e1ulica en fuerza y \u200b\u200bmovimiento lineal. Consta de un cilindro, un pist\u00f3n, un v\u00e1stago, juntas y conductos para el fluido hidr\u00e1ulico. A continuaci\u00f3n, se explica c\u00f3mo funciona un cilindro hidr\u00e1ulico:<\/p>\n<ol>\n<li><strong>Suministro de fluido hidr\u00e1ulico:<\/strong> Un cilindro hidr\u00e1ulico est\u00e1 conectado a una unidad de potencia hidr\u00e1ulica o bomba que suministra fluido hidr\u00e1ulico a presi\u00f3n. El fluido suele ser un fluido hidr\u00e1ulico a base de aceite.<\/li>\n<li><strong>Estructura cil\u00edndrica:<\/strong> El cilindro tiene un cuerpo cil\u00edndrico hueco con un pist\u00f3n alojado en su interior. El pist\u00f3n divide el cilindro en dos c\u00e1maras: la c\u00e1mara del extremo del v\u00e1stago y la c\u00e1mara del extremo de la tapa.<\/li>\n<li><strong>Aplicaci\u00f3n de presi\u00f3n:<\/strong> El fluido hidr\u00e1ulico se dirige a una de las c\u00e1maras del cilindro, ya sea la del extremo del v\u00e1stago o la del extremo de la tapa, dependiendo de la direcci\u00f3n de movimiento deseada.<\/li>\n<li><strong>Diferencia de presi\u00f3n:<\/strong> El fluido hidr\u00e1ulico a presi\u00f3n act\u00faa sobre la superficie del pist\u00f3n, creando una fuerza que lo impulsa en la direcci\u00f3n deseada. La diferencia de presi\u00f3n entre las dos c\u00e1maras provoca el movimiento del pist\u00f3n.<\/li>\n<li><strong>Movimiento lineal:<\/strong> A medida que el fluido hidr\u00e1ulico empuja el pist\u00f3n, el v\u00e1stago unido a este se extiende o se retrae linealmente, seg\u00fan la direcci\u00f3n del flujo. Este movimiento lineal transmite fuerza a la carga o mecanismo conectado al v\u00e1stago.<\/li>\n<li><strong>Mecanismo de sellado:<\/strong> El cilindro hidr\u00e1ulico est\u00e1 equipado con juntas, como juntas de pist\u00f3n y juntas de v\u00e1stago, para evitar fugas de fluido hidr\u00e1ulico. Estas juntas mantienen la presi\u00f3n dentro del cilindro y garantizan un funcionamiento suave al impedir el escape de fluido.<\/li>\n<li><strong>V\u00e1lvulas de control:<\/strong> Las v\u00e1lvulas de control se utilizan para regular la direcci\u00f3n y el caudal del fluido hidr\u00e1ulico. Estas v\u00e1lvulas dirigen el flujo del fluido hidr\u00e1ulico hacia la c\u00e1mara correspondiente del cilindro, permitiendo la extensi\u00f3n o retracci\u00f3n del pist\u00f3n.<\/li>\n<li><strong>Alivio de presi\u00f3n:<\/strong> Para controlar la velocidad y la fuerza del cilindro hidr\u00e1ulico, se pueden incorporar v\u00e1lvulas de alivio de presi\u00f3n o v\u00e1lvulas de control de flujo al sistema hidr\u00e1ulico. Estas v\u00e1lvulas regulan la presi\u00f3n y el flujo del fluido hidr\u00e1ulico, evitando la acumulaci\u00f3n excesiva de presi\u00f3n y garantizando un funcionamiento seguro.<\/li>\n<li><strong>Cargar aplicaci\u00f3n:<\/strong> El v\u00e1stago del pist\u00f3n del cilindro hidr\u00e1ulico est\u00e1 conectado a la carga o al mecanismo que requiere fuerza o movimiento. Al extenderse o retraerse el pist\u00f3n, la fuerza generada se transmite a trav\u00e9s del v\u00e1stago a la carga, permiti\u00e9ndole moverse o ejercer fuerza.<\/li>\n<\/ol>\n<h2><strong>Capacidad de la f\u00e1brica:<\/strong><\/h2>\n<h3>(1) Montaje<\/h3>\n<p>Contamos con una plataforma de ensamblaje independiente de primera clase para investigaci\u00f3n y desarrollo. El taller de producci\u00f3n de cilindros hidr\u00e1ulicos cuenta con cuatro l\u00edneas de ensamblaje de cilindros de elevaci\u00f3n semiautom\u00e1ticos y una l\u00ednea de ensamblaje de cilindros de inclinaci\u00f3n autom\u00e1ticos, con una capacidad de producci\u00f3n anual dise\u00f1ada de 1 mill\u00f3n de piezas. El taller de cilindros especiales est\u00e1 equipado con un sistema de ensamblaje de limpieza semiautom\u00e1tico de diversas especificaciones, con una capacidad de producci\u00f3n anual dise\u00f1ada de 200,000 unidades, y est\u00e1 equipado con reconocidos equipos de mecanizado CNC, un centro de mecanizado, equipos especiales de procesamiento de cilindros de alta precisi\u00f3n, una m\u00e1quina de soldadura robotizada, una m\u00e1quina de limpieza autom\u00e1tica, una m\u00e1quina de ensamblaje de cilindros autom\u00e1ticos y una l\u00ednea de producci\u00f3n de pintura autom\u00e1tica. Contamos con m\u00e1s de 300 equipos cr\u00edticos. La asignaci\u00f3n \u00f3ptima y el uso eficiente de los recursos de equipo garantizan la precisi\u00f3n y la alta calidad de los productos.<\/p>\n<p><img loading=\"lazy\" decoding=\"async\" class=\"alignnone wp-image-626\" src=\"https:\/\/hydraulic-cylinders.net\/wp-content\/uploads\/2023\/08\/hydraulic-cylinder-product-1-300x158.webp\" alt=\"\" width=\"495\" height=\"260\" srcset=\"https:\/\/hydraulic-cylinders.net\/wp-content\/uploads\/2023\/08\/hydraulic-cylinder-product-1-300x158.webp 495w, https:\/\/hydraulic-cylinders.net\/wp-content\/uploads\/2023\/08\/hydraulic-cylinder-product-1-480x252.webp 480w\" sizes=\"(min-width: 0px) and (max-width: 480px) 480px, (min-width: 481px) 495px, 100vw\" \/> <img loading=\"lazy\" decoding=\"async\" class=\"alignnone wp-image-627\" src=\"https:\/\/hydraulic-cylinders.net\/wp-content\/uploads\/2023\/08\/hydraulic-cylinder-product-2-300x189.webp\" alt=\"\" width=\"413\" height=\"260\" \/><\/p>\n<h3>(2) Mecanizado<\/h3>\n<p>El taller de mecanizado est\u00e1 equipado con un centro de torneado de carril inclinado personalizado, un centro de mecanizado, una m\u00e1quina de bru\u00f1ido de alta velocidad, un robot de soldadura y otros equipos relacionados, que pueden procesar tubos cil\u00edndricos con un di\u00e1metro interior m\u00e1ximo de 400 mm y una longitud m\u00e1xima de 6 metros.<\/p>\n<p><img loading=\"lazy\" decoding=\"async\" class=\"alignnone wp-image-628 size-large\" src=\"https:\/\/hydraulic-cylinders.net\/wp-content\/uploads\/2023\/08\/hydraulic-cylinder-product-3-1024x391.webp\" alt=\"\" width=\"1024\" height=\"391\" srcset=\"https:\/\/hydraulic-cylinders.net\/wp-content\/uploads\/2023\/08\/hydraulic-cylinder-product-3-980x374.webp 980w, https:\/\/hydraulic-cylinders.net\/wp-content\/uploads\/2023\/08\/hydraulic-cylinder-product-3-480x183.webp 480w\" sizes=\"(min-width: 0px) and (max-width: 480px) 480px, (min-width: 481px) and (max-width: 980px) 980px, (min-width: 981px) 1024px, 100vw\" \/><\/p>\n<h3>(3) Soldadura<\/h3>\n<p><img loading=\"lazy\" decoding=\"async\" class=\"alignnone wp-image-629 size-large\" src=\"https:\/\/hydraulic-cylinders.net\/wp-content\/uploads\/2023\/08\/hydraulic-cylinder-product-4-1024x510.webp\" alt=\"\" width=\"1024\" height=\"510\" srcset=\"https:\/\/hydraulic-cylinders.net\/wp-content\/uploads\/2023\/08\/hydraulic-cylinder-product-4-980x488.webp 980w, https:\/\/hydraulic-cylinders.net\/wp-content\/uploads\/2023\/08\/hydraulic-cylinder-product-4-480x239.webp 480w\" sizes=\"(min-width: 0px) and (max-width: 480px) 480px, (min-width: 481px) and (max-width: 980px) 980px, (min-width: 981px) 1024px, 100vw\" \/><\/p>\n<h3>(4) Pintura y revestimiento<\/h3>\n<p>Con peque\u00f1as y medianas l\u00edneas de cilindros autom\u00e1ticos de recubrimiento de pintura a base de agua, para lograr la carga y descarga autom\u00e1tica de robots y pulverizaci\u00f3n autom\u00e1tica, la capacidad de dise\u00f1o de 4000 piezas por turno;<br \/>\nTambi\u00e9n disponemos de una l\u00ednea semiautom\u00e1tica de producci\u00f3n de pintura para grandes cilindros accionada por cadena, con una capacidad de dise\u00f1o de 60 cajas por turno.<\/p>\n<p><img loading=\"lazy\" decoding=\"async\" class=\"alignnone wp-image-630\" src=\"https:\/\/hydraulic-cylinders.net\/wp-content\/uploads\/2023\/08\/hydraulic-cylinder-product-5-300x213.webp\" alt=\"\" width=\"366\" height=\"260\" \/> <img loading=\"lazy\" decoding=\"async\" class=\"alignnone wp-image-631\" src=\"https:\/\/hydraulic-cylinders.net\/wp-content\/uploads\/2023\/08\/hydraulic-cylinder-product-6-300x225.webp\" alt=\"\" width=\"347\" height=\"260\" \/><\/p>\n<h3>(5) Pruebas<\/h3>\n<p>Disponemos de instalaciones de inspecci\u00f3n y bancos de pruebas de primera clase para garantizar que el rendimiento del cilindro cumple los requisitos.<\/p>\n<p><img loading=\"lazy\" decoding=\"async\" class=\"alignnone wp-image-632\" src=\"https:\/\/hydraulic-cylinders.net\/wp-content\/uploads\/2023\/08\/hydraulic-cylinder-product-8-300x200.webp\" alt=\"\" width=\"389\" height=\"260\" \/><\/p>\n<p>&nbsp;<\/p>\n<p>&nbsp;<\/p>\n<p>Somos uno de los mejores fabricantes de cilindros hidr\u00e1ulicos. Ofrecemos cilindros hidr\u00e1ulicos integrales. Tambi\u00e9n proporcionamos... <a href=\"https:\/\/hzpt.com\/agricultural-pto-gearbox\/\" target=\"_blank\" rel=\"noopener\">cajas de cambios agr\u00edcolas<\/a>Hemos exportado nuestros productos a clientes de todo el mundo y nos hemos ganado una excelente reputaci\u00f3n gracias a nuestra excelente calidad y servicio posventa. Invitamos a clientes nacionales e internacionales a contactarnos para negociar negocios, intercambiar informaci\u00f3n y... <a href=\"https:\/\/www.hydraulic-cylinders.net\/es\/contact-us\/\">colabore con nosotros<\/a>!<\/p>","protected":false},"excerpt":{"rendered":"<p>Trailing Suction Dredger Hanger Cylinder The trailing suction dredger hanger cylinder is a crucial hydraulic component that significantly optimizes the efficiency and effectiveness of dredging operations. Designed to provide reliable support and control, this cylinder ensures precise positioning and stability of the trailing suction hanger system. The trailing suction dredger hanger cylinder is vital in [&hellip;]<\/p>","protected":false},"featured_media":1769,"comment_status":"open","ping_status":"closed","template":"","meta":{"_et_pb_use_builder":"","_et_pb_old_content":"","_et_gb_content_width":""},"product_brand":[],"product_cat":[1535,1549,1552,1376],"product_tag":[1380],"class_list":{"0":"post-1768","1":"product","2":"type-product","3":"status-publish","4":"has-post-thumbnail","6":"product_cat-dredger-hydraulic-cylinders","7":"product_cat-single-acting-hydraulic-cylinder","8":"product_cat-stainless-steel-hydraulic-cylinder","9":"product_cat-hydraulic-cylinder","10":"product_tag-hydraulic-cylinder","12":"first","13":"instock","14":"shipping-taxable","15":"product-type-simple"},"amp_enabled":true,"_links":{"self":[{"href":"https:\/\/www.hydraulic-cylinders.net\/es\/wp-json\/wp\/v2\/product\/1768","targetHints":{"allow":["GET"]}}],"collection":[{"href":"https:\/\/www.hydraulic-cylinders.net\/es\/wp-json\/wp\/v2\/product"}],"about":[{"href":"https:\/\/www.hydraulic-cylinders.net\/es\/wp-json\/wp\/v2\/types\/product"}],"replies":[{"embeddable":true,"href":"https:\/\/www.hydraulic-cylinders.net\/es\/wp-json\/wp\/v2\/comments?post=1768"}],"wp:featuredmedia":[{"embeddable":true,"href":"https:\/\/www.hydraulic-cylinders.net\/es\/wp-json\/wp\/v2\/media\/1769"}],"wp:attachment":[{"href":"https:\/\/www.hydraulic-cylinders.net\/es\/wp-json\/wp\/v2\/media?parent=1768"}],"wp:term":[{"taxonomy":"product_brand","embeddable":true,"href":"https:\/\/www.hydraulic-cylinders.net\/es\/wp-json\/wp\/v2\/product_brand?post=1768"},{"taxonomy":"product_cat","embeddable":true,"href":"https:\/\/www.hydraulic-cylinders.net\/es\/wp-json\/wp\/v2\/product_cat?post=1768"},{"taxonomy":"product_tag","embeddable":true,"href":"https:\/\/www.hydraulic-cylinders.net\/es\/wp-json\/wp\/v2\/product_tag?post=1768"}],"curies":[{"name":"wp","href":"https:\/\/api.w.org\/{rel}","templated":true}]}}