{"id":1778,"date":"2023-10-13T07:48:25","date_gmt":"2023-10-13T07:48:25","guid":{"rendered":"https:\/\/hydraulic-cylinders.net\/?post_type=product&#038;p=1778"},"modified":"2025-04-15T05:54:51","modified_gmt":"2025-04-15T05:54:51","slug":"barge-split-cylinder","status":"publish","type":"product","link":"https:\/\/www.hydraulic-cylinders.net\/es\/producto\/barge-split-cylinder\/","title":{"rendered":"Cilindro partido de barcaza"},"content":{"rendered":"<h1 style=\"text-align: center;\"><strong>Cilindro partido de barcaza<\/strong><\/h1>\n<h1 style=\"text-align: center;\"><img loading=\"lazy\" decoding=\"async\" class=\"alignnone size-medium wp-image-1782\" src=\"https:\/\/hydraulic-cylinders.net\/wp-content\/uploads\/2023\/10\/split-cylinder-1-0-300x300.webp\" alt=\"\" width=\"300\" height=\"300\" \/><\/h1>\n<p>El cilindro hidr\u00e1ulico para barcazas es un producto revolucionario dise\u00f1ado para optimizar las operaciones mar\u00edtimas, especialmente en el transporte y la manipulaci\u00f3n de mercanc\u00edas y materiales. Este innovador cilindro hidr\u00e1ulico ofrece una gama de caracter\u00edsticas y ventajas que mejoran la eficiencia, la seguridad y la productividad.<\/p>\n<p>El cilindro partido para barcazas ofrece una gama de caracter\u00edsticas y beneficios que mejoran la eficiencia, la seguridad y la productividad en las operaciones mar\u00edtimas. Su dise\u00f1o partido, alta capacidad de carga, control preciso y sistema hidr\u00e1ulico confiable lo hacen valioso para la manipulaci\u00f3n de carga, dragado y actividades de construcci\u00f3n en alta mar. Siguiendo los m\u00e9todos de uso y las pr\u00e1cticas de mantenimiento recomendadas, los operadores pueden maximizar el rendimiento y la longevidad del cilindro partido para barcazas, mejorando as\u00ed la eficiencia y la eficacia de las operaciones mar\u00edtimas.<\/p>\n<p>Caracter\u00edsticas principales del cilindro partido de barcaza:<\/p>\n<ol>\n<li>Dise\u00f1o dividido para mayor versatilidad:<\/li>\n<\/ol>\n<ul>\n<li>El cilindro dividido de barcaza presenta un dise\u00f1o dividido \u00fanico, lo que permite una f\u00e1cil instalaci\u00f3n y extracci\u00f3n.<\/li>\n<li>Este dise\u00f1o permite una r\u00e1pida y eficiente conexi\u00f3n o desconexi\u00f3n del cilindro, garantizando flexibilidad y adaptabilidad para diversas aplicaciones marinas.<\/li>\n<\/ul>\n<ol start=\"2\">\n<li>Alta capacidad de carga:<\/li>\n<\/ol>\n<ul>\n<li>El cilindro cuenta con una construcci\u00f3n robusta, capaz de soportar cargas pesadas y duras condiciones marinas.<\/li>\n<li>Su alta capacidad de carga lo hace adecuado para operaciones marinas, incluido el manejo de carga, el dragado y la construcci\u00f3n en alta mar.<\/li>\n<\/ul>\n<ol start=\"3\">\n<li>Control y posicionamiento precisos:<\/li>\n<\/ol>\n<ul>\n<li>El cilindro divisor de barcaza ofrece capacidades precisas de control y posicionamiento, lo que permite manipular cargas o materiales con precisi\u00f3n.<\/li>\n<li>Los operadores pueden lograr movimientos suaves y controlados, garantizando una colocaci\u00f3n y alineaci\u00f3n precisas durante el manejo de carga u otras operaciones marinas.<\/li>\n<\/ul>\n<ol start=\"4\">\n<li>Sistema hidr\u00e1ulico confiable:<\/li>\n<\/ol>\n<ul>\n<li>Equipado con un sistema hidr\u00e1ulico confiable, el cilindro garantiza un rendimiento constante y un funcionamiento suave.<\/li>\n<li>El sistema hidr\u00e1ulico proporciona suficiente potencia y control, lo que facilita un funcionamiento fluido y eficiente del cilindro en entornos marinos exigentes.<\/li>\n<\/ul>\n<h2><strong>Par\u00e1metros del cilindro dividido de la barcaza:<\/strong><\/h2>\n<table border=\"1\" cellspacing=\"0\" cellpadding=\"0\">\n<tbody>\n<tr>\n<td>Nombre del producto<\/td>\n<td>Barcaza dividida Cilindro dividido<\/td>\n<\/tr>\n<tr>\n<td>Caracter\u00edsticas:<\/td>\n<td>Casco cerrado<\/td>\n<\/tr>\n<tr>\n<td>Di\u00e1metro del orificio:<\/td>\n<td>Hasta 550 mm<\/td>\n<\/tr>\n<tr>\n<td>Di\u00e1metro de la varilla:<\/td>\n<td>Hasta 280 mm<br \/>\nCarrera \u2264 1000 mm<\/td>\n<\/tr>\n<tr>\n<td>Fuerza de tracci\u00f3n:<\/td>\n<td>Hasta 6000KN<\/td>\n<\/tr>\n<tr>\n<td>Presi\u00f3n:<\/td>\n<td>Hasta 38 MPa<\/td>\n<\/tr>\n<tr>\n<td>Aplicaciones:<\/td>\n<td>Barcaza dividida<\/td>\n<\/tr>\n<\/tbody>\n<\/table>\n<div><\/div>\n<div>\n<div class=\"txtboxL\">\n<div class=\"txtboxL\">\n<div class=\"txtboxL\">\n<div class=\"txtboxL\">\n<div class=\"txtboxL\">Caracter\u00edsticas:<\/div>\n<div class=\"txtboxR\">Casco cerrado<\/div>\n<div class=\"txtboxL\">Especificaci\u00f3n:<\/div>\n<div class=\"txtboxR\">Di\u00e1metro del orificio: hasta 550 mm<br \/>\nDi\u00e1metro de la varilla: hasta 280 mm<br \/>\nCarrera \u2264 1000 mm<\/div>\n<div class=\"txtboxL\">Fuerza de tracci\u00f3n:<\/div>\n<div class=\"txtboxR\">hasta 6000KN<\/div>\n<div class=\"txtboxL\">presi\u00f3n:<\/div>\n<div class=\"txtboxR\">hasta 38 MPa<\/div>\n<\/div>\n<\/div>\n<\/div>\n<\/div>\n<\/div>\n<h2><strong>Aplicaci\u00f3n del cilindro dividido de barcaza:<\/strong><\/h2>\n<p><img loading=\"lazy\" decoding=\"async\" class=\"alignnone wp-image-1780 size-full\" src=\"https:\/\/hydraulic-cylinders.net\/wp-content\/uploads\/2023\/10\/split-barge-cylinder-1.webp\" alt=\"\" width=\"1418\" height=\"946\" srcset=\"https:\/\/hydraulic-cylinders.net\/wp-content\/uploads\/2023\/10\/split-barge-cylinder-1.webp 1418w, https:\/\/hydraulic-cylinders.net\/wp-content\/uploads\/2023\/10\/split-barge-cylinder-1-1280x854.webp 1280w, https:\/\/hydraulic-cylinders.net\/wp-content\/uploads\/2023\/10\/split-barge-cylinder-1-980x654.webp 980w, https:\/\/hydraulic-cylinders.net\/wp-content\/uploads\/2023\/10\/split-barge-cylinder-1-480x320.webp 480w\" sizes=\"(min-width: 0px) and (max-width: 480px) 480px, (min-width: 481px) and (max-width: 980px) 980px, (min-width: 981px) and (max-width: 1280px) 1280px, (min-width: 1281px) 1418px, 100vw\" \/><\/p>\n<h2><strong>M\u00e9todo de uso del cilindro partido de barcaza<\/strong><strong>:<\/strong><\/h2>\n<ol>\n<li><strong>Instalaci\u00f3n:<\/strong><\/li>\n<\/ol>\n<ul>\n<li>Comience por garantizar una base segura y estable para la barcaza o el barco.<\/li>\n<li>Coloque el cilindro divisor de la barcaza en la ubicaci\u00f3n deseada en la barcaza, asegurando una alineaci\u00f3n adecuada con la carga o el material a manipular.<\/li>\n<li>Fije firmemente el cilindro utilizando el hardware de montaje adecuado y siga las pautas del fabricante para las especificaciones de torque.<\/li>\n<\/ul>\n<ol start=\"2\">\n<li><strong>Conexiones hidr\u00e1ulicas:<\/strong><\/li>\n<\/ol>\n<ul>\n<li>Conecte las mangueras hidr\u00e1ulicas del sistema de la barcaza al cilindro divisor de la barcaza.<\/li>\n<li>Aseg\u00farese de que las conexiones est\u00e9n bien ajustadas y sin fugas.<\/li>\n<li>Verifique los ajustes de presi\u00f3n y flujo del sistema hidr\u00e1ulico para garantizar la compatibilidad con los requisitos del cilindro.<\/li>\n<\/ul>\n<ol start=\"3\">\n<li><strong>Manejo de carga:<\/strong><\/li>\n<\/ol>\n<ul>\n<li>Active el sistema hidr\u00e1ulico de la barcaza y opere los controles para extender o retraer el cilindro divisor de la barcaza seg\u00fan sea necesario.<\/li>\n<li>Utilice las funciones de control precisas para manipular la carga o el material con precisi\u00f3n y eficiencia.<\/li>\n<li>Supervise la carga durante el manejo para garantizar un funcionamiento seguro.<\/li>\n<\/ul>\n<h2><strong>\u00bfC\u00f3mo quitar el cilindro hidr\u00e1ulico de la silla?<\/strong><\/h2>\n<p>Para quitar un cilindro hidr\u00e1ulico de una silla, necesitar\u00e1 algunas herramientas esenciales y seguir estas instrucciones paso a paso:<\/p>\n<ol>\n<li><strong>Re\u00fane las herramientas necesarias:<\/strong>\n<ul>\n<li>Llave inglesa ajustable o llave de tubo<\/li>\n<li>Mazo o martillo de goma<\/li>\n<li>Destornillador (si es necesario)<\/li>\n<\/ul>\n<\/li>\n<li><strong>Prepare el \u00e1rea de trabajo:<\/strong>\n<ul>\n<li>Aseg\u00farese de tener un espacio limpio y bien iluminado para trabajar.<\/li>\n<li>Coloque un pa\u00f1o o una cubierta protectora en el piso para evitar da\u00f1ar la silla o el \u00e1rea circundante.<\/li>\n<\/ul>\n<\/li>\n<li><strong>Localice los puntos de fijaci\u00f3n:<\/strong>\n<ul>\n<li>Examine la silla para identificar los puntos de fijaci\u00f3n del cilindro hidr\u00e1ulico. Estos suelen estar ubicados debajo del asiento.<\/li>\n<li>Busque cubiertas o tapas protectoras que puedan estar ocultando los puntos de fijaci\u00f3n.<\/li>\n<\/ul>\n<\/li>\n<li><strong>Retire todas las cubiertas o tapas:<\/strong>\n<ul>\n<li>Si hay cubiertas o tapas sobre los puntos de fijaci\u00f3n, utilice un destornillador o los dedos para quitarlas.<\/li>\n<li>Deje las cubiertas o tapas a un lado en un lugar seguro.<\/li>\n<\/ul>\n<\/li>\n<li><strong>Afloje la tuerca de retenci\u00f3n:<\/strong>\n<ul>\n<li>Utilice una llave ajustable o una llave de tubo para sujetar la tuerca de retenci\u00f3n en la parte superior del cilindro hidr\u00e1ulico.<\/li>\n<li>Gire la llave en sentido antihorario para aflojar la tuerca.<\/li>\n<li>Tenga en cuenta que algunas sillas pueden tener un clip de retenci\u00f3n en lugar de una tuerca. En tales casos, podr\u00eda ser necesario retirar el clip con unos alicates o un destornillador.<\/li>\n<\/ul>\n<\/li>\n<li><strong>Retire el cilindro de la base de la silla:<\/strong>\n<ul>\n<li>Despu\u00e9s de aflojar la tuerca de retenci\u00f3n, sujete firmemente el asiento de la silla con una mano para estabilizarlo.<\/li>\n<li>Con la otra mano, sujete firmemente la parte superior del cilindro hidr\u00e1ulico.<\/li>\n<li>Aplique fuerza hacia arriba mientras gira y tira del cilindro para separarlo de la base de la silla.<\/li>\n<li>Si el cilindro est\u00e1 atascado, puedes golpearlo suavemente con un mazo de goma o un martillo para ayudar a aflojarlo.<\/li>\n<\/ul>\n<\/li>\n<li><strong>Inspeccionar y limpiar:<\/strong>\n<ul>\n<li>Una vez retirado el cilindro hidr\u00e1ulico, inspecci\u00f3nelo para detectar cualquier signo de da\u00f1o o desgaste.<\/li>\n<li>Limpie el cilindro y la base de la silla con un pa\u00f1o o una soluci\u00f3n de limpieza suave si es necesario.<\/li>\n<li>Revise los puntos de fijaci\u00f3n de la silla para asegurarse de que est\u00e9n limpios y libres de residuos.<\/li>\n<\/ul>\n<\/li>\n<li><strong>Reemplazo o mantenimiento:<\/strong>\n<ul>\n<li>Si va a retirar el cilindro hidr\u00e1ulico para realizar tareas de mantenimiento o reemplazo, siga las instrucciones del fabricante para el modelo espec\u00edfico de la silla.<\/li>\n<li>Si el cilindro est\u00e1 da\u00f1ado o no funciona correctamente, comun\u00edquese con el fabricante o con un especialista en reparaci\u00f3n de sillas para obtener un reemplazo adecuado.<\/li>\n<\/ul>\n<\/li>\n<\/ol>\n<h2><strong>Capacidad de la f\u00e1brica:<\/strong><\/h2>\n<h3>(1) Montaje<\/h3>\n<p>Contamos con una plataforma de ensamblaje independiente de primera clase para investigaci\u00f3n y desarrollo. El taller de producci\u00f3n de cilindros hidr\u00e1ulicos cuenta con cuatro l\u00edneas de ensamblaje de cilindros de elevaci\u00f3n semiautom\u00e1ticos y una l\u00ednea de ensamblaje de cilindros de inclinaci\u00f3n autom\u00e1ticos, con una capacidad de producci\u00f3n anual dise\u00f1ada de 1 mill\u00f3n de piezas. El taller de cilindros especiales est\u00e1 equipado con un sistema de ensamblaje de limpieza semiautom\u00e1tico de diversas especificaciones, con una capacidad de producci\u00f3n anual dise\u00f1ada de 200,000 unidades, y est\u00e1 equipado con reconocidos equipos de mecanizado CNC, un centro de mecanizado, equipos especiales de procesamiento de cilindros de alta precisi\u00f3n, una m\u00e1quina de soldadura robotizada, una m\u00e1quina de limpieza autom\u00e1tica, una m\u00e1quina de ensamblaje de cilindros autom\u00e1ticos y una l\u00ednea de producci\u00f3n de pintura autom\u00e1tica. Contamos con m\u00e1s de 300 equipos cr\u00edticos. La asignaci\u00f3n \u00f3ptima y el uso eficiente de los recursos de equipo garantizan la precisi\u00f3n y la alta calidad de los productos.<\/p>\n<p><img loading=\"lazy\" decoding=\"async\" class=\"alignnone wp-image-626\" src=\"https:\/\/hydraulic-cylinders.net\/wp-content\/uploads\/2023\/08\/hydraulic-cylinder-product-1-300x158.webp\" alt=\"\" width=\"495\" height=\"260\" srcset=\"https:\/\/hydraulic-cylinders.net\/wp-content\/uploads\/2023\/08\/hydraulic-cylinder-product-1-300x158.webp 495w, https:\/\/hydraulic-cylinders.net\/wp-content\/uploads\/2023\/08\/hydraulic-cylinder-product-1-480x252.webp 480w\" sizes=\"(min-width: 0px) and (max-width: 480px) 480px, (min-width: 481px) 495px, 100vw\" \/> <img loading=\"lazy\" decoding=\"async\" class=\"alignnone wp-image-627\" src=\"https:\/\/hydraulic-cylinders.net\/wp-content\/uploads\/2023\/08\/hydraulic-cylinder-product-2-300x189.webp\" alt=\"\" width=\"413\" height=\"260\" \/><\/p>\n<h3>(2) Mecanizado<\/h3>\n<p>El taller de mecanizado est\u00e1 equipado con un centro de torneado de carril inclinado personalizado, un centro de mecanizado, una m\u00e1quina de bru\u00f1ido de alta velocidad, un robot de soldadura y otros equipos relacionados, que pueden procesar tubos cil\u00edndricos con un di\u00e1metro interior m\u00e1ximo de 400 mm y una longitud m\u00e1xima de 6 metros.<\/p>\n<p><img loading=\"lazy\" decoding=\"async\" class=\"alignnone wp-image-628 size-large\" src=\"https:\/\/hydraulic-cylinders.net\/wp-content\/uploads\/2023\/08\/hydraulic-cylinder-product-3-1024x391.webp\" alt=\"\" width=\"1024\" height=\"391\" srcset=\"https:\/\/hydraulic-cylinders.net\/wp-content\/uploads\/2023\/08\/hydraulic-cylinder-product-3-980x374.webp 980w, https:\/\/hydraulic-cylinders.net\/wp-content\/uploads\/2023\/08\/hydraulic-cylinder-product-3-480x183.webp 480w\" sizes=\"(min-width: 0px) and (max-width: 480px) 480px, (min-width: 481px) and (max-width: 980px) 980px, (min-width: 981px) 1024px, 100vw\" \/><\/p>\n<h3>(3) Soldadura<\/h3>\n<p><img loading=\"lazy\" decoding=\"async\" class=\"alignnone wp-image-629 size-large\" src=\"https:\/\/hydraulic-cylinders.net\/wp-content\/uploads\/2023\/08\/hydraulic-cylinder-product-4-1024x510.webp\" alt=\"\" width=\"1024\" height=\"510\" srcset=\"https:\/\/hydraulic-cylinders.net\/wp-content\/uploads\/2023\/08\/hydraulic-cylinder-product-4-980x488.webp 980w, https:\/\/hydraulic-cylinders.net\/wp-content\/uploads\/2023\/08\/hydraulic-cylinder-product-4-480x239.webp 480w\" sizes=\"(min-width: 0px) and (max-width: 480px) 480px, (min-width: 481px) and (max-width: 980px) 980px, (min-width: 981px) 1024px, 100vw\" \/><\/p>\n<h3>(4) Pintura y revestimiento<\/h3>\n<p>Con peque\u00f1as y medianas l\u00edneas de cilindros autom\u00e1ticos de recubrimiento de pintura a base de agua, para lograr la carga y descarga autom\u00e1tica de robots y pulverizaci\u00f3n autom\u00e1tica, la capacidad de dise\u00f1o de 4000 piezas por turno;<br \/>\nTambi\u00e9n disponemos de una l\u00ednea semiautom\u00e1tica de producci\u00f3n de pintura para grandes cilindros accionada por cadena, con una capacidad de dise\u00f1o de 60 cajas por turno.<\/p>\n<p><img loading=\"lazy\" decoding=\"async\" class=\"alignnone wp-image-630\" src=\"https:\/\/hydraulic-cylinders.net\/wp-content\/uploads\/2023\/08\/hydraulic-cylinder-product-5-300x213.webp\" alt=\"\" width=\"366\" height=\"260\" \/> <img loading=\"lazy\" decoding=\"async\" class=\"alignnone wp-image-631\" src=\"https:\/\/hydraulic-cylinders.net\/wp-content\/uploads\/2023\/08\/hydraulic-cylinder-product-6-300x225.webp\" alt=\"\" width=\"347\" height=\"260\" \/><\/p>\n<h3>(5) Pruebas<\/h3>\n<p>Disponemos de instalaciones de inspecci\u00f3n y bancos de pruebas de primera clase para garantizar que el rendimiento del cilindro cumple los requisitos.<\/p>\n<p><img loading=\"lazy\" decoding=\"async\" class=\"alignnone wp-image-632\" src=\"https:\/\/hydraulic-cylinders.net\/wp-content\/uploads\/2023\/08\/hydraulic-cylinder-product-8-300x200.webp\" alt=\"\" width=\"389\" height=\"260\" \/><\/p>\n<p>&nbsp;<\/p>\n<p>&nbsp;<\/p>\n<p>Somos uno de los mejores fabricantes de cilindros hidr\u00e1ulicos. Ofrecemos cilindros hidr\u00e1ulicos integrales. Tambi\u00e9n proporcionamos... <a href=\"https:\/\/hzpt.com\/agricultural-pto-gearbox\/\" target=\"_blank\" rel=\"noopener\">cajas de cambios agr\u00edcolas<\/a>Hemos exportado nuestros productos a clientes de todo el mundo y nos hemos ganado una excelente reputaci\u00f3n gracias a nuestra excelente calidad y servicio posventa. Invitamos a clientes nacionales e internacionales a contactarnos para negociar negocios, intercambiar informaci\u00f3n y... <a href=\"https:\/\/www.hydraulic-cylinders.net\/es\/contact-us\/\">colabore con nosotros<\/a>!<\/p>","protected":false},"excerpt":{"rendered":"<p>Barge Split Cylinder The barge split cylinder is a revolutionary product designed to optimize marine operations, particularly in transporting and handling goods and materials. This innovative hydraulic cylinder offers a range of features and benefits that enhance efficiency, safety, and productivity. The barge split cylinder offers a range of features and benefits that enhance efficiency, [&hellip;]<\/p>","protected":false},"featured_media":1783,"comment_status":"open","ping_status":"closed","template":"","meta":{"_et_pb_use_builder":"","_et_pb_old_content":"","_et_gb_content_width":""},"product_brand":[],"product_cat":[1550,1536,1552,1376],"product_tag":[1380],"class_list":{"0":"post-1778","1":"product","2":"type-product","3":"status-publish","4":"has-post-thumbnail","6":"product_cat-double-acting-hydraulic-cylinder","7":"product_cat-offshore-platform-hydraulic-cylinders","8":"product_cat-stainless-steel-hydraulic-cylinder","9":"product_cat-hydraulic-cylinder","10":"product_tag-hydraulic-cylinder","12":"first","13":"instock","14":"shipping-taxable","15":"product-type-simple"},"amp_enabled":true,"_links":{"self":[{"href":"https:\/\/www.hydraulic-cylinders.net\/es\/wp-json\/wp\/v2\/product\/1778","targetHints":{"allow":["GET"]}}],"collection":[{"href":"https:\/\/www.hydraulic-cylinders.net\/es\/wp-json\/wp\/v2\/product"}],"about":[{"href":"https:\/\/www.hydraulic-cylinders.net\/es\/wp-json\/wp\/v2\/types\/product"}],"replies":[{"embeddable":true,"href":"https:\/\/www.hydraulic-cylinders.net\/es\/wp-json\/wp\/v2\/comments?post=1778"}],"wp:featuredmedia":[{"embeddable":true,"href":"https:\/\/www.hydraulic-cylinders.net\/es\/wp-json\/wp\/v2\/media\/1783"}],"wp:attachment":[{"href":"https:\/\/www.hydraulic-cylinders.net\/es\/wp-json\/wp\/v2\/media?parent=1778"}],"wp:term":[{"taxonomy":"product_brand","embeddable":true,"href":"https:\/\/www.hydraulic-cylinders.net\/es\/wp-json\/wp\/v2\/product_brand?post=1778"},{"taxonomy":"product_cat","embeddable":true,"href":"https:\/\/www.hydraulic-cylinders.net\/es\/wp-json\/wp\/v2\/product_cat?post=1778"},{"taxonomy":"product_tag","embeddable":true,"href":"https:\/\/www.hydraulic-cylinders.net\/es\/wp-json\/wp\/v2\/product_tag?post=1778"}],"curies":[{"name":"wp","href":"https:\/\/api.w.org\/{rel}","templated":true}]}}