{"id":18888,"date":"2025-04-07T06:00:31","date_gmt":"2025-04-07T06:00:31","guid":{"rendered":"https:\/\/www.hydraulic-cylinders.net\/product\/boom-cylinder-for-sumitomo-small-excavator-sh60a3\/"},"modified":"2025-04-07T06:00:34","modified_gmt":"2025-04-07T06:00:34","slug":"boom-cylinder-for-sumitomo-small-excavator-sh60a3","status":"publish","type":"product","link":"https:\/\/www.hydraulic-cylinders.net\/es\/producto\/boom-cylinder-for-sumitomo-small-excavator-sh60a3\/","title":{"rendered":"Cilindro de pluma para excavadora peque\u00f1a Sumitomo SH60A3"},"content":{"rendered":"<h1>Cilindro de pluma para excavadora peque\u00f1a Sumitomo SH60A3<\/h1>\n<h2>Descripci\u00f3n general del producto<\/h2>\n<p>El cilindro de la pluma de la excavadora peque\u00f1a Sumitomo SH60A3 desempe\u00f1a un papel crucial en el sistema hidr\u00e1ulico de la excavadora. Este cilindro hidr\u00e1ulico est\u00e1 dise\u00f1ado espec\u00edficamente para controlar el movimiento del cuchar\u00f3n, permiti\u00e9ndole elevar, bajar e inclinar, lo que facilita la manipulaci\u00f3n eficaz de materiales. Los cilindros hidr\u00e1ulicos, como el del cuchar\u00f3n, son componentes esenciales en maquinaria pesada como excavadoras, retroexcavadoras y cargadoras frontales. Convierten la energ\u00eda hidr\u00e1ulica en fuerza mec\u00e1nica, lo que permite a los operadores realizar diversas operaciones con precisi\u00f3n y eficiencia.<\/p>\n<p><img decoding=\"async\" src=\"https:\/\/www.hydraulic-cylinders.net\/wp-content\/uploads\/2025\/04\/songte-company-1.webp\" alt=\"Imagen del cilindro de la pluma\" \/><\/p>\n<h3>Definici\u00f3n y funcionalidad<\/h3>\n<p>Los cilindros del cuchar\u00f3n act\u00faan como fuerza motriz del movimiento del cuchar\u00f3n de la excavadora. Al bombear fluido hidr\u00e1ulico al cilindro, se genera una presi\u00f3n que empuja el pist\u00f3n, lo que impulsa el cuchar\u00f3n. El dise\u00f1o de estos cilindros garantiza que puedan soportar cargas considerables y operar en condiciones dif\u00edciles, lo que los hace esenciales para la construcci\u00f3n, la excavaci\u00f3n y otras aplicaciones de servicio pesado.<\/p>\n<h2>Caracter\u00edsticas del cilindro de la pluma<\/h2>\n<ul>\n<li><strong>Alta resistencia y durabilidad:<\/strong> Construidos en acero o aluminio de alta resistencia, estos cilindros pueden soportar alta presi\u00f3n y cargas pesadas, dise\u00f1ados para soportar entornos de trabajo hostiles.<\/li>\n<li><strong>Operaci\u00f3n hidr\u00e1ulica eficiente:<\/strong> Los cilindros utilizan presi\u00f3n de aceite hidr\u00e1ulico para lograr una extensi\u00f3n y retracci\u00f3n suaves, respondiendo r\u00e1pidamente a los comandos operativos con potentes capacidades de empuje y tracci\u00f3n.<\/li>\n<li><strong>Diversos tipos:<\/strong> Disponibles en configuraciones de simple efecto (en una direcci\u00f3n) o doble efecto (en ambas direcciones) para satisfacer diversas necesidades operativas. Algunos modelos son telesc\u00f3picos, lo que permite una mayor extensi\u00f3n sin aumentar las dimensiones externas.<\/li>\n<\/ul>\n<h3>Capacidades de fabricaci\u00f3n<\/h3>\n<p>Somos expertos en la producci\u00f3n de este producto y nuestros cilindros est\u00e1n dise\u00f1ados para reemplazar perfectamente los cilindros hidr\u00e1ulicos existentes en diversas aplicaciones.<\/p>\n<p><img decoding=\"async\" src=\"https:\/\/www.hydraulic-cylinders.net\/wp-content\/uploads\/2025\/04\/songte-cylinder-head-with-all-kinds-excavator-models.webp\" alt=\"Imagen de la culata\" \/><\/p>\n<h2>Aplicaciones del cilindro de la pluma<\/h2>\n<h3>Equipos de construcci\u00f3n<\/h3>\n<p>El cilindro de la pluma es fundamental en las excavadoras, esencial para excavar, cargar y mover tierra o escombros. El cilindro del cuchar\u00f3n facilita tanto la excavaci\u00f3n como la elevaci\u00f3n, permitiendo a los operadores realizar m\u00faltiples tareas con eficiencia. En las retroexcavadoras, el cilindro del cuchar\u00f3n desempe\u00f1a un papel clave para aumentar la versatilidad de la m\u00e1quina, permiti\u00e9ndole alternar entre diferentes funciones sin problemas.<\/p>\n<h3>Maquinaria agr\u00edcola<\/h3>\n<p>En las cargadoras frontales, los cilindros de la pluma se utilizan para recoger, levantar y transportar tierra, heno y otros materiales. Su rendimiento fiable en la agricultura garantiza un funcionamiento eficiente, permitiendo a los agricultores manipular los materiales con facilidad y precisi\u00f3n. Su capacidad para operar en diversas condiciones los convierte en la opci\u00f3n preferida en el sector agr\u00edcola.<\/p>\n<h3>excavadoras<\/h3>\n<p>El cilindro del cuchar\u00f3n facilita la excavaci\u00f3n, permitiendo que el cuchar\u00f3n penetre en el suelo sin esfuerzo. Este mecanismo es crucial para las tareas de excavaci\u00f3n, ya que garantiza una manipulaci\u00f3n eficaz de los materiales y, por lo tanto, una mayor productividad. El dise\u00f1o de estos cilindros garantiza un funcionamiento fluido, minimizando el tiempo de inactividad durante proyectos cr\u00edticos.<\/p>\n<h3>Cargadores<\/h3>\n<p>En las cargadoras frontales, estos cilindros ayudan a elevar y descargar cargas eficientemente. Su robusta construcci\u00f3n les permite soportar pesos considerables manteniendo la eficiencia operativa. El dise\u00f1o del cilindro del cuchar\u00f3n facilita una distribuci\u00f3n \u00f3ptima del peso, garantizando la estabilidad durante las operaciones.<\/p>\n<h2>Consideraciones de dise\u00f1o y criterios de selecci\u00f3n<\/h2>\n<h3>Capacidad de carga<\/h3>\n<p>Al seleccionar un cilindro de pluma, su capacidad de carga es fundamental. Debe ser capaz de soportar el peso m\u00e1ximo que la excavadora soportar\u00e1 durante las operaciones. Esto implica evaluar la resistencia de los materiales utilizados y el dise\u00f1o general del cilindro. Un cilindro que pueda soportar cargas pesadas sin deformarse ni fallar garantiza la seguridad y la eficiencia durante las operaciones.<\/p>\n<h3>Rendimiento de sellado<\/h3>\n<p>Un sellado eficaz es crucial para evitar fugas de fluido hidr\u00e1ulico y mantener la presi\u00f3n dentro del cilindro. La selecci\u00f3n de sellos de alta calidad fabricados con materiales duraderos prolonga la vida \u00fatil del cilindro y garantiza un rendimiento \u00f3ptimo. Las revisiones peri\u00f3dicas de los sellos pueden evitar costosas reparaciones y tiempos de inactividad, por lo que el rendimiento del sellado es un factor clave en el proceso de selecci\u00f3n.<\/p>\n<h3>Durabilidad y confiabilidad<\/h3>\n<p>La durabilidad de un cilindro de pluma es esencial para su funcionamiento a largo plazo en entornos hostiles. Se deben considerar factores como la resistencia a la corrosi\u00f3n, la resistencia al desgaste y la capacidad de soportar temperaturas extremas. Un cilindro de pluma confiable minimiza la necesidad de reemplazos y reparaciones frecuentes, lo que reduce significativamente los costos operativos a largo plazo.<\/p>\n<h3>Caracter\u00edsticas de seguridad<\/h3>\n<p>La seguridad es una prioridad en el dise\u00f1o de cilindros hidr\u00e1ulicos. Implementar caracter\u00edsticas de seguridad como v\u00e1lvulas de alivio de presi\u00f3n y una construcci\u00f3n robusta puede prevenir fallas catastr\u00f3ficas. Los operadores deben recibir capacitaci\u00f3n para reconocer los posibles riesgos de seguridad asociados con fallas en los cilindros, garantizando as\u00ed un entorno de trabajo seguro.<\/p>\n<h3>Mantenimiento y reparabilidad<\/h3>\n<p>La facilidad de mantenimiento y reparaci\u00f3n tambi\u00e9n debe influir en la selecci\u00f3n de un cilindro de pluma. Los dise\u00f1os que permiten una inspecci\u00f3n y sustituci\u00f3n sencillas de las piezas de desgaste pueden ahorrar tiempo y reducir los costes de mantenimiento. Un buen dise\u00f1o facilitar\u00e1 el acceso a los sellos y otros componentes, lo que facilita el mantenimiento rutinario para los operadores.<\/p>\n<p><img decoding=\"async\" src=\"https:\/\/www.hydraulic-cylinders.net\/wp-content\/uploads\/2025\/04\/songte-oil-pipes-and-spare-parts.webp\" alt=\"Imagen de tuber\u00edas de aceite y repuestos\" \/><\/p>\n<h2>Sellado y lubricaci\u00f3n del cilindro de la pluma<\/h2>\n<p>Para garantizar el rendimiento \u00f3ptimo del cilindro de la pluma, se utilizan diversos elementos de sellado, como sellos de pist\u00f3n y de v\u00e1stago. Los sellos de poliuretano, caucho de nitrilo y otros materiales resistentes al desgaste son cruciales para mantener la presi\u00f3n y prevenir fugas. Es fundamental que el cuerpo del cilindro y los extremos roscados se sometan a un mecanizado preciso para mejorar la resistencia al desgaste. La lubricaci\u00f3n regular con el aceite hidr\u00e1ulico adecuado es necesaria para reducir la fricci\u00f3n y prolongar la vida \u00fatil del cilindro. Este mantenimiento ayuda a prevenir el desgaste prematuro y garantiza el buen funcionamiento del sistema hidr\u00e1ulico.<\/p>\n<h2>Medidas de mantenimiento preventivo<\/h2>\n<ul>\n<li><strong>Inspecciones regulares:<\/strong> Realizar revisiones rutinarias para detectar signos de desgaste, fugas o da\u00f1os es vital para mantener la integridad del cilindro de la pluma. La detecci\u00f3n temprana de problemas puede prevenir problemas m\u00e1s graves.<\/li>\n<li><strong>Lubricaci\u00f3n adecuada:<\/strong> Asegurarse de que el aceite hidr\u00e1ulico est\u00e9 en los niveles apropiados y sea de la calidad correcta puede mejorar la eficiencia operativa y prolongar la vida \u00fatil del cilindro.<\/li>\n<li><strong>Reemplazo del sello:<\/strong> El reemplazo programado regularmente de los sellos puede prevenir fugas y mantener la presi\u00f3n hidr\u00e1ulica, esencial para un rendimiento eficaz.<\/li>\n<\/ul>\n<h2>Instrucciones de instalaci\u00f3n<\/h2>\n<p>La correcta instalaci\u00f3n del cilindro de la pluma es fundamental para su rendimiento y durabilidad. Aseg\u00farese de que los soportes de montaje est\u00e9n correctamente alineados y firmemente fijados. Utilice accesorios de instalaci\u00f3n adecuados para mantener la alineaci\u00f3n durante el proceso. Es importante lubricar los sellos antes de la instalaci\u00f3n para minimizar el desgaste. Despu\u00e9s de la instalaci\u00f3n, realice una prueba de presi\u00f3n del sistema para detectar fugas y garantizar que el cilindro funcione con la m\u00e1xima eficiencia. Consulte siempre las instrucciones del fabricante para conocer los ajustes de par de apriete y los procedimientos de instalaci\u00f3n espec\u00edficos, a fin de garantizar un montaje correcto para un funcionamiento seguro.<\/p>\n<p><img decoding=\"async\" src=\"https:\/\/www.hydraulic-cylinders.net\/wp-content\/uploads\/2025\/04\/songte-chushion-collar.webp\" alt=\"Imagen de cuello acolchado\" \/><\/p>\n<h2>Tareas comunes de mantenimiento<\/h2>\n<h3>Inspecciones peri\u00f3dicas<\/h3>\n<p>Realizar inspecciones peri\u00f3dicas del cilindro de la pluma es crucial para identificar posibles problemas antes de que provoquen una falla. Revise si hay signos de desgaste, fugas o da\u00f1os estructurales y solucione cualquier problema de inmediato. Las inspecciones peri\u00f3dicas ayudan a mantener la integridad y la seguridad del sistema.<\/p>\n<h3>Lubricaci\u00f3n adecuada<\/h3>\n<p>Aseg\u00farese de que el cilindro de la pluma est\u00e9 correctamente lubricado con el aceite hidr\u00e1ulico correcto. Revise peri\u00f3dicamente los niveles de aceite y reemplace el aceite contaminado o degradado. Una lubricaci\u00f3n adecuada reduce la fricci\u00f3n y el desgaste, lo que mejora el rendimiento del cilindro y prolonga su vida \u00fatil.<\/p>\n<h3>Reemplazo de sellos y controles de calibraci\u00f3n<\/h3>\n<p>El reemplazo rutinario de sellos es esencial para mantener la presi\u00f3n hidr\u00e1ulica y prevenir fugas. Revise regularmente el estado de los sellos y reempl\u00e1celos seg\u00fan sea necesario. Las comprobaciones de calibraci\u00f3n garantizan el correcto funcionamiento del sistema hidr\u00e1ulico, manteniendo el rendimiento deseado.<\/p>\n<h2>Consideraciones de seguridad y factores ambientales<\/h2>\n<p>Las medidas de seguridad son fundamentales al trabajar con cilindros hidr\u00e1ulicos. Los operadores deben recibir capacitaci\u00f3n sobre la importancia de los protocolos de seguridad, incluyendo el uso correcto del equipo de protecci\u00f3n personal (EPP) y la comprensi\u00f3n de la presi\u00f3n del sistema hidr\u00e1ulico. Factores ambientales, como la temperatura y la humedad, pueden afectar el rendimiento de los cilindros hidr\u00e1ulicos, por lo que es fundamental tomar precauciones para mitigar estos riesgos.<\/p>\n<h2>Soluci\u00f3n de problemas y problemas comunes<\/h2>\n<ul>\n<li><strong>Fuga:<\/strong> Las fugas de fluido hidr\u00e1ulico pueden indicar una falla en el sello o da\u00f1os en el cilindro. Identifique el origen de la fuga y reemplace los sellos o el cilindro seg\u00fan sea necesario.<\/li>\n<li><strong>P\u00e9rdida de presi\u00f3n:<\/strong> Una ca\u00edda de la presi\u00f3n hidr\u00e1ulica puede deberse a fugas o bloqueos en las l\u00edneas hidr\u00e1ulicas. Inspeccione el sistema para detectar problemas y resu\u00e9lvalos de inmediato.<\/li>\n<li><strong>Movimiento lento:<\/strong> Si el cilindro de la pluma funciona lentamente, podr\u00eda indicar niveles bajos de fluido hidr\u00e1ulico o contaminaci\u00f3n. Revise los niveles y la calidad del fluido, y rell\u00e9nelo o reempl\u00e1celo seg\u00fan sea necesario.<\/li>\n<\/ul>\n<h3>Consejos para la soluci\u00f3n de problemas<\/h3>\n<p>En caso de aver\u00eda, los operadores deben solucionar los problemas sistem\u00e1ticamente comprobando los niveles de fluido, verificando si hay fugas y asegur\u00e1ndose de que todas las conexiones est\u00e9n bien sujetas. El mantenimiento regular puede prevenir muchos problemas comunes, pero comprender c\u00f3mo diagnosticarlos es clave para una operaci\u00f3n eficaz y segura.<\/p>\n<p><img decoding=\"async\" src=\"https:\/\/www.hydraulic-cylinders.net\/wp-content\/uploads\/2025\/04\/songte-bushings-with-all-kinds-of-excavator-models.webp\" alt=\"Imagen de bujes\" \/><\/p>\n<h2>Acerca de nuestra empresa<\/h2>\n<p>Somos un fabricante l\u00edder de cilindros hidr\u00e1ulicos de repuesto, especializado en una amplia gama de productos que abastecen tanto al mercado nacional como al internacional. Nuestro compromiso con la excelencia se refleja en nuestras precisas estrategias de gesti\u00f3n de la fabricaci\u00f3n. Con un enfoque en el empleo de personal t\u00e9cnico cualificado, equipos de fabricaci\u00f3n digital de \u00faltima generaci\u00f3n y sistemas de prueba integrales, mejoramos continuamente nuestros procesos de fabricaci\u00f3n y la calidad de nuestros productos. Nuestras s\u00f3lidas capacidades nos permiten satisfacer las diversas necesidades de nuestros clientes con eficiencia, precisi\u00f3n y alta calidad.<\/p>\n<p><img decoding=\"async\" src=\"https:\/\/www.hydraulic-cylinders.net\/wp-content\/uploads\/2025\/04\/songte-company-4.webp\" alt=\"Imagen de la empresa 1\" \/><br \/>\n<img decoding=\"async\" src=\"https:\/\/www.hydraulic-cylinders.net\/wp-content\/uploads\/2025\/04\/songte-company-3.webp\" alt=\"Imagen de la empresa 2\" \/><\/p>\n<p>Nos enorgullecemos de nuestro profesionalismo, certificaciones internacionales, servicios personalizados, equipos de producci\u00f3n avanzados y soporte posventa receptivo, lo que garantiza que no solo cumplimos, sino que superamos las expectativas del cliente.<\/p>\n<p>Autor: lyl<\/p>","protected":false},"excerpt":{"rendered":"<p>Boom Cylinder For Sumitomo Small Excavator SH60A3 Product Overview The Boom Cylinder for the Sumitomo Small Excavator SH60A3 plays a crucial role in the hydraulic system of the excavator. This hydraulic cylinder is specifically designed to control the movement of the bucket, allowing it to lift, lower, and tilt, which facilitates effective material handling tasks. [&hellip;]<\/p>","protected":false},"featured_media":17875,"comment_status":"open","ping_status":"closed","template":"","meta":{"_et_pb_use_builder":"","_et_pb_old_content":"","_et_gb_content_width":""},"product_brand":[],"product_cat":[1546],"product_tag":[1547,1496],"class_list":{"0":"post-18888","1":"product","2":"type-product","3":"status-publish","4":"has-post-thumbnail","6":"product_cat-boom-cylinders","7":"product_tag-boom-cylinders","8":"product_tag-hydraulic-cylinders","10":"first","11":"instock","12":"shipping-taxable","13":"product-type-simple"},"amp_enabled":true,"_links":{"self":[{"href":"https:\/\/www.hydraulic-cylinders.net\/es\/wp-json\/wp\/v2\/product\/18888","targetHints":{"allow":["GET"]}}],"collection":[{"href":"https:\/\/www.hydraulic-cylinders.net\/es\/wp-json\/wp\/v2\/product"}],"about":[{"href":"https:\/\/www.hydraulic-cylinders.net\/es\/wp-json\/wp\/v2\/types\/product"}],"replies":[{"embeddable":true,"href":"https:\/\/www.hydraulic-cylinders.net\/es\/wp-json\/wp\/v2\/comments?post=18888"}],"wp:featuredmedia":[{"embeddable":true,"href":"https:\/\/www.hydraulic-cylinders.net\/es\/wp-json\/wp\/v2\/media\/17875"}],"wp:attachment":[{"href":"https:\/\/www.hydraulic-cylinders.net\/es\/wp-json\/wp\/v2\/media?parent=18888"}],"wp:term":[{"taxonomy":"product_brand","embeddable":true,"href":"https:\/\/www.hydraulic-cylinders.net\/es\/wp-json\/wp\/v2\/product_brand?post=18888"},{"taxonomy":"product_cat","embeddable":true,"href":"https:\/\/www.hydraulic-cylinders.net\/es\/wp-json\/wp\/v2\/product_cat?post=18888"},{"taxonomy":"product_tag","embeddable":true,"href":"https:\/\/www.hydraulic-cylinders.net\/es\/wp-json\/wp\/v2\/product_tag?post=18888"}],"curies":[{"name":"wp","href":"https:\/\/api.w.org\/{rel}","templated":true}]}}