{"id":1890,"date":"2023-10-19T03:22:23","date_gmt":"2023-10-19T03:22:23","guid":{"rendered":"https:\/\/hydraulic-cylinders.net\/?post_type=product&#038;p=1890"},"modified":"2025-04-11T02:52:03","modified_gmt":"2025-04-11T02:52:03","slug":"shield-machine-crusher-cylinder","status":"publish","type":"product","link":"https:\/\/www.hydraulic-cylinders.net\/es\/producto\/shield-machine-crusher-cylinder\/","title":{"rendered":"Cilindro de trituradora de m\u00e1quina de escudo"},"content":{"rendered":"<h1 style=\"text-align: center;\"><strong>Cilindro de trituradora de m\u00e1quina de escudo<\/strong><\/h1>\n<p><img loading=\"lazy\" decoding=\"async\" class=\"aligncenter wp-image-1891\" src=\"https:\/\/hydraulic-cylinders.net\/wp-content\/uploads\/2023\/10\/crusher-cylinder-1-300x300.webp\" alt=\"\" width=\"400\" height=\"400\" \/><\/p>\n<p>El cilindro triturador de la tuneladora es un componente hidr\u00e1ulico de vanguardia dise\u00f1ado para optimizar la eficiencia y la productividad de trituraci\u00f3n de estas m\u00e1quinas en operaciones de tunelaci\u00f3n. Este cilindro especializado desempe\u00f1a un papel fundamental en la fragmentaci\u00f3n y trituraci\u00f3n de roca y suelo, lo que permite una excavaci\u00f3n fluida y un avance r\u00e1pido. Este art\u00edculo exhaustivo analizar\u00e1 en detalle las caracter\u00edsticas clave, los m\u00e9todos de uso y las pautas de mantenimiento del cilindro triturador de la tuneladora.<\/p>\n<p>El cilindro triturador para tuneladoras es un componente hidr\u00e1ulico de vanguardia que optimiza la eficiencia y la productividad de la trituraci\u00f3n en operaciones de tunelizaci\u00f3n. Gracias a su potente capacidad de trituraci\u00f3n, rendimiento optimizado, r\u00e1pida instalaci\u00f3n y construcci\u00f3n robusta, este cilindro garantiza una fragmentaci\u00f3n eficiente y un r\u00e1pido avance en los proyectos de excavaci\u00f3n de t\u00faneles. Siguiendo los m\u00e9todos de uso recomendados y cumpliendo con las pr\u00e1cticas de mantenimiento regulares, el cilindro triturador para tuneladoras seguir\u00e1 ofreciendo un rendimiento excepcional, mejorando la eficiencia y la productividad en las operaciones de tunelizaci\u00f3n. Potencie sus proyectos de tunelizaci\u00f3n con la potencia y la fiabilidad del cilindro triturador para tuneladoras.<\/p>\n<p>Caracter\u00edsticas clave del cilindro de la trituradora de la m\u00e1quina Shield:<\/p>\n<ul>\n<li>Potencia de trituraci\u00f3n: El cilindro triturador de la tuneladora proporciona una potencia de trituraci\u00f3n considerable para fragmentar roca y tierra durante la excavaci\u00f3n de t\u00faneles. Su dise\u00f1o robusto y su capacidad para ejercer alta presi\u00f3n garantizan una fragmentaci\u00f3n eficiente, reduciendo el tama\u00f1o del material excavado y facilitando su extracci\u00f3n.<\/li>\n<li>Rendimiento optimizado: Equipado con sistemas hidr\u00e1ulicos avanzados, este cilindro proporciona un control preciso del proceso de trituraci\u00f3n. Los operadores pueden ajustar la fuerza y \u200b\u200bla velocidad aplicadas por el cilindro de la trituradora, optimizando el rendimiento para adaptarlo a las distintas condiciones geol\u00f3gicas y lograr los resultados de trituraci\u00f3n deseados.<\/li>\n<li>Instalaci\u00f3n r\u00e1pida: El cilindro triturador para tuneladora est\u00e1 dise\u00f1ado para una f\u00e1cil instalaci\u00f3n e integraci\u00f3n en tuneladoras existentes. Su tama\u00f1o compacto permite una integraci\u00f3n perfecta, manteniendo el equilibrio y la maniobrabilidad del equipo y minimizando el tiempo de inactividad durante la configuraci\u00f3n.<\/li>\n<li>Durabilidad y fiabilidad: Fabricado con materiales de alta resistencia, el cilindro de la trituradora de la tuneladora est\u00e1 dise\u00f1ado para soportar las exigentes condiciones de la excavaci\u00f3n de t\u00faneles. Su robusto dise\u00f1o garantiza durabilidad, larga vida \u00fatil y un rendimiento constante, incluso en entornos adversos.<\/li>\n<\/ul>\n<h2><strong>Par\u00e1metros del cilindro de la trituradora de escudo:<\/strong><\/h2>\n<table border=\"1\" cellspacing=\"0\" cellpadding=\"0\">\n<tbody>\n<tr>\n<td>Nombre del producto<\/td>\n<td>Cilindro de trituradora de m\u00e1quina de escudo<\/td>\n<\/tr>\n<tr>\n<td>Caracter\u00edsticas:<\/td>\n<td>Sujete las tenazas trituradoras para asegurarse de que los trozos grandes de grava se trituren antes de que entren en el puerto de descarga.<\/td>\n<\/tr>\n<tr>\n<td>\n<div class=\"txtboxL\">Especificaci\u00f3n:<\/div>\n<\/td>\n<td>Se pueden dise\u00f1ar y fabricar cilindros para trituradoras con diversas especificaciones seg\u00fan los requisitos del cliente.<\/td>\n<\/tr>\n<tr>\n<td>Aplicaciones:<\/td>\n<td>M\u00e1quina de escudo, maquinaria perforadora de t\u00faneles<\/td>\n<\/tr>\n<\/tbody>\n<\/table>\n<h2><strong>Aplicaci\u00f3n del cilindro de la trituradora de escudo:<\/strong><\/h2>\n<p><img loading=\"lazy\" decoding=\"async\" class=\"alignnone wp-image-1875 size-full\" src=\"https:\/\/hydraulic-cylinders.net\/wp-content\/uploads\/2023\/10\/harsh-corrosive-cylinder-1.webp\" alt=\"\" width=\"1418\" height=\"946\" srcset=\"https:\/\/hydraulic-cylinders.net\/wp-content\/uploads\/2023\/10\/harsh-corrosive-cylinder-1.webp 1418w, https:\/\/hydraulic-cylinders.net\/wp-content\/uploads\/2023\/10\/harsh-corrosive-cylinder-1-1280x854.webp 1280w, https:\/\/hydraulic-cylinders.net\/wp-content\/uploads\/2023\/10\/harsh-corrosive-cylinder-1-980x654.webp 980w, https:\/\/hydraulic-cylinders.net\/wp-content\/uploads\/2023\/10\/harsh-corrosive-cylinder-1-480x320.webp 480w\" sizes=\"(min-width: 0px) and (max-width: 480px) 480px, (min-width: 481px) and (max-width: 980px) 980px, (min-width: 981px) and (max-width: 1280px) 1280px, (min-width: 1281px) 1418px, 100vw\" \/><\/p>\n<h2><strong>M\u00e9todo de uso del cilindro de la trituradora de escudo<\/strong><strong>:<\/strong><\/h2>\n<ol>\n<li><strong>Instalaci\u00f3n del cilindro:<\/strong>\u00a0 Instale el cilindro de la trituradora de la tuneladora siguiendo las instrucciones del fabricante. Aseg\u00farese de que est\u00e9 correctamente alineado y fijado a la estructura de la tuneladora utilizando los soportes o accesorios de montaje adecuados.<\/li>\n<li><strong>Integraci\u00f3n de sistemas hidr\u00e1ulicos:<\/strong> Conecte el cilindro al sistema hidr\u00e1ulico de la m\u00e1quina blindada utilizando mangueras y racores compatibles. Verifique que todas las conexiones est\u00e9n seguras, sin fugas y debidamente apretadas para mantener un rendimiento hidr\u00e1ulico \u00f3ptimo.<\/li>\n<li><strong>Controles operacionales:<\/strong> Familiar\u00edcese con los controles operativos espec\u00edficos del cilindro de la trituradora Shield Machine. Comprenda c\u00f3mo ajustar la fuerza y \u200b\u200bla velocidad aplicadas por el cilindro y practique el uso de las reglas para lograr resultados de trituraci\u00f3n precisos y eficaces.<\/li>\n<li><strong>Proceso de trituraci\u00f3n:<\/strong> Durante las operaciones de excavaci\u00f3n de t\u00faneles, supervise las condiciones geol\u00f3gicas y ajuste la fuerza y \u200b\u200bla velocidad del cilindro triturador seg\u00fan sea necesario. Optimice el proceso de trituraci\u00f3n para garantizar una fragmentaci\u00f3n eficiente y facilitar la extracci\u00f3n del material excavado.<\/li>\n<\/ol>\n<h2><strong>\u00bfC\u00f3mo purgar un cilindro hidr\u00e1ulico de dos v\u00edas?<\/strong><\/h2>\n<p>Purgar un cilindro hidr\u00e1ulico de dos v\u00edas es un proceso que consiste en eliminar el aire del sistema para garantizar su correcto funcionamiento y prevenir problemas como la sensaci\u00f3n esponjosa o la disminuci\u00f3n del rendimiento. Un cilindro hidr\u00e1ulico de dos v\u00edas es un cilindro de doble efecto que utiliza la presi\u00f3n hidr\u00e1ulica para extender y retraer el pist\u00f3n. A continuaci\u00f3n, se presenta una gu\u00eda paso a paso sobre c\u00f3mo purgar un cilindro hidr\u00e1ulico de dos v\u00edas:<\/p>\n<ol>\n<li><strong>Preparaci\u00f3n:<\/strong>\n<ul>\n<li>Aseg\u00farese de que el sistema hidr\u00e1ulico est\u00e9 apagado y la presi\u00f3n liberada.<\/li>\n<li>Utilice equipo de protecci\u00f3n personal, incluyendo guantes y gafas de seguridad, para protegerse del fluido hidr\u00e1ulico.<\/li>\n<\/ul>\n<\/li>\n<li><strong>Identifique la v\u00e1lvula de purga:<\/strong>\n<ul>\n<li>Localice la v\u00e1lvula de purga en el cilindro hidr\u00e1ulico. Normalmente es una pieza peque\u00f1a con un tap\u00f3n antipolvo. La v\u00e1lvula de purga permite que escape el aire atrapado en el cilindro.<\/li>\n<\/ul>\n<\/li>\n<li><strong>Extender el cilindro:<\/strong>\n<ul>\n<li>Active la bomba o v\u00e1lvula hidr\u00e1ulica, controlando el cilindro para extender completamente el pist\u00f3n. Este movimiento ayuda a que las burbujas de aire suban a la parte superior del cilindro.<\/li>\n<\/ul>\n<\/li>\n<li><strong>Retire la tapa antipolvo:<\/strong>\n<ul>\n<li>Retire la tapa antipolvo de la v\u00e1lvula de purga. Gu\u00e1rdela en un lugar seguro.<\/li>\n<\/ul>\n<\/li>\n<li><strong>Abra la v\u00e1lvula de purga:<\/strong>\n<ul>\n<li>Utilizando una llave o herramienta adecuada, gire la v\u00e1lvula de purga en sentido contrario a las agujas del reloj para abrirla. Esto permite que el aire y cualquier fluido atrapado escapen del cilindro.<\/li>\n<\/ul>\n<\/li>\n<li><strong>Retraer el cilindro:<\/strong>\n<ul>\n<li>Libere la presi\u00f3n hidr\u00e1ulica y permita que el cilindro se retraiga por completo. Esto puede implicar la activaci\u00f3n de una v\u00e1lvula de control o la liberaci\u00f3n de cualquier fuerza externa que mantuviera el cilindro extendido.<\/li>\n<\/ul>\n<\/li>\n<li><strong>Observar el flujo del fluido:<\/strong>\n<ul>\n<li>Observe el flujo de l\u00edquido que sale por la v\u00e1lvula de purga. Al principio, puede que note burbujas de aire junto con el l\u00edquido. Deje que el l\u00edquido fluya hasta que no salgan m\u00e1s burbujas, lo que indica que se ha purgado el aire del cilindro.<\/li>\n<\/ul>\n<\/li>\n<li><strong>Cierre la v\u00e1lvula de purga:<\/strong>\n<ul>\n<li>Una vez eliminadas todas las burbujas de aire, cierre la v\u00e1lvula de purga gir\u00e1ndola en el sentido de las agujas del reloj. Aseg\u00farese de que est\u00e9 bien cerrada para evitar fugas de l\u00edquido.<\/li>\n<\/ul>\n<\/li>\n<li><strong>Extender y retraer el cilindro:<\/strong>\n<ul>\n<li>Repita los pasos 3 a 8, extendiendo y retrayendo el cilindro nuevamente, para asegurar que se elimine todo el aire restante del sistema. Este paso ayuda a garantizar una purga completa del cilindro hidr\u00e1ulico.<\/li>\n<\/ul>\n<\/li>\n<li><strong>Comprobar el nivel del l\u00edquido:<\/strong>\n<ul>\n<li>Tras purgar el cilindro, compruebe el nivel del l\u00edquido hidr\u00e1ulico en el dep\u00f3sito del sistema. A\u00f1ada l\u00edquido si es necesario para mantener el nivel recomendado.<\/li>\n<\/ul>\n<\/li>\n<\/ol>\n<h2><strong>Capacidad de la f\u00e1brica:<\/strong><\/h2>\n<h3>(1) Montaje<\/h3>\n<p>Contamos con una plataforma de ensamblaje independiente de primera clase para investigaci\u00f3n y desarrollo. El taller de producci\u00f3n de cilindros hidr\u00e1ulicos cuenta con cuatro l\u00edneas de ensamblaje de cilindros de elevaci\u00f3n semiautom\u00e1ticos y una l\u00ednea de ensamblaje de cilindros de inclinaci\u00f3n autom\u00e1ticos, con una capacidad de producci\u00f3n anual dise\u00f1ada de 1 mill\u00f3n de piezas. El taller de cilindros especiales est\u00e1 equipado con un sistema de ensamblaje de limpieza semiautom\u00e1tico de diversas especificaciones, con una capacidad de producci\u00f3n anual dise\u00f1ada de 200,000 unidades, y est\u00e1 equipado con reconocidos equipos de mecanizado CNC, un centro de mecanizado, equipos especiales de procesamiento de cilindros de alta precisi\u00f3n, una m\u00e1quina de soldadura robotizada, una m\u00e1quina de limpieza autom\u00e1tica, una m\u00e1quina de ensamblaje de cilindros autom\u00e1ticos y una l\u00ednea de producci\u00f3n de pintura autom\u00e1tica. Contamos con m\u00e1s de 300 equipos cr\u00edticos. La asignaci\u00f3n \u00f3ptima y el uso eficiente de los recursos de equipo garantizan la precisi\u00f3n y la alta calidad de los productos.<\/p>\n<p><img loading=\"lazy\" decoding=\"async\" class=\"alignnone wp-image-626\" src=\"https:\/\/hydraulic-cylinders.net\/wp-content\/uploads\/2023\/08\/hydraulic-cylinder-product-1-300x158.webp\" alt=\"\" width=\"495\" height=\"260\" srcset=\"https:\/\/hydraulic-cylinders.net\/wp-content\/uploads\/2023\/08\/hydraulic-cylinder-product-1-300x158.webp 495w, https:\/\/hydraulic-cylinders.net\/wp-content\/uploads\/2023\/08\/hydraulic-cylinder-product-1-480x252.webp 480w\" sizes=\"(min-width: 0px) and (max-width: 480px) 480px, (min-width: 481px) 495px, 100vw\" \/> <img loading=\"lazy\" decoding=\"async\" class=\"alignnone wp-image-627\" src=\"https:\/\/hydraulic-cylinders.net\/wp-content\/uploads\/2023\/08\/hydraulic-cylinder-product-2-300x189.webp\" alt=\"\" width=\"413\" height=\"260\" \/><\/p>\n<h3>(2) Mecanizado<\/h3>\n<p>El taller de mecanizado est\u00e1 equipado con un centro de torneado de carril inclinado personalizado, un centro de mecanizado, una m\u00e1quina de bru\u00f1ido de alta velocidad, un robot de soldadura y otros equipos relacionados, que pueden procesar tubos cil\u00edndricos con un di\u00e1metro interior m\u00e1ximo de 400 mm y una longitud m\u00e1xima de 6 metros.<\/p>\n<p><img loading=\"lazy\" decoding=\"async\" class=\"alignnone wp-image-628 size-large\" src=\"https:\/\/hydraulic-cylinders.net\/wp-content\/uploads\/2023\/08\/hydraulic-cylinder-product-3-1024x391.webp\" alt=\"\" width=\"1024\" height=\"391\" srcset=\"https:\/\/hydraulic-cylinders.net\/wp-content\/uploads\/2023\/08\/hydraulic-cylinder-product-3-980x374.webp 980w, https:\/\/hydraulic-cylinders.net\/wp-content\/uploads\/2023\/08\/hydraulic-cylinder-product-3-480x183.webp 480w\" sizes=\"(min-width: 0px) and (max-width: 480px) 480px, (min-width: 481px) and (max-width: 980px) 980px, (min-width: 981px) 1024px, 100vw\" \/><\/p>\n<h3>(3) Soldadura<\/h3>\n<p><img loading=\"lazy\" decoding=\"async\" class=\"alignnone wp-image-629 size-large\" src=\"https:\/\/hydraulic-cylinders.net\/wp-content\/uploads\/2023\/08\/hydraulic-cylinder-product-4-1024x510.webp\" alt=\"\" width=\"1024\" height=\"510\" srcset=\"https:\/\/hydraulic-cylinders.net\/wp-content\/uploads\/2023\/08\/hydraulic-cylinder-product-4-980x488.webp 980w, https:\/\/hydraulic-cylinders.net\/wp-content\/uploads\/2023\/08\/hydraulic-cylinder-product-4-480x239.webp 480w\" sizes=\"(min-width: 0px) and (max-width: 480px) 480px, (min-width: 481px) and (max-width: 980px) 980px, (min-width: 981px) 1024px, 100vw\" \/><\/p>\n<h3>(4) Pintura y revestimiento<\/h3>\n<p>Con peque\u00f1as y medianas l\u00edneas de cilindros autom\u00e1ticos de recubrimiento de pintura a base de agua, para lograr la carga y descarga autom\u00e1tica de robots y pulverizaci\u00f3n autom\u00e1tica, la capacidad de dise\u00f1o de 4000 piezas por turno;<br \/>\nTambi\u00e9n disponemos de una l\u00ednea semiautom\u00e1tica de producci\u00f3n de pintura para grandes cilindros accionada por cadena, con una capacidad de dise\u00f1o de 60 cajas por turno.<\/p>\n<p><img loading=\"lazy\" decoding=\"async\" class=\"alignnone wp-image-630\" src=\"https:\/\/hydraulic-cylinders.net\/wp-content\/uploads\/2023\/08\/hydraulic-cylinder-product-5-300x213.webp\" alt=\"\" width=\"366\" height=\"260\" \/> <img loading=\"lazy\" decoding=\"async\" class=\"alignnone wp-image-631\" src=\"https:\/\/hydraulic-cylinders.net\/wp-content\/uploads\/2023\/08\/hydraulic-cylinder-product-6-300x225.webp\" alt=\"\" width=\"347\" height=\"260\" \/><\/p>\n<h3>(5) Pruebas<\/h3>\n<p>Disponemos de instalaciones de inspecci\u00f3n y bancos de pruebas de primera clase para garantizar que el rendimiento del cilindro cumple los requisitos.<\/p>\n<p><img loading=\"lazy\" decoding=\"async\" class=\"alignnone wp-image-632\" src=\"https:\/\/hydraulic-cylinders.net\/wp-content\/uploads\/2023\/08\/hydraulic-cylinder-product-8-300x200.webp\" alt=\"\" width=\"389\" height=\"260\" \/><\/p>\n<p>&nbsp;<\/p>\n<p>&nbsp;<\/p>\n<p>Somos uno de los mejores fabricantes de cilindros hidr\u00e1ulicos. Ofrecemos cilindros hidr\u00e1ulicos integrales. Tambi\u00e9n proporcionamos... <a href=\"https:\/\/hzpt.com\/agricultural-pto-gearbox\/\" target=\"_blank\" rel=\"noopener\">cajas de cambios agr\u00edcolas<\/a>Hemos exportado nuestros productos a clientes de todo el mundo y nos hemos ganado una excelente reputaci\u00f3n gracias a nuestra excelente calidad y servicio posventa. Invitamos a clientes nacionales e internacionales a contactarnos para negociar negocios, intercambiar informaci\u00f3n y... <a href=\"https:\/\/www.hydraulic-cylinders.net\/es\/contact-us\/\">colabore con nosotros<\/a>!<\/p>\n<p>&nbsp;<\/p>","protected":false},"excerpt":{"rendered":"<p>Shield Machine Crusher Cylinder The shield machine crusher cylinder is a cutting-edge hydraulic component designed to enhance shield machines&#8217; crushing efficiency and productivity in tunneling operations. This specialized cylinder plays a vital role in the fragmentation and crushing of rock and soil, enabling smooth excavation and rapid progress. This comprehensive article will delve into the [&hellip;]<\/p>","protected":false},"featured_media":1892,"comment_status":"open","ping_status":"closed","template":"","meta":{"_et_pb_use_builder":"","_et_pb_old_content":"","_et_gb_content_width":""},"product_brand":[],"product_cat":[1519,1549],"product_tag":[1380],"class_list":{"0":"post-1890","1":"product","2":"type-product","3":"status-publish","4":"has-post-thumbnail","6":"product_cat-shield-machine-hydraulic-cylinders","7":"product_cat-single-acting-hydraulic-cylinder","8":"product_tag-hydraulic-cylinder","10":"first","11":"instock","12":"shipping-taxable","13":"product-type-simple"},"amp_enabled":true,"_links":{"self":[{"href":"https:\/\/www.hydraulic-cylinders.net\/es\/wp-json\/wp\/v2\/product\/1890","targetHints":{"allow":["GET"]}}],"collection":[{"href":"https:\/\/www.hydraulic-cylinders.net\/es\/wp-json\/wp\/v2\/product"}],"about":[{"href":"https:\/\/www.hydraulic-cylinders.net\/es\/wp-json\/wp\/v2\/types\/product"}],"replies":[{"embeddable":true,"href":"https:\/\/www.hydraulic-cylinders.net\/es\/wp-json\/wp\/v2\/comments?post=1890"}],"wp:featuredmedia":[{"embeddable":true,"href":"https:\/\/www.hydraulic-cylinders.net\/es\/wp-json\/wp\/v2\/media\/1892"}],"wp:attachment":[{"href":"https:\/\/www.hydraulic-cylinders.net\/es\/wp-json\/wp\/v2\/media?parent=1890"}],"wp:term":[{"taxonomy":"product_brand","embeddable":true,"href":"https:\/\/www.hydraulic-cylinders.net\/es\/wp-json\/wp\/v2\/product_brand?post=1890"},{"taxonomy":"product_cat","embeddable":true,"href":"https:\/\/www.hydraulic-cylinders.net\/es\/wp-json\/wp\/v2\/product_cat?post=1890"},{"taxonomy":"product_tag","embeddable":true,"href":"https:\/\/www.hydraulic-cylinders.net\/es\/wp-json\/wp\/v2\/product_tag?post=1890"}],"curies":[{"name":"wp","href":"https:\/\/api.w.org\/{rel}","templated":true}]}}