{"id":18973,"date":"2025-04-07T06:04:55","date_gmt":"2025-04-07T06:04:55","guid":{"rendered":"https:\/\/www.hydraulic-cylinders.net\/product\/boom-cylinder-for-caterpillar-large-excavator-e330d-330l\/"},"modified":"2025-04-07T06:04:57","modified_gmt":"2025-04-07T06:04:57","slug":"boom-cylinder-for-caterpillar-large-excavator-e330d-330l","status":"publish","type":"product","link":"https:\/\/www.hydraulic-cylinders.net\/es\/producto\/boom-cylinder-for-caterpillar-large-excavator-e330d-330l\/","title":{"rendered":"Cilindro de pluma para excavadora grande Caterpillar E330D\/330L"},"content":{"rendered":"<h1>Cilindro de pluma para excavadora grande Caterpillar E330D\/330L<\/h1>\n<h2>Introducci\u00f3n al cilindro de la pluma<\/h2>\n<p>El cilindro de la pluma es un componente esencial de los sistemas hidr\u00e1ulicos utilizados en maquinaria pesada, en particular en excavadoras como las Caterpillar E330D y 330L. Dise\u00f1ado espec\u00edficamente para controlar el movimiento de la pluma, permite un funcionamiento eficiente del cuchar\u00f3n, permiti\u00e9ndole elevar, bajar e inclinar seg\u00fan sea necesario para diversas tareas de manipulaci\u00f3n de materiales. Este cilindro hidr\u00e1ulico desempe\u00f1a un papel crucial para lograr la precisi\u00f3n y la potencia necesarias para excavar, cargar y transportar materiales.<\/p>\n<p><img decoding=\"async\" src=\"https:\/\/www.hydraulic-cylinders.net\/wp-content\/uploads\/2025\/04\/songte-company-1.webp\" alt=\"Cilindro de la pluma\"><\/p>\n<h3>Funci\u00f3n y aplicaci\u00f3n del cilindro de la pluma<\/h3>\n<p>El cilindro de la pluma es un cilindro hidr\u00e1ulico especializado en controlar el movimiento del cuchar\u00f3n en maquinaria pesada como excavadoras, retroexcavadoras y cargadoras frontales. Est\u00e1 dise\u00f1ado para proporcionar movimientos de elevaci\u00f3n, descenso e inclinaci\u00f3n, facilitando las tareas de manipulaci\u00f3n de materiales. El sistema hidr\u00e1ulico utiliza fluido presurizado para permitir movimientos suaves y controlados, lo que lo hace indispensable en aplicaciones de construcci\u00f3n y agr\u00edcolas.<\/p>\n<h2>Caracter\u00edsticas principales del cilindro de la pluma<\/h2>\n<ul>\n<li><strong>Alta resistencia y durabilidad:<\/strong> Fabricado en acero o aluminio de alta resistencia, el cilindro de pluma puede soportar alta presi\u00f3n y cargas pesadas, lo que lo hace adecuado para entornos de trabajo hostiles.<\/li>\n<li><strong>Operaci\u00f3n hidr\u00e1ulica eficiente:<\/strong> Utiliza presi\u00f3n de aceite hidr\u00e1ulico para una extensi\u00f3n y retracci\u00f3n suaves, lo que permite una respuesta r\u00e1pida a los comandos del operador al tiempo que proporciona una fuerza de empuje y tracci\u00f3n sustancial.<\/li>\n<li><strong>Variedad de tipos:<\/strong> Disponibles en configuraciones de simple o doble efecto para satisfacer diferentes requisitos operativos. Algunos modelos son telesc\u00f3picos, lo que permite un mayor alcance sin aumentar las dimensiones generales.<\/li>\n<li><strong>Ingenier\u00eda de precisi\u00f3n:<\/strong> Dise\u00f1ado con ingenier\u00eda compleja para garantizar un rendimiento \u00f3ptimo, mejorando la eficacia de la operaci\u00f3n de maquinaria pesada.<\/li>\n<li><strong>Soluciones personalizadas:<\/strong> Nuestro proceso de fabricaci\u00f3n permite la producci\u00f3n de cilindros de pluma que reemplazan perfectamente los cilindros hidr\u00e1ulicos existentes, lo que garantiza una integraci\u00f3n perfecta.<\/li>\n<\/ul>\n<p><img decoding=\"async\" src=\"https:\/\/www.hydraulic-cylinders.net\/wp-content\/uploads\/2025\/04\/songte-cylinder-head-with-all-kinds-excavator-models.webp\" alt=\"Modelos de cilindros de pluma\"><\/p>\n<h2>Aplicaciones del cilindro de pluma<\/h2>\n<h3>Equipos de construcci\u00f3n<\/h3>\n<p>En las excavadoras, el cilindro de la pluma es crucial para excavar, cargar y mover tierra o escombros. Permite que la cuchara penetre eficazmente en el suelo, facilitando as\u00ed el proceso de excavaci\u00f3n. Las retroexcavadoras tambi\u00e9n se benefician del cilindro de la pluma, que facilita tanto la excavaci\u00f3n como la elevaci\u00f3n, garantizando una carga y transporte eficientes del material.<\/p>\n<h3>Maquinaria agr\u00edcola<\/h3>\n<p>En las cargadoras frontales, el cilindro de la pluma es esencial para recoger, levantar y transportar tierra, heno y otros materiales. Su capacidad hidr\u00e1ulica permite manipular cargas pesadas, haciendo que tareas como arar y transportar sean m\u00e1s manejables y eficientes.<\/p>\n<h3>excavadoras<\/h3>\n<p>El cilindro de la pluma permite que el cuchar\u00f3n penetre en el suelo, mejorando la profundidad de excavaci\u00f3n y la eficiencia de las excavadoras. Este componente hidr\u00e1ulico garantiza que los operadores puedan realizar excavaciones precisas, vitales en proyectos de construcci\u00f3n y paisajismo.<\/p>\n<h3>Cargadores<\/h3>\n<p>En las cargadoras frontales, el cilindro de la pluma facilita la elevaci\u00f3n y descarga de cargas eficazmente. Proporciona la fuerza necesaria para elevar materiales pesados \u200b\u200by depositarlos con precisi\u00f3n donde se necesitan, agilizando las operaciones en las obras de construcci\u00f3n.<\/p>\n<h2>Consideraciones de dise\u00f1o<\/h2>\n<h3>Capacidad de carga<\/h3>\n<p>Al dise\u00f1ar un cilindro de pluma, la capacidad de carga es un factor fundamental. Esta determina el peso con el que el cilindro puede operar de forma segura, garantizando as\u00ed su cumplimiento con las exigencias de las aplicaciones de maquinaria pesada. Una mayor capacidad de carga permite mayor versatilidad en las tareas, pero requiere una ingenier\u00eda cuidadosa para mantener la integridad estructural bajo presi\u00f3n.<\/p>\n<h3>Sellado y durabilidad<\/h3>\n<p>El sellado es crucial en los cilindros hidr\u00e1ulicos para evitar fugas de fluido y garantizar la eficiencia operativa. Los sellos de alta calidad, fabricados con materiales como poliuretano o caucho de nitrilo, son necesarios para resistir el desgaste y mantener la presi\u00f3n. Un sellado adecuado tambi\u00e9n contribuye a la durabilidad, ya que minimiza el riesgo de contaminaci\u00f3n del fluido hidr\u00e1ulico y garantiza un rendimiento duradero.<\/p>\n<h3>Seguridad<\/h3>\n<p>Se deben integrar caracter\u00edsticas de seguridad en el dise\u00f1o de los cilindros de la pluma para prevenir accidentes y fallos. Esto incluye v\u00e1lvulas de seguridad y sistemas de alivio de presi\u00f3n que protegen contra sobrecargas y picos repentinos de presi\u00f3n. Las pruebas peri\u00f3dicas y el cumplimiento de las normas de seguridad son esenciales en el proceso de dise\u00f1o para garantizar un funcionamiento fiable en diversos entornos.<\/p>\n<h3>Accesibilidad de mantenimiento<\/h3>\n<p>Un dise\u00f1o de f\u00e1cil mantenimiento es crucial para la longevidad del cilindro de la pluma. Los componentes deben ser accesibles para revisiones y reparaciones regulares. Esto incluye la ubicaci\u00f3n estrat\u00e9gica de sellos y accesorios que permiten una lubricaci\u00f3n y reemplazo eficientes cuando sea necesario. Un dise\u00f1o que facilita el mantenimiento reduce el tiempo de inactividad y mejora la eficiencia operativa.<\/p>\n<p><img decoding=\"async\" src=\"https:\/\/www.hydraulic-cylinders.net\/wp-content\/uploads\/2025\/04\/songte-oil-pipes-and-spare-parts.webp\" alt=\"Piezas de cilindros hidr\u00e1ulicos\"><\/p>\n<h2>Sellado y lubricaci\u00f3n<\/h2>\n<p>La integridad del cilindro de la pluma depende en gran medida de un sellado y una lubricaci\u00f3n eficaces. Se utilizan diversos sellos, como sellos de pist\u00f3n y de v\u00e1stago, para evitar fugas de fluido hidr\u00e1ulico. La selecci\u00f3n de sellos fabricados con materiales duraderos, como poliuretano o caucho de nitrilo, mejora la resistencia al desgaste y prolonga la vida \u00fatil del cilindro. El cuerpo del cilindro y las superficies roscadas de los extremos se someten a un mecanizado preciso para mejorar la resistencia al desgaste y garantizar un sellado herm\u00e9tico durante el funcionamiento. Es necesaria una lubricaci\u00f3n regular con el aceite hidr\u00e1ulico adecuado para mantener un funcionamiento suave y evitar el desgaste de las piezas m\u00f3viles.<\/p>\n<h2>Medidas de mantenimiento preventivo<\/h2>\n<ul>\n<li><strong>Inspecciones regulares:<\/strong> Realice revisiones peri\u00f3dicas para identificar cualquier signo de desgaste o da\u00f1o. Esto incluye inspecciones visuales para detectar fugas, grietas o corrosi\u00f3n.<\/li>\n<li><strong>Lubricaci\u00f3n oportuna:<\/strong> Aseg\u00farese de que el aceite hidr\u00e1ulico se reponga peri\u00f3dicamente y que todas las piezas m\u00f3viles est\u00e9n adecuadamente lubricadas para evitar la fricci\u00f3n y el desgaste.<\/li>\n<li><strong>Reemplazo del sello:<\/strong> Monitorear las condiciones de los sellos y reemplazarlos cuando haya signos evidentes de deterioro para mantener la integridad hidr\u00e1ulica.<\/li>\n<\/ul>\n<h2>Instrucciones de instalaci\u00f3n<\/h2>\n<p>La correcta instalaci\u00f3n del cilindro de la pluma es crucial para un rendimiento \u00f3ptimo. Comience por asegurarse de que los puntos de montaje de la m\u00e1quina est\u00e9n limpios y libres de residuos. Alinee el cilindro con los puntos de montaje, asegur\u00e1ndose de que est\u00e9 recto y correctamente posicionado. Utilice los soportes de montaje adecuados para fijar el cilindro en su lugar, evitando que se mueva durante el funcionamiento. Tras la instalaci\u00f3n, compruebe que todas las conexiones hidr\u00e1ulicas est\u00e9n bien apretadas y sin fugas. Una vez instalado, pruebe el funcionamiento del cilindro a baja presi\u00f3n antes de aumentar gradualmente la potencia a niveles operativos, asegur\u00e1ndose de que todo funcione correctamente.<\/p>\n<h2>Tareas comunes de mantenimiento<\/h2>\n<h3>Inspecciones peri\u00f3dicas<\/h3>\n<p>Las inspecciones peri\u00f3dicas son vitales para garantizar el funcionamiento eficiente del cilindro de la pluma. Busque indicios de desgaste, como fugas de aceite o da\u00f1os f\u00edsicos, y solucione los problemas de inmediato para evitar complicaciones. Llevar un registro de mantenimiento facilita el seguimiento de las inspecciones y reparaciones, garantizando as\u00ed que no se pase por alto ning\u00fan detalle.<\/p>\n<h3>Lubricaci\u00f3n adecuada<\/h3>\n<p>Una lubricaci\u00f3n adecuada es esencial para mantener el funcionamiento del cilindro de la pluma. Utilice el aceite hidr\u00e1ulico recomendado y aseg\u00farese de mantener los niveles adecuados. Reaplique lubricante seg\u00fan sea necesario a todas las piezas m\u00f3viles para minimizar el desgaste y mejorar el rendimiento. Establezca un programa de lubricaci\u00f3n seg\u00fan el uso para garantizar la consistencia.<\/p>\n<h3>Reemplazo de sellos y controles de calibraci\u00f3n<\/h3>\n<p>Reemplazar los sellos cuando presentan signos de desgaste es crucial para mantener la integridad del sistema hidr\u00e1ulico. Las revisiones peri\u00f3dicas de calibraci\u00f3n garantizan que el cilindro funcione dentro de los par\u00e1metros especificados, lo cual es esencial para maquinaria de alto rendimiento. Programe estas revisiones como parte de su programa de mantenimiento rutinario para evitar fallas inesperadas.<\/p>\n<p><img decoding=\"async\" src=\"https:\/\/www.hydraulic-cylinders.net\/wp-content\/uploads\/2025\/04\/songte-chushion-collar.webp\" alt=\"Instalaci\u00f3n de cilindros hidr\u00e1ulicos\"><\/p>\n<h2>Consideraciones de seguridad y factores ambientales<\/h2>\n<p>Implementar medidas de seguridad al utilizar cilindros de pluma es fundamental para prevenir accidentes. Los operadores deben recibir capacitaci\u00f3n sobre el manejo adecuado de la m\u00e1quina y ser conscientes de los riesgos potenciales asociados con los sistemas hidr\u00e1ulicos. El mantenimiento y las inspecciones regulares ayudan a identificar posibles peligros, garantizando as\u00ed un entorno seguro para todos los involucrados. Adem\u00e1s, se debe prestar atenci\u00f3n a la eliminaci\u00f3n de fluidos y componentes hidr\u00e1ulicos para minimizar el impacto ambiental.<\/p>\n<h2>Diagn\u00f3stico de fallas y problemas comunes<\/h2>\n<ul>\n<li><strong>Fugas de fluido hidr\u00e1ulico:<\/strong> Com\u00fanmente causado por sellos desgastados o conexiones da\u00f1adas. Inspeccione y reemplace los sellos seg\u00fan sea necesario.<\/li>\n<li><strong>Rendimiento reducido del cilindro:<\/strong> Puede indicar obstrucciones o niveles bajos de fluido hidr\u00e1ulico. Revise si hay obstrucciones y aseg\u00farese de que los niveles de fluido sean adecuados.<\/li>\n<li><strong>Ruidos inusuales durante el funcionamiento:<\/strong> Podr\u00eda indicar desgaste interno o una falla. Investigue de inmediato para evitar da\u00f1os mayores.<\/li>\n<\/ul>\n<h2>Consejos y soluciones para la resoluci\u00f3n de problemas<\/h2>\n<p>Para diagnosticar eficazmente los problemas con el cilindro de la pluma, los operadores deben llevar un registro detallado de los problemas de rendimiento. Si sospecha que hay fugas de fluido hidr\u00e1ulico, inspeccione los sellos y accesorios para detectar da\u00f1os. Si el rendimiento es bajo, revise si hay obstrucciones o aseg\u00farese de que haya la cantidad correcta de fluido hidr\u00e1ulico. Realizar una revisi\u00f3n rutinaria del sistema puede ayudar a detectar problemas a tiempo, minimizando el tiempo de inactividad y los costos de reparaci\u00f3n. Identificar y abordar posibles problemas antes de que se agraven es crucial para mantener la eficiencia operativa.<\/p>\n<p><img decoding=\"async\" src=\"https:\/\/www.hydraulic-cylinders.net\/wp-content\/uploads\/2025\/04\/songte-bushings-with-all-kinds-of-excavator-models.webp\" alt=\"Componentes del cilindro hidr\u00e1ulico\"><\/p>\n<h2>Acerca de nuestra empresa<\/h2>\n<p>Somos un fabricante l\u00edder de cilindros hidr\u00e1ulicos de repuesto, con una amplia gama de productos para el mercado nacional e internacional. Nuestro compromiso con la excelencia en la calidad, junto con una estrategia de fabricaci\u00f3n optimizada, nos posiciona como uno de los principales fabricantes y distribuidores mayoristas de cilindros hidr\u00e1ulicos. Centrados en la alta eficiencia y la precisi\u00f3n, mejoramos continuamente nuestra plataforma de fabricaci\u00f3n mediante personal cualificado, equipos digitales avanzados y rigurosos sistemas de pruebas. Nuestra creatividad y capacidad nos permiten satisfacer eficazmente las diversas necesidades de nuestros clientes.<\/p>\n<h3>Profesionalismo y Certificaci\u00f3n Internacional<\/h3>\n<p>Nuestros productos cumplen con certificaciones internacionales, lo que garantiza el cumplimiento de los est\u00e1ndares globales de calidad y seguridad. Esta dedicaci\u00f3n al profesionalismo se refleja en nuestros procesos de fabricaci\u00f3n, que priorizan la precisi\u00f3n y la fiabilidad.<\/p>\n<h3>Servicios personalizados y equipos de producci\u00f3n<\/h3>\n<p>Ofrecemos soluciones personalizadas adaptadas a necesidades espec\u00edficas, utilizando equipos de producci\u00f3n de vanguardia para optimizar la eficiencia y garantizar la alta calidad del producto. Nuestras capacidades de fabricaci\u00f3n est\u00e1n dise\u00f1adas para adaptarse r\u00e1pidamente a las demandas cambiantes.<\/p>\n<h3>Servicio posventa<\/h3>\n<p>Nos enorgullecemos de brindar un servicio posventa excepcional, garantizando que nuestros clientes reciban el soporte que necesitan durante toda la vida \u00fatil de nuestros productos. Nuestro equipo est\u00e1 dedicado a responder cualquier inquietud o pregunta con prontitud.<\/p>\n<p><img decoding=\"async\" src=\"https:\/\/www.hydraulic-cylinders.net\/wp-content\/uploads\/2025\/04\/songte-company-4.webp\" alt=\"Descripci\u00f3n general de la empresa\"><br \/>\n<img decoding=\"async\" src=\"https:\/\/www.hydraulic-cylinders.net\/wp-content\/uploads\/2025\/04\/songte-company-3.webp\" alt=\"Planta de fabricaci\u00f3n\"><\/p>\n<p>Autor: lyl<\/p>","protected":false},"excerpt":{"rendered":"<p>Boom Cylinder For Caterpillar Large Excavator E330D\/330L Introduction to Boom Cylinder The Boom Cylinder is an essential component of hydraulic systems used in heavy machinery, particularly in excavators like the Caterpillar E330D and 330L. Specifically designed to control the movement of the boom, it allows for efficient operation of the bucket, enabling it to lift, [&hellip;]<\/p>","protected":false},"featured_media":17870,"comment_status":"open","ping_status":"closed","template":"","meta":{"_et_pb_use_builder":"","_et_pb_old_content":"","_et_gb_content_width":""},"product_brand":[],"product_cat":[1546],"product_tag":[1547,1496],"class_list":{"0":"post-18973","1":"product","2":"type-product","3":"status-publish","4":"has-post-thumbnail","6":"product_cat-boom-cylinders","7":"product_tag-boom-cylinders","8":"product_tag-hydraulic-cylinders","10":"first","11":"instock","12":"shipping-taxable","13":"product-type-simple"},"amp_enabled":true,"_links":{"self":[{"href":"https:\/\/www.hydraulic-cylinders.net\/es\/wp-json\/wp\/v2\/product\/18973","targetHints":{"allow":["GET"]}}],"collection":[{"href":"https:\/\/www.hydraulic-cylinders.net\/es\/wp-json\/wp\/v2\/product"}],"about":[{"href":"https:\/\/www.hydraulic-cylinders.net\/es\/wp-json\/wp\/v2\/types\/product"}],"replies":[{"embeddable":true,"href":"https:\/\/www.hydraulic-cylinders.net\/es\/wp-json\/wp\/v2\/comments?post=18973"}],"wp:featuredmedia":[{"embeddable":true,"href":"https:\/\/www.hydraulic-cylinders.net\/es\/wp-json\/wp\/v2\/media\/17870"}],"wp:attachment":[{"href":"https:\/\/www.hydraulic-cylinders.net\/es\/wp-json\/wp\/v2\/media?parent=18973"}],"wp:term":[{"taxonomy":"product_brand","embeddable":true,"href":"https:\/\/www.hydraulic-cylinders.net\/es\/wp-json\/wp\/v2\/product_brand?post=18973"},{"taxonomy":"product_cat","embeddable":true,"href":"https:\/\/www.hydraulic-cylinders.net\/es\/wp-json\/wp\/v2\/product_cat?post=18973"},{"taxonomy":"product_tag","embeddable":true,"href":"https:\/\/www.hydraulic-cylinders.net\/es\/wp-json\/wp\/v2\/product_tag?post=18973"}],"curies":[{"name":"wp","href":"https:\/\/api.w.org\/{rel}","templated":true}]}}