{"id":18976,"date":"2025-04-07T06:05:22","date_gmt":"2025-04-07T06:05:22","guid":{"rendered":"https:\/\/www.hydraulic-cylinders.net\/product\/boom-cylinder-for-caterpillar-large-excavator-e374fl\/"},"modified":"2025-04-07T06:05:25","modified_gmt":"2025-04-07T06:05:25","slug":"boom-cylinder-for-caterpillar-large-excavator-e374fl","status":"publish","type":"product","link":"https:\/\/www.hydraulic-cylinders.net\/es\/producto\/boom-cylinder-for-caterpillar-large-excavator-e374fl\/","title":{"rendered":"Cilindro de pluma para excavadora grande Caterpillar E374FL"},"content":{"rendered":"<h1>Cilindro de pluma para excavadora grande Caterpillar E374FL<\/h1>\n<h2>Introducci\u00f3n al cilindro de la pluma<\/h2>\n<p>El cilindro de la pluma es un componente cr\u00edtico en la maquinaria pesada, especialmente en excavadoras como la Caterpillar E374FL. Este cilindro hidr\u00e1ulico est\u00e1 dise\u00f1ado para controlar el movimiento de la pluma, permitiendo elevarla, descenderla e inclinarla. Su funci\u00f3n es esencial para las tareas de manipulaci\u00f3n de materiales, ya que permite los movimientos precisos necesarios para excavar, elevar y posicionar eficazmente el brazo de la excavadora.<\/p>\n<p>En los sistemas hidr\u00e1ulicos, el cilindro de la pluma recibe fluido hidr\u00e1ulico, que genera la fuerza necesaria para realizar diversas tareas. Este mecanismo es crucial en una amplia gama de aplicaciones, desde la construcci\u00f3n hasta la agricultura. Un cilindro de pluma bien dise\u00f1ado garantiza un rendimiento, una fiabilidad y una eficiencia \u00f3ptimos, lo que lo convierte en una herramienta indispensable para los operadores en entornos exigentes.<\/p>\n<p><img decoding=\"async\" src=\"https:\/\/www.hydraulic-cylinders.net\/wp-content\/uploads\/2025\/04\/songte-company-1.webp\" alt=\"Cilindro hidr\u00e1ulico\" \/><\/p>\n<h2>Caracter\u00edsticas clave del cilindro de la pluma<\/h2>\n<ul>\n<li><strong>Alta resistencia y durabilidad:<\/strong> El cilindro de la pluma, generalmente construido con acero o aluminio de alta resistencia, est\u00e1 dise\u00f1ado para soportar altas presiones y cargas pesadas, lo que garantiza su durabilidad incluso en condiciones de trabajo adversas.<\/li>\n<li><strong>Operaci\u00f3n hidr\u00e1ulica eficiente:<\/strong> Utilizando la presi\u00f3n del fluido hidr\u00e1ulico, el cilindro facilita una extensi\u00f3n y retracci\u00f3n suaves, respondiendo r\u00e1pidamente a las \u00f3rdenes del operador al tiempo que proporciona una gran capacidad de empuje y tracci\u00f3n.<\/li>\n<li><strong>Diversos tipos:<\/strong> Los cilindros de la pluma est\u00e1n disponibles en versiones de simple efecto (que funcionan en una direcci\u00f3n) o de doble efecto (que funcionan en ambas direcciones), para adaptarse a diferentes necesidades operativas. Algunos modelos cuentan con dise\u00f1os telesc\u00f3picos, lo que permite una mayor extensi\u00f3n sin aumentar las dimensiones externas, ideal para espacios reducidos.<\/li>\n<li><strong>Fabricaci\u00f3n personalizada:<\/strong> Nuestra empresa se especializa en la producci\u00f3n de cilindros de pluma de alta calidad que reemplazan perfectamente los cilindros hidr\u00e1ulicos existentes, garantizando una integraci\u00f3n y un rendimiento impecables.<\/li>\n<li><strong>Tecnolog\u00eda avanzada de materiales:<\/strong> El uso de materiales innovadores mejora la resistencia del producto al desgaste y la corrosi\u00f3n, prolongando significativamente su vida \u00fatil incluso en las aplicaciones m\u00e1s exigentes.<\/li>\n<\/ul>\n<p><img decoding=\"async\" src=\"https:\/\/www.hydraulic-cylinders.net\/wp-content\/uploads\/2025\/04\/songte-cylinder-head-with-all-kinds-excavator-models.webp\" alt=\"Modelos de excavadoras\" \/><\/p>\n<h2>Aplicaciones del cilindro de pluma<\/h2>\n<h3>Equipos de construcci\u00f3n<\/h3>\n<p>En las excavadoras, los cilindros de la pluma desempe\u00f1an un papel fundamental en la excavaci\u00f3n, carga y movimiento de tierra o escombros. Estos cilindros garantizan que la pluma alcance las profundidades y \u00e1ngulos necesarios para una excavaci\u00f3n eficaz, proporcionando la fuerza necesaria para levantar cargas pesadas y posicionar el brazo con precisi\u00f3n. Sin un cilindro de pluma fiable, las tareas de excavaci\u00f3n ser\u00edan ineficientes y laboriosas.<\/p>\n<h3>Maquinaria agr\u00edcola<\/h3>\n<p>En las cargadoras frontales, los cilindros de la pluma son esenciales para recoger, levantar y transportar tierra, heno y otros materiales. Permiten a los operadores gestionar eficazmente materiales a granel, facilitando y optimizando las tareas agr\u00edcolas. La capacidad de elevaci\u00f3n del cilindro de la pluma contribuye significativamente a la productividad en las explotaciones agr\u00edcolas.<\/p>\n<h3>excavadoras<\/h3>\n<p>En las excavadoras, los cilindros de la pluma facilitan la excavaci\u00f3n al permitir que el cuchar\u00f3n penetre en el suelo. Esta funci\u00f3n es crucial para una excavaci\u00f3n eficaz, ya que proporciona a los operadores la palanca necesaria para superar terrenos dif\u00edciles. El control hidr\u00e1ulico de la pluma permite movimientos precisos, esenciales para las tareas de excavaci\u00f3n.<\/p>\n<h3>Cargadores<\/h3>\n<p>En las cargadoras frontales, los cilindros de la pluma facilitan la elevaci\u00f3n y descarga eficiente de materiales. Proporcionan la fuerza necesaria para elevarlos a la altura deseada, lo que permite a los operarios gestionar y transportar las cargas sin dificultad. La fiabilidad de estos cilindros es fundamental para mantener la productividad en obras de construcci\u00f3n y paisajismo.<\/p>\n<h2>Consideraciones de dise\u00f1o y criterios de selecci\u00f3n<\/h2>\n<h3>Capacidad de carga<\/h3>\n<p>Al seleccionar un cilindro de pluma, es fundamental considerar su capacidad de carga. El cilindro debe ser capaz de soportar el peso m\u00e1ximo al que estar\u00e1 sometido durante su funcionamiento. Esto implica comprender las ventajas mec\u00e1nicas que ofrece la excavadora, incluyendo el apalancamiento proporcionado por el brazo de la pluma. Garantizar que el cilindro pueda operar de forma segura dentro de sus l\u00edmites de carga es crucial para prevenir fallas mec\u00e1nicas y garantizar la seguridad del operador.<\/p>\n<h3>Mecanismos de sellado<\/h3>\n<p>Un sellado eficaz es esencial en los cilindros hidr\u00e1ulicos para evitar fugas de fluido y mantener la presi\u00f3n. Los productos deben utilizar juntas de alta calidad para soportar el desgaste propio del funcionamiento normal. Las tecnolog\u00edas de sellado avanzadas, como las juntas de pist\u00f3n y de v\u00e1stago fabricadas con materiales duraderos como el poliuretano, garantizan una larga vida \u00fatil y fiabilidad, reduciendo el riesgo de p\u00e9rdida de fluido hidr\u00e1ulico y mejorando la eficiencia.<\/p>\n<h3>Durabilidad<\/h3>\n<p>La durabilidad de un cilindro de pluma depende de los materiales empleados en su fabricaci\u00f3n y de su resistencia a los factores ambientales. Es fundamental elegir materiales de alta resistencia que soporten la corrosi\u00f3n y la abrasi\u00f3n, sobre todo en entornos de trabajo exigentes. La inspecci\u00f3n peri\u00f3dica para detectar desgaste y el uso de recubrimientos protectores pueden prolongar la vida \u00fatil y la fiabilidad de los cilindros hidr\u00e1ulicos.<\/p>\n<h3>Caracter\u00edsticas de seguridad<\/h3>\n<p>La seguridad es primordial en el dise\u00f1o de cilindros hidr\u00e1ulicos. Elementos como las v\u00e1lvulas de alivio de presi\u00f3n y un montaje adecuado ayudan a mitigar los riesgos asociados a las fallas hidr\u00e1ulicas. Garantizar que el cilindro se dise\u00f1e teniendo en cuenta la seguridad protege a los operarios y los equipos, reduciendo la probabilidad de accidentes o incidentes durante el funcionamiento.<\/p>\n<p><img decoding=\"async\" src=\"https:\/\/www.hydraulic-cylinders.net\/wp-content\/uploads\/2025\/04\/songte-oil-pipes-and-spare-parts.webp\" alt=\"Tuber\u00edas de aceite y repuestos\" \/><\/p>\n<h2>Sellado y lubricaci\u00f3n del cilindro hidr\u00e1ulico<\/h2>\n<p>Un sellado y lubricaci\u00f3n adecuados son fundamentales para el funcionamiento eficaz del cilindro de la pluma. Se utilizan diversos sellos, incluidos los de pist\u00f3n y v\u00e1stago, para mantener la presi\u00f3n hidr\u00e1ulica y evitar fugas. Estos sellos suelen estar fabricados con materiales resistentes a la abrasi\u00f3n, como el poliuretano y el caucho de nitrilo, lo que mejora su durabilidad y rendimiento.<\/p>\n<p>Las superficies del cuerpo del cilindro y los extremos roscados se mecanizan con precisi\u00f3n para mejorar su resistencia al desgaste. Es necesaria una lubricaci\u00f3n regular, ya que se debe a\u00f1adir aceite hidr\u00e1ulico para garantizar un funcionamiento suave y evitar el sobrecalentamiento. Este mantenimiento ayuda a mitigar el desgaste de los componentes internos, lo que garantiza la durabilidad y la eficiencia del sistema hidr\u00e1ulico.<\/p>\n<h2>Inspecci\u00f3n rutinaria y medidas de mantenimiento preventivo<\/h2>\n<ul>\n<li><strong>Inspecciones regulares:<\/strong> Realice inspecciones frecuentes del cilindro de la pluma para comprobar si hay signos de desgaste, da\u00f1os o fugas. La detecci\u00f3n temprana de problemas permite realizar reparaciones oportunas, lo que reduce el riesgo de fallos catastr\u00f3ficos.<\/li>\n<li><strong>Lubricaci\u00f3n adecuada:<\/strong> Aseg\u00farese de que el cilindro hidr\u00e1ulico est\u00e9 adecuadamente lubricado. Esto implica comprobar los niveles de fluido y rellenar el aceite hidr\u00e1ulico seg\u00fan sea necesario para mantener un funcionamiento correcto y evitar el desgaste.<\/li>\n<li><strong>Reemplazo del sello:<\/strong> Inspeccione las juntas peri\u00f3dicamente para detectar signos de desgaste o da\u00f1os. La sustituci\u00f3n oportuna de las juntas ayuda a mantener la presi\u00f3n hidr\u00e1ulica y a prevenir fugas, lo que garantiza un funcionamiento eficiente.<\/li>\n<\/ul>\n<h2>Instrucciones de instalaci\u00f3n para el cilindro de la pluma<\/h2>\n<p>La correcta instalaci\u00f3n del cilindro de la pluma es fundamental para un rendimiento \u00f3ptimo. Comience por asegurarse de que todos los puntos de montaje est\u00e9n alineados correctamente; una desalineaci\u00f3n puede provocar un desgaste irregular y posibles fallos. Utilice soportes de montaje adecuados para fijar el cilindro en su lugar, lo que proporcionar\u00e1 estabilidad durante el funcionamiento.<\/p>\n<p>Antes de conectar las l\u00edneas hidr\u00e1ulicas, verifique que todas las roscas est\u00e9n libres de residuos y que las juntas est\u00e9n en buen estado. Una vez conectadas, pruebe el sistema accionando las funciones hidr\u00e1ulicas en todo su rango para comprobar que no haya fugas y garantizar un funcionamiento correcto. Seguir las instrucciones del fabricante durante la instalaci\u00f3n es fundamental para obtener el mejor rendimiento del cilindro hidr\u00e1ulico.<\/p>\n<h2>Tareas comunes de mantenimiento<\/h2>\n<h3>Controles regulares<\/h3>\n<p>Realizar revisiones peri\u00f3dicas del cilindro de la pluma es fundamental para mantener su eficiencia. Esto incluye controlar los niveles de fluido, inspeccionar si hay fugas y evaluar el estado general del cilindro. Las revisiones peri\u00f3dicas ayudan a identificar posibles problemas antes de que se agraven, lo que garantiza la durabilidad del cilindro hidr\u00e1ulico.<\/p>\n<h3>Lubricaci\u00f3n adecuada<\/h3>\n<p>Mantener una lubricaci\u00f3n adecuada dentro del cilindro hidr\u00e1ulico es vital para su correcto funcionamiento. Aseg\u00farese de rellenar el aceite hidr\u00e1ulico peri\u00f3dicamente y de que las juntas est\u00e9n intactas para evitar fugas de fluido. Una lubricaci\u00f3n adecuada minimiza la fricci\u00f3n entre las piezas m\u00f3viles, prolongando la vida \u00fatil del cilindro y mejorando su rendimiento.<\/p>\n<h3>Reemplazo de sellos y controles de calibraci\u00f3n<\/h3>\n<p>El reemplazo peri\u00f3dico de las juntas es esencial para mantener la integridad del sistema hidr\u00e1ulico. Las juntas desgastadas o da\u00f1adas pueden provocar fugas y una disminuci\u00f3n del rendimiento. Adem\u00e1s, las comprobaciones de calibraci\u00f3n peri\u00f3dicas garantizan que el cilindro funcione dentro de los par\u00e1metros especificados, lo que mejora la fiabilidad y la seguridad durante su uso.<\/p>\n<p><img decoding=\"async\" src=\"https:\/\/www.hydraulic-cylinders.net\/wp-content\/uploads\/2025\/04\/songte-chushion-collar.webp\" alt=\"Collar\u00edn acolchado\" \/><\/p>\n<h2>Consideraciones de seguridad y factores ambientales<\/h2>\n<p>Al utilizar cilindros hidr\u00e1ulicos, las medidas de seguridad deben ser prioritarias. Los operadores deben recibir capacitaci\u00f3n para comprender los riesgos asociados a los sistemas hidr\u00e1ulicos, incluidas las posibles fugas de fluido y los peligros relacionados con la presi\u00f3n. La implementaci\u00f3n de protocolos de seguridad, como el uso de equipo de protecci\u00f3n y el mantenimiento de zonas operativas despejadas, es fundamental para minimizar los accidentes.<\/p>\n<h2>Diagn\u00f3stico de fallas y problemas comunes<\/h2>\n<ul>\n<li><strong>Fuga:<\/strong> Las fugas de fluido hidr\u00e1ulico pueden indicar fallas o da\u00f1os en los sellos. Inspeccione peri\u00f3dicamente los sellos y las conexiones para evitar p\u00e9rdidas de fluido y mantener la presi\u00f3n.<\/li>\n<li><strong>Movimiento inconsistente:<\/strong> Cualquier irregularidad en el movimiento del cilindro puede indicar da\u00f1os internos o contaminaci\u00f3n del fluido hidr\u00e1ulico. Compruebe si hay obstrucciones y aseg\u00farese de que el fluido hidr\u00e1ulico est\u00e9 limpio y al nivel correcto.<\/li>\n<li><strong>Sonidos inusuales:<\/strong> Los ruidos extra\u00f1os durante el funcionamiento pueden ser se\u00f1al de desgaste o da\u00f1os. Investigue cualquier sonido anormal de inmediato para evitar da\u00f1os mayores.<\/li>\n<\/ul>\n<h2>Consejos y soluciones para la resoluci\u00f3n de problemas<\/h2>\n<p>Para solucionar eficazmente los problemas del cilindro de la pluma, comience realizando una inspecci\u00f3n minuciosa. Busque se\u00f1ales de desgaste o da\u00f1os y compruebe los niveles de fluido. Si hay fugas, sustituya las juntas y aseg\u00farese de que todas las conexiones est\u00e9n bien ajustadas. Mantener el fluido hidr\u00e1ulico limpio y a niveles \u00f3ptimos ayuda a prevenir la contaminaci\u00f3n y garantiza un funcionamiento correcto.<\/p>\n<p>Implemente medidas preventivas, como revisiones de mantenimiento peri\u00f3dicas y reparaciones oportunas, para minimizar el riesgo de problemas futuros. Capacitar a los operadores para que reconozcan las se\u00f1ales de alerta temprana puede ayudar a evitar fallas importantes y prolongar la vida \u00fatil de los cilindros hidr\u00e1ulicos.<\/p>\n<p><img decoding=\"async\" src=\"https:\/\/www.hydraulic-cylinders.net\/wp-content\/uploads\/2025\/04\/songte-bushings-with-all-kinds-of-excavator-models.webp\" alt=\"Bujes para modelos de excavadoras\" \/><\/p>\n<h2>Acerca de nuestra empresa<\/h2>\n<p>Somos fabricantes l\u00edderes de cilindros hidr\u00e1ulicos de repuesto y ofrecemos una amplia gama de productos para satisfacer las diversas demandas del mercado. Nuestro compromiso con la excelencia se refleja en nuestros meticulosos procesos de fabricaci\u00f3n y en el cumplimiento de los m\u00e1s altos est\u00e1ndares de calidad. Con un enfoque en la ingenier\u00eda de precisi\u00f3n y la tecnolog\u00eda innovadora, mejoramos continuamente nuestras capacidades de producci\u00f3n.<\/p>\n<p>Nos hemos consolidado como un proveedor de confianza tanto a nivel nacional como internacional. Nuestras certificaciones internacionales garantizan que nuestros productos cumplen con los est\u00e1ndares de calidad globales. Adem\u00e1s, ofrecemos soluciones personalizadas para satisfacer las necesidades espec\u00edficas de cada cliente, gracias a nuestros avanzados equipos de fabricaci\u00f3n y nuestra amplia experiencia.<\/p>\n<p>Nuestro servicio postventa especializado garantiza que los clientes reciban asistencia y apoyo continuos, lo que consolida a\u00fan m\u00e1s nuestra reputaci\u00f3n en el sector.<\/p>\n<p><img decoding=\"async\" src=\"https:\/\/www.hydraulic-cylinders.net\/wp-content\/uploads\/2025\/04\/songte-company-4.webp\" alt=\"Descripci\u00f3n general de la empresa\" \/><br \/>\n<img decoding=\"async\" src=\"https:\/\/www.hydraulic-cylinders.net\/wp-content\/uploads\/2025\/04\/songte-company-3.webp\" alt=\"Planta de fabricaci\u00f3n\" \/><\/p>\n<p>Autor: lyl<\/p>","protected":false},"excerpt":{"rendered":"<p>Boom Cylinder For Caterpillar Large Excavator E374FL Introduction to Boom Cylinder The boom cylinder is a critical component in heavy machinery, especially in excavators like the Caterpillar E374FL. This hydraulic cylinder is designed to control the movement of the boom, allowing it to lift, lower, and tilt. The function of a boom cylinder is essential [&hellip;]<\/p>","protected":false},"featured_media":17873,"comment_status":"open","ping_status":"closed","template":"","meta":{"_et_pb_use_builder":"","_et_pb_old_content":"","_et_gb_content_width":""},"product_brand":[],"product_cat":[1546],"product_tag":[1547,1496],"class_list":{"0":"post-18976","1":"product","2":"type-product","3":"status-publish","4":"has-post-thumbnail","6":"product_cat-boom-cylinders","7":"product_tag-boom-cylinders","8":"product_tag-hydraulic-cylinders","10":"first","11":"instock","12":"shipping-taxable","13":"product-type-simple"},"amp_enabled":true,"_links":{"self":[{"href":"https:\/\/www.hydraulic-cylinders.net\/es\/wp-json\/wp\/v2\/product\/18976","targetHints":{"allow":["GET"]}}],"collection":[{"href":"https:\/\/www.hydraulic-cylinders.net\/es\/wp-json\/wp\/v2\/product"}],"about":[{"href":"https:\/\/www.hydraulic-cylinders.net\/es\/wp-json\/wp\/v2\/types\/product"}],"replies":[{"embeddable":true,"href":"https:\/\/www.hydraulic-cylinders.net\/es\/wp-json\/wp\/v2\/comments?post=18976"}],"wp:featuredmedia":[{"embeddable":true,"href":"https:\/\/www.hydraulic-cylinders.net\/es\/wp-json\/wp\/v2\/media\/17873"}],"wp:attachment":[{"href":"https:\/\/www.hydraulic-cylinders.net\/es\/wp-json\/wp\/v2\/media?parent=18976"}],"wp:term":[{"taxonomy":"product_brand","embeddable":true,"href":"https:\/\/www.hydraulic-cylinders.net\/es\/wp-json\/wp\/v2\/product_brand?post=18976"},{"taxonomy":"product_cat","embeddable":true,"href":"https:\/\/www.hydraulic-cylinders.net\/es\/wp-json\/wp\/v2\/product_cat?post=18976"},{"taxonomy":"product_tag","embeddable":true,"href":"https:\/\/www.hydraulic-cylinders.net\/es\/wp-json\/wp\/v2\/product_tag?post=18976"}],"curies":[{"name":"wp","href":"https:\/\/api.w.org\/{rel}","templated":true}]}}