{"id":18977,"date":"2025-04-07T06:05:25","date_gmt":"2025-04-07T06:05:25","guid":{"rendered":"https:\/\/www.hydraulic-cylinders.net\/product\/boom-cylinder-for-caterpillar-large-excavator-e390d\/"},"modified":"2025-04-07T06:05:27","modified_gmt":"2025-04-07T06:05:27","slug":"boom-cylinder-for-caterpillar-large-excavator-e390d","status":"publish","type":"product","link":"https:\/\/www.hydraulic-cylinders.net\/es\/producto\/boom-cylinder-for-caterpillar-large-excavator-e390d\/","title":{"rendered":"Cilindro de pluma para excavadora grande Caterpillar E390D"},"content":{"rendered":"<h1>Cilindro de pluma para excavadora grande Caterpillar E390D<\/h1>\n<h2>Introducci\u00f3n al cilindro de la pluma<\/h2>\n<p>El cilindro de la pluma es un componente hidr\u00e1ulico cr\u00edtico, dise\u00f1ado espec\u00edficamente para controlar el movimiento del cuchar\u00f3n en diversas m\u00e1quinas pesadas, como excavadoras, retroexcavadoras y cargadoras frontales. Este cilindro hidr\u00e1ulico permite que el cuchar\u00f3n se eleve, baje e incline, facilitando la manipulaci\u00f3n eficiente de materiales. El cilindro de la pluma desempe\u00f1a un papel fundamental en el sistema hidr\u00e1ulico de una excavadora, proporcionando la fuerza y \u200b\u200bla precisi\u00f3n necesarias para las operaciones.<\/p>\n<p><img decoding=\"async\" src=\"https:\/\/www.hydraulic-cylinders.net\/wp-content\/uploads\/2025\/04\/songte-company-1.webp\" alt=\"Cilindro de la pluma\" \/><\/p>\n<h3>Definici\u00f3n y descripci\u00f3n general<\/h3>\n<p>Los cilindros hidr\u00e1ulicos son dispositivos que convierten la energ\u00eda hidr\u00e1ulica en energ\u00eda mec\u00e1nica, proporcionando la fuerza necesaria para diversas operaciones en equipos de construcci\u00f3n y agr\u00edcolas. El cilindro de la pluma, en particular, est\u00e1 dise\u00f1ado para soportar alta presi\u00f3n y cargas pesadas, lo que garantiza un rendimiento fiable incluso en entornos de trabajo exigentes. Su dise\u00f1o prioriza la durabilidad y la eficiencia, permitiendo a los operadores ejecutar tareas complejas con facilidad.<\/p>\n<h2>Caracter\u00edsticas principales del cilindro de la pluma<\/h2>\n<ul>\n<li><strong>Alta resistencia y durabilidad:<\/strong> Fabricado en acero o aluminio de alta resistencia, el cilindro de la pluma soporta alta presi\u00f3n y cargas pesadas. Est\u00e1 dise\u00f1ado para resistir el desgaste y la corrosi\u00f3n, prolongando as\u00ed su vida \u00fatil.<\/li>\n<li><strong>Operaci\u00f3n hidr\u00e1ulica eficiente:<\/strong> Utiliza presi\u00f3n de aceite hidr\u00e1ulico para una extensi\u00f3n y retracci\u00f3n suaves, respondiendo r\u00e1pidamente a los comandos del operador y brindando potentes capacidades de empuje y tracci\u00f3n adecuadas para levantamiento pesado y operaciones complejas.<\/li>\n<li><strong>Diversos tipos:<\/strong> Disponible en configuraciones de simple efecto (hidr\u00e1ulica en una direcci\u00f3n) o doble efecto (hidr\u00e1ulica en dos direcciones), satisface diversas necesidades operativas. Algunos modelos son telesc\u00f3picos, lo que permite una mayor extensi\u00f3n sin aumentar las dimensiones externas, ideal para aplicaciones con espacio limitado.<\/li>\n<li><strong>Ingenier\u00eda de precisi\u00f3n:<\/strong> Dise\u00f1ado con tolerancias estrictas y materiales de alta calidad para garantizar un rendimiento constante, reduciendo las necesidades de mantenimiento y mejorando la confiabilidad.<\/li>\n<li><strong>Opciones personalizables:<\/strong> El cilindro de la pluma se puede adaptar a requisitos espec\u00edficos, lo que garantiza la compatibilidad con diferentes modelos de excavadoras y mejora la eficiencia operativa.<\/li>\n<\/ul>\n<p>Tenemos la capacidad de producir este producto, y nuestros productos pueden reemplazar perfectamente estos cilindros hidr\u00e1ulicos.<\/p>\n<p><img decoding=\"async\" src=\"https:\/\/www.hydraulic-cylinders.net\/wp-content\/uploads\/2025\/04\/songte-cylinder-head-with-all-kinds-excavator-models.webp\" alt=\"Modelos de excavadoras\" \/><\/p>\n<h2>Aplicaciones del cilindro de la pluma<\/h2>\n<h3>Equipos de construcci\u00f3n<\/h3>\n<p>El cilindro de la pluma es vital para equipos de construcci\u00f3n como excavadoras, ya que facilita la excavaci\u00f3n, la carga y el traslado de tierra o escombros. En las retroexcavadoras, el cilindro de la pluma facilita tanto la excavaci\u00f3n como la elevaci\u00f3n, lo que resulta esencial para operaciones vers\u00e1tiles en las obras.<\/p>\n<h3>Maquinaria agr\u00edcola<\/h3>\n<p>En las cargadoras frontales, el cilindro de la pluma se utiliza para recoger, levantar y transportar tierra, heno y otros materiales. Su rendimiento fiable ayuda a los agricultores a realizar las tareas agr\u00edcolas con eficiencia, garantizando as\u00ed la productividad en la explotaci\u00f3n.<\/p>\n<h3>excavadoras<\/h3>\n<p>En las excavadoras, el cilindro de la pluma permite que la cuchara penetre en el suelo, facilitando una excavaci\u00f3n eficaz. Su funci\u00f3n es crucial en diversas actividades de construcci\u00f3n y demolici\u00f3n, lo que lo convierte en un componente indispensable de la m\u00e1quina.<\/p>\n<h3>Cargadores<\/h3>\n<p>En las cargadoras frontales, los cilindros de la pluma ayudan a elevar y descargar cargas eficazmente. Su potencia y fiabilidad los hacen ideales para diversas aplicaciones, como la manipulaci\u00f3n de materiales y la preparaci\u00f3n del terreno.<\/p>\n<h2>Consideraciones de dise\u00f1o y criterios de selecci\u00f3n<\/h2>\n<h3>Capacidad de carga<\/h3>\n<p>La capacidad de carga del cilindro de la pluma es fundamental para garantizar que pueda soportar el peso asociado a las tareas en cuesti\u00f3n. Seleccionar un cilindro con la capacidad de carga adecuada es crucial para evitar fallas durante la operaci\u00f3n.<\/p>\n<h3>Rendimiento de sellado<\/h3>\n<p>Un sellado eficaz es esencial para mantener la presi\u00f3n hidr\u00e1ulica y prevenir fugas. Los sellos de alta calidad no solo mejoran el rendimiento, sino que tambi\u00e9n prolongan la vida \u00fatil del cilindro. El mantenimiento regular para revisar los sellos puede evitar problemas importantes.<\/p>\n<h3>Durabilidad<\/h3>\n<p>La durabilidad es crucial para los cilindros de pluma, ya que operan en entornos hostiles. La selecci\u00f3n de materiales con alta resistencia al desgaste, como el acero endurecido, garantiza su longevidad y reduce la frecuencia de reemplazos.<\/p>\n<h3>Caracter\u00edsticas de seguridad<\/h3>\n<p>La seguridad es un factor fundamental en el dise\u00f1o hidr\u00e1ulico. Incorporar caracter\u00edsticas como v\u00e1lvulas de alivio de presi\u00f3n y cierres de seguridad puede proteger a los operadores y al equipo de posibles peligros durante la operaci\u00f3n.<\/p>\n<h3>Accesibilidad de mantenimiento<\/h3>\n<p>Dise\u00f1ar para facilitar el mantenimiento puede reducir significativamente el tiempo de inactividad. Se deben priorizar caracter\u00edsticas como puntos de lubricaci\u00f3n accesibles y sellos reemplazables para facilitar el mantenimiento y las reparaciones regulares.<\/p>\n<p><img decoding=\"async\" src=\"https:\/\/www.hydraulic-cylinders.net\/wp-content\/uploads\/2025\/04\/songte-oil-pipes-and-spare-parts.webp\" alt=\"Tuber\u00edas de aceite y repuestos\" \/><\/p>\n<h2>Sellado y lubricaci\u00f3n del cilindro de la pluma<\/h2>\n<p>Un sellado y una lubricaci\u00f3n adecuados son vitales para el funcionamiento del cilindro de la pluma. Se utilizan diversos sellos, como sellos de pist\u00f3n y de v\u00e1stago, para mantener la presi\u00f3n y evitar fugas. Se prefieren los sellos fabricados con materiales resistentes al desgaste, como el poliuretano y el caucho de nitrilo, por su durabilidad. El cuerpo del cilindro y las superficies roscadas de los extremos requieren un mecanizado preciso para mejorar la resistencia al desgaste. La adici\u00f3n regular de aceite hidr\u00e1ulico es esencial para la lubricaci\u00f3n, lo que garantiza un funcionamiento suave y reduce el desgaste.<\/p>\n<h2>Inspecci\u00f3n regular y mantenimiento preventivo<\/h2>\n<h3>Medidas de inspecci\u00f3n<\/h3>\n<ul>\n<li>Las comprobaciones visuales frecuentes para detectar fugas y signos de desgaste pueden ayudar a identificar posibles problemas antes de que se agraven.<\/li>\n<li>El monitoreo de los niveles de fluido hidr\u00e1ulico garantiza un rendimiento \u00f3ptimo y evita da\u00f1os por lubricaci\u00f3n insuficiente.<\/li>\n<li>La inspecci\u00f3n peri\u00f3dica de los sellos permite la detecci\u00f3n temprana de fallas, manteniendo la integridad del sistema.<\/li>\n<\/ul>\n<h2>Instrucciones de instalaci\u00f3n<\/h2>\n<p>La correcta instalaci\u00f3n del cilindro de la pluma es crucial para un rendimiento \u00f3ptimo. Primero, aseg\u00farese de que las superficies de montaje est\u00e9n limpias y libres de residuos. Alinee el cilindro con precisi\u00f3n con los soportes de montaje, utilizando los soportes adecuados para asegurarlo. Es fundamental comprobar que todos los pernos y accesorios est\u00e9n apretados seg\u00fan las especificaciones del fabricante. Realizar las conexiones hidr\u00e1ulicas correctas y verificar que no haya fugas es vital para un funcionamiento seguro. Por \u00faltimo, pruebe el funcionamiento del cilindro antes de la operaci\u00f3n a gran escala para confirmar la alineaci\u00f3n y el rendimiento correctos.<\/p>\n<h2>Tareas comunes de mantenimiento<\/h2>\n<h3>Inspecciones peri\u00f3dicas<\/h3>\n<p>Realizar inspecciones peri\u00f3dicas es esencial para garantizar la longevidad y el rendimiento del cilindro de la pluma. Busque cualquier signo de desgaste, fugas o da\u00f1os. La atenci\u00f3n oportuna a estos problemas puede evitar reparaciones costosas y tiempos de inactividad.<\/p>\n<h3>Lubricaci\u00f3n adecuada<\/h3>\n<p>La lubricaci\u00f3n regular es fundamental para el buen funcionamiento del cilindro de la pluma. Aseg\u00farese de reponer el aceite hidr\u00e1ulico seg\u00fan sea necesario y de que los puntos de lubricaci\u00f3n sean f\u00e1cilmente accesibles para el mantenimiento rutinario. Esto garantiza el correcto funcionamiento de los componentes y prolonga su vida \u00fatil.<\/p>\n<h3>Reemplazo de sellos y controles de calibraci\u00f3n<\/h3>\n<p>Reemplazar los sellos regularmente es importante para prevenir fugas de fluido hidr\u00e1ulico. Adem\u00e1s, realizar comprobaciones de calibraci\u00f3n garantiza que el cilindro funcione con precisi\u00f3n y mantenga el rendimiento deseado. Un ajuste y una configuraci\u00f3n adecuados durante estas comprobaciones son cruciales para un funcionamiento \u00f3ptimo.<\/p>\n<p><img decoding=\"async\" src=\"https:\/\/www.hydraulic-cylinders.net\/wp-content\/uploads\/2025\/04\/songte-chushion-collar.webp\" alt=\"Collar\u00edn acolchado\" \/><\/p>\n<h2>Consideraciones de seguridad y factores ambientales<\/h2>\n<p>Implementar medidas de seguridad es crucial al utilizar cilindros hidr\u00e1ulicos. La capacitaci\u00f3n adecuada de los operadores, el cumplimiento de los protocolos de seguridad y el uso de equipo de protecci\u00f3n pueden mitigar los riesgos asociados con los sistemas hidr\u00e1ulicos. Adem\u00e1s, considerar el impacto ambiental de los fluidos hidr\u00e1ulicos y garantizar m\u00e9todos adecuados de eliminaci\u00f3n puede contribuir a la sostenibilidad de las operaciones.<\/p>\n<h2>Diagn\u00f3stico de fallas y problemas comunes<\/h2>\n<ul>\n<li><strong>Fuga:<\/strong> Identificar el origen de las fugas puede ayudar a prevenir da\u00f1os mayores y a mantener la eficiencia del sistema. Inspeccione los sellos y las conexiones para detectar desgaste.<\/li>\n<li><strong>Problemas de rendimiento:<\/strong> Si el cilindro no responde como se espera, verifique los niveles de l\u00edquido hidr\u00e1ulico y la integridad de los sellos y las conexiones.<\/li>\n<li><strong>Ruidos inusuales:<\/strong> Los ruidos durante el funcionamiento pueden indicar problemas internos. Realice una inspecci\u00f3n para diagnosticar y corregir los problemas.<\/li>\n<\/ul>\n<h2>Consejos para la soluci\u00f3n de problemas<\/h2>\n<p>Para diagnosticar y resolver problemas eficazmente, comience con una inspecci\u00f3n exhaustiva del sistema hidr\u00e1ulico. Mantener un registro de mantenimiento organizado puede ayudar a identificar problemas recurrentes. Implemente medidas preventivas, como revisiones rutinarias y una lubricaci\u00f3n adecuada, para minimizar posibles complicaciones.<\/p>\n<p><img decoding=\"async\" src=\"https:\/\/www.hydraulic-cylinders.net\/wp-content\/uploads\/2025\/04\/songte-bushings-with-all-kinds-of-excavator-models.webp\" alt=\"Bujes\" \/><\/p>\n<h2>Acerca de nuestra empresa<\/h2>\n<p>Somos un fabricante l\u00edder de cilindros hidr\u00e1ulicos de repuesto, con una amplia gama de productos que nos ha posicionado como un actor clave en los mercados nacionales e internacionales. Nuestro compromiso con la calidad se materializa mediante estrategias de fabricaci\u00f3n optimizadas y una gesti\u00f3n de producci\u00f3n l\u00edder en la industria. Mejoramos continuamente nuestra plataforma de fabricaci\u00f3n con talento t\u00e9cnico avanzado, equipos de fabricaci\u00f3n digital de alta gama y sistemas de prueba profesionales. Esta dedicaci\u00f3n se traduce en alta eficiencia, precisi\u00f3n y calidad superior, satisfaciendo las diversas demandas de nuestros clientes.<\/p>\n<p><img decoding=\"async\" src=\"https:\/\/www.hydraulic-cylinders.net\/wp-content\/uploads\/2025\/04\/songte-company-4.webp\" alt=\"Imagen de la empresa 4\" \/><br \/>\n<img decoding=\"async\" src=\"https:\/\/www.hydraulic-cylinders.net\/wp-content\/uploads\/2025\/04\/songte-company-3.webp\" alt=\"Imagen de la empresa 3\" \/><\/p>\n<h2>Conclusi\u00f3n<\/h2>\n<p>En conclusi\u00f3n, el cilindro de la pluma es un componente esencial para la maquinaria pesada, ya que proporciona la potencia hidr\u00e1ulica necesaria para facilitar diversas tareas en la construcci\u00f3n y la agricultura. Una instalaci\u00f3n adecuada, un mantenimiento regular y las medidas de seguridad pueden mejorar considerablemente su rendimiento y vida \u00fatil. Nuestra empresa est\u00e1 lista para proporcionar cilindros hidr\u00e1ulicos de repuesto de alta calidad, dise\u00f1ados para satisfacer sus necesidades espec\u00edficas.<\/p>\n<p>Autor: lyl<\/p>","protected":false},"excerpt":{"rendered":"<p>Boom Cylinder For Caterpillar Large Excavator E390D Introduction to Boom Cylinder The boom cylinder is a critical hydraulic component specifically designed to control the movement of the bucket in various heavy machinery, such as excavators, backhoe loaders, and front-end loaders. This hydraulic cylinder enables the bucket to lift, lower, and tilt, facilitating material handling tasks [&hellip;]<\/p>","protected":false},"featured_media":17874,"comment_status":"open","ping_status":"closed","template":"","meta":{"_et_pb_use_builder":"","_et_pb_old_content":"","_et_gb_content_width":""},"product_brand":[],"product_cat":[1546],"product_tag":[1547,1496],"class_list":{"0":"post-18977","1":"product","2":"type-product","3":"status-publish","4":"has-post-thumbnail","6":"product_cat-boom-cylinders","7":"product_tag-boom-cylinders","8":"product_tag-hydraulic-cylinders","10":"first","11":"instock","12":"shipping-taxable","13":"product-type-simple"},"amp_enabled":true,"_links":{"self":[{"href":"https:\/\/www.hydraulic-cylinders.net\/es\/wp-json\/wp\/v2\/product\/18977","targetHints":{"allow":["GET"]}}],"collection":[{"href":"https:\/\/www.hydraulic-cylinders.net\/es\/wp-json\/wp\/v2\/product"}],"about":[{"href":"https:\/\/www.hydraulic-cylinders.net\/es\/wp-json\/wp\/v2\/types\/product"}],"replies":[{"embeddable":true,"href":"https:\/\/www.hydraulic-cylinders.net\/es\/wp-json\/wp\/v2\/comments?post=18977"}],"wp:featuredmedia":[{"embeddable":true,"href":"https:\/\/www.hydraulic-cylinders.net\/es\/wp-json\/wp\/v2\/media\/17874"}],"wp:attachment":[{"href":"https:\/\/www.hydraulic-cylinders.net\/es\/wp-json\/wp\/v2\/media?parent=18977"}],"wp:term":[{"taxonomy":"product_brand","embeddable":true,"href":"https:\/\/www.hydraulic-cylinders.net\/es\/wp-json\/wp\/v2\/product_brand?post=18977"},{"taxonomy":"product_cat","embeddable":true,"href":"https:\/\/www.hydraulic-cylinders.net\/es\/wp-json\/wp\/v2\/product_cat?post=18977"},{"taxonomy":"product_tag","embeddable":true,"href":"https:\/\/www.hydraulic-cylinders.net\/es\/wp-json\/wp\/v2\/product_tag?post=18977"}],"curies":[{"name":"wp","href":"https:\/\/api.w.org\/{rel}","templated":true}]}}