{"id":18983,"date":"2025-04-07T06:05:40","date_gmt":"2025-04-07T06:05:40","guid":{"rendered":"https:\/\/www.hydraulic-cylinders.net\/product\/boom-cylinder-for-caterpillar-wheel-excavator-m217dz\/"},"modified":"2025-04-07T06:05:43","modified_gmt":"2025-04-07T06:05:43","slug":"boom-cylinder-for-caterpillar-wheel-excavator-m217dz","status":"publish","type":"product","link":"https:\/\/www.hydraulic-cylinders.net\/es\/producto\/boom-cylinder-for-caterpillar-wheel-excavator-m217dz\/","title":{"rendered":"Cilindro de pluma para excavadora de ruedas Caterpillar M217DZ"},"content":{"rendered":"<h1>Cilindro de pluma para excavadora de ruedas Caterpillar M217DZ<\/h1>\n<h2>Introducci\u00f3n a los cilindros de pluma<\/h2>\n<p>Un cilindro de pluma, dise\u00f1ado espec\u00edficamente para maquinaria pesada como la excavadora de ruedas Caterpillar M217DZ, es un componente crucial de los sistemas hidr\u00e1ulicos. Este cilindro hidr\u00e1ulico controla el movimiento del cuchar\u00f3n en diversas aplicaciones de equipo pesado, como excavadoras, retroexcavadoras y cargadoras frontales. Permite que el cuchar\u00f3n se eleve, baje e incline, facilitando la manipulaci\u00f3n de materiales con precisi\u00f3n y eficiencia. El funcionamiento del cilindro de pluma es fundamental para el sistema hidr\u00e1ulico, ya que convierte la presi\u00f3n hidr\u00e1ulica en fuerza mec\u00e1nica, lo que permite a los operadores realizar tareas como excavar, levantar y transportar materiales con eficacia.<\/p>\n<p><img decoding=\"async\" src=\"https:\/\/www.hydraulic-cylinders.net\/wp-content\/uploads\/2025\/04\/songte-company-1.webp\" alt=\"Imagen del cilindro de la pluma\"><\/p>\n<h2>Caracter\u00edsticas del cilindro de la pluma<\/h2>\n<ul>\n<li>\n<h3>Alta resistencia y durabilidad<\/h3>\n<p>Fabricado en acero o aluminio de alta resistencia, el cilindro de la pluma est\u00e1 dise\u00f1ado para soportar alta presi\u00f3n y cargas pesadas, lo que lo hace ideal para entornos de trabajo exigentes. Su dise\u00f1o tambi\u00e9n ofrece resistencia al desgaste y protecci\u00f3n contra la corrosi\u00f3n, lo que prolonga significativamente su vida \u00fatil.<\/p>\n<\/li>\n<li>\n<h3>Operaci\u00f3n hidr\u00e1ulica eficiente<\/h3>\n<p>El cilindro de la pluma utiliza presi\u00f3n de aceite hidr\u00e1ulico para lograr movimientos de extensi\u00f3n y retracci\u00f3n suaves y precisos, lo que permite una r\u00e1pida respuesta a los comandos del operador y proporciona una fuerza de empuje y tracci\u00f3n sustancial para manejar tareas pesadas y complejas.<\/p>\n<\/li>\n<li>\n<h3>Diversos tipos<\/h3>\n<p>Disponibles en configuraciones de simple efecto (operaci\u00f3n en una direcci\u00f3n) o doble efecto (operaci\u00f3n en ambas direcciones) para satisfacer diversas necesidades operativas. Algunos modelos cuentan con dise\u00f1os telesc\u00f3picos, lo que permite una mayor extensi\u00f3n sin aumentar las dimensiones externas, ideal para aplicaciones con espacio limitado.<\/p>\n<\/li>\n<li>\n<h3>Ingenier\u00eda de precisi\u00f3n<\/h3>\n<p>Cada cilindro de pluma se somete a rigurosos procesos de control de calidad e ingenier\u00eda de precisi\u00f3n, lo que garantiza un alto rendimiento, confiabilidad y compatibilidad con diferentes modelos de excavadoras.<\/p>\n<\/li>\n<li>\n<h3>Opciones personalizables<\/h3>\n<p>Ofrecemos opciones personalizables para cilindros hidr\u00e1ulicos, garantizando que reemplacen perfectamente las unidades existentes y cumplan con los requisitos de rendimiento espec\u00edficos.<\/p>\n<\/li>\n<\/ul>\n<p><img decoding=\"async\" src=\"https:\/\/www.hydraulic-cylinders.net\/wp-content\/uploads\/2025\/04\/songte-cylinder-head-with-all-kinds-excavator-models.webp\" alt=\"Imagen de modelos de excavadoras\"><\/p>\n<h2>Aplicaciones de los cilindros de pluma<\/h2>\n<h3>Equipos de construcci\u00f3n<\/h3>\n<p>En equipos de construcci\u00f3n, los cilindros de la pluma son componentes vitales de las excavadoras, facilitando las tareas de excavaci\u00f3n, carga y movimiento de materiales. Permiten que la cuchara penetre eficazmente en el suelo, garantizando operaciones de excavaci\u00f3n eficientes. Adem\u00e1s, en las retroexcavadoras, estos cilindros facilitan tanto la excavaci\u00f3n como la elevaci\u00f3n, lo que contribuye a una funcionalidad vers\u00e1til en diversos proyectos de construcci\u00f3n.<\/p>\n<h3>Maquinaria agr\u00edcola<\/h3>\n<p>En entornos agr\u00edcolas, los cilindros de pluma se utilizan com\u00fanmente en cargadoras frontales para tareas como recoger, levantar y transportar tierra, heno y otros materiales. Su dise\u00f1o robusto y rendimiento fiable mejoran la productividad, lo que los hace esenciales para las operaciones agr\u00edcolas modernas.<\/p>\n<h3>excavadoras<\/h3>\n<p>En las excavadoras, los cilindros de la pluma permiten que la cuchara penetre en el suelo, facilitando la excavaci\u00f3n. Esta capacidad es crucial para tareas como la excavaci\u00f3n de zanjas, la cimentaci\u00f3n y la preparaci\u00f3n del terreno, lo que las hace indispensables en proyectos de construcci\u00f3n e ingenier\u00eda civil.<\/p>\n<h3>Cargadores<\/h3>\n<p>En las cargadoras frontales, los cilindros de la pluma desempe\u00f1an un papel crucial en la elevaci\u00f3n y descarga eficaz de materiales. Mejoran la eficiencia de la manipulaci\u00f3n de materiales, lo que los hace esenciales para diversas industrias, como la construcci\u00f3n, el paisajismo y la gesti\u00f3n de residuos.<\/p>\n<h2>Consideraciones de dise\u00f1o y criterios de selecci\u00f3n<\/h2>\n<h3>Capacidad de carga<\/h3>\n<p>Al seleccionar un cilindro de pluma, es fundamental comprender su capacidad de carga. Esto determina el peso m\u00e1ximo que el cilindro puede soportar sin fallar. Los fabricantes suelen especificar las capacidades de carga seg\u00fan procedimientos de prueba est\u00e1ndar. Elegir un cilindro con la capacidad de carga adecuada garantiza la seguridad y la eficiencia operativa.<\/p>\n<h3>Mecanismos de sellado<\/h3>\n<p>Un sellado eficaz es vital para evitar fugas de fluido hidr\u00e1ulico y mantener la presi\u00f3n dentro del cilindro. Los sellos de alta calidad, fabricados con materiales como poliuretano y caucho de nitrilo, mejoran la durabilidad y la resistencia al desgaste. La inspecci\u00f3n regular de los sellos es necesaria para evitar problemas operativos y prolongar la vida \u00fatil del cilindro.<\/p>\n<h3>Durabilidad<\/h3>\n<p>La durabilidad del dise\u00f1o garantiza que el cilindro de la pluma pueda soportar condiciones de trabajo rigurosas sin un desgaste significativo. Esto incluye el uso de materiales resistentes a la corrosi\u00f3n y la aplicaci\u00f3n de tratamientos superficiales para mejorar la resistencia al desgaste. Un cilindro duradero se traduce en menores costos de mantenimiento y una mayor vida \u00fatil.<\/p>\n<h3>Caracter\u00edsticas de seguridad<\/h3>\n<p>La seguridad es primordial al operar maquinaria hidr\u00e1ulica. Los cilindros de la pluma deben incorporar caracter\u00edsticas de seguridad como v\u00e1lvulas de alivio de presi\u00f3n para evitar sobrecargas y sistemas que garanticen un funcionamiento a prueba de fallos en caso de aver\u00eda. El mantenimiento regular y el cumplimiento de las normas de seguridad son esenciales para prevenir accidentes.<\/p>\n<h3>Accesibilidad de mantenimiento<\/h3>\n<p>Los dise\u00f1os deben facilitar el acceso a los componentes para realizar tareas de mantenimiento e inspecci\u00f3n. Esto incluye considerar el montaje del cilindro y la ubicaci\u00f3n de las conexiones hidr\u00e1ulicas. Mantener la accesibilidad reduce el tiempo de inactividad y garantiza el funcionamiento fiable del sistema hidr\u00e1ulico.<\/p>\n<p><img decoding=\"async\" src=\"https:\/\/www.hydraulic-cylinders.net\/wp-content\/uploads\/2025\/04\/songte-oil-pipes-and-spare-parts.webp\" alt=\"Imagen de tuber\u00edas de aceite y repuestos\"><\/p>\n<h2>Sellado y lubricaci\u00f3n del cilindro<\/h2>\n<p>Garantizar un sellado y una lubricaci\u00f3n eficaces es esencial para el correcto funcionamiento de los cilindros hidr\u00e1ulicos. Se utilizan diversos sellos, como sellos de pist\u00f3n y de v\u00e1stago, para mantener la presi\u00f3n y evitar fugas de fluido. Los sellos fabricados con materiales duraderos como el poliuretano y el caucho de nitrilo son los preferidos por su resistencia al desgaste.<\/p>\n<p>El cuerpo del cilindro y las superficies roscadas de los extremos deben someterse a procesos de mecanizado fino para mejorar la resistencia al desgaste. La lubricaci\u00f3n regular con aceite hidr\u00e1ulico es crucial para minimizar la fricci\u00f3n y el desgaste de las piezas m\u00f3viles. Este mantenimiento garantiza un funcionamiento suave y prolonga la vida \u00fatil del cilindro.<\/p>\n<h2>Inspecci\u00f3n regular y mantenimiento preventivo<\/h2>\n<p>Implementar un programa de inspecci\u00f3n rutinaria es vital para el mantenimiento de los cilindros hidr\u00e1ulicos. Algunas medidas preventivas incluyen:<\/p>\n<ul>\n<li>\n<h3>Inspecciones visuales<\/h3>\n<p>Revise regularmente si hay signos de desgaste, fugas o da\u00f1os. Abordar estos problemas a tiempo puede prevenir fallas importantes.<\/p>\n<\/li>\n<li>\n<h3>Comprobaciones del nivel de l\u00edquido<\/h3>\n<p>Aseg\u00farese de que los niveles de l\u00edquido hidr\u00e1ulico est\u00e9n dentro del rango recomendado. Un nivel bajo de l\u00edquido puede provocar ineficiencias y posibles da\u00f1os.<\/p>\n<\/li>\n<li>\n<h3>Monitoreo del estado del sello<\/h3>\n<p>Inspeccione los sellos con frecuencia para detectar signos de desgaste o degradaci\u00f3n. Reempl\u00e1celos seg\u00fan sea necesario para mantener la integridad del sistema.<\/p>\n<\/li>\n<\/ul>\n<h2>Instrucciones de instalaci\u00f3n<\/h2>\n<p>La correcta instalaci\u00f3n de los cilindros de la pluma es crucial para la eficiencia y la seguridad operativas. Siga estas pautas:<\/p>\n<ul>\n<li>\n<h3>Alineaci\u00f3n<\/h3>\n<p>Aseg\u00farese de que el cilindro est\u00e9 correctamente alineado con los puntos de montaje. Una desalineaci\u00f3n puede provocar desgaste prematuro y fallos.<\/p>\n<\/li>\n<li>\n<h3>Uso de soportes de montaje adecuados<\/h3>\n<p>Utilice soportes de montaje adecuados para fijar firmemente el cilindro. Esto evita que se mueva durante el funcionamiento, aumentando as\u00ed la seguridad.<\/p>\n<\/li>\n<li>\n<h3>Conexiones hidr\u00e1ulicas<\/h3>\n<p>Conecte las mangueras hidr\u00e1ulicas con cuidado, asegur\u00e1ndose de que no haya fugas. Revise las conexiones antes de presurizar el sistema.<\/p>\n<\/li>\n<li>\n<h3>Pruebas iniciales<\/h3>\n<p>Despu\u00e9s de la instalaci\u00f3n, realice una prueba exhaustiva del sistema para asegurarse de que el cilindro funcione correctamente sin fugas ni fallas de funcionamiento.<\/p>\n<\/li>\n<\/ul>\n<p><img decoding=\"async\" src=\"https:\/\/www.hydraulic-cylinders.net\/wp-content\/uploads\/2025\/04\/songte-chushion-collar.webp\" alt=\"Imagen de cuello de coj\u00edn\"><\/p>\n<h2>Consideraciones de seguridad y factores ambientales<\/h2>\n<p>Al operar cilindros hidr\u00e1ulicos, las medidas de seguridad son primordiales. Aseg\u00farese de que todo el personal est\u00e9 capacitado en procedimientos de operaci\u00f3n seguros y sea consciente de los posibles riesgos asociados con los sistemas hidr\u00e1ulicos. Utilice equipo de protecci\u00f3n personal (EPP) y mantenga un entorno de trabajo limpio para reducir los riesgos. Adem\u00e1s, tenga en cuenta factores ambientales como la eliminaci\u00f3n de fluidos y materiales hidr\u00e1ulicos. Cumpla con las normativas locales sobre residuos peligrosos para minimizar el impacto ambiental.<\/p>\n<h2>Soluci\u00f3n de problemas y problemas comunes<\/h2>\n<ul>\n<li>\n<h3>Fugas de fluido hidr\u00e1ulico<\/h3>\n<p>Una fuga de l\u00edquido hidr\u00e1ulico puede indicar que una junta o conexi\u00f3n est\u00e1 da\u00f1ada. Inspeccione las juntas y conexiones y reemplace cualquier componente defectuoso.<\/p>\n<\/li>\n<li>\n<h3>Movimiento inconsistente del cilindro<\/h3>\n<p>Si el cilindro no se extiende o retrae suavemente, verifique si hay bloqueos en las l\u00edneas hidr\u00e1ulicas o niveles bajos de l\u00edquido.<\/p>\n<\/li>\n<li>\n<h3>Ca\u00eddas de presi\u00f3n inesperadas<\/h3>\n<p>Las ca\u00eddas repentinas de presi\u00f3n pueden indicar fugas o da\u00f1os internos en el cilindro. Realice una inspecci\u00f3n exhaustiva para identificar la causa.<\/p>\n<\/li>\n<\/ul>\n<h2>Consejos para la soluci\u00f3n de problemas<\/h2>\n<p>Para diagnosticar y resolver eficazmente problemas con el cilindro de su pluma:<\/p>\n<ul>\n<li>\n<h3>Mantenimiento regular<\/h3>\n<p>Implementar un programa de mantenimiento regular puede evitar que surjan muchos problemas comunes.<\/p>\n<\/li>\n<li>\n<h3>Vigile los niveles de l\u00edquidos<\/h3>\n<p>Controle de cerca los niveles de l\u00edquido hidr\u00e1ulico para evitar problemas operativos causados \u200b\u200bpor un nivel bajo de l\u00edquido.<\/p>\n<\/li>\n<li>\n<h3>Inspecciones de documentos<\/h3>\n<p>Mantenga registros de las inspecciones y trabajos de mantenimiento para rastrear la condici\u00f3n del cilindro a lo largo del tiempo e identificar problemas recurrentes.<\/p>\n<\/li>\n<\/ul>\n<p><img decoding=\"async\" src=\"https:\/\/www.hydraulic-cylinders.net\/wp-content\/uploads\/2025\/04\/songte-bushings-with-all-kinds-of-excavator-models.webp\" alt=\"Imagen de bujes con modelos de excavadora\"><\/p>\n<h2>Descripci\u00f3n general de la empresa<\/h2>\n<p>Somos un fabricante l\u00edder de cilindros hidr\u00e1ulicos de repuesto y ofrecemos una amplia gama de productos. Nos hemos consolidado como uno de los principales fabricantes y mayoristas de cilindros hidr\u00e1ulicos tanto en el mercado nacional como en el internacional. Cumplimos con estrictos est\u00e1ndares de calidad, respaldados por una estrategia de gesti\u00f3n de producci\u00f3n optimizada en nuestras instalaciones. Nuestro personal cualificado, nuestros avanzados equipos de fabricaci\u00f3n digital y nuestros sistemas de pruebas profesionales mejoran constantemente nuestra capacidad de producci\u00f3n, garantizando una alta eficiencia, precisi\u00f3n y calidad para satisfacer las diversas necesidades de nuestros clientes.<\/p>\n<p>Nuestro compromiso con la profesionalidad se refleja en nuestras certificaciones internacionales, opciones de servicio personalizado y equipos de fabricaci\u00f3n de vanguardia. Nos enorgullecemos de brindar un excepcional servicio posventa para garantizar la satisfacci\u00f3n del cliente y la fiabilidad a largo plazo de nuestros productos.<\/p>\n<p><img decoding=\"async\" src=\"https:\/\/www.hydraulic-cylinders.net\/wp-content\/uploads\/2025\/04\/songte-company-4.webp\" alt=\"Imagen de la empresa 1\"><br \/>\n<img decoding=\"async\" src=\"https:\/\/www.hydraulic-cylinders.net\/wp-content\/uploads\/2025\/04\/songte-company-3.webp\" alt=\"Imagen de la empresa 2\"><\/p>\n<p>Autor: lyl<\/p>","protected":false},"excerpt":{"rendered":"<p>Boom Cylinder For Caterpillar Wheel Excavator M217DZ Introduction to Boom Cylinders A boom cylinder, specifically designed for heavy machinery like the Caterpillar Wheel Excavator M217DZ, is a crucial component in hydraulic systems. This hydraulic cylinder functions to control the movement of the bucket in various heavy equipment applications, including excavators, backhoe loaders, and front loaders. [&hellip;]<\/p>","protected":false},"featured_media":17880,"comment_status":"open","ping_status":"closed","template":"","meta":{"_et_pb_use_builder":"","_et_pb_old_content":"","_et_gb_content_width":""},"product_brand":[],"product_cat":[1546],"product_tag":[1547,1496],"class_list":{"0":"post-18983","1":"product","2":"type-product","3":"status-publish","4":"has-post-thumbnail","6":"product_cat-boom-cylinders","7":"product_tag-boom-cylinders","8":"product_tag-hydraulic-cylinders","10":"first","11":"instock","12":"shipping-taxable","13":"product-type-simple"},"amp_enabled":true,"_links":{"self":[{"href":"https:\/\/www.hydraulic-cylinders.net\/es\/wp-json\/wp\/v2\/product\/18983","targetHints":{"allow":["GET"]}}],"collection":[{"href":"https:\/\/www.hydraulic-cylinders.net\/es\/wp-json\/wp\/v2\/product"}],"about":[{"href":"https:\/\/www.hydraulic-cylinders.net\/es\/wp-json\/wp\/v2\/types\/product"}],"replies":[{"embeddable":true,"href":"https:\/\/www.hydraulic-cylinders.net\/es\/wp-json\/wp\/v2\/comments?post=18983"}],"wp:featuredmedia":[{"embeddable":true,"href":"https:\/\/www.hydraulic-cylinders.net\/es\/wp-json\/wp\/v2\/media\/17880"}],"wp:attachment":[{"href":"https:\/\/www.hydraulic-cylinders.net\/es\/wp-json\/wp\/v2\/media?parent=18983"}],"wp:term":[{"taxonomy":"product_brand","embeddable":true,"href":"https:\/\/www.hydraulic-cylinders.net\/es\/wp-json\/wp\/v2\/product_brand?post=18983"},{"taxonomy":"product_cat","embeddable":true,"href":"https:\/\/www.hydraulic-cylinders.net\/es\/wp-json\/wp\/v2\/product_cat?post=18983"},{"taxonomy":"product_tag","embeddable":true,"href":"https:\/\/www.hydraulic-cylinders.net\/es\/wp-json\/wp\/v2\/product_tag?post=18983"}],"curies":[{"name":"wp","href":"https:\/\/api.w.org\/{rel}","templated":true}]}}