{"id":19002,"date":"2025-04-07T06:06:36","date_gmt":"2025-04-07T06:06:36","guid":{"rendered":"https:\/\/www.hydraulic-cylinders.net\/product\/boom-cylinder-for-doosan-middle-excavator-dx260lc\/"},"modified":"2025-04-07T06:06:39","modified_gmt":"2025-04-07T06:06:39","slug":"boom-cylinder-for-doosan-middle-excavator-dx260lc","status":"publish","type":"product","link":"https:\/\/www.hydraulic-cylinders.net\/es\/producto\/boom-cylinder-for-doosan-middle-excavator-dx260lc\/","title":{"rendered":"Cilindro de pluma para excavadora intermedia Doosan DX260LC"},"content":{"rendered":"<h1>Cilindro de pluma para excavadora intermedia Doosan DX260LC<\/h1>\n<h2>Descripci\u00f3n general del producto<\/h2>\n<p>El cilindro de la pluma de la excavadora intermedia Doosan DX260LC es un componente esencial del sistema hidr\u00e1ulico de las excavadoras. Dise\u00f1ado espec\u00edficamente para controlar el movimiento de la pluma, este cilindro hidr\u00e1ulico permite a la excavadora realizar funciones esenciales como elevar, bajar e inclinar la pluma para diversas tareas de manipulaci\u00f3n de materiales. El cilindro del cuchar\u00f3n est\u00e1 especialmente dise\u00f1ado para maquinaria pesada, lo que garantiza un funcionamiento eficiente en entornos exigentes. <\/p>\n<p><img decoding=\"async\" src=\"https:\/\/www.hydraulic-cylinders.net\/wp-content\/uploads\/2025\/04\/songte-company-1.webp\" alt=\"Imagen del cilindro de la pluma\"\/><\/p>\n<h3>Definici\u00f3n y funci\u00f3n del cilindro del cuchar\u00f3n<\/h3>\n<p>Un cilindro de cuchar\u00f3n es un tipo de cilindro hidr\u00e1ulico que desempe\u00f1a un papel fundamental en el movimiento de cucharones de diversas maquinarias pesadas, como excavadoras, retroexcavadoras y cargadoras frontales. Al facilitar la extensi\u00f3n y retracci\u00f3n del cuchar\u00f3n, estos cilindros son esenciales para realizar tareas como excavaci\u00f3n, carga y transporte de materiales. El sistema hidr\u00e1ulico utiliza aceite hidr\u00e1ulico presurizado para permitir un movimiento suave y controlado, lo que lo convierte en un elemento indispensable en las operaciones de construcci\u00f3n y movimiento de tierras.<\/p>\n<h2>Caracter\u00edsticas principales del cilindro de la pluma<\/h2>\n<ul>\n<li><strong>Alta resistencia y durabilidad:<\/strong> Estos cilindros, generalmente fabricados en acero o aluminio de alta resistencia, est\u00e1n dise\u00f1ados para soportar alta presi\u00f3n y cargas pesadas, adapt\u00e1ndose a entornos de trabajo rigurosos. La resistencia al desgaste y la protecci\u00f3n contra la corrosi\u00f3n prolongan su vida \u00fatil.<\/li>\n<li><strong>Operaci\u00f3n hidr\u00e1ulica eficiente:<\/strong> El dise\u00f1o utiliza presi\u00f3n de aceite hidr\u00e1ulico para una extensi\u00f3n y retracci\u00f3n suaves, lo que permite una respuesta r\u00e1pida a los comandos del operador y proporciona potentes fuerzas de empuje y tracci\u00f3n adecuadas para manipular cargas pesadas y tareas complejas.<\/li>\n<li><strong>Diversos tipos disponibles:<\/strong> Los clientes pueden elegir entre cilindros de simple efecto (que utilizan presi\u00f3n hidr\u00e1ulica en una direcci\u00f3n) o de doble efecto (que utilizan presi\u00f3n hidr\u00e1ulica en ambas direcciones) para satisfacer diversas necesidades operativas. Algunos modelos cuentan con dise\u00f1os telesc\u00f3picos que permiten una mayor extensi\u00f3n sin aumentar las dimensiones externas, ideales para aplicaciones con limitaciones de espacio.<\/li>\n<li><strong>Opciones de personalizaci\u00f3n:<\/strong> Podemos fabricar este producto adaptado a requisitos espec\u00edficos, garantizando un reemplazo perfecto para diversos cilindros hidr\u00e1ulicos.<\/li>\n<\/ul>\n<p><img decoding=\"async\" src=\"https:\/\/www.hydraulic-cylinders.net\/wp-content\/uploads\/2025\/04\/songte-cylinder-head-with-all-kinds-excavator-models.webp\" alt=\"Imagen de modelos de excavadoras\"\/><\/p>\n<h2>Aplicaciones del cilindro de la pluma<\/h2>\n<h3>Equipos de construcci\u00f3n<\/h3>\n<p>En las excavadoras, los cilindros de la pluma son vitales para excavar, cargar y mover tierra o escombros. Proporcionan la fuerza y \u200b\u200bel control necesarios para operaciones precisas. En las retroexcavadoras, el cilindro del cuchar\u00f3n facilita tanto la excavaci\u00f3n como la elevaci\u00f3n, lo que contribuye a la versatilidad en las obras.<\/p>\n<h3>Maquinaria agr\u00edcola<\/h3>\n<p>En las cargadoras frontales, estos cilindros facilitan el raspado, la elevaci\u00f3n y el transporte de tierra, heno y otros materiales. Su dise\u00f1o robusto garantiza un funcionamiento eficaz en entornos agr\u00edcolas, donde la fiabilidad es crucial para la productividad.<\/p>\n<h3>excavadoras<\/h3>\n<p>Los cilindros de cuchar\u00f3n permiten a las excavadoras penetrar el suelo con eficacia, mejorando as\u00ed el rendimiento de excavaci\u00f3n. La fuerza hidr\u00e1ulica generada por estos cilindros proporciona una ventaja mec\u00e1nica significativa durante la excavaci\u00f3n, lo que los hace indispensables en proyectos de paisajismo y construcci\u00f3n.<\/p>\n<h3>Cargadores<\/h3>\n<p>En las cargadoras frontales, los cilindros de la pluma ayudan a elevar y descargar cargas con eficiencia. Sus capacidades hidr\u00e1ulicas permiten un funcionamiento suave, esencial para manipular diversos materiales y garantizar un rendimiento \u00f3ptimo de la cargadora en diferentes condiciones.<\/p>\n<h2>Consideraciones de dise\u00f1o y criterios de selecci\u00f3n<\/h2>\n<h3>Capacidad de carga<\/h3>\n<p>La capacidad de carga es un factor clave en el dise\u00f1o de los cilindros de las plumas. Cada cilindro debe estar dise\u00f1ado para soportar el peso m\u00e1ximo que soportar\u00e1 durante su funcionamiento. Esto implica pruebas rigurosas y el cumplimiento de las normas de seguridad para evitar fallos durante el uso. Una mayor capacidad de carga suele implicar un cilindro m\u00e1s grande, que debe equilibrarse con las dimensiones generales y los l\u00edmites operativos de la m\u00e1quina.<\/p>\n<h3>Tecnolog\u00eda de sellado<\/h3>\n<p>Un sellado eficaz es fundamental para garantizar la longevidad y la fiabilidad de los cilindros hidr\u00e1ulicos. Los sellos de alta calidad evitan fugas de fluido hidr\u00e1ulico, manteniendo as\u00ed la presi\u00f3n y la eficiencia. Se emplean diversas tecnolog\u00edas de sellado, como sellos de pist\u00f3n y de v\u00e1stago fabricados con materiales como poliuretano y caucho de nitrilo, para mejorar el rendimiento y la durabilidad.<\/p>\n<h3>Durabilidad y mantenimiento<\/h3>\n<p>La durabilidad del cilindro de la pluma es crucial para su ciclo de vida. Factores como los materiales utilizados, el dise\u00f1o del cilindro y las condiciones ambientales en las que opera contribuyen a su longevidad. El mantenimiento regular, que incluye inspecciones y el reemplazo oportuno de sellos y otros componentes de desgaste, puede prolongar significativamente la vida \u00fatil del cilindro.<\/p>\n<h2>Sellado y lubricaci\u00f3n<\/h2>\n<p>El uso de diversos sellos, como sellos de pist\u00f3n y sellos de v\u00e1stago, es esencial para los cilindros hidr\u00e1ulicos. Estos sellos suelen estar fabricados con materiales resistentes al desgaste, como poliuretano y caucho de nitrilo, lo que garantiza su resistencia a las duras condiciones de las operaciones hidr\u00e1ulicas. El mecanizado del cuerpo del cilindro y las superficies roscadas de los extremos se realiza meticulosamente para mejorar la resistencia al desgaste. Adem\u00e1s, la lubricaci\u00f3n regular con aceite hidr\u00e1ulico es necesaria para mantener un rendimiento \u00f3ptimo y reducir la fricci\u00f3n, garantizando as\u00ed la longevidad del cilindro.<\/p>\n<h2>Medidas de mantenimiento preventivo<\/h2>\n<ul>\n<li><strong>Inspecciones regulares:<\/strong> Realice inspecciones de rutina para identificar cualquier signo de desgaste o da\u00f1o. Esto incluye la verificaci\u00f3n de fugas, signos de corrosi\u00f3n o ruidos inusuales durante el funcionamiento.<\/li>\n<li><strong>Lubricaci\u00f3n adecuada:<\/strong> Aseg\u00farese de que el aceite hidr\u00e1ulico est\u00e9 en el nivel correcto y se cambie en los intervalos recomendados para evitar la degradaci\u00f3n del rendimiento.<\/li>\n<li><strong>Reemplazo del sello:<\/strong> Eval\u00fae peri\u00f3dicamente el estado de los sellos y reempl\u00e1celos seg\u00fan sea necesario para mantener la presi\u00f3n hidr\u00e1ulica y evitar fugas.<\/li>\n<\/ul>\n<h2>Instrucciones de instalaci\u00f3n para el cilindro de la pluma<\/h2>\n<p>La correcta instalaci\u00f3n del cilindro de la pluma es esencial para un rendimiento \u00f3ptimo. Primero, aseg\u00farese de que todos los componentes est\u00e9n limpios y libres de residuos antes de comenzar la instalaci\u00f3n. Alinee el cilindro con precisi\u00f3n con los puntos de montaje de la excavadora, utilizando los soportes de montaje adecuados. Asegure todos los pernos y accesorios seg\u00fan las especificaciones del fabricante, asegur\u00e1ndose de que est\u00e9n bien apretados sin apretarlos demasiado. Despu\u00e9s de la instalaci\u00f3n, verifique el funcionamiento del sistema hidr\u00e1ulico y compruebe si hay fugas antes de comenzar las operaciones.<\/p>\n<h2>Tareas comunes de mantenimiento<\/h2>\n<h3>Inspecci\u00f3n regular<\/h3>\n<p>Esto implica verificar si hay signos de desgaste, fugas y el estado general. La detecci\u00f3n temprana de problemas puede evitar da\u00f1os importantes y reparaciones costosas. Familiar\u00edcese con el manual de instrucciones de la m\u00e1quina para conocer los intervalos de inspecci\u00f3n espec\u00edficos.<\/p>\n<h3>Lubricaci\u00f3n adecuada<\/h3>\n<p>Mantener una lubricaci\u00f3n adecuada es crucial para prevenir el desgaste. Revise regularmente los niveles de l\u00edquido hidr\u00e1ulico y aseg\u00farese de que est\u00e9 limpio. Un l\u00edquido contaminado puede provocar fallas prematuras en los componentes hidr\u00e1ulicos.<\/p>\n<h3>Reemplazo de sellos y controles de calibraci\u00f3n<\/h3>\n<p>Eval\u00fae y reemplace peri\u00f3dicamente los sellos para mantener la eficiencia hidr\u00e1ulica. Las comprobaciones de calibraci\u00f3n garantizan que el cilindro funcione dentro de los par\u00e1metros especificados, lo que promueve la seguridad y la eficacia durante su uso.<\/p>\n<p><img decoding=\"async\" src=\"https:\/\/www.hydraulic-cylinders.net\/wp-content\/uploads\/2025\/04\/songte-chushion-collar.webp\" alt=\"Imagen de cuello de coj\u00edn\"\/><\/p>\n<h2>Consideraciones de seguridad y factores ambientales<\/h2>\n<p>Al utilizar el cilindro de la pluma, las medidas de seguridad son primordiales. Los operadores deben estar capacitados y ser conscientes de los posibles peligros asociados con los sistemas hidr\u00e1ulicos. Las auditor\u00edas de seguridad peri\u00f3dicas y el cumplimiento de las directrices del fabricante pueden ayudar a mitigar los riesgos asociados con la operaci\u00f3n. Adem\u00e1s, se deben considerar factores ambientales como el exceso de polvo, la humedad y las temperaturas extremas, ya que pueden afectar el rendimiento y la vida \u00fatil de los cilindros hidr\u00e1ulicos.<\/p>\n<h2>Soluci\u00f3n de problemas y problemas comunes<\/h2>\n<ul>\n<li><strong>Fuga de fluido hidr\u00e1ulico:<\/strong> Si observa fugas de l\u00edquido, inspeccione los sellos y accesorios para detectar da\u00f1os. Reemplace los sellos desgastados o da\u00f1ados para solucionar el problema.<\/li>\n<li><strong>Cilindro que no responde:<\/strong> Si el cilindro no responde adecuadamente a los comandos, verifique el nivel del l\u00edquido hidr\u00e1ulico y aseg\u00farese de que no haya bloqueos en las l\u00edneas hidr\u00e1ulicas.<\/li>\n<li><strong>Movimiento inconsistente:<\/strong> Si la pluma funciona de forma irregular, podr\u00eda deberse a contaminaci\u00f3n del fluido hidr\u00e1ulico o a aire en el sistema. Purgue el sistema hidr\u00e1ulico y reemplace el fluido contaminado seg\u00fan sea necesario.<\/li>\n<\/ul>\n<p>Siguiendo estos consejos para la resoluci\u00f3n de problemas, los operadores pueden diagnosticar y abordar eficazmente problemas comunes, garantizando un funcionamiento fluido y minimizando el tiempo de inactividad.<\/p>\n<p><img decoding=\"async\" src=\"https:\/\/www.hydraulic-cylinders.net\/wp-content\/uploads\/2025\/04\/songte-bushings-with-all-kinds-of-excavator-models.webp\" alt=\"Imagen de buje\"\/><\/p>\n<h2>Acerca de nuestra empresa<\/h2>\n<p>Somos un fabricante especializado en cilindros hidr\u00e1ulicos alternativos. Ofrecemos una amplia gama de productos que nos ha consolidado como uno de los principales fabricantes y mayoristas tanto en el mercado nacional como en el internacional. Nos adherimos al principio de excelencia en calidad, bas\u00e1ndonos en meticulosas estrategias de fabricaci\u00f3n y una gesti\u00f3n de producci\u00f3n avanzada para mejorar continuamente nuestra plataforma de fabricaci\u00f3n. Con un fuerte enfoque en el talento tecnol\u00f3gico, equipos de fabricaci\u00f3n digital de alta gama y sistemas de prueba profesionales, mejoramos constantemente la calidad de nuestros productos y nuestra capacidad de servicio.<\/p>\n<p><img decoding=\"async\" src=\"https:\/\/www.hydraulic-cylinders.net\/wp-content\/uploads\/2025\/04\/songte-company-4.webp\" alt=\"Imagen de la empresa\"\/><br \/>\n<img decoding=\"async\" src=\"https:\/\/www.hydraulic-cylinders.net\/wp-content\/uploads\/2025\/04\/songte-company-3.webp\" alt=\"Imagen de la empresa\"\/><\/p>\n<p>Con nuestro \u00e9nfasis en el profesionalismo, las certificaciones internacionales y los servicios personalizados, estamos comprometidos a brindar soluciones s\u00f3lidas adaptadas a las diversas necesidades de nuestros clientes.<\/p>\n<p>Autor: lyl<\/p>","protected":false},"excerpt":{"rendered":"<p>Boom Cylinder For Doosan Middle Excavator DX260LC Product Overview The Boom Cylinder for Doosan Middle Excavator DX260LC is a critical component in the hydraulic system of excavators. Designed specifically to control the movement of the boom, this hydraulic cylinder enables the excavator to perform essential functions such as lifting, lowering, and tilting the boom for [&hellip;]<\/p>","protected":false},"featured_media":17869,"comment_status":"open","ping_status":"closed","template":"","meta":{"_et_pb_use_builder":"","_et_pb_old_content":"","_et_gb_content_width":""},"product_brand":[],"product_cat":[1546],"product_tag":[1547,1496],"class_list":{"0":"post-19002","1":"product","2":"type-product","3":"status-publish","4":"has-post-thumbnail","6":"product_cat-boom-cylinders","7":"product_tag-boom-cylinders","8":"product_tag-hydraulic-cylinders","10":"first","11":"instock","12":"shipping-taxable","13":"product-type-simple"},"amp_enabled":true,"_links":{"self":[{"href":"https:\/\/www.hydraulic-cylinders.net\/es\/wp-json\/wp\/v2\/product\/19002","targetHints":{"allow":["GET"]}}],"collection":[{"href":"https:\/\/www.hydraulic-cylinders.net\/es\/wp-json\/wp\/v2\/product"}],"about":[{"href":"https:\/\/www.hydraulic-cylinders.net\/es\/wp-json\/wp\/v2\/types\/product"}],"replies":[{"embeddable":true,"href":"https:\/\/www.hydraulic-cylinders.net\/es\/wp-json\/wp\/v2\/comments?post=19002"}],"wp:featuredmedia":[{"embeddable":true,"href":"https:\/\/www.hydraulic-cylinders.net\/es\/wp-json\/wp\/v2\/media\/17869"}],"wp:attachment":[{"href":"https:\/\/www.hydraulic-cylinders.net\/es\/wp-json\/wp\/v2\/media?parent=19002"}],"wp:term":[{"taxonomy":"product_brand","embeddable":true,"href":"https:\/\/www.hydraulic-cylinders.net\/es\/wp-json\/wp\/v2\/product_brand?post=19002"},{"taxonomy":"product_cat","embeddable":true,"href":"https:\/\/www.hydraulic-cylinders.net\/es\/wp-json\/wp\/v2\/product_cat?post=19002"},{"taxonomy":"product_tag","embeddable":true,"href":"https:\/\/www.hydraulic-cylinders.net\/es\/wp-json\/wp\/v2\/product_tag?post=19002"}],"curies":[{"name":"wp","href":"https:\/\/api.w.org\/{rel}","templated":true}]}}