{"id":1903,"date":"2023-10-19T06:45:09","date_gmt":"2023-10-19T06:45:09","guid":{"rendered":"https:\/\/hydraulic-cylinders.net\/?post_type=product&#038;p=1903"},"modified":"2025-04-11T02:51:52","modified_gmt":"2025-04-11T02:51:52","slug":"open-tbm-shield-cylinder","status":"publish","type":"product","link":"https:\/\/www.hydraulic-cylinders.net\/es\/producto\/open-tbm-shield-cylinder\/","title":{"rendered":"Cilindro de protecci\u00f3n TBM abierto"},"content":{"rendered":"<h1 style=\"text-align: center;\"><strong>Cilindro de protecci\u00f3n TBM abierto<\/strong><\/h1>\n<p><img loading=\"lazy\" decoding=\"async\" class=\"aligncenter wp-image-1904\" src=\"https:\/\/hydraulic-cylinders.net\/wp-content\/uploads\/2023\/10\/shield-cylinder-1-300x300.webp\" alt=\"\" width=\"400\" height=\"400\" \/><\/p>\n<p>El cilindro de protecci\u00f3n para tuneladoras abiertas es un componente hidr\u00e1ulico de vanguardia dise\u00f1ado para mejorar la seguridad y la eficiencia de las operaciones de perforaci\u00f3n de t\u00faneles. Este cilindro especializado desempe\u00f1a un papel crucial en el soporte de la protecci\u00f3n de una tuneladora (tbm), garantizando estabilidad y protecci\u00f3n durante la excavaci\u00f3n. En este art\u00edculo informativo, exploraremos las caracter\u00edsticas clave, los m\u00e9todos de uso y las pautas de mantenimiento del cilindro de protecci\u00f3n para tuneladoras abiertas.<\/p>\n<p>El cilindro de escudo abierto para tuneladora es un componente vital que mejora la seguridad y la eficiencia de las operaciones de perforaci\u00f3n de t\u00faneles. Gracias a la estabilidad del escudo, el control preciso, la durabilidad y las caracter\u00edsticas de seguridad, este cilindro garantiza el posicionamiento seguro y la protecci\u00f3n del escudo durante la excavaci\u00f3n. Siguiendo las recomendaciones de uso y el mantenimiento regular, el cilindro de escudo abierto para tuneladora seguir\u00e1 ofreciendo un rendimiento excepcional, contribuyendo al \u00e9xito de los proyectos de perforaci\u00f3n de t\u00faneles. Experimente la seguridad y la eficiencia del cilindro de escudo abierto para tuneladora, que revoluciona las operaciones de perforaci\u00f3n de t\u00faneles con tecnolog\u00eda avanzada y fiabilidad.<\/p>\n<p>Caracter\u00edsticas principales del cilindro protector TBM abierto:<\/p>\n<ul>\n<li>Estabilidad del escudo: El cilindro abierto del escudo de la tuneladora est\u00e1 dise\u00f1ado para proporcionar una estabilidad excepcional. Su robusta construcci\u00f3n y su ingenier\u00eda de precisi\u00f3n garantizan que el escudo permanezca firmemente en su lugar durante la excavaci\u00f3n, minimizando el riesgo de derrumbe del terreno y garantizando la seguridad del equipo de excavaci\u00f3n.<\/li>\n<li>Control y posicionamiento precisos: Equipado con avanzados sistemas de control hidr\u00e1ulico, este cilindro ofrece un control preciso del posicionamiento del escudo de la tuneladora. Esto permite a los operadores ajustar la orientaci\u00f3n y alineaci\u00f3n del escudo seg\u00fan las condiciones espec\u00edficas del terreno, garantizando una excavaci\u00f3n precisa y eficiente.<\/li>\n<li>Durabilidad y fiabilidad: Fabricado con materiales de alta calidad, el cilindro de protecci\u00f3n abierto para tuneladoras est\u00e1 dise\u00f1ado para soportar las exigentes condiciones de las operaciones de excavaci\u00f3n de t\u00faneles. Soporta cargas pesadas, vibraciones e impactos, lo que garantiza una larga durabilidad, minimiza el tiempo de inactividad y reduce los costes de mantenimiento.<\/li>\n<li>Caracter\u00edsticas de seguridad: El cilindro de protecci\u00f3n abierto de la tuneladora incorpora caracter\u00edsticas de seguridad como v\u00e1lvulas de alivio de presi\u00f3n y mecanismos de parada de emergencia. Estas caracter\u00edsticas ayudan a prevenir la acumulaci\u00f3n excesiva de presi\u00f3n y garantizan la seguridad del personal de excavaci\u00f3n, minimizando el riesgo de accidentes o da\u00f1os al equipo.<\/li>\n<\/ul>\n<h2><strong>Par\u00e1metros del cilindro protector TBM abierto:<\/strong><\/h2>\n<table border=\"1\" cellspacing=\"0\" cellpadding=\"0\">\n<tbody>\n<tr>\n<td>Nombre del producto<\/td>\n<td>Cilindro protector de tuneladora abierta<\/td>\n<\/tr>\n<tr>\n<td>Caracter\u00edsticas:<\/td>\n<td>Estabilizar el cabezal de corte\/evitar atascos causados \u200b\u200bpor la convergencia<\/td>\n<\/tr>\n<tr>\n<td>Di\u00e1metro del orificio:<\/td>\n<td>130 mm \uff5e 360 mm<\/td>\n<\/tr>\n<tr>\n<td>Di\u00e1metro de la varilla:<\/td>\n<td>80 mm \uff5e 220 mm<br \/>\nCarrera 100 mm \uff5e 420 mm<\/td>\n<\/tr>\n<tr>\n<td>Presi\u00f3n:<\/td>\n<td>hasta 25 MPa<br \/>\nRequisitos especiales hasta 35 Mpa<\/td>\n<\/tr>\n<tr>\n<td>Aplicaciones:<\/td>\n<td>M\u00e1quina perforadora de t\u00faneles abiertos<\/td>\n<\/tr>\n<\/tbody>\n<\/table>\n<h2><strong>Aplicaci\u00f3n de cilindro TBM abierto:<\/strong><\/h2>\n<p><img loading=\"lazy\" decoding=\"async\" class=\"alignnone wp-image-1899 size-full\" src=\"https:\/\/hydraulic-cylinders.net\/wp-content\/uploads\/2023\/10\/open-tbm-cylinder-1.webp\" alt=\"\" width=\"709\" height=\"473\" srcset=\"https:\/\/hydraulic-cylinders.net\/wp-content\/uploads\/2023\/10\/open-tbm-cylinder-1.webp 709w, https:\/\/hydraulic-cylinders.net\/wp-content\/uploads\/2023\/10\/open-tbm-cylinder-1-480x320.webp 480w\" sizes=\"(min-width: 0px) and (max-width: 480px) 480px, (min-width: 481px) 709px, 100vw\" \/><\/p>\n<h2><strong>M\u00e9todo de uso del cilindro de protecci\u00f3n TBM abierto<\/strong><strong>:<\/strong><\/h2>\n<ul>\n<li><strong>Instalaci\u00f3n del cilindro:<\/strong>\u00a0 Instale el cilindro de protecci\u00f3n abierto de la tuneladora seg\u00fan las instrucciones del fabricante. Aseg\u00farese de que est\u00e9 correctamente alineado y fijado a la estructura de protecci\u00f3n de la tuneladora mediante soportes o accesorios de montaje adecuados.<\/li>\n<li><strong>Integraci\u00f3n de sistemas hidr\u00e1ulicos:<\/strong> Conecte el cilindro al sistema hidr\u00e1ulico de la tuneladora mediante mangueras y accesorios compatibles. Aseg\u00farese de que todas las conexiones est\u00e9n seguras, sin fugas y bien apretadas para un rendimiento hidr\u00e1ulico \u00f3ptimo.<\/li>\n<li><strong>Posicionamiento del escudo:<\/strong>\u00a0 Familiar\u00edcese con los controles espec\u00edficos del cilindro de protecci\u00f3n abierto de la tuneladora. Util\u00edcelos para ajustar la posici\u00f3n, la alineaci\u00f3n y el \u00e1ngulo de la protecci\u00f3n. Siga las directrices y recomendaciones del fabricante de la tuneladora para una colocaci\u00f3n \u00f3ptima de la protecci\u00f3n seg\u00fan las condiciones del terreno.<\/li>\n<li><strong>Precauciones de seguridad:<\/strong>\u00a0 Cumpla con todos los protocolos y directrices de seguridad proporcionados por el fabricante de la tuneladora. Aseg\u00farese de que los operadores est\u00e9n capacitados en la operaci\u00f3n segura de la tuneladora y del cilindro de protecci\u00f3n abierto. Inspeccione peri\u00f3dicamente los mecanismos de seguridad y realice el mantenimiento recomendado para garantizar su correcto funcionamiento.<\/li>\n<\/ul>\n<h2><strong>\u00bfC\u00f3mo purgar un cilindro hidr\u00e1ulico de simple efecto?<\/strong><\/h2>\n<p>Purgar un cilindro hidr\u00e1ulico de simple efecto es un proceso sencillo que ayuda a eliminar el aire del sistema y garantiza su correcto funcionamiento. Aqu\u00ed tiene una gu\u00eda paso a paso para ayudarle a purgar un cilindro hidr\u00e1ulico de simple efecto:<\/p>\n<ol>\n<li><strong>Seguridad ante todo:<\/strong> Antes de comenzar, aseg\u00farese de que el sistema hidr\u00e1ulico est\u00e9 despresurizado y la m\u00e1quina apagada. Use el equipo de protecci\u00f3n individual (EPI) adecuado, como guantes y gafas de seguridad.<\/li>\n<li><strong>Identificar el punto de sangrado:<\/strong> Localice el punto de purga en el cilindro hidr\u00e1ulico. Suele ser un peque\u00f1o tornillo o v\u00e1lvula ubicado en el cuerpo del cilindro o cerca de las conexiones hidr\u00e1ulicas.<\/li>\n<li><strong>Preparar el contenedor de recolecci\u00f3n:<\/strong> Coloque un recipiente adecuado debajo del punto de purga para recoger cualquier l\u00edquido hidr\u00e1ulico que pueda liberarse durante el proceso de purga.<\/li>\n<li><strong>Punto de sangrado abierto:<\/strong> Con una llave o herramienta adecuada, abra con cuidado el punto de purga gir\u00e1ndolo en sentido antihorario. Esto permite que escape el aire y el l\u00edquido atrapado.<\/li>\n<li><strong>Extender el cilindro:<\/strong> Active el sistema hidr\u00e1ulico para extender completamente el cilindro. Esto se puede hacer accionando la v\u00e1lvula de control o la palanca que controla el movimiento del cilindro. Al extender el cilindro, permite que el aire suba a su punto m\u00e1s alto y escape por el punto de purga.<\/li>\n<li><strong>Observar el flujo del fluido:<\/strong> A medida que el cilindro se extiende, es posible que observe burbujas de aire que escapan por el punto de purga. Deje fluir el fluido hasta que vea un flujo constante y uniforme sin burbujas de aire. Esto indica que se ha purgado el aire del cilindro.<\/li>\n<li><strong>Cerrar punto de sangrado:<\/strong> Una vez que el fluido fluya con fluidez y sin burbujas de aire, cierre el punto de purga gir\u00e1ndolo en sentido horario. Tenga cuidado de no apretarlo demasiado.<\/li>\n<li><strong>Retraer el cilindro:<\/strong> Opere la v\u00e1lvula de control o la palanca en la direcci\u00f3n opuesta para retraer completamente el cilindro. Esto ayuda a expulsar el aire restante del sistema.<\/li>\n<li><strong>Repita si es necesario:<\/strong> En algunos casos, las bolsas de aire persistentes pueden requerir varios ciclos de purga. Si a\u00fan detecta aire en el sistema o el rendimiento del cilindro es deficiente, repita el proceso de purga hasta que el sistema est\u00e9 libre de aire.<\/li>\n<li><strong>Compruebe el nivel del l\u00edquido hidr\u00e1ulico:<\/strong> Despu\u00e9s de purgar el cilindro, revise el nivel de fluido hidr\u00e1ulico en el dep\u00f3sito. Si es necesario, agregue el fluido hidr\u00e1ulico recomendado para mantener el nivel adecuado. Consulte el manual de la m\u00e1quina para conocer el tipo y las especificaciones correctos del fluido hidr\u00e1ulico.<\/li>\n<li><strong>Funcionamiento del cilindro de prueba:<\/strong> Con el cilindro purgado y el nivel de l\u00edquido revisado, pruebe el sistema hidr\u00e1ulico accionando la v\u00e1lvula de control o la palanca que controla el movimiento del cilindro. Observe el rendimiento del cilindro para asegurarse de que funcione con suavidad y proporcione la fuerza deseada.<\/li>\n<\/ol>\n<h2><strong>Capacidad de la f\u00e1brica:<\/strong><\/h2>\n<h3>(1) Montaje<\/h3>\n<p>Contamos con una plataforma de ensamblaje independiente de primera clase para investigaci\u00f3n y desarrollo. El taller de producci\u00f3n de cilindros hidr\u00e1ulicos cuenta con cuatro l\u00edneas de ensamblaje de cilindros de elevaci\u00f3n semiautom\u00e1ticos y una l\u00ednea de ensamblaje de cilindros de inclinaci\u00f3n autom\u00e1ticos, con una capacidad de producci\u00f3n anual dise\u00f1ada de 1 mill\u00f3n de piezas. El taller de cilindros especiales est\u00e1 equipado con un sistema de ensamblaje de limpieza semiautom\u00e1tico de diversas especificaciones, con una capacidad de producci\u00f3n anual dise\u00f1ada de 200,000 unidades, y est\u00e1 equipado con reconocidos equipos de mecanizado CNC, un centro de mecanizado, equipos especiales de procesamiento de cilindros de alta precisi\u00f3n, una m\u00e1quina de soldadura robotizada, una m\u00e1quina de limpieza autom\u00e1tica, una m\u00e1quina de ensamblaje de cilindros autom\u00e1ticos y una l\u00ednea de producci\u00f3n de pintura autom\u00e1tica. Contamos con m\u00e1s de 300 equipos cr\u00edticos. La asignaci\u00f3n \u00f3ptima y el uso eficiente de los recursos de equipo garantizan la precisi\u00f3n y la alta calidad de los productos.<\/p>\n<p><img loading=\"lazy\" decoding=\"async\" class=\"alignnone wp-image-626\" src=\"https:\/\/hydraulic-cylinders.net\/wp-content\/uploads\/2023\/08\/hydraulic-cylinder-product-1-300x158.webp\" alt=\"\" width=\"495\" height=\"260\" srcset=\"https:\/\/hydraulic-cylinders.net\/wp-content\/uploads\/2023\/08\/hydraulic-cylinder-product-1-300x158.webp 495w, https:\/\/hydraulic-cylinders.net\/wp-content\/uploads\/2023\/08\/hydraulic-cylinder-product-1-480x252.webp 480w\" sizes=\"(min-width: 0px) and (max-width: 480px) 480px, (min-width: 481px) 495px, 100vw\" \/> <img loading=\"lazy\" decoding=\"async\" class=\"alignnone wp-image-627\" src=\"https:\/\/hydraulic-cylinders.net\/wp-content\/uploads\/2023\/08\/hydraulic-cylinder-product-2-300x189.webp\" alt=\"\" width=\"413\" height=\"260\" \/><\/p>\n<h3>(2) Mecanizado<\/h3>\n<p>El taller de mecanizado est\u00e1 equipado con un centro de torneado de carril inclinado personalizado, un centro de mecanizado, una m\u00e1quina de bru\u00f1ido de alta velocidad, un robot de soldadura y otros equipos relacionados, que pueden procesar tubos cil\u00edndricos con un di\u00e1metro interior m\u00e1ximo de 400 mm y una longitud m\u00e1xima de 6 metros.<\/p>\n<p><img loading=\"lazy\" decoding=\"async\" class=\"alignnone wp-image-628 size-large\" src=\"https:\/\/hydraulic-cylinders.net\/wp-content\/uploads\/2023\/08\/hydraulic-cylinder-product-3-1024x391.webp\" alt=\"\" width=\"1024\" height=\"391\" srcset=\"https:\/\/hydraulic-cylinders.net\/wp-content\/uploads\/2023\/08\/hydraulic-cylinder-product-3-980x374.webp 980w, https:\/\/hydraulic-cylinders.net\/wp-content\/uploads\/2023\/08\/hydraulic-cylinder-product-3-480x183.webp 480w\" sizes=\"(min-width: 0px) and (max-width: 480px) 480px, (min-width: 481px) and (max-width: 980px) 980px, (min-width: 981px) 1024px, 100vw\" \/><\/p>\n<h3>(3) Soldadura<\/h3>\n<p><img loading=\"lazy\" decoding=\"async\" class=\"alignnone wp-image-629 size-large\" src=\"https:\/\/hydraulic-cylinders.net\/wp-content\/uploads\/2023\/08\/hydraulic-cylinder-product-4-1024x510.webp\" alt=\"\" width=\"1024\" height=\"510\" srcset=\"https:\/\/hydraulic-cylinders.net\/wp-content\/uploads\/2023\/08\/hydraulic-cylinder-product-4-980x488.webp 980w, https:\/\/hydraulic-cylinders.net\/wp-content\/uploads\/2023\/08\/hydraulic-cylinder-product-4-480x239.webp 480w\" sizes=\"(min-width: 0px) and (max-width: 480px) 480px, (min-width: 481px) and (max-width: 980px) 980px, (min-width: 981px) 1024px, 100vw\" \/><\/p>\n<h3>(4) Pintura y revestimiento<\/h3>\n<p>Con peque\u00f1as y medianas l\u00edneas de cilindros autom\u00e1ticos de recubrimiento de pintura a base de agua, para lograr la carga y descarga autom\u00e1tica de robots y pulverizaci\u00f3n autom\u00e1tica, la capacidad de dise\u00f1o de 4000 piezas por turno;<br \/>\nTambi\u00e9n disponemos de una l\u00ednea semiautom\u00e1tica de producci\u00f3n de pintura para grandes cilindros accionada por cadena, con una capacidad de dise\u00f1o de 60 cajas por turno.<\/p>\n<p><img loading=\"lazy\" decoding=\"async\" class=\"alignnone wp-image-630\" src=\"https:\/\/hydraulic-cylinders.net\/wp-content\/uploads\/2023\/08\/hydraulic-cylinder-product-5-300x213.webp\" alt=\"\" width=\"366\" height=\"260\" \/> <img loading=\"lazy\" decoding=\"async\" class=\"alignnone wp-image-631\" src=\"https:\/\/hydraulic-cylinders.net\/wp-content\/uploads\/2023\/08\/hydraulic-cylinder-product-6-300x225.webp\" alt=\"\" width=\"347\" height=\"260\" \/><\/p>\n<h3>(5) Pruebas<\/h3>\n<p>Disponemos de instalaciones de inspecci\u00f3n y bancos de pruebas de primera clase para garantizar que el rendimiento del cilindro cumple los requisitos.<\/p>\n<p><img loading=\"lazy\" decoding=\"async\" class=\"alignnone wp-image-632\" src=\"https:\/\/hydraulic-cylinders.net\/wp-content\/uploads\/2023\/08\/hydraulic-cylinder-product-8-300x200.webp\" alt=\"\" width=\"389\" height=\"260\" \/><\/p>\n<p>&nbsp;<\/p>\n<p>&nbsp;<\/p>\n<p>Somos uno de los mejores fabricantes de cilindros hidr\u00e1ulicos. Ofrecemos cilindros hidr\u00e1ulicos integrales. Tambi\u00e9n proporcionamos... <a href=\"https:\/\/hzpt.com\/agricultural-pto-gearbox\/\" target=\"_blank\" rel=\"noopener\">cajas de cambios agr\u00edcolas<\/a>Hemos exportado nuestros productos a clientes de todo el mundo y nos hemos ganado una excelente reputaci\u00f3n gracias a nuestra excelente calidad y servicio posventa. Invitamos a clientes nacionales e internacionales a contactarnos para negociar negocios, intercambiar informaci\u00f3n y... <a href=\"https:\/\/www.hydraulic-cylinders.net\/es\/contact-us\/\">colabore con nosotros<\/a>!<\/p>\n<p>&nbsp;<\/p>","protected":false},"excerpt":{"rendered":"<p>Open TBM Shield Cylinder The open tbm shield cylinder is a cutting-edge hydraulic component designed to enhance the safety and efficiency of tunnel boring operations. This specialized cylinder plays a crucial role in supporting the shield of a tunnel boring machine (tbm), ensuring stability and protection during excavation. In this informative article, we will explore [&hellip;]<\/p>","protected":false},"featured_media":1905,"comment_status":"open","ping_status":"closed","template":"","meta":{"_et_pb_use_builder":"","_et_pb_old_content":"","_et_gb_content_width":""},"product_brand":[],"product_cat":[1519,1549],"product_tag":[1380],"class_list":{"0":"post-1903","1":"product","2":"type-product","3":"status-publish","4":"has-post-thumbnail","6":"product_cat-shield-machine-hydraulic-cylinders","7":"product_cat-single-acting-hydraulic-cylinder","8":"product_tag-hydraulic-cylinder","10":"first","11":"instock","12":"shipping-taxable","13":"product-type-simple"},"amp_enabled":true,"_links":{"self":[{"href":"https:\/\/www.hydraulic-cylinders.net\/es\/wp-json\/wp\/v2\/product\/1903","targetHints":{"allow":["GET"]}}],"collection":[{"href":"https:\/\/www.hydraulic-cylinders.net\/es\/wp-json\/wp\/v2\/product"}],"about":[{"href":"https:\/\/www.hydraulic-cylinders.net\/es\/wp-json\/wp\/v2\/types\/product"}],"replies":[{"embeddable":true,"href":"https:\/\/www.hydraulic-cylinders.net\/es\/wp-json\/wp\/v2\/comments?post=1903"}],"wp:featuredmedia":[{"embeddable":true,"href":"https:\/\/www.hydraulic-cylinders.net\/es\/wp-json\/wp\/v2\/media\/1905"}],"wp:attachment":[{"href":"https:\/\/www.hydraulic-cylinders.net\/es\/wp-json\/wp\/v2\/media?parent=1903"}],"wp:term":[{"taxonomy":"product_brand","embeddable":true,"href":"https:\/\/www.hydraulic-cylinders.net\/es\/wp-json\/wp\/v2\/product_brand?post=1903"},{"taxonomy":"product_cat","embeddable":true,"href":"https:\/\/www.hydraulic-cylinders.net\/es\/wp-json\/wp\/v2\/product_cat?post=1903"},{"taxonomy":"product_tag","embeddable":true,"href":"https:\/\/www.hydraulic-cylinders.net\/es\/wp-json\/wp\/v2\/product_tag?post=1903"}],"curies":[{"name":"wp","href":"https:\/\/api.w.org\/{rel}","templated":true}]}}