{"id":19082,"date":"2025-04-07T06:12:00","date_gmt":"2025-04-07T06:12:00","guid":{"rendered":"https:\/\/www.hydraulic-cylinders.net\/product\/boom-cylinder-for-kobelco-large-excavator-sk350-6-8-8e\/"},"modified":"2025-04-07T06:12:03","modified_gmt":"2025-04-07T06:12:03","slug":"boom-cylinder-for-kobelco-large-excavator-sk350-6-8-8e","status":"publish","type":"product","link":"https:\/\/www.hydraulic-cylinders.net\/es\/producto\/boom-cylinder-for-kobelco-large-excavator-sk350-6-8-8e\/","title":{"rendered":"Cilindro de pluma para excavadora grande Kobelco SK350-6-8-8e"},"content":{"rendered":"<h1>Cilindro de pluma para excavadora grande Kobelco SK350-6-8-8e<\/h1>\n<h2>Comprender el cilindro de la pluma<\/h2>\n<p>El cilindro de la pluma es un componente esencial en maquinaria pesada, especialmente en excavadoras como la Kobelco SK350-6-8-8e. Este cilindro hidr\u00e1ulico est\u00e1 dise\u00f1ado para controlar el movimiento de la pluma, facilitando diversas tareas de manipulaci\u00f3n de materiales. Permite que la pluma se eleve, baje e incline, proporcionando versatilidad en aplicaciones como excavaci\u00f3n, carga y transporte de materiales.<\/p>\n<p>Como tipo de cilindro hidr\u00e1ulico, el cilindro de la pluma funciona mediante fluido hidr\u00e1ulico para generar fuerza. Al introducir fluido hidr\u00e1ulico en el cilindro, este provoca el movimiento del pist\u00f3n, convirtiendo la presi\u00f3n hidr\u00e1ulica en movimiento mec\u00e1nico. Este mecanismo es vital para el funcionamiento de excavadoras, retroexcavadoras y cargadoras frontales, garantizando as\u00ed la eficiencia en operaciones de elevaci\u00f3n y excavaci\u00f3n pesadas.<\/p>\n<p><img decoding=\"async\" src=\"https:\/\/www.hydraulic-cylinders.net\/wp-content\/uploads\/2025\/04\/songte-company-1.webp\" alt=\"Cilindro de la pluma\"><\/p>\n<h2>Caracter\u00edsticas del cilindro de la pluma<\/h2>\n<ul>\n<li><strong>Alta resistencia y durabilidad:<\/strong> Fabricado en acero o aluminio de alta resistencia, este cilindro soporta alta presi\u00f3n y cargas pesadas, lo que lo hace ideal para entornos de trabajo exigentes. Su dise\u00f1o tambi\u00e9n incorpora resistencia al desgaste y a la corrosi\u00f3n para prolongar su vida \u00fatil.<\/li>\n<li><strong>Operaci\u00f3n hidr\u00e1ulica eficiente:<\/strong> El cilindro de la pluma utiliza presi\u00f3n de fluido hidr\u00e1ulico para proporcionar una extensi\u00f3n y retracci\u00f3n suaves, lo que garantiza una respuesta r\u00e1pida a los comandos del operador y proporciona una poderosa fuerza de empuje y tracci\u00f3n para tareas pesadas y complejas.<\/li>\n<li><strong>Diversos tipos:<\/strong> Disponibles en configuraciones de simple efecto (con fuerza hidr\u00e1ulica en una direcci\u00f3n) o doble efecto (con fuerza hidr\u00e1ulica en ambas direcciones), lo que permite satisfacer diversas necesidades operativas. Algunos modelos cuentan con un dise\u00f1o telesc\u00f3pico que proporciona mayor extensi\u00f3n sin aumentar las dimensiones externas, ideal para aplicaciones con espacio limitado.<\/li>\n<li><strong>Ingenier\u00eda de precisi\u00f3n:<\/strong> Cada cilindro se fabrica con precisi\u00f3n para garantizar un rendimiento y una confiabilidad \u00f3ptimos en aplicaciones exigentes.<\/li>\n<li><strong>Soluciones personalizables:<\/strong> Nuestras capacidades de fabricaci\u00f3n permiten soluciones de cilindros hidr\u00e1ulicos personalizados que pueden reemplazar perfectamente los cilindros existentes en diversas aplicaciones.<\/li>\n<\/ul>\n<p><img decoding=\"async\" src=\"https:\/\/www.hydraulic-cylinders.net\/wp-content\/uploads\/2025\/04\/songte-cylinder-head-with-all-kinds-excavator-models.webp\" alt=\"Cilindro de pluma Kobelco\"><\/p>\n<h2>Aplicaciones del cilindro de la pluma<\/h2>\n<h3>Equipos de construcci\u00f3n<\/h3>\n<p>En la maquinaria de construcci\u00f3n, el cilindro de la pluma es esencial para las excavadoras, ya que impulsa la excavaci\u00f3n, la carga y el movimiento de tierra o escombros. Las excavadoras dependen de este sistema hidr\u00e1ulico para penetrar el suelo eficazmente. El cilindro proporciona la fuerza necesaria para que la pluma alcance diversas profundidades y realice tareas eficientemente.<\/p>\n<h3>Maquinaria agr\u00edcola<\/h3>\n<p>En las cargadoras frontales, el cilindro de la pluma desempe\u00f1a un papel fundamental al recoger, levantar y transportar tierra, heno y otros materiales. Su capacidad de funcionar con suavidad bajo carga lo hace indispensable en entornos agr\u00edcolas, donde la manipulaci\u00f3n eficiente de materiales influye directamente en la productividad.<\/p>\n<h3>excavadoras<\/h3>\n<p>El cilindro de la pluma permite a las excavadoras excavar al permitir que el cuchar\u00f3n penetre en el suelo. Esta funci\u00f3n es crucial para proyectos de construcci\u00f3n y paisajismo, ya que garantiza que los operadores alcancen la profundidad y precisi\u00f3n deseadas durante las tareas de excavaci\u00f3n.<\/p>\n<h3>Cargadores<\/h3>\n<p>En las cargadoras frontales, el cilindro de la pluma facilita la elevaci\u00f3n y descarga de cargas eficazmente. Su funcionamiento hidr\u00e1ulico garantiza la manipulaci\u00f3n de materiales pesados \u200b\u200bcon facilidad, mejorando la productividad y la eficiencia general de la m\u00e1quina.<\/p>\n<h2>Consideraciones de dise\u00f1o y criterios de selecci\u00f3n<\/h2>\n<h3>Capacidad de carga<\/h3>\n<p>Al seleccionar un cilindro para pluma, la capacidad de carga es un factor fundamental. Es fundamental que las especificaciones del cilindro se ajusten a la carga prevista para garantizar un rendimiento y una seguridad \u00f3ptimos. El dise\u00f1o del cilindro debe soportar el peso m\u00e1ximo previsto durante la operaci\u00f3n, incluyendo cualquier fuerza din\u00e1mica que se produzca durante el movimiento.<\/p>\n<h3>Caza de focas<\/h3>\n<p>Un sellado eficaz es crucial para mantener la presi\u00f3n hidr\u00e1ulica y evitar fugas de fluido. Los sellos de alta calidad, como los de pist\u00f3n y v\u00e1stago, fabricados con materiales duraderos como poliuretano o caucho de nitrilo, garantizan el funcionamiento eficiente del cilindro sin p\u00e9rdidas de fluido hidr\u00e1ulico, lo cual puede afectar su rendimiento.<\/p>\n<h3>Durabilidad<\/h3>\n<p>La durabilidad es vital para los cilindros de las plumas, ya que suelen operar en entornos dif\u00edciles. El cilindro debe estar dise\u00f1ado para resistir el desgaste y la corrosi\u00f3n, prolongando as\u00ed su vida \u00fatil. Las evaluaciones peri\u00f3dicas de las especificaciones de los materiales y los tratamientos de superficie contribuyen a una mayor durabilidad.<\/p>\n<h3>Seguridad<\/h3>\n<p>Es fundamental incorporar caracter\u00edsticas de seguridad en el dise\u00f1o del cilindro de la pluma. Esto incluye v\u00e1lvulas de seguridad integradas para evitar la sobrepresurizaci\u00f3n y garantizar que todos los componentes resistan las tensiones de la maquinaria pesada. Los protocolos de seguridad adecuados durante la instalaci\u00f3n y el uso reducen el riesgo de accidentes.<\/p>\n<h3>Mantenibilidad<\/h3>\n<p>El dise\u00f1o debe facilitar el mantenimiento y las reparaciones. Los puntos de acceso para lubricaci\u00f3n e inspecci\u00f3n garantizan la revisi\u00f3n y el mantenimiento peri\u00f3dicos del cilindro, lo que fomenta un enfoque proactivo para la longevidad del equipo. La r\u00e1pida sustituci\u00f3n de las piezas desgastadas tambi\u00e9n contribuye a la eficiencia operativa.<\/p>\n<p><img decoding=\"async\" src=\"https:\/\/www.hydraulic-cylinders.net\/wp-content\/uploads\/2025\/04\/songte-oil-pipes-and-spare-parts.webp\" alt=\"Piezas de cilindros hidr\u00e1ulicos\"><\/p>\n<h2>Sellado y lubricaci\u00f3n<\/h2>\n<p>El sellado y la lubricaci\u00f3n son fundamentales para el funcionamiento eficaz de los cilindros de la pluma. Diversos elementos de sellado, como los sellos de pist\u00f3n y de v\u00e1stago, se utilizan para mantener la presi\u00f3n hidr\u00e1ulica y evitar fugas. La elecci\u00f3n de los materiales, como el poliuretano y el caucho de nitrilo, es vital debido a su resistencia al desgaste y durabilidad. Adem\u00e1s, el cuerpo del cilindro y las superficies roscadas de los extremos se someten a un mecanizado fino para mejorar la resistencia al desgaste.<\/p>\n<p>La lubricaci\u00f3n regular con el fluido hidr\u00e1ulico adecuado es necesaria para garantizar un funcionamiento suave y reducir la fricci\u00f3n entre las piezas m\u00f3viles. Esto ayuda a mantener un rendimiento \u00f3ptimo y prolonga la vida \u00fatil del cilindro.<\/p>\n<h2>Medidas de mantenimiento preventivo<\/h2>\n<ul>\n<li>Inspeccione peri\u00f3dicamente el cilindro de la pluma para detectar cualquier signo de desgaste, da\u00f1o o fugas y solucione los problemas r\u00e1pidamente para evitar complicaciones mayores.<\/li>\n<li>Aseg\u00farese de que los sellos y las piezas m\u00f3viles est\u00e9n lubricados adecuadamente, siguiendo las recomendaciones del fabricante sobre los tipos e intervalos de fluido hidr\u00e1ulico.<\/li>\n<li>Reemplace los sellos seg\u00fan sea necesario para mantener un sellado efectivo y evitar la p\u00e9rdida de fluido hidr\u00e1ulico, lo que puede disminuir el rendimiento.<\/li>\n<\/ul>\n<h2>Instrucciones de instalaci\u00f3n<\/h2>\n<p>La correcta instalaci\u00f3n del cilindro de la pluma es crucial para un rendimiento \u00f3ptimo. Comience por asegurarse de que el cilindro est\u00e9 correctamente alineado con los puntos de montaje del equipo. Una desalineaci\u00f3n puede provocar tensi\u00f3n excesiva y desgaste prematuro.<\/p>\n<p>Utilice los soportes de montaje adecuados para fijar el cilindro en su lugar, asegur\u00e1ndose de que todos los pernos y sujetadores est\u00e9n apretados seg\u00fan las especificaciones del fabricante. Aseg\u00farese de que todas las conexiones hidr\u00e1ulicas est\u00e9n seguras y sin fugas antes de la operaci\u00f3n.<\/p>\n<p>Por \u00faltimo, despu\u00e9s de la instalaci\u00f3n, realice una verificaci\u00f3n operativa exhaustiva para garantizar que el cilindro funcione sin problemas y responda adecuadamente a los comandos de control.<\/p>\n<h2>Tareas comunes de mantenimiento<\/h2>\n<h3>Inspecciones peri\u00f3dicas<\/h3>\n<p>Las inspecciones de rutina son esenciales para garantizar el correcto funcionamiento del cilindro de la pluma. Revise si hay signos de desgaste, como rayaduras en la varilla o fugas alrededor de las juntas. Identificar estos problemas a tiempo puede prevenir problemas m\u00e1s graves en el futuro.<\/p>\n<h3>Lubricaci\u00f3n adecuada<\/h3>\n<p>Mantener una lubricaci\u00f3n adecuada es vital para la eficiencia del sistema hidr\u00e1ulico. Utilice el fluido hidr\u00e1ulico recomendado y lubrique regularmente todas las piezas m\u00f3viles para minimizar la fricci\u00f3n y el desgaste, manteniendo as\u00ed el sistema en \u00f3ptimas condiciones.<\/p>\n<h3>Reemplazo del sello<\/h3>\n<p>Con el tiempo, los sellos pueden desgastarse o da\u00f1arse. Es necesario realizar revisiones peri\u00f3dicas y reemplazarlos a tiempo para evitar fugas de fluido y mantener la presi\u00f3n en el sistema hidr\u00e1ulico. Mantenga un inventario de sellos de uso frecuente para un reemplazo r\u00e1pido y minimizar el tiempo de inactividad.<\/p>\n<p><img decoding=\"async\" src=\"https:\/\/www.hydraulic-cylinders.net\/wp-content\/uploads\/2025\/04\/songte-chushion-collar.webp\" alt=\"Collar\u00edn acolchado\"><\/p>\n<h2>Consideraciones de seguridad y factores ambientales<\/h2>\n<p>Al trabajar con sistemas hidr\u00e1ulicos, como los cilindros de las plumas, es fundamental cumplir con las medidas de seguridad para prevenir accidentes y garantizar un entorno de trabajo seguro. Los operadores deben usar el equipo de protecci\u00f3n personal (EPP) adecuado y seguir los protocolos de seguridad durante la operaci\u00f3n y el mantenimiento. Comprender los riesgos potenciales asociados con las fugas de fluido hidr\u00e1ulico y los sistemas de alta presi\u00f3n es esencial para mitigar los peligros.<\/p>\n<h2>Diagn\u00f3stico de fallas y problemas comunes<\/h2>\n<ul>\n<li><strong>Fuga hidr\u00e1ulica:<\/strong> Las se\u00f1ales incluyen acumulaci\u00f3n de l\u00edquido alrededor del cilindro o disminuci\u00f3n del rendimiento. Revise los sellos y las conexiones para detectar posibles da\u00f1os.<\/li>\n<li><strong>Movimiento inconsistente:<\/strong> Si el cilindro no se extiende o retrae suavemente, inspeccione si hay bloqueos o niveles bajos de l\u00edquido hidr\u00e1ulico.<\/li>\n<li><strong>Calentamiento excesivo:<\/strong> El calor excesivo puede indicar degradaci\u00f3n del fluido hidr\u00e1ulico o sobrecarga del sistema; aseg\u00farese de que los niveles de fluido sean adecuados y verifique si hay posibles fugas.<\/li>\n<\/ul>\n<h2>Consejos para la soluci\u00f3n de problemas<\/h2>\n<p>Una soluci\u00f3n de problemas eficaz comienza con un enfoque sistem\u00e1tico para identificar la causa ra\u00edz del problema. En caso de fugas hidr\u00e1ulicas, inspeccione todos los sellos y conexiones, y reemplace cualquier componente que presente desgaste. Un movimiento irregular puede requerir la revisi\u00f3n de los niveles de fluido hidr\u00e1ulico y la verificaci\u00f3n de que no haya obstrucciones en las l\u00edneas hidr\u00e1ulicas. En caso de sobrecalentamiento, eval\u00fae el sistema para detectar sobrecargas y aseg\u00farese de que se implementen las medidas de refrigeraci\u00f3n adecuadas.<\/p>\n<p>La implementaci\u00f3n de medidas preventivas, como mantenimiento regular, pr\u00e1cticas de uso adecuadas e inspecciones oportunas, puede reducir significativamente la probabilidad de que surjan problemas, lo que en \u00faltima instancia mejora la confiabilidad operativa del cilindro de la pluma.<\/p>\n<p><img decoding=\"async\" src=\"https:\/\/www.hydraulic-cylinders.net\/wp-content\/uploads\/2025\/04\/songte-bushings-with-all-kinds-of-excavator-models.webp\" alt=\"Bujes de excavadora\"><\/p>\n<h2>Acerca de nuestra empresa<\/h2>\n<p>Somos un fabricante l\u00edder de cilindros hidr\u00e1ulicos de repuesto y ofrecemos una amplia gama de productos para los mercados nacionales e internacionales. Nuestro compromiso con la excelencia se refleja en nuestros excelentes talleres de fabricaci\u00f3n y en nuestras estrategias de gesti\u00f3n de la producci\u00f3n industrial.<\/p>\n<p>Utilizando tecnolog\u00eda avanzada, personal capacitado y un s\u00f3lido sistema de control de calidad, mejoramos continuamente nuestra plataforma de fabricaci\u00f3n para optimizar la calidad de nuestros productos. Nuestras capacidades nos permiten satisfacer las diversas necesidades de nuestros clientes con alta eficiencia, precisi\u00f3n y calidad.<\/p>\n<h3>Profesionalismo<\/h3>\n<p>Nuestro equipo est\u00e1 formado por expertos de la industria dedicados a brindar soluciones hidr\u00e1ulicas especializadas adaptadas a los requisitos de nuestros clientes.<\/p>\n<h3>Certificaciones internacionales<\/h3>\n<p>Nos adherimos a los est\u00e1ndares internacionales, garantizando que nuestros productos cumplan con rigurosos requisitos de calidad y seguridad.<\/p>\n<h3>Servicios de personalizaci\u00f3n<\/h3>\n<p>Ofrecemos soluciones de cilindros hidr\u00e1ulicos personalizadas, lo que permite a los clientes elegir especificaciones que satisfagan sus necesidades operativas \u00fanicas.<\/p>\n<h3>Equipos de producci\u00f3n<\/h3>\n<p>Nuestro equipo de fabricaci\u00f3n de \u00faltima generaci\u00f3n garantiza precisi\u00f3n y calidad en cada producto que producimos.<\/p>\n<h3>Servicio posventa<\/h3>\n<p>Nos enorgullecemos de nuestro confiable soporte posventa, ayudando a los clientes con la instalaci\u00f3n, el mantenimiento y la resoluci\u00f3n de problemas para garantizar un rendimiento \u00f3ptimo de nuestros productos.<\/p>\n<p><img decoding=\"async\" src=\"https:\/\/www.hydraulic-cylinders.net\/wp-content\/uploads\/2025\/04\/songte-company-4.webp\" alt=\"Descripci\u00f3n general de la empresa\"><br \/>\n<img decoding=\"async\" src=\"https:\/\/www.hydraulic-cylinders.net\/wp-content\/uploads\/2025\/04\/songte-company-3.webp\" alt=\"Instalaciones de la empresa\"><\/p>\n<p>Autor: lyl<\/p>","protected":false},"excerpt":{"rendered":"<p>Boom Cylinder For Kobelco Large Excavator SK350-6-8-8e Understanding the Boom Cylinder The boom cylinder is a critical component in heavy machinery, particularly in excavators like the Kobelco SK350-6-8-8e. This hydraulic cylinder is designed to control the movement of the boom, facilitating various tasks involved in material handling. It enables the boom to lift, lower, and [&hellip;]<\/p>","protected":false},"featured_media":17873,"comment_status":"open","ping_status":"closed","template":"","meta":{"_et_pb_use_builder":"","_et_pb_old_content":"","_et_gb_content_width":""},"product_brand":[],"product_cat":[1546],"product_tag":[1547,1496],"class_list":{"0":"post-19082","1":"product","2":"type-product","3":"status-publish","4":"has-post-thumbnail","6":"product_cat-boom-cylinders","7":"product_tag-boom-cylinders","8":"product_tag-hydraulic-cylinders","10":"first","11":"instock","12":"shipping-taxable","13":"product-type-simple"},"amp_enabled":true,"_links":{"self":[{"href":"https:\/\/www.hydraulic-cylinders.net\/es\/wp-json\/wp\/v2\/product\/19082","targetHints":{"allow":["GET"]}}],"collection":[{"href":"https:\/\/www.hydraulic-cylinders.net\/es\/wp-json\/wp\/v2\/product"}],"about":[{"href":"https:\/\/www.hydraulic-cylinders.net\/es\/wp-json\/wp\/v2\/types\/product"}],"replies":[{"embeddable":true,"href":"https:\/\/www.hydraulic-cylinders.net\/es\/wp-json\/wp\/v2\/comments?post=19082"}],"wp:featuredmedia":[{"embeddable":true,"href":"https:\/\/www.hydraulic-cylinders.net\/es\/wp-json\/wp\/v2\/media\/17873"}],"wp:attachment":[{"href":"https:\/\/www.hydraulic-cylinders.net\/es\/wp-json\/wp\/v2\/media?parent=19082"}],"wp:term":[{"taxonomy":"product_brand","embeddable":true,"href":"https:\/\/www.hydraulic-cylinders.net\/es\/wp-json\/wp\/v2\/product_brand?post=19082"},{"taxonomy":"product_cat","embeddable":true,"href":"https:\/\/www.hydraulic-cylinders.net\/es\/wp-json\/wp\/v2\/product_cat?post=19082"},{"taxonomy":"product_tag","embeddable":true,"href":"https:\/\/www.hydraulic-cylinders.net\/es\/wp-json\/wp\/v2\/product_tag?post=19082"}],"curies":[{"name":"wp","href":"https:\/\/api.w.org\/{rel}","templated":true}]}}