{"id":19085,"date":"2025-04-07T06:12:07","date_gmt":"2025-04-07T06:12:07","guid":{"rendered":"https:\/\/www.hydraulic-cylinders.net\/product\/boom-cylinder-for-kobelco-large-excavator-sk480-480-8\/"},"modified":"2025-04-07T06:12:10","modified_gmt":"2025-04-07T06:12:10","slug":"boom-cylinder-for-kobelco-large-excavator-sk480-480-8","status":"publish","type":"product","link":"https:\/\/www.hydraulic-cylinders.net\/es\/producto\/boom-cylinder-for-kobelco-large-excavator-sk480-480-8\/","title":{"rendered":"Cilindro de pluma para excavadora grande Kobelco SK480\/480-8"},"content":{"rendered":"<h1>Cilindro de pluma para excavadora grande Kobelco SK480\/480-8<\/h1>\n<h2>Introducci\u00f3n a los cilindros de pluma<\/h2>\n<p>El cilindro de la pluma de la excavadora Kobelco SK480\/480-8 es un componente hidr\u00e1ulico esencial utilizado en maquinaria pesada. Estos cilindros hidr\u00e1ulicos est\u00e1n dise\u00f1ados espec\u00edficamente para controlar el movimiento del cuchar\u00f3n en diversos equipos de construcci\u00f3n y excavaci\u00f3n. Desempe\u00f1an un papel vital al permitir la elevaci\u00f3n, el descenso y la inclinaci\u00f3n del cuchar\u00f3n, lo cual es crucial para la eficiencia en las tareas de manipulaci\u00f3n de materiales. El cilindro del cuchar\u00f3n es un tipo de cilindro hidr\u00e1ulico que opera dentro del sistema hidr\u00e1ulico, garantizando un movimiento preciso y la entrega de potencia.<\/p>\n<p>En esencia, el cilindro del cuchar\u00f3n permite el control din\u00e1mico de maquinaria pesada, facilitando una amplia gama de aplicaciones, desde la excavaci\u00f3n hasta la elevaci\u00f3n de materiales. Est\u00e1 dise\u00f1ado para soportar las exigentes condiciones de las obras de construcci\u00f3n, lo que lo convierte en una opci\u00f3n confiable para los profesionales del sector.<\/p>\n<p><img decoding=\"async\" src=\"https:\/\/www.hydraulic-cylinders.net\/wp-content\/uploads\/2025\/04\/songte-company-1.webp\" alt=\"Cilindro de la pluma\"><\/p>\n<h2>Caracter\u00edsticas del cilindro de la pluma<\/h2>\n<ul>\n<li><strong>Alta resistencia y durabilidad:<\/strong> Fabricado en acero o aluminio de alta resistencia, el cilindro de la pluma soporta alta presi\u00f3n y cargas pesadas, lo que lo hace ideal para entornos de trabajo exigentes. Su dise\u00f1o prioriza la resistencia al desgaste y a la corrosi\u00f3n, prolongando as\u00ed su vida \u00fatil.<\/li>\n<li><strong>Operaci\u00f3n hidr\u00e1ulica eficiente:<\/strong> El cilindro de la pluma utiliza presi\u00f3n de aceite hidr\u00e1ulico para lograr una extensi\u00f3n y retracci\u00f3n suaves, respondiendo r\u00e1pidamente a los comandos del operador y proporcionando poderosas fuerzas de empuje y tracci\u00f3n que manejan objetos pesados \u200b\u200by operaciones complejas de manera efectiva.<\/li>\n<li><strong>Diversos tipos:<\/strong> El cilindro de la pluma est\u00e1 disponible en varias configuraciones, incluyendo de simple efecto (que opera en una direcci\u00f3n) y de doble efecto (que opera en ambas direcciones). Algunos modelos son telesc\u00f3picos, lo que permite un mayor alcance sin aumentar las dimensiones externas, ideal para espacios reducidos.<\/li>\n<li><strong>Versatilidad de aplicaci\u00f3n:<\/strong> Dise\u00f1ado para satisfacer diferentes necesidades operativas, el cilindro de la pluma se puede personalizar para tareas espec\u00edficas, lo que garantiza un rendimiento \u00f3ptimo en varios tipos de m\u00e1quinas.<\/li>\n<li><strong>Fiabilidad:<\/strong> Construido con materiales de calidad y procesos de fabricaci\u00f3n avanzados, el cilindro de la pluma garantiza un rendimiento confiable en condiciones rigurosas, reduciendo el riesgo de tiempo de inactividad y los costos de mantenimiento.<\/li>\n<\/ul>\n<p>Fabricamos este producto y nuestros cilindros son reemplazos perfectos para estos cilindros hidr\u00e1ulicos.<\/p>\n<p><img decoding=\"async\" src=\"https:\/\/www.hydraulic-cylinders.net\/wp-content\/uploads\/2025\/04\/songte-cylinder-head-with-all-kinds-excavator-models.webp\" alt=\"Opciones de reemplazo de cilindros\"><\/p>\n<h2>Aplicaciones del cilindro de la pluma<\/h2>\n<h3>Equipos de construcci\u00f3n<\/h3>\n<p>El cilindro de la pluma se encuentra com\u00fanmente en las excavadoras, donde es crucial para excavar, cargar y mover tierra o escombros. En las retroexcavadoras, el cilindro del cuchar\u00f3n facilita tanto las operaciones de excavaci\u00f3n como de elevaci\u00f3n, mejorando la eficiencia y la productividad en las obras de construcci\u00f3n.<\/p>\n<h3>Maquinaria agr\u00edcola<\/h3>\n<p>En las cargadoras frontales, el cilindro de la pluma se utiliza para recoger, levantar y transportar tierra, heno y otros materiales. Su funcionamiento fiable garantiza un funcionamiento suave, esencial para las tareas agr\u00edcolas que requieren precisi\u00f3n y eficiencia.<\/p>\n<h3>excavadoras<\/h3>\n<p>El cilindro del cuchar\u00f3n en las excavadoras permite que este penetre eficazmente en el suelo, facilitando una excavaci\u00f3n eficiente. Esta capacidad es esencial para diversos proyectos de construcci\u00f3n y movimiento de tierras, garantizando que las tareas se completen con rapidez y precisi\u00f3n.<\/p>\n<h3>Cargadores<\/h3>\n<p>En las cargadoras frontales, el cilindro de la pluma desempe\u00f1a un papel fundamental en la elevaci\u00f3n y descarga eficiente de materiales. Esta funci\u00f3n es vital para operaciones que requieren una manipulaci\u00f3n y transporte r\u00e1pidos de materiales, lo que contribuye a la productividad general.<\/p>\n<h2>Consideraciones de dise\u00f1o y criterios de selecci\u00f3n<\/h2>\n<h3>Capacidad de carga<\/h3>\n<p>Al seleccionar un cilindro de pluma, la capacidad de carga es un factor fundamental. El cilindro debe soportar el peso de las cargas que levantar\u00e1 o mover\u00e1. Esto implica comprender las cargas est\u00e1ticas y din\u00e1micas que soportar\u00e1 el cilindro, as\u00ed como los m\u00e1rgenes de seguridad para soportar tensiones inesperadas.<\/p>\n<h3>Rendimiento de sellado<\/h3>\n<p>El sellado es crucial para el funcionamiento eficaz de los cilindros hidr\u00e1ulicos. Un sellado adecuado previene fugas de fluido hidr\u00e1ulico, que pueden reducir la eficiencia y causar da\u00f1os. Se suelen utilizar materiales de sellado de alta calidad, como el poliuretano y el caucho de nitrilo, para aumentar la durabilidad y la fiabilidad del cilindro.<\/p>\n<h3>Durabilidad<\/h3>\n<p>La durabilidad es esencial para los cilindros de pluma que operan en condiciones dif\u00edciles. Los materiales utilizados deben ser resistentes al desgaste, la corrosi\u00f3n y las influencias ambientales. Esto garantiza que el cilindro mantenga su rendimiento a lo largo del tiempo, incluso en aplicaciones exigentes.<\/p>\n<h3>Caracter\u00edsticas de seguridad<\/h3>\n<p>La seguridad es primordial al trabajar con maquinaria pesada. Los cilindros de la pluma deben estar dise\u00f1ados con caracter\u00edsticas de seguridad que eviten fallas bajo cargas elevadas. Esto incluye una construcci\u00f3n robusta, cierres de seguridad y otros mecanismos para garantizar un funcionamiento seguro durante el uso.<\/p>\n<h3>Consideraciones de mantenimiento<\/h3>\n<p>La facilidad de mantenimiento es otro factor importante. Un cilindro de pluma bien dise\u00f1ado debe permitir una inspecci\u00f3n y un mantenimiento sencillos. Esto incluye un f\u00e1cil acceso a las juntas y componentes que puedan requerir atenci\u00f3n regular para garantizar un funcionamiento sin problemas.<\/p>\n<p><img decoding=\"async\" src=\"https:\/\/www.hydraulic-cylinders.net\/wp-content\/uploads\/2025\/04\/songte-oil-pipes-and-spare-parts.webp\" alt=\"Componentes hidr\u00e1ulicos\"><\/p>\n<h2>Pr\u00e1cticas de sellado y lubricaci\u00f3n<\/h2>\n<p>Un sellado y una lubricaci\u00f3n adecuados son fundamentales para el funcionamiento eficiente de los cilindros hidr\u00e1ulicos. Se emplean diversos sellos, como sellos de pist\u00f3n y de v\u00e1stago, para mantener la integridad del sistema. Se prefieren los sellos fabricados con materiales duraderos como el poliuretano y el caucho de nitrilo debido a su resistencia al desgaste y a las influencias ambientales.<\/p>\n<p>El cuerpo del cilindro y los extremos roscados se someten a un mecanizado de precisi\u00f3n para mejorar la resistencia al desgaste. La lubricaci\u00f3n regular con aceite hidr\u00e1ulico es esencial para evitar la fricci\u00f3n y el desgaste entre las piezas m\u00f3viles, garantizando as\u00ed un rendimiento \u00f3ptimo y una larga vida \u00fatil del cilindro.<\/p>\n<h2>Inspecci\u00f3n regular y mantenimiento preventivo<\/h2>\n<ul>\n<li><strong>Inspecciones regulares:<\/strong> Realice revisiones rutinarias del cilindro de la pluma para detectar cualquier signo de desgaste o da\u00f1o. Busque fugas, ruidos inusuales o disminuci\u00f3n del rendimiento. Este enfoque proactivo ayuda a identificar posibles problemas antes de que se agraven.<\/li>\n<li><strong>Lubricaci\u00f3n adecuada:<\/strong> Aseg\u00farese de que el cilindro hidr\u00e1ulico est\u00e9 adecuadamente lubricado con el aceite hidr\u00e1ulico adecuado. De lo contrario, puede aumentar la fricci\u00f3n y el desgaste, lo que puede provocar una falla prematura.<\/li>\n<li><strong>Reemplazo del sello:<\/strong> Con el tiempo, los sellos pueden degradarse y requerir reemplazo. Revise regularmente su estado y reempl\u00e1celos seg\u00fan sea necesario para mantener la eficiencia del sistema.<\/li>\n<\/ul>\n<h2>Instrucciones de instalaci\u00f3n<\/h2>\n<p>La correcta instalaci\u00f3n del cilindro de la pluma es vital para su rendimiento y durabilidad. Aseg\u00farese de que los puntos de montaje est\u00e9n correctamente alineados para evitar tensiones en el cilindro. Utilice soportes de instalaci\u00f3n adecuados para fijar el cilindro en su lugar y evitar que se mueva durante el funcionamiento.<\/p>\n<p>Adem\u00e1s, aseg\u00farese de que las l\u00edneas hidr\u00e1ulicas est\u00e9n correctamente conectadas para evitar fugas. Tras la instalaci\u00f3n, pruebe el sistema en condiciones controladas para garantizar su correcto funcionamiento. Si es necesario realizar ajustes, h\u00e1galos con prontitud para mantener un funcionamiento \u00f3ptimo.<\/p>\n<h2>Tareas comunes de mantenimiento<\/h2>\n<ul>\n<li><strong>Inspecciones regulares:<\/strong> Las inspecciones de rutina son cruciales para identificar el desgaste. Verifique si hay fugas o da\u00f1os y solucione cualquier problema de inmediato para evitar complicaciones.<\/li>\n<li><strong>Lubricaci\u00f3n adecuada:<\/strong> Una lubricaci\u00f3n adecuada es esencial para el buen funcionamiento del cilindro de la pluma. Aseg\u00farese de utilizar el tipo y la cantidad correctos de aceite hidr\u00e1ulico y realice revisiones peri\u00f3dicas para mantener los niveles de lubricaci\u00f3n.<\/li>\n<li><strong>Reemplazo del sello:<\/strong> Inspeccione peri\u00f3dicamente los sellos para detectar signos de desgaste. Reemplazarlos cuando sea necesario es vital para mantener la integridad del sistema hidr\u00e1ulico y prevenir fugas.<\/li>\n<\/ul>\n<p>La instalaci\u00f3n, lubricaci\u00f3n y ajustes correctos son fundamentales para el rendimiento del cilindro de la pluma. Durante la instalaci\u00f3n, aseg\u00farese de que el cilindro est\u00e9 correctamente alineado y montado de forma segura. Se deben seguir los procedimientos recomendados de inspecci\u00f3n, reparaci\u00f3n y reemplazo para prolongar la vida \u00fatil del cilindro.<\/p>\n<p><img decoding=\"async\" src=\"https:\/\/www.hydraulic-cylinders.net\/wp-content\/uploads\/2025\/04\/songte-chushion-collar.webp\" alt=\"Collar\u00edn acolchado\"><\/p>\n<h2>Consideraciones de seguridad y factores ambientales<\/h2>\n<p>Las medidas de seguridad son fundamentales al trabajar con sistemas hidr\u00e1ulicos. Los operadores deben recibir capacitaci\u00f3n sobre el manejo seguro de equipos y comprender los posibles riesgos asociados con las fallas hidr\u00e1ulicas. Se debe usar el equipo de seguridad adecuado y seguir los protocolos de seguridad para minimizar los riesgos.<\/p>\n<h2>Diagn\u00f3stico de fallas y problemas comunes<\/h2>\n<ul>\n<li><strong>Fugas de fluido hidr\u00e1ulico:<\/strong> Uno de los problemas m\u00e1s comunes, a menudo causado por sellos desgastados o mangueras da\u00f1adas. Las inspecciones peri\u00f3dicas pueden ayudar a identificar fugas a tiempo.<\/li>\n<li><strong>Rendimiento deficiente:<\/strong> Si el cilindro de la pluma no funciona correctamente, podr\u00eda deberse a una lubricaci\u00f3n insuficiente o a la presencia de aire en el sistema hidr\u00e1ulico. Solucione estos problemas de inmediato para restablecer su funcionalidad.<\/li>\n<li><strong>Calentamiento excesivo:<\/strong> El calor excesivo puede da\u00f1ar los componentes hidr\u00e1ulicos. Aseg\u00farese de que el aceite hidr\u00e1ulico tenga el nivel correcto y de que el sistema no est\u00e9 sobrecargado.<\/li>\n<\/ul>\n<p>Proporcionar consejos para la resoluci\u00f3n de problemas y posibles soluciones puede ayudar a los usuarios a diagnosticar y resolver eficazmente los problemas con el cilindro de la pluma. Se deben priorizar las medidas preventivas para minimizar los posibles problemas.<\/p>\n<p><img decoding=\"async\" src=\"https:\/\/www.hydraulic-cylinders.net\/wp-content\/uploads\/2025\/04\/songte-bushings-with-all-kinds-of-excavator-models.webp\" alt=\"Componentes de excavadora\"><\/p>\n<h2>Descripci\u00f3n general de la empresa<\/h2>\n<p>Somos un fabricante l\u00edder de cilindros hidr\u00e1ulicos de repuesto, con una amplia gama de productos que nos ha posicionado como un actor destacado en los mercados nacionales e internacionales. Nuestro compromiso con la calidad y la excelencia se refleja en nuestras refinadas estrategias de fabricaci\u00f3n, respaldadas por un equipo de trabajo cualificado, equipos de fabricaci\u00f3n digital avanzados y un sistema de pruebas profesional.<\/p>\n<p>Mediante la mejora continua de nuestra plataforma de fabricaci\u00f3n y el control de calidad de nuestros productos, garantizamos que estos cumplan con los m\u00e1s altos est\u00e1ndares. Nuestras capacidades nos permiten personalizar soluciones que satisfacen las diversas necesidades de nuestros clientes, manteniendo la eficiencia, la precisi\u00f3n y la calidad como pilares de nuestras operaciones.<\/p>\n<p><img decoding=\"async\" src=\"https:\/\/www.hydraulic-cylinders.net\/wp-content\/uploads\/2025\/04\/songte-company-4.webp\" alt=\"Planta de producci\u00f3n de la empresa\"><br \/>\n<img decoding=\"async\" src=\"https:\/\/www.hydraulic-cylinders.net\/wp-content\/uploads\/2025\/04\/songte-company-3.webp\" alt=\"Equipos de producci\u00f3n\"><\/p>\n<p>Nuestra experiencia se extiende a trav\u00e9s de diversos aspectos, incluyendo especializaci\u00f3n, certificaciones internacionales, servicios personalizados, equipos de producci\u00f3n y soporte posventa, asegurando que satisfagamos las diversas necesidades de nuestros clientes.<\/p>\n<p>Autor: lyl<\/p>","protected":false},"excerpt":{"rendered":"<p>Boom Cylinder For Kobelco Large Excavator SK480\/480-8 Introduction to Boom Cylinders The Boom Cylinder for Kobelco Large Excavator SK480\/480-8 is an essential hydraulic component utilized in heavy machinery. These hydraulic cylinders are specifically designed to control the movement of the bucket in various construction and excavation equipment. They play a vital role in enabling the [&hellip;]<\/p>","protected":false},"featured_media":17876,"comment_status":"open","ping_status":"closed","template":"","meta":{"_et_pb_use_builder":"","_et_pb_old_content":"","_et_gb_content_width":""},"product_brand":[],"product_cat":[1546],"product_tag":[1547,1496],"class_list":{"0":"post-19085","1":"product","2":"type-product","3":"status-publish","4":"has-post-thumbnail","6":"product_cat-boom-cylinders","7":"product_tag-boom-cylinders","8":"product_tag-hydraulic-cylinders","10":"first","11":"instock","12":"shipping-taxable","13":"product-type-simple"},"amp_enabled":true,"_links":{"self":[{"href":"https:\/\/www.hydraulic-cylinders.net\/es\/wp-json\/wp\/v2\/product\/19085","targetHints":{"allow":["GET"]}}],"collection":[{"href":"https:\/\/www.hydraulic-cylinders.net\/es\/wp-json\/wp\/v2\/product"}],"about":[{"href":"https:\/\/www.hydraulic-cylinders.net\/es\/wp-json\/wp\/v2\/types\/product"}],"replies":[{"embeddable":true,"href":"https:\/\/www.hydraulic-cylinders.net\/es\/wp-json\/wp\/v2\/comments?post=19085"}],"wp:featuredmedia":[{"embeddable":true,"href":"https:\/\/www.hydraulic-cylinders.net\/es\/wp-json\/wp\/v2\/media\/17876"}],"wp:attachment":[{"href":"https:\/\/www.hydraulic-cylinders.net\/es\/wp-json\/wp\/v2\/media?parent=19085"}],"wp:term":[{"taxonomy":"product_brand","embeddable":true,"href":"https:\/\/www.hydraulic-cylinders.net\/es\/wp-json\/wp\/v2\/product_brand?post=19085"},{"taxonomy":"product_cat","embeddable":true,"href":"https:\/\/www.hydraulic-cylinders.net\/es\/wp-json\/wp\/v2\/product_cat?post=19085"},{"taxonomy":"product_tag","embeddable":true,"href":"https:\/\/www.hydraulic-cylinders.net\/es\/wp-json\/wp\/v2\/product_tag?post=19085"}],"curies":[{"name":"wp","href":"https:\/\/api.w.org\/{rel}","templated":true}]}}