{"id":19094,"date":"2025-04-07T06:12:30","date_gmt":"2025-04-07T06:12:30","guid":{"rendered":"https:\/\/www.hydraulic-cylinders.net\/product\/boom-cylinder-for-yugong-wy15-7\/"},"modified":"2025-04-07T06:12:32","modified_gmt":"2025-04-07T06:12:32","slug":"boom-cylinder-for-yugong-wy15-7","status":"publish","type":"product","link":"https:\/\/www.hydraulic-cylinders.net\/es\/producto\/boom-cylinder-for-yugong-wy15-7\/","title":{"rendered":"Cilindro de pluma para Yugong WY15-7"},"content":{"rendered":"<h1>Cilindro de pluma para Yugong WY15-7<\/h1>\n<h2>Descripci\u00f3n general del producto<\/h2>\n<p>El cilindro de pluma para Yugong WY15-7 es un cilindro hidr\u00e1ulico especializado, dise\u00f1ado para controlar el movimiento de los cucharones en diversas m\u00e1quinas pesadas. Los cilindros hidr\u00e1ulicos son componentes esenciales de los sistemas hidr\u00e1ulicos, ya que permiten un control preciso del movimiento y la posici\u00f3n del equipo. Este cilindro de pluma es fundamental para el funcionamiento de excavadoras, retroexcavadoras y cargadoras frontales, permitiendo que el cuchar\u00f3n se eleve, baje e incline eficientemente, facilitando as\u00ed las tareas de manipulaci\u00f3n de materiales.<\/p>\n<p>Los cilindros de la cuchara son cilindros hidr\u00e1ulicos que se utilizan espec\u00edficamente para controlar la acci\u00f3n de los accesorios de excavaci\u00f3n y elevaci\u00f3n, y son la base de muchas operaciones de maquinaria de construcci\u00f3n y agr\u00edcola. La potencia del sistema hidr\u00e1ulico, combinada con la ventaja mec\u00e1nica del cilindro, permite maniobrar cargas pesadas con facilidad. Con \u00e9nfasis en la fiabilidad y el rendimiento, el cilindro de la pluma para Yugong WY15-7 garantiza que los operadores puedan realizar tareas de forma segura y eficaz.<\/p>\n<p><img decoding=\"async\" src=\"https:\/\/www.hydraulic-cylinders.net\/wp-content\/uploads\/2025\/04\/songte-company-1.webp\" alt=\"Cilindro de pluma para Yugong WY15-7\"><\/p>\n<h2>Caracter\u00edsticas del cilindro de pluma para Yugong WY15-7<\/h2>\n<ul>\n<li><strong>Alta resistencia y durabilidad:<\/strong> Fabricado en acero o aluminio de alta resistencia, este cilindro soporta alta presi\u00f3n y cargas pesadas, lo que lo hace ideal para entornos de trabajo exigentes. Su dise\u00f1o considera la resistencia al desgaste y a la corrosi\u00f3n, lo que prolonga su vida \u00fatil.<\/li>\n<li><strong>Operaci\u00f3n hidr\u00e1ulica eficiente:<\/strong> Este cilindro utiliza presi\u00f3n de aceite hidr\u00e1ulico para lograr una retracci\u00f3n y extensi\u00f3n suaves, respondiendo r\u00e1pidamente a los comandos del operador y proporcionando una poderosa fuerza de empuje y tracci\u00f3n, ideal para manejar tareas pesadas y complejas.<\/li>\n<li><strong>Diversas opciones:<\/strong> El cilindro de la pluma est\u00e1 disponible en configuraciones de simple efecto (acci\u00f3n hidr\u00e1ulica en una direcci\u00f3n) o doble efecto (acci\u00f3n hidr\u00e1ulica en ambas direcciones) para satisfacer diversas necesidades operativas. Algunos modelos cuentan con dise\u00f1os telesc\u00f3picos que permiten una mayor extensi\u00f3n sin aumentar las dimensiones externas, lo cual es ideal para aplicaciones con espacio limitado.<\/li>\n<li><strong>Ingenier\u00eda de precisi\u00f3n:<\/strong> Cada cilindro est\u00e1 elaborado con precisi\u00f3n para garantizar un rendimiento y una longevidad \u00f3ptimos, incorporando tecnolog\u00eda avanzada en su proceso de fabricaci\u00f3n.<\/li>\n<li><strong>Compatibilidad:<\/strong> Nuestros productos sirven como reemplazos perfectos para varios cilindros hidr\u00e1ulicos, garantizando una integraci\u00f3n y funcionamiento perfectos en diferentes modelos de maquinaria.<\/li>\n<\/ul>\n<p><img decoding=\"async\" src=\"https:\/\/www.hydraulic-cylinders.net\/wp-content\/uploads\/2025\/04\/songte-cylinder-head-with-all-kinds-excavator-models.webp\" alt=\"Compatibilidad con modelos de excavadoras\"><\/p>\n<h2>Aplicaciones del cilindro de pluma para Yugong WY15-7<\/h2>\n<h3>Equipos de construcci\u00f3n<\/h3>\n<p>En las excavadoras, el cilindro de la pluma desempe\u00f1a un papel fundamental en la excavaci\u00f3n, la carga y el movimiento de tierra o escombros. Permite un control preciso del posicionamiento del cuchar\u00f3n, lo que permite a los operadores trabajar de forma eficiente y eficaz. En las retroexcavadoras, el cilindro del cuchar\u00f3n facilita no solo la excavaci\u00f3n, sino tambi\u00e9n la elevaci\u00f3n, lo que lo hace esencial para realizar diversas tareas en las obras de construcci\u00f3n.<\/p>\n<h3>Maquinaria agr\u00edcola<\/h3>\n<p>En las cargadoras frontales, el cilindro de la pluma es crucial para recoger, levantar y transportar tierra, heno y otros materiales. Este componente hidr\u00e1ulico garantiza que las tareas agr\u00edcolas se realicen con rapidez y m\u00ednimo esfuerzo, mejorando as\u00ed la productividad en las operaciones agr\u00edcolas.<\/p>\n<h3>excavadoras<\/h3>\n<p>El cilindro de la pluma facilita la excavaci\u00f3n al permitir que el cuchar\u00f3n penetre eficazmente en el suelo. Este dise\u00f1o es vital para lograr excavaciones profundas y garantizar que los operadores puedan realizar sus tareas sin sobrecargar la maquinaria.<\/p>\n<h3>Cargadores<\/h3>\n<p>En las cargadoras frontales, el cilindro de la pluma es responsable de elevar y descargar las cargas eficientemente. Su rendimiento confiable garantiza un movimiento r\u00e1pido de los materiales, lo que reduce el tiempo de inactividad y aumenta la productividad general en la obra.<\/p>\n<h2>Consideraciones de dise\u00f1o y criterios de selecci\u00f3n<\/h2>\n<h3>Capacidad de carga<\/h3>\n<p>Al seleccionar un cilindro de pluma, una de las principales consideraciones es su capacidad de carga. El cilindro debe soportar el peso m\u00e1ximo que puede soportar durante la operaci\u00f3n. Esto implica evaluar las especificaciones del sistema hidr\u00e1ulico y garantizar que el cilindro pueda proporcionar la fuerza requerida sin comprometer la seguridad ni el rendimiento. Un an\u00e1lisis exhaustivo de los requisitos de carga es esencial para prevenir fallas del cilindro y garantizar operaciones seguras.<\/p>\n<h3>Rendimiento de sellado<\/h3>\n<p>El sellado es un aspecto fundamental del dise\u00f1o de cilindros hidr\u00e1ulicos. Para mantener un rendimiento y una eficiencia \u00f3ptimos, los sellos deben evitar fugas de fluido hidr\u00e1ulico y, al mismo tiempo, permitir un movimiento suave del cilindro. Los sellos de alta calidad (como los de pist\u00f3n y v\u00e1stago) fabricados con materiales duraderos como poliuretano o caucho de nitrilo son esenciales para mantener la presi\u00f3n y minimizar el desgaste. Un sellado adecuado contribuye a la longevidad del componente y de todo el sistema hidr\u00e1ulico.<\/p>\n<h3>Durabilidad<\/h3>\n<p>La durabilidad es crucial para los cilindros hidr\u00e1ulicos, especialmente en entornos exigentes. Los materiales utilizados en su construcci\u00f3n deben resistir el desgaste, la corrosi\u00f3n y la exposici\u00f3n a condiciones extremas. Se suele utilizar acero o aluminio de alta resistencia, con tratamientos superficiales para mejorar la resistencia a la abrasi\u00f3n y a los factores ambientales. La elecci\u00f3n de materiales duraderos garantiza que el cilindro funcione de forma fiable durante su vida \u00fatil prevista.<\/p>\n<h3>Caracter\u00edsticas de seguridad<\/h3>\n<p>La seguridad es fundamental al trabajar con maquinaria pesada. El cilindro de la pluma debe incorporar caracter\u00edsticas de seguridad, como v\u00e1lvulas de alivio de presi\u00f3n para evitar la sobrepresurizaci\u00f3n, as\u00ed como mecanismos de seguridad que bloqueen el cilindro en su posici\u00f3n si se pierde la presi\u00f3n hidr\u00e1ulica. Estas caracter\u00edsticas protegen tanto al operador como al equipo de posibles accidentes o lesiones.<\/p>\n<h3>Mantenibilidad<\/h3>\n<p>La facilidad de mantenimiento es otro factor clave en el dise\u00f1o de cilindros hidr\u00e1ulicos. El cilindro debe permitir tareas de mantenimiento sencillas, como cambios de aceite, reemplazo de sellos e inspecciones. Un dise\u00f1o accesible puede reducir significativamente el tiempo de inactividad y los costos de mantenimiento, garantizando que los operadores mantengan su maquinaria en \u00f3ptimas condiciones de funcionamiento con m\u00ednimas complicaciones.<\/p>\n<p><img decoding=\"async\" src=\"https:\/\/www.hydraulic-cylinders.net\/wp-content\/uploads\/2025\/04\/songte-oil-pipes-and-spare-parts.webp\" alt=\"Repuestos para cilindros hidr\u00e1ulicos\"><\/p>\n<h2>Sellado y lubricaci\u00f3n<\/h2>\n<p>Un sellado y una lubricaci\u00f3n eficaces son vitales para el rendimiento \u00f3ptimo de los cilindros hidr\u00e1ulicos. Diversos elementos de sellado, como los sellos de pist\u00f3n y de v\u00e1stago, desempe\u00f1an un papel crucial para mantener la presi\u00f3n y prevenir fugas. Los sellos fabricados con materiales resistentes al desgaste, como el poliuretano y el caucho de nitrilo, se utilizan com\u00fanmente debido a su durabilidad y flexibilidad.<\/p>\n<p>El cuerpo del cilindro y las superficies roscadas de los extremos se someten a un mecanizado fino para mejorar la resistencia al desgaste y garantizar un ajuste perfecto. La lubricaci\u00f3n regular con aceite hidr\u00e1ulico es esencial para minimizar la fricci\u00f3n y el desgaste, lo que contribuye a la longevidad y la eficiencia del sistema hidr\u00e1ulico. Unas pr\u00e1cticas de lubricaci\u00f3n adecuadas ayudan a mantener un rendimiento \u00f3ptimo del cilindro y a prevenir fallos prematuros, lo que a su vez reduce los costes de mantenimiento.<\/p>\n<h2>Inspecci\u00f3n regular y mantenimiento preventivo<\/h2>\n<ul>\n<li><strong>Inspecciones visuales:<\/strong> Se deben realizar inspecciones visuales peri\u00f3dicas para detectar cualquier signo de desgaste, fugas o da\u00f1os f\u00edsicos. Identificar los problemas a tiempo puede evitar da\u00f1os mayores y reparaciones costosas.<\/li>\n<li><strong>Mantenimiento de lubricaci\u00f3n:<\/strong> Asegurarse de que el aceite hidr\u00e1ulico est\u00e9 bien llenado y se cambie regularmente es crucial para mantener la eficiencia del cilindro. Descuidar la lubricaci\u00f3n puede provocar un mayor desgaste.<\/li>\n<li><strong>Reemplazo del sello:<\/strong> Con el tiempo, los sellos pueden desgastarse y requerir reemplazo para mantener un rendimiento \u00f3ptimo. Las revisiones peri\u00f3dicas pueden ayudar a identificar cu\u00e1ndo es necesario reemplazarlos.<\/li>\n<\/ul>\n<h2>Instrucciones de instalaci\u00f3n<\/h2>\n<p>La correcta instalaci\u00f3n del cilindro de la pluma del Yugong WY15-7 es esencial para su rendimiento y durabilidad. Aseg\u00farese de que el \u00e1rea de trabajo est\u00e9 limpia y libre de residuos. Alinee el cilindro con los soportes de montaje con precisi\u00f3n para evitar desalineaciones que puedan provocar un desgaste prematuro. Se recomienda utilizar soportes de montaje adecuados para fijar el cilindro firmemente en su lugar.<\/p>\n<p>Durante la instalaci\u00f3n, aseg\u00farese de que todas las conexiones hidr\u00e1ulicas est\u00e9n bien ajustadas y sin fugas. Compruebe los niveles de fluido hidr\u00e1ulico y aseg\u00farese de que el sistema est\u00e9 purgado de aire. Una vez instalado, realice una inspecci\u00f3n exhaustiva y una prueba de funcionamiento para confirmar que el cilindro funciona de forma suave y eficaz. Una instalaci\u00f3n correcta no solo mejora el rendimiento, sino que tambi\u00e9n prolonga significativamente la vida \u00fatil del cilindro hidr\u00e1ulico.<\/p>\n<h2>Tareas comunes de mantenimiento<\/h2>\n<h3>Inspecciones peri\u00f3dicas<\/h3>\n<p>Realizar inspecciones peri\u00f3dicas es crucial para identificar posibles problemas antes de que se agraven. Los operadores deben revisar peri\u00f3dicamente si hay fugas de fluido hidr\u00e1ulico, desgaste o da\u00f1os en el cilindro. La detecci\u00f3n temprana de problemas puede ahorrar tiempo y costos de reparaci\u00f3n, garantizando as\u00ed el funcionamiento y la seguridad del sistema hidr\u00e1ulico.<\/p>\n<h3>Lubricaci\u00f3n adecuada<\/h3>\n<p>Mantener el cilindro hidr\u00e1ulico correctamente lubricado es esencial para su correcto funcionamiento. Revise peri\u00f3dicamente los niveles de fluido hidr\u00e1ulico y rell\u00e9nelo seg\u00fan sea necesario. Usar el tipo correcto de aceite hidr\u00e1ulico garantizar\u00e1 un funcionamiento suave y eficiente del cilindro, reduciendo el desgaste de los componentes internos.<\/p>\n<h3>Reemplazo de sellos y controles de calibraci\u00f3n<\/h3>\n<p>Con el tiempo, los sellos pueden desgastarse y requerir reemplazo para mantener un rendimiento \u00f3ptimo. Incorpore revisiones rutinarias para evaluar el estado de los sellos y realizar reemplazos seg\u00fan sea necesario. Adem\u00e1s, calibre el sistema hidr\u00e1ulico peri\u00f3dicamente para garantizar que todos los componentes funcionen correctamente y de manera eficiente, mejorando as\u00ed el rendimiento general de la maquinaria.<\/p>\n<p><img decoding=\"async\" src=\"https:\/\/www.hydraulic-cylinders.net\/wp-content\/uploads\/2025\/04\/songte-chushion-collar.webp\" alt=\"Collar\u00edn amortiguador para cilindro hidr\u00e1ulico\"><\/p>\n<h2>Consideraciones de seguridad y factores ambientales<\/h2>\n<p>Implementar medidas de seguridad al utilizar cilindros hidr\u00e1ulicos es crucial para prevenir accidentes y garantizar la seguridad del operador. Los operadores deben recibir capacitaci\u00f3n para comprender los riesgos asociados con los sistemas hidr\u00e1ulicos, incluyendo la posibilidad de fallos repentinos o fugas de fluido hidr\u00e1ulico. El mantenimiento adecuado del sistema hidr\u00e1ulico no solo mejora el rendimiento, sino que tambi\u00e9n reduce el riesgo de contaminaci\u00f3n ambiental causada por fluidos hidr\u00e1ulicos.<\/p>\n<h2>Diagn\u00f3stico de fallas y problemas comunes<\/h2>\n<ul>\n<li><strong>Fugas de fluido hidr\u00e1ulico:<\/strong> Uno de los problemas m\u00e1s comunes con los cilindros hidr\u00e1ulicos son las fugas de fluido. Esto puede deberse a sellos desgastados o componentes da\u00f1ados. Las inspecciones peri\u00f3dicas deben centrarse en la integridad de los sellos y el estado del cilindro para prevenir fugas.<\/li>\n<li><strong>Movimiento inconsistente:<\/strong> Si el cilindro no se extiende ni se retrae con suavidad, puede indicar un nivel bajo de fluido hidr\u00e1ulico, aire en el sistema o desgaste interno. Revisar los niveles de fluido y purgar el aire suele solucionar este problema.<\/li>\n<li><strong>Calentamiento excesivo:<\/strong> El sobrecalentamiento puede ocurrir debido a una carga excesiva o una lubricaci\u00f3n inadecuada. Monitorear las condiciones de funcionamiento y asegurar una lubricaci\u00f3n adecuada puede ayudar a prevenir el sobrecalentamiento y los da\u00f1os posteriores.<\/li>\n<\/ul>\n<h2>Consejos para la soluci\u00f3n de problemas<\/h2>\n<p>Al diagnosticar problemas con el cilindro de la pluma, es importante identificar sistem\u00e1ticamente los posibles problemas. Comience por revisar los niveles de l\u00edquido e inspeccionar si hay fugas. Si los s\u00edntomas persisten, examine el sistema hidr\u00e1ulico para detectar bolsas de aire o inconsistencias de presi\u00f3n. El mantenimiento regular y las reparaciones oportunas son vitales para minimizar los problemas y garantizar un funcionamiento eficiente.<\/p>\n<p>Las medidas preventivas, como el cumplimiento de las rutinas de mantenimiento programadas y la limpieza del sistema hidr\u00e1ulico, pueden reducir significativamente la probabilidad de problemas graves. Mediante el mantenimiento adecuado del cilindro, los operadores pueden prolongar su vida \u00fatil y fiabilidad.<\/p>\n<p><img decoding=\"async\" src=\"https:\/\/www.hydraulic-cylinders.net\/wp-content\/uploads\/2025\/04\/songte-bushings-with-all-kinds-of-excavator-models.webp\" alt=\"Bujes para modelos de excavadoras\"><\/p>\n<h2>Acerca de nuestra empresa<\/h2>\n<p>Somos un fabricante y mayorista l\u00edder de cilindros hidr\u00e1ulicos, especializado en ofrecer alternativas de alta calidad para diversos componentes hidr\u00e1ulicos. Nuestra amplia gama de productos nos ha consolidado como un actor clave en los mercados nacionales e internacionales. Comprometidos con la excelencia, aplicamos estrategias de fabricaci\u00f3n perfeccionadas y pr\u00e1cticas avanzadas de gesti\u00f3n de la producci\u00f3n.<\/p>\n<p>Nuestra oferta cuenta con el respaldo de t\u00e9cnicos cualificados, equipos de fabricaci\u00f3n de vanguardia y sistemas de prueba integrales que optimizan nuestra capacidad de producci\u00f3n. Nos esforzamos por satisfacer las diversas necesidades de nuestros clientes con eficiencia, precisi\u00f3n y calidad, garantizando que nuestros productos cumplan con las normas y certificaciones internacionales.<\/p>\n<p><img decoding=\"async\" src=\"https:\/\/www.hydraulic-cylinders.net\/wp-content\/uploads\/2025\/04\/songte-company-4.webp\" alt=\"Instalaciones de nuestra empresa\"><br \/>\n<img decoding=\"async\" src=\"https:\/\/www.hydraulic-cylinders.net\/wp-content\/uploads\/2025\/04\/songte-company-3.webp\" alt=\"Proceso de fabricaci\u00f3n\"><\/p>\n<p>Autor: lyl<\/p>","protected":false},"excerpt":{"rendered":"<p>Boom Cylinder For Yugong WY15-7 Product Overview The Boom Cylinder for Yugong WY15-7 is a specialized hydraulic cylinder designed for controlling the movement of buckets in various heavy machinery. Hydraulic cylinders are critical components in hydraulic systems, allowing for precise control of the movement and positioning of equipment. This particular boom cylinder is integral to [&hellip;]<\/p>","protected":false},"featured_media":17870,"comment_status":"open","ping_status":"closed","template":"","meta":{"_et_pb_use_builder":"","_et_pb_old_content":"","_et_gb_content_width":""},"product_brand":[],"product_cat":[1546],"product_tag":[1547,1496],"class_list":{"0":"post-19094","1":"product","2":"type-product","3":"status-publish","4":"has-post-thumbnail","6":"product_cat-boom-cylinders","7":"product_tag-boom-cylinders","8":"product_tag-hydraulic-cylinders","10":"first","11":"instock","12":"shipping-taxable","13":"product-type-simple"},"amp_enabled":true,"_links":{"self":[{"href":"https:\/\/www.hydraulic-cylinders.net\/es\/wp-json\/wp\/v2\/product\/19094","targetHints":{"allow":["GET"]}}],"collection":[{"href":"https:\/\/www.hydraulic-cylinders.net\/es\/wp-json\/wp\/v2\/product"}],"about":[{"href":"https:\/\/www.hydraulic-cylinders.net\/es\/wp-json\/wp\/v2\/types\/product"}],"replies":[{"embeddable":true,"href":"https:\/\/www.hydraulic-cylinders.net\/es\/wp-json\/wp\/v2\/comments?post=19094"}],"wp:featuredmedia":[{"embeddable":true,"href":"https:\/\/www.hydraulic-cylinders.net\/es\/wp-json\/wp\/v2\/media\/17870"}],"wp:attachment":[{"href":"https:\/\/www.hydraulic-cylinders.net\/es\/wp-json\/wp\/v2\/media?parent=19094"}],"wp:term":[{"taxonomy":"product_brand","embeddable":true,"href":"https:\/\/www.hydraulic-cylinders.net\/es\/wp-json\/wp\/v2\/product_brand?post=19094"},{"taxonomy":"product_cat","embeddable":true,"href":"https:\/\/www.hydraulic-cylinders.net\/es\/wp-json\/wp\/v2\/product_cat?post=19094"},{"taxonomy":"product_tag","embeddable":true,"href":"https:\/\/www.hydraulic-cylinders.net\/es\/wp-json\/wp\/v2\/product_tag?post=19094"}],"curies":[{"name":"wp","href":"https:\/\/api.w.org\/{rel}","templated":true}]}}