{"id":19096,"date":"2025-04-07T06:12:34","date_gmt":"2025-04-07T06:12:34","guid":{"rendered":"https:\/\/www.hydraulic-cylinders.net\/product\/boom-cylinder-for-yugong-wy135-8\/"},"modified":"2025-04-07T06:12:40","modified_gmt":"2025-04-07T06:12:40","slug":"boom-cylinder-for-yugong-wy135-8","status":"publish","type":"product","link":"https:\/\/www.hydraulic-cylinders.net\/es\/producto\/boom-cylinder-for-yugong-wy135-8\/","title":{"rendered":"Cilindro de pluma para Yugong WY135-8"},"content":{"rendered":"<h1>Cilindro de pluma para Yugong WY135-8<\/h1>\n<h2>Descripci\u00f3n general del producto<\/h2>\n<p>El cilindro de la pluma para la Yugong WY135-8 es un cilindro hidr\u00e1ulico especializado, dise\u00f1ado para controlar el movimiento del brazo de la pluma en diversas m\u00e1quinas pesadas, como excavadoras, retroexcavadoras y cargadoras frontales. Estos cilindros permiten la elevaci\u00f3n, el descenso y la inclinaci\u00f3n precisos de los equipos, facilitando as\u00ed la manipulaci\u00f3n eficiente de materiales. Como componente crucial de los sistemas hidr\u00e1ulicos, el cilindro de la pluma funciona convirtiendo la energ\u00eda hidr\u00e1ulica en energ\u00eda mec\u00e1nica, lo que permite movimientos potentes y controlados.<\/p>\n<p><img decoding=\"async\" src=\"https:\/\/www.hydraulic-cylinders.net\/wp-content\/uploads\/2025\/04\/songte-company-1.webp\" alt=\"Imagen del cilindro de la pluma\" \/><\/p>\n<h2>Caracter\u00edsticas principales<\/h2>\n<ul>\n<li>\n<h3>Alta resistencia y durabilidad<\/h3>\n<p>Fabricado en acero o aluminio de alta resistencia, el cilindro de la pluma est\u00e1 dise\u00f1ado para soportar alta presi\u00f3n y cargas pesadas, lo que lo hace ideal para entornos de trabajo exigentes. Su dise\u00f1o incorpora resistencia al desgaste y protecci\u00f3n contra la corrosi\u00f3n para prolongar la vida \u00fatil del producto.<\/p>\n<\/li>\n<li>\n<h3>Operaci\u00f3n hidr\u00e1ulica eficiente<\/h3>\n<p>El cilindro utiliza presi\u00f3n de aceite hidr\u00e1ulico para lograr una extensi\u00f3n y retracci\u00f3n suaves, respondiendo r\u00e1pidamente a las \u00f3rdenes del operador y proporcionando una robusta fuerza de empuje y tracci\u00f3n. Esta eficiencia es esencial para la manipulaci\u00f3n de materiales pesados \u200b\u200by tareas operativas complejas.<\/p>\n<\/li>\n<li>\n<h3>Diversas configuraciones<\/h3>\n<p>Disponible en dise\u00f1os de simple efecto (que opera en una direcci\u00f3n) y doble efecto (que opera en dos direcciones), el cilindro de la pluma puede satisfacer diversas necesidades operativas. Algunos modelos cuentan con dise\u00f1os telesc\u00f3picos, lo que permite una mayor extensi\u00f3n sin aumentar las dimensiones externas, ideal para aplicaciones con limitaciones de espacio.<\/p>\n<\/li>\n<li>\n<h3>Producci\u00f3n personalizable<\/h3>\n<p>Tenemos la capacidad de fabricar este producto y nuestros cilindros pueden reemplazar sin problemas los cilindros hidr\u00e1ulicos existentes en el mercado.<\/p>\n<\/li>\n<\/ul>\n<p><img decoding=\"async\" src=\"https:\/\/www.hydraulic-cylinders.net\/wp-content\/uploads\/2025\/04\/songte-cylinder-head-with-all-kinds-excavator-models.webp\" alt=\"Modelo de excavadora\" \/><\/p>\n<h2>Aplicaciones<\/h2>\n<ul>\n<li>\n<h3>Equipos de construcci\u00f3n<\/h3>\n<p>En las excavadoras, los cilindros de la pluma son vitales para excavar, cargar y mover tierra o escombros. No solo facilitan la excavaci\u00f3n, sino tambi\u00e9n la elevaci\u00f3n de materiales, lo que aumenta significativamente la productividad de la m\u00e1quina. Su rendimiento fiable es crucial para las operaciones diarias de la industria de la construcci\u00f3n.<\/p>\n<\/li>\n<li>\n<h3>Maquinaria agr\u00edcola<\/h3>\n<p>Utilizados en cargadoras frontales, estos cilindros se encargan de recoger, levantar y transportar tierra, heno y otros materiales. Su dise\u00f1o permite una operaci\u00f3n eficiente en diversas tareas agr\u00edcolas, garantizando que los agricultores puedan manipular los materiales con eficacia y aumentar su productividad.<\/p>\n<\/li>\n<li>\n<h3>excavadoras<\/h3>\n<p>El cilindro de la pluma permite que la cuchara penetre en el suelo durante la excavaci\u00f3n, lo que permite a los operadores excavar con eficiencia. El control preciso del movimiento de la pluma garantiza que las excavadoras puedan excavar a mayor profundidad y precisi\u00f3n, lo que las hace esenciales en proyectos de construcci\u00f3n y paisajismo.<\/p>\n<\/li>\n<li>\n<h3>Cargadores<\/h3>\n<p>En las cargadoras frontales, los cilindros de la pluma ayudan a elevar y descargar las cargas eficazmente. Su respuesta y resistencia garantizan que las cargadoras puedan manipular diversos materiales, desde tierra hasta \u00e1ridos, con facilidad, lo que contribuye a la eficiencia general del proceso de carga.<\/p>\n<\/li>\n<\/ul>\n<h2>Consideraciones de dise\u00f1o y criterios de selecci\u00f3n<\/h2>\n<ul>\n<li>\n<h3>Capacidad de carga<\/h3>\n<p>Al seleccionar un cilindro de pluma, es fundamental considerar su capacidad de carga. El cilindro debe ser capaz de soportar la carga m\u00e1xima prevista sin comprometer la seguridad ni el rendimiento. Esto implica evaluar el peso de los materiales que se mueven y los requisitos espec\u00edficos de la maquinaria.<\/p>\n<\/li>\n<li>\n<h3>Rendimiento de sellado<\/h3>\n<p>Un sellado eficaz es esencial para mantener la presi\u00f3n hidr\u00e1ulica y prevenir fugas. Los sellos de alta calidad, fabricados con materiales duraderos, son vitales para garantizar la longevidad y la fiabilidad del cilindro. Un sellado adecuado reduce la necesidad de mantenimiento y mejora la eficiencia operativa.<\/p>\n<\/li>\n<li>\n<h3>Durabilidad<\/h3>\n<p>La durabilidad es un factor importante en el dise\u00f1o de cilindros hidr\u00e1ulicos. El cilindro debe soportar condiciones de trabajo rigurosas, como la exposici\u00f3n a suciedad, residuos y temperaturas extremas. Elegir materiales y acabados que ofrezcan resistencia a la corrosi\u00f3n y protecci\u00f3n contra el desgaste es esencial para una mayor vida \u00fatil.<\/p>\n<\/li>\n<li>\n<h3>Caracter\u00edsticas de seguridad<\/h3>\n<p>La seguridad siempre debe ser una prioridad en el dise\u00f1o de cilindros hidr\u00e1ulicos. La incorporaci\u00f3n de caracter\u00edsticas de seguridad, como v\u00e1lvulas de alivio de presi\u00f3n y carcasas protectoras, garantiza que el sistema pueda afrontar circunstancias imprevistas sin riesgo para los operadores ni el equipo.<\/p>\n<\/li>\n<li>\n<h3>Accesibilidad de mantenimiento<\/h3>\n<p>El dise\u00f1o tambi\u00e9n debe considerar la facilidad de mantenimiento. Debe permitir una inspecci\u00f3n, lubricaci\u00f3n y reemplazo de piezas sencillos. La accesibilidad es clave para garantizar que el mantenimiento regular se realice eficientemente, prolongando as\u00ed la vida \u00fatil del cilindro.<\/p>\n<\/li>\n<\/ul>\n<p><img decoding=\"async\" src=\"https:\/\/www.hydraulic-cylinders.net\/wp-content\/uploads\/2025\/04\/songte-oil-pipes-and-spare-parts.webp\" alt=\"Piezas hidr\u00e1ulicas\" \/><\/p>\n<h2>Sellado y lubricaci\u00f3n<\/h2>\n<p>Un sellado y una lubricaci\u00f3n adecuados son fundamentales para el funcionamiento eficaz de los cilindros hidr\u00e1ulicos. Diversos componentes de sellado, como sellos de pist\u00f3n y de v\u00e1stago, se utilizan para mantener la presi\u00f3n dentro del sistema. Los sellos fabricados con materiales resistentes al desgaste, como el poliuretano y el caucho de nitrilo, se utilizan com\u00fanmente para aumentar la durabilidad.<\/p>\n<p>El cuerpo del cilindro y los extremos roscados est\u00e1n cuidadosamente acabados para mejorar la resistencia al desgaste, garantizando as\u00ed la integridad de los sellos a lo largo del tiempo. La lubricaci\u00f3n regular con aceite hidr\u00e1ulico es necesaria para reducir la fricci\u00f3n y prevenir el desgaste entre las piezas m\u00f3viles. Seguir un programa de lubricaci\u00f3n estricto ayuda a mantener la eficiencia operativa y a prolongar la vida \u00fatil del cilindro.<\/p>\n<h2>Inspecci\u00f3n regular y mantenimiento preventivo<\/h2>\n<ul>\n<li>\n<h3>Inspecciones peri\u00f3dicas<\/h3>\n<p>Realizar inspecciones de rutina es vital para identificar posibles problemas antes de que se agraven. Los operadores deben revisar visualmente el cilindro y sus componentes para detectar fugas, desgaste y da\u00f1os, a fin de garantizar un rendimiento \u00f3ptimo.<\/p>\n<\/li>\n<li>\n<h3>Lubricaci\u00f3n adecuada<\/h3>\n<p>Asegurarse de que el cilindro hidr\u00e1ulico est\u00e9 adecuadamente lubricado es esencial para un funcionamiento fluido. Los operadores deben seguir las instrucciones del fabricante sobre los intervalos de lubricaci\u00f3n y utilizar el aceite hidr\u00e1ulico recomendado para evitar el desgaste.<\/p>\n<\/li>\n<li>\n<h3>Reemplazo del sello<\/h3>\n<p>Los sellos deben reemplazarse peri\u00f3dicamente para mantener la integridad hidr\u00e1ulica. Los operadores deben supervisar atentamente el rendimiento de los sellos y abordar cualquier signo de desgaste o fuga de inmediato para evitar fallas del sistema.<\/p>\n<\/li>\n<\/ul>\n<h2>Instrucciones de instalaci\u00f3n<\/h2>\n<p>Instalar correctamente el cilindro de la pluma es crucial para un rendimiento \u00f3ptimo. A continuaci\u00f3n, se indican algunos pasos esenciales:<\/p>\n<ol>\n<li>Aseg\u00farese de que las superficies de montaje est\u00e9n limpias y libres de residuos.<\/li>\n<li>Alinee correctamente el cilindro para evitar desalineaciones que podr\u00edan provocar un desgaste prematuro.<\/li>\n<li>Utilice soportes de montaje adecuados para asegurar el cilindro, asegur\u00e1ndose de que est\u00e9 estable y posicionado con precisi\u00f3n.<\/li>\n<li>Despu\u00e9s de la instalaci\u00f3n, verifique que el cilindro se mueva correctamente y realice los ajustes necesarios.<\/li>\n<li>Siga las pautas del fabricante para las especificaciones de torsi\u00f3n al apretar pernos y accesorios.<\/li>\n<\/ol>\n<h2>Tareas comunes de mantenimiento<\/h2>\n<ul>\n<li>\n<h3>Controles regulares<\/h3>\n<p>Realizar revisiones peri\u00f3dicas del sistema hidr\u00e1ulico, incluido el cilindro de la pluma, es crucial para detectar cualquier problema a tiempo. Los operadores deben evaluar el estado general del cilindro y los componentes circundantes para garantizar su correcto funcionamiento.<\/p>\n<\/li>\n<li>\n<h3>Lubricaci\u00f3n adecuada<\/h3>\n<p>La lubricaci\u00f3n es vital para reducir la fricci\u00f3n y el desgaste en los sistemas hidr\u00e1ulicos. Los operadores deben cumplir con los programas de lubricaci\u00f3n y utilizar aceites hidr\u00e1ulicos adecuados para garantizar la longevidad y la eficiencia del cilindro de la pluma.<\/p>\n<\/li>\n<li>\n<h3>Reemplazo de sellos y controles de calibraci\u00f3n<\/h3>\n<p>Reemplazar regularmente los sellos y verificar la calibraci\u00f3n del cilindro son tareas esenciales de mantenimiento. Los operadores deben supervisar el rendimiento de los sellos y reemplazarlos seg\u00fan sea necesario para evitar fugas y mantener la presi\u00f3n. Las comprobaciones de calibraci\u00f3n garantizan que el cilindro funcione dentro de los par\u00e1metros especificados.<\/p>\n<\/li>\n<\/ul>\n<p><img decoding=\"async\" src=\"https:\/\/www.hydraulic-cylinders.net\/wp-content\/uploads\/2025\/04\/songte-chushion-collar.webp\" alt=\"Collar\u00edn acolchado\" \/><\/p>\n<h2>Consideraciones de seguridad y medio ambiente<\/h2>\n<p>Al utilizar cilindros hidr\u00e1ulicos, es fundamental implementar medidas de seguridad para proteger a los operadores y el medio ambiente. Una capacitaci\u00f3n adecuada sobre procedimientos operativos y protocolos de seguridad minimiza el riesgo de accidentes. Adem\u00e1s, el uso de aceites hidr\u00e1ulicos ecol\u00f3gicos y la gesti\u00f3n adecuada de los residuos contribuyen a reducir el impacto ambiental de las operaciones hidr\u00e1ulicas.<\/p>\n<h2>Soluci\u00f3n de problemas y problemas comunes<\/h2>\n<ul>\n<li>\n<h3>Fuga<\/h3>\n<p>Un problema com\u00fan con los cilindros hidr\u00e1ulicos son las fugas. Esto puede ocurrir debido a sellos desgastados o componentes da\u00f1ados. Los operadores deben inspeccionar los sellos regularmente y reemplazarlos a la primera se\u00f1al de desgaste para evitar da\u00f1os mayores.<\/p>\n<\/li>\n<li>\n<h3>Movimiento lento<\/h3>\n<p>Si el cilindro funciona lentamente, podr\u00eda indicar niveles bajos de fluido hidr\u00e1ulico o bloqueos en el sistema. Revisar los niveles de fluido y asegurarse de que no haya obstrucciones en las l\u00edneas hidr\u00e1ulicas puede ayudar a resolver este problema.<\/p>\n<\/li>\n<li>\n<h3>Ruidos inusuales<\/h3>\n<p>Los ruidos inusuales durante el funcionamiento pueden indicar desgaste interno o falta de lubricaci\u00f3n. Los operadores deben investigar cualquier ruido extra\u00f1o y realizar el mantenimiento necesario para evitar fallos graves.<\/p>\n<\/li>\n<\/ul>\n<p><img decoding=\"async\" src=\"https:\/\/www.hydraulic-cylinders.net\/wp-content\/uploads\/2025\/04\/songte-bushings-with-all-kinds-of-excavator-models.webp\" alt=\"Bujes\" \/><\/p>\n<h2>Conclusi\u00f3n<\/h2>\n<p>Nuestra empresa se especializa en la producci\u00f3n de cilindros hidr\u00e1ulicos de alta calidad, incluyendo el cilindro de pluma para Yugong WY135-8. Nos comprometemos a ofrecer una amplia gama de soluciones hidr\u00e1ulicas, lo que nos convierte en un fabricante y distribuidor mayorista l\u00edder tanto en el mercado nacional como internacional. Nuestro enfoque en la excelencia, combinado con estrategias de fabricaci\u00f3n avanzadas, garantiza que satisfagamos las diversas necesidades de nuestros clientes con alta eficiencia, precisi\u00f3n y calidad.<\/p>\n<p>Con experiencia profesional, certificaciones internacionales, servicios personalizados, equipos de producci\u00f3n avanzados y soporte posventa confiable, nos dedicamos a brindar productos y servicios de primer nivel a nuestros clientes.<\/p>\n<p><img decoding=\"async\" src=\"https:\/\/www.hydraulic-cylinders.net\/wp-content\/uploads\/2025\/04\/songte-company-4.webp\" alt=\"Imagen de la empresa 1\" \/><br \/>\n<img decoding=\"async\" src=\"https:\/\/www.hydraulic-cylinders.net\/wp-content\/uploads\/2025\/04\/songte-company-3.webp\" alt=\"Imagen de la empresa 2\" \/><\/p>\n<p>Autor: lyl<\/p>","protected":false},"excerpt":{"rendered":"<p>Boom Cylinder For Yugong WY135-8 Product Overview The Boom Cylinder for Yugong WY135-8 is a specialized hydraulic cylinder designed to control the movement of the boom arm in various heavy machinery such as excavators, backhoe loaders, and front loaders. These cylinders enable the precise lifting, lowering, and tilting of equipment, thus facilitating efficient material handling [&hellip;]<\/p>","protected":false},"featured_media":17872,"comment_status":"open","ping_status":"closed","template":"","meta":{"_et_pb_use_builder":"","_et_pb_old_content":"","_et_gb_content_width":""},"product_brand":[],"product_cat":[1546],"product_tag":[1547,1496],"class_list":{"0":"post-19096","1":"product","2":"type-product","3":"status-publish","4":"has-post-thumbnail","6":"product_cat-boom-cylinders","7":"product_tag-boom-cylinders","8":"product_tag-hydraulic-cylinders","10":"first","11":"instock","12":"shipping-taxable","13":"product-type-simple"},"amp_enabled":true,"_links":{"self":[{"href":"https:\/\/www.hydraulic-cylinders.net\/es\/wp-json\/wp\/v2\/product\/19096","targetHints":{"allow":["GET"]}}],"collection":[{"href":"https:\/\/www.hydraulic-cylinders.net\/es\/wp-json\/wp\/v2\/product"}],"about":[{"href":"https:\/\/www.hydraulic-cylinders.net\/es\/wp-json\/wp\/v2\/types\/product"}],"replies":[{"embeddable":true,"href":"https:\/\/www.hydraulic-cylinders.net\/es\/wp-json\/wp\/v2\/comments?post=19096"}],"wp:featuredmedia":[{"embeddable":true,"href":"https:\/\/www.hydraulic-cylinders.net\/es\/wp-json\/wp\/v2\/media\/17872"}],"wp:attachment":[{"href":"https:\/\/www.hydraulic-cylinders.net\/es\/wp-json\/wp\/v2\/media?parent=19096"}],"wp:term":[{"taxonomy":"product_brand","embeddable":true,"href":"https:\/\/www.hydraulic-cylinders.net\/es\/wp-json\/wp\/v2\/product_brand?post=19096"},{"taxonomy":"product_cat","embeddable":true,"href":"https:\/\/www.hydraulic-cylinders.net\/es\/wp-json\/wp\/v2\/product_cat?post=19096"},{"taxonomy":"product_tag","embeddable":true,"href":"https:\/\/www.hydraulic-cylinders.net\/es\/wp-json\/wp\/v2\/product_tag?post=19096"}],"curies":[{"name":"wp","href":"https:\/\/api.w.org\/{rel}","templated":true}]}}