{"id":19100,"date":"2025-04-07T06:12:55","date_gmt":"2025-04-07T06:12:55","guid":{"rendered":"https:\/\/www.hydraulic-cylinders.net\/product\/boom-cylinder-for-grand-cme85-9\/"},"modified":"2025-04-07T06:12:58","modified_gmt":"2025-04-07T06:12:58","slug":"boom-cylinder-for-grand-cme85-9","status":"publish","type":"product","link":"https:\/\/www.hydraulic-cylinders.net\/es\/producto\/boom-cylinder-for-grand-cme85-9\/","title":{"rendered":"Cilindro de pluma para Grand CME85-9"},"content":{"rendered":"<h1>Cilindro de pluma para Grand CME85-9<\/h1>\n<h2>Introducci\u00f3n a los cilindros de pluma<\/h2>\n<p>El cilindro de la pluma es un componente vital de los sistemas hidr\u00e1ulicos, dise\u00f1ado espec\u00edficamente para controlar el movimiento de los cucharones en diversas m\u00e1quinas pesadas, como excavadoras, retroexcavadoras y cargadoras frontales. Este cilindro hidr\u00e1ulico se encarga de elevar, bajar e inclinar el cuchar\u00f3n, lo que facilita la manipulaci\u00f3n eficiente de materiales. Permite a los operadores realizar tareas como excavar, levantar y transportar materiales con precisi\u00f3n y facilidad.<\/p>\n<p><img decoding=\"async\" src=\"https:\/\/www.hydraulic-cylinders.net\/wp-content\/uploads\/2025\/04\/songte-company-1.webp\" alt=\"Imagen del cilindro de la pluma\" \/><\/p>\n<h3>Funcionalidad y descripci\u00f3n general<\/h3>\n<p>El cilindro del cuchar\u00f3n, parte esencial del sistema hidr\u00e1ulico, funciona mediante fluido hidr\u00e1ulico para generar presi\u00f3n que se traduce en movimiento mec\u00e1nico. Su dise\u00f1o permite un funcionamiento controlado y suave, garantizando el \u00f3ptimo funcionamiento de la maquinaria pesada en diversas condiciones. Gracias a la potencia hidr\u00e1ulica, el cilindro de la pluma puede manipular eficientemente cargas pesadas y aplicaciones din\u00e1micas, lo que lo convierte en un elemento crucial en los sectores de la construcci\u00f3n y la agricultura.<\/p>\n<h2>Caracter\u00edsticas del cilindro de la pluma<\/h2>\n<ul>\n<li><strong>Alta resistencia y durabilidad:<\/strong> Fabricados en acero o aluminio de alta resistencia, los cilindros de pluma soportan alta presi\u00f3n y cargas pesadas, ideales para entornos de trabajo exigentes. Su dise\u00f1o optimiza la resistencia al desgaste y la protecci\u00f3n contra la corrosi\u00f3n, lo que prolonga su vida \u00fatil.<\/li>\n<li><strong>Operaci\u00f3n hidr\u00e1ulica eficiente:<\/strong> Al utilizar la presi\u00f3n del aceite hidr\u00e1ulico para una extensi\u00f3n y retracci\u00f3n suaves, estos cilindros responden r\u00e1pidamente a los comandos de control, proporcionando poderosas fuerzas de empuje y tracci\u00f3n adecuadas para manejar tareas pesadas y complejas.<\/li>\n<li><strong>Diversos tipos:<\/strong> Seg\u00fan las necesidades operativas, los usuarios pueden elegir entre cilindros de simple efecto (que utilizan fuerza hidr\u00e1ulica en una direcci\u00f3n) y de doble efecto (que utilizan fuerza hidr\u00e1ulica en ambas direcciones). Algunos modelos son telesc\u00f3picos, lo que permite una mayor extensi\u00f3n sin aumentar las dimensiones externas, ideal para aplicaciones con espacio limitado.<\/li>\n<li><strong>Fabricaci\u00f3n personalizada:<\/strong> Nuestros productos pueden reemplazar perfectamente varios cilindros hidr\u00e1ulicos, garantizando la compatibilidad con la maquinaria existente.<\/li>\n<li><strong>Control de calidad integral:<\/strong> Cada cilindro de pluma se somete a rigurosas pruebas y controles de calidad para garantizar que se cumplan los est\u00e1ndares de durabilidad y rendimiento, asegurando la satisfacci\u00f3n del cliente.<\/li>\n<\/ul>\n<p><img decoding=\"async\" src=\"https:\/\/www.hydraulic-cylinders.net\/wp-content\/uploads\/2025\/04\/songte-cylinder-head-with-all-kinds-excavator-models.webp\" alt=\"Modelos de excavadoras\" \/><\/p>\n<h2>Escenarios de aplicaci\u00f3n de los cilindros de pluma<\/h2>\n<h3>Equipos de construcci\u00f3n<\/h3>\n<p>En las excavadoras, los cilindros de la pluma son cruciales para excavar, cargar y mover tierra o escombros. No solo facilitan el proceso de excavaci\u00f3n, sino que tambi\u00e9n ayudan a levantar cargas pesadas, lo que los hace indispensables en obras de construcci\u00f3n donde la eficiencia y la resistencia son primordiales.<\/p>\n<h3>Maquinaria agr\u00edcola<\/h3>\n<p>En las cargadoras frontales, los cilindros de la pluma se utilizan para recoger, levantar y transportar tierra, heno y otros materiales. Su dise\u00f1o robusto permite realizar diversas tareas agr\u00edcolas con eficacia, garantizando la productividad en granjas y operaciones agr\u00edcolas.<\/p>\n<h3>excavadoras<\/h3>\n<p>En las excavadoras, el cilindro de la pluma permite que la cuchara penetre eficazmente en el suelo, optimizando la excavaci\u00f3n. Su funcionamiento hidr\u00e1ulico garantiza una excavaci\u00f3n r\u00e1pida y eficiente, maximizando as\u00ed la productividad en las obras.<\/p>\n<h3>Cargadores<\/h3>\n<p>En las cargadoras frontales, los cilindros de la pluma desempe\u00f1an un papel fundamental en la elevaci\u00f3n y descarga de cargas. Su capacidad para manipular materiales pesados \u200b\u200bmanteniendo la estabilidad los hace esenciales para una manipulaci\u00f3n eficiente de materiales en diversas industrias.<\/p>\n<h2>Consideraciones de dise\u00f1o y est\u00e1ndares de selecci\u00f3n<\/h2>\n<h3>Capacidad de carga<\/h3>\n<p>Una de las consideraciones m\u00e1s importantes en el dise\u00f1o de los cilindros de pluma es su capacidad de carga. El cilindro debe ser capaz de soportar los pesos m\u00e1ximos que soportar\u00e1 durante su funcionamiento sin riesgo de fallo. Esto garantiza que la maquinaria funcione de forma segura y eficaz, especialmente en entornos de alta tensi\u00f3n.<\/p>\n<h3>Caza de focas<\/h3>\n<p>Un sellado eficaz es crucial en los cilindros hidr\u00e1ulicos para evitar fugas de fluido, que pueden comprometer el rendimiento y la seguridad. Los sellos de alta calidad fabricados con materiales duraderos son esenciales para mantener la presi\u00f3n hidr\u00e1ulica y prolongar la vida \u00fatil.<\/p>\n<h3>Durabilidad<\/h3>\n<p>Los materiales utilizados en la fabricaci\u00f3n de los cilindros de las plumas deben ofrecer una durabilidad excepcional. Esto incluye resistencia al desgaste y a las duras condiciones ambientales. Un cilindro bien dise\u00f1ado ofrece una larga vida \u00fatil, minimizando la necesidad de reemplazos.<\/p>\n<h3>Caracter\u00edsticas de seguridad<\/h3>\n<p>La seguridad es fundamental en los sistemas hidr\u00e1ulicos. Los cilindros de las plumas deben incorporar caracter\u00edsticas de seguridad como v\u00e1lvulas de alivio de presi\u00f3n y una construcci\u00f3n robusta para evitar fallos catastr\u00f3ficos. Las inspecciones de seguridad peri\u00f3dicas y el cumplimiento de las directrices operativas mejoran a\u00fan m\u00e1s la seguridad de los equipos hidr\u00e1ulicos.<\/p>\n<h3>Mantenimiento y reparabilidad<\/h3>\n<p>El dise\u00f1o de los cilindros de la pluma, teniendo en cuenta el mantenimiento, facilita las reparaciones y los reemplazos. Caracter\u00edsticas como sellos y puntos de lubricaci\u00f3n accesibles garantizan que el mantenimiento rutinario se pueda realizar con un tiempo de inactividad m\u00ednimo, lo que contribuye a la eficiencia general de las operaciones.<\/p>\n<p><img decoding=\"async\" src=\"https:\/\/www.hydraulic-cylinders.net\/wp-content\/uploads\/2025\/04\/songte-oil-pipes-and-spare-parts.webp\" alt=\"Tuber\u00edas de aceite y repuestos\" \/><\/p>\n<h2>Sellado y lubricaci\u00f3n de los cilindros de la pluma<\/h2>\n<p>Un sellado y una lubricaci\u00f3n adecuados son fundamentales para el funcionamiento de los cilindros de la pluma. Se emplean diversos sellos, como sellos de pist\u00f3n y de v\u00e1stago, para garantizar un sellado herm\u00e9tico y evitar fugas de fluido hidr\u00e1ulico. Materiales como el poliuretano y el caucho de nitrilo se utilizan com\u00fanmente por su resistencia al desgaste y longevidad.<\/p>\n<p>Las superficies del cuerpo del cilindro y los extremos roscados se someten a un acabado de precisi\u00f3n para aumentar la durabilidad y reducir el desgaste. Tambi\u00e9n es fundamental rellenar regularmente el aceite hidr\u00e1ulico para mantener una lubricaci\u00f3n \u00f3ptima, garantizar un funcionamiento suave y reducir la fricci\u00f3n entre las piezas m\u00f3viles.<\/p>\n<h2>Inspecci\u00f3n peri\u00f3dica y medidas de mantenimiento preventivo<\/h2>\n<ul>\n<li><strong>Inspecciones de rutina:<\/strong> Realice inspecciones visuales peri\u00f3dicas del cilindro para detectar cualquier signo de desgaste, fugas o da\u00f1os. Este enfoque proactivo permite identificar problemas antes de que se agraven.<\/li>\n<li><strong>Lubricaci\u00f3n adecuada:<\/strong> Mantenga los niveles adecuados de lubricaci\u00f3n en el sistema hidr\u00e1ulico. Revise peri\u00f3dicamente los niveles y la calidad del aceite para garantizar el correcto funcionamiento del sistema hidr\u00e1ulico.<\/li>\n<li><strong>Reemplazo del sello:<\/strong> Supervise el estado de los sellos y reempl\u00e1celos seg\u00fan sea necesario para evitar fugas y mantener la integridad del sistema.<\/li>\n<\/ul>\n<h2>Instrucciones de instalaci\u00f3n para cilindros de pluma<\/h2>\n<p>La correcta instalaci\u00f3n de los cilindros de la pluma es vital para su rendimiento y durabilidad. Aseg\u00farese de que las superficies de montaje est\u00e9n limpias y libres de residuos. Alinee el cilindro con los puntos de montaje de la maquinaria para asegurar un ajuste perfecto.<\/p>\n<p>Utilice soportes de montaje adecuados para fijar el cilindro firmemente en su lugar, evitando que se mueva durante el funcionamiento. Tras la instalaci\u00f3n, realice una inspecci\u00f3n exhaustiva para verificar que todas las conexiones est\u00e9n bien apretadas y que las l\u00edneas hidr\u00e1ulicas est\u00e9n correctamente tendidas, sin dobleces ni curvas pronunciadas.<\/p>\n<p>Tras la instalaci\u00f3n, revise el sistema hidr\u00e1ulico para detectar fugas y realice una prueba de presi\u00f3n para garantizar su funcionamiento. Es fundamental seguir las recomendaciones de instalaci\u00f3n del fabricante para evitar posibles problemas en el futuro.<\/p>\n<h2>Tareas comunes de mantenimiento<\/h2>\n<ul>\n<li><strong>Inspecciones regulares:<\/strong> Programe inspecciones frecuentes para identificar posibles problemas a tiempo. Esto incluye la revisi\u00f3n de fugas, desgaste y cualquier funcionamiento anormal.<\/li>\n<li><strong>Lubricaci\u00f3n adecuada:<\/strong> Aseg\u00farese de que el aceite hidr\u00e1ulico tenga el nivel correcto y est\u00e9 en buen estado. Reemplace el aceite contaminado para mantener un rendimiento \u00f3ptimo.<\/li>\n<li><strong>Reemplazo de sellos y controles de calibraci\u00f3n:<\/strong> Inspeccione regularmente los sellos para detectar desgaste y reempl\u00e1celos seg\u00fan sea necesario para evitar fugas. Calibre el sistema hidr\u00e1ulico peri\u00f3dicamente para mantener la precisi\u00f3n y la eficiencia.<\/li>\n<\/ul>\n<p>La correcta instalaci\u00f3n, lubricaci\u00f3n y ajuste de los cilindros de la pluma son cruciales para su rendimiento. Aseg\u00farese de que el cilindro est\u00e9 correctamente alineado durante la instalaci\u00f3n y utilice soportes adecuados para asegurarlo. Siga los procedimientos recomendados de inspecci\u00f3n, reparaci\u00f3n y reemplazo para maximizar la vida \u00fatil del producto.<\/p>\n<p><img decoding=\"async\" src=\"https:\/\/www.hydraulic-cylinders.net\/wp-content\/uploads\/2025\/04\/songte-chushion-collar.webp\" alt=\"Collar\u00edn acolchado\" \/><\/p>\n<h2>Consideraciones de seguridad y factores ambientales<\/h2>\n<p>Al utilizar cilindros de pluma, es fundamental priorizar las medidas de seguridad para proteger a los operadores y al equipo. Aseg\u00farese de seguir todos los protocolos de seguridad para minimizar los riesgos asociados con los sistemas hidr\u00e1ulicos, especialmente al trabajar con cargas pesadas. La capacitaci\u00f3n de los operadores sobre el uso correcto de las m\u00e1quinas equipadas con cilindros de pluma puede mejorar considerablemente la seguridad en las obras.<\/p>\n<h2>Soluci\u00f3n de problemas y problemas comunes<\/h2>\n<ul>\n<li><strong>Fuga:<\/strong> Uno de los problemas m\u00e1s comunes con los cilindros de las plumas son las fugas, a menudo causadas por sellos desgastados o componentes da\u00f1ados. El mantenimiento regular y los reemplazos oportunos pueden prevenir este problema.<\/li>\n<li><strong>Rendimiento deficiente:<\/strong> Si el cilindro no funciona correctamente, podr\u00eda deberse a aire en el sistema hidr\u00e1ulico o a falta de fluido hidr\u00e1ulico. Purgue el sistema y revise los niveles de fluido para restablecer su funcionamiento.<\/li>\n<li><strong>Movimiento inesperado:<\/strong> Si el cilindro se mueve inesperadamente, inspeccione el sistema de control para detectar fallas. Aseg\u00farese de que los controles funcionen correctamente y de que no haya obstrucciones que afecten el funcionamiento.<\/li>\n<\/ul>\n<p>Para abordar los problemas eficazmente, es fundamental realizar diagn\u00f3sticos exhaustivos y seguir los protocolos de resoluci\u00f3n de problemas. Implemente medidas preventivas para minimizar la ocurrencia de problemas comunes y garantizar un sistema hidr\u00e1ulico confiable y eficiente.<\/p>\n<p><img decoding=\"async\" src=\"https:\/\/www.hydraulic-cylinders.net\/wp-content\/uploads\/2025\/04\/songte-bushings-with-all-kinds-of-excavator-models.webp\" alt=\"Bujes para modelos de excavadoras\" \/><\/p>\n<h2>Acerca de nuestra empresa<\/h2>\n<p>Somos un fabricante l\u00edder de cilindros hidr\u00e1ulicos de repuesto y ofrecemos una amplia gama de productos para satisfacer las diversas necesidades del mercado. Nuestro compromiso con la excelencia en la calidad nos ha posicionado como un actor destacado en los mercados nacionales e internacionales. Gracias a nuestras avanzadas estrategias de fabricaci\u00f3n y a nuestro enfoque en la precisi\u00f3n, mejoramos nuestra capacidad de producci\u00f3n.<\/p>\n<p>Nuestro equipo de profesionales cualificados utiliza equipos de fabricaci\u00f3n digital de alta gama y sistemas de pruebas especializados para garantizar que cada producto cumpla con los m\u00e1s rigurosos est\u00e1ndares de calidad. Priorizamos la eficiencia, la precisi\u00f3n y la alta calidad de nuestros productos para satisfacer las diversas necesidades de nuestros clientes.<\/p>\n<p>Ofrecemos servicios personalizados adaptados a las necesidades espec\u00edficas de cada cliente, garantizando que nuestros productos se adapten perfectamente a diversas aplicaciones. Nuestro servicio posventa garantiza que nuestros clientes reciban la asistencia que necesitan, fomentando relaciones a largo plazo basadas en la satisfacci\u00f3n y la confianza.<\/p>\n<p><img decoding=\"async\" src=\"https:\/\/www.hydraulic-cylinders.net\/wp-content\/uploads\/2025\/04\/songte-company-4.webp\" alt=\"Imagen de la empresa 1\" \/><br \/>\n<img decoding=\"async\" src=\"https:\/\/www.hydraulic-cylinders.net\/wp-content\/uploads\/2025\/04\/songte-company-3.webp\" alt=\"Imagen de la empresa 2\" \/><\/p>\n<p>Autor: lyl<\/p>","protected":false},"excerpt":{"rendered":"<p>Boom Cylinder For Grand CME85-9 Introduction to Boom Cylinders The Boom Cylinder is a vital component in hydraulic systems, specifically designed for controlling the movement of buckets in various heavy machinery such as excavators, backhoe loaders, and front-end loaders. This hydraulic cylinder is responsible for raising, lowering, and tilting the bucket, facilitating efficient material handling [&hellip;]<\/p>","protected":false},"featured_media":17876,"comment_status":"open","ping_status":"closed","template":"","meta":{"_et_pb_use_builder":"","_et_pb_old_content":"","_et_gb_content_width":""},"product_brand":[],"product_cat":[1546],"product_tag":[1547,1496],"class_list":{"0":"post-19100","1":"product","2":"type-product","3":"status-publish","4":"has-post-thumbnail","6":"product_cat-boom-cylinders","7":"product_tag-boom-cylinders","8":"product_tag-hydraulic-cylinders","10":"first","11":"instock","12":"shipping-taxable","13":"product-type-simple"},"amp_enabled":true,"_links":{"self":[{"href":"https:\/\/www.hydraulic-cylinders.net\/es\/wp-json\/wp\/v2\/product\/19100","targetHints":{"allow":["GET"]}}],"collection":[{"href":"https:\/\/www.hydraulic-cylinders.net\/es\/wp-json\/wp\/v2\/product"}],"about":[{"href":"https:\/\/www.hydraulic-cylinders.net\/es\/wp-json\/wp\/v2\/types\/product"}],"replies":[{"embeddable":true,"href":"https:\/\/www.hydraulic-cylinders.net\/es\/wp-json\/wp\/v2\/comments?post=19100"}],"wp:featuredmedia":[{"embeddable":true,"href":"https:\/\/www.hydraulic-cylinders.net\/es\/wp-json\/wp\/v2\/media\/17876"}],"wp:attachment":[{"href":"https:\/\/www.hydraulic-cylinders.net\/es\/wp-json\/wp\/v2\/media?parent=19100"}],"wp:term":[{"taxonomy":"product_brand","embeddable":true,"href":"https:\/\/www.hydraulic-cylinders.net\/es\/wp-json\/wp\/v2\/product_brand?post=19100"},{"taxonomy":"product_cat","embeddable":true,"href":"https:\/\/www.hydraulic-cylinders.net\/es\/wp-json\/wp\/v2\/product_cat?post=19100"},{"taxonomy":"product_tag","embeddable":true,"href":"https:\/\/www.hydraulic-cylinders.net\/es\/wp-json\/wp\/v2\/product_tag?post=19100"}],"curies":[{"name":"wp","href":"https:\/\/api.w.org\/{rel}","templated":true}]}}