{"id":19129,"date":"2025-04-07T06:14:17","date_gmt":"2025-04-07T06:14:17","guid":{"rendered":"https:\/\/www.hydraulic-cylinders.net\/product\/boom-cylinder-for-volvo-large-excavator-ec380d\/"},"modified":"2025-04-07T06:14:19","modified_gmt":"2025-04-07T06:14:19","slug":"boom-cylinder-for-volvo-large-excavator-ec380d","status":"publish","type":"product","link":"https:\/\/www.hydraulic-cylinders.net\/es\/producto\/boom-cylinder-for-volvo-large-excavator-ec380d\/","title":{"rendered":"Cilindro de pluma para excavadora grande Volvo EC380D"},"content":{"rendered":"<h1>Cilindro de pluma para excavadora grande Volvo EC380D<\/h1>\n<h2>Descripci\u00f3n general del producto<\/h2>\n<p>El cilindro de la pluma de la excavadora Volvo EC380D es un componente hidr\u00e1ulico esencial dise\u00f1ado para controlar el movimiento de la pluma. En los sistemas hidr\u00e1ulicos, este cilindro desempe\u00f1a un papel fundamental al permitir que la pluma se eleve, baje e incline, facilitando la manipulaci\u00f3n eficiente de materiales. El cilindro de la cuchara, en concreto, es un tipo de cilindro hidr\u00e1ulico utilizado en diversas m\u00e1quinas pesadas, como excavadoras, retroexcavadoras y cargadoras frontales. Permite que la cuchara se mueva con precisi\u00f3n, garantizando una excavaci\u00f3n y un transporte de materiales eficaces.<\/p>\n<p><img decoding=\"async\" src=\"https:\/\/www.hydraulic-cylinders.net\/wp-content\/uploads\/2025\/04\/songte-company-1.webp\" alt=\"Cilindro de pluma para excavadoras\"><\/p>\n<h2>Caracter\u00edsticas principales<\/h2>\n<ul>\n<li><strong>Alta resistencia y durabilidad:<\/strong> Fabricado generalmente en acero o aluminio de alta resistencia, el cilindro de la pluma soporta alta presi\u00f3n y cargas pesadas, lo que lo hace ideal para entornos de trabajo exigentes. Su dise\u00f1o optimiza la resistencia al desgaste y a la corrosi\u00f3n para prolongar su vida \u00fatil.<\/li>\n<li><strong>Operaci\u00f3n hidr\u00e1ulica eficiente:<\/strong> Al utilizar presi\u00f3n de aceite hidr\u00e1ulico, el cilindro proporciona una extensi\u00f3n y retracci\u00f3n suaves, respondiendo r\u00e1pidamente a los comandos de control mientras proporciona potentes fuerzas de empuje y tracci\u00f3n, ideales para manejar tareas pesadas y complejas.<\/li>\n<li><strong>Diversos tipos:<\/strong> Disponibles en configuraciones de simple efecto (accionamiento hidr\u00e1ulico en una direcci\u00f3n) o doble efecto (accionamiento hidr\u00e1ulico en ambas direcciones) para satisfacer diversas necesidades operativas. Algunos modelos cuentan con un dise\u00f1o telesc\u00f3pico, que permite una mayor extensi\u00f3n sin aumentar las dimensiones externas, ideal para aplicaciones con espacio limitado.<\/li>\n<li><strong>Compatibilidad:<\/strong> Nuestros productos pueden reemplazar perfectamente los cilindros hidr\u00e1ulicos existentes, garantizando una integraci\u00f3n perfecta con el equipo existente.<\/li>\n<\/ul>\n<p><img decoding=\"async\" src=\"https:\/\/www.hydraulic-cylinders.net\/wp-content\/uploads\/2025\/04\/songte-cylinder-head-with-all-kinds-excavator-models.webp\" alt=\"Modelos de cilindros de excavadora\"><\/p>\n<h2>Aplicaciones<\/h2>\n<h3>Equipos de construcci\u00f3n<\/h3>\n<p>En las excavadoras, el cilindro de la pluma es crucial para excavar, cargar y mover tierra o escombros. Su capacidad para controlar la posici\u00f3n de la pluma permite una excavaci\u00f3n precisa, lo que lo convierte en un recurso invaluable en cualquier obra. El dise\u00f1o robusto del cilindro garantiza un rendimiento eficiente, incluso con cargas pesadas, lo que mejora la productividad y la seguridad de la operaci\u00f3n.<\/p>\n<h3>Maquinaria agr\u00edcola<\/h3>\n<p>En las cargadoras frontales, el cilindro de la pluma facilita la recolecci\u00f3n, elevaci\u00f3n y transporte de tierra, heno y otros materiales. La r\u00e1pida respuesta del sistema hidr\u00e1ulico permite a los operadores realizar tareas eficientemente, lo que lo hace ideal para diversas operaciones agr\u00edcolas. Su durabilidad en las duras condiciones de la explotaci\u00f3n garantiza su fiabilidad a largo plazo.<\/p>\n<h3>Excavaci\u00f3n y carga<\/h3>\n<p>El cilindro de la pluma facilita la excavaci\u00f3n de las excavadoras al permitir que el cuchar\u00f3n penetre eficazmente en el suelo. Esta capacidad es esencial para lograr una profundidad y eficiencia de excavaci\u00f3n \u00f3ptimas, lo que reduce significativamente los plazos y los costos del proyecto. Los operadores pueden desplazarse por terrenos dif\u00edciles con mayor eficacia gracias a un control hidr\u00e1ulico fiable.<\/p>\n<h3>Manejo de materiales<\/h3>\n<p>En las cargadoras frontales, el cilindro de la pluma facilita la elevaci\u00f3n y descarga de materiales de forma eficaz. Esta funci\u00f3n es vital para cargar camiones o apilar materiales, garantizando un funcionamiento fluido y eficiente. El dise\u00f1o del cilindro maximiza la capacidad de elevaci\u00f3n a la vez que mantiene la estabilidad durante la operaci\u00f3n.<\/p>\n<h2>Consideraciones de dise\u00f1o y criterios de selecci\u00f3n<\/h2>\n<h3>Capacidad de carga<\/h3>\n<p>La capacidad de carga del cilindro de la pluma es un factor cr\u00edtico de dise\u00f1o, ya que garantiza que pueda soportar el peso y la tensi\u00f3n que se producen durante las operaciones. Seleccionar un cilindro con la capacidad de carga adecuada es crucial para la seguridad y la eficiencia.<\/p>\n<h3>Caza de focas<\/h3>\n<p>Un sellado eficaz es esencial para evitar fugas de fluido hidr\u00e1ulico, que pueden comprometer el rendimiento y la seguridad. Es fundamental utilizar sellos de alta calidad para mantener la presi\u00f3n y prolongar la vida \u00fatil del cilindro.<\/p>\n<h3>Durabilidad<\/h3>\n<p>La durabilidad es un factor clave en el dise\u00f1o del cilindro de la pluma. Debe soportar condiciones de operaci\u00f3n rigurosas, como temperaturas extremas y la exposici\u00f3n a materiales abrasivos. La elecci\u00f3n de materiales de alta durabilidad garantiza una mayor vida \u00fatil y menores costos de mantenimiento.<\/p>\n<h3>Seguridad<\/h3>\n<p>Las caracter\u00edsticas de seguridad son parte integral del dise\u00f1o de los cilindros hidr\u00e1ulicos. Unas v\u00e1lvulas de alivio de presi\u00f3n adecuadas, protecci\u00f3n contra sobrecargas y mecanismos de seguridad son vitales para prevenir accidentes y garantizar la seguridad del operador durante la operaci\u00f3n.<\/p>\n<h3>Mantenimiento<\/h3>\n<p>La facilidad de mantenimiento es un factor importante al seleccionar un cilindro de pluma. Los dise\u00f1os que permiten un f\u00e1cil acceso a los sellos y componentes facilitan las inspecciones y reparaciones peri\u00f3dicas, garantizando un rendimiento \u00f3ptimo y una larga vida \u00fatil.<\/p>\n<p><img decoding=\"async\" src=\"https:\/\/www.hydraulic-cylinders.net\/wp-content\/uploads\/2025\/04\/songte-oil-pipes-and-spare-parts.webp\" alt=\"Piezas de cilindros hidr\u00e1ulicos\"><\/p>\n<h2>Sellado y lubricaci\u00f3n<\/h2>\n<p>Un sellado y una lubricaci\u00f3n eficaces son vitales para el rendimiento \u00f3ptimo de los cilindros hidr\u00e1ulicos. Se utilizan diversos elementos de sellado, como sellos de pist\u00f3n y de v\u00e1stago, para evitar fugas de fluido hidr\u00e1ulico. Se eligen materiales como el poliuretano y el caucho de nitrilo por su resistencia al desgaste y durabilidad.<\/p>\n<p>El cuerpo del cilindro y las superficies roscadas de los extremos se someten a un mecanizado fino para mejorar la resistencia al desgaste y garantizar una mayor vida \u00fatil. Es necesario a\u00f1adir regularmente aceite hidr\u00e1ulico para lubricar el cilindro a fin de minimizar la fricci\u00f3n y mantener un funcionamiento eficiente.<\/p>\n<h2>Mantenimiento regular y medidas preventivas<\/h2>\n<ul>\n<li><strong>Inspecciones regulares:<\/strong> Realizar controles de rutina en las conexiones hidr\u00e1ulicas y los componentes del cilindro puede ayudar a detectar signos tempranos de desgaste o da\u00f1os, previniendo fallas catastr\u00f3ficas.<\/li>\n<li><strong>Lubricaci\u00f3n adecuada:<\/strong> Asegurar una lubricaci\u00f3n adecuada de las partes m\u00f3viles del cilindro reduce la fricci\u00f3n y el desgaste, garantizando un funcionamiento suave y una larga vida \u00fatil.<\/li>\n<li><strong>Reemplazo del sello:<\/strong> Reemplazar peri\u00f3dicamente los sellos seg\u00fan los hallazgos de la inspecci\u00f3n ayuda a mantener la presi\u00f3n y el rendimiento hidr\u00e1ulico, evitando fugas e ineficiencias.<\/li>\n<\/ul>\n<h2>Instrucciones de instalaci\u00f3n<\/h2>\n<p>La correcta instalaci\u00f3n del cilindro de la pluma es crucial para un rendimiento \u00f3ptimo. Aseg\u00farese de que el \u00e1rea de instalaci\u00f3n est\u00e9 limpia y libre de residuos. Utilice los soportes de montaje adecuados para fijar el cilindro y asegurar su correcta alineaci\u00f3n con los dem\u00e1s componentes hidr\u00e1ulicos.<\/p>\n<p>Consulte las especificaciones del fabricante para conocer los ajustes de par y aseg\u00farese de que todas las conexiones est\u00e9n bien apretadas para evitar fugas. Tras la instalaci\u00f3n, pruebe el sistema a baja presi\u00f3n para detectar fugas antes de operar a plena capacidad.<\/p>\n<h2>Tareas comunes de mantenimiento<\/h2>\n<ul>\n<li><strong>Controles peri\u00f3dicos:<\/strong> Son esenciales las comprobaciones rutinarias para detectar fugas, desgaste y estado general del sistema hidr\u00e1ulico.<\/li>\n<li><strong>Lubricaci\u00f3n adecuada:<\/strong> Mantenga una lubricaci\u00f3n adecuada para garantizar un funcionamiento suave y evitar el desgaste.<\/li>\n<li><strong>Reemplazo del sello:<\/strong> Reemplazar peri\u00f3dicamente los sellos seg\u00fan sea necesario para evitar fugas y mantener la presi\u00f3n hidr\u00e1ulica.<\/li>\n<\/ul>\n<h2>Consideraciones de seguridad y medio ambiente<\/h2>\n<p>Al utilizar cilindros hidr\u00e1ulicos, las medidas de seguridad son primordiales. Los operadores deben estar capacitados para reconocer los posibles peligros asociados con los sistemas hidr\u00e1ulicos, incluyendo el riesgo de fugas de fluidos a alta presi\u00f3n. Implementar protocolos de seguridad es esencial para proteger tanto al personal como al equipo.<\/p>\n<h2>Diagn\u00f3stico de fallas y problemas comunes<\/h2>\n<ul>\n<li><strong>Fuga:<\/strong> La fuga de l\u00edquido hidr\u00e1ulico del cilindro puede indicar una falla o da\u00f1o del sello.<\/li>\n<li><strong>Respuesta lenta:<\/strong> Una respuesta lenta puede sugerir niveles bajos de l\u00edquido hidr\u00e1ulico o aire en el sistema.<\/li>\n<li><strong>Ruidos inusuales:<\/strong> Sonidos inusuales durante el funcionamiento podr\u00edan indicar desgaste interno o falla dentro del cilindro.<\/li>\n<\/ul>\n<h2>Consejos para la soluci\u00f3n de problemas<\/h2>\n<p>Para diagnosticar y resolver problemas eficazmente, comience por revisar los niveles de fluido e inspeccionar si hay fugas visibles. Si la respuesta es lenta, revise si hay aire en el sistema y purgue el sistema seg\u00fan sea necesario. El mantenimiento preventivo regular ayuda a minimizar posibles problemas, garantizando una mayor vida \u00fatil del cilindro de la pluma.<\/p>\n<p><img decoding=\"async\" src=\"https:\/\/www.hydraulic-cylinders.net\/wp-content\/uploads\/2025\/04\/songte-bushings-with-all-kinds-of-excavator-models.webp\" alt=\"Bujes de excavadora\"><\/p>\n<h2>Acerca de nuestra empresa<\/h2>\n<p>Somos un fabricante l\u00edder de cilindros hidr\u00e1ulicos, especializado en ofrecer soluciones alternativas para diversas aplicaciones. Nuestra amplia gama de productos nos posiciona como uno de los principales fabricantes y mayoristas tanto en el mercado nacional como en el internacional.<\/p>\n<p>Nos esforzamos por alcanzar la excelencia en calidad y nos basamos en estrategias de fabricaci\u00f3n perfeccionadas, utilizando equipos de fabricaci\u00f3n digital de alta gama y sistemas de inspecci\u00f3n profesionales. Nuestro compromiso con la mejora continua garantiza que satisfagamos las diversas necesidades de nuestros clientes con alta eficiencia, precisi\u00f3n y calidad.<\/p>\n<p><img decoding=\"async\" src=\"https:\/\/www.hydraulic-cylinders.net\/wp-content\/uploads\/2025\/04\/songte-company-4.webp\" alt=\"Descripci\u00f3n general de la empresa\"><br \/>\n<img decoding=\"async\" src=\"https:\/\/www.hydraulic-cylinders.net\/wp-content\/uploads\/2025\/04\/songte-company-3.webp\" alt=\"Planta de fabricaci\u00f3n\"><\/p>\n<p>Autor: lyl<\/p>","protected":false},"excerpt":{"rendered":"<p>Boom Cylinder For Volvo Large Excavator EC380D Product Overview The Boom Cylinder for Volvo Large Excavator EC380D is an essential hydraulic component designed to control the movement of the excavator&#8217;s boom. In hydraulic systems, this cylinder plays a pivotal role by allowing the boom to raise, lower, and tilt, facilitating efficient material handling tasks. The [&hellip;]<\/p>","protected":false},"featured_media":17875,"comment_status":"open","ping_status":"closed","template":"","meta":{"_et_pb_use_builder":"","_et_pb_old_content":"","_et_gb_content_width":""},"product_brand":[],"product_cat":[1546],"product_tag":[1547,1496],"class_list":{"0":"post-19129","1":"product","2":"type-product","3":"status-publish","4":"has-post-thumbnail","6":"product_cat-boom-cylinders","7":"product_tag-boom-cylinders","8":"product_tag-hydraulic-cylinders","10":"first","11":"instock","12":"shipping-taxable","13":"product-type-simple"},"amp_enabled":true,"_links":{"self":[{"href":"https:\/\/www.hydraulic-cylinders.net\/es\/wp-json\/wp\/v2\/product\/19129","targetHints":{"allow":["GET"]}}],"collection":[{"href":"https:\/\/www.hydraulic-cylinders.net\/es\/wp-json\/wp\/v2\/product"}],"about":[{"href":"https:\/\/www.hydraulic-cylinders.net\/es\/wp-json\/wp\/v2\/types\/product"}],"replies":[{"embeddable":true,"href":"https:\/\/www.hydraulic-cylinders.net\/es\/wp-json\/wp\/v2\/comments?post=19129"}],"wp:featuredmedia":[{"embeddable":true,"href":"https:\/\/www.hydraulic-cylinders.net\/es\/wp-json\/wp\/v2\/media\/17875"}],"wp:attachment":[{"href":"https:\/\/www.hydraulic-cylinders.net\/es\/wp-json\/wp\/v2\/media?parent=19129"}],"wp:term":[{"taxonomy":"product_brand","embeddable":true,"href":"https:\/\/www.hydraulic-cylinders.net\/es\/wp-json\/wp\/v2\/product_brand?post=19129"},{"taxonomy":"product_cat","embeddable":true,"href":"https:\/\/www.hydraulic-cylinders.net\/es\/wp-json\/wp\/v2\/product_cat?post=19129"},{"taxonomy":"product_tag","embeddable":true,"href":"https:\/\/www.hydraulic-cylinders.net\/es\/wp-json\/wp\/v2\/product_tag?post=19129"}],"curies":[{"name":"wp","href":"https:\/\/api.w.org\/{rel}","templated":true}]}}