{"id":19184,"date":"2025-04-07T06:17:04","date_gmt":"2025-04-07T06:17:04","guid":{"rendered":"https:\/\/www.hydraulic-cylinders.net\/product\/boom-cylinder-for-xcmg-small-excavator-xe65ca\/"},"modified":"2025-04-07T06:17:06","modified_gmt":"2025-04-07T06:17:06","slug":"boom-cylinder-for-xcmg-small-excavator-xe65ca","status":"publish","type":"product","link":"https:\/\/www.hydraulic-cylinders.net\/es\/producto\/boom-cylinder-for-xcmg-small-excavator-xe65ca\/","title":{"rendered":"Cilindro de pluma para excavadora peque\u00f1a XCMG XE65CA"},"content":{"rendered":"<h1>Cilindro de pluma para excavadora peque\u00f1a XCMG XE65CA<\/h1>\n<h2>Descripci\u00f3n general del producto<\/h2>\n<p>El cilindro de la pluma para la excavadora peque\u00f1a XE65CA de XCMG es un componente esencial del sistema hidr\u00e1ulico de las excavadoras. Este cilindro hidr\u00e1ulico est\u00e1 dise\u00f1ado espec\u00edficamente para controlar el movimiento de la pluma, permiti\u00e9ndole elevar, bajar e inclinar. Esta capacidad es crucial para diversas tareas de manipulaci\u00f3n de materiales en la construcci\u00f3n y operaciones con maquinaria pesada. El cilindro de la pluma desempe\u00f1a un papel vital para el funcionamiento eficiente de equipos como excavadoras, retroexcavadoras y cargadoras frontales. Al facilitar el movimiento preciso de la pluma, este cilindro hidr\u00e1ulico mejora el rendimiento y la productividad general de la m\u00e1quina.<\/p>\n<p><img decoding=\"async\" src=\"https:\/\/www.hydraulic-cylinders.net\/wp-content\/uploads\/2025\/04\/songte-company-1.webp\" alt=\"Cilindro de la pluma\"><\/p>\n<h3>Definici\u00f3n y funcionalidad<\/h3>\n<p>Los cilindros hidr\u00e1ulicos, como el cilindro de la pluma, son dispositivos que convierten la energ\u00eda hidr\u00e1ulica en energ\u00eda mec\u00e1nica. Est\u00e1n dise\u00f1ados para generar movimiento lineal aprovechando la presi\u00f3n del fluido hidr\u00e1ulico. El cilindro de la pluma facilita el funcionamiento suave de la pluma de la excavadora, permitiendo a los operadores realizar diversas tareas, como excavar, levantar y mover materiales con eficiencia.<\/p>\n<h2>Caracter\u00edsticas del cilindro de la pluma<\/h2>\n<ul>\n<li><strong>Alta resistencia y durabilidad:<\/strong> Fabricados en acero o aluminio de alta resistencia, estos cilindros soportan alta presi\u00f3n y cargas pesadas, lo que los hace ideales para entornos de trabajo exigentes. Su dise\u00f1o optimiza la resistencia al desgaste y a la corrosi\u00f3n para prolongar su vida \u00fatil.<\/li>\n<li><strong>Operaci\u00f3n hidr\u00e1ulica eficiente:<\/strong> Al utilizar presi\u00f3n de aceite hidr\u00e1ulico, el cilindro proporciona acciones de extensi\u00f3n y retracci\u00f3n suaves, lo que permite respuestas r\u00e1pidas a los comandos de control y proporciona poderosas fuerzas de empuje y tracci\u00f3n ideales para manejar tareas pesadas y complejas.<\/li>\n<li><strong>Diversos tipos:<\/strong> Seg\u00fan las necesidades operativas, los usuarios pueden elegir entre cilindros de simple efecto (que operan en una direcci\u00f3n) o de doble efecto (que operan en ambas direcciones). Algunos modelos son telesc\u00f3picos, lo que permite una mayor extensi\u00f3n sin aumentar las dimensiones externas, lo que los hace ideales para aplicaciones con espacio limitado.<\/li>\n<li><strong>Excelente rendimiento de sellado:<\/strong> Dise\u00f1ados para minimizar las fugas y garantizar un funcionamiento eficiente, estos cilindros emplean sellos de alta calidad que mantienen la presi\u00f3n y la integridad del fluido.<\/li>\n<li><strong>Opciones personalizables:<\/strong> Nuestros cilindros se pueden adaptar para cumplir con los requisitos de aplicaciones espec\u00edficas, lo que garantiza una integraci\u00f3n y un rendimiento perfectos en diversas maquinarias.<\/li>\n<\/ul>\n<p><img decoding=\"async\" src=\"https:\/\/www.hydraulic-cylinders.net\/wp-content\/uploads\/2025\/04\/songte-cylinder-head-with-all-kinds-excavator-models.webp\" alt=\"Culata\"><\/p>\n<h2>Aplicaciones del cilindro de pluma<\/h2>\n<h3>Equipos de construcci\u00f3n<\/h3>\n<p>En las excavadoras, los cilindros de la pluma son cruciales para excavar, cargar y transportar tierra o escombros. Permiten que la pluma se mueva eficientemente, permitiendo a los operadores ejecutar diversas tareas con precisi\u00f3n. En las retroexcavadoras, el cilindro de la pluma facilita tanto la excavaci\u00f3n como la elevaci\u00f3n, aumentando la versatilidad en las obras de construcci\u00f3n.<\/p>\n<h3>Maquinaria agr\u00edcola<\/h3>\n<p>En las cargadoras frontales, los cilindros de la pluma son responsables de recoger, levantar y transportar tierra, heno y otros materiales. Su capacidad de funcionar con suavidad bajo cargas variables es esencial para las tareas agr\u00edcolas, lo que los hace indispensables para agricultores y contratistas agr\u00edcolas.<\/p>\n<h3>Tareas de excavaci\u00f3n<\/h3>\n<p>El cilindro de la pluma permite a las excavadoras penetrar la tierra con eficacia, lo que permite excavaciones eficientes. Esta capacidad es vital en la construcci\u00f3n, el paisajismo y la preparaci\u00f3n del terreno, donde se requiere una remoci\u00f3n precisa del suelo.<\/p>\n<h3>Operaciones de carga<\/h3>\n<p>En las cargadoras frontales, los cilindros de la pluma ayudan a elevar y descargar cargas eficazmente. Esta funci\u00f3n es especialmente importante en la construcci\u00f3n y la manipulaci\u00f3n de materiales, donde la eficiencia y la velocidad son cruciales.<\/p>\n<h2>Consideraciones de dise\u00f1o y criterios de selecci\u00f3n<\/h2>\n<h3>Capacidad de carga<\/h3>\n<p>Al seleccionar un cilindro de pluma, es fundamental considerar su capacidad de carga, ya que influye directamente en su capacidad para realizar tareas de forma segura y eficiente. El cilindro debe estar dise\u00f1ado para soportar el peso m\u00e1ximo que soportar\u00e1 durante su funcionamiento, garantizando as\u00ed seguridad y fiabilidad.<\/p>\n<h3>Sellado y durabilidad<\/h3>\n<p>El sistema de sellado del cilindro hidr\u00e1ulico es fundamental para mantener la eficiencia operativa. Los sellos de alta calidad evitan fugas de fluido, que pueden reducir el rendimiento y provocar fallos en la maquinaria. Los materiales utilizados en estos sellos tambi\u00e9n deben soportar entornos de trabajo rigurosos, lo que garantiza una larga durabilidad.<\/p>\n<h3>Caracter\u00edsticas de seguridad<\/h3>\n<p>La seguridad es primordial en los sistemas hidr\u00e1ulicos. El dise\u00f1o debe incorporar dispositivos de seguridad y mecanismos de alivio de presi\u00f3n para prevenir accidentes por sobrecarga o fallos hidr\u00e1ulicos. Garantizar la implementaci\u00f3n de estos dispositivos de seguridad es esencial para la seguridad tanto del operador como del equipo.<\/p>\n<h3>Mantenimiento y reparaci\u00f3n<\/h3>\n<p>La facilidad de mantenimiento es otro aspecto crucial a considerar. Los cilindros hidr\u00e1ulicos deben estar dise\u00f1ados para una inspecci\u00f3n y un mantenimiento sencillos, lo que permite realizar revisiones peri\u00f3dicas sin tiempos de inactividad significativos. Esta consideraci\u00f3n mejora la longevidad y la fiabilidad del equipo.<\/p>\n<p><img decoding=\"async\" src=\"https:\/\/www.hydraulic-cylinders.net\/wp-content\/uploads\/2025\/04\/songte-oil-pipes-and-spare-parts.webp\" alt=\"Tuber\u00edas de aceite y repuestos\"><\/p>\n<h2>Sellado y lubricaci\u00f3n del cilindro hidr\u00e1ulico<\/h2>\n<p>El sistema de sellado de los cilindros de la pluma incluye diversos elementos de sellado, como sellos de pist\u00f3n y de v\u00e1stago, que son fundamentales para mantener la integridad del fluido hidr\u00e1ulico. Los sellos fabricados con materiales como poliuretano y caucho de nitrilo se seleccionan por su resistencia al desgaste. Adem\u00e1s, el cuerpo del cilindro y las superficies roscadas de los extremos se someten a un mecanizado fino para mejorar la resistencia al desgaste. La lubricaci\u00f3n regular con una cantidad adecuada de aceite hidr\u00e1ulico es necesaria para garantizar un funcionamiento suave y prolongar la vida \u00fatil de los sellos y del cilindro.<\/p>\n<h2>Medidas de mantenimiento preventivo<\/h2>\n<ul>\n<li><strong>Inspecciones regulares:<\/strong> Realice inspecciones rutinarias para identificar el desgaste de los sellos, los accesorios y el cuerpo del cilindro. Revisar regularmente si hay fugas o da\u00f1os puede prevenir un mayor deterioro y costosas reparaciones.<\/li>\n<li><strong>Lubricaci\u00f3n adecuada:<\/strong> Aseg\u00farese de que el cilindro hidr\u00e1ulico est\u00e9 adecuadamente lubricado para evitar la fricci\u00f3n y el desgaste. Utilice \u00fanicamente los lubricantes recomendados para mantener un rendimiento \u00f3ptimo.<\/li>\n<li><strong>Reemplazo del sello:<\/strong> Reemplace los sellos regularmente seg\u00fan el uso y el desgaste. El reemplazo regular de los sellos desgastados garantiza el funcionamiento eficiente del sistema hidr\u00e1ulico y previene fugas.<\/li>\n<\/ul>\n<h2>Instrucciones de instalaci\u00f3n para el cilindro de la pluma<\/h2>\n<p>La correcta instalaci\u00f3n del cilindro de la pluma es esencial para un rendimiento \u00f3ptimo. Aseg\u00farese de que todas las superficies de montaje est\u00e9n limpias y libres de residuos. Alinee el cilindro con precisi\u00f3n con los soportes de montaje, utilizando plantillas o accesorios de instalaci\u00f3n adecuados para mantener la alineaci\u00f3n durante el montaje. Asegure el cilindro con los sujetadores y los ajustes de torque especificados por el fabricante. Verifique que todas las conexiones hidr\u00e1ulicas est\u00e9n firmes y sin fugas antes de probar el sistema bajo cargas operativas. Supervise regularmente la instalaci\u00f3n para detectar cualquier signo de desalineaci\u00f3n o desgaste, y solucione los problemas de inmediato para mantener el rendimiento.<\/p>\n<h2>Tareas comunes de mantenimiento<\/h2>\n<h3>Inspecciones peri\u00f3dicas<\/h3>\n<p>Realizar inspecciones peri\u00f3dicas del cilindro de la pluma es crucial para identificar posibles problemas antes de que se agraven. Revise si hay signos de desgaste, como rayones o abolladuras en el cuerpo del cilindro, e inspeccione los sellos para detectar fugas de fluido. La detecci\u00f3n oportuna de problemas permite tomar medidas preventivas, garantizando as\u00ed el funcionamiento eficiente y seguro del cilindro.<\/p>\n<h3>Lubricaci\u00f3n adecuada<\/h3>\n<p>Mantener una lubricaci\u00f3n adecuada es vital para la longevidad del cilindro hidr\u00e1ulico. Aseg\u00farese de utilizar el tipo correcto de aceite hidr\u00e1ulico y de reponerlo regularmente seg\u00fan las recomendaciones del fabricante. Una lubricaci\u00f3n adecuada minimiza la fricci\u00f3n y el desgaste, mejorando as\u00ed el rendimiento y la vida \u00fatil del cilindro.<\/p>\n<h3>Reemplazo de sellos y controles de calibraci\u00f3n<\/h3>\n<p>Revise peri\u00f3dicamente el estado de los sellos y reempl\u00e1celos cuando sea necesario para evitar fugas. Las comprobaciones de calibraci\u00f3n garantizan que el cilindro funcione seg\u00fan sus especificaciones de dise\u00f1o, manteniendo la presi\u00f3n y la funcionalidad correctas. Este proceso es esencial para garantizar la eficiencia de las operaciones y prevenir fallas mec\u00e1nicas.<\/p>\n<p><img decoding=\"async\" src=\"https:\/\/www.hydraulic-cylinders.net\/wp-content\/uploads\/2025\/04\/songte-chushion-collar.webp\" alt=\"Collar\u00edn acolchado\"><\/p>\n<h2>Consideraciones de seguridad y factores ambientales<\/h2>\n<p>Al trabajar con sistemas hidr\u00e1ulicos, es fundamental priorizar las medidas de seguridad. Los operadores deben recibir capacitaci\u00f3n sobre el manejo seguro de equipos hidr\u00e1ulicos y ser conscientes de los posibles riesgos asociados a las fugas de fluido hidr\u00e1ulico. Implementar protocolos de seguridad, como el uso de equipo de protecci\u00f3n personal (EPP) y realizar auditor\u00edas de seguridad peri\u00f3dicas, puede ayudar a mitigar los riesgos y garantizar un entorno de trabajo seguro.<\/p>\n<h2>Soluci\u00f3n de problemas y problemas comunes<\/h2>\n<ul>\n<li><strong>P\u00e9rdida de potencia:<\/strong> Si el cilindro de la pluma presenta p\u00e9rdida de potencia o movimiento lento, podr\u00eda indicar niveles bajos de fluido hidr\u00e1ulico o aire en el sistema. Revise los niveles de fluido y purgue el sistema seg\u00fan sea necesario.<\/li>\n<li><strong>Fuga:<\/strong> Las fugas de fluido hidr\u00e1ulico pueden afectar el rendimiento del cilindro. Inspeccione los sellos y las conexiones para detectar desgaste o da\u00f1os y reemplace cualquier componente defectuoso.<\/li>\n<li><strong>Desalineaci\u00f3n:<\/strong> Si el cilindro no funciona correctamente, revise la alineaci\u00f3n de los soportes de montaje y del propio cilindro. Una desalineaci\u00f3n puede causar un desgaste desigual y posibles da\u00f1os.<\/li>\n<\/ul>\n<p>Para diagnosticar y resolver problemas eficazmente, los operadores deben familiarizarse con los par\u00e1metros normales de funcionamiento del sistema hidr\u00e1ulico. La capacitaci\u00f3n y el mantenimiento peri\u00f3dicos pueden reducir considerablemente la incidencia de problemas, garantizando un funcionamiento sin problemas.<\/p>\n<p><img decoding=\"async\" src=\"https:\/\/www.hydraulic-cylinders.net\/wp-content\/uploads\/2025\/04\/songte-bushings-with-all-kinds-of-excavator-models.webp\" alt=\"Bujes con modelos de excavadora\"><\/p>\n<h2>Acerca de nuestra empresa<\/h2>\n<p>Somos un fabricante y mayorista l\u00edder de cilindros hidr\u00e1ulicos, especializado en proporcionar sustitutos de alta calidad para diversos sistemas hidr\u00e1ulicos. Nuestra amplia gama de productos nos ha consolidado como un actor clave en los mercados nacionales e internacionales. Nos esforzamos por alcanzar la excelencia en la calidad, aplicando una estrategia de gesti\u00f3n de fabricaci\u00f3n rigurosa. Nuestra empresa mejora continuamente su plataforma de fabricaci\u00f3n mediante tecnolog\u00eda avanzada, equipos de fabricaci\u00f3n de alta gama y sistemas de prueba profesionales.<\/p>\n<p>Nuestras capacidades incluyen:<\/p>\n<ul>\n<li><strong>Experiencia profesional:<\/strong> Nuestro equipo est\u00e1 formado por profesionales cualificados con amplia experiencia en sistemas hidr\u00e1ulicos.<\/li>\n<li><strong>Certificaciones internacionales:<\/strong> Nuestros productos cumplen con los est\u00e1ndares internacionales, garantizando confiabilidad y seguridad.<\/li>\n<li><strong>Servicios de personalizaci\u00f3n:<\/strong> Ofrecemos soluciones personalizadas para satisfacer las necesidades espec\u00edficas del cliente y los requisitos operativos.<\/li>\n<li><strong>Equipo de \u00faltima generaci\u00f3n:<\/strong> Nuestra planta de fabricaci\u00f3n est\u00e1 equipada con maquinaria moderna para mejorar la eficiencia y la precisi\u00f3n de la producci\u00f3n.<\/li>\n<li><strong>Soporte posventa integral:<\/strong> Nos comprometemos a brindar un servicio y soporte al cliente excepcionales, garantizando la satisfacci\u00f3n durante todo el ciclo de vida del producto.<\/li>\n<\/ul>\n<p><img decoding=\"async\" src=\"https:\/\/www.hydraulic-cylinders.net\/wp-content\/uploads\/2025\/04\/songte-company-4.webp\" alt=\"Descripci\u00f3n general de la empresa\"><br \/>\n<img decoding=\"async\" src=\"https:\/\/www.hydraulic-cylinders.net\/wp-content\/uploads\/2025\/04\/songte-company-3.webp\" alt=\"Instalaciones de la empresa\"><\/p>\n<p>Autor: lyl<\/p>","protected":false},"excerpt":{"rendered":"<p>Boom Cylinder For XCMG Small Excavator XE65CA Product Overview The Boom Cylinder for XCMG Small Excavator XE65CA is an essential component in the hydraulic system of excavators. This hydraulic cylinder is specifically designed to control the movement of the boom, allowing it to lift, lower, and tilt. This capability is crucial for various material handling [&hellip;]<\/p>","protected":false},"featured_media":17870,"comment_status":"open","ping_status":"closed","template":"","meta":{"_et_pb_use_builder":"","_et_pb_old_content":"","_et_gb_content_width":""},"product_brand":[],"product_cat":[1546],"product_tag":[1547,1496],"class_list":{"0":"post-19184","1":"product","2":"type-product","3":"status-publish","4":"has-post-thumbnail","6":"product_cat-boom-cylinders","7":"product_tag-boom-cylinders","8":"product_tag-hydraulic-cylinders","10":"first","11":"instock","12":"shipping-taxable","13":"product-type-simple"},"amp_enabled":true,"_links":{"self":[{"href":"https:\/\/www.hydraulic-cylinders.net\/es\/wp-json\/wp\/v2\/product\/19184","targetHints":{"allow":["GET"]}}],"collection":[{"href":"https:\/\/www.hydraulic-cylinders.net\/es\/wp-json\/wp\/v2\/product"}],"about":[{"href":"https:\/\/www.hydraulic-cylinders.net\/es\/wp-json\/wp\/v2\/types\/product"}],"replies":[{"embeddable":true,"href":"https:\/\/www.hydraulic-cylinders.net\/es\/wp-json\/wp\/v2\/comments?post=19184"}],"wp:featuredmedia":[{"embeddable":true,"href":"https:\/\/www.hydraulic-cylinders.net\/es\/wp-json\/wp\/v2\/media\/17870"}],"wp:attachment":[{"href":"https:\/\/www.hydraulic-cylinders.net\/es\/wp-json\/wp\/v2\/media?parent=19184"}],"wp:term":[{"taxonomy":"product_brand","embeddable":true,"href":"https:\/\/www.hydraulic-cylinders.net\/es\/wp-json\/wp\/v2\/product_brand?post=19184"},{"taxonomy":"product_cat","embeddable":true,"href":"https:\/\/www.hydraulic-cylinders.net\/es\/wp-json\/wp\/v2\/product_cat?post=19184"},{"taxonomy":"product_tag","embeddable":true,"href":"https:\/\/www.hydraulic-cylinders.net\/es\/wp-json\/wp\/v2\/product_tag?post=19184"}],"curies":[{"name":"wp","href":"https:\/\/api.w.org\/{rel}","templated":true}]}}