{"id":19189,"date":"2025-04-07T06:17:15","date_gmt":"2025-04-07T06:17:15","guid":{"rendered":"https:\/\/www.hydraulic-cylinders.net\/product\/boom-cylinder-for-xcmg-middle-excavator-xe225ca\/"},"modified":"2025-04-07T06:17:18","modified_gmt":"2025-04-07T06:17:18","slug":"boom-cylinder-for-xcmg-middle-excavator-xe225ca","status":"publish","type":"product","link":"https:\/\/www.hydraulic-cylinders.net\/es\/producto\/boom-cylinder-for-xcmg-middle-excavator-xe225ca\/","title":{"rendered":"Cilindro de pluma para excavadora intermedia XCMG XE225CA"},"content":{"rendered":"<h1>Cilindro de pluma para excavadora intermedia XCMG XE225CA<\/h1>\n<h2>Descripci\u00f3n general del producto<\/h2>\n<p>El cilindro de pluma para la excavadora intermedia XE225CA de XCMG es un cilindro hidr\u00e1ulico especializado, dise\u00f1ado para controlar el movimiento de diversas m\u00e1quinas pesadas, como excavadoras, retroexcavadoras y cargadoras frontales. Este cilindro hidr\u00e1ulico facilita la elevaci\u00f3n, el descenso y la inclinaci\u00f3n de la pluma, lo que lo hace esencial para la eficiencia en la manipulaci\u00f3n de materiales.<\/p>\n<p>Como componente crucial del sistema hidr\u00e1ulico, el cilindro de la pluma permite un movimiento suave y preciso, lo que garantiza que los operadores puedan manejar cargas pesadas con eficacia y ejecutar operaciones complejas. El dise\u00f1o del cilindro de la pluma refleja su funcionalidad, garantizando resistencia y fiabilidad en entornos exigentes. Este cilindro hidr\u00e1ulico suele operar a alta presi\u00f3n y debe soportar cargas significativas, por lo que su durabilidad y rendimiento son fundamentales.<\/p>\n<p><img decoding=\"async\" src=\"https:\/\/www.hydraulic-cylinders.net\/wp-content\/uploads\/2025\/04\/songte-company-1.webp\" alt=\"Imagen del cilindro de la pluma\"><\/p>\n<h2>Caracter\u00edsticas del cilindro de la pluma<\/h2>\n<ul>\n<li><strong>Alta resistencia y durabilidad:<\/strong> Fabricados en acero o aluminio de alta resistencia, estos cilindros pueden soportar alta presi\u00f3n y cargas pesadas a la vez que son resistentes al desgaste y la corrosi\u00f3n, lo que prolonga su vida \u00fatil.<\/li>\n<li><strong>Operaci\u00f3n hidr\u00e1ulica eficiente:<\/strong> El cilindro de la pluma utiliza presi\u00f3n de aceite hidr\u00e1ulico para facilitar una extensi\u00f3n y retracci\u00f3n suaves, brindando una respuesta r\u00e1pida a los comandos de control y poderosas fuerzas de empuje y tracci\u00f3n para manipular materiales pesados.<\/li>\n<li><strong>Diversos tipos:<\/strong> Disponible en configuraciones de acci\u00f3n simple (utilizando fuerza hidr\u00e1ulica en una direcci\u00f3n) o de acci\u00f3n doble (utilizando fuerza hidr\u00e1ulica en ambas direcciones), con algunos modelos con dise\u00f1os telesc\u00f3picos para un mayor alcance sin aumentar las dimensiones externas.<\/li>\n<li><strong>Tecnolog\u00eda de sellado mejorada:<\/strong> Equipado con avanzados sistemas de sellado que evitan fugas de fluido hidr\u00e1ulico, garantizando un rendimiento \u00f3ptimo y reduciendo las necesidades de mantenimiento.<\/li>\n<li><strong>Opciones personalizables:<\/strong> Soluciones personalizadas disponibles para diversas aplicaciones y maquinarias, garantizando la compatibilidad y el rendimiento entre diferentes modelos de excavadoras y equipos pesados.<\/li>\n<\/ul>\n<h2>Capacidades de producci\u00f3n<\/h2>\n<p>Nuestra empresa se especializa en la fabricaci\u00f3n de cilindros hidr\u00e1ulicos de alta calidad, incluyendo el cilindro de pluma para la excavadora intermedia XE225CA de XCMG. Podemos fabricar cilindros que reemplazan perfectamente los sistemas hidr\u00e1ulicos existentes, garantizando una integraci\u00f3n y funcionalidad perfectas.<\/p>\n<p><img decoding=\"async\" src=\"https:\/\/www.hydraulic-cylinders.net\/wp-content\/uploads\/2025\/04\/songte-cylinder-head-with-all-kinds-excavator-models.webp\" alt=\"Modelos de excavadoras\"><\/p>\n<h2>Escenarios de aplicaci\u00f3n<\/h2>\n<h3>Equipos de construcci\u00f3n<\/h3>\n<p>En las excavadoras, los cilindros de la pluma son vitales para excavar, cargar y mover tierra o escombros. Su rendimiento influye directamente en la eficiencia de los proyectos de construcci\u00f3n. La capacidad de elevaci\u00f3n e inclinaci\u00f3n garantiza que los operadores puedan maniobrar la excavadora con eficacia, lo que la convierte en un componente clave en la industria de la construcci\u00f3n.<\/p>\n<h3>Maquinaria agr\u00edcola<\/h3>\n<p>En las cargadoras frontales, el cilindro de la pluma facilita la recolecci\u00f3n, elevaci\u00f3n y transporte de tierra, heno y otros materiales. Esta funci\u00f3n es crucial para mejorar la productividad en las explotaciones agr\u00edcolas, permitiendo una manipulaci\u00f3n r\u00e1pida y eficiente de materiales a granel.<\/p>\n<h3>excavadoras<\/h3>\n<p>En las excavadoras, el cilindro de la pluma permite que la cuchara penetre eficazmente en el suelo, facilitando as\u00ed las operaciones de excavaci\u00f3n. Esta capacidad la hace indispensable para tareas de movimiento de tierras, donde se requiere un control preciso para minimizar las interrupciones y maximizar el rendimiento.<\/p>\n<h3>Cargadores<\/h3>\n<p>En las cargadoras frontales, el cilindro de la pluma facilita la elevaci\u00f3n y descarga eficiente de cargas. Esto garantiza que los materiales se puedan mover r\u00e1pidamente de un lugar a otro, mejorando as\u00ed la productividad operativa general.<\/p>\n<h2>Consideraciones de dise\u00f1o<\/h2>\n<h3>Capacidad de carga<\/h3>\n<p>Una de las principales consideraciones de dise\u00f1o para un cilindro de pluma es su capacidad de carga. Debe estar dise\u00f1ado para soportar el peso m\u00e1ximo que soportar\u00e1 durante su funcionamiento. Esto incluye no solo la fuerza de elevaci\u00f3n, sino tambi\u00e9n las posibles cargas din\u00e1micas que puedan producirse durante la operaci\u00f3n. Los c\u00e1lculos y la selecci\u00f3n de materiales adecuados son esenciales para garantizar la fiabilidad y la seguridad.<\/p>\n<h3>Caza de focas<\/h3>\n<p>La tecnolog\u00eda de sellado es fundamental en los cilindros hidr\u00e1ulicos para evitar fugas de fluidos y contaminaci\u00f3n. El dise\u00f1o debe incorporar sellos de alta calidad que soporten las presiones y temperaturas operativas. Un sellado adecuado garantiza un rendimiento eficiente, reduce la frecuencia de mantenimiento y prolonga la vida \u00fatil del cilindro.<\/p>\n<h3>Durabilidad<\/h3>\n<p>La durabilidad es fundamental para el dise\u00f1o de los cilindros hidr\u00e1ulicos. Deben fabricarse con materiales robustos que resistan el desgaste por el uso continuo en entornos hostiles. Esto incluye consideraciones ambientales como temperaturas extremas, humedad y exposici\u00f3n a sustancias corrosivas.<\/p>\n<h3>Seguridad<\/h3>\n<p>Se deben integrar caracter\u00edsticas de seguridad en el dise\u00f1o para prevenir accidentes durante la operaci\u00f3n. Esto puede incluir v\u00e1lvulas de alivio de presi\u00f3n y enclavamientos de seguridad que impidan que la m\u00e1quina funcione en condiciones inseguras. Garantizar la seguridad en el dise\u00f1o hidr\u00e1ulico no solo es un requisito legal, sino tambi\u00e9n una obligaci\u00f3n moral para proteger a los operadores y a las personas presentes.<\/p>\n<h3>Mantenimiento<\/h3>\n<p>El dise\u00f1o orientado al mantenimiento es esencial para garantizar la longevidad de los cilindros hidr\u00e1ulicos. Esto incluye caracter\u00edsticas que facilitan la sustituci\u00f3n de sellos, la inspecci\u00f3n de componentes y la recarga de fluidos hidr\u00e1ulicos. Un dise\u00f1o intuitivo puede reducir significativamente el tiempo de inactividad y aumentar la productividad.<\/p>\n<p><img decoding=\"async\" src=\"https:\/\/www.hydraulic-cylinders.net\/wp-content\/uploads\/2025\/04\/songte-oil-pipes-and-spare-parts.webp\" alt=\"Piezas hidr\u00e1ulicas\"><\/p>\n<h2>Sellado y lubricaci\u00f3n<\/h2>\n<p>Un sellado y una lubricaci\u00f3n eficaces son cruciales para el rendimiento \u00f3ptimo de los cilindros hidr\u00e1ulicos. Diversos sellos, como los de pist\u00f3n y v\u00e1stago, se utilizan para mantener la presi\u00f3n dentro del cilindro y evitar fugas de fluido hidr\u00e1ulico. Los materiales de alto rendimiento, como el poliuretano y el caucho de nitrilo, se utilizan com\u00fanmente debido a su resistencia a la abrasi\u00f3n y sus capacidades de sellado.<\/p>\n<p>El cuerpo del cilindro y las superficies roscadas de los extremos se someten a un mecanizado de precisi\u00f3n para mejorar la resistencia al desgaste y garantizar un ajuste perfecto de los sellos. El mantenimiento regular debe incluir la adici\u00f3n oportuna de aceite hidr\u00e1ulico para lubricar las piezas m\u00f3viles y evitar la fricci\u00f3n y el desgaste.<\/p>\n<h2>Inspecci\u00f3n regular y mantenimiento preventivo<\/h2>\n<ul>\n<li><strong>Inspecciones regulares:<\/strong> Es fundamental realizar inspecciones rutinarias para detectar fugas, desgaste y otras se\u00f1ales de posibles fallas. Los operadores deben estar capacitados para identificar las se\u00f1ales tempranas de alerta de problemas e informarlos de inmediato.<\/li>\n<li><strong>Lubricaci\u00f3n adecuada:<\/strong> Asegurarse de que el cilindro hidr\u00e1ulico est\u00e9 correctamente lubricado previene el desgaste excesivo y prolonga su vida \u00fatil. Es necesario revisar peri\u00f3dicamente los niveles y el estado de la lubricaci\u00f3n.<\/li>\n<li><strong>Reemplazo del sello:<\/strong> Con el tiempo, los sellos pueden desgastarse y requerir reemplazo para mantener su rendimiento. Establecer un cronograma para las inspecciones y reemplazos de sellos puede ayudar a prevenir fallas operativas.<\/li>\n<\/ul>\n<h2>Instrucciones de instalaci\u00f3n<\/h2>\n<p>La correcta instalaci\u00f3n del cilindro de la pluma es esencial para su funcionalidad y durabilidad. Primero, aseg\u00farese de que las superficies de montaje est\u00e9n limpias y libres de residuos. Utilice las herramientas de alineaci\u00f3n adecuadas para ajustar el cilindro con precisi\u00f3n, evitando tensiones innecesarias durante el funcionamiento. Se recomienda utilizar soportes de montaje adecuados para mayor soporte y estabilidad.<\/p>\n<p>Siga las especificaciones del fabricante para las conexiones hidr\u00e1ulicas, asegur\u00e1ndose de que los accesorios est\u00e9n bien ajustados para evitar fugas. Una vez instalado, revise todas las conexiones y la alineaci\u00f3n del cilindro antes de comenzar a trabajar. Revise peri\u00f3dicamente la instalaci\u00f3n para detectar cualquier signo de desgaste o desalineaci\u00f3n durante el uso.<\/p>\n<h2>Tareas comunes de mantenimiento<\/h2>\n<ul>\n<li><strong>Controles peri\u00f3dicos:<\/strong> Las revisiones rutinarias para detectar signos de desgaste y da\u00f1os pueden prevenir problemas mayores en el futuro. Los operadores deben estar capacitados para reconocer qu\u00e9 buscar.<\/li>\n<li><strong>Lubricaci\u00f3n adecuada:<\/strong> La lubricaci\u00f3n regular es esencial para mantener un funcionamiento fluido y evitar da\u00f1os en las piezas m\u00f3viles. Los operadores deben seguir un programa de lubricaci\u00f3n seg\u00fan el uso.<\/li>\n<li><strong>Reemplazo de sellos y controles de calibraci\u00f3n:<\/strong> Los sellos deben inspeccionarse y reemplazarse seg\u00fan sea necesario para evitar fugas. Las comprobaciones de calibraci\u00f3n del sistema hidr\u00e1ulico garantizan que el cilindro funcione dentro de los par\u00e1metros recomendados.<\/li>\n<\/ul>\n<p><img decoding=\"async\" src=\"https:\/\/www.hydraulic-cylinders.net\/wp-content\/uploads\/2025\/04\/songte-chushion-collar.webp\" alt=\"Collar\u00edn acolchado\"><\/p>\n<h2>Consideraciones de seguridad y factores ambientales<\/h2>\n<p>Al trabajar con sistemas hidr\u00e1ulicos, las medidas de seguridad son primordiales. Los operadores deben recibir capacitaci\u00f3n para utilizar el equipo de forma segura y ser conscientes de los posibles peligros asociados con los sistemas hidr\u00e1ulicos. La implementaci\u00f3n de procedimientos operativos est\u00e1ndar puede reducir significativamente el riesgo de accidentes. Adem\u00e1s, se deben considerar factores ambientales, como los m\u00e9todos de eliminaci\u00f3n de fluidos y materiales hidr\u00e1ulicos, y cumplir con las normativas locales para minimizar el impacto ambiental.<\/p>\n<h2>Soluci\u00f3n de problemas y problemas comunes<\/h2>\n<ul>\n<li><strong>Fuga:<\/strong> Uno de los problemas m\u00e1s comunes son las fugas, a menudo causadas por sellos desgastados o componentes da\u00f1ados. Identificar el origen de la fuga es fundamental para una reparaci\u00f3n eficaz.<\/li>\n<li><strong>Rendimiento deficiente:<\/strong> Si el cilindro de la pluma no responde como se espera, puede deberse a una cantidad insuficiente de fluido hidr\u00e1ulico o a aire atrapado en el sistema. Podr\u00eda ser necesario purgar el sistema.<\/li>\n<li><strong>Ruidos extra\u00f1os:<\/strong> Ruidos inusuales pueden indicar problemas mec\u00e1nicos como cavitaci\u00f3n o da\u00f1os internos, lo que justifica una inspecci\u00f3n inmediata.<\/li>\n<\/ul>\n<h2>Consejos para la soluci\u00f3n de problemas<\/h2>\n<p>Para diagnosticar eficazmente los problemas con el cilindro de la pluma, los operadores deben seguir un enfoque sistem\u00e1tico. Comience con una inspecci\u00f3n visual para identificar cualquier signo evidente de desgaste o da\u00f1o. En caso de fugas, localice la fuente y eval\u00fae si es necesario reemplazar el sello o reparar el componente.<\/p>\n<p>Para problemas de rendimiento, revise los niveles de l\u00edquido y aseg\u00farese de que no haya bolsas de aire en el sistema. Implementar medidas preventivas, como revisiones de mantenimiento regulares, puede ayudar a minimizar posibles problemas y prolongar la vida \u00fatil del sistema hidr\u00e1ulico.<\/p>\n<p><img decoding=\"async\" src=\"https:\/\/www.hydraulic-cylinders.net\/wp-content\/uploads\/2025\/04\/songte-bushings-with-all-kinds-of-excavator-models.webp\" alt=\"Bujes con modelos de excavadora\"><\/p>\n<h2>Descripci\u00f3n general de la empresa<\/h2>\n<p>Somos un fabricante y mayorista l\u00edder de cilindros hidr\u00e1ulicos, especializado en ofrecer soluciones de alta calidad para diversas aplicaciones industriales. Nuestro compromiso con la excelencia nos ha convertido en una marca de confianza tanto en el mercado nacional como en el internacional. Cumplimos con estrictos est\u00e1ndares de calidad y empleamos estrategias de fabricaci\u00f3n avanzadas, con personal cualificado y equipos de fabricaci\u00f3n de \u00faltima generaci\u00f3n.<\/p>\n<p>Nuestra amplia gama de productos y opciones de personalizaci\u00f3n nos permiten satisfacer eficientemente las diversas necesidades de nuestros clientes. Con una firme convicci\u00f3n en la alta eficiencia, precisi\u00f3n y calidad, buscamos satisfacer las diversas demandas de nuestros clientes, mejorando continuamente nuestra capacidad de producci\u00f3n.<\/p>\n<p><img decoding=\"async\" src=\"https:\/\/www.hydraulic-cylinders.net\/wp-content\/uploads\/2025\/04\/songte-company-4.webp\" alt=\"Informaci\u00f3n general de la empresa 1\"><br \/>\n<img decoding=\"async\" src=\"https:\/\/www.hydraulic-cylinders.net\/wp-content\/uploads\/2025\/04\/songte-company-3.webp\" alt=\"Resumen de la empresa 2\"><\/p>\n<p>Autor: lyl<\/p>","protected":false},"excerpt":{"rendered":"<p>Boom Cylinder For XCMG Middle Excavator XE225CA Product Overview The Boom Cylinder for XCMG Middle Excavator XE225CA is a specialized hydraulic cylinder designed to control the movement of various heavy machinery, such as excavators, backhoes, and front loaders. This hydraulic cylinder facilitates the lifting, lowering, and tilting of the boom, making it essential for efficient [&hellip;]<\/p>","protected":false},"featured_media":17875,"comment_status":"open","ping_status":"closed","template":"","meta":{"_et_pb_use_builder":"","_et_pb_old_content":"","_et_gb_content_width":""},"product_brand":[],"product_cat":[1546],"product_tag":[1547,1496],"class_list":{"0":"post-19189","1":"product","2":"type-product","3":"status-publish","4":"has-post-thumbnail","6":"product_cat-boom-cylinders","7":"product_tag-boom-cylinders","8":"product_tag-hydraulic-cylinders","10":"first","11":"instock","12":"shipping-taxable","13":"product-type-simple"},"amp_enabled":true,"_links":{"self":[{"href":"https:\/\/www.hydraulic-cylinders.net\/es\/wp-json\/wp\/v2\/product\/19189","targetHints":{"allow":["GET"]}}],"collection":[{"href":"https:\/\/www.hydraulic-cylinders.net\/es\/wp-json\/wp\/v2\/product"}],"about":[{"href":"https:\/\/www.hydraulic-cylinders.net\/es\/wp-json\/wp\/v2\/types\/product"}],"replies":[{"embeddable":true,"href":"https:\/\/www.hydraulic-cylinders.net\/es\/wp-json\/wp\/v2\/comments?post=19189"}],"wp:featuredmedia":[{"embeddable":true,"href":"https:\/\/www.hydraulic-cylinders.net\/es\/wp-json\/wp\/v2\/media\/17875"}],"wp:attachment":[{"href":"https:\/\/www.hydraulic-cylinders.net\/es\/wp-json\/wp\/v2\/media?parent=19189"}],"wp:term":[{"taxonomy":"product_brand","embeddable":true,"href":"https:\/\/www.hydraulic-cylinders.net\/es\/wp-json\/wp\/v2\/product_brand?post=19189"},{"taxonomy":"product_cat","embeddable":true,"href":"https:\/\/www.hydraulic-cylinders.net\/es\/wp-json\/wp\/v2\/product_cat?post=19189"},{"taxonomy":"product_tag","embeddable":true,"href":"https:\/\/www.hydraulic-cylinders.net\/es\/wp-json\/wp\/v2\/product_tag?post=19189"}],"curies":[{"name":"wp","href":"https:\/\/api.w.org\/{rel}","templated":true}]}}