{"id":19197,"date":"2025-04-07T06:17:36","date_gmt":"2025-04-07T06:17:36","guid":{"rendered":"https:\/\/www.hydraulic-cylinders.net\/product\/boom-cylinder-for-xcmg-large-excavator-xe470ck\/"},"modified":"2025-04-07T06:17:38","modified_gmt":"2025-04-07T06:17:38","slug":"boom-cylinder-for-xcmg-large-excavator-xe470ck","status":"publish","type":"product","link":"https:\/\/www.hydraulic-cylinders.net\/es\/producto\/boom-cylinder-for-xcmg-large-excavator-xe470ck\/","title":{"rendered":"Cilindro de pluma para excavadora grande XCMG XE470CK"},"content":{"rendered":"<h1>Cilindro de pluma para excavadora grande XCMG XE470CK<\/h1>\n<h2>Descripci\u00f3n general del producto<\/h2>\n<p>El cilindro de la pluma de la excavadora grande XE470CK de XCMG es un cilindro hidr\u00e1ulico especializado, dise\u00f1ado para controlar el movimiento de la pluma. Este cilindro desempe\u00f1a un papel crucial en los sistemas hidr\u00e1ulicos, facilitando la elevaci\u00f3n, el descenso y la inclinaci\u00f3n de la pluma, lo cual es esencial para diversas tareas de manipulaci\u00f3n de materiales.<\/p>\n<p><img decoding=\"async\" src=\"https:\/\/www.hydraulic-cylinders.net\/wp-content\/uploads\/2025\/04\/songte-company-1.webp\" alt=\"Cilindro de pluma para excavadora\" \/><\/p>\n<h3>Definici\u00f3n y prop\u00f3sito<\/h3>\n<p>Un cilindro de pluma es un tipo de cilindro hidr\u00e1ulico utilizado espec\u00edficamente para controlar el movimiento del cuchar\u00f3n en maquinaria pesada como excavadoras, retroexcavadoras y cargadoras frontales. Permite operaciones precisas, permitiendo que la pluma realice funciones como excavar, levantar y mover materiales. Su integraci\u00f3n en los sistemas hidr\u00e1ulicos es vital, ya que garantiza un funcionamiento suave en condiciones de alta presi\u00f3n y carga. El dise\u00f1o del cilindro de pluma considera factores como la resistencia, la durabilidad y la resistencia al desgaste, prolongando su vida \u00fatil en entornos de trabajo hostiles.<\/p>\n<h2>Caracter\u00edsticas del cilindro de la pluma<\/h2>\n<ul>\n<li><strong>Alta resistencia y durabilidad:<\/strong> Fabricado en acero o aluminio de alta resistencia, el cilindro de la pluma puede soportar altas presiones y cargas pesadas y, al mismo tiempo, es resistente al desgaste y la corrosi\u00f3n.<\/li>\n<li><strong>Operaci\u00f3n hidr\u00e1ulica eficiente:<\/strong> Utiliza presi\u00f3n de aceite hidr\u00e1ulico para una extensi\u00f3n y retracci\u00f3n suaves, respondiendo r\u00e1pidamente a los comandos de control y proporcionando poderosas fuerzas de empuje y tracci\u00f3n ideales para manejar tareas pesadas y complejas.<\/li>\n<li><strong>Diversos tipos:<\/strong> Disponible en configuraciones de acci\u00f3n simple (utilizando energ\u00eda hidr\u00e1ulica en una direcci\u00f3n) o de acci\u00f3n doble (utilizando energ\u00eda hidr\u00e1ulica en ambas direcciones) para satisfacer diversas necesidades operativas, con algunos modelos con dise\u00f1os telesc\u00f3picos para un alcance ampliado sin aumentar las dimensiones externas.<\/li>\n<\/ul>\n<h2>Capacidad de producci\u00f3n<\/h2>\n<p>Nos especializamos en la fabricaci\u00f3n de cilindros de pluma, garantizando que nuestros productos puedan reemplazar perfectamente los cilindros hidr\u00e1ulicos existentes sin comprometer la calidad ni el rendimiento.<\/p>\n<p><img decoding=\"async\" src=\"https:\/\/www.hydraulic-cylinders.net\/wp-content\/uploads\/2025\/04\/songte-cylinder-head-with-all-kinds-excavator-models.webp\" alt=\"Compatibilidad de modelos de excavadoras\" \/><\/p>\n<h2>Aplicaciones del cilindro de la pluma<\/h2>\n<h3>Equipos de construcci\u00f3n<\/h3>\n<p>En las excavadoras, los cilindros de la pluma son esenciales para excavar, cargar y transportar tierra o escombros. Facilitan una excavaci\u00f3n eficiente al permitir que el cuchar\u00f3n penetre en el suelo y levante los materiales eficazmente. En las retroexcavadoras, el cilindro de la pluma facilita tanto las operaciones de excavaci\u00f3n como las de elevaci\u00f3n, aumentando la productividad en las obras de construcci\u00f3n.<\/p>\n<h3>Maquinaria agr\u00edcola<\/h3>\n<p>En las cargadoras frontales, los cilindros de la pluma se utilizan para recoger, levantar y transportar tierra, heno y otros materiales. Su capacidad para manejar cargas pesadas los hace invaluables en operaciones agr\u00edcolas, donde la eficiencia es crucial para tareas como la siembra, la cosecha y el movimiento de materiales.<\/p>\n<h3>excavadoras<\/h3>\n<p>En las excavadoras, el cilindro de la pluma permite que la cuchara penetre eficazmente en el suelo, lo que permite una excavaci\u00f3n r\u00e1pida y eficiente. Esta funci\u00f3n es vital en proyectos de construcci\u00f3n y movimiento de tierras, donde el tiempo y la eficiencia inciden directamente en la productividad y los costos.<\/p>\n<h3>Cargadores<\/h3>\n<p>En las cargadoras frontales, los cilindros de la pluma ayudan a elevar y descargar cargas eficazmente. Su dise\u00f1o garantiza que puedan soportar las tensiones de levantar materiales pesados, manteniendo la estabilidad y el control durante la operaci\u00f3n.<\/p>\n<h2>Consideraciones de dise\u00f1o<\/h2>\n<ul>\n<li><strong>Capacidad de carga:<\/strong> El dise\u00f1o debe adaptarse a la carga m\u00e1xima que soportar\u00e1 el cilindro en aplicaciones del mundo real, garantizando seguridad y confiabilidad.<\/li>\n<li><strong>Caza de focas:<\/strong> Los mecanismos de sellado efectivos son fundamentales para evitar fugas de fluido hidr\u00e1ulico, que pueden comprometer la eficiencia del sistema y provocar fallas.<\/li>\n<li><strong>Durabilidad:<\/strong> Los materiales y t\u00e9cnicas de construcci\u00f3n utilizados deben mejorar la resistencia del cilindro al desgaste y a los factores ambientales, aumentando la vida \u00fatil del producto.<\/li>\n<li><strong>Seguridad:<\/strong> Se deben incorporar caracter\u00edsticas de seguridad para proteger tanto a la maquinaria como a los operadores, minimizando el riesgo de accidentes durante la operaci\u00f3n.<\/li>\n<li><strong>Mantenibilidad:<\/strong> El dise\u00f1o debe permitir un f\u00e1cil mantenimiento y reparaciones, incluido el acceso para inspecciones y el reemplazo de sellos y otros componentes.<\/li>\n<\/ul>\n<p><img decoding=\"async\" src=\"https:\/\/www.hydraulic-cylinders.net\/wp-content\/uploads\/2025\/04\/songte-oil-pipes-and-spare-parts.webp\" alt=\"Componentes del sistema hidr\u00e1ulico\" \/><\/p>\n<h2>Sellado y lubricaci\u00f3n<\/h2>\n<p>Un sellado y una lubricaci\u00f3n adecuados son cruciales para el funcionamiento eficaz del cilindro de la pluma. Se emplean diversos elementos de sellado, como sellos de pist\u00f3n y de v\u00e1stago, para evitar fugas de fluido hidr\u00e1ulico. Los sellos suelen estar fabricados con materiales duraderos como poliuretano y caucho de nitrilo, que resisten el desgaste y la degradaci\u00f3n ambiental. El cuerpo del cilindro y los extremos roscados est\u00e1n finamente procesados \u200b\u200bpara aumentar su durabilidad. La lubricaci\u00f3n regular con aceite hidr\u00e1ulico es necesaria para mantener un funcionamiento suave y prolongar la vida \u00fatil del cilindro.<\/p>\n<h2>Medidas de mantenimiento preventivo<\/h2>\n<ul>\n<li><strong>Inspecciones regulares:<\/strong> La realizaci\u00f3n de controles de rutina ayuda a identificar el desgaste y las posibles fallas antes de que se agraven, lo que garantiza un rendimiento y una seguridad \u00f3ptimos.<\/li>\n<li><strong>Lubricaci\u00f3n adecuada:<\/strong> La lubricaci\u00f3n constante de las piezas m\u00f3viles es esencial para reducir la fricci\u00f3n, evitar el desgaste y mantener el funcionamiento \u00f3ptimo del sistema hidr\u00e1ulico.<\/li>\n<li><strong>Reemplazo del sello:<\/strong> Reemplazar peri\u00f3dicamente los sellos desgastados puede prevenir fugas y mantener la eficiencia del sistema hidr\u00e1ulico.<\/li>\n<\/ul>\n<h2>Instrucciones de instalaci\u00f3n<\/h2>\n<p>Al instalar el cilindro de la pluma, aseg\u00farese de seguir estos pasos para obtener un rendimiento \u00f3ptimo:<\/p>\n<ol>\n<li><strong>Preparaci\u00f3n:<\/strong> Limpie el \u00e1rea de instalaci\u00f3n y aseg\u00farese de que todas las superficies est\u00e9n libres de residuos.<\/li>\n<li><strong>Alineaci\u00f3n:<\/strong> Alinee correctamente el cilindro con los soportes de montaje para evitar una tensi\u00f3n indebida en el cilindro.<\/li>\n<li><strong>Montaje seguro:<\/strong> Utilice soportes de montaje adecuados para asegurar firmemente el cilindro en su lugar, evitando cualquier movimiento durante el funcionamiento.<\/li>\n<li><strong>Conexiones hidr\u00e1ulicas:<\/strong> Conecte las l\u00edneas hidr\u00e1ulicas asegur\u00e1ndose de que no haya fugas y siga las especificaciones del fabricante para los ajustes de torque.<\/li>\n<li><strong>Pruebas:<\/strong> Despu\u00e9s de la instalaci\u00f3n, realice una prueba exhaustiva para garantizar el correcto funcionamiento y ajuste la configuraci\u00f3n seg\u00fan sea necesario.<\/li>\n<\/ol>\n<h2>Tareas comunes de mantenimiento<\/h2>\n<ul>\n<li><strong>Controles peri\u00f3dicos:<\/strong> Las inspecciones regulares garantizan que el cilindro funcione de manera eficiente y ayudan a detectar problemas antes de que se conviertan en problemas graves.<\/li>\n<li><strong>Lubricaci\u00f3n adecuada:<\/strong> Asegurarse de que el cilindro est\u00e9 bien lubricado reduce el desgaste y prolonga su vida \u00fatil, lo que hace que la lubricaci\u00f3n regular sea una prioridad.<\/li>\n<li><strong>Reemplazo del sello:<\/strong> Las comprobaciones frecuentes del desgaste de los sellos y los reemplazos oportunos ayudan a mantener la eficiencia hidr\u00e1ulica y prevenir fugas.<\/li>\n<\/ul>\n<h2>Consideraciones de seguridad<\/h2>\n<p>Las medidas de seguridad son cruciales al trabajar con cilindros hidr\u00e1ulicos. Una manipulaci\u00f3n adecuada, incluyendo el uso de equipo de protecci\u00f3n individual (EPI) y el cumplimiento de los protocolos de seguridad operacional, puede mitigar los riesgos. Aseg\u00farese de que todos los operadores est\u00e9n capacitados en pr\u00e1cticas de operaci\u00f3n segura para prevenir accidentes y lesiones.<\/p>\n<h2>Diagn\u00f3stico de fallas y problemas comunes<\/h2>\n<ul>\n<li><strong>Fugas de fluido hidr\u00e1ulico:<\/strong> Busque se\u00f1ales de fugas alrededor de los sellos y conexiones; esto puede indicar sellos desgastados o accesorios sueltos.<\/li>\n<li><strong>Operaci\u00f3n lenta:<\/strong> Si el cilindro funciona lentamente, puede deberse a niveles bajos de l\u00edquido hidr\u00e1ulico o a contaminaci\u00f3n del l\u00edquido.<\/li>\n<li><strong>Movimientos inesperados:<\/strong> Los movimientos inconsistentes del cilindro pueden ser un signo de da\u00f1o interno o aire atrapado en el sistema hidr\u00e1ulico.<\/li>\n<\/ul>\n<h2>Consejos para la soluci\u00f3n de problemas<\/h2>\n<p>Para diagnosticar y resolver problemas de manera efectiva:<\/p>\n<ol>\n<li>Verifique los niveles y la calidad del l\u00edquido hidr\u00e1ulico y reemplace el l\u00edquido contaminado seg\u00fan sea necesario.<\/li>\n<li>Inspeccione los sellos y accesorios para detectar desgaste y reempl\u00e1celos para evitar fugas futuras.<\/li>\n<li>Purgue el sistema hidr\u00e1ulico para eliminar el aire atrapado que pueda afectar el rendimiento.<\/li>\n<\/ol>\n<p><img decoding=\"async\" src=\"https:\/\/www.hydraulic-cylinders.net\/wp-content\/uploads\/2025\/04\/songte-bushings-with-all-kinds-of-excavator-models.webp\" alt=\"Modelos de bujes para excavadoras\" \/><\/p>\n<h2>Descripci\u00f3n general de la empresa<\/h2>\n<p>Somos fabricantes de repuestos para cilindros hidr\u00e1ulicos y ofrecemos una amplia gama de productos que nos posiciona como uno de los principales fabricantes y mayoristas del mercado nacional e internacional. Nos adherimos a una estrategia de excelencia mediante una gesti\u00f3n precisa de la fabricaci\u00f3n y la mejora continua de nuestra plataforma de producci\u00f3n. Nuestro compromiso con la alta eficiencia, precisi\u00f3n y calidad garantiza la satisfacci\u00f3n de las diversas necesidades de nuestros clientes.<\/p>\n<h3>Profesionalismo y Certificaciones<\/h3>\n<p>Nuestros productos cumplen con los est\u00e1ndares internacionales y ofrecemos servicios de personalizaci\u00f3n para satisfacer necesidades espec\u00edficas. Nuestro avanzado equipo de producci\u00f3n, junto con nuestro eficiente servicio posventa, garantiza la satisfacci\u00f3n del cliente.<\/p>\n<p><img decoding=\"async\" src=\"https:\/\/www.hydraulic-cylinders.net\/wp-content\/uploads\/2025\/04\/songte-company-4.webp\" alt=\"Instalaciones de la empresa\" \/><br \/>\n<img decoding=\"async\" src=\"https:\/\/www.hydraulic-cylinders.net\/wp-content\/uploads\/2025\/04\/songte-company-3.webp\" alt=\"Producci\u00f3n de la empresa\" \/><\/p>\n<p>Autor: lyl<\/p>","protected":false},"excerpt":{"rendered":"<p>Boom Cylinder For XCMG Large Excavator XE470CK Product Overview The Boom Cylinder for the XCMG Large Excavator XE470CK is a specialized hydraulic cylinder designed to manage the motion of the excavator&#8217;s boom. This cylinder plays a crucial role in hydraulic systems, facilitating the lifting, lowering, and tilting of the boom, which is essential for various [&hellip;]<\/p>","protected":false},"featured_media":17868,"comment_status":"open","ping_status":"closed","template":"","meta":{"_et_pb_use_builder":"","_et_pb_old_content":"","_et_gb_content_width":""},"product_brand":[],"product_cat":[1546],"product_tag":[1547,1496],"class_list":{"0":"post-19197","1":"product","2":"type-product","3":"status-publish","4":"has-post-thumbnail","6":"product_cat-boom-cylinders","7":"product_tag-boom-cylinders","8":"product_tag-hydraulic-cylinders","10":"first","11":"instock","12":"shipping-taxable","13":"product-type-simple"},"amp_enabled":true,"_links":{"self":[{"href":"https:\/\/www.hydraulic-cylinders.net\/es\/wp-json\/wp\/v2\/product\/19197","targetHints":{"allow":["GET"]}}],"collection":[{"href":"https:\/\/www.hydraulic-cylinders.net\/es\/wp-json\/wp\/v2\/product"}],"about":[{"href":"https:\/\/www.hydraulic-cylinders.net\/es\/wp-json\/wp\/v2\/types\/product"}],"replies":[{"embeddable":true,"href":"https:\/\/www.hydraulic-cylinders.net\/es\/wp-json\/wp\/v2\/comments?post=19197"}],"wp:featuredmedia":[{"embeddable":true,"href":"https:\/\/www.hydraulic-cylinders.net\/es\/wp-json\/wp\/v2\/media\/17868"}],"wp:attachment":[{"href":"https:\/\/www.hydraulic-cylinders.net\/es\/wp-json\/wp\/v2\/media?parent=19197"}],"wp:term":[{"taxonomy":"product_brand","embeddable":true,"href":"https:\/\/www.hydraulic-cylinders.net\/es\/wp-json\/wp\/v2\/product_brand?post=19197"},{"taxonomy":"product_cat","embeddable":true,"href":"https:\/\/www.hydraulic-cylinders.net\/es\/wp-json\/wp\/v2\/product_cat?post=19197"},{"taxonomy":"product_tag","embeddable":true,"href":"https:\/\/www.hydraulic-cylinders.net\/es\/wp-json\/wp\/v2\/product_tag?post=19197"}],"curies":[{"name":"wp","href":"https:\/\/api.w.org\/{rel}","templated":true}]}}