{"id":19200,"date":"2025-04-07T06:17:44","date_gmt":"2025-04-07T06:17:44","guid":{"rendered":"https:\/\/www.hydraulic-cylinders.net\/product\/boom-cylinder-for-xcmg-large-excavator-xe370ca\/"},"modified":"2025-04-07T06:17:46","modified_gmt":"2025-04-07T06:17:46","slug":"boom-cylinder-for-xcmg-large-excavator-xe370ca","status":"publish","type":"product","link":"https:\/\/www.hydraulic-cylinders.net\/es\/producto\/boom-cylinder-for-xcmg-large-excavator-xe370ca\/","title":{"rendered":"Cilindro de pluma para excavadora grande XCMG XE370CA"},"content":{"rendered":"<h1>Cilindro de pluma para excavadora grande XCMG XE370CA<\/h1>\n<h2>Descripci\u00f3n general del producto<\/h2>\n<p>El cilindro de la pluma para la excavadora grande XE370CA de XCMG es un cilindro hidr\u00e1ulico especializado, dise\u00f1ado para controlar el movimiento de la pluma en excavadoras grandes. Este componente crucial permite la elevaci\u00f3n, el descenso y la inclinaci\u00f3n precisos de la pluma, facilitando una amplia gama de tareas de manipulaci\u00f3n de materiales. Los cilindros hidr\u00e1ulicos, en particular los de la pluma, desempe\u00f1an un papel esencial en los sistemas hidr\u00e1ulicos de la maquinaria pesada, permitiendo el funcionamiento eficiente de accesorios como cucharones y garras.<\/p>\n<p>Estos cilindros est\u00e1n dise\u00f1ados para ofrecer un rendimiento confiable incluso en entornos dif\u00edciles, lo que los hace indispensables en la construcci\u00f3n, la miner\u00eda y otras aplicaciones de servicio pesado. Fabricados con materiales de alta calidad, garantizan durabilidad y longevidad, reduciendo las necesidades de mantenimiento y el tiempo de inactividad.<\/p>\n<p><img decoding=\"async\" src=\"https:\/\/www.hydraulic-cylinders.net\/wp-content\/uploads\/2025\/04\/songte-company-1.webp\" alt=\"Cilindro hidr\u00e1ulico para excavadoras\"><\/p>\n<h3>Caracter\u00edsticas principales<\/h3>\n<ul>\n<li><strong>Alta resistencia y durabilidad:<\/strong> Construidos con acero o aluminio de alta resistencia, estos cilindros pueden soportar altas presiones y cargas pesadas, lo que los hace adecuados para duras condiciones de trabajo.<\/li>\n<li><strong>Operaci\u00f3n hidr\u00e1ulica eficiente:<\/strong> Utilizan presi\u00f3n de aceite hidr\u00e1ulico para realizar movimientos suaves de extensi\u00f3n y retracci\u00f3n, respondiendo r\u00e1pidamente a los comandos del operador y proporcionando una fuerte fuerza de empuje y tracci\u00f3n, ideal para manipular objetos pesados.<\/li>\n<li><strong>Diversos tipos:<\/strong> Disponibles en dise\u00f1os de simple y doble efecto, estos cilindros se pueden adaptar a necesidades operativas espec\u00edficas. Algunos modelos cuentan con dise\u00f1os telesc\u00f3picos, lo que permite una mayor extensi\u00f3n sin aumentar el tama\u00f1o externo.<\/li>\n<li><strong>Fabricaci\u00f3n personalizada:<\/strong> Nos especializamos en la producci\u00f3n de cilindros hidr\u00e1ulicos que reemplazan perfectamente los modelos existentes, garantizando la compatibilidad y el rendimiento.<\/li>\n<li><strong>Versatilidad de aplicaci\u00f3n:<\/strong> Ideal para diversas aplicaciones de maquinaria pesada, incluidas excavadoras, retrocargadoras y cargadoras frontales.<\/li>\n<\/ul>\n<p><img decoding=\"async\" src=\"https:\/\/www.hydraulic-cylinders.net\/wp-content\/uploads\/2025\/04\/songte-cylinder-head-with-all-kinds-excavator-models.webp\" alt=\"Culata de modelos de excavadoras\"><\/p>\n<h2>Aplicaciones<\/h2>\n<h3>Equipos de construcci\u00f3n<\/h3>\n<p>En las excavadoras, los cilindros de la pluma son cruciales para excavar, cargar y mover tierra o escombros. Proporcionan la fuerza necesaria para penetrar terrenos dif\u00edciles, lo que permite a los operadores realizar tareas de excavaci\u00f3n con eficiencia. En las retroexcavadoras, el cilindro de la pluma facilita no solo la excavaci\u00f3n, sino tambi\u00e9n la elevaci\u00f3n de cargas pesadas, mejorando as\u00ed la funcionalidad general de la m\u00e1quina en las obras de construcci\u00f3n.<\/p>\n<h3>Maquinaria agr\u00edcola<\/h3>\n<p>En las cargadoras frontales, los cilindros de la pluma son esenciales para recoger, levantar y transportar materiales como tierra, heno y otros productos agr\u00edcolas. Su potente rendimiento permite a los agricultores manipular cargas pesadas, lo que contribuye a una mayor eficiencia y productividad en las operaciones agr\u00edcolas.<\/p>\n<h3>excavadoras<\/h3>\n<p>Estos cilindros permiten que la cuchara de la excavadora penetre eficazmente en el suelo, facilitando la excavaci\u00f3n de cimientos y zanjas. Su fiabilidad garantiza que los trabajos de excavaci\u00f3n se realicen sin interrupciones, lo cual es vital para cumplir con los plazos del proyecto.<\/p>\n<h3>Cargadores<\/h3>\n<p>En las cargadoras frontales, los cilindros de la pluma facilitan la elevaci\u00f3n y descarga eficiente de cargas. Esta capacidad es esencial para proyectos de construcci\u00f3n y paisajismo, donde la manipulaci\u00f3n oportuna de materiales es crucial. El dise\u00f1o robusto de estos cilindros garantiza que puedan satisfacer las exigencias de la elevaci\u00f3n y el transporte de materiales pesados.<\/p>\n<h2>Consideraciones de dise\u00f1o<\/h2>\n<h3>Capacidad de carga<\/h3>\n<p>La capacidad de carga de un cilindro de pluma es un factor crucial en su dise\u00f1o. Debe ser capaz de soportar el peso m\u00e1ximo que la pluma puede levantar, garantizando as\u00ed la seguridad y la eficiencia operativa. Los ingenieros calculan cuidadosamente las dimensiones y la resistencia del material del cilindro para lograr la capacidad de carga requerida.<\/p>\n<h3>Rendimiento de sellado<\/h3>\n<p>Un sellado eficaz es fundamental en los cilindros hidr\u00e1ulicos para evitar fugas y mantener la presi\u00f3n. Se emplean tecnolog\u00edas de sellado avanzadas, incluyendo sellos fabricados con materiales duraderos como poliuretano y caucho de nitrilo. Estos sellos garantizan durabilidad y fiabilidad, incluso en condiciones ambientales y de presi\u00f3n extremas.<\/p>\n<h3>Durabilidad<\/h3>\n<p>La durabilidad es un factor clave en el dise\u00f1o de los cilindros de pluma. Deben soportar los rigores de las aplicaciones de servicio pesado, incluyendo la exposici\u00f3n a materiales abrasivos y corrosivos. La elecci\u00f3n de materiales de alta resistencia y recubrimientos protectores mejora significativamente la vida \u00fatil y el rendimiento del cilindro.<\/p>\n<h3>Seguridad<\/h3>\n<p>Las caracter\u00edsticas de seguridad son parte integral del dise\u00f1o de los cilindros de la pluma, lo que garantiza su funcionamiento sin riesgo de fallos. Esto incluye la incorporaci\u00f3n de v\u00e1lvulas de seguridad y mecanismos de alivio de presi\u00f3n para evitar sobrecargas y posibles accidentes durante la operaci\u00f3n.<\/p>\n<h3>Accesibilidad de mantenimiento<\/h3>\n<p>Dise\u00f1ar cilindros hidr\u00e1ulicos para facilitar su mantenimiento es crucial. Esto incluye la accesibilidad para inspecciones, lubricaci\u00f3n y reemplazo de sellos. Un dise\u00f1o que facilita un mantenimiento sencillo prolonga la vida \u00fatil del cilindro y garantiza su m\u00e1ximo rendimiento.<\/p>\n<p><img decoding=\"async\" src=\"https:\/\/www.hydraulic-cylinders.net\/wp-content\/uploads\/2025\/04\/songte-oil-pipes-and-spare-parts.webp\" alt=\"Piezas de cilindros hidr\u00e1ulicos\"><\/p>\n<h2>Sellos y lubricaci\u00f3n<\/h2>\n<p>En los cilindros de las plumas se utilizan diversos sellos, incluyendo sellos de pist\u00f3n y de v\u00e1stago, para garantizar un rendimiento \u00f3ptimo. Se prefieren los sellos fabricados con materiales resistentes a la abrasi\u00f3n, como el poliuretano y el caucho de nitrilo, por su durabilidad. El cuerpo del cilindro y las superficies roscadas de los extremos se someten a un acabado preciso para mejorar la resistencia al desgaste y el sellado.<\/p>\n<p>La lubricaci\u00f3n regular es esencial para mantener el funcionamiento del sistema hidr\u00e1ulico. Es necesario a\u00f1adir peri\u00f3dicamente aceite hidr\u00e1ulico adecuado para garantizar un funcionamiento fluido y evitar el desgaste de las juntas y los componentes internos. Una lubricaci\u00f3n adecuada no solo mejora el rendimiento, sino que tambi\u00e9n prolonga la vida \u00fatil del cilindro.<\/p>\n<h2>Medidas de mantenimiento<\/h2>\n<ul>\n<li><strong>Inspecciones regulares:<\/strong> Realice inspecciones rutinarias para detectar signos de desgaste, da\u00f1os o fugas. Esto ayuda a identificar posibles problemas antes de que se agraven, garantizando as\u00ed la seguridad y la eficiencia operativas.<\/li>\n<li><strong>Lubricaci\u00f3n adecuada:<\/strong> Aseg\u00farese de que los niveles de aceite hidr\u00e1ulico se mantengan y que los sellos est\u00e9n adecuadamente lubricados para evitar el sobrecalentamiento y el desgaste.<\/li>\n<li><strong>Reemplazo del sello:<\/strong> Revise peri\u00f3dicamente el estado de los sellos y reempl\u00e1celos seg\u00fan sea necesario para evitar fugas de l\u00edquido hidr\u00e1ulico, que pueden comprometer el rendimiento del sistema.<\/li>\n<\/ul>\n<h2>Instrucciones de instalaci\u00f3n<\/h2>\n<p>La instalaci\u00f3n de un cilindro de pluma requiere una atenci\u00f3n minuciosa a los detalles para garantizar una alineaci\u00f3n y un funcionamiento correctos. Comience por asegurarse de que las superficies de montaje est\u00e9n limpias y libres de residuos. Utilice los soportes de montaje adecuados para fijar el cilindro en su lugar. Alinee el cilindro con el \u00e1ngulo requerido y aj\u00fastelo seg\u00fan sea necesario antes de apretar los herrajes de montaje.<\/p>\n<p>A continuaci\u00f3n, conecte las l\u00edneas hidr\u00e1ulicas, asegur\u00e1ndose de que no presenten dobleces ni da\u00f1os. Compruebe que est\u00e9n correctamente colocadas para evitar el desgaste de las piezas m\u00f3viles. Una vez conectadas, llene el sistema hidr\u00e1ulico con el aceite recomendado y purgue el aire del sistema para garantizar un rendimiento \u00f3ptimo. Tras la instalaci\u00f3n, pruebe el cilindro bajo carga para confirmar su correcto funcionamiento y realizar los ajustes necesarios.<\/p>\n<h2>Tareas comunes de mantenimiento<\/h2>\n<h3>Inspecciones peri\u00f3dicas<\/h3>\n<p>Las inspecciones rutinarias son vitales para la longevidad de los cilindros hidr\u00e1ulicos. Busque signos de desgaste, como grietas, abultamientos o fugas. La detecci\u00f3n temprana de posibles problemas puede prevenir problemas m\u00e1s graves y costosos tiempos de inactividad. Realice inspecciones visuales con regularidad y controles detallados durante el mantenimiento programado.<\/p>\n<h3>Lubricaci\u00f3n adecuada<\/h3>\n<p>Aseg\u00farese de que el sistema hidr\u00e1ulico est\u00e9 adecuadamente lubricado para evitar la fricci\u00f3n y el desgaste. Revise peri\u00f3dicamente los niveles de aceite y reempl\u00e1celo seg\u00fan las recomendaciones del fabricante. Una lubricaci\u00f3n adecuada garantiza un funcionamiento suave y minimiza el riesgo de fallos debido a componentes secos.<\/p>\n<h3>Reemplazo de sellos y controles de calibraci\u00f3n<\/h3>\n<p>Con el tiempo, los sellos pueden degradarse debido a la exposici\u00f3n al fluido hidr\u00e1ulico y a las condiciones ambientales. Inspeccione y reemplace los sellos peri\u00f3dicamente seg\u00fan sea necesario para mantener la integridad del sistema. Tambi\u00e9n se deben realizar comprobaciones de calibraci\u00f3n para garantizar que el cilindro funcione dentro de los par\u00e1metros especificados, evitando as\u00ed problemas operativos.<\/p>\n<p><img decoding=\"async\" src=\"https:\/\/www.hydraulic-cylinders.net\/wp-content\/uploads\/2025\/04\/songte-chushion-collar.webp\" alt=\"Collar\u00edn acolchado\"><\/p>\n<h2>Consideraciones de seguridad<\/h2>\n<p>Al trabajar con cilindros hidr\u00e1ulicos, las medidas de seguridad son primordiales. Aseg\u00farese de que todo el personal est\u00e9 capacitado en el manejo adecuado de equipos hidr\u00e1ulicos y comprenda los riesgos asociados. Utilice el equipo de protecci\u00f3n individual (EPI) adecuado y aseg\u00farese de que todos los dispositivos de seguridad del equipo funcionen correctamente. Las auditor\u00edas de seguridad peri\u00f3dicas pueden ayudar a identificar posibles peligros y garantizar el cumplimiento de las normas de seguridad.<\/p>\n<h2>Soluci\u00f3n de problemas comunes<\/h2>\n<ul>\n<li><strong>Fuga:<\/strong> Revise si hay sellos da\u00f1ados o conexiones sueltas como posibles causas. Reemplace los sellos seg\u00fan sea necesario y aseg\u00farese de que todas las conexiones est\u00e9n bien apretadas.<\/li>\n<li><strong>Operaci\u00f3n lenta:<\/strong> Esto puede indicar niveles bajos de fluido hidr\u00e1ulico o aire atrapado en el sistema. Aseg\u00farese de rellenar el fluido y purgue el sistema para eliminar el aire.<\/li>\n<li><strong>Rendimiento inconsistente:<\/strong> Las fluctuaciones en el rendimiento pueden deberse a la contaminaci\u00f3n del fluido hidr\u00e1ulico. Revise y reemplace el fluido hidr\u00e1ulico regularmente para mantener el rendimiento del sistema.<\/li>\n<\/ul>\n<h2>Consejos para la soluci\u00f3n de problemas<\/h2>\n<p>Para solucionar eficazmente los problemas con los cilindros hidr\u00e1ulicos, comience por realizar una inspecci\u00f3n exhaustiva para identificar los problemas visibles. En busca de fugas, revise todas las mangueras y conexiones para comprobar su estanqueidad e integridad. En caso de funcionamiento lento, verifique que el fluido hidr\u00e1ulico tenga el nivel adecuado y que no haya obstrucciones en las l\u00edneas. El mantenimiento preventivo regular, que incluye cambios de fluido oportunos e inspecciones de sellos, puede minimizar la aparici\u00f3n de estos problemas.<\/p>\n<p><img decoding=\"async\" src=\"https:\/\/www.hydraulic-cylinders.net\/wp-content\/uploads\/2025\/04\/songte-bushings-with-all-kinds-of-excavator-models.webp\" alt=\"Bujes de excavadora\"><\/p>\n<h2>Acerca de nuestra empresa<\/h2>\n<p>Somos un fabricante l\u00edder de cilindros hidr\u00e1ulicos, especializado en la producci\u00f3n de cilindros hidr\u00e1ulicos de repuesto de alta calidad para diversas m\u00e1quinas. Con una amplia gama de productos, nos hemos consolidado como uno de los principales fabricantes y mayoristas tanto en el mercado nacional como en el internacional. Nuestro compromiso con la excelencia se sustenta en un sofisticado proceso de fabricaci\u00f3n que combina mano de obra cualificada, equipos de fabricaci\u00f3n digital avanzados y rigurosos sistemas de control de calidad.<\/p>\n<p>Nuestra empresa se centra en mejorar la capacidad de producci\u00f3n mediante la mejora continua y la innovaci\u00f3n. Priorizamos la alta eficiencia, precisi\u00f3n y calidad en todos nuestros productos, garantizando as\u00ed la satisfacci\u00f3n de las diversas necesidades de nuestros clientes.<\/p>\n<h3>Experiencia profesional<\/h3>\n<p>Nuestro equipo est\u00e1 formado por ingenieros y t\u00e9cnicos experimentados, dedicados a brindar soluciones a medida para nuestros clientes. Ofrecemos servicios personalizados para satisfacer las necesidades espec\u00edficas de los cilindros hidr\u00e1ulicos, garantizando la compatibilidad y un rendimiento \u00f3ptimo.<\/p>\n<h3>Certificaciones internacionales<\/h3>\n<p>Cumplimos con los est\u00e1ndares internacionales de fabricaci\u00f3n y contamos con diversas certificaciones que avalan nuestro compromiso con la calidad y la seguridad. Esto garantiza que nuestros clientes reciban productos confiables que cumplen con los est\u00e1ndares de la industria global.<\/p>\n<h3>Equipos de producci\u00f3n<\/h3>\n<p>Nuestras instalaciones de producci\u00f3n de vanguardia est\u00e1n equipadas con la tecnolog\u00eda m\u00e1s avanzada para garantizar los m\u00e1s altos est\u00e1ndares de fabricaci\u00f3n. Esto incluye maquinaria automatizada y herramientas de precisi\u00f3n que optimizan la eficiencia de la producci\u00f3n y la calidad del producto.<\/p>\n<h3>Servicio posventa<\/h3>\n<p>Ofrecemos a nuestros clientes un servicio posventa integral, que incluye asistencia t\u00e9cnica y de mantenimiento. Nuestro equipo de atenci\u00f3n al cliente est\u00e1 disponible para atender consultas, brindar soporte t\u00e9cnico y garantizar la satisfacci\u00f3n del cliente.<\/p>\n<p><img decoding=\"async\" src=\"https:\/\/www.hydraulic-cylinders.net\/wp-content\/uploads\/2025\/04\/songte-company-4.webp\" alt=\"Imagen de la empresa 1\"><br \/>\n<img decoding=\"async\" src=\"https:\/\/www.hydraulic-cylinders.net\/wp-content\/uploads\/2025\/04\/songte-company-3.webp\" alt=\"Imagen de la empresa 2\"><\/p>\n<p>Autor: lyl<\/p>","protected":false},"excerpt":{"rendered":"<p>Boom Cylinder For XCMG Large Excavator XE370CA Product Overview The Boom Cylinder for XCMG Large Excavator XE370CA is a specialized hydraulic cylinder designed to manage the movement of the boom on large excavators. This critical component enables the precise lifting, lowering, and tilting of the boom, facilitating a wide range of material handling tasks. Hydraulic [&hellip;]<\/p>","protected":false},"featured_media":17871,"comment_status":"open","ping_status":"closed","template":"","meta":{"_et_pb_use_builder":"","_et_pb_old_content":"","_et_gb_content_width":""},"product_brand":[],"product_cat":[1546],"product_tag":[1547,1496],"class_list":{"0":"post-19200","1":"product","2":"type-product","3":"status-publish","4":"has-post-thumbnail","6":"product_cat-boom-cylinders","7":"product_tag-boom-cylinders","8":"product_tag-hydraulic-cylinders","10":"first","11":"instock","12":"shipping-taxable","13":"product-type-simple"},"amp_enabled":true,"_links":{"self":[{"href":"https:\/\/www.hydraulic-cylinders.net\/es\/wp-json\/wp\/v2\/product\/19200","targetHints":{"allow":["GET"]}}],"collection":[{"href":"https:\/\/www.hydraulic-cylinders.net\/es\/wp-json\/wp\/v2\/product"}],"about":[{"href":"https:\/\/www.hydraulic-cylinders.net\/es\/wp-json\/wp\/v2\/types\/product"}],"replies":[{"embeddable":true,"href":"https:\/\/www.hydraulic-cylinders.net\/es\/wp-json\/wp\/v2\/comments?post=19200"}],"wp:featuredmedia":[{"embeddable":true,"href":"https:\/\/www.hydraulic-cylinders.net\/es\/wp-json\/wp\/v2\/media\/17871"}],"wp:attachment":[{"href":"https:\/\/www.hydraulic-cylinders.net\/es\/wp-json\/wp\/v2\/media?parent=19200"}],"wp:term":[{"taxonomy":"product_brand","embeddable":true,"href":"https:\/\/www.hydraulic-cylinders.net\/es\/wp-json\/wp\/v2\/product_brand?post=19200"},{"taxonomy":"product_cat","embeddable":true,"href":"https:\/\/www.hydraulic-cylinders.net\/es\/wp-json\/wp\/v2\/product_cat?post=19200"},{"taxonomy":"product_tag","embeddable":true,"href":"https:\/\/www.hydraulic-cylinders.net\/es\/wp-json\/wp\/v2\/product_tag?post=19200"}],"curies":[{"name":"wp","href":"https:\/\/api.w.org\/{rel}","templated":true}]}}