{"id":19201,"date":"2025-04-07T06:17:46","date_gmt":"2025-04-07T06:17:46","guid":{"rendered":"https:\/\/www.hydraulic-cylinders.net\/product\/boom-cylinder-for-xcmg-large-excavator-xe490ch\/"},"modified":"2025-04-07T06:17:49","modified_gmt":"2025-04-07T06:17:49","slug":"boom-cylinder-for-xcmg-large-excavator-xe490ch","status":"publish","type":"product","link":"https:\/\/www.hydraulic-cylinders.net\/es\/producto\/boom-cylinder-for-xcmg-large-excavator-xe490ch\/","title":{"rendered":"Cilindro de pluma para excavadora grande XCMG XE490CH"},"content":{"rendered":"<h1>Cilindro de pluma para excavadora grande XCMG XE490CH<\/h1>\n<h2>Descripci\u00f3n general del producto<\/h2>\n<p>El cilindro de la pluma de la excavadora grande XE490CH de XCMG es un cilindro hidr\u00e1ulico especializado, dise\u00f1ado para controlar el movimiento de la pluma. Este componente crucial desempe\u00f1a un papel fundamental en los sistemas hidr\u00e1ulicos, permitiendo que la maquinaria pesada realice diversas tareas de forma eficiente. El cilindro permite elevar, bajar e inclinar la pluma, facilitando las operaciones de manipulaci\u00f3n de materiales, como excavar, cargar y mover tierra o escombros.<\/p>\n<p><img decoding=\"async\" src=\"https:\/\/www.hydraulic-cylinders.net\/wp-content\/uploads\/2025\/04\/songte-company-1.webp\" alt=\"Cilindro de la pluma\"><\/p>\n<h3>Definici\u00f3n de cilindro de cubo<\/h3>\n<p>Un cilindro de cuchar\u00f3n es un tipo de cilindro hidr\u00e1ulico que se utiliza espec\u00edficamente para controlar el movimiento de los cucharones en diversas m\u00e1quinas pesadas, como excavadoras, retroexcavadoras y cargadoras frontales. Es un elemento esencial de los sistemas hidr\u00e1ulicos, ya que proporciona la fuerza y \u200b\u200bel control necesarios para realizar tareas de excavaci\u00f3n y manipulaci\u00f3n de materiales. Al permitir movimientos precisos del cuchar\u00f3n, el cilindro mejora la eficiencia y la productividad general de la m\u00e1quina.<\/p>\n<h2>Caracter\u00edsticas del cilindro de la pluma<\/h2>\n<ul>\n<li><strong>Alta resistencia y durabilidad:<\/strong> Fabricado en acero o aluminio de alta resistencia, este cilindro soporta alta presi\u00f3n y cargas pesadas, lo que lo hace ideal para entornos de trabajo exigentes. Su dise\u00f1o considera la resistencia al desgaste y a la corrosi\u00f3n, lo que prolonga su vida \u00fatil.<\/li>\n<li><strong>Operaci\u00f3n hidr\u00e1ulica eficiente:<\/strong> Utiliza presi\u00f3n de aceite hidr\u00e1ulico para lograr una extensi\u00f3n y retracci\u00f3n suaves, respondiendo r\u00e1pidamente a los comandos del operador y proporcionando al mismo tiempo una importante fuerza de empuje y tracci\u00f3n, ideal para manipular objetos pesados \u200b\u200by tareas complejas.<\/li>\n<li><strong>Diversos tipos:<\/strong> Disponible en simple efecto (con presi\u00f3n hidr\u00e1ulica en una direcci\u00f3n) o doble efecto (con presi\u00f3n hidr\u00e1ulica en ambas direcciones), el cilindro puede personalizarse para satisfacer requisitos operativos espec\u00edficos. Algunos modelos son telesc\u00f3picos, lo que permite una mayor extensi\u00f3n sin aumentar las dimensiones externas, ideal para aplicaciones con espacio limitado.<\/li>\n<\/ul>\n<h2>Capacidades de producci\u00f3n<\/h2>\n<p>Estamos equipados para fabricar el cilindro de pluma, garantizando que nuestros productos puedan reemplazar perfectamente los cilindros hidr\u00e1ulicos existentes en diversas aplicaciones.<\/p>\n<p><img decoding=\"async\" src=\"https:\/\/www.hydraulic-cylinders.net\/wp-content\/uploads\/2025\/04\/songte-cylinder-head-with-all-kinds-excavator-models.webp\" alt=\"Modelos de excavadoras\"><\/p>\n<h2>Escenarios de aplicaci\u00f3n<\/h2>\n<ul>\n<li><strong>Equipos de construcci\u00f3n:<\/strong> En las excavadoras, el cilindro de la pluma es vital para excavar, cargar y transportar tierra o escombros. Permite que el cuchar\u00f3n penetre eficazmente en el suelo, agilizando y haciendo m\u00e1s eficientes las tareas de excavaci\u00f3n.<\/li>\n<li><strong>Maquinaria agr\u00edcola:<\/strong> Utilizado en cargadoras frontales, el cilindro de la pluma facilita la recolecci\u00f3n, elevaci\u00f3n y transporte de tierra, heno y otros materiales. Garantiza una manipulaci\u00f3n r\u00e1pida y eficaz de los materiales en entornos agr\u00edcolas.<\/li>\n<li><strong>Excavadoras:<\/strong> El cilindro del cuchar\u00f3n permite que la excavadora excave profundamente en el suelo, proporcionando la fuerza necesaria para atravesar terrenos dif\u00edciles y realizar operaciones de excavaci\u00f3n importantes.<\/li>\n<li><strong>Cargadores:<\/strong> En los cargadores frontales, el cilindro de la pluma ayuda a levantar y descargar cargas de manera eficiente, garantizando que los materiales se puedan mover r\u00e1pidamente y con el m\u00ednimo esfuerzo.<\/li>\n<\/ul>\n<h2>Consideraciones de dise\u00f1o y criterios de selecci\u00f3n<\/h2>\n<ul>\n<li><strong>Capacidad de carga:<\/strong> El dise\u00f1o debe considerar la carga m\u00e1xima que soportar\u00e1 el cilindro. Garantizar que el cilindro pueda soportar el peso previsto es crucial para la seguridad y el rendimiento.<\/li>\n<li><strong>Rendimiento de sellado:<\/strong> Un sellado eficaz es esencial para evitar fugas de fluido hidr\u00e1ulico, que pueden provocar fallos en el sistema. Los sellos de alta calidad deben soportar la presi\u00f3n, las fluctuaciones de temperatura y el desgaste con el tiempo.<\/li>\n<li><strong>Durabilidad:<\/strong> Los materiales utilizados en la fabricaci\u00f3n del cilindro deben ser resistentes al desgaste y a la corrosi\u00f3n, lo que le permitir\u00e1 funcionar eficientemente en diversas condiciones ambientales.<\/li>\n<li><strong>Caracter\u00edsticas de seguridad:<\/strong> La incorporaci\u00f3n de mecanismos de seguridad es vital para proteger a los operadores y la maquinaria de posibles peligros durante la operaci\u00f3n.<\/li>\n<li><strong>Mantenibilidad:<\/strong> Un cilindro hidr\u00e1ulico bien dise\u00f1ado debe permitir un f\u00e1cil acceso para mantenimiento y reparaciones, garantizando que se minimice el tiempo de inactividad y se maximice la longevidad.<\/li>\n<\/ul>\n<p><img decoding=\"async\" src=\"https:\/\/www.hydraulic-cylinders.net\/wp-content\/uploads\/2025\/04\/songte-oil-pipes-and-spare-parts.webp\" alt=\"Tuber\u00edas de aceite y repuestos\"><\/p>\n<h2>Sellado y lubricaci\u00f3n<\/h2>\n<p>La eficiencia de un cilindro hidr\u00e1ulico depende en gran medida de sus sistemas de sellado y lubricaci\u00f3n. Diversos sellos, como los de pist\u00f3n y v\u00e1stago, son cruciales para prevenir fugas de fluido. La elecci\u00f3n de sellos suele incluir materiales duraderos como el poliuretano y el caucho de nitrilo, que ofrecen una excelente resistencia al desgaste. Adem\u00e1s, tanto el cuerpo del cilindro como las superficies roscadas de los extremos se someten a un procesamiento fino para mejorar su resistencia al desgaste. La lubricaci\u00f3n regular con aceite hidr\u00e1ulico es esencial para mantener un funcionamiento fluido y prevenir el desgaste.<\/p>\n<h2>Inspecci\u00f3n regular y mantenimiento preventivo<\/h2>\n<ul>\n<li><strong>Inspecciones de rutina:<\/strong> Implementar un programa de revisiones peri\u00f3dicas puede ayudar a identificar posibles problemas antes de que se conviertan en problemas graves. Busque se\u00f1ales de desgaste, fugas o rendimiento irregular.<\/li>\n<li><strong>Lubricaci\u00f3n adecuada:<\/strong> Aseg\u00farese de que el cilindro est\u00e9 bien lubricado en todo momento. Esto no solo contribuye a un funcionamiento suave, sino que tambi\u00e9n previene el desgaste excesivo de los componentes internos.<\/li>\n<li><strong>Reemplazo del sello:<\/strong> Con el tiempo, los sellos pueden degradarse y requerir reemplazo. Revisar regularmente y reemplazar r\u00e1pidamente los sellos desgastados puede prevenir fugas y prolongar la vida \u00fatil del cilindro.<\/li>\n<\/ul>\n<h2>Instrucciones de instalaci\u00f3n<\/h2>\n<p>La correcta instalaci\u00f3n del cilindro de la pluma es crucial para su rendimiento y durabilidad. Comience por asegurarse de que los soportes de montaje est\u00e9n correctamente alineados y de que el cilindro est\u00e9 firmemente fijado. Durante la instalaci\u00f3n, utilice calzas adecuadas si es necesario para lograr una alineaci\u00f3n correcta. Tambi\u00e9n se recomienda aplicar sellador de roscas en las zonas roscadas para evitar fugas. Despu\u00e9s de la instalaci\u00f3n, pruebe el sistema hidr\u00e1ulico para comprobar que no haya fugas y que el cilindro funcione correctamente.<\/p>\n<h2>Tareas de mantenimiento<\/h2>\n<ul>\n<li><strong>Inspecciones regulares:<\/strong> Realizar inspecciones visuales peri\u00f3dicas puede ayudarle a detectar cualquier problema potencial a tiempo. Busque se\u00f1ales de desgaste, fugas o desalineaciones que puedan afectar el rendimiento.<\/li>\n<li><strong>Lubricaci\u00f3n adecuada:<\/strong> Lubrique el cilindro regularmente con el aceite hidr\u00e1ulico recomendado para garantizar un funcionamiento suave y reducir el desgaste. Establezca un programa de lubricaci\u00f3n seg\u00fan la frecuencia de uso del equipo.<\/li>\n<li><strong>Reemplazo del sello:<\/strong> Revise peri\u00f3dicamente los sellos para detectar signos de desgaste o da\u00f1os. Reemplazarlos cuando sea necesario es crucial para mantener la integridad y el funcionamiento del sistema hidr\u00e1ulico.<\/li>\n<\/ul>\n<h2>Consideraciones de seguridad y factores ambientales<\/h2>\n<p>Las medidas de seguridad son fundamentales al operar equipos hidr\u00e1ulicos. Garantizar que los operadores est\u00e9n capacitados en procedimientos de operaci\u00f3n seguros y que todos los dispositivos de seguridad funcionen correctamente ayuda a minimizar los riesgos. Adem\u00e1s, es fundamental considerar factores ambientales como la exposici\u00f3n a temperaturas extremas, humedad y sustancias corrosivas para la longevidad de los cilindros hidr\u00e1ulicos.<\/p>\n<h2>Soluci\u00f3n de problemas y problemas comunes<\/h2>\n<ul>\n<li><strong>Fuga:<\/strong> Uno de los problemas m\u00e1s comunes son las fugas de fluido hidr\u00e1ulico, a menudo causadas por sellos desgastados. Las revisiones peri\u00f3dicas y los reemplazos oportunos son esenciales.<\/li>\n<li><strong>Rendimiento deficiente:<\/strong> Si el cilindro no responde correctamente, puede indicar un problema con los niveles de l\u00edquido hidr\u00e1ulico o bloqueos en el sistema.<\/li>\n<li><strong>Calentamiento excesivo:<\/strong> El calor excesivo puede provocar la descomposici\u00f3n del fluido. Aseg\u00farese de que los sistemas de refrigeraci\u00f3n est\u00e9n instalados correctamente y de que el fluido hidr\u00e1ulico se cambie peri\u00f3dicamente para evitar el sobrecalentamiento.<\/li>\n<\/ul>\n<h2>Consejos para el manejo de fallas<\/h2>\n<p>Para un diagn\u00f3stico y una resoluci\u00f3n de problemas eficaces, registre cualquier cambio en el rendimiento y siga un proceso de evaluaci\u00f3n constante. Implemente medidas preventivas, como revisiones peri\u00f3dicas de mantenimiento y capacitaci\u00f3n de operadores, para minimizar la aparici\u00f3n de problemas. Si surgen problemas, consulte con un t\u00e9cnico cualificado para obtener un diagn\u00f3stico y soluciones precisos.<\/p>\n<p><img decoding=\"async\" src=\"https:\/\/www.hydraulic-cylinders.net\/wp-content\/uploads\/2025\/04\/songte-bushings-with-all-kinds-of-excavator-models.webp\" alt=\"Bujes con modelos de excavadora\"><\/p>\n<h2>Descripci\u00f3n general de la empresa<\/h2>\n<p>Somos un fabricante l\u00edder de cilindros hidr\u00e1ulicos de repuesto y ofrecemos una amplia gama de productos. Nos hemos consolidado como uno de los principales fabricantes y distribuidores tanto en el mercado nacional como en el internacional. Nos esforzamos por alcanzar la excelencia en la calidad, aplicando una estrategia de gesti\u00f3n de la producci\u00f3n optimizada que prioriza la fabricaci\u00f3n industrial. Nuestro personal cualificado, nuestros avanzados equipos de fabricaci\u00f3n y nuestros sistemas de pruebas profesionales mejoran continuamente nuestra capacidad de producci\u00f3n. Nos centramos en la alta eficiencia, precisi\u00f3n y calidad para satisfacer las diversas necesidades de nuestros clientes.<\/p>\n<p><img decoding=\"async\" src=\"https:\/\/www.hydraulic-cylinders.net\/wp-content\/uploads\/2025\/04\/songte-company-4.webp\" alt=\"Informaci\u00f3n general de la empresa 1\"><br \/>\n<img decoding=\"async\" src=\"https:\/\/www.hydraulic-cylinders.net\/wp-content\/uploads\/2025\/04\/songte-company-3.webp\" alt=\"Resumen de la empresa 2\"><\/p>\n<p>Autor: lyl<\/p>","protected":false},"excerpt":{"rendered":"<p>Boom Cylinder For XCMG Large Excavator XE490CH Product Overview The Boom Cylinder for XCMG Large Excavator XE490CH is a specialized hydraulic cylinder designed for controlling the motion of the excavator&#8217;s boom. This crucial component plays a significant role in hydraulic systems, enabling heavy machinery to perform various tasks efficiently. The boom cylinder allows the excavator [&hellip;]<\/p>","protected":false},"featured_media":17872,"comment_status":"open","ping_status":"closed","template":"","meta":{"_et_pb_use_builder":"","_et_pb_old_content":"","_et_gb_content_width":""},"product_brand":[],"product_cat":[1546],"product_tag":[1547,1496],"class_list":{"0":"post-19201","1":"product","2":"type-product","3":"status-publish","4":"has-post-thumbnail","6":"product_cat-boom-cylinders","7":"product_tag-boom-cylinders","8":"product_tag-hydraulic-cylinders","10":"first","11":"instock","12":"shipping-taxable","13":"product-type-simple"},"amp_enabled":true,"_links":{"self":[{"href":"https:\/\/www.hydraulic-cylinders.net\/es\/wp-json\/wp\/v2\/product\/19201","targetHints":{"allow":["GET"]}}],"collection":[{"href":"https:\/\/www.hydraulic-cylinders.net\/es\/wp-json\/wp\/v2\/product"}],"about":[{"href":"https:\/\/www.hydraulic-cylinders.net\/es\/wp-json\/wp\/v2\/types\/product"}],"replies":[{"embeddable":true,"href":"https:\/\/www.hydraulic-cylinders.net\/es\/wp-json\/wp\/v2\/comments?post=19201"}],"wp:featuredmedia":[{"embeddable":true,"href":"https:\/\/www.hydraulic-cylinders.net\/es\/wp-json\/wp\/v2\/media\/17872"}],"wp:attachment":[{"href":"https:\/\/www.hydraulic-cylinders.net\/es\/wp-json\/wp\/v2\/media?parent=19201"}],"wp:term":[{"taxonomy":"product_brand","embeddable":true,"href":"https:\/\/www.hydraulic-cylinders.net\/es\/wp-json\/wp\/v2\/product_brand?post=19201"},{"taxonomy":"product_cat","embeddable":true,"href":"https:\/\/www.hydraulic-cylinders.net\/es\/wp-json\/wp\/v2\/product_cat?post=19201"},{"taxonomy":"product_tag","embeddable":true,"href":"https:\/\/www.hydraulic-cylinders.net\/es\/wp-json\/wp\/v2\/product_tag?post=19201"}],"curies":[{"name":"wp","href":"https:\/\/api.w.org\/{rel}","templated":true}]}}