{"id":19212,"date":"2025-04-07T06:18:23","date_gmt":"2025-04-07T06:18:23","guid":{"rendered":"https:\/\/www.hydraulic-cylinders.net\/product\/boom-cylinder-for-zoomlion-small-excavator-ze85e\/"},"modified":"2025-04-07T06:18:26","modified_gmt":"2025-04-07T06:18:26","slug":"boom-cylinder-for-zoomlion-small-excavator-ze85e","status":"publish","type":"product","link":"https:\/\/www.hydraulic-cylinders.net\/es\/producto\/boom-cylinder-for-zoomlion-small-excavator-ze85e\/","title":{"rendered":"Cilindro de pluma para miniexcavadora Zoomlion ZE85E"},"content":{"rendered":"<h1>Cilindro de pluma para miniexcavadora Zoomlion ZE85E<\/h1>\n<h2>Comprender el cilindro de la pluma<\/h2>\n<h3>Definici\u00f3n y descripci\u00f3n general<\/h3>\n<p>El cilindro de la pluma es un componente hidr\u00e1ulico cr\u00edtico dise\u00f1ado espec\u00edficamente para controlar el movimiento de la pluma en maquinaria pesada, en particular en excavadoras como la miniexcavadora Zoomlion ZE85E. Este cilindro hidr\u00e1ulico permite elevar, descender e inclinar la pluma, facilitando as\u00ed la manipulaci\u00f3n eficiente de materiales. Desempe\u00f1a un papel vital en el sistema hidr\u00e1ulico, convirtiendo la energ\u00eda del fluido hidr\u00e1ulico en fuerza mec\u00e1nica para realizar diversas operaciones de forma fiable y eficaz.<\/p>\n<p>Como cilindro hidr\u00e1ulico, funciona seg\u00fan los principios de la mec\u00e1nica de fluidos, donde el aceite hidr\u00e1ulico a presi\u00f3n se introduce en el cilindro para generar movimiento. Esto permite a los operadores controlar la pluma de la excavadora con precisi\u00f3n, lo que resulta esencial para tareas como excavar, elevar y transportar materiales. El dise\u00f1o y la funcionalidad del cilindro de la pluma son cruciales para el rendimiento y la eficiencia generales de la excavadora en diversas aplicaciones.<\/p>\n<p><img decoding=\"async\" src=\"https:\/\/www.hydraulic-cylinders.net\/wp-content\/uploads\/2025\/04\/songte-company-1.webp\" alt=\"Cilindro de pluma para excavadoras\" \/><\/p>\n<h2>Caracter\u00edsticas del producto<\/h2>\n<ul>\n<li><strong>Alta resistencia y durabilidad:<\/strong> Fabricado en acero o aluminio de alta resistencia, el cilindro de la pluma soporta altas presiones y cargas pesadas, garantizando su durabilidad en entornos de trabajo exigentes. Su dise\u00f1o incorpora resistencia al desgaste y a la corrosi\u00f3n, prolongando su vida \u00fatil.<\/li>\n<li><strong>Operaci\u00f3n hidr\u00e1ulica eficiente:<\/strong> El cilindro utiliza la presi\u00f3n del fluido hidr\u00e1ulico para una extensi\u00f3n y retracci\u00f3n suaves, respondiendo r\u00e1pidamente a las \u00f3rdenes operativas y proporcionando la gran fuerza de tracci\u00f3n y empuje necesaria para tareas pesadas y complejas.<\/li>\n<li><strong>Diversos tipos:<\/strong> Disponibles en versiones de simple efecto (funcionan en una direcci\u00f3n) o de doble efecto (funcionan en ambas direcciones) para satisfacer diversas necesidades operativas. Algunos modelos son telesc\u00f3picos, lo que permite una mayor extensi\u00f3n sin aumentar las dimensiones externas, ideal para aplicaciones con espacio limitado.<\/li>\n<li><strong>Ingenier\u00eda de precisi\u00f3n:<\/strong> Cada cilindro est\u00e1 dise\u00f1ado con tolerancias estrictas y materiales de alta calidad, lo que garantiza un rendimiento fiable en condiciones exigentes.<\/li>\n<li><strong>Compatibilidad con diversos modelos:<\/strong> Nuestros productos pueden sustituir perfectamente a una amplia gama de cilindros hidr\u00e1ulicos, garantizando una integraci\u00f3n y un funcionamiento impecables con la maquinaria existente.<\/li>\n<\/ul>\n<p><img decoding=\"async\" src=\"https:\/\/www.hydraulic-cylinders.net\/wp-content\/uploads\/2025\/04\/songte-cylinder-head-with-all-kinds-excavator-models.webp\" alt=\"Modelos de cilindros de excavadora\" \/><\/p>\n<h2>Aplicaciones del cilindro de la pluma<\/h2>\n<h3>Equipos de construcci\u00f3n<\/h3>\n<p>En maquinaria de construcci\u00f3n como las excavadoras, los cilindros de la pluma son esenciales para excavar, cargar y mover tierra o escombros. Proporcionan la fuerza necesaria para excavar y levantar materiales pesados, lo que los hace indispensables en proyectos de construcci\u00f3n. En las retroexcavadoras, los cilindros de la pluma ayudan tanto en las operaciones de excavaci\u00f3n como en las de elevaci\u00f3n, lo que aumenta la versatilidad de la m\u00e1quina.<\/p>\n<h3>Maquinaria agr\u00edcola<\/h3>\n<p>En la maquinaria agr\u00edcola, los cilindros de la pluma se utilizan en las cargadoras frontales para recoger, levantar y transportar tierra, heno y otros materiales. Esta capacidad es vital para la eficiencia de las operaciones agr\u00edcolas, ya que facilita tareas como la carga de camiones o el traslado de suministros dentro de la finca.<\/p>\n<h3>excavadoras<\/h3>\n<p>En las excavadoras, el cilindro de la pluma permite el movimiento de excavaci\u00f3n al facilitar la penetraci\u00f3n eficaz del cuchar\u00f3n en el suelo. Esta funci\u00f3n es crucial para diversas tareas, desde la apertura de zanjas hasta la nivelaci\u00f3n del terreno, lo que convierte a los cilindros de la pluma en un componente clave de las t\u00e9cnicas modernas de excavaci\u00f3n.<\/p>\n<h3>Cargadores<\/h3>\n<p>En las cargadoras frontales, los cilindros de la pluma ayudan a levantar y descargar cargas de forma eficiente. Accionan la cuchara para mover los materiales de forma r\u00e1pida y eficaz, lo cual es fundamental para las operaciones de carga y descarga en la construcci\u00f3n y la log\u00edstica.<\/p>\n<h2>Consideraciones de dise\u00f1o y criterios de selecci\u00f3n<\/h2>\n<h3>Capacidad de carga<\/h3>\n<p>La capacidad de carga del cilindro de la pluma es un factor cr\u00edtico en su dise\u00f1o. Debe ser capaz de soportar el peso m\u00e1ximo que encontrar\u00e1 durante las operaciones sin riesgo de fallo. Esto requiere una cuidadosa consideraci\u00f3n de la resistencia del material y las dimensiones del cilindro para garantizar la seguridad y la fiabilidad.<\/p>\n<h3>Integridad del sellado<\/h3>\n<p>El sellado es fundamental para mantener la presi\u00f3n hidr\u00e1ulica y evitar fugas de fluido. Unos sellos eficaces reducen los costes de mantenimiento y aumentan la eficiencia operativa. La elecci\u00f3n de los materiales y dise\u00f1os de sellado influye significativamente en la vida \u00fatil y el rendimiento del cilindro.<\/p>\n<h3>Durabilidad<\/h3>\n<p>La durabilidad abarca la resistencia al desgaste, la corrosi\u00f3n y la fatiga. Los cilindros de las plumas deben dise\u00f1arse para una larga vida \u00fatil, especialmente en entornos exigentes. La selecci\u00f3n de materiales y acabados de alta calidad mejora la durabilidad, lo que permite un rendimiento fiable a lo largo del tiempo.<\/p>\n<h3>Seguridad<\/h3>\n<p>Es fundamental incorporar elementos de seguridad en el dise\u00f1o de los cilindros de las plumas. Esto incluye mecanismos de seguridad contra fallos y sobrecargas para prevenir accidentes durante su funcionamiento. Un cilindro bien dise\u00f1ado mejora significativamente la seguridad del operador y del equipo.<\/p>\n<h3>Mantenimiento y reparabilidad<\/h3>\n<p>Un dise\u00f1o que facilite el mantenimiento y la reparaci\u00f3n es fundamental. Esto incluye la posibilidad de acceder a los componentes cr\u00edticos sin desmontar toda la maquinaria. El mantenimiento peri\u00f3dico puede prolongar la vida \u00fatil del cilindro y mejorar la eficiencia operativa general.<\/p>\n<p><img decoding=\"async\" src=\"https:\/\/www.hydraulic-cylinders.net\/wp-content\/uploads\/2025\/04\/songte-oil-pipes-and-spare-parts.webp\" alt=\"Piezas de cilindros hidr\u00e1ulicos\" \/><\/p>\n<h2>Sellos y lubricaci\u00f3n<\/h2>\n<p>El rendimiento de un cilindro de pluma depende en gran medida de sistemas de sellado y lubricaci\u00f3n eficaces. Se utilizan diversos sellos, incluidos los de pist\u00f3n y los de v\u00e1stago, que son fundamentales para mantener la presi\u00f3n hidr\u00e1ulica. Elegir materiales duraderos como el poliuretano y el caucho de nitrilo para estos sellos contribuye a mejorar la resistencia al desgaste, lo que garantiza una mayor vida \u00fatil.<\/p>\n<p>Adem\u00e1s, el cuerpo del cilindro y los extremos roscados suelen someterse a un mecanizado de precisi\u00f3n para mejorar su resistencia al desgaste. Es necesario lubricar regularmente con el aceite hidr\u00e1ulico adecuado para evitar la fricci\u00f3n y el sobrecalentamiento, que pueden provocar el desgaste prematuro de los componentes del cilindro. Un programa de lubricaci\u00f3n eficaz contribuye a mantener un rendimiento \u00f3ptimo y prolongar la vida \u00fatil del cilindro de la pluma.<\/p>\n<h2>Medidas de mantenimiento preventivo<\/h2>\n<ul>\n<li><strong>Inspecciones regulares:<\/strong> Realice inspecciones peri\u00f3dicas del cilindro de la pluma para detectar signos de desgaste, fugas o da\u00f1os. Esto ayuda a identificar problemas a tiempo y a prevenir fallas catastr\u00f3ficas.<\/li>\n<li><strong>Lubricaci\u00f3n adecuada:<\/strong> Aseg\u00farese de que los niveles de aceite hidr\u00e1ulico sean adecuados y de que se aplique la lubricaci\u00f3n apropiada para reducir la fricci\u00f3n y el desgaste de los sellos y las piezas m\u00f3viles.<\/li>\n<li><strong>Reemplazo del sello:<\/strong> Revise peri\u00f3dicamente las juntas para detectar desgaste y reempl\u00e1celas seg\u00fan sea necesario para mantener la integridad hidr\u00e1ulica y evitar fugas.<\/li>\n<\/ul>\n<h2>Instrucciones de instalaci\u00f3n<\/h2>\n<p>La correcta instalaci\u00f3n del cilindro de la pluma es fundamental para el rendimiento y la seguridad. Comience por asegurarse de que el cilindro est\u00e9 correctamente alineado con los dem\u00e1s componentes de la excavadora. Utilice soportes de montaje adecuados para fijar el cilindro en su lugar, evitando tensiones en las l\u00edneas hidr\u00e1ulicas.<\/p>\n<p>Durante la instalaci\u00f3n, verifique que no haya obstrucciones que puedan afectar el rendimiento del cilindro. Aseg\u00farese de que todos los pernos est\u00e9n apretados seg\u00fan las especificaciones del fabricante y que las l\u00edneas hidr\u00e1ulicas no presenten dobleces ni curvas pronunciadas que puedan provocar fugas.<\/p>\n<p>Tras la instalaci\u00f3n, compruebe el movimiento de la pluma para asegurar su correcto funcionamiento. Durante el funcionamiento inicial, est\u00e9 atento a ruidos o movimientos inusuales, ya que podr\u00edan indicar una desalineaci\u00f3n o problemas de instalaci\u00f3n. Realice un mantenimiento peri\u00f3dico de la instalaci\u00f3n para garantizar su buen funcionamiento continuo.<\/p>\n<h2>Tareas comunes de mantenimiento<\/h2>\n<h3>Chequeos regulares<\/h3>\n<p>Las revisiones peri\u00f3dicas incluyen la inspecci\u00f3n del cilindro de la pluma para detectar cualquier da\u00f1o o desgaste visible. Busque se\u00f1ales de fugas de fluido hidr\u00e1ulico, que podr\u00edan indicar una junta o conexi\u00f3n defectuosa. La detecci\u00f3n temprana de problemas puede prevenir aver\u00edas mayores en el futuro, garantizando as\u00ed el funcionamiento eficiente del cilindro.<\/p>\n<h3>Lubricaci\u00f3n adecuada<\/h3>\n<p>Una lubricaci\u00f3n adecuada es fundamental para minimizar la fricci\u00f3n entre las piezas m\u00f3viles dentro del cilindro. Compruebe peri\u00f3dicamente el nivel de aceite hidr\u00e1ulico y rell\u00e9nelo si es necesario. Utilice los lubricantes recomendados por el fabricante para garantizar la compatibilidad y la eficacia.<\/p>\n<h3>Reemplazo de sellos y controles de calibraci\u00f3n<\/h3>\n<p>La sustituci\u00f3n de las juntas es fundamental para mantener la integridad del sistema hidr\u00e1ulico. Programe revisiones peri\u00f3dicas para evaluar el estado de las juntas y sustituirlas cuando sea necesario. Tambi\u00e9n deben realizarse comprobaciones de calibraci\u00f3n para garantizar que el cilindro funcione dentro de sus par\u00e1metros de dise\u00f1o, optimizando as\u00ed el rendimiento y la seguridad.<\/p>\n<p><img decoding=\"async\" src=\"https:\/\/www.hydraulic-cylinders.net\/wp-content\/uploads\/2025\/04\/songte-chushion-collar.webp\" alt=\"Instalaci\u00f3n de cilindros\" \/><\/p>\n<h2>Consideraciones de seguridad y factores ambientales<\/h2>\n<p>Al trabajar con sistemas hidr\u00e1ulicos, la seguridad es primordial. Garantizar que los operadores est\u00e9n capacitados en procedimientos de manejo seguro puede reducir significativamente el riesgo de accidentes. Adem\u00e1s, el uso de fluidos hidr\u00e1ulicos ecol\u00f3gicos ayuda a mitigar los impactos negativos en el medio ambiente, promoviendo la sostenibilidad en las operaciones.<\/p>\n<h2>Diagn\u00f3stico de fallas y problemas comunes<\/h2>\n<ul>\n<li><strong>Fugas de fluidos:<\/strong> Uno de los problemas m\u00e1s comunes son las fugas de fluido hidr\u00e1ulico. Esto puede deberse al desgaste de las juntas o a da\u00f1os en las conexiones. Las inspecciones peri\u00f3dicas ayudan a detectar las fugas a tiempo.<\/li>\n<li><strong>Rendimiento deficiente:<\/strong> Si la pluma no responde como se espera, podr\u00eda indicar problemas con la presi\u00f3n hidr\u00e1ulica o bloqueos en el sistema. Es fundamental comprobar los niveles de aceite hidr\u00e1ulico y el estado de los filtros.<\/li>\n<li><strong>Ruidos inusuales:<\/strong> Cualquier ruido extra\u00f1o durante el funcionamiento puede indicar problemas mec\u00e1nicos. Investigar los ruidos inusuales de inmediato puede prevenir da\u00f1os mayores al cilindro.<\/li>\n<\/ul>\n<h2>Consejos para la soluci\u00f3n de problemas<\/h2>\n<p>Para diagnosticar y resolver problemas de forma eficaz, comience con una inspecci\u00f3n minuciosa del cilindro y los componentes circundantes. Compruebe los niveles de l\u00edquido hidr\u00e1ulico y busque fugas. Si se producen problemas de rendimiento, eval\u00fae el sistema hidr\u00e1ulico para detectar obstrucciones o p\u00e9rdidas de presi\u00f3n.<\/p>\n<p>Adoptar medidas preventivas, como el mantenimiento y la monitorizaci\u00f3n regulares, puede minimizar los posibles problemas. Controlar los indicadores operativos y configurar alertas para las tareas de mantenimiento mejorar\u00e1 la vida \u00fatil y la fiabilidad del cilindro de la pluma.<\/p>\n<p><img decoding=\"async\" src=\"https:\/\/www.hydraulic-cylinders.net\/wp-content\/uploads\/2025\/04\/songte-bushings-with-all-kinds-of-excavator-models.webp\" alt=\"Bujes de excavadora\" \/><\/p>\n<h2>Acerca de nuestra empresa<\/h2>\n<p>Somos fabricantes y mayoristas l\u00edderes de cilindros hidr\u00e1ulicos de repuesto, y ofrecemos una amplia gama de productos tanto en el mercado nacional como en el internacional. Nuestro compromiso con la calidad excepcional se sustenta en un proceso de fabricaci\u00f3n optimizado y s\u00f3lidas estrategias de gesti\u00f3n de la producci\u00f3n. Mejoramos continuamente nuestras capacidades de fabricaci\u00f3n mediante personal altamente cualificado, equipos de fabricaci\u00f3n digital de \u00faltima generaci\u00f3n y sistemas de pruebas profesionales.<\/p>\n<p>Nuestro enfoque en la precisi\u00f3n y la calidad nos permite satisfacer con eficiencia las diversas necesidades de nuestros clientes. Ofrecemos certificaciones internacionales, servicios personalizados y una amplia gama de productos adaptados a distintas aplicaciones. Nuestro s\u00f3lido servicio posventa garantiza que los clientes reciban asistencia continua y est\u00e9n completamente satisfechos con sus compras.<\/p>\n<p><img decoding=\"async\" src=\"https:\/\/www.hydraulic-cylinders.net\/wp-content\/uploads\/2025\/04\/songte-company-4.webp\" alt=\"Descripci\u00f3n general de la empresa\" \/><br \/>\n<img decoding=\"async\" src=\"https:\/\/www.hydraulic-cylinders.net\/wp-content\/uploads\/2025\/04\/songte-company-3.webp\" alt=\"Planta de fabricaci\u00f3n\" \/><\/p>\n<p>Autor: lyl<\/p>","protected":false},"excerpt":{"rendered":"<p>Boom Cylinder For Zoomlion Small Excavator ZE85E Understanding the Boom Cylinder Definition and Overview The Boom Cylinder is a critical hydraulic component designed specifically for controlling the movement of the boom in heavy machinery, particularly in excavators like the Zoomlion Small Excavator ZE85E. This hydraulic cylinder enables the boom to raise, lower, and tilt, facilitating [&hellip;]<\/p>","protected":false},"featured_media":17868,"comment_status":"open","ping_status":"closed","template":"","meta":{"_et_pb_use_builder":"","_et_pb_old_content":"","_et_gb_content_width":""},"product_brand":[],"product_cat":[1546],"product_tag":[1547,1496],"class_list":{"0":"post-19212","1":"product","2":"type-product","3":"status-publish","4":"has-post-thumbnail","6":"product_cat-boom-cylinders","7":"product_tag-boom-cylinders","8":"product_tag-hydraulic-cylinders","10":"first","11":"instock","12":"shipping-taxable","13":"product-type-simple"},"amp_enabled":true,"_links":{"self":[{"href":"https:\/\/www.hydraulic-cylinders.net\/es\/wp-json\/wp\/v2\/product\/19212","targetHints":{"allow":["GET"]}}],"collection":[{"href":"https:\/\/www.hydraulic-cylinders.net\/es\/wp-json\/wp\/v2\/product"}],"about":[{"href":"https:\/\/www.hydraulic-cylinders.net\/es\/wp-json\/wp\/v2\/types\/product"}],"replies":[{"embeddable":true,"href":"https:\/\/www.hydraulic-cylinders.net\/es\/wp-json\/wp\/v2\/comments?post=19212"}],"wp:featuredmedia":[{"embeddable":true,"href":"https:\/\/www.hydraulic-cylinders.net\/es\/wp-json\/wp\/v2\/media\/17868"}],"wp:attachment":[{"href":"https:\/\/www.hydraulic-cylinders.net\/es\/wp-json\/wp\/v2\/media?parent=19212"}],"wp:term":[{"taxonomy":"product_brand","embeddable":true,"href":"https:\/\/www.hydraulic-cylinders.net\/es\/wp-json\/wp\/v2\/product_brand?post=19212"},{"taxonomy":"product_cat","embeddable":true,"href":"https:\/\/www.hydraulic-cylinders.net\/es\/wp-json\/wp\/v2\/product_cat?post=19212"},{"taxonomy":"product_tag","embeddable":true,"href":"https:\/\/www.hydraulic-cylinders.net\/es\/wp-json\/wp\/v2\/product_tag?post=19212"}],"curies":[{"name":"wp","href":"https:\/\/api.w.org\/{rel}","templated":true}]}}